{"id":254141,"date":"2023-11-24T09:41:03","date_gmt":"2023-11-24T08:41:03","guid":{"rendered":"https:\/\/oxysphair.poush-dev.be\/a-propos\/"},"modified":"2024-08-01T14:00:09","modified_gmt":"2024-08-01T12:00:09","slug":"uebrigens","status":"publish","type":"page","link":"https:\/\/www.oxysphair.be\/de\/uebrigens\/","title":{"rendered":"\u00dcbrigens"},"content":{"rendered":"<p>[et_pb_section fb_built=&#8220;1&#8243; _builder_version=&#8220;4.23.1&#8243; _module_preset=&#8220;1cab9b39-dc53-49fe-a240-9d043a9fba1b&#8220; global_colors_info=&#8220;{%22gcid-6765a8f9-be90-4ab4-9fed-0cfcb9d46015%22:%91%22background_color%22%93}&#8220;][et_pb_row use_custom_gutter=&#8220;on&#8220; gutter_width=&#8220;1&#8243; make_equal=&#8220;on&#8220; custom_padding_last_edited=&#8220;on|tablet&#8220; _builder_version=&#8220;4.23.1&#8243; _module_preset=&#8220;default&#8220; width=&#8220;100%&#8220; max_width=&#8220;100%&#8220; min_height=&#8220;300px&#8220; custom_padding=&#8220;50px|50px|50px|50px|true|true&#8220; custom_padding_tablet=&#8220;|20px||20px|true|true&#8220; custom_padding_phone=&#8220;|20px||20px|true|true&#8220; custom_css_main_element=&#8220;align-items: center;&#8220; global_colors_info=&#8220;{}&#8220;][et_pb_column type=&#8220;4_4&#8243; _builder_version=&#8220;4.18.0&#8243; _module_preset=&#8220;default&#8220; global_colors_info=&#8220;{}&#8220;][et_pb_text admin_label=&#8220;Text&#8220; _builder_version=&#8220;4.25.0&#8243; _module_preset=&#8220;5298e62e-f7ac-4dd9-b361-006fc4da68de&#8220; text_font_size=&#8220;25px&#8220; text_line_height=&#8220;1.6em&#8220; background_layout=&#8220;dark&#8220; max_width=&#8220;550px&#8220; animation_style=&#8220;fade&#8220; animation_duration=&#8220;600ms&#8220; global_colors_info=&#8220;{}&#8220;]<\/p>\n<h1>\u00dcber<strong>Oxysphair<\/strong><\/h1>\n<p>[\/et_pb_text][\/et_pb_column][\/et_pb_row][\/et_pb_section][et_pb_section fb_built=&#8220;1&#8243; module_id=&#8220;produits&#8220; _builder_version=&#8220;4.23.1&#8243; _module_preset=&#8220;default&#8220; custom_padding=&#8220;||100px||false|false&#8220; global_colors_info=&#8220;{}&#8220;][et_pb_row column_structure=&#8220;1_2,1_2&#8243; use_custom_gutter=&#8220;on&#8220; make_equal=&#8220;on&#8220; _builder_version=&#8220;4.23.1&#8243; _module_preset=&#8220;default&#8220; custom_margin=&#8220;4px|auto||auto|false|false&#8220; custom_padding=&#8220;||0px||false|false&#8220; custom_css_main_element=&#8220;align-items: center;&#8220; global_colors_info=&#8220;{}&#8220;][et_pb_column type=&#8220;1_2&#8243; _builder_version=&#8220;4.19.4&#8243; _module_preset=&#8220;default&#8220; global_colors_info=&#8220;{}&#8220;][et_pb_image src=&#8220;https:\/\/www.oxysphair.be\/wp-content\/uploads\/2023\/11\/oxysphair-illu-01.png&#8220; title_text=&#8220;oxysphair-illu-01&#8243; _builder_version=&#8220;4.23.1&#8243; _module_preset=&#8220;f9854513-56ee-4987-9c7a-3cf8f12902a6&#8243; global_colors_info=&#8220;{}&#8220;][\/et_pb_image][\/et_pb_column][et_pb_column type=&#8220;1_2&#8243; _builder_version=&#8220;4.19.4&#8243; _module_preset=&#8220;default&#8220; global_colors_info=&#8220;{}&#8220;][et_pb_text module_class=&#8220;custom-h2&#8243; _builder_version=&#8220;4.25.0&#8243; _module_preset=&#8220;5298e62e-f7ac-4dd9-b361-006fc4da68de&#8220; header_text_color=&#8220;#000000&#8243; custom_margin=&#8220;||35px||false|false&#8220; global_colors_info=&#8220;{}&#8220;]<\/p>\n<h2>Wer sind wir?<\/h2>\n<p>Oxysphair ist eine Gruppe von <strong>Fachleuten, die sich auf Sauerstofftherapie<\/strong> und die <strong>Behandlung von Schlafst\u00f6rungen<\/strong> <strong>spezialisiert<\/strong> haben. Unsere qualifizierten Spezialisten bieten Ihnen <strong>qualitativ hochwertige medizinische Ger\u00e4te<\/strong>, die Ihnen endlich den <strong>erholsamen Schlaf<\/strong> bringen, den <strong>Sie verdienen<\/strong>. Denn Oxysphair vereint <strong>medizinisches Wissen <\/strong>und<strong> technische Ingenieurskunst <\/strong>, um jedem Patienten effektiv zu helfen.<\/p>\n<p>Wir sind <strong>in ganz Belgien<\/strong> t\u00e4tig und handeln seri\u00f6s, um <strong>L\u00f6sungen direkt zum Patienten<\/strong> <strong>zu<\/strong> bringen. Wir wissen aber auch, dass Schlafst\u00f6rungen keine Grenzen kennen. Deshalb<strong> liefern<\/strong> wir auch in<strong> ganz Europa<\/strong>.<\/p>\n<p>[\/et_pb_text][et_pb_button button_url=&#8220;@ET-DC@eyJkeW5hbWljIjp0cnVlLCJjb250ZW50IjoicG9zdF9saW5rX3VybF9wYWdlIiwic2V0dGluZ3MiOnsicG9zdF9pZCI6IjU2NSJ9fQ==@&#8220; button_text=&#8220;Finden Sie das richtige Material f\u00fcr Ihre Schlafst\u00f6rungen&#8220; _builder_version=&#8220;4.25.0&#8243; _dynamic_attributes=&#8220;button_url&#8220; _module_preset=&#8220;default&#8220; global_colors_info=&#8220;{}&#8220;][\/et_pb_button][\/et_pb_column][\/et_pb_row][\/et_pb_section][et_pb_section fb_built=&#8220;1&#8243; _builder_version=&#8220;4.23.1&#8243; _module_preset=&#8220;d018098a-24fd-4128-b24d-59ff73ee15ef&#8220; global_colors_info=&#8220;{%22gcid-3e83d474-54d5-423a-b010-ba3593c69cf4%22:%91%22background_color%22%93}&#8220;][et_pb_row use_custom_gutter=&#8220;on&#8220; make_equal=&#8220;on&#8220; _builder_version=&#8220;4.23.1&#8243; _module_preset=&#8220;default&#8220; custom_margin=&#8220;4px|auto||auto|false|false&#8220; custom_padding=&#8220;||0px||false|false&#8220; custom_css_main_element=&#8220;align-items: center;&#8220; global_colors_info=&#8220;{}&#8220;][et_pb_column type=&#8220;4_4&#8243; _builder_version=&#8220;4.19.4&#8243; _module_preset=&#8220;default&#8220; global_colors_info=&#8220;{}&#8220;][et_pb_text module_class=&#8220;custom-h2&#8243; _builder_version=&#8220;4.25.0&#8243; _module_preset=&#8220;5298e62e-f7ac-4dd9-b361-006fc4da68de&#8220; header_text_color=&#8220;#000000&#8243; text_orientation=&#8220;center&#8220; custom_margin=&#8220;||23px||false|false&#8220; global_colors_info=&#8220;{}&#8220;]<\/p>\n<h2>Ihre Gesundheit, unsere Mission<\/h2>\n<p>Bei Oxysphair sind Ihre Ziele unsere Ziele. Im Alltag erf\u00fcllen wir vier Aufgaben:<\/p>\n<p>[\/et_pb_text][\/et_pb_column][\/et_pb_row][et_pb_row column_structure=&#8220;1_4,1_4,1_4,1_4&#8243; _builder_version=&#8220;4.23.1&#8243; _module_preset=&#8220;default&#8220; global_colors_info=&#8220;{}&#8220;][et_pb_column type=&#8220;1_4&#8243; _builder_version=&#8220;4.23.1&#8243; _module_preset=&#8220;default&#8220; global_colors_info=&#8220;{}&#8220;][et_pb_image src=&#8220;https:\/\/www.oxysphair.be\/wp-content\/uploads\/2023\/12\/icone-sommeil.svg&#8220; title_text=&#8220;icone-sommeil&#8220; align=&#8220;center&#8220; _builder_version=&#8220;4.23.1&#8243; _module_preset=&#8220;default&#8220; width=&#8220;80px&#8220; max_width=&#8220;80px&#8220; animation_style=&#8220;fade&#8220; global_colors_info=&#8220;{}&#8220;][\/et_pb_image][et_pb_text _builder_version=&#8220;4.25.0&#8243; _module_preset=&#8220;default&#8220; text_orientation=&#8220;center&#8220; custom_margin=&#8220;||35px||false|false&#8220; global_colors_info=&#8220;{}&#8220;]<\/p>\n<p>Ihnen helfen, <strong>wieder einen erholsamen<\/strong> und qualitativ hochwertigen <strong>Schlaf zu finden<\/strong>.<\/p>\n<p>[\/et_pb_text][\/et_pb_column][et_pb_column type=&#8220;1_4&#8243; _builder_version=&#8220;4.23.1&#8243; _module_preset=&#8220;default&#8220; global_colors_info=&#8220;{}&#8220;][et_pb_image src=&#8220;https:\/\/www.oxysphair.be\/wp-content\/uploads\/2023\/12\/icone-service.svg&#8220; title_text=&#8220;icone-service&#8220; align=&#8220;center&#8220; _builder_version=&#8220;4.23.1&#8243; _module_preset=&#8220;default&#8220; width=&#8220;80px&#8220; max_width=&#8220;80px&#8220; animation_style=&#8220;fade&#8220; global_colors_info=&#8220;{}&#8220;][\/et_pb_image][et_pb_text _builder_version=&#8220;4.25.0&#8243; _module_preset=&#8220;default&#8220; text_orientation=&#8220;center&#8220; custom_margin=&#8220;||35px||false|false&#8220; global_colors_info=&#8220;{}&#8220;]<\/p>\n<p>Einen <strong>wohlwollenden und strengen Service<\/strong> anbieten, um Ihre Bed\u00fcrfnisse perfekt zu erf\u00fcllen.<\/p>\n<p>[\/et_pb_text][\/et_pb_column][et_pb_column type=&#8220;1_4&#8243; _builder_version=&#8220;4.23.1&#8243; _module_preset=&#8220;default&#8220; global_colors_info=&#8220;{}&#8220;][et_pb_image src=&#8220;https:\/\/www.oxysphair.be\/wp-content\/uploads\/2023\/11\/8.svg&#8220; title_text=&#8220;8&#8243; align=&#8220;center&#8220; _builder_version=&#8220;4.23.1&#8243; _module_preset=&#8220;default&#8220; width=&#8220;80px&#8220; max_width=&#8220;80px&#8220; animation_style=&#8220;fade&#8220; global_colors_info=&#8220;{}&#8220;][\/et_pb_image][et_pb_text _builder_version=&#8220;4.25.0&#8243; _module_preset=&#8220;default&#8220; text_orientation=&#8220;center&#8220; custom_margin=&#8220;||35px||false|false&#8220; global_colors_info=&#8220;{}&#8220;]<\/p>\n<p>Bereitstellung von <strong>Material <\/strong>, das f\u00fcr M\u00e4nner, Frauen und Kinder jeden Alters <strong>geeignet <\/strong>ist.<\/p>\n<p>[\/et_pb_text][\/et_pb_column][et_pb_column type=&#8220;1_4&#8243; _builder_version=&#8220;4.23.1&#8243; _module_preset=&#8220;default&#8220; global_colors_info=&#8220;{}&#8220;][et_pb_image src=&#8220;https:\/\/www.oxysphair.be\/wp-content\/uploads\/2023\/11\/9.svg&#8220; title_text=&#8220;9&#8243; align=&#8220;center&#8220; _builder_version=&#8220;4.23.1&#8243; _module_preset=&#8220;default&#8220; width=&#8220;80px&#8220; max_width=&#8220;80px&#8220; animation_style=&#8220;fade&#8220; global_colors_info=&#8220;{}&#8220;][\/et_pb_image][et_pb_text _builder_version=&#8220;4.25.0&#8243; _module_preset=&#8220;default&#8220; text_orientation=&#8220;center&#8220; custom_margin=&#8220;||35px||false|false&#8220; global_colors_info=&#8220;{}&#8220;]<\/p>\n<p><strong>Verf\u00fcgbar<\/strong> bleiben <strong>und Ihnen zuh\u00f6ren<\/strong>, um die L\u00f6sung an Ihre Probleme anzupassen.<\/p>\n<p>[\/et_pb_text][\/et_pb_column][\/et_pb_row][\/et_pb_section][et_pb_section fb_built=&#8220;1&#8243; _builder_version=&#8220;4.23.1&#8243; _module_preset=&#8220;_initial&#8220; custom_padding=&#8220;||0px||false|false&#8220; global_colors_info=&#8220;{}&#8220;][et_pb_row _builder_version=&#8220;4.23.1&#8243; _module_preset=&#8220;default&#8220; global_colors_info=&#8220;{}&#8220;][et_pb_column type=&#8220;4_4&#8243; _builder_version=&#8220;4.23.1&#8243; _module_preset=&#8220;default&#8220; global_colors_info=&#8220;{}&#8220;][et_pb_text module_class=&#8220;custom-h2&#8243; _builder_version=&#8220;4.25.0&#8243; _module_preset=&#8220;5298e62e-f7ac-4dd9-b361-006fc4da68de&#8220; header_text_color=&#8220;#000000&#8243; custom_margin=&#8220;||23px||false|false&#8220; global_colors_info=&#8220;{}&#8220;]<\/p>\n<h2>Unsere <strong>Werte<\/strong> im Alltag<\/h2>\n<p>[\/et_pb_text][\/et_pb_column][\/et_pb_row][et_pb_row column_structure=&#8220;1_2,1_2&#8243; use_custom_gutter=&#8220;on&#8220; make_equal=&#8220;on&#8220; _builder_version=&#8220;4.23.1&#8243; _module_preset=&#8220;default&#8220; custom_margin=&#8220;4px|auto||auto|false|false&#8220; custom_padding=&#8220;||0px||false|false&#8220; global_colors_info=&#8220;{}&#8220;][et_pb_column type=&#8220;1_2&#8243; _builder_version=&#8220;4.19.4&#8243; _module_preset=&#8220;default&#8220; global_colors_info=&#8220;{}&#8220;][et_pb_blurb title=&#8220;Qualit\u00e4tsmerkmale&#8220; use_icon=&#8220;on&#8220; font_icon=&#8220;&#xf3a5;||fa||900&#8243; _builder_version=&#8220;4.25.0&#8243; _module_preset=&#8220;c6582d99-8d91-4416-a43e-b35a67298b81&#8243; global_colors_info=&#8220;{}&#8220;]<\/p>\n<p>Wir wissen, dass ein bestimmtes Gesundheitsproblem <strong>hochentwickelte und geeignete medizinische Ger\u00e4te<\/strong> erfordert. Daher setzen wir bei Oxysphair ganz auf die Qualit\u00e4t unserer <strong>medizinisch zugelassenen Ger\u00e4te<\/strong>. Aus diesem Grund haben wir es mit sorgf\u00e4ltig ausgew\u00e4hlten, <strong>international renommierten Marken<\/strong> zu tun.<\/p>\n<p>[\/et_pb_blurb][et_pb_blurb title=&#8220;Medizinisch-technische Expertise&#8220; use_icon=&#8220;on&#8220; font_icon=&#8220;&#xf0f0;||fa||900&#8243; _builder_version=&#8220;4.25.0&#8243; _module_preset=&#8220;c6582d99-8d91-4416-a43e-b35a67298b81&#8243; global_colors_info=&#8220;{}&#8220;]<\/p>\n<p>Wir bei Oxysphair st\u00fctzen uns auf unsere <strong>langj\u00e4hrige Erfahrung<\/strong> und bieten Ihnen <strong>innovative L\u00f6sungen<\/strong>, die Ihre Probleme l\u00f6sen werden. Unsere Fachleute f\u00fcr Schlafst\u00f6rungen halten sich <strong>st\u00e4ndig \u00fcber die medizinischen Entwicklungen <\/strong>im Bereich der Ger\u00e4te auf dem <strong>Laufenden <\/strong>. So stellen sie sicher, dass sie <strong>professionell und effizient<\/strong> auf Ihre Anfragen reagieren, um <strong>Ihre Zufriedenheit zu gew\u00e4hrleisten<\/strong>.<\/p>\n<p>[\/et_pb_blurb][\/et_pb_column][et_pb_column type=&#8220;1_2&#8243; _builder_version=&#8220;4.19.4&#8243; _module_preset=&#8220;default&#8220; global_colors_info=&#8220;{}&#8220;][et_pb_blurb title=&#8220;Zuh\u00f6ren und Transparenz&#8220; use_icon=&#8220;on&#8220; font_icon=&#8220;&#xf2a2;||fa||900&#8243; _builder_version=&#8220;4.25.0&#8243; _module_preset=&#8220;c6582d99-8d91-4416-a43e-b35a67298b81&#8243; global_colors_info=&#8220;{}&#8220;]<\/p>\n<p>Oxysphair h\u00f6rt Ihnen zu, um das richtige Produkt f\u00fcr Sie zu finden. Wir glauben, dass <strong>Wohlwollen<\/strong> der <strong>Schl\u00fcssel zum<\/strong> <strong>Wohlbefinden <\/strong>eines Patienten ist. Oxysphair ist sich daher bewusst, dass jeder Patient einzigartig ist und ein <strong>offenes Ohr <\/strong>braucht, um das richtige Ger\u00e4t f\u00fcr sein Problem zu finden.<\/p>\n<p>[\/et_pb_blurb][et_pb_blurb title=&#8220;Rigorosit\u00e4t&#8220; use_icon=&#8220;on&#8220; font_icon=&#8220;&#xf56b;||fa||900&#8243; _builder_version=&#8220;4.25.0&#8243; _module_preset=&#8220;c6582d99-8d91-4416-a43e-b35a67298b81&#8243; global_colors_info=&#8220;{}&#8220;]<\/p>\n<p>Wir bei Oxysphair sind davon \u00fcberzeugt, dass jedes Gesundheitsproblem es verdient, <strong>ernsthaft behandelt<\/strong> zu werden. Deshalb sind wir <strong>rund um die Uhr <\/strong>im Einsatz, um eine deutliche <strong>Verbesserung Ihrer Schlafqualit\u00e4t<\/strong> zu gew\u00e4hrleisten. Wir sorgen f\u00fcr eine <strong>schnelle und sorgf\u00e4ltige Lieferung<\/strong> Ihrer Produkte <strong>in ganz Europa<\/strong>.<\/p>\n<p>[\/et_pb_blurb][\/et_pb_column][\/et_pb_row][et_pb_row _builder_version=&#8220;4.23.1&#8243; _module_preset=&#8220;default&#8220; global_colors_info=&#8220;{}&#8220;][et_pb_column type=&#8220;4_4&#8243; _builder_version=&#8220;4.23.1&#8243; _module_preset=&#8220;default&#8220; global_colors_info=&#8220;{}&#8220;][et_pb_image src=&#8220;https:\/\/www.oxysphair.be\/wp-content\/uploads\/2023\/11\/oxysphair-illu-15.png&#8220; title_text=&#8220;oxysphair-illu-15&#8243; _builder_version=&#8220;4.23.1&#8243; _module_preset=&#8220;f9854513-56ee-4987-9c7a-3cf8f12902a6&#8243; global_colors_info=&#8220;{}&#8220;][\/et_pb_image][\/et_pb_column][\/et_pb_row][\/et_pb_section][et_pb_section fb_built=&#8220;1&#8243; _builder_version=&#8220;4.23.1&#8243; _module_preset=&#8220;default&#8220; custom_padding=&#8220;||80px||false|false&#8220; global_colors_info=&#8220;{}&#8220;][et_pb_row _builder_version=&#8220;4.23.1&#8243; _module_preset=&#8220;default&#8220; background_color=&#8220;gcid-3e83d474-54d5-423a-b010-ba3593c69cf4&#8243; use_background_color_gradient=&#8220;on&#8220; background_color_gradient_direction=&#8220;135deg&#8220; background_color_gradient_stops=&#8220;gcid-3e83d474-54d5-423a-b010-ba3593c69cf4 0%|#ffffff 100%&#8220; custom_padding=&#8220;60px|30px|60px|30px|true|true&#8220; scroll_scaling_enable=&#8220;on&#8220; border_radii=&#8220;on|30px|30px|30px|30px&#8220; box_shadow_style=&#8220;preset1&#8243; box_shadow_horizontal=&#8220;10px&#8220; box_shadow_vertical=&#8220;10px&#8220; box_shadow_blur=&#8220;30px&#8220; box_shadow_color=&#8220;gcid-64228a36-de82-40c1-96d9-c025768c5228&#8243; global_colors_info=&#8220;{%22gcid-3e83d474-54d5-423a-b010-ba3593c69cf4%22:%91%22background_color%22,%22background_color_gradient_stops%22%93,%22gcid-64228a36-de82-40c1-96d9-c025768c5228%22:%91%22box_shadow_color%22%93}&#8220;][et_pb_column type=&#8220;4_4&#8243; _builder_version=&#8220;4.19.4&#8243; _module_preset=&#8220;default&#8220; global_colors_info=&#8220;{}&#8220;][et_pb_text module_class=&#8220;custom-h2&#8243; _builder_version=&#8220;4.25.0&#8243; _module_preset=&#8220;5298e62e-f7ac-4dd9-b361-006fc4da68de&#8220; header_text_color=&#8220;#000000&#8243; text_orientation=&#8220;center&#8220; custom_margin=&#8220;||50px||false|false&#8220; global_colors_info=&#8220;{}&#8220;]<\/p>\n<h2>Ben\u00f6tigen Sie weitere Informationen?<\/h2>\n<p><strong>Haben Sie Fragen zu unseren Produkten oder Dienstleistungen?<\/strong><\/p>\n<p>Wir sind gerne bereit, Ihre Anfragen so schnell wie m\u00f6glich zu beantworten.<\/p>\n<p>[\/et_pb_text][et_pb_button button_url=&#8220;@ET-DC@eyJkeW5hbWljIjp0cnVlLCJjb250ZW50IjoicG9zdF9saW5rX3VybF9wYWdlIiwic2V0dGluZ3MiOnsicG9zdF9pZCI6IjgwIn19@&#8220; button_text=&#8220;Kontaktieren Sie uns&#8220; button_alignment=&#8220;center&#8220; _builder_version=&#8220;4.25.0&#8243; _dynamic_attributes=&#8220;button_url&#8220; _module_preset=&#8220;default&#8220; global_colors_info=&#8220;{}&#8220;][\/et_pb_button][\/et_pb_column][\/et_pb_row][\/et_pb_section]<\/p>\n","protected":false},"excerpt":{"rendered":"<p>\u00dcberOxysphairWer sind wir? Oxysphair ist eine Gruppe von Fachleuten, die sich auf Sauerstofftherapie und die Behandlung von Schlafst\u00f6rungen spezialisiert haben. Unsere qualifizierten Spezialisten bieten Ihnen qualitativ hochwertige medizinische Ger\u00e4te, die Ihnen endlich den erholsamen Schlaf bringen, den Sie verdienen. Denn Oxysphair vereint medizinisches Wissen und technische Ingenieurskunst , um jedem Patienten effektiv zu helfen. Wir sind in ganz Belgien t\u00e4tig und handeln seri\u00f6s, um L\u00f6sungen direkt zum Patienten zu bringen. Wir wissen aber auch, dass Schlafst\u00f6rungen keine Grenzen kennen. Deshalb liefern wir auch in ganz Europa.Ihre Gesundheit, unsere Mission Bei Oxysphair sind Ihre Ziele unsere Ziele. Im Alltag erf\u00fcllen wir vier Aufgaben:Ihnen helfen, wieder einen erholsamen und qualitativ hochwertigen Schlaf zu finden.Einen wohlwollenden und strengen Service anbieten, um Ihre Bed\u00fcrfnisse perfekt zu erf\u00fcllen.Bereitstellung von Material , das f\u00fcr M\u00e4nner, Frauen und Kinder jeden Alters geeignet ist.Verf\u00fcgbar bleiben und Ihnen zuh\u00f6ren, um die L\u00f6sung an Ihre Probleme anzupassen.Unsere Werte im AlltagWir wissen, dass ein bestimmtes Gesundheitsproblem hochentwickelte und geeignete medizinische Ger\u00e4te erfordert. Daher setzen wir bei Oxysphair ganz auf die Qualit\u00e4t unserer medizinisch zugelassenen Ger\u00e4te. Aus diesem Grund haben wir es mit sorgf\u00e4ltig ausgew\u00e4hlten, international renommierten Marken zu tun.Wir bei Oxysphair st\u00fctzen uns auf unsere langj\u00e4hrige Erfahrung und bieten Ihnen innovative [&hellip;]<\/p>\n","protected":false},"author":1,"featured_media":0,"parent":0,"menu_order":20,"comment_status":"closed","ping_status":"closed","template":"","meta":{"_et_pb_use_builder":"on","_et_pb_old_content":"","_et_gb_content_width":"","inline_featured_image":false,"footnotes":""},"class_list":["post-254141","page","type-page","status-publish","hentry"],"acf":[],"yoast_head":"<!-- This site is optimized with the Yoast SEO plugin v27.6 - https:\/\/yoast.com\/product\/yoast-seo-wordpress\/ -->\n<title>Ihre Ausr\u00fcstung f\u00fcr die Behandlung von Schlafst\u00f6rungen und Sauerstofftherap<\/title>\n<meta name=\"description\" content=\"Oxysphair spezialist f\u00fcr Schlafapnoe und Sauerstofftherapie. Qualitativ hochwertige medizinische Ger\u00e4te in Belgien und Europa. Lieferung innerhalb von 24 Stunden.\" \/>\n<meta name=\"robots\" content=\"index, follow, max-snippet:-1, max-image-preview:large, max-video-preview:-1\" \/>\n<link rel=\"canonical\" href=\"https:\/\/www.oxysphair.be\/de\/uebrigens\/\" \/>\n<meta property=\"og:locale\" content=\"de_DE\" \/>\n<meta property=\"og:type\" content=\"article\" \/>\n<meta property=\"og:title\" content=\"Ihre Ausr\u00fcstung f\u00fcr die Behandlung von Schlafst\u00f6rungen und Sauerstofftherap\" \/>\n<meta property=\"og:description\" content=\"Oxysphair spezialist f\u00fcr Schlafapnoe und Sauerstofftherapie. Qualitativ hochwertige medizinische Ger\u00e4te in Belgien und Europa. Lieferung innerhalb von 24 Stunden.\" \/>\n<meta property=\"og:url\" content=\"https:\/\/www.oxysphair.be\/de\/uebrigens\/\" \/>\n<meta property=\"og:site_name\" content=\"Oxysphair\" \/>\n<meta property=\"article:modified_time\" content=\"2024-08-01T12:00:09+00:00\" \/>\n<meta name=\"twitter:card\" content=\"summary_large_image\" \/>\n<meta name=\"twitter:label1\" content=\"Gesch\u00e4tzte Lesezeit\" \/>\n\t<meta name=\"twitter:data1\" content=\"4\u00a0Minuten\" \/>\n<script type=\"application\/ld+json\" class=\"yoast-schema-graph\">{\"@context\":\"https:\\\/\\\/schema.org\",\"@graph\":[{\"@type\":\"WebPage\",\"@id\":\"https:\\\/\\\/www.oxysphair.be\\\/de\\\/uebrigens\\\/\",\"url\":\"https:\\\/\\\/www.oxysphair.be\\\/de\\\/uebrigens\\\/\",\"name\":\"Ihre Ausr\u00fcstung f\u00fcr die Behandlung von Schlafst\u00f6rungen und Sauerstofftherap\",\"isPartOf\":{\"@id\":\"https:\\\/\\\/www.oxysphair.be\\\/de\\\/#website\"},\"datePublished\":\"2023-11-24T08:41:03+00:00\",\"dateModified\":\"2024-08-01T12:00:09+00:00\",\"description\":\"Oxysphair spezialist f\u00fcr Schlafapnoe und Sauerstofftherapie. Qualitativ hochwertige medizinische Ger\u00e4te in Belgien und Europa. Lieferung innerhalb von 24 Stunden.\",\"breadcrumb\":{\"@id\":\"https:\\\/\\\/www.oxysphair.be\\\/de\\\/uebrigens\\\/#breadcrumb\"},\"inLanguage\":\"de\",\"potentialAction\":[{\"@type\":\"ReadAction\",\"target\":[\"https:\\\/\\\/www.oxysphair.be\\\/de\\\/uebrigens\\\/\"]}]},{\"@type\":\"BreadcrumbList\",\"@id\":\"https:\\\/\\\/www.oxysphair.be\\\/de\\\/uebrigens\\\/#breadcrumb\",\"itemListElement\":[{\"@type\":\"ListItem\",\"position\":1,\"name\":\"Accueil\",\"item\":\"https:\\\/\\\/www.oxysphair.be\\\/de\\\/\"},{\"@type\":\"ListItem\",\"position\":2,\"name\":\"\u00dcbrigens\"}]},{\"@type\":\"WebSite\",\"@id\":\"https:\\\/\\\/www.oxysphair.be\\\/de\\\/#website\",\"url\":\"https:\\\/\\\/www.oxysphair.be\\\/de\\\/\",\"name\":\"Oxysphair\",\"description\":\"\",\"potentialAction\":[{\"@type\":\"SearchAction\",\"target\":{\"@type\":\"EntryPoint\",\"urlTemplate\":\"https:\\\/\\\/www.oxysphair.be\\\/de\\\/?s={search_term_string}\"},\"query-input\":{\"@type\":\"PropertyValueSpecification\",\"valueRequired\":true,\"valueName\":\"search_term_string\"}}],\"inLanguage\":\"de\"}]}<\/script>\n<!-- \/ Yoast SEO plugin. -->","yoast_head_json":{"title":"Ihre Ausr\u00fcstung f\u00fcr die Behandlung von Schlafst\u00f6rungen und Sauerstofftherap","description":"Oxysphair spezialist f\u00fcr Schlafapnoe und Sauerstofftherapie. Qualitativ hochwertige medizinische Ger\u00e4te in Belgien und Europa. Lieferung innerhalb von 24 Stunden.","robots":{"index":"index","follow":"follow","max-snippet":"max-snippet:-1","max-image-preview":"max-image-preview:large","max-video-preview":"max-video-preview:-1"},"canonical":"https:\/\/www.oxysphair.be\/de\/uebrigens\/","og_locale":"de_DE","og_type":"article","og_title":"Ihre Ausr\u00fcstung f\u00fcr die Behandlung von Schlafst\u00f6rungen und Sauerstofftherap","og_description":"Oxysphair spezialist f\u00fcr Schlafapnoe und Sauerstofftherapie. Qualitativ hochwertige medizinische Ger\u00e4te in Belgien und Europa. Lieferung innerhalb von 24 Stunden.","og_url":"https:\/\/www.oxysphair.be\/de\/uebrigens\/","og_site_name":"Oxysphair","article_modified_time":"2024-08-01T12:00:09+00:00","twitter_card":"summary_large_image","twitter_misc":{"Gesch\u00e4tzte Lesezeit":"4\u00a0Minuten"},"schema":{"@context":"https:\/\/schema.org","@graph":[{"@type":"WebPage","@id":"https:\/\/www.oxysphair.be\/de\/uebrigens\/","url":"https:\/\/www.oxysphair.be\/de\/uebrigens\/","name":"Ihre Ausr\u00fcstung f\u00fcr die Behandlung von Schlafst\u00f6rungen und Sauerstofftherap","isPartOf":{"@id":"https:\/\/www.oxysphair.be\/de\/#website"},"datePublished":"2023-11-24T08:41:03+00:00","dateModified":"2024-08-01T12:00:09+00:00","description":"Oxysphair spezialist f\u00fcr Schlafapnoe und Sauerstofftherapie. Qualitativ hochwertige medizinische Ger\u00e4te in Belgien und Europa. Lieferung innerhalb von 24 Stunden.","breadcrumb":{"@id":"https:\/\/www.oxysphair.be\/de\/uebrigens\/#breadcrumb"},"inLanguage":"de","potentialAction":[{"@type":"ReadAction","target":["https:\/\/www.oxysphair.be\/de\/uebrigens\/"]}]},{"@type":"BreadcrumbList","@id":"https:\/\/www.oxysphair.be\/de\/uebrigens\/#breadcrumb","itemListElement":[{"@type":"ListItem","position":1,"name":"Accueil","item":"https:\/\/www.oxysphair.be\/de\/"},{"@type":"ListItem","position":2,"name":"\u00dcbrigens"}]},{"@type":"WebSite","@id":"https:\/\/www.oxysphair.be\/de\/#website","url":"https:\/\/www.oxysphair.be\/de\/","name":"Oxysphair","description":"","potentialAction":[{"@type":"SearchAction","target":{"@type":"EntryPoint","urlTemplate":"https:\/\/www.oxysphair.be\/de\/?s={search_term_string}"},"query-input":{"@type":"PropertyValueSpecification","valueRequired":true,"valueName":"search_term_string"}}],"inLanguage":"de"}]}},"_links":{"self":[{"href":"https:\/\/www.oxysphair.be\/de\/wp-json\/wp\/v2\/pages\/254141","targetHints":{"allow":["GET"]}}],"collection":[{"href":"https:\/\/www.oxysphair.be\/de\/wp-json\/wp\/v2\/pages"}],"about":[{"href":"https:\/\/www.oxysphair.be\/de\/wp-json\/wp\/v2\/types\/page"}],"author":[{"embeddable":true,"href":"https:\/\/www.oxysphair.be\/de\/wp-json\/wp\/v2\/users\/1"}],"replies":[{"embeddable":true,"href":"https:\/\/www.oxysphair.be\/de\/wp-json\/wp\/v2\/comments?post=254141"}],"version-history":[{"count":4,"href":"https:\/\/www.oxysphair.be\/de\/wp-json\/wp\/v2\/pages\/254141\/revisions"}],"predecessor-version":[{"id":255014,"href":"https:\/\/www.oxysphair.be\/de\/wp-json\/wp\/v2\/pages\/254141\/revisions\/255014"}],"wp:attachment":[{"href":"https:\/\/www.oxysphair.be\/de\/wp-json\/wp\/v2\/media?parent=254141"}],"curies":[{"name":"wp","href":"https:\/\/api.w.org\/{rel}","templated":true}]}}