{"id":254150,"date":"2023-03-17T11:15:41","date_gmt":"2023-03-17T10:15:41","guid":{"rendered":"https:\/\/oxysphair.poush-dev.be\/blog\/"},"modified":"2024-03-14T10:31:09","modified_gmt":"2024-03-14T09:31:09","slug":"blog","status":"publish","type":"page","link":"https:\/\/www.oxysphair.be\/de\/blog\/","title":{"rendered":"Blog"},"content":{"rendered":"<p>[et_pb_section fb_built=&#8220;1&#8243; _builder_version=&#8220;4.23.1&#8243; _module_preset=&#8220;1cab9b39-dc53-49fe-a240-9d043a9fba1b&#8220; global_colors_info=&#8220;{%22gcid-6765a8f9-be90-4ab4-9fed-0cfcb9d46015%22:%91%22background_color%22%93}&#8220;][et_pb_row use_custom_gutter=&#8220;on&#8220; gutter_width=&#8220;1&#8243; make_equal=&#8220;on&#8220; custom_padding_last_edited=&#8220;on|tablet&#8220; _builder_version=&#8220;4.23.1&#8243; _module_preset=&#8220;default&#8220; width=&#8220;100%&#8220; max_width=&#8220;100%&#8220; min_height=&#8220;300px&#8220; custom_padding=&#8220;50px|50px|50px|50px|true|true&#8220; custom_padding_tablet=&#8220;|20px||20px|true|true&#8220; custom_padding_phone=&#8220;|20px||20px|true|true&#8220; custom_css_main_element=&#8220;align-items: center;&#8220; global_colors_info=&#8220;{}&#8220;][et_pb_column type=&#8220;4_4&#8243; _builder_version=&#8220;4.18.0&#8243; _module_preset=&#8220;default&#8220; global_colors_info=&#8220;{}&#8220;][et_pb_text admin_label=&#8220;Text&#8220; _builder_version=&#8220;4.23.2&#8243; _module_preset=&#8220;5298e62e-f7ac-4dd9-b361-006fc4da68de&#8220; background_layout=&#8220;dark&#8220; max_width=&#8220;850px&#8220; animation_style=&#8220;fade&#8220; animation_duration=&#8220;600ms&#8220; global_colors_info=&#8220;{}&#8220;]<\/p>\n<h1>Blog<\/h1>\n<p>[\/et_pb_text][\/et_pb_column][\/et_pb_row][\/et_pb_section][et_pb_section fb_built=&#8220;1&#8243; _builder_version=&#8220;4.23.2&#8243; _module_preset=&#8220;default&#8220; custom_padding=&#8220;||0px||false|false&#8220; global_colors_info=&#8220;{}&#8220;][et_pb_row _builder_version=&#8220;4.19.4&#8243; _module_preset=&#8220;default&#8220; global_colors_info=&#8220;{}&#8220;][et_pb_column type=&#8220;4_4&#8243; _builder_version=&#8220;4.19.4&#8243; _module_preset=&#8220;default&#8220; global_colors_info=&#8220;{}&#8220;][et_pb_blog meta_date=&#8220;j F Y&#8220; excerpt_length=&#8220;150&#8243; _builder_version=&#8220;4.23.2&#8243; _module_preset=&#8220;3b0c7838-b322-45d9-9e11-5a38a05fd02b&#8220; body_font=&#8220;|300|||||||&#8220; global_colors_info=&#8220;{}&#8220;][\/et_pb_blog][\/et_pb_column][\/et_pb_row][\/et_pb_section]<\/p>\n","protected":false},"excerpt":{"rendered":"<p>Blog<\/p>\n","protected":false},"author":1,"featured_media":0,"parent":0,"menu_order":40,"comment_status":"closed","ping_status":"closed","template":"","meta":{"_et_pb_use_builder":"on","_et_pb_old_content":"","_et_gb_content_width":"","inline_featured_image":false,"footnotes":""},"class_list":["post-254150","page","type-page","status-publish","hentry"],"acf":[],"yoast_head":"<!-- This site is optimized with the Yoast SEO plugin v27.5 - https:\/\/yoast.com\/product\/yoast-seo-wordpress\/ -->\n<title>Blog | Oxysphair<\/title>\n<meta name=\"description\" content=\"Erkunden Sie unseren Blog f\u00fcr Tipps zum Wohlbefinden der Atemwege und zur optimalen Nutzung unserer Produkte f\u00fcr eine bessere Lebensqualit\u00e4t.\" \/>\n<meta name=\"robots\" content=\"index, follow, max-snippet:-1, max-image-preview:large, max-video-preview:-1\" \/>\n<link rel=\"canonical\" href=\"https:\/\/www.oxysphair.be\/de\/blog\/\" \/>\n<meta property=\"og:locale\" content=\"de_DE\" \/>\n<meta property=\"og:type\" content=\"article\" \/>\n<meta property=\"og:title\" content=\"Blog | Oxysphair\" \/>\n<meta property=\"og:description\" content=\"Erkunden Sie unseren Blog f\u00fcr Tipps zum Wohlbefinden der Atemwege und zur optimalen Nutzung unserer Produkte f\u00fcr eine bessere Lebensqualit\u00e4t.\" \/>\n<meta property=\"og:url\" content=\"https:\/\/www.oxysphair.be\/de\/blog\/\" \/>\n<meta property=\"og:site_name\" content=\"Oxysphair\" \/>\n<meta property=\"article:modified_time\" content=\"2024-03-14T09:31:09+00:00\" \/>\n<meta name=\"twitter:card\" content=\"summary_large_image\" \/>\n<meta name=\"twitter:label1\" content=\"Gesch\u00e4tzte Lesezeit\" \/>\n\t<meta name=\"twitter:data1\" content=\"1\u00a0Minute\" \/>\n<script type=\"application\/ld+json\" class=\"yoast-schema-graph\">{\"@context\":\"https:\\\/\\\/schema.org\",\"@graph\":[{\"@type\":\"WebPage\",\"@id\":\"https:\\\/\\\/www.oxysphair.be\\\/de\\\/blog\\\/\",\"url\":\"https:\\\/\\\/www.oxysphair.be\\\/de\\\/blog\\\/\",\"name\":\"Blog | Oxysphair\",\"isPartOf\":{\"@id\":\"https:\\\/\\\/www.oxysphair.be\\\/de\\\/#website\"},\"datePublished\":\"2023-03-17T10:15:41+00:00\",\"dateModified\":\"2024-03-14T09:31:09+00:00\",\"description\":\"Erkunden Sie unseren Blog f\u00fcr Tipps zum Wohlbefinden der Atemwege und zur optimalen Nutzung unserer Produkte f\u00fcr eine bessere Lebensqualit\u00e4t.\",\"breadcrumb\":{\"@id\":\"https:\\\/\\\/www.oxysphair.be\\\/de\\\/blog\\\/#breadcrumb\"},\"inLanguage\":\"de\",\"potentialAction\":[{\"@type\":\"ReadAction\",\"target\":[\"https:\\\/\\\/www.oxysphair.be\\\/de\\\/blog\\\/\"]}]},{\"@type\":\"BreadcrumbList\",\"@id\":\"https:\\\/\\\/www.oxysphair.be\\\/de\\\/blog\\\/#breadcrumb\",\"itemListElement\":[{\"@type\":\"ListItem\",\"position\":1,\"name\":\"Accueil\",\"item\":\"https:\\\/\\\/www.oxysphair.be\\\/de\\\/\"},{\"@type\":\"ListItem\",\"position\":2,\"name\":\"Blog\"}]},{\"@type\":\"WebSite\",\"@id\":\"https:\\\/\\\/www.oxysphair.be\\\/de\\\/#website\",\"url\":\"https:\\\/\\\/www.oxysphair.be\\\/de\\\/\",\"name\":\"Oxysphair\",\"description\":\"\",\"potentialAction\":[{\"@type\":\"SearchAction\",\"target\":{\"@type\":\"EntryPoint\",\"urlTemplate\":\"https:\\\/\\\/www.oxysphair.be\\\/de\\\/?s={search_term_string}\"},\"query-input\":{\"@type\":\"PropertyValueSpecification\",\"valueRequired\":true,\"valueName\":\"search_term_string\"}}],\"inLanguage\":\"de\"}]}<\/script>\n<!-- \/ Yoast SEO plugin. -->","yoast_head_json":{"title":"Blog | Oxysphair","description":"Erkunden Sie unseren Blog f\u00fcr Tipps zum Wohlbefinden der Atemwege und zur optimalen Nutzung unserer Produkte f\u00fcr eine bessere Lebensqualit\u00e4t.","robots":{"index":"index","follow":"follow","max-snippet":"max-snippet:-1","max-image-preview":"max-image-preview:large","max-video-preview":"max-video-preview:-1"},"canonical":"https:\/\/www.oxysphair.be\/de\/blog\/","og_locale":"de_DE","og_type":"article","og_title":"Blog | Oxysphair","og_description":"Erkunden Sie unseren Blog f\u00fcr Tipps zum Wohlbefinden der Atemwege und zur optimalen Nutzung unserer Produkte f\u00fcr eine bessere Lebensqualit\u00e4t.","og_url":"https:\/\/www.oxysphair.be\/de\/blog\/","og_site_name":"Oxysphair","article_modified_time":"2024-03-14T09:31:09+00:00","twitter_card":"summary_large_image","twitter_misc":{"Gesch\u00e4tzte Lesezeit":"1\u00a0Minute"},"schema":{"@context":"https:\/\/schema.org","@graph":[{"@type":"WebPage","@id":"https:\/\/www.oxysphair.be\/de\/blog\/","url":"https:\/\/www.oxysphair.be\/de\/blog\/","name":"Blog | Oxysphair","isPartOf":{"@id":"https:\/\/www.oxysphair.be\/de\/#website"},"datePublished":"2023-03-17T10:15:41+00:00","dateModified":"2024-03-14T09:31:09+00:00","description":"Erkunden Sie unseren Blog f\u00fcr Tipps zum Wohlbefinden der Atemwege und zur optimalen Nutzung unserer Produkte f\u00fcr eine bessere Lebensqualit\u00e4t.","breadcrumb":{"@id":"https:\/\/www.oxysphair.be\/de\/blog\/#breadcrumb"},"inLanguage":"de","potentialAction":[{"@type":"ReadAction","target":["https:\/\/www.oxysphair.be\/de\/blog\/"]}]},{"@type":"BreadcrumbList","@id":"https:\/\/www.oxysphair.be\/de\/blog\/#breadcrumb","itemListElement":[{"@type":"ListItem","position":1,"name":"Accueil","item":"https:\/\/www.oxysphair.be\/de\/"},{"@type":"ListItem","position":2,"name":"Blog"}]},{"@type":"WebSite","@id":"https:\/\/www.oxysphair.be\/de\/#website","url":"https:\/\/www.oxysphair.be\/de\/","name":"Oxysphair","description":"","potentialAction":[{"@type":"SearchAction","target":{"@type":"EntryPoint","urlTemplate":"https:\/\/www.oxysphair.be\/de\/?s={search_term_string}"},"query-input":{"@type":"PropertyValueSpecification","valueRequired":true,"valueName":"search_term_string"}}],"inLanguage":"de"}]}},"_links":{"self":[{"href":"https:\/\/www.oxysphair.be\/de\/wp-json\/wp\/v2\/pages\/254150","targetHints":{"allow":["GET"]}}],"collection":[{"href":"https:\/\/www.oxysphair.be\/de\/wp-json\/wp\/v2\/pages"}],"about":[{"href":"https:\/\/www.oxysphair.be\/de\/wp-json\/wp\/v2\/types\/page"}],"author":[{"embeddable":true,"href":"https:\/\/www.oxysphair.be\/de\/wp-json\/wp\/v2\/users\/1"}],"replies":[{"embeddable":true,"href":"https:\/\/www.oxysphair.be\/de\/wp-json\/wp\/v2\/comments?post=254150"}],"version-history":[{"count":1,"href":"https:\/\/www.oxysphair.be\/de\/wp-json\/wp\/v2\/pages\/254150\/revisions"}],"predecessor-version":[{"id":254385,"href":"https:\/\/www.oxysphair.be\/de\/wp-json\/wp\/v2\/pages\/254150\/revisions\/254385"}],"wp:attachment":[{"href":"https:\/\/www.oxysphair.be\/de\/wp-json\/wp\/v2\/media?parent=254150"}],"curies":[{"name":"wp","href":"https:\/\/api.w.org\/{rel}","templated":true}]}}