{"id":254158,"date":"2023-11-24T10:00:12","date_gmt":"2023-11-24T09:00:12","guid":{"rendered":"https:\/\/oxysphair.poush-dev.be\/?page_id=254158"},"modified":"2024-03-14T15:08:44","modified_gmt":"2024-03-14T14:08:44","slug":"lieferung-und-rucksendungen","status":"publish","type":"page","link":"https:\/\/www.oxysphair.be\/de\/lieferung-und-rucksendungen\/","title":{"rendered":"Lieferung und rucksendungen"},"content":{"rendered":"<p>[et_pb_section fb_built=&#8220;1&#8243; theme_builder_area=&#8220;post_content&#8220; _builder_version=&#8220;4.24.2&#8243; _module_preset=&#8220;default&#8220;][et_pb_row _builder_version=&#8220;4.24.2&#8243; _module_preset=&#8220;default&#8220; theme_builder_area=&#8220;post_content&#8220;][et_pb_column _builder_version=&#8220;4.24.2&#8243; _module_preset=&#8220;default&#8220; type=&#8220;4_4&#8243; theme_builder_area=&#8220;post_content&#8220;][et_pb_text _builder_version=&#8220;4.24.2&#8243; _module_preset=&#8220;default&#8220; theme_builder_area=&#8220;post_content&#8220; hover_enabled=&#8220;0&#8243; sticky_enabled=&#8220;0&#8243;]<\/p>\n<h1>Lieferung und rucksendungen<\/h1>\n<h2><\/h2>\n<h2>\u00dcbersicht<\/h2>\n<p>Unser R\u00fcckerstattungs- und R\u00fcckgaberecht dauert 30 Tage. Wenn seit Ihrem Kauf 30 Tage vergangen sind, k\u00f6nnen wir Ihnen keine vollst\u00e4ndige R\u00fcckerstattung oder einen Umtausch anbieten.<\/p>\n<p>Um zur\u00fcckgegeben werden zu k\u00f6nnen, muss Ihr Artikel unbenutzt und in demselben Zustand sein, in dem Sie ihn erhalten haben. Au\u00dferdem muss er sich in seiner Originalverpackung befinden.<\/p>\n<p>Bestimmte Arten von Waren k\u00f6nnen nicht zur\u00fcckgegeben werden. Verderbliche Waren wie Lebensmittel, Blumen, Zeitungen oder Zeitschriften k\u00f6nnen nicht zur\u00fcckgegeben werden. Auch Intim- oder Hygieneartikel, gef\u00e4hrliche Materialien, brennbare Fl\u00fcssigkeiten oder Gase werden nicht angenommen.<\/p>\n<p>Andere Artikel, die nicht zur\u00fcckgegeben werden k\u00f6nnen :<\/p>\n<ul>\n<li>Geschenkkarten<\/li>\n<li>Herunterladbare Software<\/li>\n<li>Bestimmte Gesundheits- und K\u00f6rperpflegeartikel<\/li>\n<\/ul>\n<p>Um Ihre R\u00fccksendung abzuschlie\u00dfen, ben\u00f6tigen wir eine Quittung oder einen Kaufnachweis.<\/p>\n<p>Bitte senden Sie Ihren Kauf nicht an den Hersteller zur\u00fcck.<\/p>\n<p>In bestimmten Situationen werden nur teilweise R\u00fcckerstattungen gew\u00e4hrt :<\/p>\n<ul>\n<li>Buch mit offensichtlichen Gebrauchsspuren.<\/li>\n<li>Ge\u00f6ffnete CDs, DVDs, VHS-Kassetten, Software, Videospiele, Kassetten oder Vinylschallplatten.<\/li>\n<li>Jeder Artikel, der sich nicht im Originalzustand befindet, der besch\u00e4digt ist oder dem Teile fehlen, aus Gr\u00fcnden, die nicht auf einen Fehler unsererseits zur\u00fcckzuf\u00fchren sind.<\/li>\n<li>Jeder Artikel, der mehr als 30 Tage nach der Lieferung zur\u00fcckgegeben wird.<\/li>\n<\/ul>\n<p>&nbsp;<\/p>\n<h2>R\u00fcckerstattungen<\/h2>\n<p>Sobald wir Ihre R\u00fccksendung erhalten und gepr\u00fcft haben, senden wir Ihnen eine E-Mail, in der wir Sie dar\u00fcber informieren, dass wir Ihren zur\u00fcckgesandten Artikel erhalten haben. Wir werden Sie auch dar\u00fcber informieren, ob Ihre R\u00fcckerstattung genehmigt oder abgelehnt wurde.<\/p>\n<p>Wenn Ihr Antrag angenommen wird, wird Ihre R\u00fcckerstattung bearbeitet und innerhalb weniger Tage automatisch eine Gutschrift auf Ihrer Kreditkarte oder Ihrer urspr\u00fcnglichen Zahlungsmethode vorgenommen.<\/p>\n<p>&nbsp;<\/p>\n<h3>Versp\u00e4tete oder fehlende R\u00fcckerstattungen<\/h3>\n<p>Wenn Sie noch keine R\u00fcckerstattung erhalten haben, \u00fcberpr\u00fcfen Sie zun\u00e4chst Ihr Bankkonto.<\/p>\n<p>Wenden Sie sich dann an das Unternehmen, das Ihre Kreditkarte ausgestellt hat, da es einige Zeit dauern kann, bis Ihre R\u00fcckerstattung offiziell verbucht wird.<\/p>\n<p>Wenden Sie sich anschlie\u00dfend an Ihre Bank. Oft gibt es eine gewisse Bearbeitungszeit, bevor die R\u00fcckerstattung verbucht wird.<\/p>\n<p>Wenn Sie all dies getan haben und Ihre R\u00fcckerstattung immer noch nicht erhalten haben, setzen Sie sich bitte mit uns in Verbindung.<\/p>\n<h3><\/h3>\n<h3>Artikel im Sonderangebot<\/h3>\n<p>Nur Artikel mit normalem Preis k\u00f6nnen erstattet werden. Ausverkaufte Artikel k\u00f6nnen nicht erstattet werden.<\/p>\n<p>&nbsp;<\/p>\n<h2>Umtausch<\/h2>\n<p>Wir tauschen Artikel nur dann aus, wenn sie defekt oder besch\u00e4digt sind. Wenn Sie sie gegen denselben Artikel umtauschen m\u00f6chten, kontaktieren Sie uns bitte.<\/p>\n<p>&nbsp;<\/p>\n<h2>Geschenke<\/h2>\n<p>Wenn der Artikel beim Kauf als Geschenk gekennzeichnet war und direkt an Sie verschickt wurde, erhalten Sie eine Geschenkgutschrift in H\u00f6he des Wertes Ihrer R\u00fccksendung. Sobald der zur\u00fcckgegebene Artikel bei uns eingegangen ist, wird Ihnen ein Geschenkgutschein per Post zugeschickt.<\/p>\n<p>Wenn der Artikel beim Kauf als Geschenk gekennzeichnet war und direkt an Sie versendet wurde, erhalten Sie eine Geschenkgutschrift in H\u00f6he des Wertes Ihrer R\u00fccksendung. Sobald der zur\u00fcckgegebene Artikel bei uns eingegangen ist, wird Ihnen per Post ein Geschenkgutschein zugesandt.<\/p>\n<p>&nbsp;<\/p>\n<h2>R\u00fccksendung von Waren<\/h2>\n<p>Wenn Sie Ihr Produkt zur\u00fcckgeben m\u00f6chten, setzen Sie sich bitte mit uns in Verbindung.<\/p>\n<p>Sie sind daf\u00fcr verantwortlich, die Versandkosten f\u00fcr die R\u00fccksendung Ihres Produkts selbst zu tragen. Die Versandkosten k\u00f6nnen nicht zur\u00fcckerstattet werden. Wenn Sie eine R\u00fcckerstattung erhalten, werden die R\u00fccksendekosten von Ihrer R\u00fcckerstattung abgezogen.<\/p>\n<p>Die Dauer der Zustellung des umgetauschten Produkts kann je nach Ihrem Wohnort variieren.<br \/>Wenn Sie teurere Artikel zur\u00fccksenden, sollten Sie die Nutzung eines Versanddienstes mit Sendungsverfolgung oder den Abschluss einer Versandversicherung in Betracht ziehen.Wir garantieren nicht, dass wir den zur\u00fcckgesandten Artikel erhalten.<\/p>\n<p>&nbsp;<\/p>\n<h2>Ben\u00f6tigen Sie weitere Hilfe?<\/h2>\n<p>Kontaktieren Sie uns bei Fragen zu R\u00fcckerstattungen und R\u00fccksendungen.<\/p>\n<p>[\/et_pb_text][\/et_pb_column][\/et_pb_row][\/et_pb_section]<\/p>\n","protected":false},"excerpt":{"rendered":"<p>Lieferung und rucksendungen \u00dcbersicht Unser R\u00fcckerstattungs- und R\u00fcckgaberecht dauert 30 Tage. Wenn seit Ihrem Kauf 30 Tage vergangen sind, k\u00f6nnen wir Ihnen keine vollst\u00e4ndige R\u00fcckerstattung oder einen Umtausch anbieten. Um zur\u00fcckgegeben werden zu k\u00f6nnen, muss Ihr Artikel unbenutzt und in demselben Zustand sein, in dem Sie ihn erhalten haben. Au\u00dferdem muss er sich in seiner Originalverpackung befinden. Bestimmte Arten von Waren k\u00f6nnen nicht zur\u00fcckgegeben werden. Verderbliche Waren wie Lebensmittel, Blumen, Zeitungen oder Zeitschriften k\u00f6nnen nicht zur\u00fcckgegeben werden. Auch Intim- oder Hygieneartikel, gef\u00e4hrliche Materialien, brennbare Fl\u00fcssigkeiten oder Gase werden nicht angenommen. Andere Artikel, die nicht zur\u00fcckgegeben werden k\u00f6nnen : Geschenkkarten Herunterladbare Software Bestimmte Gesundheits- und K\u00f6rperpflegeartikel Um Ihre R\u00fccksendung abzuschlie\u00dfen, ben\u00f6tigen wir eine Quittung oder einen Kaufnachweis. Bitte senden Sie Ihren Kauf nicht an den Hersteller zur\u00fcck. In bestimmten Situationen werden nur teilweise R\u00fcckerstattungen gew\u00e4hrt : Buch mit offensichtlichen Gebrauchsspuren. Ge\u00f6ffnete CDs, DVDs, VHS-Kassetten, Software, Videospiele, Kassetten oder Vinylschallplatten. Jeder Artikel, der sich nicht im Originalzustand befindet, der besch\u00e4digt ist oder dem Teile fehlen, aus Gr\u00fcnden, die nicht auf einen Fehler unsererseits zur\u00fcckzuf\u00fchren sind. Jeder Artikel, der mehr als 30 Tage nach der Lieferung zur\u00fcckgegeben wird. &nbsp; R\u00fcckerstattungen Sobald wir Ihre R\u00fccksendung erhalten und gepr\u00fcft haben, senden wir Ihnen eine E-Mail, [&hellip;]<\/p>\n","protected":false},"author":1,"featured_media":0,"parent":0,"menu_order":202,"comment_status":"closed","ping_status":"closed","template":"","meta":{"_et_pb_use_builder":"on","_et_pb_old_content":"","_et_gb_content_width":"","inline_featured_image":false,"footnotes":""},"class_list":["post-254158","page","type-page","status-publish","hentry"],"acf":[],"yoast_head":"<!-- This site is optimized with the Yoast SEO plugin v27.4 - https:\/\/yoast.com\/product\/yoast-seo-wordpress\/ -->\n<title>Lieferung und rucksendungen | Oxysphair<\/title>\n<meta name=\"description\" content=\"Erfahren Sie alles \u00fcber Versand und R\u00fccksendungen bei Oxysphair. Erfahren Sie mehr \u00fcber unsere Richtlinien f\u00fcr ein zufriedenstellendes und sorgenfreies Kundenerlebnis.\" \/>\n<meta name=\"robots\" content=\"index, follow, max-snippet:-1, max-image-preview:large, max-video-preview:-1\" \/>\n<link rel=\"canonical\" href=\"https:\/\/www.oxysphair.be\/de\/lieferung-und-rucksendungen\/\" \/>\n<meta property=\"og:locale\" content=\"de_DE\" \/>\n<meta property=\"og:type\" content=\"article\" \/>\n<meta property=\"og:title\" content=\"Lieferung und rucksendungen | Oxysphair\" \/>\n<meta property=\"og:description\" content=\"Erfahren Sie alles \u00fcber Versand und R\u00fccksendungen bei Oxysphair. Erfahren Sie mehr \u00fcber unsere Richtlinien f\u00fcr ein zufriedenstellendes und sorgenfreies Kundenerlebnis.\" \/>\n<meta property=\"og:url\" content=\"https:\/\/www.oxysphair.be\/de\/lieferung-und-rucksendungen\/\" \/>\n<meta property=\"og:site_name\" content=\"Oxysphair\" \/>\n<meta property=\"article:modified_time\" content=\"2024-03-14T14:08:44+00:00\" \/>\n<meta name=\"twitter:card\" content=\"summary_large_image\" \/>\n<meta name=\"twitter:label1\" content=\"Gesch\u00e4tzte Lesezeit\" \/>\n\t<meta name=\"twitter:data1\" content=\"3\u00a0Minuten\" \/>\n<script type=\"application\/ld+json\" class=\"yoast-schema-graph\">{\"@context\":\"https:\\\/\\\/schema.org\",\"@graph\":[{\"@type\":\"WebPage\",\"@id\":\"https:\\\/\\\/www.oxysphair.be\\\/de\\\/lieferung-und-rucksendungen\\\/\",\"url\":\"https:\\\/\\\/www.oxysphair.be\\\/de\\\/lieferung-und-rucksendungen\\\/\",\"name\":\"Lieferung und rucksendungen | Oxysphair\",\"isPartOf\":{\"@id\":\"https:\\\/\\\/www.oxysphair.be\\\/de\\\/#website\"},\"datePublished\":\"2023-11-24T09:00:12+00:00\",\"dateModified\":\"2024-03-14T14:08:44+00:00\",\"description\":\"Erfahren Sie alles \u00fcber Versand und R\u00fccksendungen bei Oxysphair. Erfahren Sie mehr \u00fcber unsere Richtlinien f\u00fcr ein zufriedenstellendes und sorgenfreies Kundenerlebnis.\",\"breadcrumb\":{\"@id\":\"https:\\\/\\\/www.oxysphair.be\\\/de\\\/lieferung-und-rucksendungen\\\/#breadcrumb\"},\"inLanguage\":\"de\",\"potentialAction\":[{\"@type\":\"ReadAction\",\"target\":[\"https:\\\/\\\/www.oxysphair.be\\\/de\\\/lieferung-und-rucksendungen\\\/\"]}]},{\"@type\":\"BreadcrumbList\",\"@id\":\"https:\\\/\\\/www.oxysphair.be\\\/de\\\/lieferung-und-rucksendungen\\\/#breadcrumb\",\"itemListElement\":[{\"@type\":\"ListItem\",\"position\":1,\"name\":\"Accueil\",\"item\":\"https:\\\/\\\/www.oxysphair.be\\\/de\\\/\"},{\"@type\":\"ListItem\",\"position\":2,\"name\":\"Lieferung und rucksendungen\"}]},{\"@type\":\"WebSite\",\"@id\":\"https:\\\/\\\/www.oxysphair.be\\\/de\\\/#website\",\"url\":\"https:\\\/\\\/www.oxysphair.be\\\/de\\\/\",\"name\":\"Oxysphair\",\"description\":\"\",\"potentialAction\":[{\"@type\":\"SearchAction\",\"target\":{\"@type\":\"EntryPoint\",\"urlTemplate\":\"https:\\\/\\\/www.oxysphair.be\\\/de\\\/?s={search_term_string}\"},\"query-input\":{\"@type\":\"PropertyValueSpecification\",\"valueRequired\":true,\"valueName\":\"search_term_string\"}}],\"inLanguage\":\"de\"}]}<\/script>\n<!-- \/ Yoast SEO plugin. -->","yoast_head_json":{"title":"Lieferung und rucksendungen | Oxysphair","description":"Erfahren Sie alles \u00fcber Versand und R\u00fccksendungen bei Oxysphair. Erfahren Sie mehr \u00fcber unsere Richtlinien f\u00fcr ein zufriedenstellendes und sorgenfreies Kundenerlebnis.","robots":{"index":"index","follow":"follow","max-snippet":"max-snippet:-1","max-image-preview":"max-image-preview:large","max-video-preview":"max-video-preview:-1"},"canonical":"https:\/\/www.oxysphair.be\/de\/lieferung-und-rucksendungen\/","og_locale":"de_DE","og_type":"article","og_title":"Lieferung und rucksendungen | Oxysphair","og_description":"Erfahren Sie alles \u00fcber Versand und R\u00fccksendungen bei Oxysphair. Erfahren Sie mehr \u00fcber unsere Richtlinien f\u00fcr ein zufriedenstellendes und sorgenfreies Kundenerlebnis.","og_url":"https:\/\/www.oxysphair.be\/de\/lieferung-und-rucksendungen\/","og_site_name":"Oxysphair","article_modified_time":"2024-03-14T14:08:44+00:00","twitter_card":"summary_large_image","twitter_misc":{"Gesch\u00e4tzte Lesezeit":"3\u00a0Minuten"},"schema":{"@context":"https:\/\/schema.org","@graph":[{"@type":"WebPage","@id":"https:\/\/www.oxysphair.be\/de\/lieferung-und-rucksendungen\/","url":"https:\/\/www.oxysphair.be\/de\/lieferung-und-rucksendungen\/","name":"Lieferung und rucksendungen | Oxysphair","isPartOf":{"@id":"https:\/\/www.oxysphair.be\/de\/#website"},"datePublished":"2023-11-24T09:00:12+00:00","dateModified":"2024-03-14T14:08:44+00:00","description":"Erfahren Sie alles \u00fcber Versand und R\u00fccksendungen bei Oxysphair. Erfahren Sie mehr \u00fcber unsere Richtlinien f\u00fcr ein zufriedenstellendes und sorgenfreies Kundenerlebnis.","breadcrumb":{"@id":"https:\/\/www.oxysphair.be\/de\/lieferung-und-rucksendungen\/#breadcrumb"},"inLanguage":"de","potentialAction":[{"@type":"ReadAction","target":["https:\/\/www.oxysphair.be\/de\/lieferung-und-rucksendungen\/"]}]},{"@type":"BreadcrumbList","@id":"https:\/\/www.oxysphair.be\/de\/lieferung-und-rucksendungen\/#breadcrumb","itemListElement":[{"@type":"ListItem","position":1,"name":"Accueil","item":"https:\/\/www.oxysphair.be\/de\/"},{"@type":"ListItem","position":2,"name":"Lieferung und rucksendungen"}]},{"@type":"WebSite","@id":"https:\/\/www.oxysphair.be\/de\/#website","url":"https:\/\/www.oxysphair.be\/de\/","name":"Oxysphair","description":"","potentialAction":[{"@type":"SearchAction","target":{"@type":"EntryPoint","urlTemplate":"https:\/\/www.oxysphair.be\/de\/?s={search_term_string}"},"query-input":{"@type":"PropertyValueSpecification","valueRequired":true,"valueName":"search_term_string"}}],"inLanguage":"de"}]}},"_links":{"self":[{"href":"https:\/\/www.oxysphair.be\/de\/wp-json\/wp\/v2\/pages\/254158","targetHints":{"allow":["GET"]}}],"collection":[{"href":"https:\/\/www.oxysphair.be\/de\/wp-json\/wp\/v2\/pages"}],"about":[{"href":"https:\/\/www.oxysphair.be\/de\/wp-json\/wp\/v2\/types\/page"}],"author":[{"embeddable":true,"href":"https:\/\/www.oxysphair.be\/de\/wp-json\/wp\/v2\/users\/1"}],"replies":[{"embeddable":true,"href":"https:\/\/www.oxysphair.be\/de\/wp-json\/wp\/v2\/comments?post=254158"}],"version-history":[{"count":5,"href":"https:\/\/www.oxysphair.be\/de\/wp-json\/wp\/v2\/pages\/254158\/revisions"}],"predecessor-version":[{"id":254449,"href":"https:\/\/www.oxysphair.be\/de\/wp-json\/wp\/v2\/pages\/254158\/revisions\/254449"}],"wp:attachment":[{"href":"https:\/\/www.oxysphair.be\/de\/wp-json\/wp\/v2\/media?parent=254158"}],"curies":[{"name":"wp","href":"https:\/\/api.w.org\/{rel}","templated":true}]}}