{"id":254161,"date":"2023-11-24T09:58:55","date_gmt":"2023-11-24T08:58:55","guid":{"rendered":"https:\/\/oxysphair.poush-dev.be\/conditions-generales-de-vente\/"},"modified":"2024-03-14T11:00:41","modified_gmt":"2024-03-14T10:00:41","slug":"allgemeine-geschaeftsbedingungen","status":"publish","type":"page","link":"https:\/\/www.oxysphair.be\/de\/allgemeine-geschaeftsbedingungen\/","title":{"rendered":"Allgemeine Gesch\u00e4ftsbedingungen"},"content":{"rendered":"<ol>\n<li>Valeur contraignante des conditions g\u00e9n\u00e9rales: sauf d\u00e9viation \u00e9crite formelle, toutes nos ventes et prestations de service sont soumises aux conditions g\u00e9n\u00e9rales. Le fait de passer commande pour nos produits suppose l&#8217;acceptation des pr\u00e9sentes conditions g\u00e9n\u00e9rales. Les conditions d&#8217;achats de nos clients ne nous sont pas opposables, m\u00eame si elles n&#8217;ont pas \u00e9t\u00e9 formellement refus\u00e9es.<\/li>\n<li>Toutes nos offres sont donn\u00e9es sans le moindre engagement. Les engagements de n&#8217;importe quelle nature n&#8217;ont la valeur d&#8217;un engagement qu&#8217;apr\u00e8s confirmation \u00e9crite par notre soci\u00e9t\u00e9 en forme requise.<\/li>\n<li>Nous nous r\u00e9servons le droit d&#8217;adapter nos prix \u00e0 tout moment, compte tenu de l&#8217;augmentation \u00e9ventuelle de certains \u00e9l\u00e9ments de notre prix de revient.<\/li>\n<li>Les livraisons sont effectu\u00e9es les jours ouvrables et durant les heures normales d&#8217;ouverture de la soci\u00e9t\u00e9. Les d\u00e9lais de livraisons sont communiqu\u00e9s au client \u00e0 titre d&#8217;information. Les livraisons seront effectu\u00e9es conform\u00e9ment au plan de route pertinent de la soci\u00e9t\u00e9. Le cas de commande urgente accept\u00e9e et devant \u00eatre livr\u00e9e plus rapidement que pr\u00e9vu en vertu des d\u00e9lais de livraisons normaux de 3 jours ouvrables. ou en dehors des heures normales d&#8217;ouverture, donne la possibilit\u00e9 \u00e0 la soci\u00e9t\u00e9 de facturer des frais suppl\u00e9mentaires de livraison urgente.<\/li>\n<li>Sauf disposition contraire, les marchandises voyagent au risque du client.<\/li>\n<li>Le client est responsable du mat\u00e9riel qu&#8217;il a en consigne. Les accidents caus\u00e9s par l&#8217;usage ou la conservation de ce mat\u00e9riel ne peuvent sous aucune circonstance \u00eatre mis \u00e0 charge de notre soci\u00e9t\u00e9.<\/li>\n<li>Les concentrateurs et autre mat\u00e9riel relevant d&#8217;une prestation de service quelconque restent toujours la propri\u00e9t\u00e9 de notre soci\u00e9t\u00e9. Le client s&#8217;engage \u00e0 ne pas conserver inutilement les concentrateurs ou tout autre mat\u00e9riel. S&#8217;ils ne sont pas remis dans les d\u00e9lais impos\u00e9s apr\u00e8s une mise en demeure par lettre recommand\u00e9e, le prix de revient de l&#8217;appareil \u00e0 l&#8217;\u00e9tat neuf, d&#8217;application \u00e0 ce moment, sera d&#8217;office d\u00fb par le client.<\/li>\n<li>Les marchandises sont accept\u00e9es ou suppos\u00e9es \u00eatre accept\u00e9es quand elles sont mises \u00e0 la disposition du client.Toutes plaintes doivent \u00eatre communiqu\u00e9es par lettre recommand\u00e9e dans les 8 jours apr\u00e8s la livraison. Apr\u00e8s ce d\u00e9lai, aucune plainte ne sera recevable.<\/li>\n<li>Les cas de force majeure, comme les gr\u00e8ves partielles ou totales dans nos ateliers ou aupr\u00e8s de nos fournisseurs,\u00a0 les lock-out,\u00a0 les\u00a0 accidents, les incendies dans nos ateliers ou, en g\u00e9n\u00e9ral toute diminution\u00a0 forc\u00e9e des stocks ou de la fabrication ainsi que les difficult\u00e9s de transport, le manque de mat\u00e9riel, le gel, les \u00e9pid\u00e9mies, les quarantaines, les mobilisations, les \u00e9tats de si\u00e8ge ou de guerre nous exon\u00e8rent de tous dommages-int\u00e9r\u00eats et de toutes obligations . L&#8217;\u00e9num\u00e9ration figurant ci-dessus vaut d&#8217;exemple et n&#8217;est pas limitative.<\/li>\n<li>Suspensions du contrat: nous nous r\u00e9servons le droit de suspendre l&#8217;ex\u00e9cution de tous les contrats en cas de modifications dans la situation du contractant, comme le d\u00e9c\u00e8s, l&#8217;interdiction, la collocation ou d&#8217;autres limitations de la capacit\u00e9 juridique, la faillite. la demande d&#8217;un concordat ou d&#8217;un arrangement \u00e0 l&#8217;amiable, la publication d&#8217;un prot\u00eat, la non-solvabilit\u00e9, des comptes non r\u00e9gl\u00e9s, la dissolution ou la modification de la soci\u00e9t\u00e9 et ceci jusqu&#8217;\u00e0 ce que des garanties suffisantes soient donn\u00e9es, repr\u00e9sentant la valeur d&#8217;une partie ou de l&#8217;ensemble des livraisons rest\u00e9es impay\u00e9es ou pas encore ex\u00e9cut\u00e9es.<\/li>\n<li>Conditions de paiement: nos factures sont\u00a0 payables\u00a0 \u00e0 la\u00a0 date\u00a0 d&#8217;\u00e9ch\u00e9ance au si\u00e8ge de la soci\u00e9t\u00e9. Sauf convention contraire, les factures\u00a0 sont payables\u00a0 \u00e0 la\u00a0 date\u00a0 facture ou au comptant. En cas\u00a0 de non-paiement\u00a0 d&#8217;une\u00a0 facture\u00a0 \u00e0 son \u00e9ch\u00e9ance, le montant de la facture ou le solde\u00a0 non-r\u00e9gl\u00e9 produira un int\u00e9r\u00eat \u00e9gal \u00e0 12 % par\u00a0 ann\u00e9e, de droit et sans aucune mise en \u00a0demeure. Si les factures\u00a0 ne sont pas pay\u00e9es \u00e0 temps, une indemnisation \u00e9gale \u00e0\u00a0 15 % du montant rest\u00e9 non r\u00e9gl\u00e9 de chaque facture sera due \u00e0 titre de dommages-int\u00e9r\u00eats forfaitaires et irr\u00e9ductibles , avec\u00a0<em>\u00a0<\/em>un minimum de \u20ac 125. Cette\u00a0 indemnisation\u00a0 est\u00a0 due de\u00a0 droit\u00a0 sans mise en demeure.\u00a0 En cas de non-paiement d&#8217;une de nos factures \u00e0 son \u00e9ch\u00e9ance, toutes nos cr\u00e9ances sont imm\u00e9diatement exigibles et l&#8217;ex\u00e9cution de contrats en cours peut-\u00eatre suspendue ou soit \u00eatre consid\u00e9r\u00e9e\u00a0 comme\u00a0 r\u00e9sili\u00e9e de droit.<\/li>\n<li>Toutes nos conventions sont r\u00e9gl\u00e9es par la l\u00e9gislation belge. Pour tous litiges, seuls les tribunaux de l&#8217;arrondissement de Mons sont comp\u00e9tents.<\/li>\n<li>Livraisons dans le cadre du traitement\u00a0 par\u00a0 oxyg\u00e9nation \u00e0 domicile de courte dur\u00e9e: les livraisons en bouteilles se font par minimum de 10 m3. L&#8217;unit\u00e9 standard\u00a0 de livraison en bouteilles est\u00a0 la bouteille Combi\u00a0 20 (4300 1 d &#8218; oxyg\u00e8ne m\u00e9dical gazeux). Les livraisons de bouteilles de capacit\u00e9 inf\u00e9rieure seront soumises \u00e0 l&#8217;accord pr\u00e9alable de la soci\u00e9t\u00e9. Toute livraison ou suppl\u00e9ment de facturation non-remboursable sera \u00e0 charge du patient et \u00e0 payer \u00e0 l&#8217;officine habituelle du patient.<\/li>\n<li>Toute contestation relative \u00e0 la facture doit \u00eatre effectu\u00e9e par \u00e9crit dans un d\u00e9lai d&#8217;un mois apr\u00e8s sa r\u00e9ception. Tout d\u00e9faut de contestation sera consid\u00e9r\u00e9 comme reconnaissance de l&#8217;exactitude de la facture.<\/li>\n<\/ol>\n","protected":false},"excerpt":{"rendered":"<p>Valeur contraignante des conditions g\u00e9n\u00e9rales: sauf d\u00e9viation \u00e9crite formelle, toutes nos ventes et prestations de service sont soumises aux conditions g\u00e9n\u00e9rales. Le fait de passer commande pour nos produits suppose l&#8217;acceptation des pr\u00e9sentes conditions g\u00e9n\u00e9rales. Les conditions d&#8217;achats de nos clients ne nous sont pas opposables, m\u00eame si elles n&#8217;ont pas \u00e9t\u00e9 formellement refus\u00e9es. Toutes [&hellip;]<\/p>\n","protected":false},"author":1,"featured_media":0,"parent":0,"menu_order":204,"comment_status":"closed","ping_status":"closed","template":"","meta":{"_et_pb_use_builder":"","_et_pb_old_content":"","_et_gb_content_width":"","inline_featured_image":false,"footnotes":""},"class_list":["post-254161","page","type-page","status-publish","hentry"],"acf":[],"yoast_head":"<!-- This site is optimized with the Yoast SEO plugin v27.5 - https:\/\/yoast.com\/product\/yoast-seo-wordpress\/ -->\n<title>Allgemeine Gesch\u00e4ftsbedingungen | Oxysphair<\/title>\n<meta name=\"description\" content=\"Sehen Sie sich die Allgemeinen Gesch\u00e4ftsbedingungen von Oxysphair f\u00fcr ein klares und sicheres Einkaufserlebnis an. Ihre Rechte und unsere Verpflichtungen im Detail\" \/>\n<meta name=\"robots\" content=\"index, follow, max-snippet:-1, max-image-preview:large, max-video-preview:-1\" \/>\n<link rel=\"canonical\" href=\"https:\/\/www.oxysphair.be\/de\/allgemeine-geschaeftsbedingungen\/\" \/>\n<meta property=\"og:locale\" content=\"de_DE\" \/>\n<meta property=\"og:type\" content=\"article\" \/>\n<meta property=\"og:title\" content=\"Allgemeine Gesch\u00e4ftsbedingungen | Oxysphair\" \/>\n<meta property=\"og:description\" content=\"Sehen Sie sich die Allgemeinen Gesch\u00e4ftsbedingungen von Oxysphair f\u00fcr ein klares und sicheres Einkaufserlebnis an. Ihre Rechte und unsere Verpflichtungen im Detail\" \/>\n<meta property=\"og:url\" content=\"https:\/\/www.oxysphair.be\/de\/allgemeine-geschaeftsbedingungen\/\" \/>\n<meta property=\"og:site_name\" content=\"Oxysphair\" \/>\n<meta property=\"article:modified_time\" content=\"2024-03-14T10:00:41+00:00\" \/>\n<meta name=\"twitter:card\" content=\"summary_large_image\" \/>\n<meta name=\"twitter:label1\" content=\"Gesch\u00e4tzte Lesezeit\" \/>\n\t<meta name=\"twitter:data1\" content=\"5\u00a0Minuten\" \/>\n<script type=\"application\/ld+json\" class=\"yoast-schema-graph\">{\"@context\":\"https:\\\/\\\/schema.org\",\"@graph\":[{\"@type\":\"WebPage\",\"@id\":\"https:\\\/\\\/www.oxysphair.be\\\/de\\\/allgemeine-geschaeftsbedingungen\\\/\",\"url\":\"https:\\\/\\\/www.oxysphair.be\\\/de\\\/allgemeine-geschaeftsbedingungen\\\/\",\"name\":\"Allgemeine Gesch\u00e4ftsbedingungen | Oxysphair\",\"isPartOf\":{\"@id\":\"https:\\\/\\\/www.oxysphair.be\\\/de\\\/#website\"},\"datePublished\":\"2023-11-24T08:58:55+00:00\",\"dateModified\":\"2024-03-14T10:00:41+00:00\",\"description\":\"Sehen Sie sich die Allgemeinen Gesch\u00e4ftsbedingungen von Oxysphair f\u00fcr ein klares und sicheres Einkaufserlebnis an. Ihre Rechte und unsere Verpflichtungen im Detail\",\"breadcrumb\":{\"@id\":\"https:\\\/\\\/www.oxysphair.be\\\/de\\\/allgemeine-geschaeftsbedingungen\\\/#breadcrumb\"},\"inLanguage\":\"de\",\"potentialAction\":[{\"@type\":\"ReadAction\",\"target\":[\"https:\\\/\\\/www.oxysphair.be\\\/de\\\/allgemeine-geschaeftsbedingungen\\\/\"]}]},{\"@type\":\"BreadcrumbList\",\"@id\":\"https:\\\/\\\/www.oxysphair.be\\\/de\\\/allgemeine-geschaeftsbedingungen\\\/#breadcrumb\",\"itemListElement\":[{\"@type\":\"ListItem\",\"position\":1,\"name\":\"Accueil\",\"item\":\"https:\\\/\\\/www.oxysphair.be\\\/de\\\/\"},{\"@type\":\"ListItem\",\"position\":2,\"name\":\"Allgemeine Gesch\u00e4ftsbedingungen\"}]},{\"@type\":\"WebSite\",\"@id\":\"https:\\\/\\\/www.oxysphair.be\\\/de\\\/#website\",\"url\":\"https:\\\/\\\/www.oxysphair.be\\\/de\\\/\",\"name\":\"Oxysphair\",\"description\":\"\",\"potentialAction\":[{\"@type\":\"SearchAction\",\"target\":{\"@type\":\"EntryPoint\",\"urlTemplate\":\"https:\\\/\\\/www.oxysphair.be\\\/de\\\/?s={search_term_string}\"},\"query-input\":{\"@type\":\"PropertyValueSpecification\",\"valueRequired\":true,\"valueName\":\"search_term_string\"}}],\"inLanguage\":\"de\"}]}<\/script>\n<!-- \/ Yoast SEO plugin. -->","yoast_head_json":{"title":"Allgemeine Gesch\u00e4ftsbedingungen | Oxysphair","description":"Sehen Sie sich die Allgemeinen Gesch\u00e4ftsbedingungen von Oxysphair f\u00fcr ein klares und sicheres Einkaufserlebnis an. Ihre Rechte und unsere Verpflichtungen im Detail","robots":{"index":"index","follow":"follow","max-snippet":"max-snippet:-1","max-image-preview":"max-image-preview:large","max-video-preview":"max-video-preview:-1"},"canonical":"https:\/\/www.oxysphair.be\/de\/allgemeine-geschaeftsbedingungen\/","og_locale":"de_DE","og_type":"article","og_title":"Allgemeine Gesch\u00e4ftsbedingungen | Oxysphair","og_description":"Sehen Sie sich die Allgemeinen Gesch\u00e4ftsbedingungen von Oxysphair f\u00fcr ein klares und sicheres Einkaufserlebnis an. Ihre Rechte und unsere Verpflichtungen im Detail","og_url":"https:\/\/www.oxysphair.be\/de\/allgemeine-geschaeftsbedingungen\/","og_site_name":"Oxysphair","article_modified_time":"2024-03-14T10:00:41+00:00","twitter_card":"summary_large_image","twitter_misc":{"Gesch\u00e4tzte Lesezeit":"5\u00a0Minuten"},"schema":{"@context":"https:\/\/schema.org","@graph":[{"@type":"WebPage","@id":"https:\/\/www.oxysphair.be\/de\/allgemeine-geschaeftsbedingungen\/","url":"https:\/\/www.oxysphair.be\/de\/allgemeine-geschaeftsbedingungen\/","name":"Allgemeine Gesch\u00e4ftsbedingungen | Oxysphair","isPartOf":{"@id":"https:\/\/www.oxysphair.be\/de\/#website"},"datePublished":"2023-11-24T08:58:55+00:00","dateModified":"2024-03-14T10:00:41+00:00","description":"Sehen Sie sich die Allgemeinen Gesch\u00e4ftsbedingungen von Oxysphair f\u00fcr ein klares und sicheres Einkaufserlebnis an. Ihre Rechte und unsere Verpflichtungen im Detail","breadcrumb":{"@id":"https:\/\/www.oxysphair.be\/de\/allgemeine-geschaeftsbedingungen\/#breadcrumb"},"inLanguage":"de","potentialAction":[{"@type":"ReadAction","target":["https:\/\/www.oxysphair.be\/de\/allgemeine-geschaeftsbedingungen\/"]}]},{"@type":"BreadcrumbList","@id":"https:\/\/www.oxysphair.be\/de\/allgemeine-geschaeftsbedingungen\/#breadcrumb","itemListElement":[{"@type":"ListItem","position":1,"name":"Accueil","item":"https:\/\/www.oxysphair.be\/de\/"},{"@type":"ListItem","position":2,"name":"Allgemeine Gesch\u00e4ftsbedingungen"}]},{"@type":"WebSite","@id":"https:\/\/www.oxysphair.be\/de\/#website","url":"https:\/\/www.oxysphair.be\/de\/","name":"Oxysphair","description":"","potentialAction":[{"@type":"SearchAction","target":{"@type":"EntryPoint","urlTemplate":"https:\/\/www.oxysphair.be\/de\/?s={search_term_string}"},"query-input":{"@type":"PropertyValueSpecification","valueRequired":true,"valueName":"search_term_string"}}],"inLanguage":"de"}]}},"_links":{"self":[{"href":"https:\/\/www.oxysphair.be\/de\/wp-json\/wp\/v2\/pages\/254161","targetHints":{"allow":["GET"]}}],"collection":[{"href":"https:\/\/www.oxysphair.be\/de\/wp-json\/wp\/v2\/pages"}],"about":[{"href":"https:\/\/www.oxysphair.be\/de\/wp-json\/wp\/v2\/types\/page"}],"author":[{"embeddable":true,"href":"https:\/\/www.oxysphair.be\/de\/wp-json\/wp\/v2\/users\/1"}],"replies":[{"embeddable":true,"href":"https:\/\/www.oxysphair.be\/de\/wp-json\/wp\/v2\/comments?post=254161"}],"version-history":[{"count":1,"href":"https:\/\/www.oxysphair.be\/de\/wp-json\/wp\/v2\/pages\/254161\/revisions"}],"predecessor-version":[{"id":254415,"href":"https:\/\/www.oxysphair.be\/de\/wp-json\/wp\/v2\/pages\/254161\/revisions\/254415"}],"wp:attachment":[{"href":"https:\/\/www.oxysphair.be\/de\/wp-json\/wp\/v2\/media?parent=254161"}],"curies":[{"name":"wp","href":"https:\/\/api.w.org\/{rel}","templated":true}]}}