{"id":254830,"date":"2024-05-13T15:32:13","date_gmt":"2024-05-13T13:32:13","guid":{"rendered":"https:\/\/oxysphair.poush-dev.be\/promos\/"},"modified":"2024-05-29T17:03:52","modified_gmt":"2024-05-29T15:03:52","slug":"promos","status":"publish","type":"page","link":"https:\/\/www.oxysphair.be\/de\/promos\/","title":{"rendered":"Promos"},"content":{"rendered":"<p>[et_pb_section fb_built=&#8220;1&#8243; admin_label=&#8220;section&#8220; _builder_version=&#8220;4.16&#8243; global_colors_info=&#8220;{}&#8220;][et_pb_row _builder_version=&#8220;4.23.1&#8243; _module_preset=&#8220;default&#8220; locked=&#8220;off&#8220; global_colors_info=&#8220;{}&#8220;][et_pb_column type=&#8220;4_4&#8243; _builder_version=&#8220;4.19.4&#8243; _module_preset=&#8220;default&#8220; global_colors_info=&#8220;{}&#8220;][et_pb_text module_class=&#8220;custom-h2&#8243; _builder_version=&#8220;4.25.1&#8243; _module_preset=&#8220;5298e62e-f7ac-4dd9-b361-006fc4da68de&#8220; header_text_color=&#8220;#000000&#8243; text_orientation=&#8220;center&#8220; hover_enabled=&#8220;0&#8243; global_colors_info=&#8220;{}&#8220; sticky_enabled=&#8220;0&#8243;]<\/p>\n<h2>Unsere Produkte in <strong>Schlafapnoe<\/strong> und <strong>Sauerstofftherapie<\/strong><\/h2>\n<p>[\/et_pb_text][\/et_pb_column][\/et_pb_row][et_pb_row column_structure=&#8220;1_4,3_4&#8243; _builder_version=&#8220;4.23.2&#8243; _module_preset=&#8220;default&#8220; locked=&#8220;off&#8220; global_colors_info=&#8220;{}&#8220;][et_pb_column type=&#8220;1_4&#8243; _builder_version=&#8220;4.23.2&#8243; _module_preset=&#8220;default&#8220; global_colors_info=&#8220;{}&#8220;][et_pb_sidebar area=&#8220;sidebar-1&#8243; _builder_version=&#8220;4.25.1&#8243; _module_preset=&#8220;default&#8220; body_font=&#8220;|300|||||||&#8220; background_color=&#8220;gcid-3e83d474-54d5-423a-b010-ba3593c69cf4&#8243; custom_padding=&#8220;20px|20px|20px|20px|true|true&#8220; border_radii=&#8220;on|20px|20px|20px|20px&#8220; border_color_all=&#8220;RGBA(255,255,255,0)&#8220; global_colors_info=&#8220;{%22gcid-3e83d474-54d5-423a-b010-ba3593c69cf4%22:%91%22background_color%22%93}&#8220;][\/et_pb_sidebar][\/et_pb_column][et_pb_column type=&#8220;3_4&#8243; _builder_version=&#8220;4.23.2&#8243; _module_preset=&#8220;default&#8220; global_colors_info=&#8220;{}&#8220;][et_pb_shop type=&#8220;sale&#8220; posts_number=&#8220;8&#8243; columns_number=&#8220;3&#8243; hover_icon=&#8220;&#xe050;||divi||400&#8243; show_rating=&#8220;off&#8220; _builder_version=&#8220;4.25.1&#8243; _module_preset=&#8220;default&#8220; background_color=&#8220;#FFFFFF&#8220; overflow-x=&#8220;visible&#8220; overflow-y=&#8220;visible&#8220; border_radii=&#8220;on|20px|20px|20px|20px&#8220; global_colors_info=&#8220;{%22gcid-64228a36-de82-40c1-96d9-c025768c5228%22:%91%22box_shadow_color%22%93}&#8220;][\/et_pb_shop][\/et_pb_column][\/et_pb_row][\/et_pb_section]<\/p>\n","protected":false},"excerpt":{"rendered":"<p>Unsere Produkte in Schlafapnoe und Sauerstofftherapie<\/p>\n","protected":false},"author":3,"featured_media":0,"parent":0,"menu_order":0,"comment_status":"closed","ping_status":"closed","template":"","meta":{"_et_pb_use_builder":"on","_et_pb_old_content":"","_et_gb_content_width":"","inline_featured_image":false,"footnotes":""},"class_list":["post-254830","page","type-page","status-publish","hentry"],"acf":[],"yoast_head":"<!-- This site is optimized with the Yoast SEO plugin v27.3 - https:\/\/yoast.com\/product\/yoast-seo-wordpress\/ -->\n<title>Promos | Oxysphair<\/title>\n<meta name=\"description\" content=\"D\u00e9couvrez notre gamme de produits pour l&#039;apn\u00e9e du sommeil, l&#039;oxyg\u00e9noth\u00e9rapie et plus. Oxysphair, pour une meilleure qualit\u00e9 de vie respiratoire.\" \/>\n<meta name=\"robots\" content=\"index, follow, max-snippet:-1, max-image-preview:large, max-video-preview:-1\" \/>\n<link rel=\"canonical\" href=\"https:\/\/www.oxysphair.be\/de\/promos\/\" \/>\n<meta property=\"og:locale\" content=\"de_DE\" \/>\n<meta property=\"og:type\" content=\"article\" \/>\n<meta property=\"og:title\" content=\"Promos | Oxysphair\" \/>\n<meta property=\"og:description\" content=\"D\u00e9couvrez notre gamme de produits pour l&#039;apn\u00e9e du sommeil, l&#039;oxyg\u00e9noth\u00e9rapie et plus. Oxysphair, pour une meilleure qualit\u00e9 de vie respiratoire.\" \/>\n<meta property=\"og:url\" content=\"https:\/\/www.oxysphair.be\/de\/promos\/\" \/>\n<meta property=\"og:site_name\" content=\"Oxysphair\" \/>\n<meta property=\"article:modified_time\" content=\"2024-05-29T15:03:52+00:00\" \/>\n<meta name=\"twitter:card\" content=\"summary_large_image\" \/>\n<meta name=\"twitter:label1\" content=\"Gesch\u00e4tzte Lesezeit\" \/>\n\t<meta name=\"twitter:data1\" content=\"1\u00a0Minute\" \/>\n<script type=\"application\/ld+json\" class=\"yoast-schema-graph\">{\"@context\":\"https:\\\/\\\/schema.org\",\"@graph\":[{\"@type\":\"WebPage\",\"@id\":\"https:\\\/\\\/www.oxysphair.be\\\/de\\\/promos\\\/\",\"url\":\"https:\\\/\\\/www.oxysphair.be\\\/de\\\/promos\\\/\",\"name\":\"Promos | Oxysphair\",\"isPartOf\":{\"@id\":\"https:\\\/\\\/www.oxysphair.be\\\/de\\\/#website\"},\"datePublished\":\"2024-05-13T13:32:13+00:00\",\"dateModified\":\"2024-05-29T15:03:52+00:00\",\"description\":\"D\u00e9couvrez notre gamme de produits pour l'apn\u00e9e du sommeil, l'oxyg\u00e9noth\u00e9rapie et plus. Oxysphair, pour une meilleure qualit\u00e9 de vie respiratoire.\",\"breadcrumb\":{\"@id\":\"https:\\\/\\\/www.oxysphair.be\\\/de\\\/promos\\\/#breadcrumb\"},\"inLanguage\":\"de\",\"potentialAction\":[{\"@type\":\"ReadAction\",\"target\":[\"https:\\\/\\\/www.oxysphair.be\\\/de\\\/promos\\\/\"]}]},{\"@type\":\"BreadcrumbList\",\"@id\":\"https:\\\/\\\/www.oxysphair.be\\\/de\\\/promos\\\/#breadcrumb\",\"itemListElement\":[{\"@type\":\"ListItem\",\"position\":1,\"name\":\"Accueil\",\"item\":\"https:\\\/\\\/www.oxysphair.be\\\/de\\\/\"},{\"@type\":\"ListItem\",\"position\":2,\"name\":\"Promos\"}]},{\"@type\":\"WebSite\",\"@id\":\"https:\\\/\\\/www.oxysphair.be\\\/de\\\/#website\",\"url\":\"https:\\\/\\\/www.oxysphair.be\\\/de\\\/\",\"name\":\"Oxysphair\",\"description\":\"\",\"potentialAction\":[{\"@type\":\"SearchAction\",\"target\":{\"@type\":\"EntryPoint\",\"urlTemplate\":\"https:\\\/\\\/www.oxysphair.be\\\/de\\\/?s={search_term_string}\"},\"query-input\":{\"@type\":\"PropertyValueSpecification\",\"valueRequired\":true,\"valueName\":\"search_term_string\"}}],\"inLanguage\":\"de\"}]}<\/script>\n<!-- \/ Yoast SEO plugin. -->","yoast_head_json":{"title":"Promos | Oxysphair","description":"D\u00e9couvrez notre gamme de produits pour l'apn\u00e9e du sommeil, l'oxyg\u00e9noth\u00e9rapie et plus. Oxysphair, pour une meilleure qualit\u00e9 de vie respiratoire.","robots":{"index":"index","follow":"follow","max-snippet":"max-snippet:-1","max-image-preview":"max-image-preview:large","max-video-preview":"max-video-preview:-1"},"canonical":"https:\/\/www.oxysphair.be\/de\/promos\/","og_locale":"de_DE","og_type":"article","og_title":"Promos | Oxysphair","og_description":"D\u00e9couvrez notre gamme de produits pour l'apn\u00e9e du sommeil, l'oxyg\u00e9noth\u00e9rapie et plus. Oxysphair, pour une meilleure qualit\u00e9 de vie respiratoire.","og_url":"https:\/\/www.oxysphair.be\/de\/promos\/","og_site_name":"Oxysphair","article_modified_time":"2024-05-29T15:03:52+00:00","twitter_card":"summary_large_image","twitter_misc":{"Gesch\u00e4tzte Lesezeit":"1\u00a0Minute"},"schema":{"@context":"https:\/\/schema.org","@graph":[{"@type":"WebPage","@id":"https:\/\/www.oxysphair.be\/de\/promos\/","url":"https:\/\/www.oxysphair.be\/de\/promos\/","name":"Promos | Oxysphair","isPartOf":{"@id":"https:\/\/www.oxysphair.be\/de\/#website"},"datePublished":"2024-05-13T13:32:13+00:00","dateModified":"2024-05-29T15:03:52+00:00","description":"D\u00e9couvrez notre gamme de produits pour l'apn\u00e9e du sommeil, l'oxyg\u00e9noth\u00e9rapie et plus. Oxysphair, pour une meilleure qualit\u00e9 de vie respiratoire.","breadcrumb":{"@id":"https:\/\/www.oxysphair.be\/de\/promos\/#breadcrumb"},"inLanguage":"de","potentialAction":[{"@type":"ReadAction","target":["https:\/\/www.oxysphair.be\/de\/promos\/"]}]},{"@type":"BreadcrumbList","@id":"https:\/\/www.oxysphair.be\/de\/promos\/#breadcrumb","itemListElement":[{"@type":"ListItem","position":1,"name":"Accueil","item":"https:\/\/www.oxysphair.be\/de\/"},{"@type":"ListItem","position":2,"name":"Promos"}]},{"@type":"WebSite","@id":"https:\/\/www.oxysphair.be\/de\/#website","url":"https:\/\/www.oxysphair.be\/de\/","name":"Oxysphair","description":"","potentialAction":[{"@type":"SearchAction","target":{"@type":"EntryPoint","urlTemplate":"https:\/\/www.oxysphair.be\/de\/?s={search_term_string}"},"query-input":{"@type":"PropertyValueSpecification","valueRequired":true,"valueName":"search_term_string"}}],"inLanguage":"de"}]}},"_links":{"self":[{"href":"https:\/\/www.oxysphair.be\/de\/wp-json\/wp\/v2\/pages\/254830","targetHints":{"allow":["GET"]}}],"collection":[{"href":"https:\/\/www.oxysphair.be\/de\/wp-json\/wp\/v2\/pages"}],"about":[{"href":"https:\/\/www.oxysphair.be\/de\/wp-json\/wp\/v2\/types\/page"}],"author":[{"embeddable":true,"href":"https:\/\/www.oxysphair.be\/de\/wp-json\/wp\/v2\/users\/3"}],"replies":[{"embeddable":true,"href":"https:\/\/www.oxysphair.be\/de\/wp-json\/wp\/v2\/comments?post=254830"}],"version-history":[{"count":2,"href":"https:\/\/www.oxysphair.be\/de\/wp-json\/wp\/v2\/pages\/254830\/revisions"}],"predecessor-version":[{"id":267758,"href":"https:\/\/www.oxysphair.be\/de\/wp-json\/wp\/v2\/pages\/254830\/revisions\/267758"}],"wp:attachment":[{"href":"https:\/\/www.oxysphair.be\/de\/wp-json\/wp\/v2\/media?parent=254830"}],"curies":[{"name":"wp","href":"https:\/\/api.w.org\/{rel}","templated":true}]}}