{"id":252863,"date":"2024-02-06T15:36:12","date_gmt":"2024-02-06T14:36:12","guid":{"rendered":"https:\/\/oxysphair.poush-dev.be\/?post_type=product&#038;p=252863"},"modified":"2026-05-13T16:03:06","modified_gmt":"2026-05-13T14:03:06","slug":"masque-nasal-joyce-easy","status":"publish","type":"product","link":"https:\/\/www.oxysphair.be\/de\/produits\/schlafapnoe\/cpap-masken\/nasal-de\/masque-nasal-joyce-easy\/","title":{"rendered":"Masque nasal &#8211; Joyce Easy &#8211; Loewenstein"},"content":{"rendered":"<p>Le masque nasal qui vous facilite la vie.<\/p>\n<p>JOYCEeasy, disponible en trois tailles, sait convaincre depuis des ann\u00e9es par sa tr\u00e8s bonne \u00e9tanch\u00e9it\u00e9 et sa parfaite forme anatomique. Le confort de port du masque a \u00e9t\u00e9 entre temps optimis\u00e9 gr\u00e2ce aux am\u00e9liorations apport\u00e9es \u00e0 sa jupe. JOYCEeasy, c\u2019est toujours un silence inou\u00ef, une grande libert\u00e9 de mouvement gr\u00e2ce \u00e0 sa rotule 360\u00b0-3D et un nettoyage des plus simples.<\/p>\n<ul>\n<li>Le harnais XL est disponible en tant qu\u2019accessoire s\u00e9par\u00e9.<\/li>\n<\/ul>\n<p>&nbsp;<\/p>\n<p><strong>Le produit comprend :\u00a0<\/strong><\/p>\n<ul>\n<li>Masque<\/li>\n<li>Couvre-chef<\/li>\n<li>Manuel d&#8217;utilisation<\/li>\n<li>Caract\u00e9ristiques sp\u00e9ciales<\/li>\n<\/ul>\n<p>&nbsp;<\/p>\n<h3>Coussin de masque tr\u00e8s doux et souple<\/h3>\n<p>Le coussin de Joyce Easy X Nasal offre une grande stabilit\u00e9 et une bonne \u00e9tanch\u00e9it\u00e9 du masque, r\u00e9duisant ainsi les marques sur le visage.<br \/>\nHarnais \u00e0 code couleur avec clips d&#8217;utilisation intuitive et EasyGrab. Le harnais souple promet un ajustement optimal et stable toute la nuit.<\/p>\n<p>&nbsp;<\/p>\n<h2>Manuel d&#8217;utilisation<\/h2>\n<p><a href=\"https:\/\/www.oxysphair.be\/wp-content\/uploads\/2024\/02\/manuel-masque-joyce-easy.pdf\">T\u00e9l\u00e9charger le manuel ici\u00a0<\/a><\/p>\n","protected":false},"excerpt":{"rendered":"<p>Optez pour le confort du Joyce Easy Nasal : parfait ajustement, \u00e9tanch\u00e9it\u00e9 optimale, et facilit\u00e9 de nettoyage pour un sommeil tranquille.<\/p>\n","protected":false},"featured_media":254094,"comment_status":"closed","ping_status":"closed","template":"","meta":{"_et_pb_use_builder":"","_et_pb_old_content":"","_et_gb_content_width":"","inline_featured_image":false},"product_brand":[145],"product_cat":[24,85,27,271],"product_tag":[],"class_list":{"0":"post-252863","1":"product","2":"type-product","3":"status-publish","4":"has-post-thumbnail","6":"product_brand-loewenstein","7":"product_cat-apnee-sommeil","8":"product_cat-nasal","9":"product_cat-masque-cpap","10":"product_cat-masques-nasaux","11":"pa_brand-loewenstein","12":"pa_taille-l","13":"pa_taille-m","14":"pa_taille-s","16":"first","17":"instock","18":"taxable","19":"shipping-taxable","20":"purchasable","21":"product-type-variable","22":"has-default-attributes"},"acf":[],"yoast_head":"<!-- This site is optimized with the Yoast SEO plugin v27.6 - https:\/\/yoast.com\/product\/yoast-seo-wordpress\/ -->\n<title>Masque nasal - Joyce Easy - Loewenstein | Oxysphair<\/title>\n<meta name=\"description\" content=\"Optez pour le confort du masque nasal Joyce Easy : parfait ajustement, \u00e9tanch\u00e9it\u00e9 optimale, et facilit\u00e9 de nettoyage pour un sommeil tranquille.\" \/>\n<meta name=\"robots\" content=\"index, follow, max-snippet:-1, max-image-preview:large, max-video-preview:-1\" \/>\n<link rel=\"canonical\" href=\"https:\/\/www.oxysphair.be\/de\/produits\/schlafapnoe\/cpap-masken\/nasal-de\/masque-nasal-joyce-easy\/\" \/>\n<meta property=\"og:locale\" content=\"de_DE\" \/>\n<meta property=\"og:type\" content=\"article\" \/>\n<meta property=\"og:title\" content=\"Masque nasal - Joyce Easy - Loewenstein | Oxysphair\" \/>\n<meta property=\"og:description\" content=\"Optez pour le confort du masque nasal Joyce Easy : parfait ajustement, \u00e9tanch\u00e9it\u00e9 optimale, et facilit\u00e9 de nettoyage pour un sommeil tranquille.\" \/>\n<meta property=\"og:url\" content=\"https:\/\/www.oxysphair.be\/de\/produits\/schlafapnoe\/cpap-masken\/nasal-de\/masque-nasal-joyce-easy\/\" \/>\n<meta property=\"og:site_name\" content=\"Oxysphair\" \/>\n<meta property=\"article:modified_time\" content=\"2026-05-13T14:03:06+00:00\" \/>\n<meta property=\"og:image\" content=\"https:\/\/www.oxysphair.be\/wp-content\/uploads\/2024\/02\/masque-nasal-joyce-easy.jpeg\" \/>\n\t<meta property=\"og:image:width\" content=\"324\" \/>\n\t<meta property=\"og:image:height\" content=\"449\" \/>\n\t<meta property=\"og:image:type\" content=\"image\/jpeg\" \/>\n<meta name=\"twitter:card\" content=\"summary_large_image\" \/>\n<meta name=\"twitter:label1\" content=\"Gesch\u00e4tzte Lesezeit\" \/>\n\t<meta name=\"twitter:data1\" content=\"1\u00a0Minute\" \/>\n<script type=\"application\/ld+json\" class=\"yoast-schema-graph\">{\"@context\":\"https:\\\/\\\/schema.org\",\"@graph\":[{\"@type\":\"WebPage\",\"@id\":\"https:\\\/\\\/www.oxysphair.be\\\/de\\\/produits\\\/schlafapnoe\\\/cpap-masken\\\/nasal-de\\\/masque-nasal-joyce-easy\\\/\",\"url\":\"https:\\\/\\\/www.oxysphair.be\\\/de\\\/produits\\\/schlafapnoe\\\/cpap-masken\\\/nasal-de\\\/masque-nasal-joyce-easy\\\/\",\"name\":\"Masque nasal - Joyce Easy - Loewenstein | Oxysphair\",\"isPartOf\":{\"@id\":\"https:\\\/\\\/www.oxysphair.be\\\/de\\\/#website\"},\"primaryImageOfPage\":{\"@id\":\"https:\\\/\\\/www.oxysphair.be\\\/de\\\/produits\\\/schlafapnoe\\\/cpap-masken\\\/nasal-de\\\/masque-nasal-joyce-easy\\\/#primaryimage\"},\"image\":{\"@id\":\"https:\\\/\\\/www.oxysphair.be\\\/de\\\/produits\\\/schlafapnoe\\\/cpap-masken\\\/nasal-de\\\/masque-nasal-joyce-easy\\\/#primaryimage\"},\"thumbnailUrl\":\"https:\\\/\\\/www.oxysphair.be\\\/wp-content\\\/uploads\\\/2024\\\/02\\\/masque-nasal-joyce-easy.jpeg\",\"datePublished\":\"2024-02-06T14:36:12+00:00\",\"dateModified\":\"2026-05-13T14:03:06+00:00\",\"description\":\"Optez pour le confort du masque nasal Joyce Easy : parfait ajustement, \u00e9tanch\u00e9it\u00e9 optimale, et facilit\u00e9 de nettoyage pour un sommeil tranquille.\",\"breadcrumb\":{\"@id\":\"https:\\\/\\\/www.oxysphair.be\\\/de\\\/produits\\\/schlafapnoe\\\/cpap-masken\\\/nasal-de\\\/masque-nasal-joyce-easy\\\/#breadcrumb\"},\"inLanguage\":\"de\",\"potentialAction\":[{\"@type\":\"ReadAction\",\"target\":[\"https:\\\/\\\/www.oxysphair.be\\\/de\\\/produits\\\/schlafapnoe\\\/cpap-masken\\\/nasal-de\\\/masque-nasal-joyce-easy\\\/\"]}]},{\"@type\":\"ImageObject\",\"inLanguage\":\"de\",\"@id\":\"https:\\\/\\\/www.oxysphair.be\\\/de\\\/produits\\\/schlafapnoe\\\/cpap-masken\\\/nasal-de\\\/masque-nasal-joyce-easy\\\/#primaryimage\",\"url\":\"https:\\\/\\\/www.oxysphair.be\\\/wp-content\\\/uploads\\\/2024\\\/02\\\/masque-nasal-joyce-easy.jpeg\",\"contentUrl\":\"https:\\\/\\\/www.oxysphair.be\\\/wp-content\\\/uploads\\\/2024\\\/02\\\/masque-nasal-joyce-easy.jpeg\",\"width\":324,\"height\":449,\"caption\":\"masque nasal cpap joyce easy\"},{\"@type\":\"BreadcrumbList\",\"@id\":\"https:\\\/\\\/www.oxysphair.be\\\/de\\\/produits\\\/schlafapnoe\\\/cpap-masken\\\/nasal-de\\\/masque-nasal-joyce-easy\\\/#breadcrumb\",\"itemListElement\":[{\"@type\":\"ListItem\",\"position\":1,\"name\":\"Accueil\",\"item\":\"https:\\\/\\\/www.oxysphair.be\\\/de\\\/\"},{\"@type\":\"ListItem\",\"position\":2,\"name\":\"Produkte\",\"item\":\"https:\\\/\\\/www.oxysphair.be\\\/de\\\/shop-produkte\\\/\"},{\"@type\":\"ListItem\",\"position\":3,\"name\":\"Masque nasal &#8211; Joyce Easy &#8211; Loewenstein\"}]},{\"@type\":\"WebSite\",\"@id\":\"https:\\\/\\\/www.oxysphair.be\\\/de\\\/#website\",\"url\":\"https:\\\/\\\/www.oxysphair.be\\\/de\\\/\",\"name\":\"Oxysphair\",\"description\":\"\",\"potentialAction\":[{\"@type\":\"SearchAction\",\"target\":{\"@type\":\"EntryPoint\",\"urlTemplate\":\"https:\\\/\\\/www.oxysphair.be\\\/de\\\/?s={search_term_string}\"},\"query-input\":{\"@type\":\"PropertyValueSpecification\",\"valueRequired\":true,\"valueName\":\"search_term_string\"}}],\"inLanguage\":\"de\"}]}<\/script>\n<!-- \/ Yoast SEO plugin. -->","yoast_head_json":{"title":"Masque nasal - Joyce Easy - Loewenstein | Oxysphair","description":"Optez pour le confort du masque nasal Joyce Easy : parfait ajustement, \u00e9tanch\u00e9it\u00e9 optimale, et facilit\u00e9 de nettoyage pour un sommeil tranquille.","robots":{"index":"index","follow":"follow","max-snippet":"max-snippet:-1","max-image-preview":"max-image-preview:large","max-video-preview":"max-video-preview:-1"},"canonical":"https:\/\/www.oxysphair.be\/de\/produits\/schlafapnoe\/cpap-masken\/nasal-de\/masque-nasal-joyce-easy\/","og_locale":"de_DE","og_type":"article","og_title":"Masque nasal - Joyce Easy - Loewenstein | Oxysphair","og_description":"Optez pour le confort du masque nasal Joyce Easy : parfait ajustement, \u00e9tanch\u00e9it\u00e9 optimale, et facilit\u00e9 de nettoyage pour un sommeil tranquille.","og_url":"https:\/\/www.oxysphair.be\/de\/produits\/schlafapnoe\/cpap-masken\/nasal-de\/masque-nasal-joyce-easy\/","og_site_name":"Oxysphair","article_modified_time":"2026-05-13T14:03:06+00:00","og_image":[{"width":324,"height":449,"url":"https:\/\/www.oxysphair.be\/wp-content\/uploads\/2024\/02\/masque-nasal-joyce-easy.jpeg","type":"image\/jpeg"}],"twitter_card":"summary_large_image","twitter_misc":{"Gesch\u00e4tzte Lesezeit":"1\u00a0Minute"},"schema":{"@context":"https:\/\/schema.org","@graph":[{"@type":"WebPage","@id":"https:\/\/www.oxysphair.be\/de\/produits\/schlafapnoe\/cpap-masken\/nasal-de\/masque-nasal-joyce-easy\/","url":"https:\/\/www.oxysphair.be\/de\/produits\/schlafapnoe\/cpap-masken\/nasal-de\/masque-nasal-joyce-easy\/","name":"Masque nasal - Joyce Easy - Loewenstein | Oxysphair","isPartOf":{"@id":"https:\/\/www.oxysphair.be\/de\/#website"},"primaryImageOfPage":{"@id":"https:\/\/www.oxysphair.be\/de\/produits\/schlafapnoe\/cpap-masken\/nasal-de\/masque-nasal-joyce-easy\/#primaryimage"},"image":{"@id":"https:\/\/www.oxysphair.be\/de\/produits\/schlafapnoe\/cpap-masken\/nasal-de\/masque-nasal-joyce-easy\/#primaryimage"},"thumbnailUrl":"https:\/\/www.oxysphair.be\/wp-content\/uploads\/2024\/02\/masque-nasal-joyce-easy.jpeg","datePublished":"2024-02-06T14:36:12+00:00","dateModified":"2026-05-13T14:03:06+00:00","description":"Optez pour le confort du masque nasal Joyce Easy : parfait ajustement, \u00e9tanch\u00e9it\u00e9 optimale, et facilit\u00e9 de nettoyage pour un sommeil tranquille.","breadcrumb":{"@id":"https:\/\/www.oxysphair.be\/de\/produits\/schlafapnoe\/cpap-masken\/nasal-de\/masque-nasal-joyce-easy\/#breadcrumb"},"inLanguage":"de","potentialAction":[{"@type":"ReadAction","target":["https:\/\/www.oxysphair.be\/de\/produits\/schlafapnoe\/cpap-masken\/nasal-de\/masque-nasal-joyce-easy\/"]}]},{"@type":"ImageObject","inLanguage":"de","@id":"https:\/\/www.oxysphair.be\/de\/produits\/schlafapnoe\/cpap-masken\/nasal-de\/masque-nasal-joyce-easy\/#primaryimage","url":"https:\/\/www.oxysphair.be\/wp-content\/uploads\/2024\/02\/masque-nasal-joyce-easy.jpeg","contentUrl":"https:\/\/www.oxysphair.be\/wp-content\/uploads\/2024\/02\/masque-nasal-joyce-easy.jpeg","width":324,"height":449,"caption":"masque nasal cpap joyce easy"},{"@type":"BreadcrumbList","@id":"https:\/\/www.oxysphair.be\/de\/produits\/schlafapnoe\/cpap-masken\/nasal-de\/masque-nasal-joyce-easy\/#breadcrumb","itemListElement":[{"@type":"ListItem","position":1,"name":"Accueil","item":"https:\/\/www.oxysphair.be\/de\/"},{"@type":"ListItem","position":2,"name":"Produkte","item":"https:\/\/www.oxysphair.be\/de\/shop-produkte\/"},{"@type":"ListItem","position":3,"name":"Masque nasal &#8211; Joyce Easy &#8211; Loewenstein"}]},{"@type":"WebSite","@id":"https:\/\/www.oxysphair.be\/de\/#website","url":"https:\/\/www.oxysphair.be\/de\/","name":"Oxysphair","description":"","potentialAction":[{"@type":"SearchAction","target":{"@type":"EntryPoint","urlTemplate":"https:\/\/www.oxysphair.be\/de\/?s={search_term_string}"},"query-input":{"@type":"PropertyValueSpecification","valueRequired":true,"valueName":"search_term_string"}}],"inLanguage":"de"}]}},"_links":{"self":[{"href":"https:\/\/www.oxysphair.be\/de\/wp-json\/wp\/v2\/product\/252863","targetHints":{"allow":["GET"]}}],"collection":[{"href":"https:\/\/www.oxysphair.be\/de\/wp-json\/wp\/v2\/product"}],"about":[{"href":"https:\/\/www.oxysphair.be\/de\/wp-json\/wp\/v2\/types\/product"}],"replies":[{"embeddable":true,"href":"https:\/\/www.oxysphair.be\/de\/wp-json\/wp\/v2\/comments?post=252863"}],"wp:featuredmedia":[{"embeddable":true,"href":"https:\/\/www.oxysphair.be\/de\/wp-json\/wp\/v2\/media\/254094"}],"wp:attachment":[{"href":"https:\/\/www.oxysphair.be\/de\/wp-json\/wp\/v2\/media?parent=252863"}],"wp:term":[{"taxonomy":"product_brand","embeddable":true,"href":"https:\/\/www.oxysphair.be\/de\/wp-json\/wp\/v2\/product_brand?post=252863"},{"taxonomy":"product_cat","embeddable":true,"href":"https:\/\/www.oxysphair.be\/de\/wp-json\/wp\/v2\/product_cat?post=252863"},{"taxonomy":"product_tag","embeddable":true,"href":"https:\/\/www.oxysphair.be\/de\/wp-json\/wp\/v2\/product_tag?post=252863"}],"curies":[{"name":"wp","href":"https:\/\/api.w.org\/{rel}","templated":true}]}}