{"id":252872,"date":"2024-02-06T15:36:14","date_gmt":"2024-02-06T14:36:14","guid":{"rendered":"https:\/\/oxysphair.poush-dev.be\/?post_type=product&#038;p=252872"},"modified":"2026-05-13T16:03:07","modified_gmt":"2026-05-13T14:03:07","slug":"masque-nasal-leger-pico","status":"publish","type":"product","link":"https:\/\/www.oxysphair.be\/de\/produits\/schlafapnoe\/cpap-masken\/nasal-de\/masque-nasal-leger-pico\/","title":{"rendered":"Masque nasal l\u00e9ger &#8211; Pico &#8211; Philips &#8211; Respironics"},"content":{"rendered":"<p>Le Pico est un masque nasal minimisant la pression sur le visage.<\/p>\n<p>C&#8217;est un des produits les plus l\u00e9gers du march\u00e9.<\/p>\n<p>Sa simplicit\u00e9, son confort et son \u00e9tanch\u00e9it\u00e9 font du Pico un choix rationnel.<\/p>\n<p>Le coussin est d\u00e9montable tr\u00e8s facilement permettant ainsi un nettoyage ais\u00e9.<br \/>\nLe remontage est tout aussi ais\u00e9 gr\u00e2ce au syst\u00e8me clipsable du coussin.<\/p>\n<p>Disponible en 3 tailles S\/M, L et XL<\/p>\n","protected":false},"excerpt":{"rendered":"<p>Exp\u00e9rience maximale de confort avec le masque nasal Pico : l\u00e9ger, facile \u00e0 nettoyer avec son syst\u00e8me clipsable, disponible en 3 tailles pour un ajustement parfait \u00e0 votre t\u00eate.<\/p>\n","protected":false},"featured_media":254069,"comment_status":"closed","ping_status":"closed","template":"","meta":{"_et_pb_use_builder":"","_et_pb_old_content":"","_et_gb_content_width":"","inline_featured_image":false},"product_brand":[148],"product_cat":[24,85,27,271],"product_tag":[],"class_list":{"0":"post-252872","1":"product","2":"type-product","3":"status-publish","4":"has-post-thumbnail","6":"product_brand-philips-respironics","7":"product_cat-apnee-sommeil","8":"product_cat-nasal","9":"product_cat-masque-cpap","10":"product_cat-masques-nasaux","11":"pa_brand-philips-respironics","12":"pa_taille-l","13":"pa_taille-m","14":"pa_taille-xl","16":"first","17":"instock","18":"taxable","19":"shipping-taxable","20":"purchasable","21":"product-type-variable","22":"has-default-attributes"},"acf":[],"yoast_head":"<!-- This site is optimized with the Yoast SEO plugin v27.6 - https:\/\/yoast.com\/product\/yoast-seo-wordpress\/ -->\n<title>Masque nasal l\u00e9ger - Pico - Philips - Respironics | Oxysphair<\/title>\n<meta name=\"description\" content=\"Exp\u00e9rience maximale de confort avec le masque nasal Pico : l\u00e9ger, facile \u00e0 nettoyer avec son syst\u00e8me clipsable, disponible en 3 tailles.\" \/>\n<meta name=\"robots\" content=\"index, follow, max-snippet:-1, max-image-preview:large, max-video-preview:-1\" \/>\n<link rel=\"canonical\" href=\"https:\/\/www.oxysphair.be\/de\/produits\/schlafapnoe\/cpap-masken\/nasal-de\/masque-nasal-leger-pico\/\" \/>\n<meta property=\"og:locale\" content=\"de_DE\" \/>\n<meta property=\"og:type\" content=\"article\" \/>\n<meta property=\"og:title\" content=\"Masque nasal l\u00e9ger - Pico - Philips - Respironics | Oxysphair\" \/>\n<meta property=\"og:description\" content=\"Exp\u00e9rience maximale de confort avec le masque nasal Pico : l\u00e9ger, facile \u00e0 nettoyer avec son syst\u00e8me clipsable, disponible en 3 tailles.\" \/>\n<meta property=\"og:url\" content=\"https:\/\/www.oxysphair.be\/de\/produits\/schlafapnoe\/cpap-masken\/nasal-de\/masque-nasal-leger-pico\/\" \/>\n<meta property=\"og:site_name\" content=\"Oxysphair\" \/>\n<meta property=\"article:modified_time\" content=\"2026-05-13T14:03:07+00:00\" \/>\n<meta property=\"og:image\" content=\"https:\/\/www.oxysphair.be\/wp-content\/uploads\/2024\/02\/masque-nasal-cpap-pico.jpeg\" \/>\n\t<meta property=\"og:image:width\" content=\"583\" \/>\n\t<meta property=\"og:image:height\" content=\"487\" \/>\n\t<meta property=\"og:image:type\" content=\"image\/jpeg\" \/>\n<meta name=\"twitter:card\" content=\"summary_large_image\" \/>\n<meta name=\"twitter:label1\" content=\"Gesch\u00e4tzte Lesezeit\" \/>\n\t<meta name=\"twitter:data1\" content=\"1\u00a0Minute\" \/>\n<script type=\"application\/ld+json\" class=\"yoast-schema-graph\">{\"@context\":\"https:\\\/\\\/schema.org\",\"@graph\":[{\"@type\":\"WebPage\",\"@id\":\"https:\\\/\\\/www.oxysphair.be\\\/de\\\/produits\\\/schlafapnoe\\\/cpap-masken\\\/nasal-de\\\/masque-nasal-leger-pico\\\/\",\"url\":\"https:\\\/\\\/www.oxysphair.be\\\/de\\\/produits\\\/schlafapnoe\\\/cpap-masken\\\/nasal-de\\\/masque-nasal-leger-pico\\\/\",\"name\":\"Masque nasal l\u00e9ger - Pico - Philips - Respironics | Oxysphair\",\"isPartOf\":{\"@id\":\"https:\\\/\\\/www.oxysphair.be\\\/de\\\/#website\"},\"primaryImageOfPage\":{\"@id\":\"https:\\\/\\\/www.oxysphair.be\\\/de\\\/produits\\\/schlafapnoe\\\/cpap-masken\\\/nasal-de\\\/masque-nasal-leger-pico\\\/#primaryimage\"},\"image\":{\"@id\":\"https:\\\/\\\/www.oxysphair.be\\\/de\\\/produits\\\/schlafapnoe\\\/cpap-masken\\\/nasal-de\\\/masque-nasal-leger-pico\\\/#primaryimage\"},\"thumbnailUrl\":\"https:\\\/\\\/www.oxysphair.be\\\/wp-content\\\/uploads\\\/2024\\\/02\\\/masque-nasal-cpap-pico.jpeg\",\"datePublished\":\"2024-02-06T14:36:14+00:00\",\"dateModified\":\"2026-05-13T14:03:07+00:00\",\"description\":\"Exp\u00e9rience maximale de confort avec le masque nasal Pico : l\u00e9ger, facile \u00e0 nettoyer avec son syst\u00e8me clipsable, disponible en 3 tailles.\",\"breadcrumb\":{\"@id\":\"https:\\\/\\\/www.oxysphair.be\\\/de\\\/produits\\\/schlafapnoe\\\/cpap-masken\\\/nasal-de\\\/masque-nasal-leger-pico\\\/#breadcrumb\"},\"inLanguage\":\"de\",\"potentialAction\":[{\"@type\":\"ReadAction\",\"target\":[\"https:\\\/\\\/www.oxysphair.be\\\/de\\\/produits\\\/schlafapnoe\\\/cpap-masken\\\/nasal-de\\\/masque-nasal-leger-pico\\\/\"]}]},{\"@type\":\"ImageObject\",\"inLanguage\":\"de\",\"@id\":\"https:\\\/\\\/www.oxysphair.be\\\/de\\\/produits\\\/schlafapnoe\\\/cpap-masken\\\/nasal-de\\\/masque-nasal-leger-pico\\\/#primaryimage\",\"url\":\"https:\\\/\\\/www.oxysphair.be\\\/wp-content\\\/uploads\\\/2024\\\/02\\\/masque-nasal-cpap-pico.jpeg\",\"contentUrl\":\"https:\\\/\\\/www.oxysphair.be\\\/wp-content\\\/uploads\\\/2024\\\/02\\\/masque-nasal-cpap-pico.jpeg\",\"width\":583,\"height\":487,\"caption\":\"masque cpap nasal leger pico\"},{\"@type\":\"BreadcrumbList\",\"@id\":\"https:\\\/\\\/www.oxysphair.be\\\/de\\\/produits\\\/schlafapnoe\\\/cpap-masken\\\/nasal-de\\\/masque-nasal-leger-pico\\\/#breadcrumb\",\"itemListElement\":[{\"@type\":\"ListItem\",\"position\":1,\"name\":\"Accueil\",\"item\":\"https:\\\/\\\/www.oxysphair.be\\\/de\\\/\"},{\"@type\":\"ListItem\",\"position\":2,\"name\":\"Produkte\",\"item\":\"https:\\\/\\\/www.oxysphair.be\\\/de\\\/shop-produkte\\\/\"},{\"@type\":\"ListItem\",\"position\":3,\"name\":\"Masque nasal l\u00e9ger &#8211; Pico &#8211; Philips &#8211; Respironics\"}]},{\"@type\":\"WebSite\",\"@id\":\"https:\\\/\\\/www.oxysphair.be\\\/de\\\/#website\",\"url\":\"https:\\\/\\\/www.oxysphair.be\\\/de\\\/\",\"name\":\"Oxysphair\",\"description\":\"\",\"potentialAction\":[{\"@type\":\"SearchAction\",\"target\":{\"@type\":\"EntryPoint\",\"urlTemplate\":\"https:\\\/\\\/www.oxysphair.be\\\/de\\\/?s={search_term_string}\"},\"query-input\":{\"@type\":\"PropertyValueSpecification\",\"valueRequired\":true,\"valueName\":\"search_term_string\"}}],\"inLanguage\":\"de\"}]}<\/script>\n<!-- \/ Yoast SEO plugin. -->","yoast_head_json":{"title":"Masque nasal l\u00e9ger - Pico - Philips - Respironics | Oxysphair","description":"Exp\u00e9rience maximale de confort avec le masque nasal Pico : l\u00e9ger, facile \u00e0 nettoyer avec son syst\u00e8me clipsable, disponible en 3 tailles.","robots":{"index":"index","follow":"follow","max-snippet":"max-snippet:-1","max-image-preview":"max-image-preview:large","max-video-preview":"max-video-preview:-1"},"canonical":"https:\/\/www.oxysphair.be\/de\/produits\/schlafapnoe\/cpap-masken\/nasal-de\/masque-nasal-leger-pico\/","og_locale":"de_DE","og_type":"article","og_title":"Masque nasal l\u00e9ger - Pico - Philips - Respironics | Oxysphair","og_description":"Exp\u00e9rience maximale de confort avec le masque nasal Pico : l\u00e9ger, facile \u00e0 nettoyer avec son syst\u00e8me clipsable, disponible en 3 tailles.","og_url":"https:\/\/www.oxysphair.be\/de\/produits\/schlafapnoe\/cpap-masken\/nasal-de\/masque-nasal-leger-pico\/","og_site_name":"Oxysphair","article_modified_time":"2026-05-13T14:03:07+00:00","og_image":[{"width":583,"height":487,"url":"https:\/\/www.oxysphair.be\/wp-content\/uploads\/2024\/02\/masque-nasal-cpap-pico.jpeg","type":"image\/jpeg"}],"twitter_card":"summary_large_image","twitter_misc":{"Gesch\u00e4tzte Lesezeit":"1\u00a0Minute"},"schema":{"@context":"https:\/\/schema.org","@graph":[{"@type":"WebPage","@id":"https:\/\/www.oxysphair.be\/de\/produits\/schlafapnoe\/cpap-masken\/nasal-de\/masque-nasal-leger-pico\/","url":"https:\/\/www.oxysphair.be\/de\/produits\/schlafapnoe\/cpap-masken\/nasal-de\/masque-nasal-leger-pico\/","name":"Masque nasal l\u00e9ger - Pico - Philips - Respironics | Oxysphair","isPartOf":{"@id":"https:\/\/www.oxysphair.be\/de\/#website"},"primaryImageOfPage":{"@id":"https:\/\/www.oxysphair.be\/de\/produits\/schlafapnoe\/cpap-masken\/nasal-de\/masque-nasal-leger-pico\/#primaryimage"},"image":{"@id":"https:\/\/www.oxysphair.be\/de\/produits\/schlafapnoe\/cpap-masken\/nasal-de\/masque-nasal-leger-pico\/#primaryimage"},"thumbnailUrl":"https:\/\/www.oxysphair.be\/wp-content\/uploads\/2024\/02\/masque-nasal-cpap-pico.jpeg","datePublished":"2024-02-06T14:36:14+00:00","dateModified":"2026-05-13T14:03:07+00:00","description":"Exp\u00e9rience maximale de confort avec le masque nasal Pico : l\u00e9ger, facile \u00e0 nettoyer avec son syst\u00e8me clipsable, disponible en 3 tailles.","breadcrumb":{"@id":"https:\/\/www.oxysphair.be\/de\/produits\/schlafapnoe\/cpap-masken\/nasal-de\/masque-nasal-leger-pico\/#breadcrumb"},"inLanguage":"de","potentialAction":[{"@type":"ReadAction","target":["https:\/\/www.oxysphair.be\/de\/produits\/schlafapnoe\/cpap-masken\/nasal-de\/masque-nasal-leger-pico\/"]}]},{"@type":"ImageObject","inLanguage":"de","@id":"https:\/\/www.oxysphair.be\/de\/produits\/schlafapnoe\/cpap-masken\/nasal-de\/masque-nasal-leger-pico\/#primaryimage","url":"https:\/\/www.oxysphair.be\/wp-content\/uploads\/2024\/02\/masque-nasal-cpap-pico.jpeg","contentUrl":"https:\/\/www.oxysphair.be\/wp-content\/uploads\/2024\/02\/masque-nasal-cpap-pico.jpeg","width":583,"height":487,"caption":"masque cpap nasal leger pico"},{"@type":"BreadcrumbList","@id":"https:\/\/www.oxysphair.be\/de\/produits\/schlafapnoe\/cpap-masken\/nasal-de\/masque-nasal-leger-pico\/#breadcrumb","itemListElement":[{"@type":"ListItem","position":1,"name":"Accueil","item":"https:\/\/www.oxysphair.be\/de\/"},{"@type":"ListItem","position":2,"name":"Produkte","item":"https:\/\/www.oxysphair.be\/de\/shop-produkte\/"},{"@type":"ListItem","position":3,"name":"Masque nasal l\u00e9ger &#8211; Pico &#8211; Philips &#8211; Respironics"}]},{"@type":"WebSite","@id":"https:\/\/www.oxysphair.be\/de\/#website","url":"https:\/\/www.oxysphair.be\/de\/","name":"Oxysphair","description":"","potentialAction":[{"@type":"SearchAction","target":{"@type":"EntryPoint","urlTemplate":"https:\/\/www.oxysphair.be\/de\/?s={search_term_string}"},"query-input":{"@type":"PropertyValueSpecification","valueRequired":true,"valueName":"search_term_string"}}],"inLanguage":"de"}]}},"_links":{"self":[{"href":"https:\/\/www.oxysphair.be\/de\/wp-json\/wp\/v2\/product\/252872","targetHints":{"allow":["GET"]}}],"collection":[{"href":"https:\/\/www.oxysphair.be\/de\/wp-json\/wp\/v2\/product"}],"about":[{"href":"https:\/\/www.oxysphair.be\/de\/wp-json\/wp\/v2\/types\/product"}],"replies":[{"embeddable":true,"href":"https:\/\/www.oxysphair.be\/de\/wp-json\/wp\/v2\/comments?post=252872"}],"wp:featuredmedia":[{"embeddable":true,"href":"https:\/\/www.oxysphair.be\/de\/wp-json\/wp\/v2\/media\/254069"}],"wp:attachment":[{"href":"https:\/\/www.oxysphair.be\/de\/wp-json\/wp\/v2\/media?parent=252872"}],"wp:term":[{"taxonomy":"product_brand","embeddable":true,"href":"https:\/\/www.oxysphair.be\/de\/wp-json\/wp\/v2\/product_brand?post=252872"},{"taxonomy":"product_cat","embeddable":true,"href":"https:\/\/www.oxysphair.be\/de\/wp-json\/wp\/v2\/product_cat?post=252872"},{"taxonomy":"product_tag","embeddable":true,"href":"https:\/\/www.oxysphair.be\/de\/wp-json\/wp\/v2\/product_tag?post=252872"}],"curies":[{"name":"wp","href":"https:\/\/api.w.org\/{rel}","templated":true}]}}