{"id":252888,"date":"2024-02-06T15:36:16","date_gmt":"2024-02-06T14:36:16","guid":{"rendered":"https:\/\/oxysphair.poush-dev.be\/?post_type=product&#038;p=252888"},"modified":"2026-04-12T16:03:05","modified_gmt":"2026-04-12T14:03:05","slug":"patch-nasal-gecko","status":"publish","type":"product","link":"https:\/\/www.oxysphair.be\/de\/produits\/schlafapnoe\/patch-nasal-gecko\/","title":{"rendered":"Coussinet nasal &#8211; Gecko &#8211; Resmed"},"content":{"rendered":"<p>Contre les l\u00e9sions \u00e0 l\u2019ar\u00eate du nez et les fuites : Le patch nasal Gecko offre aux utilisateurs de machines CPAP\/PPC une couche suppl\u00e9mentaire de protection, doucement rembourr\u00e9e, pour pr\u00e9venir les fuites, les douleurs et les irritations \u00e0 l\u2019ar\u00eate du nez.<\/p>\n<p><strong>Facile \u00e0 nettoyer<\/strong> : Le patch nasal Gecko est facile \u00e0 nettoyer avec de l\u2019eau chaude et un savon doux. Il s\u00e8che rapidement \u00e0 l\u2019air libre.<\/p>\n<p><strong>Universel:<\/strong> le patch nasal Gecko convient \u00e0 tous les masques nasaux et faciaux.<\/p>\n<p><strong>Mat\u00e9riau de haute qualit\u00e9<\/strong> : le patch nasal Gecko est hypoallerg\u00e9nique et ne contient ni de silicone ni de latex.<\/p>\n<p>Inclus: 1 Patch nasal Gecko et les instructions d\u2019utilisation.<\/p>\n<p>Le patch Gecko est disponible en <strong>Taille S ou L.<\/strong><\/p>\n<p>Mat\u00e9riel :\u00a0Gel de polym\u00e8re \u00e0 partir d&#8217;huile min\u00e9rale<\/p>\n<p>Recommandation du fabricant : <strong>remplacez le produit tous les 30 jours<\/strong><\/p>\n<p>&nbsp;<\/p>\n<h2>Mode d&#8217;emploi<\/h2>\n<p>Lorsque le logo est tourn\u00e9 vers l&#8217;ext\u00e9rieur, appliquez le patch sur l&#8217;ar\u00eate du nez, de sorte que les rabats lat\u00e9raux se trouvent \u00e0 environ un demi-centim\u00e8tre sous les yeux et que le haut de la plaquette se trouve entre les sourcils.<\/p>\n<p>Appuyez doucement sur le tampon pour le faire adh\u00e9rer \u00e0 votre visage.<\/p>\n<p>Placez le masque CPAP sur le patch nasal de mani\u00e8re que le haut du patch soit visible au-dessus du coussin du masque.<\/p>\n<p>L&#8217;oreiller nasal Gecko doit \u00eatre lav\u00e9 r\u00e9guli\u00e8rement et, comme un coussin de masque, remplac\u00e9 r\u00e9guli\u00e8rement (recommandation tous les 30 jours).<\/p>\n","protected":false},"excerpt":{"rendered":"<ul>\n<li>Prot\u00e9gez votre nez contre les irritations \u00e0 l&#8217;ar\u00eate du nez et les fuites<\/li>\n<li>Le patch nasal Gecko offre aux utilisateurs de machines CPAP\/PPC une couche suppl\u00e9mentaire de protection, doucement rembourr\u00e9e, pour pr\u00e9venir les fuites, les douleurs et les irritations du nez.<\/li>\n<\/ul>\n","protected":false},"featured_media":254053,"comment_status":"closed","ping_status":"closed","template":"","meta":{"_et_pb_use_builder":"","_et_pb_old_content":"","_et_gb_content_width":"","inline_featured_image":false},"product_brand":[248],"product_cat":[24],"product_tag":[],"class_list":{"0":"post-252888","1":"product","2":"type-product","3":"status-publish","4":"has-post-thumbnail","6":"product_brand-resmed","7":"product_cat-apnee-sommeil","8":"pa_brand-resmed","9":"pa_taille-l","10":"pa_taille-s","12":"first","13":"instock","14":"taxable","15":"shipping-taxable","16":"purchasable","17":"product-type-variable","18":"has-default-attributes"},"acf":[],"yoast_head":"<!-- This site is optimized with the Yoast SEO plugin v27.3 - https:\/\/yoast.com\/product\/yoast-seo-wordpress\/ -->\n<title>Coussinet nasal - Gecko - Resmed | Oxysphair<\/title>\n<meta name=\"description\" content=\"Prot\u00e9gez votre nez contre les fuites et irritations avec le patch nasal Gecko, id\u00e9al pour les utilisateurs de CPAP\/PPC pour plus de confort.\" \/>\n<meta name=\"robots\" content=\"index, follow, max-snippet:-1, max-image-preview:large, max-video-preview:-1\" \/>\n<link rel=\"canonical\" href=\"https:\/\/www.oxysphair.be\/de\/produits\/schlafapnoe\/patch-nasal-gecko\/\" \/>\n<meta property=\"og:locale\" content=\"de_DE\" \/>\n<meta property=\"og:type\" content=\"article\" \/>\n<meta property=\"og:title\" content=\"Coussinet nasal - Gecko - Resmed | Oxysphair\" \/>\n<meta property=\"og:description\" content=\"Prot\u00e9gez votre nez contre les fuites et irritations avec le patch nasal Gecko, id\u00e9al pour les utilisateurs de CPAP\/PPC pour plus de confort.\" \/>\n<meta property=\"og:url\" content=\"https:\/\/www.oxysphair.be\/de\/produits\/schlafapnoe\/patch-nasal-gecko\/\" \/>\n<meta property=\"og:site_name\" content=\"Oxysphair\" \/>\n<meta property=\"article:modified_time\" content=\"2026-04-12T14:03:05+00:00\" \/>\n<meta property=\"og:image\" content=\"https:\/\/www.oxysphair.be\/wp-content\/uploads\/2024\/02\/patch-nasal-cpap-gecko.webp\" \/>\n\t<meta property=\"og:image:width\" content=\"534\" \/>\n\t<meta property=\"og:image:height\" content=\"534\" \/>\n\t<meta property=\"og:image:type\" content=\"image\/webp\" \/>\n<meta name=\"twitter:card\" content=\"summary_large_image\" \/>\n<meta name=\"twitter:label1\" content=\"Gesch\u00e4tzte Lesezeit\" \/>\n\t<meta name=\"twitter:data1\" content=\"2\u00a0Minuten\" \/>\n<script type=\"application\/ld+json\" class=\"yoast-schema-graph\">{\"@context\":\"https:\\\/\\\/schema.org\",\"@graph\":[{\"@type\":\"WebPage\",\"@id\":\"https:\\\/\\\/www.oxysphair.be\\\/de\\\/produits\\\/schlafapnoe\\\/patch-nasal-gecko\\\/\",\"url\":\"https:\\\/\\\/www.oxysphair.be\\\/de\\\/produits\\\/schlafapnoe\\\/patch-nasal-gecko\\\/\",\"name\":\"Coussinet nasal - Gecko - Resmed | Oxysphair\",\"isPartOf\":{\"@id\":\"https:\\\/\\\/www.oxysphair.be\\\/de\\\/#website\"},\"primaryImageOfPage\":{\"@id\":\"https:\\\/\\\/www.oxysphair.be\\\/de\\\/produits\\\/schlafapnoe\\\/patch-nasal-gecko\\\/#primaryimage\"},\"image\":{\"@id\":\"https:\\\/\\\/www.oxysphair.be\\\/de\\\/produits\\\/schlafapnoe\\\/patch-nasal-gecko\\\/#primaryimage\"},\"thumbnailUrl\":\"https:\\\/\\\/www.oxysphair.be\\\/wp-content\\\/uploads\\\/2024\\\/02\\\/patch-nasal-cpap-gecko.webp\",\"datePublished\":\"2024-02-06T14:36:16+00:00\",\"dateModified\":\"2026-04-12T14:03:05+00:00\",\"description\":\"Prot\u00e9gez votre nez contre les fuites et irritations avec le patch nasal Gecko, id\u00e9al pour les utilisateurs de CPAP\\\/PPC pour plus de confort.\",\"breadcrumb\":{\"@id\":\"https:\\\/\\\/www.oxysphair.be\\\/de\\\/produits\\\/schlafapnoe\\\/patch-nasal-gecko\\\/#breadcrumb\"},\"inLanguage\":\"de\",\"potentialAction\":[{\"@type\":\"ReadAction\",\"target\":[\"https:\\\/\\\/www.oxysphair.be\\\/de\\\/produits\\\/schlafapnoe\\\/patch-nasal-gecko\\\/\"]}]},{\"@type\":\"ImageObject\",\"inLanguage\":\"de\",\"@id\":\"https:\\\/\\\/www.oxysphair.be\\\/de\\\/produits\\\/schlafapnoe\\\/patch-nasal-gecko\\\/#primaryimage\",\"url\":\"https:\\\/\\\/www.oxysphair.be\\\/wp-content\\\/uploads\\\/2024\\\/02\\\/patch-nasal-cpap-gecko.webp\",\"contentUrl\":\"https:\\\/\\\/www.oxysphair.be\\\/wp-content\\\/uploads\\\/2024\\\/02\\\/patch-nasal-cpap-gecko.webp\",\"width\":534,\"height\":534,\"caption\":\"patch nasal pour cpap gecko\"},{\"@type\":\"BreadcrumbList\",\"@id\":\"https:\\\/\\\/www.oxysphair.be\\\/de\\\/produits\\\/schlafapnoe\\\/patch-nasal-gecko\\\/#breadcrumb\",\"itemListElement\":[{\"@type\":\"ListItem\",\"position\":1,\"name\":\"Accueil\",\"item\":\"https:\\\/\\\/www.oxysphair.be\\\/de\\\/\"},{\"@type\":\"ListItem\",\"position\":2,\"name\":\"Produkte\",\"item\":\"https:\\\/\\\/www.oxysphair.be\\\/de\\\/shop-produkte\\\/\"},{\"@type\":\"ListItem\",\"position\":3,\"name\":\"Coussinet nasal &#8211; Gecko &#8211; Resmed\"}]},{\"@type\":\"WebSite\",\"@id\":\"https:\\\/\\\/www.oxysphair.be\\\/de\\\/#website\",\"url\":\"https:\\\/\\\/www.oxysphair.be\\\/de\\\/\",\"name\":\"Oxysphair\",\"description\":\"\",\"potentialAction\":[{\"@type\":\"SearchAction\",\"target\":{\"@type\":\"EntryPoint\",\"urlTemplate\":\"https:\\\/\\\/www.oxysphair.be\\\/de\\\/?s={search_term_string}\"},\"query-input\":{\"@type\":\"PropertyValueSpecification\",\"valueRequired\":true,\"valueName\":\"search_term_string\"}}],\"inLanguage\":\"de\"}]}<\/script>\n<!-- \/ Yoast SEO plugin. -->","yoast_head_json":{"title":"Coussinet nasal - Gecko - Resmed | Oxysphair","description":"Prot\u00e9gez votre nez contre les fuites et irritations avec le patch nasal Gecko, id\u00e9al pour les utilisateurs de CPAP\/PPC pour plus de confort.","robots":{"index":"index","follow":"follow","max-snippet":"max-snippet:-1","max-image-preview":"max-image-preview:large","max-video-preview":"max-video-preview:-1"},"canonical":"https:\/\/www.oxysphair.be\/de\/produits\/schlafapnoe\/patch-nasal-gecko\/","og_locale":"de_DE","og_type":"article","og_title":"Coussinet nasal - Gecko - Resmed | Oxysphair","og_description":"Prot\u00e9gez votre nez contre les fuites et irritations avec le patch nasal Gecko, id\u00e9al pour les utilisateurs de CPAP\/PPC pour plus de confort.","og_url":"https:\/\/www.oxysphair.be\/de\/produits\/schlafapnoe\/patch-nasal-gecko\/","og_site_name":"Oxysphair","article_modified_time":"2026-04-12T14:03:05+00:00","og_image":[{"width":534,"height":534,"url":"https:\/\/www.oxysphair.be\/wp-content\/uploads\/2024\/02\/patch-nasal-cpap-gecko.webp","type":"image\/webp"}],"twitter_card":"summary_large_image","twitter_misc":{"Gesch\u00e4tzte Lesezeit":"2\u00a0Minuten"},"schema":{"@context":"https:\/\/schema.org","@graph":[{"@type":"WebPage","@id":"https:\/\/www.oxysphair.be\/de\/produits\/schlafapnoe\/patch-nasal-gecko\/","url":"https:\/\/www.oxysphair.be\/de\/produits\/schlafapnoe\/patch-nasal-gecko\/","name":"Coussinet nasal - Gecko - Resmed | Oxysphair","isPartOf":{"@id":"https:\/\/www.oxysphair.be\/de\/#website"},"primaryImageOfPage":{"@id":"https:\/\/www.oxysphair.be\/de\/produits\/schlafapnoe\/patch-nasal-gecko\/#primaryimage"},"image":{"@id":"https:\/\/www.oxysphair.be\/de\/produits\/schlafapnoe\/patch-nasal-gecko\/#primaryimage"},"thumbnailUrl":"https:\/\/www.oxysphair.be\/wp-content\/uploads\/2024\/02\/patch-nasal-cpap-gecko.webp","datePublished":"2024-02-06T14:36:16+00:00","dateModified":"2026-04-12T14:03:05+00:00","description":"Prot\u00e9gez votre nez contre les fuites et irritations avec le patch nasal Gecko, id\u00e9al pour les utilisateurs de CPAP\/PPC pour plus de confort.","breadcrumb":{"@id":"https:\/\/www.oxysphair.be\/de\/produits\/schlafapnoe\/patch-nasal-gecko\/#breadcrumb"},"inLanguage":"de","potentialAction":[{"@type":"ReadAction","target":["https:\/\/www.oxysphair.be\/de\/produits\/schlafapnoe\/patch-nasal-gecko\/"]}]},{"@type":"ImageObject","inLanguage":"de","@id":"https:\/\/www.oxysphair.be\/de\/produits\/schlafapnoe\/patch-nasal-gecko\/#primaryimage","url":"https:\/\/www.oxysphair.be\/wp-content\/uploads\/2024\/02\/patch-nasal-cpap-gecko.webp","contentUrl":"https:\/\/www.oxysphair.be\/wp-content\/uploads\/2024\/02\/patch-nasal-cpap-gecko.webp","width":534,"height":534,"caption":"patch nasal pour cpap gecko"},{"@type":"BreadcrumbList","@id":"https:\/\/www.oxysphair.be\/de\/produits\/schlafapnoe\/patch-nasal-gecko\/#breadcrumb","itemListElement":[{"@type":"ListItem","position":1,"name":"Accueil","item":"https:\/\/www.oxysphair.be\/de\/"},{"@type":"ListItem","position":2,"name":"Produkte","item":"https:\/\/www.oxysphair.be\/de\/shop-produkte\/"},{"@type":"ListItem","position":3,"name":"Coussinet nasal &#8211; Gecko &#8211; Resmed"}]},{"@type":"WebSite","@id":"https:\/\/www.oxysphair.be\/de\/#website","url":"https:\/\/www.oxysphair.be\/de\/","name":"Oxysphair","description":"","potentialAction":[{"@type":"SearchAction","target":{"@type":"EntryPoint","urlTemplate":"https:\/\/www.oxysphair.be\/de\/?s={search_term_string}"},"query-input":{"@type":"PropertyValueSpecification","valueRequired":true,"valueName":"search_term_string"}}],"inLanguage":"de"}]}},"_links":{"self":[{"href":"https:\/\/www.oxysphair.be\/de\/wp-json\/wp\/v2\/product\/252888","targetHints":{"allow":["GET"]}}],"collection":[{"href":"https:\/\/www.oxysphair.be\/de\/wp-json\/wp\/v2\/product"}],"about":[{"href":"https:\/\/www.oxysphair.be\/de\/wp-json\/wp\/v2\/types\/product"}],"replies":[{"embeddable":true,"href":"https:\/\/www.oxysphair.be\/de\/wp-json\/wp\/v2\/comments?post=252888"}],"wp:featuredmedia":[{"embeddable":true,"href":"https:\/\/www.oxysphair.be\/de\/wp-json\/wp\/v2\/media\/254053"}],"wp:attachment":[{"href":"https:\/\/www.oxysphair.be\/de\/wp-json\/wp\/v2\/media?parent=252888"}],"wp:term":[{"taxonomy":"product_brand","embeddable":true,"href":"https:\/\/www.oxysphair.be\/de\/wp-json\/wp\/v2\/product_brand?post=252888"},{"taxonomy":"product_cat","embeddable":true,"href":"https:\/\/www.oxysphair.be\/de\/wp-json\/wp\/v2\/product_cat?post=252888"},{"taxonomy":"product_tag","embeddable":true,"href":"https:\/\/www.oxysphair.be\/de\/wp-json\/wp\/v2\/product_tag?post=252888"}],"curies":[{"name":"wp","href":"https:\/\/api.w.org\/{rel}","templated":true}]}}