{"id":252895,"date":"2024-02-06T15:36:18","date_gmt":"2024-02-06T14:36:18","guid":{"rendered":"https:\/\/oxysphair.poush-dev.be\/?post_type=product&#038;p=252895"},"modified":"2026-05-15T20:03:04","modified_gmt":"2026-05-15T18:03:04","slug":"masque-naso-buccal-philips-dreamwear","status":"publish","type":"product","link":"https:\/\/www.oxysphair.be\/de\/produits\/schlafapnoe\/cpap-masken\/fullface-de\/masque-naso-buccal-philips-dreamwear\/","title":{"rendered":"Masque naso-buccal DreamWear &#8211; Philips &#8211; Respironics"},"content":{"rendered":"<div class=\"flex flex-col text-sm pb-25\">\n<article class=\"text-token-text-primary w-full focus:outline-none [--shadow-height:45px] has-data-writing-block:pointer-events-none has-data-writing-block:-mt-(--shadow-height) has-data-writing-block:pt-(--shadow-height) [&amp;:has([data-writing-block])&gt;*]:pointer-events-auto scroll-mt-[calc(var(--header-height)+min(200px,max(70px,20svh)))]\" dir=\"auto\" tabindex=\"-1\" data-turn-id=\"2159aa97-7b2e-4ad1-b499-89ead751ee0c\" data-testid=\"conversation-turn-16\" data-scroll-anchor=\"true\" data-turn=\"assistant\">\n<div class=\"text-base my-auto mx-auto pb-10 [--thread-content-margin:--spacing(4)] @w-sm\/main:[--thread-content-margin:--spacing(6)] @w-lg\/main:[--thread-content-margin:--spacing(16)] px-(--thread-content-margin)\">\n<div class=\"[--thread-content-max-width:40rem] @w-lg\/main:[--thread-content-max-width:48rem] mx-auto max-w-(--thread-content-max-width) flex-1 group\/turn-messages focus-visible:outline-hidden relative flex w-full min-w-0 flex-col agent-turn\" tabindex=\"-1\">\n<div class=\"flex max-w-full flex-col grow\">\n<div class=\"min-h-8 text-message relative flex w-full flex-col items-end gap-2 text-start break-words whitespace-normal [.text-message+&amp;]:mt-1\" dir=\"auto\" data-message-author-role=\"assistant\" data-message-id=\"92f399dc-41c5-418e-9f3c-e86413d99840\" data-message-model-slug=\"gpt-5-2\">\n<div class=\"flex w-full flex-col gap-1 empty:hidden first:pt-[1px]\">\n<div class=\"markdown prose dark:prose-invert w-full wrap-break-word light markdown-new-styling\">\n<p data-start=\"0\" data-end=\"333\">Le <strong data-start=\"3\" data-end=\"34\">Masque naso-bucal DreamWear<\/strong> de <strong data-start=\"38\" data-end=\"49\">Philips<\/strong> est une <strong data-start=\"58\" data-end=\"90\">interface CPAP\/PPC innovante<\/strong> qui combine confort, libert\u00e9 de mouvement et performance. Con\u00e7u pour couvrir \u00e0 la fois le nez <strong data-start=\"185\" data-end=\"201\">et la bouche<\/strong>, il offre une solution adapt\u00e9e aux utilisateurs qui respirent par la bouche ou qui ont du mal \u00e0 maintenir un masque nasal standard.<\/p>\n<p data-start=\"335\" data-end=\"847\">Ce mod\u00e8le se distingue par sa <strong data-start=\"365\" data-end=\"397\">conception ouverte et l\u00e9g\u00e8re<\/strong>, qui r\u00e9duit les points de pression sur le visage tout en offrant une excellente \u00e9tanch\u00e9it\u00e9. Le syst\u00e8me de distribution de l\u2019air unique permet de <strong data-start=\"543\" data-end=\"612\">diriger l\u2019air vers l\u2019int\u00e9rieur du masque via un conduit sup\u00e9rieur<\/strong>, ce qui lib\u00e8re le visage et r\u00e9duit les sensations d\u2019enfermement. Id\u00e9al pour les dormeurs lat\u00e9raux ou ceux qui bougent fr\u00e9quemment pendant la nuit, le DreamWear favorise une exp\u00e9rience plus naturelle et confortable de la th\u00e9rapie CPAP.<\/p>\n<h3 data-start=\"849\" data-end=\"912\">Type de produit<\/h3>\n<p data-start=\"849\" data-end=\"912\">Masque naso-bucal pour th\u00e9rapie CPAP\/PPC.<\/p>\n<h3 data-start=\"914\" data-end=\"1016\">Compatibilit\u00e9<\/h3>\n<p data-start=\"914\" data-end=\"1016\">Compatible avec les appareils CPAP\/PPC standard \u00e9quip\u00e9s d\u2019un connecteur universel.<\/p>\n<h3 data-start=\"1018\" data-end=\"1248\">Confort &amp; libert\u00e9 de mouvement<\/h3>\n<p data-start=\"1018\" data-end=\"1248\">Design <strong data-start=\"1062\" data-end=\"1081\">ouvert et l\u00e9ger<\/strong> qui r\u00e9duit la pression sur le visage et am\u00e9liore le confort. L\u2019entr\u00e9e d\u2019air par le <strong data-start=\"1165\" data-end=\"1183\">haut du masque<\/strong> lib\u00e8re le champ de vision et diminue la sensation d\u2019enfermement.<\/p>\n<h3 data-start=\"1250\" data-end=\"1460\">\u00c9tanch\u00e9it\u00e9 &amp; performance<\/h3>\n<p data-start=\"1250\" data-end=\"1460\">Le coussin est con\u00e7u pour assurer une <strong data-start=\"1319\" data-end=\"1340\">\u00e9tanch\u00e9it\u00e9 fiable<\/strong>, m\u00eame en cas de mouvements nocturnes, tout en maintenant une distribution optimale de l\u2019air pour une th\u00e9rapie efficace.<\/p>\n<h3 data-start=\"1462\" data-end=\"1679\">Entretien &amp; remplacement<\/h3>\n<p data-start=\"1462\" data-end=\"1679\">Nettoyez r\u00e9guli\u00e8rement le masque et le harnais \u00e0 l\u2019eau ti\u00e8de et au savon doux. Remplacez les coussinets et sangles us\u00e9s ou d\u00e9form\u00e9s pour garantir une performance et un confort constants.<\/p>\n<\/div>\n<\/div>\n<\/div>\n<\/div>\n<\/div>\n<\/div>\n<\/article>\n<\/div>\n","protected":false},"excerpt":{"rendered":"<p>Exp\u00e9rimentez le sommeil avec le masque naso-buccal Dreamwear : libert\u00e9 de mouvement, pas de marques rouges, choix de coussins pour un ajustement parfait.<\/p>\n","protected":false},"featured_media":254024,"comment_status":"closed","ping_status":"closed","template":"","meta":{"_et_pb_use_builder":"","_et_pb_old_content":"","_et_gb_content_width":"","inline_featured_image":false},"product_brand":[148],"product_cat":[86,27,270],"product_tag":[],"class_list":{"0":"post-252895","1":"product","2":"type-product","3":"status-publish","4":"has-post-thumbnail","6":"product_brand-philips-respironics","7":"product_cat-fullface","8":"product_cat-masque-cpap","9":"product_cat-masques-faciaux-full-face","10":"pa_brand-philips-respironics","11":"pa_taille-l","12":"pa_taille-m","13":"pa_taille-s","14":"pa_taille-w","16":"first","17":"instock","18":"taxable","19":"shipping-taxable","20":"purchasable","21":"product-type-variable","22":"has-default-attributes"},"acf":[],"yoast_head":"<!-- This site is optimized with the Yoast SEO plugin v27.6 - https:\/\/yoast.com\/product\/yoast-seo-wordpress\/ -->\n<title>Masque naso-buccal DreamWear - Philips - Respironics | Oxysphair<\/title>\n<meta name=\"description\" content=\"Exp\u00e9rimentez le sommeil avec le masque naso-buccal Dreamwear : libert\u00e9 de mouvement, pas de marques rouges, choix de coussins pour un ajustement parfait.\" \/>\n<meta name=\"robots\" content=\"index, follow, max-snippet:-1, max-image-preview:large, max-video-preview:-1\" \/>\n<link rel=\"canonical\" href=\"https:\/\/www.oxysphair.be\/de\/produits\/schlafapnoe\/cpap-masken\/fullface-de\/masque-naso-buccal-philips-dreamwear\/\" \/>\n<meta property=\"og:locale\" content=\"de_DE\" \/>\n<meta property=\"og:type\" content=\"article\" \/>\n<meta property=\"og:title\" content=\"Masque naso-buccal DreamWear - Philips - Respironics | Oxysphair\" \/>\n<meta property=\"og:description\" content=\"Exp\u00e9rimentez le sommeil avec le masque naso-buccal Dreamwear : libert\u00e9 de mouvement, pas de marques rouges, choix de coussins pour un ajustement parfait.\" \/>\n<meta property=\"og:url\" content=\"https:\/\/www.oxysphair.be\/de\/produits\/schlafapnoe\/cpap-masken\/fullface-de\/masque-naso-buccal-philips-dreamwear\/\" \/>\n<meta property=\"og:site_name\" content=\"Oxysphair\" \/>\n<meta property=\"article:modified_time\" content=\"2026-05-15T18:03:04+00:00\" \/>\n<meta property=\"og:image\" content=\"https:\/\/www.oxysphair.be\/wp-content\/uploads\/2024\/02\/masque-cpap-visage-dreamwear.jpeg\" \/>\n\t<meta property=\"og:image:width\" content=\"600\" \/>\n\t<meta property=\"og:image:height\" content=\"600\" \/>\n\t<meta property=\"og:image:type\" content=\"image\/jpeg\" \/>\n<meta name=\"twitter:card\" content=\"summary_large_image\" \/>\n<meta name=\"twitter:label1\" content=\"Gesch\u00e4tzte Lesezeit\" \/>\n\t<meta name=\"twitter:data1\" content=\"2\u00a0Minuten\" \/>\n<script type=\"application\/ld+json\" class=\"yoast-schema-graph\">{\"@context\":\"https:\\\/\\\/schema.org\",\"@graph\":[{\"@type\":\"WebPage\",\"@id\":\"https:\\\/\\\/www.oxysphair.be\\\/de\\\/produits\\\/schlafapnoe\\\/cpap-masken\\\/fullface-de\\\/masque-naso-buccal-philips-dreamwear\\\/\",\"url\":\"https:\\\/\\\/www.oxysphair.be\\\/de\\\/produits\\\/schlafapnoe\\\/cpap-masken\\\/fullface-de\\\/masque-naso-buccal-philips-dreamwear\\\/\",\"name\":\"Masque naso-buccal DreamWear - Philips - Respironics | Oxysphair\",\"isPartOf\":{\"@id\":\"https:\\\/\\\/www.oxysphair.be\\\/de\\\/#website\"},\"primaryImageOfPage\":{\"@id\":\"https:\\\/\\\/www.oxysphair.be\\\/de\\\/produits\\\/schlafapnoe\\\/cpap-masken\\\/fullface-de\\\/masque-naso-buccal-philips-dreamwear\\\/#primaryimage\"},\"image\":{\"@id\":\"https:\\\/\\\/www.oxysphair.be\\\/de\\\/produits\\\/schlafapnoe\\\/cpap-masken\\\/fullface-de\\\/masque-naso-buccal-philips-dreamwear\\\/#primaryimage\"},\"thumbnailUrl\":\"https:\\\/\\\/www.oxysphair.be\\\/wp-content\\\/uploads\\\/2024\\\/02\\\/masque-cpap-visage-dreamwear.jpeg\",\"datePublished\":\"2024-02-06T14:36:18+00:00\",\"dateModified\":\"2026-05-15T18:03:04+00:00\",\"description\":\"Exp\u00e9rimentez le sommeil avec le masque naso-buccal Dreamwear : libert\u00e9 de mouvement, pas de marques rouges, choix de coussins pour un ajustement parfait.\",\"breadcrumb\":{\"@id\":\"https:\\\/\\\/www.oxysphair.be\\\/de\\\/produits\\\/schlafapnoe\\\/cpap-masken\\\/fullface-de\\\/masque-naso-buccal-philips-dreamwear\\\/#breadcrumb\"},\"inLanguage\":\"de\",\"potentialAction\":[{\"@type\":\"ReadAction\",\"target\":[\"https:\\\/\\\/www.oxysphair.be\\\/de\\\/produits\\\/schlafapnoe\\\/cpap-masken\\\/fullface-de\\\/masque-naso-buccal-philips-dreamwear\\\/\"]}]},{\"@type\":\"ImageObject\",\"inLanguage\":\"de\",\"@id\":\"https:\\\/\\\/www.oxysphair.be\\\/de\\\/produits\\\/schlafapnoe\\\/cpap-masken\\\/fullface-de\\\/masque-naso-buccal-philips-dreamwear\\\/#primaryimage\",\"url\":\"https:\\\/\\\/www.oxysphair.be\\\/wp-content\\\/uploads\\\/2024\\\/02\\\/masque-cpap-visage-dreamwear.jpeg\",\"contentUrl\":\"https:\\\/\\\/www.oxysphair.be\\\/wp-content\\\/uploads\\\/2024\\\/02\\\/masque-cpap-visage-dreamwear.jpeg\",\"width\":600,\"height\":600,\"caption\":\"masque naso-buccal dreamwear\"},{\"@type\":\"BreadcrumbList\",\"@id\":\"https:\\\/\\\/www.oxysphair.be\\\/de\\\/produits\\\/schlafapnoe\\\/cpap-masken\\\/fullface-de\\\/masque-naso-buccal-philips-dreamwear\\\/#breadcrumb\",\"itemListElement\":[{\"@type\":\"ListItem\",\"position\":1,\"name\":\"Accueil\",\"item\":\"https:\\\/\\\/www.oxysphair.be\\\/de\\\/\"},{\"@type\":\"ListItem\",\"position\":2,\"name\":\"Produkte\",\"item\":\"https:\\\/\\\/www.oxysphair.be\\\/de\\\/shop-produkte\\\/\"},{\"@type\":\"ListItem\",\"position\":3,\"name\":\"Masque naso-buccal DreamWear &#8211; Philips &#8211; Respironics\"}]},{\"@type\":\"WebSite\",\"@id\":\"https:\\\/\\\/www.oxysphair.be\\\/de\\\/#website\",\"url\":\"https:\\\/\\\/www.oxysphair.be\\\/de\\\/\",\"name\":\"Oxysphair\",\"description\":\"\",\"potentialAction\":[{\"@type\":\"SearchAction\",\"target\":{\"@type\":\"EntryPoint\",\"urlTemplate\":\"https:\\\/\\\/www.oxysphair.be\\\/de\\\/?s={search_term_string}\"},\"query-input\":{\"@type\":\"PropertyValueSpecification\",\"valueRequired\":true,\"valueName\":\"search_term_string\"}}],\"inLanguage\":\"de\"}]}<\/script>\n<!-- \/ Yoast SEO plugin. -->","yoast_head_json":{"title":"Masque naso-buccal DreamWear - Philips - Respironics | Oxysphair","description":"Exp\u00e9rimentez le sommeil avec le masque naso-buccal Dreamwear : libert\u00e9 de mouvement, pas de marques rouges, choix de coussins pour un ajustement parfait.","robots":{"index":"index","follow":"follow","max-snippet":"max-snippet:-1","max-image-preview":"max-image-preview:large","max-video-preview":"max-video-preview:-1"},"canonical":"https:\/\/www.oxysphair.be\/de\/produits\/schlafapnoe\/cpap-masken\/fullface-de\/masque-naso-buccal-philips-dreamwear\/","og_locale":"de_DE","og_type":"article","og_title":"Masque naso-buccal DreamWear - Philips - Respironics | Oxysphair","og_description":"Exp\u00e9rimentez le sommeil avec le masque naso-buccal Dreamwear : libert\u00e9 de mouvement, pas de marques rouges, choix de coussins pour un ajustement parfait.","og_url":"https:\/\/www.oxysphair.be\/de\/produits\/schlafapnoe\/cpap-masken\/fullface-de\/masque-naso-buccal-philips-dreamwear\/","og_site_name":"Oxysphair","article_modified_time":"2026-05-15T18:03:04+00:00","og_image":[{"width":600,"height":600,"url":"https:\/\/www.oxysphair.be\/wp-content\/uploads\/2024\/02\/masque-cpap-visage-dreamwear.jpeg","type":"image\/jpeg"}],"twitter_card":"summary_large_image","twitter_misc":{"Gesch\u00e4tzte Lesezeit":"2\u00a0Minuten"},"schema":{"@context":"https:\/\/schema.org","@graph":[{"@type":"WebPage","@id":"https:\/\/www.oxysphair.be\/de\/produits\/schlafapnoe\/cpap-masken\/fullface-de\/masque-naso-buccal-philips-dreamwear\/","url":"https:\/\/www.oxysphair.be\/de\/produits\/schlafapnoe\/cpap-masken\/fullface-de\/masque-naso-buccal-philips-dreamwear\/","name":"Masque naso-buccal DreamWear - Philips - Respironics | Oxysphair","isPartOf":{"@id":"https:\/\/www.oxysphair.be\/de\/#website"},"primaryImageOfPage":{"@id":"https:\/\/www.oxysphair.be\/de\/produits\/schlafapnoe\/cpap-masken\/fullface-de\/masque-naso-buccal-philips-dreamwear\/#primaryimage"},"image":{"@id":"https:\/\/www.oxysphair.be\/de\/produits\/schlafapnoe\/cpap-masken\/fullface-de\/masque-naso-buccal-philips-dreamwear\/#primaryimage"},"thumbnailUrl":"https:\/\/www.oxysphair.be\/wp-content\/uploads\/2024\/02\/masque-cpap-visage-dreamwear.jpeg","datePublished":"2024-02-06T14:36:18+00:00","dateModified":"2026-05-15T18:03:04+00:00","description":"Exp\u00e9rimentez le sommeil avec le masque naso-buccal Dreamwear : libert\u00e9 de mouvement, pas de marques rouges, choix de coussins pour un ajustement parfait.","breadcrumb":{"@id":"https:\/\/www.oxysphair.be\/de\/produits\/schlafapnoe\/cpap-masken\/fullface-de\/masque-naso-buccal-philips-dreamwear\/#breadcrumb"},"inLanguage":"de","potentialAction":[{"@type":"ReadAction","target":["https:\/\/www.oxysphair.be\/de\/produits\/schlafapnoe\/cpap-masken\/fullface-de\/masque-naso-buccal-philips-dreamwear\/"]}]},{"@type":"ImageObject","inLanguage":"de","@id":"https:\/\/www.oxysphair.be\/de\/produits\/schlafapnoe\/cpap-masken\/fullface-de\/masque-naso-buccal-philips-dreamwear\/#primaryimage","url":"https:\/\/www.oxysphair.be\/wp-content\/uploads\/2024\/02\/masque-cpap-visage-dreamwear.jpeg","contentUrl":"https:\/\/www.oxysphair.be\/wp-content\/uploads\/2024\/02\/masque-cpap-visage-dreamwear.jpeg","width":600,"height":600,"caption":"masque naso-buccal dreamwear"},{"@type":"BreadcrumbList","@id":"https:\/\/www.oxysphair.be\/de\/produits\/schlafapnoe\/cpap-masken\/fullface-de\/masque-naso-buccal-philips-dreamwear\/#breadcrumb","itemListElement":[{"@type":"ListItem","position":1,"name":"Accueil","item":"https:\/\/www.oxysphair.be\/de\/"},{"@type":"ListItem","position":2,"name":"Produkte","item":"https:\/\/www.oxysphair.be\/de\/shop-produkte\/"},{"@type":"ListItem","position":3,"name":"Masque naso-buccal DreamWear &#8211; Philips &#8211; Respironics"}]},{"@type":"WebSite","@id":"https:\/\/www.oxysphair.be\/de\/#website","url":"https:\/\/www.oxysphair.be\/de\/","name":"Oxysphair","description":"","potentialAction":[{"@type":"SearchAction","target":{"@type":"EntryPoint","urlTemplate":"https:\/\/www.oxysphair.be\/de\/?s={search_term_string}"},"query-input":{"@type":"PropertyValueSpecification","valueRequired":true,"valueName":"search_term_string"}}],"inLanguage":"de"}]}},"_links":{"self":[{"href":"https:\/\/www.oxysphair.be\/de\/wp-json\/wp\/v2\/product\/252895","targetHints":{"allow":["GET"]}}],"collection":[{"href":"https:\/\/www.oxysphair.be\/de\/wp-json\/wp\/v2\/product"}],"about":[{"href":"https:\/\/www.oxysphair.be\/de\/wp-json\/wp\/v2\/types\/product"}],"replies":[{"embeddable":true,"href":"https:\/\/www.oxysphair.be\/de\/wp-json\/wp\/v2\/comments?post=252895"}],"wp:featuredmedia":[{"embeddable":true,"href":"https:\/\/www.oxysphair.be\/de\/wp-json\/wp\/v2\/media\/254024"}],"wp:attachment":[{"href":"https:\/\/www.oxysphair.be\/de\/wp-json\/wp\/v2\/media?parent=252895"}],"wp:term":[{"taxonomy":"product_brand","embeddable":true,"href":"https:\/\/www.oxysphair.be\/de\/wp-json\/wp\/v2\/product_brand?post=252895"},{"taxonomy":"product_cat","embeddable":true,"href":"https:\/\/www.oxysphair.be\/de\/wp-json\/wp\/v2\/product_cat?post=252895"},{"taxonomy":"product_tag","embeddable":true,"href":"https:\/\/www.oxysphair.be\/de\/wp-json\/wp\/v2\/product_tag?post=252895"}],"curies":[{"name":"wp","href":"https:\/\/api.w.org\/{rel}","templated":true}]}}