{"id":252910,"date":"2024-02-06T15:36:20","date_gmt":"2024-02-06T14:36:20","guid":{"rendered":"https:\/\/oxysphair.poush-dev.be\/?post_type=product&#038;p=252910"},"modified":"2026-05-15T20:03:04","modified_gmt":"2026-05-15T18:03:04","slug":"masque-visage-vitera","status":"publish","type":"product","link":"https:\/\/www.oxysphair.be\/de\/produits\/schlafapnoe\/cpap-masken\/fullface-de\/masque-visage-vitera\/","title":{"rendered":"Masque visage complet &#8211; Vitera &#8211; Fisher &#038; Paykel"},"content":{"rendered":"<p>Gr\u00e2ce \u00e0 des technologies combinant respirabilit\u00e9, adaptabilit\u00e9 et stabilit\u00e9 tout au long de la nuit, F&amp;P\u00a0<strong>Vitera\u00a0<\/strong>est un masque qui red\u00e9finit le confort.<\/p>\n<p>La transpiration pendant le sommeil \u00e9tant un sympt\u00f4me bien connu des patients apn\u00e9iques, le harnais Vitera est fabriqu\u00e9 dans un tissu respirant exclusif qui permet 21 fois plus de circulation d&#8217;air.<\/p>\n<p>La technologie VentiCool aide \u00e0 garder les patients au frais et \u00e0 l&#8217;aise pendant leur sommeil.<\/p>\n<p>Le joint RollFit XT connect\u00e9 \u00e0 la jupe permet au masque de s&#8217;adapter de mani\u00e8re dynamique aux mouvements de patients pendant la nuit, en maintenant le joint en place et en r\u00e9duisant la pression sur l&#8217;ar\u00eate du nez.\u00a0Le joint RollFit XT s&#8217;\u00e9tend \u00e0 93% plus loin que le joint RollFit de la g\u00e9n\u00e9ration pr\u00e9c\u00e9dente.<\/p>\n<p>La forme du joint RollFit XT a \u00e9galement \u00e9t\u00e9 con\u00e7ue pour s&#8217;adapter \u00e0 une large gamme de formes de visage et minimiser les fuites dans les yeux.<\/p>\n<p>Disponible en trois tailles: Petit, Moyen et Grand<\/p>\n","protected":false},"excerpt":{"rendered":"<p>Profitez d&#8217;un sommeil confortable avec le masque Vitera : respirabilit\u00e9, adaptabilit\u00e9, et stabilit\u00e9 avec VentiCool pour une nuit fra\u00eeche et agr\u00e9able.<\/p>\n","protected":false},"featured_media":254004,"comment_status":"closed","ping_status":"closed","template":"","meta":{"_et_pb_use_builder":"","_et_pb_old_content":"","_et_gb_content_width":"","inline_featured_image":false},"product_brand":[147],"product_cat":[86,27,270],"product_tag":[],"class_list":{"0":"post-252910","1":"product","2":"type-product","3":"status-publish","4":"has-post-thumbnail","6":"product_brand-fisher-paykel","7":"product_cat-fullface","8":"product_cat-masque-cpap","9":"product_cat-masques-faciaux-full-face","10":"pa_brand-fisher-paykel","11":"pa_taille-l","12":"pa_taille-m","13":"pa_taille-s","15":"first","16":"instock","17":"taxable","18":"shipping-taxable","19":"purchasable","20":"product-type-variable","21":"has-default-attributes"},"acf":[],"yoast_head":"<!-- This site is optimized with the Yoast SEO plugin v27.6 - https:\/\/yoast.com\/product\/yoast-seo-wordpress\/ -->\n<title>Masque visage complet - Vitera - Fisher &amp; Paykel<\/title>\n<meta name=\"description\" content=\"Profitez d&#039;un sommeil confortable avec le masque Vitera : respirabilit\u00e9, adaptabilit\u00e9, et stabilit\u00e9 avec VentiCool pour une nuit fra\u00eeche et agr\u00e9able.\" \/>\n<meta name=\"robots\" content=\"index, follow, max-snippet:-1, max-image-preview:large, max-video-preview:-1\" \/>\n<link rel=\"canonical\" href=\"https:\/\/www.oxysphair.be\/de\/produits\/schlafapnoe\/cpap-masken\/fullface-de\/masque-visage-vitera\/\" \/>\n<meta property=\"og:locale\" content=\"de_DE\" \/>\n<meta property=\"og:type\" content=\"article\" \/>\n<meta property=\"og:title\" content=\"Masque visage complet - Vitera - Fisher &amp; Paykel\" \/>\n<meta property=\"og:description\" content=\"Profitez d&#039;un sommeil confortable avec le masque Vitera : respirabilit\u00e9, adaptabilit\u00e9, et stabilit\u00e9 avec VentiCool pour une nuit fra\u00eeche et agr\u00e9able.\" \/>\n<meta property=\"og:url\" content=\"https:\/\/www.oxysphair.be\/de\/produits\/schlafapnoe\/cpap-masken\/fullface-de\/masque-visage-vitera\/\" \/>\n<meta property=\"og:site_name\" content=\"Oxysphair\" \/>\n<meta property=\"article:modified_time\" content=\"2026-05-15T18:03:04+00:00\" \/>\n<meta property=\"og:image\" content=\"https:\/\/www.oxysphair.be\/wp-content\/uploads\/2024\/02\/masque-visage-cpap-vitera.jpeg\" \/>\n\t<meta property=\"og:image:width\" content=\"413\" \/>\n\t<meta property=\"og:image:height\" content=\"577\" \/>\n\t<meta property=\"og:image:type\" content=\"image\/jpeg\" \/>\n<meta name=\"twitter:card\" content=\"summary_large_image\" \/>\n<meta name=\"twitter:label1\" content=\"Gesch\u00e4tzte Lesezeit\" \/>\n\t<meta name=\"twitter:data1\" content=\"2\u00a0Minuten\" \/>\n<script type=\"application\/ld+json\" class=\"yoast-schema-graph\">{\"@context\":\"https:\\\/\\\/schema.org\",\"@graph\":[{\"@type\":\"WebPage\",\"@id\":\"https:\\\/\\\/www.oxysphair.be\\\/de\\\/produits\\\/schlafapnoe\\\/cpap-masken\\\/fullface-de\\\/masque-visage-vitera\\\/\",\"url\":\"https:\\\/\\\/www.oxysphair.be\\\/de\\\/produits\\\/schlafapnoe\\\/cpap-masken\\\/fullface-de\\\/masque-visage-vitera\\\/\",\"name\":\"Masque visage complet - Vitera - Fisher & Paykel\",\"isPartOf\":{\"@id\":\"https:\\\/\\\/www.oxysphair.be\\\/de\\\/#website\"},\"primaryImageOfPage\":{\"@id\":\"https:\\\/\\\/www.oxysphair.be\\\/de\\\/produits\\\/schlafapnoe\\\/cpap-masken\\\/fullface-de\\\/masque-visage-vitera\\\/#primaryimage\"},\"image\":{\"@id\":\"https:\\\/\\\/www.oxysphair.be\\\/de\\\/produits\\\/schlafapnoe\\\/cpap-masken\\\/fullface-de\\\/masque-visage-vitera\\\/#primaryimage\"},\"thumbnailUrl\":\"https:\\\/\\\/www.oxysphair.be\\\/wp-content\\\/uploads\\\/2024\\\/02\\\/masque-visage-cpap-vitera.jpeg\",\"datePublished\":\"2024-02-06T14:36:20+00:00\",\"dateModified\":\"2026-05-15T18:03:04+00:00\",\"description\":\"Profitez d'un sommeil confortable avec le masque Vitera : respirabilit\u00e9, adaptabilit\u00e9, et stabilit\u00e9 avec VentiCool pour une nuit fra\u00eeche et agr\u00e9able.\",\"breadcrumb\":{\"@id\":\"https:\\\/\\\/www.oxysphair.be\\\/de\\\/produits\\\/schlafapnoe\\\/cpap-masken\\\/fullface-de\\\/masque-visage-vitera\\\/#breadcrumb\"},\"inLanguage\":\"de\",\"potentialAction\":[{\"@type\":\"ReadAction\",\"target\":[\"https:\\\/\\\/www.oxysphair.be\\\/de\\\/produits\\\/schlafapnoe\\\/cpap-masken\\\/fullface-de\\\/masque-visage-vitera\\\/\"]}]},{\"@type\":\"ImageObject\",\"inLanguage\":\"de\",\"@id\":\"https:\\\/\\\/www.oxysphair.be\\\/de\\\/produits\\\/schlafapnoe\\\/cpap-masken\\\/fullface-de\\\/masque-visage-vitera\\\/#primaryimage\",\"url\":\"https:\\\/\\\/www.oxysphair.be\\\/wp-content\\\/uploads\\\/2024\\\/02\\\/masque-visage-cpap-vitera.jpeg\",\"contentUrl\":\"https:\\\/\\\/www.oxysphair.be\\\/wp-content\\\/uploads\\\/2024\\\/02\\\/masque-visage-cpap-vitera.jpeg\",\"width\":413,\"height\":577,\"caption\":\"masque cpap visage complet vitera\"},{\"@type\":\"BreadcrumbList\",\"@id\":\"https:\\\/\\\/www.oxysphair.be\\\/de\\\/produits\\\/schlafapnoe\\\/cpap-masken\\\/fullface-de\\\/masque-visage-vitera\\\/#breadcrumb\",\"itemListElement\":[{\"@type\":\"ListItem\",\"position\":1,\"name\":\"Accueil\",\"item\":\"https:\\\/\\\/www.oxysphair.be\\\/de\\\/\"},{\"@type\":\"ListItem\",\"position\":2,\"name\":\"Produkte\",\"item\":\"https:\\\/\\\/www.oxysphair.be\\\/de\\\/shop-produkte\\\/\"},{\"@type\":\"ListItem\",\"position\":3,\"name\":\"Masque visage complet &#8211; Vitera &#8211; Fisher &#038; Paykel\"}]},{\"@type\":\"WebSite\",\"@id\":\"https:\\\/\\\/www.oxysphair.be\\\/de\\\/#website\",\"url\":\"https:\\\/\\\/www.oxysphair.be\\\/de\\\/\",\"name\":\"Oxysphair\",\"description\":\"\",\"potentialAction\":[{\"@type\":\"SearchAction\",\"target\":{\"@type\":\"EntryPoint\",\"urlTemplate\":\"https:\\\/\\\/www.oxysphair.be\\\/de\\\/?s={search_term_string}\"},\"query-input\":{\"@type\":\"PropertyValueSpecification\",\"valueRequired\":true,\"valueName\":\"search_term_string\"}}],\"inLanguage\":\"de\"}]}<\/script>\n<!-- \/ Yoast SEO plugin. -->","yoast_head_json":{"title":"Masque visage complet - Vitera - Fisher & Paykel","description":"Profitez d'un sommeil confortable avec le masque Vitera : respirabilit\u00e9, adaptabilit\u00e9, et stabilit\u00e9 avec VentiCool pour une nuit fra\u00eeche et agr\u00e9able.","robots":{"index":"index","follow":"follow","max-snippet":"max-snippet:-1","max-image-preview":"max-image-preview:large","max-video-preview":"max-video-preview:-1"},"canonical":"https:\/\/www.oxysphair.be\/de\/produits\/schlafapnoe\/cpap-masken\/fullface-de\/masque-visage-vitera\/","og_locale":"de_DE","og_type":"article","og_title":"Masque visage complet - Vitera - Fisher & Paykel","og_description":"Profitez d'un sommeil confortable avec le masque Vitera : respirabilit\u00e9, adaptabilit\u00e9, et stabilit\u00e9 avec VentiCool pour une nuit fra\u00eeche et agr\u00e9able.","og_url":"https:\/\/www.oxysphair.be\/de\/produits\/schlafapnoe\/cpap-masken\/fullface-de\/masque-visage-vitera\/","og_site_name":"Oxysphair","article_modified_time":"2026-05-15T18:03:04+00:00","og_image":[{"width":413,"height":577,"url":"https:\/\/www.oxysphair.be\/wp-content\/uploads\/2024\/02\/masque-visage-cpap-vitera.jpeg","type":"image\/jpeg"}],"twitter_card":"summary_large_image","twitter_misc":{"Gesch\u00e4tzte Lesezeit":"2\u00a0Minuten"},"schema":{"@context":"https:\/\/schema.org","@graph":[{"@type":"WebPage","@id":"https:\/\/www.oxysphair.be\/de\/produits\/schlafapnoe\/cpap-masken\/fullface-de\/masque-visage-vitera\/","url":"https:\/\/www.oxysphair.be\/de\/produits\/schlafapnoe\/cpap-masken\/fullface-de\/masque-visage-vitera\/","name":"Masque visage complet - Vitera - Fisher & Paykel","isPartOf":{"@id":"https:\/\/www.oxysphair.be\/de\/#website"},"primaryImageOfPage":{"@id":"https:\/\/www.oxysphair.be\/de\/produits\/schlafapnoe\/cpap-masken\/fullface-de\/masque-visage-vitera\/#primaryimage"},"image":{"@id":"https:\/\/www.oxysphair.be\/de\/produits\/schlafapnoe\/cpap-masken\/fullface-de\/masque-visage-vitera\/#primaryimage"},"thumbnailUrl":"https:\/\/www.oxysphair.be\/wp-content\/uploads\/2024\/02\/masque-visage-cpap-vitera.jpeg","datePublished":"2024-02-06T14:36:20+00:00","dateModified":"2026-05-15T18:03:04+00:00","description":"Profitez d'un sommeil confortable avec le masque Vitera : respirabilit\u00e9, adaptabilit\u00e9, et stabilit\u00e9 avec VentiCool pour une nuit fra\u00eeche et agr\u00e9able.","breadcrumb":{"@id":"https:\/\/www.oxysphair.be\/de\/produits\/schlafapnoe\/cpap-masken\/fullface-de\/masque-visage-vitera\/#breadcrumb"},"inLanguage":"de","potentialAction":[{"@type":"ReadAction","target":["https:\/\/www.oxysphair.be\/de\/produits\/schlafapnoe\/cpap-masken\/fullface-de\/masque-visage-vitera\/"]}]},{"@type":"ImageObject","inLanguage":"de","@id":"https:\/\/www.oxysphair.be\/de\/produits\/schlafapnoe\/cpap-masken\/fullface-de\/masque-visage-vitera\/#primaryimage","url":"https:\/\/www.oxysphair.be\/wp-content\/uploads\/2024\/02\/masque-visage-cpap-vitera.jpeg","contentUrl":"https:\/\/www.oxysphair.be\/wp-content\/uploads\/2024\/02\/masque-visage-cpap-vitera.jpeg","width":413,"height":577,"caption":"masque cpap visage complet vitera"},{"@type":"BreadcrumbList","@id":"https:\/\/www.oxysphair.be\/de\/produits\/schlafapnoe\/cpap-masken\/fullface-de\/masque-visage-vitera\/#breadcrumb","itemListElement":[{"@type":"ListItem","position":1,"name":"Accueil","item":"https:\/\/www.oxysphair.be\/de\/"},{"@type":"ListItem","position":2,"name":"Produkte","item":"https:\/\/www.oxysphair.be\/de\/shop-produkte\/"},{"@type":"ListItem","position":3,"name":"Masque visage complet &#8211; Vitera &#8211; Fisher &#038; Paykel"}]},{"@type":"WebSite","@id":"https:\/\/www.oxysphair.be\/de\/#website","url":"https:\/\/www.oxysphair.be\/de\/","name":"Oxysphair","description":"","potentialAction":[{"@type":"SearchAction","target":{"@type":"EntryPoint","urlTemplate":"https:\/\/www.oxysphair.be\/de\/?s={search_term_string}"},"query-input":{"@type":"PropertyValueSpecification","valueRequired":true,"valueName":"search_term_string"}}],"inLanguage":"de"}]}},"_links":{"self":[{"href":"https:\/\/www.oxysphair.be\/de\/wp-json\/wp\/v2\/product\/252910","targetHints":{"allow":["GET"]}}],"collection":[{"href":"https:\/\/www.oxysphair.be\/de\/wp-json\/wp\/v2\/product"}],"about":[{"href":"https:\/\/www.oxysphair.be\/de\/wp-json\/wp\/v2\/types\/product"}],"replies":[{"embeddable":true,"href":"https:\/\/www.oxysphair.be\/de\/wp-json\/wp\/v2\/comments?post=252910"}],"wp:featuredmedia":[{"embeddable":true,"href":"https:\/\/www.oxysphair.be\/de\/wp-json\/wp\/v2\/media\/254004"}],"wp:attachment":[{"href":"https:\/\/www.oxysphair.be\/de\/wp-json\/wp\/v2\/media?parent=252910"}],"wp:term":[{"taxonomy":"product_brand","embeddable":true,"href":"https:\/\/www.oxysphair.be\/de\/wp-json\/wp\/v2\/product_brand?post=252910"},{"taxonomy":"product_cat","embeddable":true,"href":"https:\/\/www.oxysphair.be\/de\/wp-json\/wp\/v2\/product_cat?post=252910"},{"taxonomy":"product_tag","embeddable":true,"href":"https:\/\/www.oxysphair.be\/de\/wp-json\/wp\/v2\/product_tag?post=252910"}],"curies":[{"name":"wp","href":"https:\/\/api.w.org\/{rel}","templated":true}]}}