{"id":252920,"date":"2024-02-06T15:36:22","date_gmt":"2024-02-06T14:36:22","guid":{"rendered":"https:\/\/oxysphair.poush-dev.be\/?post_type=product&#038;p=252920"},"modified":"2026-05-13T16:03:08","modified_gmt":"2026-05-13T14:03:08","slug":"masque-nasal-resmed-airfit-n30i","status":"publish","type":"product","link":"https:\/\/www.oxysphair.be\/de\/produits\/schlafapnoe\/cpap-masken\/nasal-de\/masque-nasal-resmed-airfit-n30i\/","title":{"rendered":"Masque nasal Airfit N30i &#8211; ResMed"},"content":{"rendered":"<p>Ce masque se positionne entre les masques nasaux et les masques narinaires.<br \/>\nAvec son design compact et le raccordement du tuyau au sommet de la t\u00eate, ce masque offre \u00e0 l&#8217;utilisateur une plus grande libert\u00e9 de mouvement.<br \/>\nVoici les nouveaut\u00e9s :<br \/>\n&#8211; Une membrane inter-narinaire en silicone qui permet un placement intuitif du masque.<br \/>\n&#8211; Une structure rigide qui assure la stabilit\u00e9 du masque.<br \/>\n&#8211; Un bandeau souple pour une fixation optimale.<br \/>\n&#8211; Le raccord coud\u00e9 rotatif \u00e0 360\u00b0 pour une plus grande libert\u00e9 de mouvement.<br \/>\nEn plus de cela, la fuite intentionnelle est r\u00e9partie sur 2 endroits afin que ce masque d\u00e9range moins le partenaire.<\/p>\n<h2>Dormez comme vous voulez<\/h2>\n<p>Vous en avez assez d\u2019avoir le tuyau toujours devant vous\u00a0? Vous souhaiteriez qu\u2019il ne s\u2019emm\u00eale plus dans vos draps\u00a0? Le masque ResMed AirFit N30i est dot\u00e9 d\u2019une connexion haute qui facilite la possibilit\u00e9 de dormir dans n\u2019importe quelle position, en vous conf\u00e9rant une grande libert\u00e9 de mouvement.<\/p>\n<h2>Nuits tranquilles avec QuietAir<\/h2>\n<p>Profitez plus facilement de moments d\u2019intimit\u00e9 avec le N30i.<br \/>\nUne fuite QuietAir int\u00e9gr\u00e9e \u00e0 la bulle de l\u2019AirFit N30i limite le niveau sonore et diffuse en douceur l\u2019air expir\u00e9.1<br \/>\nCette fuite, aussi silencieuse qu\u2019une respiration, n\u2019\u00e9met que 21 dBA2\u00a0pour cr\u00e9er un environnement paisible au sein de votre chambre.<\/p>\n<h2>Finies les marques rouges sur le nez!<\/h2>\n<p>La bulle souple du N30i se place sous vos narines, laissant l\u2019ar\u00eate nasale exempte de pression et de marques rouges. Gr\u00e2ce \u00e0 sa connexion haute, vous pouvez lire ou porter des lunettes beaucoup plus facilement, pour profiter d\u2019un traitement plus confortable.<\/p>\n","protected":false},"excerpt":{"rendered":"<p>L\u2019AirFit N30i est un masque 360\u00b0 de Resmed. Ultra-compact et \u00e0 connexion haute, ce masque vous permet de dormir dans la position de votre choix. Il dispose d\u2019une bulle subnasale souple \u00e9liminant tout risque de marque rouge sur l\u2019ar\u00eate nasale ! Pour un environnement paisible dans votre chambre, une fuite QuietAir est int\u00e9gr\u00e9e \u00e0 la bulle pour diffuser en douceur l\u2019air expir\u00e9.<\/p>\n","protected":false},"featured_media":253984,"comment_status":"closed","ping_status":"closed","template":"","meta":{"_et_pb_use_builder":"","_et_pb_old_content":"","_et_gb_content_width":"","inline_featured_image":false},"product_brand":[248],"product_cat":[24,85,27,271],"product_tag":[],"class_list":{"0":"post-252920","1":"product","2":"type-product","3":"status-publish","4":"has-post-thumbnail","6":"product_brand-resmed","7":"product_cat-apnee-sommeil","8":"product_cat-nasal","9":"product_cat-masque-cpap","10":"product_cat-masques-nasaux","11":"pa_brand-resmed","12":"pa_taille-m","13":"pa_taille-s","14":"pa_taille-w","16":"first","17":"instock","18":"sale","19":"taxable","20":"shipping-taxable","21":"purchasable","22":"product-type-variable","23":"has-default-attributes"},"acf":[],"yoast_head":"<!-- This site is optimized with the Yoast SEO plugin v27.6 - https:\/\/yoast.com\/product\/yoast-seo-wordpress\/ -->\n<title>Masque nasal Airfit N30i - ResMed | Oxysphair<\/title>\n<meta name=\"description\" content=\"Profitez d&#039;une libert\u00e9 de mouvement in\u00e9gal\u00e9e avec l&#039;AirFit N30i, un masque nasal offrant confort et silence gr\u00e2ce \u00e0 son design innovant et sa technologie QuietAir.\" \/>\n<meta name=\"robots\" content=\"index, follow, max-snippet:-1, max-image-preview:large, max-video-preview:-1\" \/>\n<link rel=\"canonical\" href=\"https:\/\/www.oxysphair.be\/de\/produits\/schlafapnoe\/cpap-masken\/nasal-de\/masque-nasal-resmed-airfit-n30i\/\" \/>\n<meta property=\"og:locale\" content=\"de_DE\" \/>\n<meta property=\"og:type\" content=\"article\" \/>\n<meta property=\"og:title\" content=\"Masque nasal Airfit N30i - ResMed | Oxysphair\" \/>\n<meta property=\"og:description\" content=\"Profitez d&#039;une libert\u00e9 de mouvement in\u00e9gal\u00e9e avec l&#039;AirFit N30i, un masque nasal offrant confort et silence gr\u00e2ce \u00e0 son design innovant et sa technologie QuietAir.\" \/>\n<meta property=\"og:url\" content=\"https:\/\/www.oxysphair.be\/de\/produits\/schlafapnoe\/cpap-masken\/nasal-de\/masque-nasal-resmed-airfit-n30i\/\" \/>\n<meta property=\"og:site_name\" content=\"Oxysphair\" \/>\n<meta property=\"article:modified_time\" content=\"2026-05-13T14:03:08+00:00\" \/>\n<meta property=\"og:image\" content=\"https:\/\/www.oxysphair.be\/wp-content\/uploads\/2024\/02\/masque-nasal-resmed-airfit.jpeg\" \/>\n\t<meta property=\"og:image:width\" content=\"550\" \/>\n\t<meta property=\"og:image:height\" content=\"550\" \/>\n\t<meta property=\"og:image:type\" content=\"image\/jpeg\" \/>\n<meta name=\"twitter:card\" content=\"summary_large_image\" \/>\n<meta name=\"twitter:label1\" content=\"Gesch\u00e4tzte Lesezeit\" \/>\n\t<meta name=\"twitter:data1\" content=\"2\u00a0Minuten\" \/>\n<script type=\"application\/ld+json\" class=\"yoast-schema-graph\">{\"@context\":\"https:\\\/\\\/schema.org\",\"@graph\":[{\"@type\":\"WebPage\",\"@id\":\"https:\\\/\\\/www.oxysphair.be\\\/de\\\/produits\\\/schlafapnoe\\\/cpap-masken\\\/nasal-de\\\/masque-nasal-resmed-airfit-n30i\\\/\",\"url\":\"https:\\\/\\\/www.oxysphair.be\\\/de\\\/produits\\\/schlafapnoe\\\/cpap-masken\\\/nasal-de\\\/masque-nasal-resmed-airfit-n30i\\\/\",\"name\":\"Masque nasal Airfit N30i - ResMed | Oxysphair\",\"isPartOf\":{\"@id\":\"https:\\\/\\\/www.oxysphair.be\\\/de\\\/#website\"},\"primaryImageOfPage\":{\"@id\":\"https:\\\/\\\/www.oxysphair.be\\\/de\\\/produits\\\/schlafapnoe\\\/cpap-masken\\\/nasal-de\\\/masque-nasal-resmed-airfit-n30i\\\/#primaryimage\"},\"image\":{\"@id\":\"https:\\\/\\\/www.oxysphair.be\\\/de\\\/produits\\\/schlafapnoe\\\/cpap-masken\\\/nasal-de\\\/masque-nasal-resmed-airfit-n30i\\\/#primaryimage\"},\"thumbnailUrl\":\"https:\\\/\\\/www.oxysphair.be\\\/wp-content\\\/uploads\\\/2024\\\/02\\\/masque-nasal-resmed-airfit.jpeg\",\"datePublished\":\"2024-02-06T14:36:22+00:00\",\"dateModified\":\"2026-05-13T14:03:08+00:00\",\"description\":\"Profitez d'une libert\u00e9 de mouvement in\u00e9gal\u00e9e avec l'AirFit N30i, un masque nasal offrant confort et silence gr\u00e2ce \u00e0 son design innovant et sa technologie QuietAir.\",\"breadcrumb\":{\"@id\":\"https:\\\/\\\/www.oxysphair.be\\\/de\\\/produits\\\/schlafapnoe\\\/cpap-masken\\\/nasal-de\\\/masque-nasal-resmed-airfit-n30i\\\/#breadcrumb\"},\"inLanguage\":\"de\",\"potentialAction\":[{\"@type\":\"ReadAction\",\"target\":[\"https:\\\/\\\/www.oxysphair.be\\\/de\\\/produits\\\/schlafapnoe\\\/cpap-masken\\\/nasal-de\\\/masque-nasal-resmed-airfit-n30i\\\/\"]}]},{\"@type\":\"ImageObject\",\"inLanguage\":\"de\",\"@id\":\"https:\\\/\\\/www.oxysphair.be\\\/de\\\/produits\\\/schlafapnoe\\\/cpap-masken\\\/nasal-de\\\/masque-nasal-resmed-airfit-n30i\\\/#primaryimage\",\"url\":\"https:\\\/\\\/www.oxysphair.be\\\/wp-content\\\/uploads\\\/2024\\\/02\\\/masque-nasal-resmed-airfit.jpeg\",\"contentUrl\":\"https:\\\/\\\/www.oxysphair.be\\\/wp-content\\\/uploads\\\/2024\\\/02\\\/masque-nasal-resmed-airfit.jpeg\",\"width\":550,\"height\":550,\"caption\":\"masque nasal cpap resmed airfit N30i\"},{\"@type\":\"BreadcrumbList\",\"@id\":\"https:\\\/\\\/www.oxysphair.be\\\/de\\\/produits\\\/schlafapnoe\\\/cpap-masken\\\/nasal-de\\\/masque-nasal-resmed-airfit-n30i\\\/#breadcrumb\",\"itemListElement\":[{\"@type\":\"ListItem\",\"position\":1,\"name\":\"Accueil\",\"item\":\"https:\\\/\\\/www.oxysphair.be\\\/de\\\/\"},{\"@type\":\"ListItem\",\"position\":2,\"name\":\"Produkte\",\"item\":\"https:\\\/\\\/www.oxysphair.be\\\/de\\\/shop-produkte\\\/\"},{\"@type\":\"ListItem\",\"position\":3,\"name\":\"Masque nasal Airfit N30i &#8211; ResMed\"}]},{\"@type\":\"WebSite\",\"@id\":\"https:\\\/\\\/www.oxysphair.be\\\/de\\\/#website\",\"url\":\"https:\\\/\\\/www.oxysphair.be\\\/de\\\/\",\"name\":\"Oxysphair\",\"description\":\"\",\"potentialAction\":[{\"@type\":\"SearchAction\",\"target\":{\"@type\":\"EntryPoint\",\"urlTemplate\":\"https:\\\/\\\/www.oxysphair.be\\\/de\\\/?s={search_term_string}\"},\"query-input\":{\"@type\":\"PropertyValueSpecification\",\"valueRequired\":true,\"valueName\":\"search_term_string\"}}],\"inLanguage\":\"de\"}]}<\/script>\n<!-- \/ Yoast SEO plugin. -->","yoast_head_json":{"title":"Masque nasal Airfit N30i - ResMed | Oxysphair","description":"Profitez d'une libert\u00e9 de mouvement in\u00e9gal\u00e9e avec l'AirFit N30i, un masque nasal offrant confort et silence gr\u00e2ce \u00e0 son design innovant et sa technologie QuietAir.","robots":{"index":"index","follow":"follow","max-snippet":"max-snippet:-1","max-image-preview":"max-image-preview:large","max-video-preview":"max-video-preview:-1"},"canonical":"https:\/\/www.oxysphair.be\/de\/produits\/schlafapnoe\/cpap-masken\/nasal-de\/masque-nasal-resmed-airfit-n30i\/","og_locale":"de_DE","og_type":"article","og_title":"Masque nasal Airfit N30i - ResMed | Oxysphair","og_description":"Profitez d'une libert\u00e9 de mouvement in\u00e9gal\u00e9e avec l'AirFit N30i, un masque nasal offrant confort et silence gr\u00e2ce \u00e0 son design innovant et sa technologie QuietAir.","og_url":"https:\/\/www.oxysphair.be\/de\/produits\/schlafapnoe\/cpap-masken\/nasal-de\/masque-nasal-resmed-airfit-n30i\/","og_site_name":"Oxysphair","article_modified_time":"2026-05-13T14:03:08+00:00","og_image":[{"width":550,"height":550,"url":"https:\/\/www.oxysphair.be\/wp-content\/uploads\/2024\/02\/masque-nasal-resmed-airfit.jpeg","type":"image\/jpeg"}],"twitter_card":"summary_large_image","twitter_misc":{"Gesch\u00e4tzte Lesezeit":"2\u00a0Minuten"},"schema":{"@context":"https:\/\/schema.org","@graph":[{"@type":"WebPage","@id":"https:\/\/www.oxysphair.be\/de\/produits\/schlafapnoe\/cpap-masken\/nasal-de\/masque-nasal-resmed-airfit-n30i\/","url":"https:\/\/www.oxysphair.be\/de\/produits\/schlafapnoe\/cpap-masken\/nasal-de\/masque-nasal-resmed-airfit-n30i\/","name":"Masque nasal Airfit N30i - ResMed | Oxysphair","isPartOf":{"@id":"https:\/\/www.oxysphair.be\/de\/#website"},"primaryImageOfPage":{"@id":"https:\/\/www.oxysphair.be\/de\/produits\/schlafapnoe\/cpap-masken\/nasal-de\/masque-nasal-resmed-airfit-n30i\/#primaryimage"},"image":{"@id":"https:\/\/www.oxysphair.be\/de\/produits\/schlafapnoe\/cpap-masken\/nasal-de\/masque-nasal-resmed-airfit-n30i\/#primaryimage"},"thumbnailUrl":"https:\/\/www.oxysphair.be\/wp-content\/uploads\/2024\/02\/masque-nasal-resmed-airfit.jpeg","datePublished":"2024-02-06T14:36:22+00:00","dateModified":"2026-05-13T14:03:08+00:00","description":"Profitez d'une libert\u00e9 de mouvement in\u00e9gal\u00e9e avec l'AirFit N30i, un masque nasal offrant confort et silence gr\u00e2ce \u00e0 son design innovant et sa technologie QuietAir.","breadcrumb":{"@id":"https:\/\/www.oxysphair.be\/de\/produits\/schlafapnoe\/cpap-masken\/nasal-de\/masque-nasal-resmed-airfit-n30i\/#breadcrumb"},"inLanguage":"de","potentialAction":[{"@type":"ReadAction","target":["https:\/\/www.oxysphair.be\/de\/produits\/schlafapnoe\/cpap-masken\/nasal-de\/masque-nasal-resmed-airfit-n30i\/"]}]},{"@type":"ImageObject","inLanguage":"de","@id":"https:\/\/www.oxysphair.be\/de\/produits\/schlafapnoe\/cpap-masken\/nasal-de\/masque-nasal-resmed-airfit-n30i\/#primaryimage","url":"https:\/\/www.oxysphair.be\/wp-content\/uploads\/2024\/02\/masque-nasal-resmed-airfit.jpeg","contentUrl":"https:\/\/www.oxysphair.be\/wp-content\/uploads\/2024\/02\/masque-nasal-resmed-airfit.jpeg","width":550,"height":550,"caption":"masque nasal cpap resmed airfit N30i"},{"@type":"BreadcrumbList","@id":"https:\/\/www.oxysphair.be\/de\/produits\/schlafapnoe\/cpap-masken\/nasal-de\/masque-nasal-resmed-airfit-n30i\/#breadcrumb","itemListElement":[{"@type":"ListItem","position":1,"name":"Accueil","item":"https:\/\/www.oxysphair.be\/de\/"},{"@type":"ListItem","position":2,"name":"Produkte","item":"https:\/\/www.oxysphair.be\/de\/shop-produkte\/"},{"@type":"ListItem","position":3,"name":"Masque nasal Airfit N30i &#8211; ResMed"}]},{"@type":"WebSite","@id":"https:\/\/www.oxysphair.be\/de\/#website","url":"https:\/\/www.oxysphair.be\/de\/","name":"Oxysphair","description":"","potentialAction":[{"@type":"SearchAction","target":{"@type":"EntryPoint","urlTemplate":"https:\/\/www.oxysphair.be\/de\/?s={search_term_string}"},"query-input":{"@type":"PropertyValueSpecification","valueRequired":true,"valueName":"search_term_string"}}],"inLanguage":"de"}]}},"_links":{"self":[{"href":"https:\/\/www.oxysphair.be\/de\/wp-json\/wp\/v2\/product\/252920","targetHints":{"allow":["GET"]}}],"collection":[{"href":"https:\/\/www.oxysphair.be\/de\/wp-json\/wp\/v2\/product"}],"about":[{"href":"https:\/\/www.oxysphair.be\/de\/wp-json\/wp\/v2\/types\/product"}],"replies":[{"embeddable":true,"href":"https:\/\/www.oxysphair.be\/de\/wp-json\/wp\/v2\/comments?post=252920"}],"wp:featuredmedia":[{"embeddable":true,"href":"https:\/\/www.oxysphair.be\/de\/wp-json\/wp\/v2\/media\/253984"}],"wp:attachment":[{"href":"https:\/\/www.oxysphair.be\/de\/wp-json\/wp\/v2\/media?parent=252920"}],"wp:term":[{"taxonomy":"product_brand","embeddable":true,"href":"https:\/\/www.oxysphair.be\/de\/wp-json\/wp\/v2\/product_brand?post=252920"},{"taxonomy":"product_cat","embeddable":true,"href":"https:\/\/www.oxysphair.be\/de\/wp-json\/wp\/v2\/product_cat?post=252920"},{"taxonomy":"product_tag","embeddable":true,"href":"https:\/\/www.oxysphair.be\/de\/wp-json\/wp\/v2\/product_tag?post=252920"}],"curies":[{"name":"wp","href":"https:\/\/api.w.org\/{rel}","templated":true}]}}