{"id":252924,"date":"2024-02-06T15:36:22","date_gmt":"2024-02-06T14:36:22","guid":{"rendered":"https:\/\/oxysphair.poush-dev.be\/?post_type=product&#038;p=252924"},"modified":"2026-05-13T16:03:09","modified_gmt":"2026-05-13T14:03:09","slug":"masque-nasal-cpap-cara","status":"publish","type":"product","link":"https:\/\/www.oxysphair.be\/de\/produits\/schlafapnoe\/cpap-masken\/nasal-de\/masque-nasal-cpap-cara\/","title":{"rendered":"Masque nasal CPAP &#8211; Cara &#8211; Loewenstein"},"content":{"rendered":"<h2><strong>Caract\u00e9ristiques du produit<\/strong><\/h2>\n<p>La premi\u00e8re impression est la bonne.<\/p>\n<p>Le coussin du masque, doux et souple, s&#8217;adapte parfaitement et \u00e9pouse les contours du visage, ce qui le rend optimal pour un confort de port prolong\u00e9, m\u00eame sans coussin frontal.<\/p>\n<h2><strong>Le produit comprend :<\/strong><\/h2>\n<ul>\n<li>Masque<\/li>\n<li>Harnais<\/li>\n<li>Manuel d&#8217;utilisation<\/li>\n<\/ul>\n<h2><strong>Caract\u00e9ristiques sp\u00e9ciales :<\/strong><\/h2>\n<p>Harnais \u00e0 code couleur avec clips d&#8217;utilisation intuitive et EasyGrab. Le harnais souple et certifi\u00e9 OEKO-TEX STANDARD 100 promet un ajustement stable et optimal toute la nuit.<\/p>\n<h2>Les avantages de CARA:<\/h2>\n<ul>\n<li>Nouveaut\u00e9\u00a0: Jupe du masque douce et souple, d\u00e9sormais disponible en 3 tailles (XS | S-M | M-L)<\/li>\n<li>Poids plume: 59 grammes seulement !<\/li>\n<li>Fuite intentionnelle silencieuse et diffuse<\/li>\n<li>Code couleur du harnais avec EasyGrab et attaches intuitives<\/li>\n<li>Rotule du circuit patient \u00e0 360\u00b0 dans les 3 dimensions pour une plus grande libert\u00e9 de mouvement<\/li>\n<li>Mat\u00e9riaux extr\u00eamement r\u00e9sistants<\/li>\n<li>Le harnais XL est disponible en tant qu\u2019accessoire s\u00e9par\u00e9<\/li>\n<\/ul>\n","protected":false},"excerpt":{"rendered":"<p>Le masque CPAP nasal Cara est un masque l\u00e9ger de L\u00f6wenstein, dot\u00e9 d&#8217;un coussin souple \u00e0 l&#8217;ajustement exact, d&#8217;un syst\u00e8me d&#8217;\u00e9vent expiratoire diffus et silencieux et d&#8217;autres d\u00e9tails qui facilitent le traitement de l&#8217;apn\u00e9e du sommeil.<\/p>\n","protected":false},"featured_media":253960,"comment_status":"closed","ping_status":"closed","template":"","meta":{"_et_pb_use_builder":"","_et_pb_old_content":"","_et_gb_content_width":"","inline_featured_image":false},"product_brand":[145],"product_cat":[24,85,27,271],"product_tag":[],"class_list":{"0":"post-252924","1":"product","2":"type-product","3":"status-publish","4":"has-post-thumbnail","6":"product_brand-loewenstein","7":"product_cat-apnee-sommeil","8":"product_cat-nasal","9":"product_cat-masque-cpap","10":"product_cat-masques-nasaux","11":"pa_brand-loewenstein","12":"pa_taille-l","13":"pa_taille-m","14":"pa_taille-s","16":"first","17":"instock","18":"taxable","19":"shipping-taxable","20":"purchasable","21":"product-type-variable","22":"has-default-attributes"},"acf":[],"yoast_head":"<!-- This site is optimized with the Yoast SEO plugin v27.6 - https:\/\/yoast.com\/product\/yoast-seo-wordpress\/ -->\n<title>Masque nasal CPAP - Cara - Loewenstein | Oxysphair<\/title>\n<meta name=\"description\" content=\"D\u00e9couvrez le confort et la l\u00e9g\u00e8ret\u00e9 du masque nasal Cara, con\u00e7u pour un ajustement pr\u00e9cis et un sommeil paisible avec son syst\u00e8me d&#039;\u00e9vent silencieux.\" \/>\n<meta name=\"robots\" content=\"index, follow, max-snippet:-1, max-image-preview:large, max-video-preview:-1\" \/>\n<link rel=\"canonical\" href=\"https:\/\/www.oxysphair.be\/de\/produits\/schlafapnoe\/cpap-masken\/nasal-de\/masque-nasal-cpap-cara\/\" \/>\n<meta property=\"og:locale\" content=\"de_DE\" \/>\n<meta property=\"og:type\" content=\"article\" \/>\n<meta property=\"og:title\" content=\"Masque nasal CPAP - Cara - Loewenstein | Oxysphair\" \/>\n<meta property=\"og:description\" content=\"D\u00e9couvrez le confort et la l\u00e9g\u00e8ret\u00e9 du masque nasal Cara, con\u00e7u pour un ajustement pr\u00e9cis et un sommeil paisible avec son syst\u00e8me d&#039;\u00e9vent silencieux.\" \/>\n<meta property=\"og:url\" content=\"https:\/\/www.oxysphair.be\/de\/produits\/schlafapnoe\/cpap-masken\/nasal-de\/masque-nasal-cpap-cara\/\" \/>\n<meta property=\"og:site_name\" content=\"Oxysphair\" \/>\n<meta property=\"article:modified_time\" content=\"2026-05-13T14:03:09+00:00\" \/>\n<meta property=\"og:image\" content=\"https:\/\/www.oxysphair.be\/wp-content\/uploads\/2024\/02\/masque-cpap-nasal-cara.webp\" \/>\n\t<meta property=\"og:image:width\" content=\"626\" \/>\n\t<meta property=\"og:image:height\" content=\"626\" \/>\n\t<meta property=\"og:image:type\" content=\"image\/webp\" \/>\n<meta name=\"twitter:card\" content=\"summary_large_image\" \/>\n<meta name=\"twitter:label1\" content=\"Gesch\u00e4tzte Lesezeit\" \/>\n\t<meta name=\"twitter:data1\" content=\"1\u00a0Minute\" \/>\n<script type=\"application\/ld+json\" class=\"yoast-schema-graph\">{\"@context\":\"https:\\\/\\\/schema.org\",\"@graph\":[{\"@type\":\"WebPage\",\"@id\":\"https:\\\/\\\/www.oxysphair.be\\\/de\\\/produits\\\/schlafapnoe\\\/cpap-masken\\\/nasal-de\\\/masque-nasal-cpap-cara\\\/\",\"url\":\"https:\\\/\\\/www.oxysphair.be\\\/de\\\/produits\\\/schlafapnoe\\\/cpap-masken\\\/nasal-de\\\/masque-nasal-cpap-cara\\\/\",\"name\":\"Masque nasal CPAP - Cara - Loewenstein | Oxysphair\",\"isPartOf\":{\"@id\":\"https:\\\/\\\/www.oxysphair.be\\\/de\\\/#website\"},\"primaryImageOfPage\":{\"@id\":\"https:\\\/\\\/www.oxysphair.be\\\/de\\\/produits\\\/schlafapnoe\\\/cpap-masken\\\/nasal-de\\\/masque-nasal-cpap-cara\\\/#primaryimage\"},\"image\":{\"@id\":\"https:\\\/\\\/www.oxysphair.be\\\/de\\\/produits\\\/schlafapnoe\\\/cpap-masken\\\/nasal-de\\\/masque-nasal-cpap-cara\\\/#primaryimage\"},\"thumbnailUrl\":\"https:\\\/\\\/www.oxysphair.be\\\/wp-content\\\/uploads\\\/2024\\\/02\\\/masque-cpap-nasal-cara.webp\",\"datePublished\":\"2024-02-06T14:36:22+00:00\",\"dateModified\":\"2026-05-13T14:03:09+00:00\",\"description\":\"D\u00e9couvrez le confort et la l\u00e9g\u00e8ret\u00e9 du masque nasal Cara, con\u00e7u pour un ajustement pr\u00e9cis et un sommeil paisible avec son syst\u00e8me d'\u00e9vent silencieux.\",\"breadcrumb\":{\"@id\":\"https:\\\/\\\/www.oxysphair.be\\\/de\\\/produits\\\/schlafapnoe\\\/cpap-masken\\\/nasal-de\\\/masque-nasal-cpap-cara\\\/#breadcrumb\"},\"inLanguage\":\"de\",\"potentialAction\":[{\"@type\":\"ReadAction\",\"target\":[\"https:\\\/\\\/www.oxysphair.be\\\/de\\\/produits\\\/schlafapnoe\\\/cpap-masken\\\/nasal-de\\\/masque-nasal-cpap-cara\\\/\"]}]},{\"@type\":\"ImageObject\",\"inLanguage\":\"de\",\"@id\":\"https:\\\/\\\/www.oxysphair.be\\\/de\\\/produits\\\/schlafapnoe\\\/cpap-masken\\\/nasal-de\\\/masque-nasal-cpap-cara\\\/#primaryimage\",\"url\":\"https:\\\/\\\/www.oxysphair.be\\\/wp-content\\\/uploads\\\/2024\\\/02\\\/masque-cpap-nasal-cara.webp\",\"contentUrl\":\"https:\\\/\\\/www.oxysphair.be\\\/wp-content\\\/uploads\\\/2024\\\/02\\\/masque-cpap-nasal-cara.webp\",\"width\":626,\"height\":626,\"caption\":\"Masque nasal cpap cara\"},{\"@type\":\"BreadcrumbList\",\"@id\":\"https:\\\/\\\/www.oxysphair.be\\\/de\\\/produits\\\/schlafapnoe\\\/cpap-masken\\\/nasal-de\\\/masque-nasal-cpap-cara\\\/#breadcrumb\",\"itemListElement\":[{\"@type\":\"ListItem\",\"position\":1,\"name\":\"Accueil\",\"item\":\"https:\\\/\\\/www.oxysphair.be\\\/de\\\/\"},{\"@type\":\"ListItem\",\"position\":2,\"name\":\"Produkte\",\"item\":\"https:\\\/\\\/www.oxysphair.be\\\/de\\\/shop-produkte\\\/\"},{\"@type\":\"ListItem\",\"position\":3,\"name\":\"Masque nasal CPAP &#8211; Cara &#8211; Loewenstein\"}]},{\"@type\":\"WebSite\",\"@id\":\"https:\\\/\\\/www.oxysphair.be\\\/de\\\/#website\",\"url\":\"https:\\\/\\\/www.oxysphair.be\\\/de\\\/\",\"name\":\"Oxysphair\",\"description\":\"\",\"potentialAction\":[{\"@type\":\"SearchAction\",\"target\":{\"@type\":\"EntryPoint\",\"urlTemplate\":\"https:\\\/\\\/www.oxysphair.be\\\/de\\\/?s={search_term_string}\"},\"query-input\":{\"@type\":\"PropertyValueSpecification\",\"valueRequired\":true,\"valueName\":\"search_term_string\"}}],\"inLanguage\":\"de\"}]}<\/script>\n<!-- \/ Yoast SEO plugin. -->","yoast_head_json":{"title":"Masque nasal CPAP - Cara - Loewenstein | Oxysphair","description":"D\u00e9couvrez le confort et la l\u00e9g\u00e8ret\u00e9 du masque nasal Cara, con\u00e7u pour un ajustement pr\u00e9cis et un sommeil paisible avec son syst\u00e8me d'\u00e9vent silencieux.","robots":{"index":"index","follow":"follow","max-snippet":"max-snippet:-1","max-image-preview":"max-image-preview:large","max-video-preview":"max-video-preview:-1"},"canonical":"https:\/\/www.oxysphair.be\/de\/produits\/schlafapnoe\/cpap-masken\/nasal-de\/masque-nasal-cpap-cara\/","og_locale":"de_DE","og_type":"article","og_title":"Masque nasal CPAP - Cara - Loewenstein | Oxysphair","og_description":"D\u00e9couvrez le confort et la l\u00e9g\u00e8ret\u00e9 du masque nasal Cara, con\u00e7u pour un ajustement pr\u00e9cis et un sommeil paisible avec son syst\u00e8me d'\u00e9vent silencieux.","og_url":"https:\/\/www.oxysphair.be\/de\/produits\/schlafapnoe\/cpap-masken\/nasal-de\/masque-nasal-cpap-cara\/","og_site_name":"Oxysphair","article_modified_time":"2026-05-13T14:03:09+00:00","og_image":[{"width":626,"height":626,"url":"https:\/\/www.oxysphair.be\/wp-content\/uploads\/2024\/02\/masque-cpap-nasal-cara.webp","type":"image\/webp"}],"twitter_card":"summary_large_image","twitter_misc":{"Gesch\u00e4tzte Lesezeit":"1\u00a0Minute"},"schema":{"@context":"https:\/\/schema.org","@graph":[{"@type":"WebPage","@id":"https:\/\/www.oxysphair.be\/de\/produits\/schlafapnoe\/cpap-masken\/nasal-de\/masque-nasal-cpap-cara\/","url":"https:\/\/www.oxysphair.be\/de\/produits\/schlafapnoe\/cpap-masken\/nasal-de\/masque-nasal-cpap-cara\/","name":"Masque nasal CPAP - Cara - Loewenstein | Oxysphair","isPartOf":{"@id":"https:\/\/www.oxysphair.be\/de\/#website"},"primaryImageOfPage":{"@id":"https:\/\/www.oxysphair.be\/de\/produits\/schlafapnoe\/cpap-masken\/nasal-de\/masque-nasal-cpap-cara\/#primaryimage"},"image":{"@id":"https:\/\/www.oxysphair.be\/de\/produits\/schlafapnoe\/cpap-masken\/nasal-de\/masque-nasal-cpap-cara\/#primaryimage"},"thumbnailUrl":"https:\/\/www.oxysphair.be\/wp-content\/uploads\/2024\/02\/masque-cpap-nasal-cara.webp","datePublished":"2024-02-06T14:36:22+00:00","dateModified":"2026-05-13T14:03:09+00:00","description":"D\u00e9couvrez le confort et la l\u00e9g\u00e8ret\u00e9 du masque nasal Cara, con\u00e7u pour un ajustement pr\u00e9cis et un sommeil paisible avec son syst\u00e8me d'\u00e9vent silencieux.","breadcrumb":{"@id":"https:\/\/www.oxysphair.be\/de\/produits\/schlafapnoe\/cpap-masken\/nasal-de\/masque-nasal-cpap-cara\/#breadcrumb"},"inLanguage":"de","potentialAction":[{"@type":"ReadAction","target":["https:\/\/www.oxysphair.be\/de\/produits\/schlafapnoe\/cpap-masken\/nasal-de\/masque-nasal-cpap-cara\/"]}]},{"@type":"ImageObject","inLanguage":"de","@id":"https:\/\/www.oxysphair.be\/de\/produits\/schlafapnoe\/cpap-masken\/nasal-de\/masque-nasal-cpap-cara\/#primaryimage","url":"https:\/\/www.oxysphair.be\/wp-content\/uploads\/2024\/02\/masque-cpap-nasal-cara.webp","contentUrl":"https:\/\/www.oxysphair.be\/wp-content\/uploads\/2024\/02\/masque-cpap-nasal-cara.webp","width":626,"height":626,"caption":"Masque nasal cpap cara"},{"@type":"BreadcrumbList","@id":"https:\/\/www.oxysphair.be\/de\/produits\/schlafapnoe\/cpap-masken\/nasal-de\/masque-nasal-cpap-cara\/#breadcrumb","itemListElement":[{"@type":"ListItem","position":1,"name":"Accueil","item":"https:\/\/www.oxysphair.be\/de\/"},{"@type":"ListItem","position":2,"name":"Produkte","item":"https:\/\/www.oxysphair.be\/de\/shop-produkte\/"},{"@type":"ListItem","position":3,"name":"Masque nasal CPAP &#8211; Cara &#8211; Loewenstein"}]},{"@type":"WebSite","@id":"https:\/\/www.oxysphair.be\/de\/#website","url":"https:\/\/www.oxysphair.be\/de\/","name":"Oxysphair","description":"","potentialAction":[{"@type":"SearchAction","target":{"@type":"EntryPoint","urlTemplate":"https:\/\/www.oxysphair.be\/de\/?s={search_term_string}"},"query-input":{"@type":"PropertyValueSpecification","valueRequired":true,"valueName":"search_term_string"}}],"inLanguage":"de"}]}},"_links":{"self":[{"href":"https:\/\/www.oxysphair.be\/de\/wp-json\/wp\/v2\/product\/252924","targetHints":{"allow":["GET"]}}],"collection":[{"href":"https:\/\/www.oxysphair.be\/de\/wp-json\/wp\/v2\/product"}],"about":[{"href":"https:\/\/www.oxysphair.be\/de\/wp-json\/wp\/v2\/types\/product"}],"replies":[{"embeddable":true,"href":"https:\/\/www.oxysphair.be\/de\/wp-json\/wp\/v2\/comments?post=252924"}],"wp:featuredmedia":[{"embeddable":true,"href":"https:\/\/www.oxysphair.be\/de\/wp-json\/wp\/v2\/media\/253960"}],"wp:attachment":[{"href":"https:\/\/www.oxysphair.be\/de\/wp-json\/wp\/v2\/media?parent=252924"}],"wp:term":[{"taxonomy":"product_brand","embeddable":true,"href":"https:\/\/www.oxysphair.be\/de\/wp-json\/wp\/v2\/product_brand?post=252924"},{"taxonomy":"product_cat","embeddable":true,"href":"https:\/\/www.oxysphair.be\/de\/wp-json\/wp\/v2\/product_cat?post=252924"},{"taxonomy":"product_tag","embeddable":true,"href":"https:\/\/www.oxysphair.be\/de\/wp-json\/wp\/v2\/product_tag?post=252924"}],"curies":[{"name":"wp","href":"https:\/\/api.w.org\/{rel}","templated":true}]}}