{"id":253107,"date":"2024-02-06T17:14:52","date_gmt":"2024-02-06T16:14:52","guid":{"rendered":"https:\/\/oxysphair.poush-dev.be\/?post_type=product&#038;p=253107"},"modified":"2026-05-13T16:22:02","modified_gmt":"2026-05-13T14:22:02","slug":"masque-nasal-joyce-one","status":"publish","type":"product","link":"https:\/\/www.oxysphair.be\/de\/produits\/schlafapnoe\/cpap-masken\/nasal-de\/masque-nasal-joyce-one\/","title":{"rendered":"Masque nasal JOYCE One &#8211; Loewenstein"},"content":{"rendered":"<p>Les r\u00e9glages fastidieux appartiennent au pass\u00e9. Aujourd&#8217;hui, nous vous proposons Joyce One, le masque de ventilation en taille unique qui convient \u00e0 presque tout le monde.<br \/>\nCe masque, fruit d&#8217;ann\u00e9es d&#8217;exp\u00e9rience et d&#8217;expertise en mati\u00e8re de masques, est disponible en mod\u00e8le nasal ou int\u00e9gral.<\/p>\n<p>Notre masque actuellement le plus vendu sur les march\u00e9s internationaux est propos\u00e9 en une seule taille qui offre un ajustement fiable et absolument \u00e9tanche \u00e0 la plupart des patients. Cette bonne adaptation est rendue possible par le coussin du masque sp\u00e9cialement con\u00e7u et le nouveau support frontal tr\u00e8s flexible.<\/p>\n<p>L&#8217;articulation \u00e0 rotule \u00e9prouv\u00e9e garantit que le tube reste en place.<br \/>\nComme nos autres masques, le JOYCEone lib\u00e8re tr\u00e8s silencieusement l&#8217;air expir\u00e9 par le patient.<\/p>\n<h2><strong>Main dans la main : confort et th\u00e9rapie efficace\u00a0<\/strong><\/h2>\n<p>Le ressort de l&#8217;appui frontal assure automatiquement le maintien de la distance ad\u00e9quate pour le confort du patient et l&#8217;efficacit\u00e9 du traitement. Le coussin de masque monocouche est tout aussi bien con\u00e7u. Il trouve tout seul la position id\u00e9ale, quelles que soient la taille et la forme du nez et du visage du patient.<\/p>\n<h2><strong>Le design est dans les d\u00e9tails\u00a0<\/strong><\/h2>\n<p>Ce masque offre plus qu&#8217;un ajustement parfait et un confort de port. Le code couleur inimitable du harnais et des clips et la poign\u00e9e encastr\u00e9e pratique aident votre patient \u00e0 assembler le JOYCEone rapidement et correctement d\u00e8s le d\u00e9part.<\/p>\n<h2><strong>Les avantages du JOYCEone\u00a0<\/strong><\/h2>\n<ul>\n<li>Gain de temps : r\u00e9glage automatique de l&#8217;appui frontal et du coussin du masque.<\/li>\n<li>Montage facile : code couleur sur le harnais et les clips.<\/li>\n<li>Economique : une taille unique pour presque tous les patients Pratique : nettoyage sans effort<\/li>\n<li>Agr\u00e9able : syst\u00e8me d&#8217;expiration silencieux et diffus<\/li>\n<li>Stable : mat\u00e9riaux tr\u00e8s r\u00e9sistants<\/li>\n<\/ul>\n","protected":false},"excerpt":{"rendered":"<p>D\u00e9couvrez le masque nasal JOYCE One : ajustement universel, confort sup\u00e9rieur pour une nuit de sommeil sans interruption.<\/p>\n","protected":false},"featured_media":253951,"comment_status":"closed","ping_status":"closed","template":"","meta":{"_et_pb_use_builder":"","_et_pb_old_content":"","_et_gb_content_width":"","inline_featured_image":false},"product_brand":[145],"product_cat":[24,85,27,271],"product_tag":[],"class_list":{"0":"post-253107","1":"product","2":"type-product","3":"status-publish","4":"has-post-thumbnail","6":"product_brand-loewenstein","7":"product_cat-apnee-sommeil","8":"product_cat-nasal","9":"product_cat-masque-cpap","10":"product_cat-masques-nasaux","12":"first","13":"instock","14":"taxable","15":"shipping-taxable","16":"purchasable","17":"product-type-simple"},"acf":[],"yoast_head":"<!-- This site is optimized with the Yoast SEO plugin v27.6 - https:\/\/yoast.com\/product\/yoast-seo-wordpress\/ -->\n<title>Masque nasal JOYCE One - Loewenstein | Oxysphair<\/title>\n<meta name=\"description\" content=\"D\u00e9couvrez le masque nasal JOYCE One : ajustement universel, confort sup\u00e9rieur pour une nuit de sommeil sans interruption.\" \/>\n<meta name=\"robots\" content=\"index, follow, max-snippet:-1, max-image-preview:large, max-video-preview:-1\" \/>\n<link rel=\"canonical\" href=\"https:\/\/www.oxysphair.be\/de\/produits\/schlafapnoe\/cpap-masken\/nasal-de\/masque-nasal-joyce-one\/\" \/>\n<meta property=\"og:locale\" content=\"de_DE\" \/>\n<meta property=\"og:type\" content=\"article\" \/>\n<meta property=\"og:title\" content=\"Masque nasal JOYCE One - Loewenstein | Oxysphair\" \/>\n<meta property=\"og:description\" content=\"D\u00e9couvrez le masque nasal JOYCE One : ajustement universel, confort sup\u00e9rieur pour une nuit de sommeil sans interruption.\" \/>\n<meta property=\"og:url\" content=\"https:\/\/www.oxysphair.be\/de\/produits\/schlafapnoe\/cpap-masken\/nasal-de\/masque-nasal-joyce-one\/\" \/>\n<meta property=\"og:site_name\" content=\"Oxysphair\" \/>\n<meta property=\"article:modified_time\" content=\"2026-05-13T14:22:02+00:00\" \/>\n<meta property=\"og:image\" content=\"https:\/\/www.oxysphair.be\/wp-content\/uploads\/2024\/02\/masque-nasal-joyce-one.jpeg\" \/>\n\t<meta property=\"og:image:width\" content=\"400\" \/>\n\t<meta property=\"og:image:height\" content=\"699\" \/>\n\t<meta property=\"og:image:type\" content=\"image\/jpeg\" \/>\n<meta name=\"twitter:card\" content=\"summary_large_image\" \/>\n<meta name=\"twitter:label1\" content=\"Gesch\u00e4tzte Lesezeit\" \/>\n\t<meta name=\"twitter:data1\" content=\"2\u00a0Minuten\" \/>\n<script type=\"application\/ld+json\" class=\"yoast-schema-graph\">{\"@context\":\"https:\\\/\\\/schema.org\",\"@graph\":[{\"@type\":\"WebPage\",\"@id\":\"https:\\\/\\\/www.oxysphair.be\\\/de\\\/produits\\\/schlafapnoe\\\/cpap-masken\\\/nasal-de\\\/masque-nasal-joyce-one\\\/\",\"url\":\"https:\\\/\\\/www.oxysphair.be\\\/de\\\/produits\\\/schlafapnoe\\\/cpap-masken\\\/nasal-de\\\/masque-nasal-joyce-one\\\/\",\"name\":\"Masque nasal JOYCE One - Loewenstein | Oxysphair\",\"isPartOf\":{\"@id\":\"https:\\\/\\\/www.oxysphair.be\\\/de\\\/#website\"},\"primaryImageOfPage\":{\"@id\":\"https:\\\/\\\/www.oxysphair.be\\\/de\\\/produits\\\/schlafapnoe\\\/cpap-masken\\\/nasal-de\\\/masque-nasal-joyce-one\\\/#primaryimage\"},\"image\":{\"@id\":\"https:\\\/\\\/www.oxysphair.be\\\/de\\\/produits\\\/schlafapnoe\\\/cpap-masken\\\/nasal-de\\\/masque-nasal-joyce-one\\\/#primaryimage\"},\"thumbnailUrl\":\"https:\\\/\\\/www.oxysphair.be\\\/wp-content\\\/uploads\\\/2024\\\/02\\\/masque-nasal-joyce-one.jpeg\",\"datePublished\":\"2024-02-06T16:14:52+00:00\",\"dateModified\":\"2026-05-13T14:22:02+00:00\",\"description\":\"D\u00e9couvrez le masque nasal JOYCE One : ajustement universel, confort sup\u00e9rieur pour une nuit de sommeil sans interruption.\",\"breadcrumb\":{\"@id\":\"https:\\\/\\\/www.oxysphair.be\\\/de\\\/produits\\\/schlafapnoe\\\/cpap-masken\\\/nasal-de\\\/masque-nasal-joyce-one\\\/#breadcrumb\"},\"inLanguage\":\"de\",\"potentialAction\":[{\"@type\":\"ReadAction\",\"target\":[\"https:\\\/\\\/www.oxysphair.be\\\/de\\\/produits\\\/schlafapnoe\\\/cpap-masken\\\/nasal-de\\\/masque-nasal-joyce-one\\\/\"]}]},{\"@type\":\"ImageObject\",\"inLanguage\":\"de\",\"@id\":\"https:\\\/\\\/www.oxysphair.be\\\/de\\\/produits\\\/schlafapnoe\\\/cpap-masken\\\/nasal-de\\\/masque-nasal-joyce-one\\\/#primaryimage\",\"url\":\"https:\\\/\\\/www.oxysphair.be\\\/wp-content\\\/uploads\\\/2024\\\/02\\\/masque-nasal-joyce-one.jpeg\",\"contentUrl\":\"https:\\\/\\\/www.oxysphair.be\\\/wp-content\\\/uploads\\\/2024\\\/02\\\/masque-nasal-joyce-one.jpeg\",\"width\":400,\"height\":699,\"caption\":\"masque nasal pour cpap joyce one\"},{\"@type\":\"BreadcrumbList\",\"@id\":\"https:\\\/\\\/www.oxysphair.be\\\/de\\\/produits\\\/schlafapnoe\\\/cpap-masken\\\/nasal-de\\\/masque-nasal-joyce-one\\\/#breadcrumb\",\"itemListElement\":[{\"@type\":\"ListItem\",\"position\":1,\"name\":\"Accueil\",\"item\":\"https:\\\/\\\/www.oxysphair.be\\\/de\\\/\"},{\"@type\":\"ListItem\",\"position\":2,\"name\":\"Produkte\",\"item\":\"https:\\\/\\\/www.oxysphair.be\\\/de\\\/shop-produkte\\\/\"},{\"@type\":\"ListItem\",\"position\":3,\"name\":\"Masque nasal JOYCE One &#8211; Loewenstein\"}]},{\"@type\":\"WebSite\",\"@id\":\"https:\\\/\\\/www.oxysphair.be\\\/de\\\/#website\",\"url\":\"https:\\\/\\\/www.oxysphair.be\\\/de\\\/\",\"name\":\"Oxysphair\",\"description\":\"\",\"potentialAction\":[{\"@type\":\"SearchAction\",\"target\":{\"@type\":\"EntryPoint\",\"urlTemplate\":\"https:\\\/\\\/www.oxysphair.be\\\/de\\\/?s={search_term_string}\"},\"query-input\":{\"@type\":\"PropertyValueSpecification\",\"valueRequired\":true,\"valueName\":\"search_term_string\"}}],\"inLanguage\":\"de\"}]}<\/script>\n<!-- \/ Yoast SEO plugin. -->","yoast_head_json":{"title":"Masque nasal JOYCE One - Loewenstein | Oxysphair","description":"D\u00e9couvrez le masque nasal JOYCE One : ajustement universel, confort sup\u00e9rieur pour une nuit de sommeil sans interruption.","robots":{"index":"index","follow":"follow","max-snippet":"max-snippet:-1","max-image-preview":"max-image-preview:large","max-video-preview":"max-video-preview:-1"},"canonical":"https:\/\/www.oxysphair.be\/de\/produits\/schlafapnoe\/cpap-masken\/nasal-de\/masque-nasal-joyce-one\/","og_locale":"de_DE","og_type":"article","og_title":"Masque nasal JOYCE One - Loewenstein | Oxysphair","og_description":"D\u00e9couvrez le masque nasal JOYCE One : ajustement universel, confort sup\u00e9rieur pour une nuit de sommeil sans interruption.","og_url":"https:\/\/www.oxysphair.be\/de\/produits\/schlafapnoe\/cpap-masken\/nasal-de\/masque-nasal-joyce-one\/","og_site_name":"Oxysphair","article_modified_time":"2026-05-13T14:22:02+00:00","og_image":[{"width":400,"height":699,"url":"https:\/\/www.oxysphair.be\/wp-content\/uploads\/2024\/02\/masque-nasal-joyce-one.jpeg","type":"image\/jpeg"}],"twitter_card":"summary_large_image","twitter_misc":{"Gesch\u00e4tzte Lesezeit":"2\u00a0Minuten"},"schema":{"@context":"https:\/\/schema.org","@graph":[{"@type":"WebPage","@id":"https:\/\/www.oxysphair.be\/de\/produits\/schlafapnoe\/cpap-masken\/nasal-de\/masque-nasal-joyce-one\/","url":"https:\/\/www.oxysphair.be\/de\/produits\/schlafapnoe\/cpap-masken\/nasal-de\/masque-nasal-joyce-one\/","name":"Masque nasal JOYCE One - Loewenstein | Oxysphair","isPartOf":{"@id":"https:\/\/www.oxysphair.be\/de\/#website"},"primaryImageOfPage":{"@id":"https:\/\/www.oxysphair.be\/de\/produits\/schlafapnoe\/cpap-masken\/nasal-de\/masque-nasal-joyce-one\/#primaryimage"},"image":{"@id":"https:\/\/www.oxysphair.be\/de\/produits\/schlafapnoe\/cpap-masken\/nasal-de\/masque-nasal-joyce-one\/#primaryimage"},"thumbnailUrl":"https:\/\/www.oxysphair.be\/wp-content\/uploads\/2024\/02\/masque-nasal-joyce-one.jpeg","datePublished":"2024-02-06T16:14:52+00:00","dateModified":"2026-05-13T14:22:02+00:00","description":"D\u00e9couvrez le masque nasal JOYCE One : ajustement universel, confort sup\u00e9rieur pour une nuit de sommeil sans interruption.","breadcrumb":{"@id":"https:\/\/www.oxysphair.be\/de\/produits\/schlafapnoe\/cpap-masken\/nasal-de\/masque-nasal-joyce-one\/#breadcrumb"},"inLanguage":"de","potentialAction":[{"@type":"ReadAction","target":["https:\/\/www.oxysphair.be\/de\/produits\/schlafapnoe\/cpap-masken\/nasal-de\/masque-nasal-joyce-one\/"]}]},{"@type":"ImageObject","inLanguage":"de","@id":"https:\/\/www.oxysphair.be\/de\/produits\/schlafapnoe\/cpap-masken\/nasal-de\/masque-nasal-joyce-one\/#primaryimage","url":"https:\/\/www.oxysphair.be\/wp-content\/uploads\/2024\/02\/masque-nasal-joyce-one.jpeg","contentUrl":"https:\/\/www.oxysphair.be\/wp-content\/uploads\/2024\/02\/masque-nasal-joyce-one.jpeg","width":400,"height":699,"caption":"masque nasal pour cpap joyce one"},{"@type":"BreadcrumbList","@id":"https:\/\/www.oxysphair.be\/de\/produits\/schlafapnoe\/cpap-masken\/nasal-de\/masque-nasal-joyce-one\/#breadcrumb","itemListElement":[{"@type":"ListItem","position":1,"name":"Accueil","item":"https:\/\/www.oxysphair.be\/de\/"},{"@type":"ListItem","position":2,"name":"Produkte","item":"https:\/\/www.oxysphair.be\/de\/shop-produkte\/"},{"@type":"ListItem","position":3,"name":"Masque nasal JOYCE One &#8211; Loewenstein"}]},{"@type":"WebSite","@id":"https:\/\/www.oxysphair.be\/de\/#website","url":"https:\/\/www.oxysphair.be\/de\/","name":"Oxysphair","description":"","potentialAction":[{"@type":"SearchAction","target":{"@type":"EntryPoint","urlTemplate":"https:\/\/www.oxysphair.be\/de\/?s={search_term_string}"},"query-input":{"@type":"PropertyValueSpecification","valueRequired":true,"valueName":"search_term_string"}}],"inLanguage":"de"}]}},"_links":{"self":[{"href":"https:\/\/www.oxysphair.be\/de\/wp-json\/wp\/v2\/product\/253107","targetHints":{"allow":["GET"]}}],"collection":[{"href":"https:\/\/www.oxysphair.be\/de\/wp-json\/wp\/v2\/product"}],"about":[{"href":"https:\/\/www.oxysphair.be\/de\/wp-json\/wp\/v2\/types\/product"}],"replies":[{"embeddable":true,"href":"https:\/\/www.oxysphair.be\/de\/wp-json\/wp\/v2\/comments?post=253107"}],"wp:featuredmedia":[{"embeddable":true,"href":"https:\/\/www.oxysphair.be\/de\/wp-json\/wp\/v2\/media\/253951"}],"wp:attachment":[{"href":"https:\/\/www.oxysphair.be\/de\/wp-json\/wp\/v2\/media?parent=253107"}],"wp:term":[{"taxonomy":"product_brand","embeddable":true,"href":"https:\/\/www.oxysphair.be\/de\/wp-json\/wp\/v2\/product_brand?post=253107"},{"taxonomy":"product_cat","embeddable":true,"href":"https:\/\/www.oxysphair.be\/de\/wp-json\/wp\/v2\/product_cat?post=253107"},{"taxonomy":"product_tag","embeddable":true,"href":"https:\/\/www.oxysphair.be\/de\/wp-json\/wp\/v2\/product_tag?post=253107"}],"curies":[{"name":"wp","href":"https:\/\/api.w.org\/{rel}","templated":true}]}}