{"id":253113,"date":"2024-02-06T17:14:52","date_gmt":"2024-02-06T16:14:52","guid":{"rendered":"https:\/\/oxysphair.poush-dev.be\/?post_type=product&#038;p=253113"},"modified":"2026-04-12T20:22:05","modified_gmt":"2026-04-12T18:22:05","slug":"aerocheck-po11-fch-saturometre-au-doigt","status":"publish","type":"product","link":"https:\/\/www.oxysphair.be\/de\/produits\/sauerstofftherapie\/zubehor-fur-sauerstofftherapie\/aerocheck-po11-fch-saturometre-au-doigt\/","title":{"rendered":"Aerocheck PO11-FCH &#8211; Saturom\u00e8tre au doigt &#8211; HUM"},"content":{"rendered":"<p>Il dispose d&#8217;un \u00e9cran bicolore avec possibilit\u00e9 de r\u00e9glage \u00e0 360 degr\u00e9s en appuyant sur un bouton.<\/p>\n<p>Il dispose de 6 modes d&#8217;affichage. Cet appareil portable et l\u00e9ger ne p\u00e8se que 58 g et affiche la fr\u00e9quence des impulsions, la SpO2, l&#8217;intensit\u00e9 des impulsions, la capacit\u00e9 de la batterie et le pl\u00e9thysmogramme<\/p>\n","protected":false},"excerpt":{"rendered":"<p>L&#8217;AEROcheck &#8211; FPO11-FCH est un oxym\u00e8tre de pouls pratique qui est utilis\u00e9 pour mesurer la saturation partielle en oxyg\u00e8ne. L&#8217;appareil est rapide et pr\u00e9cis. Gr\u00e2ce \u00e0 son confort d&#8217;utilisation, il peut \u00eatre utilis\u00e9 partout.<\/p>\n","protected":false},"featured_media":253923,"comment_status":"closed","ping_status":"closed","template":"","meta":{"_et_pb_use_builder":"","_et_pb_old_content":"","_et_gb_content_width":"","inline_featured_image":false},"product_brand":[154],"product_cat":[30],"product_tag":[],"class_list":{"0":"post-253113","1":"product","2":"type-product","3":"status-publish","4":"has-post-thumbnail","6":"product_brand-hum","7":"product_cat-accessoires-concentrateur-oxygene","9":"first","10":"instock","11":"taxable","12":"shipping-taxable","13":"purchasable","14":"product-type-simple"},"acf":[],"yoast_head":"<!-- This site is optimized with the Yoast SEO plugin v27.3 - https:\/\/yoast.com\/product\/yoast-seo-wordpress\/ -->\n<title>Aerocheck PO11-FCH - Saturom\u00e8tre au doigt - HUM | Oxysphair<\/title>\n<meta name=\"description\" content=\"Surveillez votre sant\u00e9 avec l&#039;AEROcheck PO11-FCH, un saturom\u00e8tre au doigt l\u00e9ger et portable pour des mesures pr\u00e9cises et rapides de SpO2.\" \/>\n<meta name=\"robots\" content=\"index, follow, max-snippet:-1, max-image-preview:large, max-video-preview:-1\" \/>\n<link rel=\"canonical\" href=\"https:\/\/www.oxysphair.be\/de\/produits\/sauerstofftherapie\/zubehor-fur-sauerstofftherapie\/aerocheck-po11-fch-saturometre-au-doigt\/\" \/>\n<meta property=\"og:locale\" content=\"de_DE\" \/>\n<meta property=\"og:type\" content=\"article\" \/>\n<meta property=\"og:title\" content=\"Aerocheck PO11-FCH - Saturom\u00e8tre au doigt - HUM | Oxysphair\" \/>\n<meta property=\"og:description\" content=\"Surveillez votre sant\u00e9 avec l&#039;AEROcheck PO11-FCH, un saturom\u00e8tre au doigt l\u00e9ger et portable pour des mesures pr\u00e9cises et rapides de SpO2.\" \/>\n<meta property=\"og:url\" content=\"https:\/\/www.oxysphair.be\/de\/produits\/sauerstofftherapie\/zubehor-fur-sauerstofftherapie\/aerocheck-po11-fch-saturometre-au-doigt\/\" \/>\n<meta property=\"og:site_name\" content=\"Oxysphair\" \/>\n<meta property=\"article:modified_time\" content=\"2026-04-12T18:22:05+00:00\" \/>\n<meta property=\"og:image\" content=\"https:\/\/www.oxysphair.be\/wp-content\/uploads\/2024\/02\/saturometre-aerocheck.jpeg\" \/>\n\t<meta property=\"og:image:width\" content=\"553\" \/>\n\t<meta property=\"og:image:height\" content=\"534\" \/>\n\t<meta property=\"og:image:type\" content=\"image\/jpeg\" \/>\n<meta name=\"twitter:card\" content=\"summary_large_image\" \/>\n<meta name=\"twitter:label1\" content=\"Gesch\u00e4tzte Lesezeit\" \/>\n\t<meta name=\"twitter:data1\" content=\"1\u00a0Minute\" \/>\n<script type=\"application\/ld+json\" class=\"yoast-schema-graph\">{\"@context\":\"https:\\\/\\\/schema.org\",\"@graph\":[{\"@type\":\"WebPage\",\"@id\":\"https:\\\/\\\/www.oxysphair.be\\\/de\\\/produits\\\/sauerstofftherapie\\\/zubehor-fur-sauerstofftherapie\\\/aerocheck-po11-fch-saturometre-au-doigt\\\/\",\"url\":\"https:\\\/\\\/www.oxysphair.be\\\/de\\\/produits\\\/sauerstofftherapie\\\/zubehor-fur-sauerstofftherapie\\\/aerocheck-po11-fch-saturometre-au-doigt\\\/\",\"name\":\"Aerocheck PO11-FCH - Saturom\u00e8tre au doigt - HUM | Oxysphair\",\"isPartOf\":{\"@id\":\"https:\\\/\\\/www.oxysphair.be\\\/de\\\/#website\"},\"primaryImageOfPage\":{\"@id\":\"https:\\\/\\\/www.oxysphair.be\\\/de\\\/produits\\\/sauerstofftherapie\\\/zubehor-fur-sauerstofftherapie\\\/aerocheck-po11-fch-saturometre-au-doigt\\\/#primaryimage\"},\"image\":{\"@id\":\"https:\\\/\\\/www.oxysphair.be\\\/de\\\/produits\\\/sauerstofftherapie\\\/zubehor-fur-sauerstofftherapie\\\/aerocheck-po11-fch-saturometre-au-doigt\\\/#primaryimage\"},\"thumbnailUrl\":\"https:\\\/\\\/www.oxysphair.be\\\/wp-content\\\/uploads\\\/2024\\\/02\\\/saturometre-aerocheck.jpeg\",\"datePublished\":\"2024-02-06T16:14:52+00:00\",\"dateModified\":\"2026-04-12T18:22:05+00:00\",\"description\":\"Surveillez votre sant\u00e9 avec l'AEROcheck PO11-FCH, un saturom\u00e8tre au doigt l\u00e9ger et portable pour des mesures pr\u00e9cises et rapides de SpO2.\",\"breadcrumb\":{\"@id\":\"https:\\\/\\\/www.oxysphair.be\\\/de\\\/produits\\\/sauerstofftherapie\\\/zubehor-fur-sauerstofftherapie\\\/aerocheck-po11-fch-saturometre-au-doigt\\\/#breadcrumb\"},\"inLanguage\":\"de\",\"potentialAction\":[{\"@type\":\"ReadAction\",\"target\":[\"https:\\\/\\\/www.oxysphair.be\\\/de\\\/produits\\\/sauerstofftherapie\\\/zubehor-fur-sauerstofftherapie\\\/aerocheck-po11-fch-saturometre-au-doigt\\\/\"]}]},{\"@type\":\"ImageObject\",\"inLanguage\":\"de\",\"@id\":\"https:\\\/\\\/www.oxysphair.be\\\/de\\\/produits\\\/sauerstofftherapie\\\/zubehor-fur-sauerstofftherapie\\\/aerocheck-po11-fch-saturometre-au-doigt\\\/#primaryimage\",\"url\":\"https:\\\/\\\/www.oxysphair.be\\\/wp-content\\\/uploads\\\/2024\\\/02\\\/saturometre-aerocheck.jpeg\",\"contentUrl\":\"https:\\\/\\\/www.oxysphair.be\\\/wp-content\\\/uploads\\\/2024\\\/02\\\/saturometre-aerocheck.jpeg\",\"width\":553,\"height\":534,\"caption\":\"saturometre au doigt aerocheck\"},{\"@type\":\"BreadcrumbList\",\"@id\":\"https:\\\/\\\/www.oxysphair.be\\\/de\\\/produits\\\/sauerstofftherapie\\\/zubehor-fur-sauerstofftherapie\\\/aerocheck-po11-fch-saturometre-au-doigt\\\/#breadcrumb\",\"itemListElement\":[{\"@type\":\"ListItem\",\"position\":1,\"name\":\"Accueil\",\"item\":\"https:\\\/\\\/www.oxysphair.be\\\/de\\\/\"},{\"@type\":\"ListItem\",\"position\":2,\"name\":\"Produkte\",\"item\":\"https:\\\/\\\/www.oxysphair.be\\\/de\\\/shop-produkte\\\/\"},{\"@type\":\"ListItem\",\"position\":3,\"name\":\"Aerocheck PO11-FCH &#8211; Saturom\u00e8tre au doigt &#8211; HUM\"}]},{\"@type\":\"WebSite\",\"@id\":\"https:\\\/\\\/www.oxysphair.be\\\/de\\\/#website\",\"url\":\"https:\\\/\\\/www.oxysphair.be\\\/de\\\/\",\"name\":\"Oxysphair\",\"description\":\"\",\"potentialAction\":[{\"@type\":\"SearchAction\",\"target\":{\"@type\":\"EntryPoint\",\"urlTemplate\":\"https:\\\/\\\/www.oxysphair.be\\\/de\\\/?s={search_term_string}\"},\"query-input\":{\"@type\":\"PropertyValueSpecification\",\"valueRequired\":true,\"valueName\":\"search_term_string\"}}],\"inLanguage\":\"de\"}]}<\/script>\n<!-- \/ Yoast SEO plugin. -->","yoast_head_json":{"title":"Aerocheck PO11-FCH - Saturom\u00e8tre au doigt - HUM | Oxysphair","description":"Surveillez votre sant\u00e9 avec l'AEROcheck PO11-FCH, un saturom\u00e8tre au doigt l\u00e9ger et portable pour des mesures pr\u00e9cises et rapides de SpO2.","robots":{"index":"index","follow":"follow","max-snippet":"max-snippet:-1","max-image-preview":"max-image-preview:large","max-video-preview":"max-video-preview:-1"},"canonical":"https:\/\/www.oxysphair.be\/de\/produits\/sauerstofftherapie\/zubehor-fur-sauerstofftherapie\/aerocheck-po11-fch-saturometre-au-doigt\/","og_locale":"de_DE","og_type":"article","og_title":"Aerocheck PO11-FCH - Saturom\u00e8tre au doigt - HUM | Oxysphair","og_description":"Surveillez votre sant\u00e9 avec l'AEROcheck PO11-FCH, un saturom\u00e8tre au doigt l\u00e9ger et portable pour des mesures pr\u00e9cises et rapides de SpO2.","og_url":"https:\/\/www.oxysphair.be\/de\/produits\/sauerstofftherapie\/zubehor-fur-sauerstofftherapie\/aerocheck-po11-fch-saturometre-au-doigt\/","og_site_name":"Oxysphair","article_modified_time":"2026-04-12T18:22:05+00:00","og_image":[{"width":553,"height":534,"url":"https:\/\/www.oxysphair.be\/wp-content\/uploads\/2024\/02\/saturometre-aerocheck.jpeg","type":"image\/jpeg"}],"twitter_card":"summary_large_image","twitter_misc":{"Gesch\u00e4tzte Lesezeit":"1\u00a0Minute"},"schema":{"@context":"https:\/\/schema.org","@graph":[{"@type":"WebPage","@id":"https:\/\/www.oxysphair.be\/de\/produits\/sauerstofftherapie\/zubehor-fur-sauerstofftherapie\/aerocheck-po11-fch-saturometre-au-doigt\/","url":"https:\/\/www.oxysphair.be\/de\/produits\/sauerstofftherapie\/zubehor-fur-sauerstofftherapie\/aerocheck-po11-fch-saturometre-au-doigt\/","name":"Aerocheck PO11-FCH - Saturom\u00e8tre au doigt - HUM | Oxysphair","isPartOf":{"@id":"https:\/\/www.oxysphair.be\/de\/#website"},"primaryImageOfPage":{"@id":"https:\/\/www.oxysphair.be\/de\/produits\/sauerstofftherapie\/zubehor-fur-sauerstofftherapie\/aerocheck-po11-fch-saturometre-au-doigt\/#primaryimage"},"image":{"@id":"https:\/\/www.oxysphair.be\/de\/produits\/sauerstofftherapie\/zubehor-fur-sauerstofftherapie\/aerocheck-po11-fch-saturometre-au-doigt\/#primaryimage"},"thumbnailUrl":"https:\/\/www.oxysphair.be\/wp-content\/uploads\/2024\/02\/saturometre-aerocheck.jpeg","datePublished":"2024-02-06T16:14:52+00:00","dateModified":"2026-04-12T18:22:05+00:00","description":"Surveillez votre sant\u00e9 avec l'AEROcheck PO11-FCH, un saturom\u00e8tre au doigt l\u00e9ger et portable pour des mesures pr\u00e9cises et rapides de SpO2.","breadcrumb":{"@id":"https:\/\/www.oxysphair.be\/de\/produits\/sauerstofftherapie\/zubehor-fur-sauerstofftherapie\/aerocheck-po11-fch-saturometre-au-doigt\/#breadcrumb"},"inLanguage":"de","potentialAction":[{"@type":"ReadAction","target":["https:\/\/www.oxysphair.be\/de\/produits\/sauerstofftherapie\/zubehor-fur-sauerstofftherapie\/aerocheck-po11-fch-saturometre-au-doigt\/"]}]},{"@type":"ImageObject","inLanguage":"de","@id":"https:\/\/www.oxysphair.be\/de\/produits\/sauerstofftherapie\/zubehor-fur-sauerstofftherapie\/aerocheck-po11-fch-saturometre-au-doigt\/#primaryimage","url":"https:\/\/www.oxysphair.be\/wp-content\/uploads\/2024\/02\/saturometre-aerocheck.jpeg","contentUrl":"https:\/\/www.oxysphair.be\/wp-content\/uploads\/2024\/02\/saturometre-aerocheck.jpeg","width":553,"height":534,"caption":"saturometre au doigt aerocheck"},{"@type":"BreadcrumbList","@id":"https:\/\/www.oxysphair.be\/de\/produits\/sauerstofftherapie\/zubehor-fur-sauerstofftherapie\/aerocheck-po11-fch-saturometre-au-doigt\/#breadcrumb","itemListElement":[{"@type":"ListItem","position":1,"name":"Accueil","item":"https:\/\/www.oxysphair.be\/de\/"},{"@type":"ListItem","position":2,"name":"Produkte","item":"https:\/\/www.oxysphair.be\/de\/shop-produkte\/"},{"@type":"ListItem","position":3,"name":"Aerocheck PO11-FCH &#8211; Saturom\u00e8tre au doigt &#8211; HUM"}]},{"@type":"WebSite","@id":"https:\/\/www.oxysphair.be\/de\/#website","url":"https:\/\/www.oxysphair.be\/de\/","name":"Oxysphair","description":"","potentialAction":[{"@type":"SearchAction","target":{"@type":"EntryPoint","urlTemplate":"https:\/\/www.oxysphair.be\/de\/?s={search_term_string}"},"query-input":{"@type":"PropertyValueSpecification","valueRequired":true,"valueName":"search_term_string"}}],"inLanguage":"de"}]}},"_links":{"self":[{"href":"https:\/\/www.oxysphair.be\/de\/wp-json\/wp\/v2\/product\/253113","targetHints":{"allow":["GET"]}}],"collection":[{"href":"https:\/\/www.oxysphair.be\/de\/wp-json\/wp\/v2\/product"}],"about":[{"href":"https:\/\/www.oxysphair.be\/de\/wp-json\/wp\/v2\/types\/product"}],"replies":[{"embeddable":true,"href":"https:\/\/www.oxysphair.be\/de\/wp-json\/wp\/v2\/comments?post=253113"}],"wp:featuredmedia":[{"embeddable":true,"href":"https:\/\/www.oxysphair.be\/de\/wp-json\/wp\/v2\/media\/253923"}],"wp:attachment":[{"href":"https:\/\/www.oxysphair.be\/de\/wp-json\/wp\/v2\/media?parent=253113"}],"wp:term":[{"taxonomy":"product_brand","embeddable":true,"href":"https:\/\/www.oxysphair.be\/de\/wp-json\/wp\/v2\/product_brand?post=253113"},{"taxonomy":"product_cat","embeddable":true,"href":"https:\/\/www.oxysphair.be\/de\/wp-json\/wp\/v2\/product_cat?post=253113"},{"taxonomy":"product_tag","embeddable":true,"href":"https:\/\/www.oxysphair.be\/de\/wp-json\/wp\/v2\/product_tag?post=253113"}],"curies":[{"name":"wp","href":"https:\/\/api.w.org\/{rel}","templated":true}]}}