{"id":253118,"date":"2024-02-06T17:14:53","date_gmt":"2024-02-06T16:14:53","guid":{"rendered":"https:\/\/oxysphair.poush-dev.be\/?post_type=product&#038;p=253118"},"modified":"2026-04-12T14:22:07","modified_gmt":"2026-04-12T12:22:07","slug":"tuyau-chauffant-philips-dreamstation","status":"publish","type":"product","link":"https:\/\/www.oxysphair.be\/de\/produits\/schlafapnoe\/tuyau-chauffant-philips-dreamstation\/","title":{"rendered":"Tube Cpap chauffant 15mm &#8211; Philips Dreamstation"},"content":{"rendered":"","protected":false},"excerpt":{"rendered":"<p>Le tuyau chauffant HT15 se connecte \u00e0 l&#8217;humidificateur chauffant de la Dreamstation 1 de Philips Respironics. Lorsqu\u2019il est connect\u00e9 \u00e0 l\u2019humidificateur, le tuyau peut \u00eatre r\u00e9gl\u00e9 sur l\u2019un des cinq r\u00e9glages de chaleur, ou d\u00e9sactiv\u00e9 si vous le souhaitez. Le tuyau chauffant HT15 peut augmenter le confort en maintenant l&#8217;humidit\u00e9 d\u00e9livr\u00e9e dans la cavit\u00e9 nasale et limiter la formation de condensation.<\/p>\n","protected":false},"featured_media":253885,"comment_status":"closed","ping_status":"closed","template":"","meta":{"_et_pb_use_builder":"","_et_pb_old_content":"","_et_gb_content_width":"","inline_featured_image":false},"product_brand":[148],"product_cat":[24],"product_tag":[],"class_list":{"0":"post-253118","1":"product","2":"type-product","3":"status-publish","4":"has-post-thumbnail","6":"product_brand-philips-respironics","7":"product_cat-apnee-sommeil","9":"first","10":"instock","11":"taxable","12":"shipping-taxable","13":"purchasable","14":"product-type-simple"},"acf":[],"yoast_head":"<!-- This site is optimized with the Yoast SEO plugin v27.3 - https:\/\/yoast.com\/product\/yoast-seo-wordpress\/ -->\n<title>Tube Cpap chauffant 15mm - Philips Dreamstation | Oxysphair<\/title>\n<meta name=\"description\" content=\"Optez pour le tuyau chauffant Dreamstation de 15mm pour un confort accru, r\u00e9duisant la condensation et maintenant l&#039;humidit\u00e9.\" \/>\n<meta name=\"robots\" content=\"index, follow, max-snippet:-1, max-image-preview:large, max-video-preview:-1\" \/>\n<link rel=\"canonical\" href=\"https:\/\/www.oxysphair.be\/de\/produits\/schlafapnoe\/tuyau-chauffant-philips-dreamstation\/\" \/>\n<meta property=\"og:locale\" content=\"de_DE\" \/>\n<meta property=\"og:type\" content=\"article\" \/>\n<meta property=\"og:title\" content=\"Tube Cpap chauffant 15mm - Philips Dreamstation | Oxysphair\" \/>\n<meta property=\"og:description\" content=\"Optez pour le tuyau chauffant Dreamstation de 15mm pour un confort accru, r\u00e9duisant la condensation et maintenant l&#039;humidit\u00e9.\" \/>\n<meta property=\"og:url\" content=\"https:\/\/www.oxysphair.be\/de\/produits\/schlafapnoe\/tuyau-chauffant-philips-dreamstation\/\" \/>\n<meta property=\"og:site_name\" content=\"Oxysphair\" \/>\n<meta property=\"article:modified_time\" content=\"2026-04-12T12:22:07+00:00\" \/>\n<meta property=\"og:image\" content=\"https:\/\/www.oxysphair.be\/wp-content\/uploads\/2024\/02\/tube-cpap-dreamstation-15mm.jpeg\" \/>\n\t<meta property=\"og:image:width\" content=\"496\" \/>\n\t<meta property=\"og:image:height\" content=\"382\" \/>\n\t<meta property=\"og:image:type\" content=\"image\/jpeg\" \/>\n<meta name=\"twitter:card\" content=\"summary_large_image\" \/>\n<meta name=\"twitter:label1\" content=\"Gesch\u00e4tzte Lesezeit\" \/>\n\t<meta name=\"twitter:data1\" content=\"1\u00a0Minute\" \/>\n<script type=\"application\/ld+json\" class=\"yoast-schema-graph\">{\"@context\":\"https:\\\/\\\/schema.org\",\"@graph\":[{\"@type\":\"WebPage\",\"@id\":\"https:\\\/\\\/www.oxysphair.be\\\/de\\\/produits\\\/schlafapnoe\\\/tuyau-chauffant-philips-dreamstation\\\/\",\"url\":\"https:\\\/\\\/www.oxysphair.be\\\/de\\\/produits\\\/schlafapnoe\\\/tuyau-chauffant-philips-dreamstation\\\/\",\"name\":\"Tube Cpap chauffant 15mm - Philips Dreamstation | Oxysphair\",\"isPartOf\":{\"@id\":\"https:\\\/\\\/www.oxysphair.be\\\/de\\\/#website\"},\"primaryImageOfPage\":{\"@id\":\"https:\\\/\\\/www.oxysphair.be\\\/de\\\/produits\\\/schlafapnoe\\\/tuyau-chauffant-philips-dreamstation\\\/#primaryimage\"},\"image\":{\"@id\":\"https:\\\/\\\/www.oxysphair.be\\\/de\\\/produits\\\/schlafapnoe\\\/tuyau-chauffant-philips-dreamstation\\\/#primaryimage\"},\"thumbnailUrl\":\"https:\\\/\\\/www.oxysphair.be\\\/wp-content\\\/uploads\\\/2024\\\/02\\\/tube-cpap-dreamstation-15mm.jpeg\",\"datePublished\":\"2024-02-06T16:14:53+00:00\",\"dateModified\":\"2026-04-12T12:22:07+00:00\",\"description\":\"Optez pour le tuyau chauffant Dreamstation de 15mm pour un confort accru, r\u00e9duisant la condensation et maintenant l'humidit\u00e9.\",\"breadcrumb\":{\"@id\":\"https:\\\/\\\/www.oxysphair.be\\\/de\\\/produits\\\/schlafapnoe\\\/tuyau-chauffant-philips-dreamstation\\\/#breadcrumb\"},\"inLanguage\":\"de\",\"potentialAction\":[{\"@type\":\"ReadAction\",\"target\":[\"https:\\\/\\\/www.oxysphair.be\\\/de\\\/produits\\\/schlafapnoe\\\/tuyau-chauffant-philips-dreamstation\\\/\"]}]},{\"@type\":\"ImageObject\",\"inLanguage\":\"de\",\"@id\":\"https:\\\/\\\/www.oxysphair.be\\\/de\\\/produits\\\/schlafapnoe\\\/tuyau-chauffant-philips-dreamstation\\\/#primaryimage\",\"url\":\"https:\\\/\\\/www.oxysphair.be\\\/wp-content\\\/uploads\\\/2024\\\/02\\\/tube-cpap-dreamstation-15mm.jpeg\",\"contentUrl\":\"https:\\\/\\\/www.oxysphair.be\\\/wp-content\\\/uploads\\\/2024\\\/02\\\/tube-cpap-dreamstation-15mm.jpeg\",\"width\":496,\"height\":382,\"caption\":\"Tube pour CPAP dreamstation de 15mm de large\"},{\"@type\":\"BreadcrumbList\",\"@id\":\"https:\\\/\\\/www.oxysphair.be\\\/de\\\/produits\\\/schlafapnoe\\\/tuyau-chauffant-philips-dreamstation\\\/#breadcrumb\",\"itemListElement\":[{\"@type\":\"ListItem\",\"position\":1,\"name\":\"Accueil\",\"item\":\"https:\\\/\\\/www.oxysphair.be\\\/de\\\/\"},{\"@type\":\"ListItem\",\"position\":2,\"name\":\"Produkte\",\"item\":\"https:\\\/\\\/www.oxysphair.be\\\/de\\\/shop-produkte\\\/\"},{\"@type\":\"ListItem\",\"position\":3,\"name\":\"Tube Cpap chauffant 15mm &#8211; Philips Dreamstation\"}]},{\"@type\":\"WebSite\",\"@id\":\"https:\\\/\\\/www.oxysphair.be\\\/de\\\/#website\",\"url\":\"https:\\\/\\\/www.oxysphair.be\\\/de\\\/\",\"name\":\"Oxysphair\",\"description\":\"\",\"potentialAction\":[{\"@type\":\"SearchAction\",\"target\":{\"@type\":\"EntryPoint\",\"urlTemplate\":\"https:\\\/\\\/www.oxysphair.be\\\/de\\\/?s={search_term_string}\"},\"query-input\":{\"@type\":\"PropertyValueSpecification\",\"valueRequired\":true,\"valueName\":\"search_term_string\"}}],\"inLanguage\":\"de\"}]}<\/script>\n<!-- \/ Yoast SEO plugin. -->","yoast_head_json":{"title":"Tube Cpap chauffant 15mm - Philips Dreamstation | Oxysphair","description":"Optez pour le tuyau chauffant Dreamstation de 15mm pour un confort accru, r\u00e9duisant la condensation et maintenant l'humidit\u00e9.","robots":{"index":"index","follow":"follow","max-snippet":"max-snippet:-1","max-image-preview":"max-image-preview:large","max-video-preview":"max-video-preview:-1"},"canonical":"https:\/\/www.oxysphair.be\/de\/produits\/schlafapnoe\/tuyau-chauffant-philips-dreamstation\/","og_locale":"de_DE","og_type":"article","og_title":"Tube Cpap chauffant 15mm - Philips Dreamstation | Oxysphair","og_description":"Optez pour le tuyau chauffant Dreamstation de 15mm pour un confort accru, r\u00e9duisant la condensation et maintenant l'humidit\u00e9.","og_url":"https:\/\/www.oxysphair.be\/de\/produits\/schlafapnoe\/tuyau-chauffant-philips-dreamstation\/","og_site_name":"Oxysphair","article_modified_time":"2026-04-12T12:22:07+00:00","og_image":[{"width":496,"height":382,"url":"https:\/\/www.oxysphair.be\/wp-content\/uploads\/2024\/02\/tube-cpap-dreamstation-15mm.jpeg","type":"image\/jpeg"}],"twitter_card":"summary_large_image","twitter_misc":{"Gesch\u00e4tzte Lesezeit":"1\u00a0Minute"},"schema":{"@context":"https:\/\/schema.org","@graph":[{"@type":"WebPage","@id":"https:\/\/www.oxysphair.be\/de\/produits\/schlafapnoe\/tuyau-chauffant-philips-dreamstation\/","url":"https:\/\/www.oxysphair.be\/de\/produits\/schlafapnoe\/tuyau-chauffant-philips-dreamstation\/","name":"Tube Cpap chauffant 15mm - Philips Dreamstation | Oxysphair","isPartOf":{"@id":"https:\/\/www.oxysphair.be\/de\/#website"},"primaryImageOfPage":{"@id":"https:\/\/www.oxysphair.be\/de\/produits\/schlafapnoe\/tuyau-chauffant-philips-dreamstation\/#primaryimage"},"image":{"@id":"https:\/\/www.oxysphair.be\/de\/produits\/schlafapnoe\/tuyau-chauffant-philips-dreamstation\/#primaryimage"},"thumbnailUrl":"https:\/\/www.oxysphair.be\/wp-content\/uploads\/2024\/02\/tube-cpap-dreamstation-15mm.jpeg","datePublished":"2024-02-06T16:14:53+00:00","dateModified":"2026-04-12T12:22:07+00:00","description":"Optez pour le tuyau chauffant Dreamstation de 15mm pour un confort accru, r\u00e9duisant la condensation et maintenant l'humidit\u00e9.","breadcrumb":{"@id":"https:\/\/www.oxysphair.be\/de\/produits\/schlafapnoe\/tuyau-chauffant-philips-dreamstation\/#breadcrumb"},"inLanguage":"de","potentialAction":[{"@type":"ReadAction","target":["https:\/\/www.oxysphair.be\/de\/produits\/schlafapnoe\/tuyau-chauffant-philips-dreamstation\/"]}]},{"@type":"ImageObject","inLanguage":"de","@id":"https:\/\/www.oxysphair.be\/de\/produits\/schlafapnoe\/tuyau-chauffant-philips-dreamstation\/#primaryimage","url":"https:\/\/www.oxysphair.be\/wp-content\/uploads\/2024\/02\/tube-cpap-dreamstation-15mm.jpeg","contentUrl":"https:\/\/www.oxysphair.be\/wp-content\/uploads\/2024\/02\/tube-cpap-dreamstation-15mm.jpeg","width":496,"height":382,"caption":"Tube pour CPAP dreamstation de 15mm de large"},{"@type":"BreadcrumbList","@id":"https:\/\/www.oxysphair.be\/de\/produits\/schlafapnoe\/tuyau-chauffant-philips-dreamstation\/#breadcrumb","itemListElement":[{"@type":"ListItem","position":1,"name":"Accueil","item":"https:\/\/www.oxysphair.be\/de\/"},{"@type":"ListItem","position":2,"name":"Produkte","item":"https:\/\/www.oxysphair.be\/de\/shop-produkte\/"},{"@type":"ListItem","position":3,"name":"Tube Cpap chauffant 15mm &#8211; Philips Dreamstation"}]},{"@type":"WebSite","@id":"https:\/\/www.oxysphair.be\/de\/#website","url":"https:\/\/www.oxysphair.be\/de\/","name":"Oxysphair","description":"","potentialAction":[{"@type":"SearchAction","target":{"@type":"EntryPoint","urlTemplate":"https:\/\/www.oxysphair.be\/de\/?s={search_term_string}"},"query-input":{"@type":"PropertyValueSpecification","valueRequired":true,"valueName":"search_term_string"}}],"inLanguage":"de"}]}},"_links":{"self":[{"href":"https:\/\/www.oxysphair.be\/de\/wp-json\/wp\/v2\/product\/253118","targetHints":{"allow":["GET"]}}],"collection":[{"href":"https:\/\/www.oxysphair.be\/de\/wp-json\/wp\/v2\/product"}],"about":[{"href":"https:\/\/www.oxysphair.be\/de\/wp-json\/wp\/v2\/types\/product"}],"replies":[{"embeddable":true,"href":"https:\/\/www.oxysphair.be\/de\/wp-json\/wp\/v2\/comments?post=253118"}],"wp:featuredmedia":[{"embeddable":true,"href":"https:\/\/www.oxysphair.be\/de\/wp-json\/wp\/v2\/media\/253885"}],"wp:attachment":[{"href":"https:\/\/www.oxysphair.be\/de\/wp-json\/wp\/v2\/media?parent=253118"}],"wp:term":[{"taxonomy":"product_brand","embeddable":true,"href":"https:\/\/www.oxysphair.be\/de\/wp-json\/wp\/v2\/product_brand?post=253118"},{"taxonomy":"product_cat","embeddable":true,"href":"https:\/\/www.oxysphair.be\/de\/wp-json\/wp\/v2\/product_cat?post=253118"},{"taxonomy":"product_tag","embeddable":true,"href":"https:\/\/www.oxysphair.be\/de\/wp-json\/wp\/v2\/product_tag?post=253118"}],"curies":[{"name":"wp","href":"https:\/\/api.w.org\/{rel}","templated":true}]}}