{"id":253119,"date":"2024-02-06T17:14:53","date_gmt":"2024-02-06T16:14:53","guid":{"rendered":"https:\/\/oxysphair.poush-dev.be\/?post_type=product&#038;p=253119"},"modified":"2026-04-12T14:22:08","modified_gmt":"2026-04-12T12:22:08","slug":"filtre-pollen-reutilisable-philips-dreamstation","status":"publish","type":"product","link":"https:\/\/www.oxysphair.be\/de\/produits\/schlafapnoe\/filtre-pollen-reutilisable-philips-dreamstation\/","title":{"rendered":"Filtre \u00e0 pollen r\u00e9utilisable pour Dreamstation (1 pi\u00e8ce) &#8211; Philips &#8211; Respironics"},"content":{"rendered":"<p>Entretien du filtre: Le filtre est facile \u00e0 entretenir. Il se lave \u00e0 l&#8217;eau du robinet ou \u00e0 l&#8217;eau savonneuse et s\u00e8che \u00e0 l&#8217;air libre. Il est conseill\u00e9 de le nettoyer toutes les deux semaines. Il est recommand\u00e9 de le changer tous les 6 mois afin de garantir une efficacit\u00e9 maximale.<\/p>\n","protected":false},"excerpt":{"rendered":"<p>Ce filtre pollen r\u00e9utilisable est compatible avec toutes les machines CPAP DreamStation. Il prot\u00e8ge le moteur de votre CPAP et assure ainsi la long\u00e9vit\u00e9 de votre machine.<\/p>\n","protected":false},"featured_media":253908,"comment_status":"closed","ping_status":"closed","template":"","meta":{"_et_pb_use_builder":"","_et_pb_old_content":"","_et_gb_content_width":"","inline_featured_image":false},"product_brand":[148],"product_cat":[24],"product_tag":[],"class_list":{"0":"post-253119","1":"product","2":"type-product","3":"status-publish","4":"has-post-thumbnail","6":"product_brand-philips-respironics","7":"product_cat-apnee-sommeil","9":"first","10":"instock","11":"taxable","12":"shipping-taxable","13":"purchasable","14":"product-type-simple"},"acf":[],"yoast_head":"<!-- This site is optimized with the Yoast SEO plugin v27.3 - https:\/\/yoast.com\/product\/yoast-seo-wordpress\/ -->\n<title>Filtre \u00e0 pollen r\u00e9utilisable pour Dreamstation (1 pi\u00e8ce) - Philips - Respironics | Oxysphair<\/title>\n<meta name=\"description\" content=\"Prot\u00e9gez votre CPAP DreamStation avec le filtre \u00e0 pollen r\u00e9utilisable : maintenance facile pour une performance durable et une air purifi\u00e9.\" \/>\n<meta name=\"robots\" content=\"index, follow, max-snippet:-1, max-image-preview:large, max-video-preview:-1\" \/>\n<link rel=\"canonical\" href=\"https:\/\/www.oxysphair.be\/de\/produits\/schlafapnoe\/filtre-pollen-reutilisable-philips-dreamstation\/\" \/>\n<meta property=\"og:locale\" content=\"de_DE\" \/>\n<meta property=\"og:type\" content=\"article\" \/>\n<meta property=\"og:title\" content=\"Filtre \u00e0 pollen r\u00e9utilisable pour Dreamstation (1 pi\u00e8ce) - Philips - Respironics | Oxysphair\" \/>\n<meta property=\"og:description\" content=\"Prot\u00e9gez votre CPAP DreamStation avec le filtre \u00e0 pollen r\u00e9utilisable : maintenance facile pour une performance durable et une air purifi\u00e9.\" \/>\n<meta property=\"og:url\" content=\"https:\/\/www.oxysphair.be\/de\/produits\/schlafapnoe\/filtre-pollen-reutilisable-philips-dreamstation\/\" \/>\n<meta property=\"og:site_name\" content=\"Oxysphair\" \/>\n<meta property=\"article:modified_time\" content=\"2026-04-12T12:22:08+00:00\" \/>\n<meta property=\"og:image\" content=\"https:\/\/www.oxysphair.be\/wp-content\/uploads\/2024\/02\/dreamstation-filtre-pollen-reutilisable.jpeg\" \/>\n\t<meta property=\"og:image:width\" content=\"600\" \/>\n\t<meta property=\"og:image:height\" content=\"600\" \/>\n\t<meta property=\"og:image:type\" content=\"image\/jpeg\" \/>\n<meta name=\"twitter:card\" content=\"summary_large_image\" \/>\n<meta name=\"twitter:label1\" content=\"Gesch\u00e4tzte Lesezeit\" \/>\n\t<meta name=\"twitter:data1\" content=\"1\u00a0Minute\" \/>\n<script type=\"application\/ld+json\" class=\"yoast-schema-graph\">{\"@context\":\"https:\\\/\\\/schema.org\",\"@graph\":[{\"@type\":\"WebPage\",\"@id\":\"https:\\\/\\\/www.oxysphair.be\\\/de\\\/produits\\\/schlafapnoe\\\/filtre-pollen-reutilisable-philips-dreamstation\\\/\",\"url\":\"https:\\\/\\\/www.oxysphair.be\\\/de\\\/produits\\\/schlafapnoe\\\/filtre-pollen-reutilisable-philips-dreamstation\\\/\",\"name\":\"Filtre \u00e0 pollen r\u00e9utilisable pour Dreamstation (1 pi\u00e8ce) - Philips - Respironics | Oxysphair\",\"isPartOf\":{\"@id\":\"https:\\\/\\\/www.oxysphair.be\\\/de\\\/#website\"},\"primaryImageOfPage\":{\"@id\":\"https:\\\/\\\/www.oxysphair.be\\\/de\\\/produits\\\/schlafapnoe\\\/filtre-pollen-reutilisable-philips-dreamstation\\\/#primaryimage\"},\"image\":{\"@id\":\"https:\\\/\\\/www.oxysphair.be\\\/de\\\/produits\\\/schlafapnoe\\\/filtre-pollen-reutilisable-philips-dreamstation\\\/#primaryimage\"},\"thumbnailUrl\":\"https:\\\/\\\/www.oxysphair.be\\\/wp-content\\\/uploads\\\/2024\\\/02\\\/dreamstation-filtre-pollen-reutilisable.jpeg\",\"datePublished\":\"2024-02-06T16:14:53+00:00\",\"dateModified\":\"2026-04-12T12:22:08+00:00\",\"description\":\"Prot\u00e9gez votre CPAP DreamStation avec le filtre \u00e0 pollen r\u00e9utilisable : maintenance facile pour une performance durable et une air purifi\u00e9.\",\"breadcrumb\":{\"@id\":\"https:\\\/\\\/www.oxysphair.be\\\/de\\\/produits\\\/schlafapnoe\\\/filtre-pollen-reutilisable-philips-dreamstation\\\/#breadcrumb\"},\"inLanguage\":\"de\",\"potentialAction\":[{\"@type\":\"ReadAction\",\"target\":[\"https:\\\/\\\/www.oxysphair.be\\\/de\\\/produits\\\/schlafapnoe\\\/filtre-pollen-reutilisable-philips-dreamstation\\\/\"]}]},{\"@type\":\"ImageObject\",\"inLanguage\":\"de\",\"@id\":\"https:\\\/\\\/www.oxysphair.be\\\/de\\\/produits\\\/schlafapnoe\\\/filtre-pollen-reutilisable-philips-dreamstation\\\/#primaryimage\",\"url\":\"https:\\\/\\\/www.oxysphair.be\\\/wp-content\\\/uploads\\\/2024\\\/02\\\/dreamstation-filtre-pollen-reutilisable.jpeg\",\"contentUrl\":\"https:\\\/\\\/www.oxysphair.be\\\/wp-content\\\/uploads\\\/2024\\\/02\\\/dreamstation-filtre-pollen-reutilisable.jpeg\",\"width\":600,\"height\":600,\"caption\":\"filtre \u00e0 pollen r\u00e9utilisable pour philips dreamstation\"},{\"@type\":\"BreadcrumbList\",\"@id\":\"https:\\\/\\\/www.oxysphair.be\\\/de\\\/produits\\\/schlafapnoe\\\/filtre-pollen-reutilisable-philips-dreamstation\\\/#breadcrumb\",\"itemListElement\":[{\"@type\":\"ListItem\",\"position\":1,\"name\":\"Accueil\",\"item\":\"https:\\\/\\\/www.oxysphair.be\\\/de\\\/\"},{\"@type\":\"ListItem\",\"position\":2,\"name\":\"Produkte\",\"item\":\"https:\\\/\\\/www.oxysphair.be\\\/de\\\/shop-produkte\\\/\"},{\"@type\":\"ListItem\",\"position\":3,\"name\":\"Filtre \u00e0 pollen r\u00e9utilisable pour Dreamstation (1 pi\u00e8ce) &#8211; Philips &#8211; Respironics\"}]},{\"@type\":\"WebSite\",\"@id\":\"https:\\\/\\\/www.oxysphair.be\\\/de\\\/#website\",\"url\":\"https:\\\/\\\/www.oxysphair.be\\\/de\\\/\",\"name\":\"Oxysphair\",\"description\":\"\",\"potentialAction\":[{\"@type\":\"SearchAction\",\"target\":{\"@type\":\"EntryPoint\",\"urlTemplate\":\"https:\\\/\\\/www.oxysphair.be\\\/de\\\/?s={search_term_string}\"},\"query-input\":{\"@type\":\"PropertyValueSpecification\",\"valueRequired\":true,\"valueName\":\"search_term_string\"}}],\"inLanguage\":\"de\"}]}<\/script>\n<!-- \/ Yoast SEO plugin. -->","yoast_head_json":{"title":"Filtre \u00e0 pollen r\u00e9utilisable pour Dreamstation (1 pi\u00e8ce) - Philips - Respironics | Oxysphair","description":"Prot\u00e9gez votre CPAP DreamStation avec le filtre \u00e0 pollen r\u00e9utilisable : maintenance facile pour une performance durable et une air purifi\u00e9.","robots":{"index":"index","follow":"follow","max-snippet":"max-snippet:-1","max-image-preview":"max-image-preview:large","max-video-preview":"max-video-preview:-1"},"canonical":"https:\/\/www.oxysphair.be\/de\/produits\/schlafapnoe\/filtre-pollen-reutilisable-philips-dreamstation\/","og_locale":"de_DE","og_type":"article","og_title":"Filtre \u00e0 pollen r\u00e9utilisable pour Dreamstation (1 pi\u00e8ce) - Philips - Respironics | Oxysphair","og_description":"Prot\u00e9gez votre CPAP DreamStation avec le filtre \u00e0 pollen r\u00e9utilisable : maintenance facile pour une performance durable et une air purifi\u00e9.","og_url":"https:\/\/www.oxysphair.be\/de\/produits\/schlafapnoe\/filtre-pollen-reutilisable-philips-dreamstation\/","og_site_name":"Oxysphair","article_modified_time":"2026-04-12T12:22:08+00:00","og_image":[{"width":600,"height":600,"url":"https:\/\/www.oxysphair.be\/wp-content\/uploads\/2024\/02\/dreamstation-filtre-pollen-reutilisable.jpeg","type":"image\/jpeg"}],"twitter_card":"summary_large_image","twitter_misc":{"Gesch\u00e4tzte Lesezeit":"1\u00a0Minute"},"schema":{"@context":"https:\/\/schema.org","@graph":[{"@type":"WebPage","@id":"https:\/\/www.oxysphair.be\/de\/produits\/schlafapnoe\/filtre-pollen-reutilisable-philips-dreamstation\/","url":"https:\/\/www.oxysphair.be\/de\/produits\/schlafapnoe\/filtre-pollen-reutilisable-philips-dreamstation\/","name":"Filtre \u00e0 pollen r\u00e9utilisable pour Dreamstation (1 pi\u00e8ce) - Philips - Respironics | Oxysphair","isPartOf":{"@id":"https:\/\/www.oxysphair.be\/de\/#website"},"primaryImageOfPage":{"@id":"https:\/\/www.oxysphair.be\/de\/produits\/schlafapnoe\/filtre-pollen-reutilisable-philips-dreamstation\/#primaryimage"},"image":{"@id":"https:\/\/www.oxysphair.be\/de\/produits\/schlafapnoe\/filtre-pollen-reutilisable-philips-dreamstation\/#primaryimage"},"thumbnailUrl":"https:\/\/www.oxysphair.be\/wp-content\/uploads\/2024\/02\/dreamstation-filtre-pollen-reutilisable.jpeg","datePublished":"2024-02-06T16:14:53+00:00","dateModified":"2026-04-12T12:22:08+00:00","description":"Prot\u00e9gez votre CPAP DreamStation avec le filtre \u00e0 pollen r\u00e9utilisable : maintenance facile pour une performance durable et une air purifi\u00e9.","breadcrumb":{"@id":"https:\/\/www.oxysphair.be\/de\/produits\/schlafapnoe\/filtre-pollen-reutilisable-philips-dreamstation\/#breadcrumb"},"inLanguage":"de","potentialAction":[{"@type":"ReadAction","target":["https:\/\/www.oxysphair.be\/de\/produits\/schlafapnoe\/filtre-pollen-reutilisable-philips-dreamstation\/"]}]},{"@type":"ImageObject","inLanguage":"de","@id":"https:\/\/www.oxysphair.be\/de\/produits\/schlafapnoe\/filtre-pollen-reutilisable-philips-dreamstation\/#primaryimage","url":"https:\/\/www.oxysphair.be\/wp-content\/uploads\/2024\/02\/dreamstation-filtre-pollen-reutilisable.jpeg","contentUrl":"https:\/\/www.oxysphair.be\/wp-content\/uploads\/2024\/02\/dreamstation-filtre-pollen-reutilisable.jpeg","width":600,"height":600,"caption":"filtre \u00e0 pollen r\u00e9utilisable pour philips dreamstation"},{"@type":"BreadcrumbList","@id":"https:\/\/www.oxysphair.be\/de\/produits\/schlafapnoe\/filtre-pollen-reutilisable-philips-dreamstation\/#breadcrumb","itemListElement":[{"@type":"ListItem","position":1,"name":"Accueil","item":"https:\/\/www.oxysphair.be\/de\/"},{"@type":"ListItem","position":2,"name":"Produkte","item":"https:\/\/www.oxysphair.be\/de\/shop-produkte\/"},{"@type":"ListItem","position":3,"name":"Filtre \u00e0 pollen r\u00e9utilisable pour Dreamstation (1 pi\u00e8ce) &#8211; Philips &#8211; Respironics"}]},{"@type":"WebSite","@id":"https:\/\/www.oxysphair.be\/de\/#website","url":"https:\/\/www.oxysphair.be\/de\/","name":"Oxysphair","description":"","potentialAction":[{"@type":"SearchAction","target":{"@type":"EntryPoint","urlTemplate":"https:\/\/www.oxysphair.be\/de\/?s={search_term_string}"},"query-input":{"@type":"PropertyValueSpecification","valueRequired":true,"valueName":"search_term_string"}}],"inLanguage":"de"}]}},"_links":{"self":[{"href":"https:\/\/www.oxysphair.be\/de\/wp-json\/wp\/v2\/product\/253119","targetHints":{"allow":["GET"]}}],"collection":[{"href":"https:\/\/www.oxysphair.be\/de\/wp-json\/wp\/v2\/product"}],"about":[{"href":"https:\/\/www.oxysphair.be\/de\/wp-json\/wp\/v2\/types\/product"}],"replies":[{"embeddable":true,"href":"https:\/\/www.oxysphair.be\/de\/wp-json\/wp\/v2\/comments?post=253119"}],"wp:featuredmedia":[{"embeddable":true,"href":"https:\/\/www.oxysphair.be\/de\/wp-json\/wp\/v2\/media\/253908"}],"wp:attachment":[{"href":"https:\/\/www.oxysphair.be\/de\/wp-json\/wp\/v2\/media?parent=253119"}],"wp:term":[{"taxonomy":"product_brand","embeddable":true,"href":"https:\/\/www.oxysphair.be\/de\/wp-json\/wp\/v2\/product_brand?post=253119"},{"taxonomy":"product_cat","embeddable":true,"href":"https:\/\/www.oxysphair.be\/de\/wp-json\/wp\/v2\/product_cat?post=253119"},{"taxonomy":"product_tag","embeddable":true,"href":"https:\/\/www.oxysphair.be\/de\/wp-json\/wp\/v2\/product_tag?post=253119"}],"curies":[{"name":"wp","href":"https:\/\/api.w.org\/{rel}","templated":true}]}}