{"id":253121,"date":"2024-02-06T17:14:53","date_gmt":"2024-02-06T16:14:53","guid":{"rendered":"https:\/\/oxysphair.poush-dev.be\/?post_type=product&#038;p=253121"},"modified":"2026-04-12T22:22:09","modified_gmt":"2026-04-12T20:22:09","slug":"connecteur-tuyau-oxygene","status":"publish","type":"product","link":"https:\/\/www.oxysphair.be\/de\/produits\/sauerstofftherapie\/zubehor-fur-sauerstofftherapie\/connecteur-tuyau-oxygene\/","title":{"rendered":"Connecteur tuyau O\u00b2 &#8211; Salter Labs"},"content":{"rendered":"<p><span lang=\"fr\" xml:lang=\"fr\">Le connecteur a des inserts nervur\u00e9s pour maintenir le tube en toute s\u00e9curit\u00e9 et emp\u00eacher la perte d&#8217;oxyg\u00e8ne ;\u00a0et un corps de torsion et de traction \u00e0 prise s\u00fbre pour rendre la connexion et la d\u00e9connexion de votre tube d&#8217;oxyg\u00e8ne faciles et pratiques.<\/span><\/p>\n","protected":false},"excerpt":{"rendered":"<p><span lang=\"fr\" xml:lang=\"fr\">Les connecteurs de tubes d&#8217;alimentation en oxyg\u00e8ne verts de Salter connecteront deux longueurs de tubes d&#8217;oxyg\u00e8ne quelconques avec des connecteurs d&#8217;extr\u00e9mit\u00e9 standard de 5 mm \u00e0 7 mm.<\/span><\/p>\n","protected":false},"featured_media":253917,"comment_status":"closed","ping_status":"closed","template":"","meta":{"_et_pb_use_builder":"","_et_pb_old_content":"","_et_gb_content_width":"","inline_featured_image":false},"product_brand":[156],"product_cat":[30],"product_tag":[],"class_list":{"0":"post-253121","1":"product","2":"type-product","3":"status-publish","4":"has-post-thumbnail","6":"product_brand-salter-labs","7":"product_cat-accessoires-concentrateur-oxygene","9":"first","10":"instock","11":"taxable","12":"shipping-taxable","13":"purchasable","14":"product-type-simple"},"acf":[],"yoast_head":"<!-- This site is optimized with the Yoast SEO plugin v27.3 - https:\/\/yoast.com\/product\/yoast-seo-wordpress\/ -->\n<title>Connecteur tuyau O\u00b2 - Salter Labs | Oxysphair<\/title>\n<meta name=\"description\" content=\"Simplifiez la connexion de vos tuyaux d&#039;oxyg\u00e8ne avec le connecteur vert Salter, assurant une jonction s\u00e9curis\u00e9e et facile entre deux longueurs de tube.\" \/>\n<meta name=\"robots\" content=\"index, follow, max-snippet:-1, max-image-preview:large, max-video-preview:-1\" \/>\n<link rel=\"canonical\" href=\"https:\/\/www.oxysphair.be\/de\/produits\/sauerstofftherapie\/zubehor-fur-sauerstofftherapie\/connecteur-tuyau-oxygene\/\" \/>\n<meta property=\"og:locale\" content=\"de_DE\" \/>\n<meta property=\"og:type\" content=\"article\" \/>\n<meta property=\"og:title\" content=\"Connecteur tuyau O\u00b2 - Salter Labs | Oxysphair\" \/>\n<meta property=\"og:description\" content=\"Simplifiez la connexion de vos tuyaux d&#039;oxyg\u00e8ne avec le connecteur vert Salter, assurant une jonction s\u00e9curis\u00e9e et facile entre deux longueurs de tube.\" \/>\n<meta property=\"og:url\" content=\"https:\/\/www.oxysphair.be\/de\/produits\/sauerstofftherapie\/zubehor-fur-sauerstofftherapie\/connecteur-tuyau-oxygene\/\" \/>\n<meta property=\"og:site_name\" content=\"Oxysphair\" \/>\n<meta property=\"article:modified_time\" content=\"2026-04-12T20:22:09+00:00\" \/>\n<meta property=\"og:image\" content=\"https:\/\/www.oxysphair.be\/wp-content\/uploads\/2024\/02\/connecteur-tuyau-O2.jpeg\" \/>\n\t<meta property=\"og:image:width\" content=\"482\" \/>\n\t<meta property=\"og:image:height\" content=\"477\" \/>\n\t<meta property=\"og:image:type\" content=\"image\/jpeg\" \/>\n<meta name=\"twitter:card\" content=\"summary_large_image\" \/>\n<meta name=\"twitter:label1\" content=\"Gesch\u00e4tzte Lesezeit\" \/>\n\t<meta name=\"twitter:data1\" content=\"1\u00a0Minute\" \/>\n<script type=\"application\/ld+json\" class=\"yoast-schema-graph\">{\"@context\":\"https:\\\/\\\/schema.org\",\"@graph\":[{\"@type\":\"WebPage\",\"@id\":\"https:\\\/\\\/www.oxysphair.be\\\/de\\\/produits\\\/sauerstofftherapie\\\/zubehor-fur-sauerstofftherapie\\\/connecteur-tuyau-oxygene\\\/\",\"url\":\"https:\\\/\\\/www.oxysphair.be\\\/de\\\/produits\\\/sauerstofftherapie\\\/zubehor-fur-sauerstofftherapie\\\/connecteur-tuyau-oxygene\\\/\",\"name\":\"Connecteur tuyau O\u00b2 - Salter Labs | Oxysphair\",\"isPartOf\":{\"@id\":\"https:\\\/\\\/www.oxysphair.be\\\/de\\\/#website\"},\"primaryImageOfPage\":{\"@id\":\"https:\\\/\\\/www.oxysphair.be\\\/de\\\/produits\\\/sauerstofftherapie\\\/zubehor-fur-sauerstofftherapie\\\/connecteur-tuyau-oxygene\\\/#primaryimage\"},\"image\":{\"@id\":\"https:\\\/\\\/www.oxysphair.be\\\/de\\\/produits\\\/sauerstofftherapie\\\/zubehor-fur-sauerstofftherapie\\\/connecteur-tuyau-oxygene\\\/#primaryimage\"},\"thumbnailUrl\":\"https:\\\/\\\/www.oxysphair.be\\\/wp-content\\\/uploads\\\/2024\\\/02\\\/connecteur-tuyau-O2.jpeg\",\"datePublished\":\"2024-02-06T16:14:53+00:00\",\"dateModified\":\"2026-04-12T20:22:09+00:00\",\"description\":\"Simplifiez la connexion de vos tuyaux d'oxyg\u00e8ne avec le connecteur vert Salter, assurant une jonction s\u00e9curis\u00e9e et facile entre deux longueurs de tube.\",\"breadcrumb\":{\"@id\":\"https:\\\/\\\/www.oxysphair.be\\\/de\\\/produits\\\/sauerstofftherapie\\\/zubehor-fur-sauerstofftherapie\\\/connecteur-tuyau-oxygene\\\/#breadcrumb\"},\"inLanguage\":\"de\",\"potentialAction\":[{\"@type\":\"ReadAction\",\"target\":[\"https:\\\/\\\/www.oxysphair.be\\\/de\\\/produits\\\/sauerstofftherapie\\\/zubehor-fur-sauerstofftherapie\\\/connecteur-tuyau-oxygene\\\/\"]}]},{\"@type\":\"ImageObject\",\"inLanguage\":\"de\",\"@id\":\"https:\\\/\\\/www.oxysphair.be\\\/de\\\/produits\\\/sauerstofftherapie\\\/zubehor-fur-sauerstofftherapie\\\/connecteur-tuyau-oxygene\\\/#primaryimage\",\"url\":\"https:\\\/\\\/www.oxysphair.be\\\/wp-content\\\/uploads\\\/2024\\\/02\\\/connecteur-tuyau-O2.jpeg\",\"contentUrl\":\"https:\\\/\\\/www.oxysphair.be\\\/wp-content\\\/uploads\\\/2024\\\/02\\\/connecteur-tuyau-O2.jpeg\",\"width\":482,\"height\":477,\"caption\":\"connecteur tuyau oxygene\"},{\"@type\":\"BreadcrumbList\",\"@id\":\"https:\\\/\\\/www.oxysphair.be\\\/de\\\/produits\\\/sauerstofftherapie\\\/zubehor-fur-sauerstofftherapie\\\/connecteur-tuyau-oxygene\\\/#breadcrumb\",\"itemListElement\":[{\"@type\":\"ListItem\",\"position\":1,\"name\":\"Accueil\",\"item\":\"https:\\\/\\\/www.oxysphair.be\\\/de\\\/\"},{\"@type\":\"ListItem\",\"position\":2,\"name\":\"Produkte\",\"item\":\"https:\\\/\\\/www.oxysphair.be\\\/de\\\/shop-produkte\\\/\"},{\"@type\":\"ListItem\",\"position\":3,\"name\":\"Connecteur tuyau O\u00b2 &#8211; Salter Labs\"}]},{\"@type\":\"WebSite\",\"@id\":\"https:\\\/\\\/www.oxysphair.be\\\/de\\\/#website\",\"url\":\"https:\\\/\\\/www.oxysphair.be\\\/de\\\/\",\"name\":\"Oxysphair\",\"description\":\"\",\"potentialAction\":[{\"@type\":\"SearchAction\",\"target\":{\"@type\":\"EntryPoint\",\"urlTemplate\":\"https:\\\/\\\/www.oxysphair.be\\\/de\\\/?s={search_term_string}\"},\"query-input\":{\"@type\":\"PropertyValueSpecification\",\"valueRequired\":true,\"valueName\":\"search_term_string\"}}],\"inLanguage\":\"de\"}]}<\/script>\n<!-- \/ Yoast SEO plugin. -->","yoast_head_json":{"title":"Connecteur tuyau O\u00b2 - Salter Labs | Oxysphair","description":"Simplifiez la connexion de vos tuyaux d'oxyg\u00e8ne avec le connecteur vert Salter, assurant une jonction s\u00e9curis\u00e9e et facile entre deux longueurs de tube.","robots":{"index":"index","follow":"follow","max-snippet":"max-snippet:-1","max-image-preview":"max-image-preview:large","max-video-preview":"max-video-preview:-1"},"canonical":"https:\/\/www.oxysphair.be\/de\/produits\/sauerstofftherapie\/zubehor-fur-sauerstofftherapie\/connecteur-tuyau-oxygene\/","og_locale":"de_DE","og_type":"article","og_title":"Connecteur tuyau O\u00b2 - Salter Labs | Oxysphair","og_description":"Simplifiez la connexion de vos tuyaux d'oxyg\u00e8ne avec le connecteur vert Salter, assurant une jonction s\u00e9curis\u00e9e et facile entre deux longueurs de tube.","og_url":"https:\/\/www.oxysphair.be\/de\/produits\/sauerstofftherapie\/zubehor-fur-sauerstofftherapie\/connecteur-tuyau-oxygene\/","og_site_name":"Oxysphair","article_modified_time":"2026-04-12T20:22:09+00:00","og_image":[{"width":482,"height":477,"url":"https:\/\/www.oxysphair.be\/wp-content\/uploads\/2024\/02\/connecteur-tuyau-O2.jpeg","type":"image\/jpeg"}],"twitter_card":"summary_large_image","twitter_misc":{"Gesch\u00e4tzte Lesezeit":"1\u00a0Minute"},"schema":{"@context":"https:\/\/schema.org","@graph":[{"@type":"WebPage","@id":"https:\/\/www.oxysphair.be\/de\/produits\/sauerstofftherapie\/zubehor-fur-sauerstofftherapie\/connecteur-tuyau-oxygene\/","url":"https:\/\/www.oxysphair.be\/de\/produits\/sauerstofftherapie\/zubehor-fur-sauerstofftherapie\/connecteur-tuyau-oxygene\/","name":"Connecteur tuyau O\u00b2 - Salter Labs | Oxysphair","isPartOf":{"@id":"https:\/\/www.oxysphair.be\/de\/#website"},"primaryImageOfPage":{"@id":"https:\/\/www.oxysphair.be\/de\/produits\/sauerstofftherapie\/zubehor-fur-sauerstofftherapie\/connecteur-tuyau-oxygene\/#primaryimage"},"image":{"@id":"https:\/\/www.oxysphair.be\/de\/produits\/sauerstofftherapie\/zubehor-fur-sauerstofftherapie\/connecteur-tuyau-oxygene\/#primaryimage"},"thumbnailUrl":"https:\/\/www.oxysphair.be\/wp-content\/uploads\/2024\/02\/connecteur-tuyau-O2.jpeg","datePublished":"2024-02-06T16:14:53+00:00","dateModified":"2026-04-12T20:22:09+00:00","description":"Simplifiez la connexion de vos tuyaux d'oxyg\u00e8ne avec le connecteur vert Salter, assurant une jonction s\u00e9curis\u00e9e et facile entre deux longueurs de tube.","breadcrumb":{"@id":"https:\/\/www.oxysphair.be\/de\/produits\/sauerstofftherapie\/zubehor-fur-sauerstofftherapie\/connecteur-tuyau-oxygene\/#breadcrumb"},"inLanguage":"de","potentialAction":[{"@type":"ReadAction","target":["https:\/\/www.oxysphair.be\/de\/produits\/sauerstofftherapie\/zubehor-fur-sauerstofftherapie\/connecteur-tuyau-oxygene\/"]}]},{"@type":"ImageObject","inLanguage":"de","@id":"https:\/\/www.oxysphair.be\/de\/produits\/sauerstofftherapie\/zubehor-fur-sauerstofftherapie\/connecteur-tuyau-oxygene\/#primaryimage","url":"https:\/\/www.oxysphair.be\/wp-content\/uploads\/2024\/02\/connecteur-tuyau-O2.jpeg","contentUrl":"https:\/\/www.oxysphair.be\/wp-content\/uploads\/2024\/02\/connecteur-tuyau-O2.jpeg","width":482,"height":477,"caption":"connecteur tuyau oxygene"},{"@type":"BreadcrumbList","@id":"https:\/\/www.oxysphair.be\/de\/produits\/sauerstofftherapie\/zubehor-fur-sauerstofftherapie\/connecteur-tuyau-oxygene\/#breadcrumb","itemListElement":[{"@type":"ListItem","position":1,"name":"Accueil","item":"https:\/\/www.oxysphair.be\/de\/"},{"@type":"ListItem","position":2,"name":"Produkte","item":"https:\/\/www.oxysphair.be\/de\/shop-produkte\/"},{"@type":"ListItem","position":3,"name":"Connecteur tuyau O\u00b2 &#8211; Salter Labs"}]},{"@type":"WebSite","@id":"https:\/\/www.oxysphair.be\/de\/#website","url":"https:\/\/www.oxysphair.be\/de\/","name":"Oxysphair","description":"","potentialAction":[{"@type":"SearchAction","target":{"@type":"EntryPoint","urlTemplate":"https:\/\/www.oxysphair.be\/de\/?s={search_term_string}"},"query-input":{"@type":"PropertyValueSpecification","valueRequired":true,"valueName":"search_term_string"}}],"inLanguage":"de"}]}},"_links":{"self":[{"href":"https:\/\/www.oxysphair.be\/de\/wp-json\/wp\/v2\/product\/253121","targetHints":{"allow":["GET"]}}],"collection":[{"href":"https:\/\/www.oxysphair.be\/de\/wp-json\/wp\/v2\/product"}],"about":[{"href":"https:\/\/www.oxysphair.be\/de\/wp-json\/wp\/v2\/types\/product"}],"replies":[{"embeddable":true,"href":"https:\/\/www.oxysphair.be\/de\/wp-json\/wp\/v2\/comments?post=253121"}],"wp:featuredmedia":[{"embeddable":true,"href":"https:\/\/www.oxysphair.be\/de\/wp-json\/wp\/v2\/media\/253917"}],"wp:attachment":[{"href":"https:\/\/www.oxysphair.be\/de\/wp-json\/wp\/v2\/media?parent=253121"}],"wp:term":[{"taxonomy":"product_brand","embeddable":true,"href":"https:\/\/www.oxysphair.be\/de\/wp-json\/wp\/v2\/product_brand?post=253121"},{"taxonomy":"product_cat","embeddable":true,"href":"https:\/\/www.oxysphair.be\/de\/wp-json\/wp\/v2\/product_cat?post=253121"},{"taxonomy":"product_tag","embeddable":true,"href":"https:\/\/www.oxysphair.be\/de\/wp-json\/wp\/v2\/product_tag?post=253121"}],"curies":[{"name":"wp","href":"https:\/\/api.w.org\/{rel}","templated":true}]}}