{"id":253122,"date":"2024-02-06T17:14:53","date_gmt":"2024-02-06T16:14:53","guid":{"rendered":"https:\/\/oxysphair.poush-dev.be\/?post_type=product&#038;p=253122"},"modified":"2026-01-28T14:40:06","modified_gmt":"2026-01-28T13:40:06","slug":"humidificateur-a-usage-unique","status":"publish","type":"product","link":"https:\/\/www.oxysphair.be\/de\/produits\/schlafapnoe\/cpap-zubehor\/humidificateur-a-usage-unique\/","title":{"rendered":"Humidificateur \u00e0 usage unique"},"content":{"rendered":"<p>Humidificateur \u00e0 usage unique destin\u00e9 aux appareils de PPC\/CPAP. Il assure une humidification confortable et hygi\u00e9nique de l\u2019air respir\u00e9, r\u00e9duisant les irritations et am\u00e9liorant le confort du patient.<\/p>\n<p>Con\u00e7u pour les patients suivant un traitement de <strong>pression positive continue (PPC\/CPAP)<\/strong>, cet <strong>humidificateur \u00e0 usage unique<\/strong> permet d\u2019obtenir une humidification stable et confortable de l\u2019air inhal\u00e9. Il contribue \u00e0 \u00e9liminer les sensations de s\u00e9cheresse et \u00e0 pr\u00e9server le bon fonctionnement de vos voies respiratoires pendant la th\u00e9rapie.<\/p>\n<p>Sa conception \u00e0 <strong>usage unique<\/strong> garantit une hygi\u00e8ne parfaite et \u00e9vite toute contamination crois\u00e9e entre les utilisateurs. L\u00e9ger et simple d\u2019installation, il constitue une solution pratique pour les environnements cliniques ou l\u2019usage nomade.<\/p>\n<h3>Type de produit<\/h3>\n<p>Humidificateur jetable pour dispositifs de PPC\/CPAP.<\/p>\n<h3>Confort &amp; \u00e9tanch\u00e9it\u00e9<\/h3>\n<p>Assure un niveau optimal d\u2019humidit\u00e9 de l\u2019air inspir\u00e9 et limite les irritations des voies respiratoires.<\/p>\n<h3>Entretien &amp; remplacement<\/h3>\n<p>Ne n\u00e9cessite aucun entretien : con\u00e7u pour un <strong>usage unique<\/strong> et doit \u00eatre remplac\u00e9 apr\u00e8s chaque utilisation.<\/p>\n","protected":false},"excerpt":{"rendered":"<p>Humidificateur \u00e0 usage unique destin\u00e9 aux appareils de PPC\/CPAP. Il assure une humidification confortable et hygi\u00e9nique de l\u2019air respir\u00e9, r\u00e9duisant les irritations et am\u00e9liorant le confort du patient. Con\u00e7u pour les patients suivant un traitement de pression positive continue (PPC\/CPAP), cet humidificateur \u00e0 usage unique permet d\u2019obtenir une humidification stable et confortable de l\u2019air inhal\u00e9. [&hellip;]<\/p>\n","protected":false},"featured_media":0,"comment_status":"closed","ping_status":"closed","template":"","meta":{"_et_pb_use_builder":"","_et_pb_old_content":"","_et_gb_content_width":"","inline_featured_image":false},"product_brand":[],"product_cat":[28],"product_tag":[],"class_list":{"0":"post-253122","1":"product","2":"type-product","3":"status-publish","5":"product_cat-accessoires-cpap","7":"first","8":"instock","9":"taxable","10":"shipping-taxable","11":"purchasable","12":"product-type-simple"},"acf":[],"yoast_head":"<!-- This site is optimized with the Yoast SEO plugin v27.5 - https:\/\/yoast.com\/product\/yoast-seo-wordpress\/ -->\n<title>Humidificateur \u00e0 usage unique | Oxysphair<\/title>\n<meta name=\"robots\" content=\"index, follow, max-snippet:-1, max-image-preview:large, max-video-preview:-1\" \/>\n<link rel=\"canonical\" href=\"https:\/\/www.oxysphair.be\/de\/produits\/schlafapnoe\/cpap-zubehor\/humidificateur-a-usage-unique\/\" \/>\n<meta property=\"og:locale\" content=\"de_DE\" \/>\n<meta property=\"og:type\" content=\"article\" \/>\n<meta property=\"og:title\" content=\"Humidificateur \u00e0 usage unique | Oxysphair\" \/>\n<meta property=\"og:description\" content=\"Humidificateur \u00e0 usage unique destin\u00e9 aux appareils de PPC\/CPAP. Il assure une humidification confortable et hygi\u00e9nique de l\u2019air respir\u00e9, r\u00e9duisant les irritations et am\u00e9liorant le confort du patient. Con\u00e7u pour les patients suivant un traitement de pression positive continue (PPC\/CPAP), cet humidificateur \u00e0 usage unique permet d\u2019obtenir une humidification stable et confortable de l\u2019air inhal\u00e9. [&hellip;]\" \/>\n<meta property=\"og:url\" content=\"https:\/\/www.oxysphair.be\/de\/produits\/schlafapnoe\/cpap-zubehor\/humidificateur-a-usage-unique\/\" \/>\n<meta property=\"og:site_name\" content=\"Oxysphair\" \/>\n<meta property=\"article:modified_time\" content=\"2026-01-28T13:40:06+00:00\" \/>\n<meta name=\"twitter:card\" content=\"summary_large_image\" \/>\n<meta name=\"twitter:label1\" content=\"Gesch\u00e4tzte Lesezeit\" \/>\n\t<meta name=\"twitter:data1\" content=\"1\u00a0Minute\" \/>\n<script type=\"application\/ld+json\" class=\"yoast-schema-graph\">{\"@context\":\"https:\\\/\\\/schema.org\",\"@graph\":[{\"@type\":\"WebPage\",\"@id\":\"https:\\\/\\\/www.oxysphair.be\\\/de\\\/produits\\\/schlafapnoe\\\/cpap-zubehor\\\/humidificateur-a-usage-unique\\\/\",\"url\":\"https:\\\/\\\/www.oxysphair.be\\\/de\\\/produits\\\/schlafapnoe\\\/cpap-zubehor\\\/humidificateur-a-usage-unique\\\/\",\"name\":\"Humidificateur \u00e0 usage unique | Oxysphair\",\"isPartOf\":{\"@id\":\"https:\\\/\\\/www.oxysphair.be\\\/de\\\/#website\"},\"datePublished\":\"2024-02-06T16:14:53+00:00\",\"dateModified\":\"2026-01-28T13:40:06+00:00\",\"breadcrumb\":{\"@id\":\"https:\\\/\\\/www.oxysphair.be\\\/de\\\/produits\\\/schlafapnoe\\\/cpap-zubehor\\\/humidificateur-a-usage-unique\\\/#breadcrumb\"},\"inLanguage\":\"de\",\"potentialAction\":[{\"@type\":\"ReadAction\",\"target\":[\"https:\\\/\\\/www.oxysphair.be\\\/de\\\/produits\\\/schlafapnoe\\\/cpap-zubehor\\\/humidificateur-a-usage-unique\\\/\"]}]},{\"@type\":\"BreadcrumbList\",\"@id\":\"https:\\\/\\\/www.oxysphair.be\\\/de\\\/produits\\\/schlafapnoe\\\/cpap-zubehor\\\/humidificateur-a-usage-unique\\\/#breadcrumb\",\"itemListElement\":[{\"@type\":\"ListItem\",\"position\":1,\"name\":\"Accueil\",\"item\":\"https:\\\/\\\/www.oxysphair.be\\\/de\\\/\"},{\"@type\":\"ListItem\",\"position\":2,\"name\":\"Produkte\",\"item\":\"https:\\\/\\\/www.oxysphair.be\\\/de\\\/shop-produkte\\\/\"},{\"@type\":\"ListItem\",\"position\":3,\"name\":\"Humidificateur \u00e0 usage unique\"}]},{\"@type\":\"WebSite\",\"@id\":\"https:\\\/\\\/www.oxysphair.be\\\/de\\\/#website\",\"url\":\"https:\\\/\\\/www.oxysphair.be\\\/de\\\/\",\"name\":\"Oxysphair\",\"description\":\"\",\"potentialAction\":[{\"@type\":\"SearchAction\",\"target\":{\"@type\":\"EntryPoint\",\"urlTemplate\":\"https:\\\/\\\/www.oxysphair.be\\\/de\\\/?s={search_term_string}\"},\"query-input\":{\"@type\":\"PropertyValueSpecification\",\"valueRequired\":true,\"valueName\":\"search_term_string\"}}],\"inLanguage\":\"de\"}]}<\/script>\n<!-- \/ Yoast SEO plugin. -->","yoast_head_json":{"title":"Humidificateur \u00e0 usage unique | Oxysphair","robots":{"index":"index","follow":"follow","max-snippet":"max-snippet:-1","max-image-preview":"max-image-preview:large","max-video-preview":"max-video-preview:-1"},"canonical":"https:\/\/www.oxysphair.be\/de\/produits\/schlafapnoe\/cpap-zubehor\/humidificateur-a-usage-unique\/","og_locale":"de_DE","og_type":"article","og_title":"Humidificateur \u00e0 usage unique | Oxysphair","og_description":"Humidificateur \u00e0 usage unique destin\u00e9 aux appareils de PPC\/CPAP. Il assure une humidification confortable et hygi\u00e9nique de l\u2019air respir\u00e9, r\u00e9duisant les irritations et am\u00e9liorant le confort du patient. Con\u00e7u pour les patients suivant un traitement de pression positive continue (PPC\/CPAP), cet humidificateur \u00e0 usage unique permet d\u2019obtenir une humidification stable et confortable de l\u2019air inhal\u00e9. [&hellip;]","og_url":"https:\/\/www.oxysphair.be\/de\/produits\/schlafapnoe\/cpap-zubehor\/humidificateur-a-usage-unique\/","og_site_name":"Oxysphair","article_modified_time":"2026-01-28T13:40:06+00:00","twitter_card":"summary_large_image","twitter_misc":{"Gesch\u00e4tzte Lesezeit":"1\u00a0Minute"},"schema":{"@context":"https:\/\/schema.org","@graph":[{"@type":"WebPage","@id":"https:\/\/www.oxysphair.be\/de\/produits\/schlafapnoe\/cpap-zubehor\/humidificateur-a-usage-unique\/","url":"https:\/\/www.oxysphair.be\/de\/produits\/schlafapnoe\/cpap-zubehor\/humidificateur-a-usage-unique\/","name":"Humidificateur \u00e0 usage unique | Oxysphair","isPartOf":{"@id":"https:\/\/www.oxysphair.be\/de\/#website"},"datePublished":"2024-02-06T16:14:53+00:00","dateModified":"2026-01-28T13:40:06+00:00","breadcrumb":{"@id":"https:\/\/www.oxysphair.be\/de\/produits\/schlafapnoe\/cpap-zubehor\/humidificateur-a-usage-unique\/#breadcrumb"},"inLanguage":"de","potentialAction":[{"@type":"ReadAction","target":["https:\/\/www.oxysphair.be\/de\/produits\/schlafapnoe\/cpap-zubehor\/humidificateur-a-usage-unique\/"]}]},{"@type":"BreadcrumbList","@id":"https:\/\/www.oxysphair.be\/de\/produits\/schlafapnoe\/cpap-zubehor\/humidificateur-a-usage-unique\/#breadcrumb","itemListElement":[{"@type":"ListItem","position":1,"name":"Accueil","item":"https:\/\/www.oxysphair.be\/de\/"},{"@type":"ListItem","position":2,"name":"Produkte","item":"https:\/\/www.oxysphair.be\/de\/shop-produkte\/"},{"@type":"ListItem","position":3,"name":"Humidificateur \u00e0 usage unique"}]},{"@type":"WebSite","@id":"https:\/\/www.oxysphair.be\/de\/#website","url":"https:\/\/www.oxysphair.be\/de\/","name":"Oxysphair","description":"","potentialAction":[{"@type":"SearchAction","target":{"@type":"EntryPoint","urlTemplate":"https:\/\/www.oxysphair.be\/de\/?s={search_term_string}"},"query-input":{"@type":"PropertyValueSpecification","valueRequired":true,"valueName":"search_term_string"}}],"inLanguage":"de"}]}},"_links":{"self":[{"href":"https:\/\/www.oxysphair.be\/de\/wp-json\/wp\/v2\/product\/253122","targetHints":{"allow":["GET"]}}],"collection":[{"href":"https:\/\/www.oxysphair.be\/de\/wp-json\/wp\/v2\/product"}],"about":[{"href":"https:\/\/www.oxysphair.be\/de\/wp-json\/wp\/v2\/types\/product"}],"replies":[{"embeddable":true,"href":"https:\/\/www.oxysphair.be\/de\/wp-json\/wp\/v2\/comments?post=253122"}],"wp:attachment":[{"href":"https:\/\/www.oxysphair.be\/de\/wp-json\/wp\/v2\/media?parent=253122"}],"wp:term":[{"taxonomy":"product_brand","embeddable":true,"href":"https:\/\/www.oxysphair.be\/de\/wp-json\/wp\/v2\/product_brand?post=253122"},{"taxonomy":"product_cat","embeddable":true,"href":"https:\/\/www.oxysphair.be\/de\/wp-json\/wp\/v2\/product_cat?post=253122"},{"taxonomy":"product_tag","embeddable":true,"href":"https:\/\/www.oxysphair.be\/de\/wp-json\/wp\/v2\/product_tag?post=253122"}],"curies":[{"name":"wp","href":"https:\/\/api.w.org\/{rel}","templated":true}]}}