{"id":253143,"date":"2024-02-06T17:14:56","date_gmt":"2024-02-06T16:14:56","guid":{"rendered":"https:\/\/oxysphair.poush-dev.be\/?post_type=product&#038;p=253143"},"modified":"2026-04-15T20:22:11","modified_gmt":"2026-04-15T18:22:11","slug":"dc-dc-converter-airsense-10","status":"publish","type":"product","link":"https:\/\/www.oxysphair.be\/de\/produits\/schlafapnoe\/dc-dc-converter-airsense-10\/","title":{"rendered":"Convertisseur DC-DC AirSense 10 &#8211; Resmed"},"content":{"rendered":"<p>Le convertisseur CC\/CC sortie 24V\/90W peut \u00eatre utilis\u00e9 pour faire fonctionner votre appareil de traitement AirSense S10 \u00e0 partir d&#8217;une alimentation 12 ou 24 V CC, comme une batterie de voiture ou de bateau. En plus d&#8217;alimenter vos appareils de traitement AirSense, ce convertisseur prend \u00e9galement en charge votre humidificateur chauffant HumidAir\u2122 et le circuit chauffant ClimateLine\u2122 Air. Vous pouvez voyager librement tout en maintenant le m\u00eame niveau de confort et de s\u00e9curit\u00e9 dont vous b\u00e9n\u00e9ficiez chez vous.<\/p>\n","protected":false},"excerpt":{"rendered":"<p>Le convertisseur CC\/CC sortie 24V\/90W peut \u00eatre utilis\u00e9 pour faire fonctionner votre appareil de traitement AirSense S10 \u00e0 partir d&#8217;une alimentation 12 ou 24 V CC, comme une batterie de voiture ou de bateau. En plus d&#8217;alimenter vos appareils de traitement AirSense, ce convertisseur prend \u00e9galement en charge votre humidificateur chauffant HumidAir\u2122 et le circuit [&hellip;]<\/p>\n","protected":false},"featured_media":253802,"comment_status":"closed","ping_status":"closed","template":"","meta":{"_et_pb_use_builder":"","_et_pb_old_content":"","_et_gb_content_width":"","inline_featured_image":false},"product_brand":[248],"product_cat":[24],"product_tag":[],"class_list":{"0":"post-253143","1":"product","2":"type-product","3":"status-publish","4":"has-post-thumbnail","6":"product_brand-resmed","7":"product_cat-apnee-sommeil","9":"first","10":"instock","11":"taxable","12":"shipping-taxable","13":"purchasable","14":"product-type-simple"},"acf":[],"yoast_head":"<!-- This site is optimized with the Yoast SEO plugin v27.4 - https:\/\/yoast.com\/product\/yoast-seo-wordpress\/ -->\n<title>Convertisseur DC-DC AirSense 10 - Resmed | Oxysphair<\/title>\n<meta name=\"description\" content=\"Utilisez le convertisseur DC-DC pour AirSense 10 en voyage, compatible avec voiture et bateau, pour un confort et une s\u00e9curit\u00e9 constants.\" \/>\n<meta name=\"robots\" content=\"index, follow, max-snippet:-1, max-image-preview:large, max-video-preview:-1\" \/>\n<link rel=\"canonical\" href=\"https:\/\/www.oxysphair.be\/de\/produits\/schlafapnoe\/dc-dc-converter-airsense-10\/\" \/>\n<meta property=\"og:locale\" content=\"de_DE\" \/>\n<meta property=\"og:type\" content=\"article\" \/>\n<meta property=\"og:title\" content=\"Convertisseur DC-DC AirSense 10 - Resmed | Oxysphair\" \/>\n<meta property=\"og:description\" content=\"Utilisez le convertisseur DC-DC pour AirSense 10 en voyage, compatible avec voiture et bateau, pour un confort et une s\u00e9curit\u00e9 constants.\" \/>\n<meta property=\"og:url\" content=\"https:\/\/www.oxysphair.be\/de\/produits\/schlafapnoe\/dc-dc-converter-airsense-10\/\" \/>\n<meta property=\"og:site_name\" content=\"Oxysphair\" \/>\n<meta property=\"article:modified_time\" content=\"2026-04-15T18:22:11+00:00\" \/>\n<meta property=\"og:image\" content=\"https:\/\/www.oxysphair.be\/wp-content\/uploads\/2024\/02\/resmed-dc-dc-airsense10.jpg\" \/>\n\t<meta property=\"og:image:width\" content=\"600\" \/>\n\t<meta property=\"og:image:height\" content=\"600\" \/>\n\t<meta property=\"og:image:type\" content=\"image\/jpeg\" \/>\n<meta name=\"twitter:card\" content=\"summary_large_image\" \/>\n<meta name=\"twitter:label1\" content=\"Gesch\u00e4tzte Lesezeit\" \/>\n\t<meta name=\"twitter:data1\" content=\"1\u00a0Minute\" \/>\n<script type=\"application\/ld+json\" class=\"yoast-schema-graph\">{\"@context\":\"https:\\\/\\\/schema.org\",\"@graph\":[{\"@type\":\"WebPage\",\"@id\":\"https:\\\/\\\/www.oxysphair.be\\\/de\\\/produits\\\/schlafapnoe\\\/dc-dc-converter-airsense-10\\\/\",\"url\":\"https:\\\/\\\/www.oxysphair.be\\\/de\\\/produits\\\/schlafapnoe\\\/dc-dc-converter-airsense-10\\\/\",\"name\":\"Convertisseur DC-DC AirSense 10 - Resmed | Oxysphair\",\"isPartOf\":{\"@id\":\"https:\\\/\\\/www.oxysphair.be\\\/de\\\/#website\"},\"primaryImageOfPage\":{\"@id\":\"https:\\\/\\\/www.oxysphair.be\\\/de\\\/produits\\\/schlafapnoe\\\/dc-dc-converter-airsense-10\\\/#primaryimage\"},\"image\":{\"@id\":\"https:\\\/\\\/www.oxysphair.be\\\/de\\\/produits\\\/schlafapnoe\\\/dc-dc-converter-airsense-10\\\/#primaryimage\"},\"thumbnailUrl\":\"https:\\\/\\\/www.oxysphair.be\\\/wp-content\\\/uploads\\\/2024\\\/02\\\/resmed-dc-dc-airsense10.jpg\",\"datePublished\":\"2024-02-06T16:14:56+00:00\",\"dateModified\":\"2026-04-15T18:22:11+00:00\",\"description\":\"Utilisez le convertisseur DC-DC pour AirSense 10 en voyage, compatible avec voiture et bateau, pour un confort et une s\u00e9curit\u00e9 constants.\",\"breadcrumb\":{\"@id\":\"https:\\\/\\\/www.oxysphair.be\\\/de\\\/produits\\\/schlafapnoe\\\/dc-dc-converter-airsense-10\\\/#breadcrumb\"},\"inLanguage\":\"de\",\"potentialAction\":[{\"@type\":\"ReadAction\",\"target\":[\"https:\\\/\\\/www.oxysphair.be\\\/de\\\/produits\\\/schlafapnoe\\\/dc-dc-converter-airsense-10\\\/\"]}]},{\"@type\":\"ImageObject\",\"inLanguage\":\"de\",\"@id\":\"https:\\\/\\\/www.oxysphair.be\\\/de\\\/produits\\\/schlafapnoe\\\/dc-dc-converter-airsense-10\\\/#primaryimage\",\"url\":\"https:\\\/\\\/www.oxysphair.be\\\/wp-content\\\/uploads\\\/2024\\\/02\\\/resmed-dc-dc-airsense10.jpg\",\"contentUrl\":\"https:\\\/\\\/www.oxysphair.be\\\/wp-content\\\/uploads\\\/2024\\\/02\\\/resmed-dc-dc-airsense10.jpg\",\"width\":600,\"height\":600,\"caption\":\"dc dc converter resmed airsense10\"},{\"@type\":\"BreadcrumbList\",\"@id\":\"https:\\\/\\\/www.oxysphair.be\\\/de\\\/produits\\\/schlafapnoe\\\/dc-dc-converter-airsense-10\\\/#breadcrumb\",\"itemListElement\":[{\"@type\":\"ListItem\",\"position\":1,\"name\":\"Accueil\",\"item\":\"https:\\\/\\\/www.oxysphair.be\\\/de\\\/\"},{\"@type\":\"ListItem\",\"position\":2,\"name\":\"Produkte\",\"item\":\"https:\\\/\\\/www.oxysphair.be\\\/de\\\/shop-produkte\\\/\"},{\"@type\":\"ListItem\",\"position\":3,\"name\":\"Convertisseur DC-DC AirSense 10 &#8211; Resmed\"}]},{\"@type\":\"WebSite\",\"@id\":\"https:\\\/\\\/www.oxysphair.be\\\/de\\\/#website\",\"url\":\"https:\\\/\\\/www.oxysphair.be\\\/de\\\/\",\"name\":\"Oxysphair\",\"description\":\"\",\"potentialAction\":[{\"@type\":\"SearchAction\",\"target\":{\"@type\":\"EntryPoint\",\"urlTemplate\":\"https:\\\/\\\/www.oxysphair.be\\\/de\\\/?s={search_term_string}\"},\"query-input\":{\"@type\":\"PropertyValueSpecification\",\"valueRequired\":true,\"valueName\":\"search_term_string\"}}],\"inLanguage\":\"de\"}]}<\/script>\n<!-- \/ Yoast SEO plugin. -->","yoast_head_json":{"title":"Convertisseur DC-DC AirSense 10 - Resmed | Oxysphair","description":"Utilisez le convertisseur DC-DC pour AirSense 10 en voyage, compatible avec voiture et bateau, pour un confort et une s\u00e9curit\u00e9 constants.","robots":{"index":"index","follow":"follow","max-snippet":"max-snippet:-1","max-image-preview":"max-image-preview:large","max-video-preview":"max-video-preview:-1"},"canonical":"https:\/\/www.oxysphair.be\/de\/produits\/schlafapnoe\/dc-dc-converter-airsense-10\/","og_locale":"de_DE","og_type":"article","og_title":"Convertisseur DC-DC AirSense 10 - Resmed | Oxysphair","og_description":"Utilisez le convertisseur DC-DC pour AirSense 10 en voyage, compatible avec voiture et bateau, pour un confort et une s\u00e9curit\u00e9 constants.","og_url":"https:\/\/www.oxysphair.be\/de\/produits\/schlafapnoe\/dc-dc-converter-airsense-10\/","og_site_name":"Oxysphair","article_modified_time":"2026-04-15T18:22:11+00:00","og_image":[{"width":600,"height":600,"url":"https:\/\/www.oxysphair.be\/wp-content\/uploads\/2024\/02\/resmed-dc-dc-airsense10.jpg","type":"image\/jpeg"}],"twitter_card":"summary_large_image","twitter_misc":{"Gesch\u00e4tzte Lesezeit":"1\u00a0Minute"},"schema":{"@context":"https:\/\/schema.org","@graph":[{"@type":"WebPage","@id":"https:\/\/www.oxysphair.be\/de\/produits\/schlafapnoe\/dc-dc-converter-airsense-10\/","url":"https:\/\/www.oxysphair.be\/de\/produits\/schlafapnoe\/dc-dc-converter-airsense-10\/","name":"Convertisseur DC-DC AirSense 10 - Resmed | Oxysphair","isPartOf":{"@id":"https:\/\/www.oxysphair.be\/de\/#website"},"primaryImageOfPage":{"@id":"https:\/\/www.oxysphair.be\/de\/produits\/schlafapnoe\/dc-dc-converter-airsense-10\/#primaryimage"},"image":{"@id":"https:\/\/www.oxysphair.be\/de\/produits\/schlafapnoe\/dc-dc-converter-airsense-10\/#primaryimage"},"thumbnailUrl":"https:\/\/www.oxysphair.be\/wp-content\/uploads\/2024\/02\/resmed-dc-dc-airsense10.jpg","datePublished":"2024-02-06T16:14:56+00:00","dateModified":"2026-04-15T18:22:11+00:00","description":"Utilisez le convertisseur DC-DC pour AirSense 10 en voyage, compatible avec voiture et bateau, pour un confort et une s\u00e9curit\u00e9 constants.","breadcrumb":{"@id":"https:\/\/www.oxysphair.be\/de\/produits\/schlafapnoe\/dc-dc-converter-airsense-10\/#breadcrumb"},"inLanguage":"de","potentialAction":[{"@type":"ReadAction","target":["https:\/\/www.oxysphair.be\/de\/produits\/schlafapnoe\/dc-dc-converter-airsense-10\/"]}]},{"@type":"ImageObject","inLanguage":"de","@id":"https:\/\/www.oxysphair.be\/de\/produits\/schlafapnoe\/dc-dc-converter-airsense-10\/#primaryimage","url":"https:\/\/www.oxysphair.be\/wp-content\/uploads\/2024\/02\/resmed-dc-dc-airsense10.jpg","contentUrl":"https:\/\/www.oxysphair.be\/wp-content\/uploads\/2024\/02\/resmed-dc-dc-airsense10.jpg","width":600,"height":600,"caption":"dc dc converter resmed airsense10"},{"@type":"BreadcrumbList","@id":"https:\/\/www.oxysphair.be\/de\/produits\/schlafapnoe\/dc-dc-converter-airsense-10\/#breadcrumb","itemListElement":[{"@type":"ListItem","position":1,"name":"Accueil","item":"https:\/\/www.oxysphair.be\/de\/"},{"@type":"ListItem","position":2,"name":"Produkte","item":"https:\/\/www.oxysphair.be\/de\/shop-produkte\/"},{"@type":"ListItem","position":3,"name":"Convertisseur DC-DC AirSense 10 &#8211; Resmed"}]},{"@type":"WebSite","@id":"https:\/\/www.oxysphair.be\/de\/#website","url":"https:\/\/www.oxysphair.be\/de\/","name":"Oxysphair","description":"","potentialAction":[{"@type":"SearchAction","target":{"@type":"EntryPoint","urlTemplate":"https:\/\/www.oxysphair.be\/de\/?s={search_term_string}"},"query-input":{"@type":"PropertyValueSpecification","valueRequired":true,"valueName":"search_term_string"}}],"inLanguage":"de"}]}},"_links":{"self":[{"href":"https:\/\/www.oxysphair.be\/de\/wp-json\/wp\/v2\/product\/253143","targetHints":{"allow":["GET"]}}],"collection":[{"href":"https:\/\/www.oxysphair.be\/de\/wp-json\/wp\/v2\/product"}],"about":[{"href":"https:\/\/www.oxysphair.be\/de\/wp-json\/wp\/v2\/types\/product"}],"replies":[{"embeddable":true,"href":"https:\/\/www.oxysphair.be\/de\/wp-json\/wp\/v2\/comments?post=253143"}],"wp:featuredmedia":[{"embeddable":true,"href":"https:\/\/www.oxysphair.be\/de\/wp-json\/wp\/v2\/media\/253802"}],"wp:attachment":[{"href":"https:\/\/www.oxysphair.be\/de\/wp-json\/wp\/v2\/media?parent=253143"}],"wp:term":[{"taxonomy":"product_brand","embeddable":true,"href":"https:\/\/www.oxysphair.be\/de\/wp-json\/wp\/v2\/product_brand?post=253143"},{"taxonomy":"product_cat","embeddable":true,"href":"https:\/\/www.oxysphair.be\/de\/wp-json\/wp\/v2\/product_cat?post=253143"},{"taxonomy":"product_tag","embeddable":true,"href":"https:\/\/www.oxysphair.be\/de\/wp-json\/wp\/v2\/product_tag?post=253143"}],"curies":[{"name":"wp","href":"https:\/\/api.w.org\/{rel}","templated":true}]}}