{"id":253149,"date":"2024-02-06T17:14:57","date_gmt":"2024-02-06T16:14:57","guid":{"rendered":"https:\/\/oxysphair.poush-dev.be\/?post_type=product&#038;p=253149"},"modified":"2026-04-29T02:22:16","modified_gmt":"2026-04-29T00:22:16","slug":"dreamstation-go-petit-kit-de-voyage","status":"publish","type":"product","link":"https:\/\/www.oxysphair.be\/de\/produits\/schlafapnoe\/cpap-zubehor\/dreamstation-go-petit-kit-de-voyage\/","title":{"rendered":"DreamStation Go  \u2013 Petit kit de voyage &#8211; Philips &#8211; Respironics"},"content":{"rendered":"<ul>\n<li>Prot\u00e9gez votre CPAP lors de vos d\u00e9placements<\/li>\n<li>Convient \u00e0 la DreamStation Go<\/li>\n<li>16,5 cm x 16,5 cm x 6,3 cm<\/li>\n<li>Sac de rangement lavable pour le masque et le tuyau<\/li>\n<\/ul>\n","protected":false},"excerpt":{"rendered":"<p>Gardez votre CPAP en lieu s\u00fbr lors de vos d\u00e9placements. Ce sac est sp\u00e9cialement con\u00e7u pour la DreamStation Go, sans perte de place. Il est livr\u00e9 avec un sac s\u00e9par\u00e9 et lavable pour le masque et le tuyau.<\/p>\n","protected":false},"featured_media":253744,"comment_status":"closed","ping_status":"closed","template":"","meta":{"_et_pb_use_builder":"","_et_pb_old_content":"","_et_gb_content_width":"","inline_featured_image":false},"product_brand":[148],"product_cat":[28],"product_tag":[],"class_list":{"0":"post-253149","1":"product","2":"type-product","3":"status-publish","4":"has-post-thumbnail","6":"product_brand-philips-respironics","7":"product_cat-accessoires-cpap","9":"first","10":"outofstock","11":"taxable","12":"shipping-taxable","13":"purchasable","14":"product-type-simple"},"acf":[],"yoast_head":"<!-- This site is optimized with the Yoast SEO plugin v27.5 - https:\/\/yoast.com\/product\/yoast-seo-wordpress\/ -->\n<title>DreamStation Go \u2013 Petit kit de voyage - Philips - Respironics | Oxysphair<\/title>\n<meta name=\"description\" content=\"Prot\u00e9gez votre CPAP DreamStation Go en voyage avec le kit compact. Inclut sac lavable pour masque et tube, parfait pour les d\u00e9placements.\" \/>\n<meta name=\"robots\" content=\"index, follow, max-snippet:-1, max-image-preview:large, max-video-preview:-1\" \/>\n<link rel=\"canonical\" href=\"https:\/\/www.oxysphair.be\/de\/produits\/schlafapnoe\/cpap-zubehor\/dreamstation-go-petit-kit-de-voyage\/\" \/>\n<meta property=\"og:locale\" content=\"de_DE\" \/>\n<meta property=\"og:type\" content=\"article\" \/>\n<meta property=\"og:title\" content=\"DreamStation Go \u2013 Petit kit de voyage - Philips - Respironics | Oxysphair\" \/>\n<meta property=\"og:description\" content=\"Prot\u00e9gez votre CPAP DreamStation Go en voyage avec le kit compact. Inclut sac lavable pour masque et tube, parfait pour les d\u00e9placements.\" \/>\n<meta property=\"og:url\" content=\"https:\/\/www.oxysphair.be\/de\/produits\/schlafapnoe\/cpap-zubehor\/dreamstation-go-petit-kit-de-voyage\/\" \/>\n<meta property=\"og:site_name\" content=\"Oxysphair\" \/>\n<meta property=\"article:modified_time\" content=\"2026-04-29T00:22:16+00:00\" \/>\n<meta property=\"og:image\" content=\"https:\/\/www.oxysphair.be\/wp-content\/uploads\/2024\/02\/Small-travell-kit.jpg\" \/>\n\t<meta property=\"og:image:width\" content=\"460\" \/>\n\t<meta property=\"og:image:height\" content=\"367\" \/>\n\t<meta property=\"og:image:type\" content=\"image\/jpeg\" \/>\n<meta name=\"twitter:card\" content=\"summary_large_image\" \/>\n<meta name=\"twitter:label1\" content=\"Gesch\u00e4tzte Lesezeit\" \/>\n\t<meta name=\"twitter:data1\" content=\"1\u00a0Minute\" \/>\n<script type=\"application\/ld+json\" class=\"yoast-schema-graph\">{\"@context\":\"https:\\\/\\\/schema.org\",\"@graph\":[{\"@type\":\"WebPage\",\"@id\":\"https:\\\/\\\/www.oxysphair.be\\\/de\\\/produits\\\/schlafapnoe\\\/cpap-zubehor\\\/dreamstation-go-petit-kit-de-voyage\\\/\",\"url\":\"https:\\\/\\\/www.oxysphair.be\\\/de\\\/produits\\\/schlafapnoe\\\/cpap-zubehor\\\/dreamstation-go-petit-kit-de-voyage\\\/\",\"name\":\"DreamStation Go \u2013 Petit kit de voyage - Philips - Respironics | Oxysphair\",\"isPartOf\":{\"@id\":\"https:\\\/\\\/www.oxysphair.be\\\/de\\\/#website\"},\"primaryImageOfPage\":{\"@id\":\"https:\\\/\\\/www.oxysphair.be\\\/de\\\/produits\\\/schlafapnoe\\\/cpap-zubehor\\\/dreamstation-go-petit-kit-de-voyage\\\/#primaryimage\"},\"image\":{\"@id\":\"https:\\\/\\\/www.oxysphair.be\\\/de\\\/produits\\\/schlafapnoe\\\/cpap-zubehor\\\/dreamstation-go-petit-kit-de-voyage\\\/#primaryimage\"},\"thumbnailUrl\":\"https:\\\/\\\/www.oxysphair.be\\\/wp-content\\\/uploads\\\/2024\\\/02\\\/Small-travell-kit.jpg\",\"datePublished\":\"2024-02-06T16:14:57+00:00\",\"dateModified\":\"2026-04-29T00:22:16+00:00\",\"description\":\"Prot\u00e9gez votre CPAP DreamStation Go en voyage avec le kit compact. Inclut sac lavable pour masque et tube, parfait pour les d\u00e9placements.\",\"breadcrumb\":{\"@id\":\"https:\\\/\\\/www.oxysphair.be\\\/de\\\/produits\\\/schlafapnoe\\\/cpap-zubehor\\\/dreamstation-go-petit-kit-de-voyage\\\/#breadcrumb\"},\"inLanguage\":\"de\",\"potentialAction\":[{\"@type\":\"ReadAction\",\"target\":[\"https:\\\/\\\/www.oxysphair.be\\\/de\\\/produits\\\/schlafapnoe\\\/cpap-zubehor\\\/dreamstation-go-petit-kit-de-voyage\\\/\"]}]},{\"@type\":\"ImageObject\",\"inLanguage\":\"de\",\"@id\":\"https:\\\/\\\/www.oxysphair.be\\\/de\\\/produits\\\/schlafapnoe\\\/cpap-zubehor\\\/dreamstation-go-petit-kit-de-voyage\\\/#primaryimage\",\"url\":\"https:\\\/\\\/www.oxysphair.be\\\/wp-content\\\/uploads\\\/2024\\\/02\\\/Small-travell-kit.jpg\",\"contentUrl\":\"https:\\\/\\\/www.oxysphair.be\\\/wp-content\\\/uploads\\\/2024\\\/02\\\/Small-travell-kit.jpg\",\"width\":460,\"height\":367,\"caption\":\"Petit kit de voyage pour CPAP\"},{\"@type\":\"BreadcrumbList\",\"@id\":\"https:\\\/\\\/www.oxysphair.be\\\/de\\\/produits\\\/schlafapnoe\\\/cpap-zubehor\\\/dreamstation-go-petit-kit-de-voyage\\\/#breadcrumb\",\"itemListElement\":[{\"@type\":\"ListItem\",\"position\":1,\"name\":\"Accueil\",\"item\":\"https:\\\/\\\/www.oxysphair.be\\\/de\\\/\"},{\"@type\":\"ListItem\",\"position\":2,\"name\":\"Produkte\",\"item\":\"https:\\\/\\\/www.oxysphair.be\\\/de\\\/shop-produkte\\\/\"},{\"@type\":\"ListItem\",\"position\":3,\"name\":\"DreamStation Go \u2013 Petit kit de voyage &#8211; Philips &#8211; Respironics\"}]},{\"@type\":\"WebSite\",\"@id\":\"https:\\\/\\\/www.oxysphair.be\\\/de\\\/#website\",\"url\":\"https:\\\/\\\/www.oxysphair.be\\\/de\\\/\",\"name\":\"Oxysphair\",\"description\":\"\",\"potentialAction\":[{\"@type\":\"SearchAction\",\"target\":{\"@type\":\"EntryPoint\",\"urlTemplate\":\"https:\\\/\\\/www.oxysphair.be\\\/de\\\/?s={search_term_string}\"},\"query-input\":{\"@type\":\"PropertyValueSpecification\",\"valueRequired\":true,\"valueName\":\"search_term_string\"}}],\"inLanguage\":\"de\"}]}<\/script>\n<!-- \/ Yoast SEO plugin. -->","yoast_head_json":{"title":"DreamStation Go \u2013 Petit kit de voyage - Philips - Respironics | Oxysphair","description":"Prot\u00e9gez votre CPAP DreamStation Go en voyage avec le kit compact. Inclut sac lavable pour masque et tube, parfait pour les d\u00e9placements.","robots":{"index":"index","follow":"follow","max-snippet":"max-snippet:-1","max-image-preview":"max-image-preview:large","max-video-preview":"max-video-preview:-1"},"canonical":"https:\/\/www.oxysphair.be\/de\/produits\/schlafapnoe\/cpap-zubehor\/dreamstation-go-petit-kit-de-voyage\/","og_locale":"de_DE","og_type":"article","og_title":"DreamStation Go \u2013 Petit kit de voyage - Philips - Respironics | Oxysphair","og_description":"Prot\u00e9gez votre CPAP DreamStation Go en voyage avec le kit compact. Inclut sac lavable pour masque et tube, parfait pour les d\u00e9placements.","og_url":"https:\/\/www.oxysphair.be\/de\/produits\/schlafapnoe\/cpap-zubehor\/dreamstation-go-petit-kit-de-voyage\/","og_site_name":"Oxysphair","article_modified_time":"2026-04-29T00:22:16+00:00","og_image":[{"width":460,"height":367,"url":"https:\/\/www.oxysphair.be\/wp-content\/uploads\/2024\/02\/Small-travell-kit.jpg","type":"image\/jpeg"}],"twitter_card":"summary_large_image","twitter_misc":{"Gesch\u00e4tzte Lesezeit":"1\u00a0Minute"},"schema":{"@context":"https:\/\/schema.org","@graph":[{"@type":"WebPage","@id":"https:\/\/www.oxysphair.be\/de\/produits\/schlafapnoe\/cpap-zubehor\/dreamstation-go-petit-kit-de-voyage\/","url":"https:\/\/www.oxysphair.be\/de\/produits\/schlafapnoe\/cpap-zubehor\/dreamstation-go-petit-kit-de-voyage\/","name":"DreamStation Go \u2013 Petit kit de voyage - Philips - Respironics | Oxysphair","isPartOf":{"@id":"https:\/\/www.oxysphair.be\/de\/#website"},"primaryImageOfPage":{"@id":"https:\/\/www.oxysphair.be\/de\/produits\/schlafapnoe\/cpap-zubehor\/dreamstation-go-petit-kit-de-voyage\/#primaryimage"},"image":{"@id":"https:\/\/www.oxysphair.be\/de\/produits\/schlafapnoe\/cpap-zubehor\/dreamstation-go-petit-kit-de-voyage\/#primaryimage"},"thumbnailUrl":"https:\/\/www.oxysphair.be\/wp-content\/uploads\/2024\/02\/Small-travell-kit.jpg","datePublished":"2024-02-06T16:14:57+00:00","dateModified":"2026-04-29T00:22:16+00:00","description":"Prot\u00e9gez votre CPAP DreamStation Go en voyage avec le kit compact. Inclut sac lavable pour masque et tube, parfait pour les d\u00e9placements.","breadcrumb":{"@id":"https:\/\/www.oxysphair.be\/de\/produits\/schlafapnoe\/cpap-zubehor\/dreamstation-go-petit-kit-de-voyage\/#breadcrumb"},"inLanguage":"de","potentialAction":[{"@type":"ReadAction","target":["https:\/\/www.oxysphair.be\/de\/produits\/schlafapnoe\/cpap-zubehor\/dreamstation-go-petit-kit-de-voyage\/"]}]},{"@type":"ImageObject","inLanguage":"de","@id":"https:\/\/www.oxysphair.be\/de\/produits\/schlafapnoe\/cpap-zubehor\/dreamstation-go-petit-kit-de-voyage\/#primaryimage","url":"https:\/\/www.oxysphair.be\/wp-content\/uploads\/2024\/02\/Small-travell-kit.jpg","contentUrl":"https:\/\/www.oxysphair.be\/wp-content\/uploads\/2024\/02\/Small-travell-kit.jpg","width":460,"height":367,"caption":"Petit kit de voyage pour CPAP"},{"@type":"BreadcrumbList","@id":"https:\/\/www.oxysphair.be\/de\/produits\/schlafapnoe\/cpap-zubehor\/dreamstation-go-petit-kit-de-voyage\/#breadcrumb","itemListElement":[{"@type":"ListItem","position":1,"name":"Accueil","item":"https:\/\/www.oxysphair.be\/de\/"},{"@type":"ListItem","position":2,"name":"Produkte","item":"https:\/\/www.oxysphair.be\/de\/shop-produkte\/"},{"@type":"ListItem","position":3,"name":"DreamStation Go \u2013 Petit kit de voyage &#8211; Philips &#8211; Respironics"}]},{"@type":"WebSite","@id":"https:\/\/www.oxysphair.be\/de\/#website","url":"https:\/\/www.oxysphair.be\/de\/","name":"Oxysphair","description":"","potentialAction":[{"@type":"SearchAction","target":{"@type":"EntryPoint","urlTemplate":"https:\/\/www.oxysphair.be\/de\/?s={search_term_string}"},"query-input":{"@type":"PropertyValueSpecification","valueRequired":true,"valueName":"search_term_string"}}],"inLanguage":"de"}]}},"_links":{"self":[{"href":"https:\/\/www.oxysphair.be\/de\/wp-json\/wp\/v2\/product\/253149","targetHints":{"allow":["GET"]}}],"collection":[{"href":"https:\/\/www.oxysphair.be\/de\/wp-json\/wp\/v2\/product"}],"about":[{"href":"https:\/\/www.oxysphair.be\/de\/wp-json\/wp\/v2\/types\/product"}],"replies":[{"embeddable":true,"href":"https:\/\/www.oxysphair.be\/de\/wp-json\/wp\/v2\/comments?post=253149"}],"wp:featuredmedia":[{"embeddable":true,"href":"https:\/\/www.oxysphair.be\/de\/wp-json\/wp\/v2\/media\/253744"}],"wp:attachment":[{"href":"https:\/\/www.oxysphair.be\/de\/wp-json\/wp\/v2\/media?parent=253149"}],"wp:term":[{"taxonomy":"product_brand","embeddable":true,"href":"https:\/\/www.oxysphair.be\/de\/wp-json\/wp\/v2\/product_brand?post=253149"},{"taxonomy":"product_cat","embeddable":true,"href":"https:\/\/www.oxysphair.be\/de\/wp-json\/wp\/v2\/product_cat?post=253149"},{"taxonomy":"product_tag","embeddable":true,"href":"https:\/\/www.oxysphair.be\/de\/wp-json\/wp\/v2\/product_tag?post=253149"}],"curies":[{"name":"wp","href":"https:\/\/api.w.org\/{rel}","templated":true}]}}