{"id":253152,"date":"2024-02-06T17:14:57","date_gmt":"2024-02-06T16:14:57","guid":{"rendered":"https:\/\/oxysphair.poush-dev.be\/?post_type=product&#038;p=253152"},"modified":"2026-05-05T14:22:12","modified_gmt":"2026-05-05T12:22:12","slug":"sac-a-dos-pour-inogen-g5-rove6","status":"publish","type":"product","link":"https:\/\/www.oxysphair.be\/de\/produits\/sauerstofftherapie\/zubehor-fur-sauerstofftherapie\/sac-a-dos-pour-inogen-g5-rove6\/","title":{"rendered":"Sac \u00e0 dos pour Inogen G5 \/ Rove6"},"content":{"rendered":"","protected":false},"excerpt":{"rendered":"<p>Ce sac \u00e0 dos est constitu\u00e9 d&#8217;une coque en maille avec des ouvertures pour garantir la ventilation de l&#8217;appareil.<br \/>\nDes ouvertures sp\u00e9ciales permettent de connecter des cordons d\u2019alimentation AC\/DC ou des canules sans avoir \u00e0 retirer le sac \u00e0 dos.<br \/>\nConfortable et r\u00e9glable, il vous permet de profiter pleinement de votre mobilit\u00e9.<\/p>\n","protected":false},"featured_media":253765,"comment_status":"closed","ping_status":"closed","template":"","meta":{"_et_pb_use_builder":"","_et_pb_old_content":"","_et_gb_content_width":"","inline_featured_image":false},"product_brand":[242],"product_cat":[30],"product_tag":[],"class_list":{"0":"post-253152","1":"product","2":"type-product","3":"status-publish","4":"has-post-thumbnail","6":"product_brand-inogen","7":"product_cat-accessoires-concentrateur-oxygene","8":"pa_brand-inogen","10":"first","11":"instock","12":"taxable","13":"shipping-taxable","14":"purchasable","15":"product-type-simple"},"acf":[],"yoast_head":"<!-- This site is optimized with the Yoast SEO plugin v27.5 - https:\/\/yoast.com\/product\/yoast-seo-wordpress\/ -->\n<title>Sac \u00e0 dos pour Inogen G5 \/ Rove6 | Oxysphair<\/title>\n<meta name=\"description\" content=\"Emportez votre Inogen One G5\/Rove 6 partout avec ce sac \u00e0 dos ventil\u00e9, offrant acc\u00e8s aux cordons sans le retirer. Confort et libert\u00e9 assur\u00e9s.\" \/>\n<meta name=\"robots\" content=\"index, follow, max-snippet:-1, max-image-preview:large, max-video-preview:-1\" \/>\n<link rel=\"canonical\" href=\"https:\/\/www.oxysphair.be\/de\/produits\/sauerstofftherapie\/zubehor-fur-sauerstofftherapie\/sac-a-dos-pour-inogen-g5-rove6\/\" \/>\n<meta property=\"og:locale\" content=\"de_DE\" \/>\n<meta property=\"og:type\" content=\"article\" \/>\n<meta property=\"og:title\" content=\"Sac \u00e0 dos pour Inogen G5 \/ Rove6 | Oxysphair\" \/>\n<meta property=\"og:description\" content=\"Emportez votre Inogen One G5\/Rove 6 partout avec ce sac \u00e0 dos ventil\u00e9, offrant acc\u00e8s aux cordons sans le retirer. Confort et libert\u00e9 assur\u00e9s.\" \/>\n<meta property=\"og:url\" content=\"https:\/\/www.oxysphair.be\/de\/produits\/sauerstofftherapie\/zubehor-fur-sauerstofftherapie\/sac-a-dos-pour-inogen-g5-rove6\/\" \/>\n<meta property=\"og:site_name\" content=\"Oxysphair\" \/>\n<meta property=\"article:modified_time\" content=\"2026-05-05T12:22:12+00:00\" \/>\n<meta property=\"og:image\" content=\"https:\/\/www.oxysphair.be\/wp-content\/uploads\/2024\/02\/inogen-one-g5-rove-6-sac-a-dos.webp\" \/>\n\t<meta property=\"og:image:width\" content=\"900\" \/>\n\t<meta property=\"og:image:height\" content=\"900\" \/>\n\t<meta property=\"og:image:type\" content=\"image\/webp\" \/>\n<meta name=\"twitter:card\" content=\"summary_large_image\" \/>\n<meta name=\"twitter:label1\" content=\"Gesch\u00e4tzte Lesezeit\" \/>\n\t<meta name=\"twitter:data1\" content=\"1\u00a0Minute\" \/>\n<script type=\"application\/ld+json\" class=\"yoast-schema-graph\">{\"@context\":\"https:\\\/\\\/schema.org\",\"@graph\":[{\"@type\":\"WebPage\",\"@id\":\"https:\\\/\\\/www.oxysphair.be\\\/de\\\/produits\\\/sauerstofftherapie\\\/zubehor-fur-sauerstofftherapie\\\/sac-a-dos-pour-inogen-g5-rove6\\\/\",\"url\":\"https:\\\/\\\/www.oxysphair.be\\\/de\\\/produits\\\/sauerstofftherapie\\\/zubehor-fur-sauerstofftherapie\\\/sac-a-dos-pour-inogen-g5-rove6\\\/\",\"name\":\"Sac \u00e0 dos pour Inogen G5 \\\/ Rove6 | Oxysphair\",\"isPartOf\":{\"@id\":\"https:\\\/\\\/www.oxysphair.be\\\/de\\\/#website\"},\"primaryImageOfPage\":{\"@id\":\"https:\\\/\\\/www.oxysphair.be\\\/de\\\/produits\\\/sauerstofftherapie\\\/zubehor-fur-sauerstofftherapie\\\/sac-a-dos-pour-inogen-g5-rove6\\\/#primaryimage\"},\"image\":{\"@id\":\"https:\\\/\\\/www.oxysphair.be\\\/de\\\/produits\\\/sauerstofftherapie\\\/zubehor-fur-sauerstofftherapie\\\/sac-a-dos-pour-inogen-g5-rove6\\\/#primaryimage\"},\"thumbnailUrl\":\"https:\\\/\\\/www.oxysphair.be\\\/wp-content\\\/uploads\\\/2024\\\/02\\\/inogen-one-g5-rove-6-sac-a-dos.webp\",\"datePublished\":\"2024-02-06T16:14:57+00:00\",\"dateModified\":\"2026-05-05T12:22:12+00:00\",\"description\":\"Emportez votre Inogen One G5\\\/Rove 6 partout avec ce sac \u00e0 dos ventil\u00e9, offrant acc\u00e8s aux cordons sans le retirer. Confort et libert\u00e9 assur\u00e9s.\",\"breadcrumb\":{\"@id\":\"https:\\\/\\\/www.oxysphair.be\\\/de\\\/produits\\\/sauerstofftherapie\\\/zubehor-fur-sauerstofftherapie\\\/sac-a-dos-pour-inogen-g5-rove6\\\/#breadcrumb\"},\"inLanguage\":\"de\",\"potentialAction\":[{\"@type\":\"ReadAction\",\"target\":[\"https:\\\/\\\/www.oxysphair.be\\\/de\\\/produits\\\/sauerstofftherapie\\\/zubehor-fur-sauerstofftherapie\\\/sac-a-dos-pour-inogen-g5-rove6\\\/\"]}]},{\"@type\":\"ImageObject\",\"inLanguage\":\"de\",\"@id\":\"https:\\\/\\\/www.oxysphair.be\\\/de\\\/produits\\\/sauerstofftherapie\\\/zubehor-fur-sauerstofftherapie\\\/sac-a-dos-pour-inogen-g5-rove6\\\/#primaryimage\",\"url\":\"https:\\\/\\\/www.oxysphair.be\\\/wp-content\\\/uploads\\\/2024\\\/02\\\/inogen-one-g5-rove-6-sac-a-dos.webp\",\"contentUrl\":\"https:\\\/\\\/www.oxysphair.be\\\/wp-content\\\/uploads\\\/2024\\\/02\\\/inogen-one-g5-rove-6-sac-a-dos.webp\",\"width\":900,\"height\":900,\"caption\":\"sac \u00e0 dos pour inogen g5 rove 6\"},{\"@type\":\"BreadcrumbList\",\"@id\":\"https:\\\/\\\/www.oxysphair.be\\\/de\\\/produits\\\/sauerstofftherapie\\\/zubehor-fur-sauerstofftherapie\\\/sac-a-dos-pour-inogen-g5-rove6\\\/#breadcrumb\",\"itemListElement\":[{\"@type\":\"ListItem\",\"position\":1,\"name\":\"Accueil\",\"item\":\"https:\\\/\\\/www.oxysphair.be\\\/de\\\/\"},{\"@type\":\"ListItem\",\"position\":2,\"name\":\"Produkte\",\"item\":\"https:\\\/\\\/www.oxysphair.be\\\/de\\\/shop-produkte\\\/\"},{\"@type\":\"ListItem\",\"position\":3,\"name\":\"Sac \u00e0 dos pour Inogen G5 \\\/ Rove6\"}]},{\"@type\":\"WebSite\",\"@id\":\"https:\\\/\\\/www.oxysphair.be\\\/de\\\/#website\",\"url\":\"https:\\\/\\\/www.oxysphair.be\\\/de\\\/\",\"name\":\"Oxysphair\",\"description\":\"\",\"potentialAction\":[{\"@type\":\"SearchAction\",\"target\":{\"@type\":\"EntryPoint\",\"urlTemplate\":\"https:\\\/\\\/www.oxysphair.be\\\/de\\\/?s={search_term_string}\"},\"query-input\":{\"@type\":\"PropertyValueSpecification\",\"valueRequired\":true,\"valueName\":\"search_term_string\"}}],\"inLanguage\":\"de\"}]}<\/script>\n<!-- \/ Yoast SEO plugin. -->","yoast_head_json":{"title":"Sac \u00e0 dos pour Inogen G5 \/ Rove6 | Oxysphair","description":"Emportez votre Inogen One G5\/Rove 6 partout avec ce sac \u00e0 dos ventil\u00e9, offrant acc\u00e8s aux cordons sans le retirer. Confort et libert\u00e9 assur\u00e9s.","robots":{"index":"index","follow":"follow","max-snippet":"max-snippet:-1","max-image-preview":"max-image-preview:large","max-video-preview":"max-video-preview:-1"},"canonical":"https:\/\/www.oxysphair.be\/de\/produits\/sauerstofftherapie\/zubehor-fur-sauerstofftherapie\/sac-a-dos-pour-inogen-g5-rove6\/","og_locale":"de_DE","og_type":"article","og_title":"Sac \u00e0 dos pour Inogen G5 \/ Rove6 | Oxysphair","og_description":"Emportez votre Inogen One G5\/Rove 6 partout avec ce sac \u00e0 dos ventil\u00e9, offrant acc\u00e8s aux cordons sans le retirer. Confort et libert\u00e9 assur\u00e9s.","og_url":"https:\/\/www.oxysphair.be\/de\/produits\/sauerstofftherapie\/zubehor-fur-sauerstofftherapie\/sac-a-dos-pour-inogen-g5-rove6\/","og_site_name":"Oxysphair","article_modified_time":"2026-05-05T12:22:12+00:00","og_image":[{"width":900,"height":900,"url":"https:\/\/www.oxysphair.be\/wp-content\/uploads\/2024\/02\/inogen-one-g5-rove-6-sac-a-dos.webp","type":"image\/webp"}],"twitter_card":"summary_large_image","twitter_misc":{"Gesch\u00e4tzte Lesezeit":"1\u00a0Minute"},"schema":{"@context":"https:\/\/schema.org","@graph":[{"@type":"WebPage","@id":"https:\/\/www.oxysphair.be\/de\/produits\/sauerstofftherapie\/zubehor-fur-sauerstofftherapie\/sac-a-dos-pour-inogen-g5-rove6\/","url":"https:\/\/www.oxysphair.be\/de\/produits\/sauerstofftherapie\/zubehor-fur-sauerstofftherapie\/sac-a-dos-pour-inogen-g5-rove6\/","name":"Sac \u00e0 dos pour Inogen G5 \/ Rove6 | Oxysphair","isPartOf":{"@id":"https:\/\/www.oxysphair.be\/de\/#website"},"primaryImageOfPage":{"@id":"https:\/\/www.oxysphair.be\/de\/produits\/sauerstofftherapie\/zubehor-fur-sauerstofftherapie\/sac-a-dos-pour-inogen-g5-rove6\/#primaryimage"},"image":{"@id":"https:\/\/www.oxysphair.be\/de\/produits\/sauerstofftherapie\/zubehor-fur-sauerstofftherapie\/sac-a-dos-pour-inogen-g5-rove6\/#primaryimage"},"thumbnailUrl":"https:\/\/www.oxysphair.be\/wp-content\/uploads\/2024\/02\/inogen-one-g5-rove-6-sac-a-dos.webp","datePublished":"2024-02-06T16:14:57+00:00","dateModified":"2026-05-05T12:22:12+00:00","description":"Emportez votre Inogen One G5\/Rove 6 partout avec ce sac \u00e0 dos ventil\u00e9, offrant acc\u00e8s aux cordons sans le retirer. Confort et libert\u00e9 assur\u00e9s.","breadcrumb":{"@id":"https:\/\/www.oxysphair.be\/de\/produits\/sauerstofftherapie\/zubehor-fur-sauerstofftherapie\/sac-a-dos-pour-inogen-g5-rove6\/#breadcrumb"},"inLanguage":"de","potentialAction":[{"@type":"ReadAction","target":["https:\/\/www.oxysphair.be\/de\/produits\/sauerstofftherapie\/zubehor-fur-sauerstofftherapie\/sac-a-dos-pour-inogen-g5-rove6\/"]}]},{"@type":"ImageObject","inLanguage":"de","@id":"https:\/\/www.oxysphair.be\/de\/produits\/sauerstofftherapie\/zubehor-fur-sauerstofftherapie\/sac-a-dos-pour-inogen-g5-rove6\/#primaryimage","url":"https:\/\/www.oxysphair.be\/wp-content\/uploads\/2024\/02\/inogen-one-g5-rove-6-sac-a-dos.webp","contentUrl":"https:\/\/www.oxysphair.be\/wp-content\/uploads\/2024\/02\/inogen-one-g5-rove-6-sac-a-dos.webp","width":900,"height":900,"caption":"sac \u00e0 dos pour inogen g5 rove 6"},{"@type":"BreadcrumbList","@id":"https:\/\/www.oxysphair.be\/de\/produits\/sauerstofftherapie\/zubehor-fur-sauerstofftherapie\/sac-a-dos-pour-inogen-g5-rove6\/#breadcrumb","itemListElement":[{"@type":"ListItem","position":1,"name":"Accueil","item":"https:\/\/www.oxysphair.be\/de\/"},{"@type":"ListItem","position":2,"name":"Produkte","item":"https:\/\/www.oxysphair.be\/de\/shop-produkte\/"},{"@type":"ListItem","position":3,"name":"Sac \u00e0 dos pour Inogen G5 \/ Rove6"}]},{"@type":"WebSite","@id":"https:\/\/www.oxysphair.be\/de\/#website","url":"https:\/\/www.oxysphair.be\/de\/","name":"Oxysphair","description":"","potentialAction":[{"@type":"SearchAction","target":{"@type":"EntryPoint","urlTemplate":"https:\/\/www.oxysphair.be\/de\/?s={search_term_string}"},"query-input":{"@type":"PropertyValueSpecification","valueRequired":true,"valueName":"search_term_string"}}],"inLanguage":"de"}]}},"_links":{"self":[{"href":"https:\/\/www.oxysphair.be\/de\/wp-json\/wp\/v2\/product\/253152","targetHints":{"allow":["GET"]}}],"collection":[{"href":"https:\/\/www.oxysphair.be\/de\/wp-json\/wp\/v2\/product"}],"about":[{"href":"https:\/\/www.oxysphair.be\/de\/wp-json\/wp\/v2\/types\/product"}],"replies":[{"embeddable":true,"href":"https:\/\/www.oxysphair.be\/de\/wp-json\/wp\/v2\/comments?post=253152"}],"wp:featuredmedia":[{"embeddable":true,"href":"https:\/\/www.oxysphair.be\/de\/wp-json\/wp\/v2\/media\/253765"}],"wp:attachment":[{"href":"https:\/\/www.oxysphair.be\/de\/wp-json\/wp\/v2\/media?parent=253152"}],"wp:term":[{"taxonomy":"product_brand","embeddable":true,"href":"https:\/\/www.oxysphair.be\/de\/wp-json\/wp\/v2\/product_brand?post=253152"},{"taxonomy":"product_cat","embeddable":true,"href":"https:\/\/www.oxysphair.be\/de\/wp-json\/wp\/v2\/product_cat?post=253152"},{"taxonomy":"product_tag","embeddable":true,"href":"https:\/\/www.oxysphair.be\/de\/wp-json\/wp\/v2\/product_tag?post=253152"}],"curies":[{"name":"wp","href":"https:\/\/api.w.org\/{rel}","templated":true}]}}