{"id":253157,"date":"2024-02-06T17:14:58","date_gmt":"2024-02-06T16:14:58","guid":{"rendered":"https:\/\/oxysphair.poush-dev.be\/?post_type=product&#038;p=253157"},"modified":"2026-04-29T02:22:19","modified_gmt":"2026-04-29T00:22:19","slug":"filtres-pour-cpap-airsense-s9-et-s10-pack-de-2","status":"publish","type":"product","link":"https:\/\/www.oxysphair.be\/de\/produits\/schlafapnoe\/cpap-zubehor\/filtres-pour-cpap-airsense-s9-et-s10-pack-de-2\/","title":{"rendered":"Filtres pour CPAP Airsense S9 et S10 (pack de 2) &#8211; Resmed"},"content":{"rendered":"","protected":false},"excerpt":{"rendered":"<p>Ces filtres \u00e0 air permettent de prot\u00e9ger les appareils des poussi\u00e8res, des poils d\u2019animaux et vous assure de respirer un air pur. Les filtres \u00e0 air doivent \u00eatre remplac\u00e9s tous les trois \u00e0 six mois ou plus souvent, s\u2019ils sont trou\u00e9s ou bouch\u00e9s par de la salet\u00e9 ou de la poussi\u00e8re.<\/p>\n","protected":false},"featured_media":253696,"comment_status":"closed","ping_status":"closed","template":"","meta":{"_et_pb_use_builder":"","_et_pb_old_content":"","_et_gb_content_width":"","inline_featured_image":false},"product_brand":[248],"product_cat":[28],"product_tag":[],"class_list":{"0":"post-253157","1":"product","2":"type-product","3":"status-publish","4":"has-post-thumbnail","6":"product_brand-resmed","7":"product_cat-accessoires-cpap","9":"first","10":"instock","11":"taxable","12":"shipping-taxable","13":"purchasable","14":"product-type-simple"},"acf":[],"yoast_head":"<!-- This site is optimized with the Yoast SEO plugin v27.4 - https:\/\/yoast.com\/product\/yoast-seo-wordpress\/ -->\n<title>Filtres pour CPAP Airsense S9 et S10 (pack de 2) - Resmed | Oxysphair<\/title>\n<meta name=\"description\" content=\"Am\u00e9liorez la qualit\u00e9 de l&#039;air de votre CPAP avec les filtres AirSense S9\/S10. Prot\u00e8ge contre poussi\u00e8res et poils d\u2019animaux pour une respiration pure.\" \/>\n<meta name=\"robots\" content=\"index, follow, max-snippet:-1, max-image-preview:large, max-video-preview:-1\" \/>\n<link rel=\"canonical\" href=\"https:\/\/www.oxysphair.be\/de\/produits\/schlafapnoe\/cpap-zubehor\/filtres-pour-cpap-airsense-s9-et-s10-pack-de-2\/\" \/>\n<meta property=\"og:locale\" content=\"de_DE\" \/>\n<meta property=\"og:type\" content=\"article\" \/>\n<meta property=\"og:title\" content=\"Filtres pour CPAP Airsense S9 et S10 (pack de 2) - Resmed | Oxysphair\" \/>\n<meta property=\"og:description\" content=\"Am\u00e9liorez la qualit\u00e9 de l&#039;air de votre CPAP avec les filtres AirSense S9\/S10. Prot\u00e8ge contre poussi\u00e8res et poils d\u2019animaux pour une respiration pure.\" \/>\n<meta property=\"og:url\" content=\"https:\/\/www.oxysphair.be\/de\/produits\/schlafapnoe\/cpap-zubehor\/filtres-pour-cpap-airsense-s9-et-s10-pack-de-2\/\" \/>\n<meta property=\"og:site_name\" content=\"Oxysphair\" \/>\n<meta property=\"article:modified_time\" content=\"2026-04-29T00:22:19+00:00\" \/>\n<meta property=\"og:image\" content=\"https:\/\/www.oxysphair.be\/wp-content\/uploads\/2024\/02\/filtres-airsense.jpg\" \/>\n\t<meta property=\"og:image:width\" content=\"700\" \/>\n\t<meta property=\"og:image:height\" content=\"700\" \/>\n\t<meta property=\"og:image:type\" content=\"image\/jpeg\" \/>\n<meta name=\"twitter:card\" content=\"summary_large_image\" \/>\n<meta name=\"twitter:label1\" content=\"Gesch\u00e4tzte Lesezeit\" \/>\n\t<meta name=\"twitter:data1\" content=\"1\u00a0Minute\" \/>\n<script type=\"application\/ld+json\" class=\"yoast-schema-graph\">{\"@context\":\"https:\\\/\\\/schema.org\",\"@graph\":[{\"@type\":\"WebPage\",\"@id\":\"https:\\\/\\\/www.oxysphair.be\\\/de\\\/produits\\\/schlafapnoe\\\/cpap-zubehor\\\/filtres-pour-cpap-airsense-s9-et-s10-pack-de-2\\\/\",\"url\":\"https:\\\/\\\/www.oxysphair.be\\\/de\\\/produits\\\/schlafapnoe\\\/cpap-zubehor\\\/filtres-pour-cpap-airsense-s9-et-s10-pack-de-2\\\/\",\"name\":\"Filtres pour CPAP Airsense S9 et S10 (pack de 2) - Resmed | Oxysphair\",\"isPartOf\":{\"@id\":\"https:\\\/\\\/www.oxysphair.be\\\/de\\\/#website\"},\"primaryImageOfPage\":{\"@id\":\"https:\\\/\\\/www.oxysphair.be\\\/de\\\/produits\\\/schlafapnoe\\\/cpap-zubehor\\\/filtres-pour-cpap-airsense-s9-et-s10-pack-de-2\\\/#primaryimage\"},\"image\":{\"@id\":\"https:\\\/\\\/www.oxysphair.be\\\/de\\\/produits\\\/schlafapnoe\\\/cpap-zubehor\\\/filtres-pour-cpap-airsense-s9-et-s10-pack-de-2\\\/#primaryimage\"},\"thumbnailUrl\":\"https:\\\/\\\/www.oxysphair.be\\\/wp-content\\\/uploads\\\/2024\\\/02\\\/filtres-airsense.jpg\",\"datePublished\":\"2024-02-06T16:14:58+00:00\",\"dateModified\":\"2026-04-29T00:22:19+00:00\",\"description\":\"Am\u00e9liorez la qualit\u00e9 de l'air de votre CPAP avec les filtres AirSense S9\\\/S10. Prot\u00e8ge contre poussi\u00e8res et poils d\u2019animaux pour une respiration pure.\",\"breadcrumb\":{\"@id\":\"https:\\\/\\\/www.oxysphair.be\\\/de\\\/produits\\\/schlafapnoe\\\/cpap-zubehor\\\/filtres-pour-cpap-airsense-s9-et-s10-pack-de-2\\\/#breadcrumb\"},\"inLanguage\":\"de\",\"potentialAction\":[{\"@type\":\"ReadAction\",\"target\":[\"https:\\\/\\\/www.oxysphair.be\\\/de\\\/produits\\\/schlafapnoe\\\/cpap-zubehor\\\/filtres-pour-cpap-airsense-s9-et-s10-pack-de-2\\\/\"]}]},{\"@type\":\"ImageObject\",\"inLanguage\":\"de\",\"@id\":\"https:\\\/\\\/www.oxysphair.be\\\/de\\\/produits\\\/schlafapnoe\\\/cpap-zubehor\\\/filtres-pour-cpap-airsense-s9-et-s10-pack-de-2\\\/#primaryimage\",\"url\":\"https:\\\/\\\/www.oxysphair.be\\\/wp-content\\\/uploads\\\/2024\\\/02\\\/filtres-airsense.jpg\",\"contentUrl\":\"https:\\\/\\\/www.oxysphair.be\\\/wp-content\\\/uploads\\\/2024\\\/02\\\/filtres-airsense.jpg\",\"width\":700,\"height\":700,\"caption\":\"Filtres pour CPAP Airsense\"},{\"@type\":\"BreadcrumbList\",\"@id\":\"https:\\\/\\\/www.oxysphair.be\\\/de\\\/produits\\\/schlafapnoe\\\/cpap-zubehor\\\/filtres-pour-cpap-airsense-s9-et-s10-pack-de-2\\\/#breadcrumb\",\"itemListElement\":[{\"@type\":\"ListItem\",\"position\":1,\"name\":\"Accueil\",\"item\":\"https:\\\/\\\/www.oxysphair.be\\\/de\\\/\"},{\"@type\":\"ListItem\",\"position\":2,\"name\":\"Produkte\",\"item\":\"https:\\\/\\\/www.oxysphair.be\\\/de\\\/shop-produkte\\\/\"},{\"@type\":\"ListItem\",\"position\":3,\"name\":\"Filtres pour CPAP Airsense S9 et S10 (pack de 2) &#8211; Resmed\"}]},{\"@type\":\"WebSite\",\"@id\":\"https:\\\/\\\/www.oxysphair.be\\\/de\\\/#website\",\"url\":\"https:\\\/\\\/www.oxysphair.be\\\/de\\\/\",\"name\":\"Oxysphair\",\"description\":\"\",\"potentialAction\":[{\"@type\":\"SearchAction\",\"target\":{\"@type\":\"EntryPoint\",\"urlTemplate\":\"https:\\\/\\\/www.oxysphair.be\\\/de\\\/?s={search_term_string}\"},\"query-input\":{\"@type\":\"PropertyValueSpecification\",\"valueRequired\":true,\"valueName\":\"search_term_string\"}}],\"inLanguage\":\"de\"}]}<\/script>\n<!-- \/ Yoast SEO plugin. -->","yoast_head_json":{"title":"Filtres pour CPAP Airsense S9 et S10 (pack de 2) - Resmed | Oxysphair","description":"Am\u00e9liorez la qualit\u00e9 de l'air de votre CPAP avec les filtres AirSense S9\/S10. Prot\u00e8ge contre poussi\u00e8res et poils d\u2019animaux pour une respiration pure.","robots":{"index":"index","follow":"follow","max-snippet":"max-snippet:-1","max-image-preview":"max-image-preview:large","max-video-preview":"max-video-preview:-1"},"canonical":"https:\/\/www.oxysphair.be\/de\/produits\/schlafapnoe\/cpap-zubehor\/filtres-pour-cpap-airsense-s9-et-s10-pack-de-2\/","og_locale":"de_DE","og_type":"article","og_title":"Filtres pour CPAP Airsense S9 et S10 (pack de 2) - Resmed | Oxysphair","og_description":"Am\u00e9liorez la qualit\u00e9 de l'air de votre CPAP avec les filtres AirSense S9\/S10. Prot\u00e8ge contre poussi\u00e8res et poils d\u2019animaux pour une respiration pure.","og_url":"https:\/\/www.oxysphair.be\/de\/produits\/schlafapnoe\/cpap-zubehor\/filtres-pour-cpap-airsense-s9-et-s10-pack-de-2\/","og_site_name":"Oxysphair","article_modified_time":"2026-04-29T00:22:19+00:00","og_image":[{"width":700,"height":700,"url":"https:\/\/www.oxysphair.be\/wp-content\/uploads\/2024\/02\/filtres-airsense.jpg","type":"image\/jpeg"}],"twitter_card":"summary_large_image","twitter_misc":{"Gesch\u00e4tzte Lesezeit":"1\u00a0Minute"},"schema":{"@context":"https:\/\/schema.org","@graph":[{"@type":"WebPage","@id":"https:\/\/www.oxysphair.be\/de\/produits\/schlafapnoe\/cpap-zubehor\/filtres-pour-cpap-airsense-s9-et-s10-pack-de-2\/","url":"https:\/\/www.oxysphair.be\/de\/produits\/schlafapnoe\/cpap-zubehor\/filtres-pour-cpap-airsense-s9-et-s10-pack-de-2\/","name":"Filtres pour CPAP Airsense S9 et S10 (pack de 2) - Resmed | Oxysphair","isPartOf":{"@id":"https:\/\/www.oxysphair.be\/de\/#website"},"primaryImageOfPage":{"@id":"https:\/\/www.oxysphair.be\/de\/produits\/schlafapnoe\/cpap-zubehor\/filtres-pour-cpap-airsense-s9-et-s10-pack-de-2\/#primaryimage"},"image":{"@id":"https:\/\/www.oxysphair.be\/de\/produits\/schlafapnoe\/cpap-zubehor\/filtres-pour-cpap-airsense-s9-et-s10-pack-de-2\/#primaryimage"},"thumbnailUrl":"https:\/\/www.oxysphair.be\/wp-content\/uploads\/2024\/02\/filtres-airsense.jpg","datePublished":"2024-02-06T16:14:58+00:00","dateModified":"2026-04-29T00:22:19+00:00","description":"Am\u00e9liorez la qualit\u00e9 de l'air de votre CPAP avec les filtres AirSense S9\/S10. Prot\u00e8ge contre poussi\u00e8res et poils d\u2019animaux pour une respiration pure.","breadcrumb":{"@id":"https:\/\/www.oxysphair.be\/de\/produits\/schlafapnoe\/cpap-zubehor\/filtres-pour-cpap-airsense-s9-et-s10-pack-de-2\/#breadcrumb"},"inLanguage":"de","potentialAction":[{"@type":"ReadAction","target":["https:\/\/www.oxysphair.be\/de\/produits\/schlafapnoe\/cpap-zubehor\/filtres-pour-cpap-airsense-s9-et-s10-pack-de-2\/"]}]},{"@type":"ImageObject","inLanguage":"de","@id":"https:\/\/www.oxysphair.be\/de\/produits\/schlafapnoe\/cpap-zubehor\/filtres-pour-cpap-airsense-s9-et-s10-pack-de-2\/#primaryimage","url":"https:\/\/www.oxysphair.be\/wp-content\/uploads\/2024\/02\/filtres-airsense.jpg","contentUrl":"https:\/\/www.oxysphair.be\/wp-content\/uploads\/2024\/02\/filtres-airsense.jpg","width":700,"height":700,"caption":"Filtres pour CPAP Airsense"},{"@type":"BreadcrumbList","@id":"https:\/\/www.oxysphair.be\/de\/produits\/schlafapnoe\/cpap-zubehor\/filtres-pour-cpap-airsense-s9-et-s10-pack-de-2\/#breadcrumb","itemListElement":[{"@type":"ListItem","position":1,"name":"Accueil","item":"https:\/\/www.oxysphair.be\/de\/"},{"@type":"ListItem","position":2,"name":"Produkte","item":"https:\/\/www.oxysphair.be\/de\/shop-produkte\/"},{"@type":"ListItem","position":3,"name":"Filtres pour CPAP Airsense S9 et S10 (pack de 2) &#8211; Resmed"}]},{"@type":"WebSite","@id":"https:\/\/www.oxysphair.be\/de\/#website","url":"https:\/\/www.oxysphair.be\/de\/","name":"Oxysphair","description":"","potentialAction":[{"@type":"SearchAction","target":{"@type":"EntryPoint","urlTemplate":"https:\/\/www.oxysphair.be\/de\/?s={search_term_string}"},"query-input":{"@type":"PropertyValueSpecification","valueRequired":true,"valueName":"search_term_string"}}],"inLanguage":"de"}]}},"_links":{"self":[{"href":"https:\/\/www.oxysphair.be\/de\/wp-json\/wp\/v2\/product\/253157","targetHints":{"allow":["GET"]}}],"collection":[{"href":"https:\/\/www.oxysphair.be\/de\/wp-json\/wp\/v2\/product"}],"about":[{"href":"https:\/\/www.oxysphair.be\/de\/wp-json\/wp\/v2\/types\/product"}],"replies":[{"embeddable":true,"href":"https:\/\/www.oxysphair.be\/de\/wp-json\/wp\/v2\/comments?post=253157"}],"wp:featuredmedia":[{"embeddable":true,"href":"https:\/\/www.oxysphair.be\/de\/wp-json\/wp\/v2\/media\/253696"}],"wp:attachment":[{"href":"https:\/\/www.oxysphair.be\/de\/wp-json\/wp\/v2\/media?parent=253157"}],"wp:term":[{"taxonomy":"product_brand","embeddable":true,"href":"https:\/\/www.oxysphair.be\/de\/wp-json\/wp\/v2\/product_brand?post=253157"},{"taxonomy":"product_cat","embeddable":true,"href":"https:\/\/www.oxysphair.be\/de\/wp-json\/wp\/v2\/product_cat?post=253157"},{"taxonomy":"product_tag","embeddable":true,"href":"https:\/\/www.oxysphair.be\/de\/wp-json\/wp\/v2\/product_tag?post=253157"}],"curies":[{"name":"wp","href":"https:\/\/api.w.org\/{rel}","templated":true}]}}