{"id":253166,"date":"2024-02-06T17:14:59","date_gmt":"2024-02-06T16:14:59","guid":{"rendered":"https:\/\/oxysphair.poush-dev.be\/?post_type=product&#038;p=253166"},"modified":"2026-04-08T12:22:14","modified_gmt":"2026-04-08T10:22:14","slug":"filtre-poussieres-reutilisable-philips-dreamstation-go-2-pieces","status":"publish","type":"product","link":"https:\/\/www.oxysphair.be\/de\/produits\/schlafapnoe\/filtre-poussieres-reutilisable-philips-dreamstation-go-2-pieces\/","title":{"rendered":"Filtre poussi\u00e8res r\u00e9utilisable &#8211; Philips Dreamstation Go (2 pi\u00e8ces) &#8211; Philips &#8211; Respironics"},"content":{"rendered":"","protected":false},"excerpt":{"rendered":"","protected":false},"featured_media":253627,"comment_status":"closed","ping_status":"closed","template":"","meta":{"_et_pb_use_builder":"","_et_pb_old_content":"","_et_gb_content_width":"","inline_featured_image":false},"product_brand":[148],"product_cat":[24],"product_tag":[],"class_list":{"0":"post-253166","1":"product","2":"type-product","3":"status-publish","4":"has-post-thumbnail","6":"product_brand-philips-respironics","7":"product_cat-apnee-sommeil","9":"first","10":"instock","11":"taxable","12":"shipping-taxable","13":"purchasable","14":"product-type-simple"},"acf":[],"yoast_head":"<!-- This site is optimized with the Yoast SEO plugin v27.3 - https:\/\/yoast.com\/product\/yoast-seo-wordpress\/ -->\n<title>Filtre poussi\u00e8res r\u00e9utilisable - Philips Dreamstation Go (2 pi\u00e8ces) - Philips - Respironics | Oxysphair<\/title>\n<meta name=\"description\" content=\"Maintenez votre DreamStation GO optimale avec le pack de 2 filtres, con\u00e7u pour une qualit\u00e9 d&#039;air am\u00e9lior\u00e9e et une performance durable de votre appareil.\" \/>\n<meta name=\"robots\" content=\"index, follow, max-snippet:-1, max-image-preview:large, max-video-preview:-1\" \/>\n<link rel=\"canonical\" href=\"https:\/\/www.oxysphair.be\/de\/produits\/schlafapnoe\/filtre-poussieres-reutilisable-philips-dreamstation-go-2-pieces\/\" \/>\n<meta property=\"og:locale\" content=\"de_DE\" \/>\n<meta property=\"og:type\" content=\"article\" \/>\n<meta property=\"og:title\" content=\"Filtre poussi\u00e8res r\u00e9utilisable - Philips Dreamstation Go (2 pi\u00e8ces) - Philips - Respironics | Oxysphair\" \/>\n<meta property=\"og:description\" content=\"Maintenez votre DreamStation GO optimale avec le pack de 2 filtres, con\u00e7u pour une qualit\u00e9 d&#039;air am\u00e9lior\u00e9e et une performance durable de votre appareil.\" \/>\n<meta property=\"og:url\" content=\"https:\/\/www.oxysphair.be\/de\/produits\/schlafapnoe\/filtre-poussieres-reutilisable-philips-dreamstation-go-2-pieces\/\" \/>\n<meta property=\"og:site_name\" content=\"Oxysphair\" \/>\n<meta property=\"article:modified_time\" content=\"2026-04-08T10:22:14+00:00\" \/>\n<meta property=\"og:image\" content=\"https:\/\/www.oxysphair.be\/wp-content\/uploads\/2024\/02\/Filtre-poussiere-dreamstation.jpeg\" \/>\n\t<meta property=\"og:image:width\" content=\"620\" \/>\n\t<meta property=\"og:image:height\" content=\"620\" \/>\n\t<meta property=\"og:image:type\" content=\"image\/jpeg\" \/>\n<meta name=\"twitter:card\" content=\"summary_large_image\" \/>\n<meta name=\"twitter:label1\" content=\"Gesch\u00e4tzte Lesezeit\" \/>\n\t<meta name=\"twitter:data1\" content=\"1\u00a0Minute\" \/>\n<script type=\"application\/ld+json\" class=\"yoast-schema-graph\">{\"@context\":\"https:\\\/\\\/schema.org\",\"@graph\":[{\"@type\":\"WebPage\",\"@id\":\"https:\\\/\\\/www.oxysphair.be\\\/de\\\/produits\\\/schlafapnoe\\\/filtre-poussieres-reutilisable-philips-dreamstation-go-2-pieces\\\/\",\"url\":\"https:\\\/\\\/www.oxysphair.be\\\/de\\\/produits\\\/schlafapnoe\\\/filtre-poussieres-reutilisable-philips-dreamstation-go-2-pieces\\\/\",\"name\":\"Filtre poussi\u00e8res r\u00e9utilisable - Philips Dreamstation Go (2 pi\u00e8ces) - Philips - Respironics | Oxysphair\",\"isPartOf\":{\"@id\":\"https:\\\/\\\/www.oxysphair.be\\\/de\\\/#website\"},\"primaryImageOfPage\":{\"@id\":\"https:\\\/\\\/www.oxysphair.be\\\/de\\\/produits\\\/schlafapnoe\\\/filtre-poussieres-reutilisable-philips-dreamstation-go-2-pieces\\\/#primaryimage\"},\"image\":{\"@id\":\"https:\\\/\\\/www.oxysphair.be\\\/de\\\/produits\\\/schlafapnoe\\\/filtre-poussieres-reutilisable-philips-dreamstation-go-2-pieces\\\/#primaryimage\"},\"thumbnailUrl\":\"https:\\\/\\\/www.oxysphair.be\\\/wp-content\\\/uploads\\\/2024\\\/02\\\/Filtre-poussiere-dreamstation.jpeg\",\"datePublished\":\"2024-02-06T16:14:59+00:00\",\"dateModified\":\"2026-04-08T10:22:14+00:00\",\"description\":\"Maintenez votre DreamStation GO optimale avec le pack de 2 filtres, con\u00e7u pour une qualit\u00e9 d'air am\u00e9lior\u00e9e et une performance durable de votre appareil.\",\"breadcrumb\":{\"@id\":\"https:\\\/\\\/www.oxysphair.be\\\/de\\\/produits\\\/schlafapnoe\\\/filtre-poussieres-reutilisable-philips-dreamstation-go-2-pieces\\\/#breadcrumb\"},\"inLanguage\":\"de\",\"potentialAction\":[{\"@type\":\"ReadAction\",\"target\":[\"https:\\\/\\\/www.oxysphair.be\\\/de\\\/produits\\\/schlafapnoe\\\/filtre-poussieres-reutilisable-philips-dreamstation-go-2-pieces\\\/\"]}]},{\"@type\":\"ImageObject\",\"inLanguage\":\"de\",\"@id\":\"https:\\\/\\\/www.oxysphair.be\\\/de\\\/produits\\\/schlafapnoe\\\/filtre-poussieres-reutilisable-philips-dreamstation-go-2-pieces\\\/#primaryimage\",\"url\":\"https:\\\/\\\/www.oxysphair.be\\\/wp-content\\\/uploads\\\/2024\\\/02\\\/Filtre-poussiere-dreamstation.jpeg\",\"contentUrl\":\"https:\\\/\\\/www.oxysphair.be\\\/wp-content\\\/uploads\\\/2024\\\/02\\\/Filtre-poussiere-dreamstation.jpeg\",\"width\":620,\"height\":620,\"caption\":\"Filtre poussieres philips dreamstation go\"},{\"@type\":\"BreadcrumbList\",\"@id\":\"https:\\\/\\\/www.oxysphair.be\\\/de\\\/produits\\\/schlafapnoe\\\/filtre-poussieres-reutilisable-philips-dreamstation-go-2-pieces\\\/#breadcrumb\",\"itemListElement\":[{\"@type\":\"ListItem\",\"position\":1,\"name\":\"Accueil\",\"item\":\"https:\\\/\\\/www.oxysphair.be\\\/de\\\/\"},{\"@type\":\"ListItem\",\"position\":2,\"name\":\"Produkte\",\"item\":\"https:\\\/\\\/www.oxysphair.be\\\/de\\\/shop-produkte\\\/\"},{\"@type\":\"ListItem\",\"position\":3,\"name\":\"Filtre poussi\u00e8res r\u00e9utilisable &#8211; Philips Dreamstation Go (2 pi\u00e8ces) &#8211; Philips &#8211; Respironics\"}]},{\"@type\":\"WebSite\",\"@id\":\"https:\\\/\\\/www.oxysphair.be\\\/de\\\/#website\",\"url\":\"https:\\\/\\\/www.oxysphair.be\\\/de\\\/\",\"name\":\"Oxysphair\",\"description\":\"\",\"potentialAction\":[{\"@type\":\"SearchAction\",\"target\":{\"@type\":\"EntryPoint\",\"urlTemplate\":\"https:\\\/\\\/www.oxysphair.be\\\/de\\\/?s={search_term_string}\"},\"query-input\":{\"@type\":\"PropertyValueSpecification\",\"valueRequired\":true,\"valueName\":\"search_term_string\"}}],\"inLanguage\":\"de\"}]}<\/script>\n<!-- \/ Yoast SEO plugin. -->","yoast_head_json":{"title":"Filtre poussi\u00e8res r\u00e9utilisable - Philips Dreamstation Go (2 pi\u00e8ces) - Philips - Respironics | Oxysphair","description":"Maintenez votre DreamStation GO optimale avec le pack de 2 filtres, con\u00e7u pour une qualit\u00e9 d'air am\u00e9lior\u00e9e et une performance durable de votre appareil.","robots":{"index":"index","follow":"follow","max-snippet":"max-snippet:-1","max-image-preview":"max-image-preview:large","max-video-preview":"max-video-preview:-1"},"canonical":"https:\/\/www.oxysphair.be\/de\/produits\/schlafapnoe\/filtre-poussieres-reutilisable-philips-dreamstation-go-2-pieces\/","og_locale":"de_DE","og_type":"article","og_title":"Filtre poussi\u00e8res r\u00e9utilisable - Philips Dreamstation Go (2 pi\u00e8ces) - Philips - Respironics | Oxysphair","og_description":"Maintenez votre DreamStation GO optimale avec le pack de 2 filtres, con\u00e7u pour une qualit\u00e9 d'air am\u00e9lior\u00e9e et une performance durable de votre appareil.","og_url":"https:\/\/www.oxysphair.be\/de\/produits\/schlafapnoe\/filtre-poussieres-reutilisable-philips-dreamstation-go-2-pieces\/","og_site_name":"Oxysphair","article_modified_time":"2026-04-08T10:22:14+00:00","og_image":[{"width":620,"height":620,"url":"https:\/\/www.oxysphair.be\/wp-content\/uploads\/2024\/02\/Filtre-poussiere-dreamstation.jpeg","type":"image\/jpeg"}],"twitter_card":"summary_large_image","twitter_misc":{"Gesch\u00e4tzte Lesezeit":"1\u00a0Minute"},"schema":{"@context":"https:\/\/schema.org","@graph":[{"@type":"WebPage","@id":"https:\/\/www.oxysphair.be\/de\/produits\/schlafapnoe\/filtre-poussieres-reutilisable-philips-dreamstation-go-2-pieces\/","url":"https:\/\/www.oxysphair.be\/de\/produits\/schlafapnoe\/filtre-poussieres-reutilisable-philips-dreamstation-go-2-pieces\/","name":"Filtre poussi\u00e8res r\u00e9utilisable - Philips Dreamstation Go (2 pi\u00e8ces) - Philips - Respironics | Oxysphair","isPartOf":{"@id":"https:\/\/www.oxysphair.be\/de\/#website"},"primaryImageOfPage":{"@id":"https:\/\/www.oxysphair.be\/de\/produits\/schlafapnoe\/filtre-poussieres-reutilisable-philips-dreamstation-go-2-pieces\/#primaryimage"},"image":{"@id":"https:\/\/www.oxysphair.be\/de\/produits\/schlafapnoe\/filtre-poussieres-reutilisable-philips-dreamstation-go-2-pieces\/#primaryimage"},"thumbnailUrl":"https:\/\/www.oxysphair.be\/wp-content\/uploads\/2024\/02\/Filtre-poussiere-dreamstation.jpeg","datePublished":"2024-02-06T16:14:59+00:00","dateModified":"2026-04-08T10:22:14+00:00","description":"Maintenez votre DreamStation GO optimale avec le pack de 2 filtres, con\u00e7u pour une qualit\u00e9 d'air am\u00e9lior\u00e9e et une performance durable de votre appareil.","breadcrumb":{"@id":"https:\/\/www.oxysphair.be\/de\/produits\/schlafapnoe\/filtre-poussieres-reutilisable-philips-dreamstation-go-2-pieces\/#breadcrumb"},"inLanguage":"de","potentialAction":[{"@type":"ReadAction","target":["https:\/\/www.oxysphair.be\/de\/produits\/schlafapnoe\/filtre-poussieres-reutilisable-philips-dreamstation-go-2-pieces\/"]}]},{"@type":"ImageObject","inLanguage":"de","@id":"https:\/\/www.oxysphair.be\/de\/produits\/schlafapnoe\/filtre-poussieres-reutilisable-philips-dreamstation-go-2-pieces\/#primaryimage","url":"https:\/\/www.oxysphair.be\/wp-content\/uploads\/2024\/02\/Filtre-poussiere-dreamstation.jpeg","contentUrl":"https:\/\/www.oxysphair.be\/wp-content\/uploads\/2024\/02\/Filtre-poussiere-dreamstation.jpeg","width":620,"height":620,"caption":"Filtre poussieres philips dreamstation go"},{"@type":"BreadcrumbList","@id":"https:\/\/www.oxysphair.be\/de\/produits\/schlafapnoe\/filtre-poussieres-reutilisable-philips-dreamstation-go-2-pieces\/#breadcrumb","itemListElement":[{"@type":"ListItem","position":1,"name":"Accueil","item":"https:\/\/www.oxysphair.be\/de\/"},{"@type":"ListItem","position":2,"name":"Produkte","item":"https:\/\/www.oxysphair.be\/de\/shop-produkte\/"},{"@type":"ListItem","position":3,"name":"Filtre poussi\u00e8res r\u00e9utilisable &#8211; Philips Dreamstation Go (2 pi\u00e8ces) &#8211; Philips &#8211; Respironics"}]},{"@type":"WebSite","@id":"https:\/\/www.oxysphair.be\/de\/#website","url":"https:\/\/www.oxysphair.be\/de\/","name":"Oxysphair","description":"","potentialAction":[{"@type":"SearchAction","target":{"@type":"EntryPoint","urlTemplate":"https:\/\/www.oxysphair.be\/de\/?s={search_term_string}"},"query-input":{"@type":"PropertyValueSpecification","valueRequired":true,"valueName":"search_term_string"}}],"inLanguage":"de"}]}},"_links":{"self":[{"href":"https:\/\/www.oxysphair.be\/de\/wp-json\/wp\/v2\/product\/253166","targetHints":{"allow":["GET"]}}],"collection":[{"href":"https:\/\/www.oxysphair.be\/de\/wp-json\/wp\/v2\/product"}],"about":[{"href":"https:\/\/www.oxysphair.be\/de\/wp-json\/wp\/v2\/types\/product"}],"replies":[{"embeddable":true,"href":"https:\/\/www.oxysphair.be\/de\/wp-json\/wp\/v2\/comments?post=253166"}],"wp:featuredmedia":[{"embeddable":true,"href":"https:\/\/www.oxysphair.be\/de\/wp-json\/wp\/v2\/media\/253627"}],"wp:attachment":[{"href":"https:\/\/www.oxysphair.be\/de\/wp-json\/wp\/v2\/media?parent=253166"}],"wp:term":[{"taxonomy":"product_brand","embeddable":true,"href":"https:\/\/www.oxysphair.be\/de\/wp-json\/wp\/v2\/product_brand?post=253166"},{"taxonomy":"product_cat","embeddable":true,"href":"https:\/\/www.oxysphair.be\/de\/wp-json\/wp\/v2\/product_cat?post=253166"},{"taxonomy":"product_tag","embeddable":true,"href":"https:\/\/www.oxysphair.be\/de\/wp-json\/wp\/v2\/product_tag?post=253166"}],"curies":[{"name":"wp","href":"https:\/\/api.w.org\/{rel}","templated":true}]}}