{"id":253168,"date":"2024-02-06T17:14:59","date_gmt":"2024-02-06T16:14:59","guid":{"rendered":"https:\/\/oxysphair.poush-dev.be\/?post_type=product&#038;p=253168"},"modified":"2026-04-12T22:22:17","modified_gmt":"2026-04-12T20:22:17","slug":"connexion-oxygene-tuyau-53-cm-2","status":"publish","type":"product","link":"https:\/\/www.oxysphair.be\/de\/produits\/sauerstofftherapie\/zubehor-fur-sauerstofftherapie\/connexion-oxygene-tuyau-53-cm-2\/","title":{"rendered":"Connexion Oxyg\u00e8ne tuyau 53 cm &#8211; Salter Labs"},"content":{"rendered":"","protected":false},"excerpt":{"rendered":"<ul>\n<li><span lang=\"fr\" xml:lang=\"fr\">Longueur 53 cm<\/span><\/li>\n<li><span lang=\"fr\" xml:lang=\"fr\">Tube adaptateur humidificateur-concentrateur<\/span><\/li>\n<li><span lang=\"fr\" xml:lang=\"fr\">Conduite d&#8217;alimentation en O2 \u00e0 3 canaux r\u00e9sistante \u00e0 l&#8217;\u00e9crasement<\/span><\/li>\n<li><span lang=\"fr\" xml:lang=\"fr\">Une extr\u00e9mit\u00e9 de connecteur nervur\u00e9e moul\u00e9e et une prise filet\u00e9e m\u00e2le<\/span><\/li>\n<li><span lang=\"fr\" xml:lang=\"fr\">La tubulure reste droite lorsqu&#8217;elle est d\u00e9roul\u00e9e, ce qui permet un plus grand confort et une plus grande commodit\u00e9 pour le patient<\/span><\/li>\n<\/ul>\n","protected":false},"featured_media":253608,"comment_status":"closed","ping_status":"closed","template":"","meta":{"_et_pb_use_builder":"","_et_pb_old_content":"","_et_gb_content_width":"","inline_featured_image":false},"product_brand":[156],"product_cat":[30],"product_tag":[],"class_list":{"0":"post-253168","1":"product","2":"type-product","3":"status-publish","4":"has-post-thumbnail","6":"product_brand-salter-labs","7":"product_cat-accessoires-concentrateur-oxygene","9":"first","10":"instock","11":"taxable","12":"shipping-taxable","13":"purchasable","14":"product-type-simple"},"acf":[],"yoast_head":"<!-- This site is optimized with the Yoast SEO plugin v27.3 - https:\/\/yoast.com\/product\/yoast-seo-wordpress\/ -->\n<title>Connexion Oxyg\u00e8ne tuyau 53 cm - Salter Labs | Oxysphair<\/title>\n<meta name=\"description\" content=\"Connectez facilement votre appareil d&#039;oxyg\u00e9noth\u00e9rapie avec le tuyau d&#039;oxyg\u00e8ne de 53 cm, con\u00e7u pour un confort et une commodit\u00e9 accrus pour le patient.\" \/>\n<meta name=\"robots\" content=\"index, follow, max-snippet:-1, max-image-preview:large, max-video-preview:-1\" \/>\n<link rel=\"canonical\" href=\"https:\/\/www.oxysphair.be\/de\/produits\/sauerstofftherapie\/zubehor-fur-sauerstofftherapie\/connexion-oxygene-tuyau-53-cm-2\/\" \/>\n<meta property=\"og:locale\" content=\"de_DE\" \/>\n<meta property=\"og:type\" content=\"article\" \/>\n<meta property=\"og:title\" content=\"Connexion Oxyg\u00e8ne tuyau 53 cm - Salter Labs | Oxysphair\" \/>\n<meta property=\"og:description\" content=\"Connectez facilement votre appareil d&#039;oxyg\u00e9noth\u00e9rapie avec le tuyau d&#039;oxyg\u00e8ne de 53 cm, con\u00e7u pour un confort et une commodit\u00e9 accrus pour le patient.\" \/>\n<meta property=\"og:url\" content=\"https:\/\/www.oxysphair.be\/de\/produits\/sauerstofftherapie\/zubehor-fur-sauerstofftherapie\/connexion-oxygene-tuyau-53-cm-2\/\" \/>\n<meta property=\"og:site_name\" content=\"Oxysphair\" \/>\n<meta property=\"article:modified_time\" content=\"2026-04-12T20:22:17+00:00\" \/>\n<meta property=\"og:image\" content=\"https:\/\/www.oxysphair.be\/wp-content\/uploads\/2024\/02\/connexion-oxygene-tuyau-53-cm-.jpeg\" \/>\n\t<meta property=\"og:image:width\" content=\"571\" \/>\n\t<meta property=\"og:image:height\" content=\"587\" \/>\n\t<meta property=\"og:image:type\" content=\"image\/jpeg\" \/>\n<meta name=\"twitter:card\" content=\"summary_large_image\" \/>\n<meta name=\"twitter:label1\" content=\"Gesch\u00e4tzte Lesezeit\" \/>\n\t<meta name=\"twitter:data1\" content=\"1\u00a0Minute\" \/>\n<script type=\"application\/ld+json\" class=\"yoast-schema-graph\">{\"@context\":\"https:\\\/\\\/schema.org\",\"@graph\":[{\"@type\":\"WebPage\",\"@id\":\"https:\\\/\\\/www.oxysphair.be\\\/de\\\/produits\\\/sauerstofftherapie\\\/zubehor-fur-sauerstofftherapie\\\/connexion-oxygene-tuyau-53-cm-2\\\/\",\"url\":\"https:\\\/\\\/www.oxysphair.be\\\/de\\\/produits\\\/sauerstofftherapie\\\/zubehor-fur-sauerstofftherapie\\\/connexion-oxygene-tuyau-53-cm-2\\\/\",\"name\":\"Connexion Oxyg\u00e8ne tuyau 53 cm - Salter Labs | Oxysphair\",\"isPartOf\":{\"@id\":\"https:\\\/\\\/www.oxysphair.be\\\/de\\\/#website\"},\"primaryImageOfPage\":{\"@id\":\"https:\\\/\\\/www.oxysphair.be\\\/de\\\/produits\\\/sauerstofftherapie\\\/zubehor-fur-sauerstofftherapie\\\/connexion-oxygene-tuyau-53-cm-2\\\/#primaryimage\"},\"image\":{\"@id\":\"https:\\\/\\\/www.oxysphair.be\\\/de\\\/produits\\\/sauerstofftherapie\\\/zubehor-fur-sauerstofftherapie\\\/connexion-oxygene-tuyau-53-cm-2\\\/#primaryimage\"},\"thumbnailUrl\":\"https:\\\/\\\/www.oxysphair.be\\\/wp-content\\\/uploads\\\/2024\\\/02\\\/connexion-oxygene-tuyau-53-cm-.jpeg\",\"datePublished\":\"2024-02-06T16:14:59+00:00\",\"dateModified\":\"2026-04-12T20:22:17+00:00\",\"description\":\"Connectez facilement votre appareil d'oxyg\u00e9noth\u00e9rapie avec le tuyau d'oxyg\u00e8ne de 53 cm, con\u00e7u pour un confort et une commodit\u00e9 accrus pour le patient.\",\"breadcrumb\":{\"@id\":\"https:\\\/\\\/www.oxysphair.be\\\/de\\\/produits\\\/sauerstofftherapie\\\/zubehor-fur-sauerstofftherapie\\\/connexion-oxygene-tuyau-53-cm-2\\\/#breadcrumb\"},\"inLanguage\":\"de\",\"potentialAction\":[{\"@type\":\"ReadAction\",\"target\":[\"https:\\\/\\\/www.oxysphair.be\\\/de\\\/produits\\\/sauerstofftherapie\\\/zubehor-fur-sauerstofftherapie\\\/connexion-oxygene-tuyau-53-cm-2\\\/\"]}]},{\"@type\":\"ImageObject\",\"inLanguage\":\"de\",\"@id\":\"https:\\\/\\\/www.oxysphair.be\\\/de\\\/produits\\\/sauerstofftherapie\\\/zubehor-fur-sauerstofftherapie\\\/connexion-oxygene-tuyau-53-cm-2\\\/#primaryimage\",\"url\":\"https:\\\/\\\/www.oxysphair.be\\\/wp-content\\\/uploads\\\/2024\\\/02\\\/connexion-oxygene-tuyau-53-cm-.jpeg\",\"contentUrl\":\"https:\\\/\\\/www.oxysphair.be\\\/wp-content\\\/uploads\\\/2024\\\/02\\\/connexion-oxygene-tuyau-53-cm-.jpeg\",\"width\":571,\"height\":587,\"caption\":\"tuyau d'oxygene\"},{\"@type\":\"BreadcrumbList\",\"@id\":\"https:\\\/\\\/www.oxysphair.be\\\/de\\\/produits\\\/sauerstofftherapie\\\/zubehor-fur-sauerstofftherapie\\\/connexion-oxygene-tuyau-53-cm-2\\\/#breadcrumb\",\"itemListElement\":[{\"@type\":\"ListItem\",\"position\":1,\"name\":\"Accueil\",\"item\":\"https:\\\/\\\/www.oxysphair.be\\\/de\\\/\"},{\"@type\":\"ListItem\",\"position\":2,\"name\":\"Produkte\",\"item\":\"https:\\\/\\\/www.oxysphair.be\\\/de\\\/shop-produkte\\\/\"},{\"@type\":\"ListItem\",\"position\":3,\"name\":\"Connexion Oxyg\u00e8ne tuyau 53 cm &#8211; Salter Labs\"}]},{\"@type\":\"WebSite\",\"@id\":\"https:\\\/\\\/www.oxysphair.be\\\/de\\\/#website\",\"url\":\"https:\\\/\\\/www.oxysphair.be\\\/de\\\/\",\"name\":\"Oxysphair\",\"description\":\"\",\"potentialAction\":[{\"@type\":\"SearchAction\",\"target\":{\"@type\":\"EntryPoint\",\"urlTemplate\":\"https:\\\/\\\/www.oxysphair.be\\\/de\\\/?s={search_term_string}\"},\"query-input\":{\"@type\":\"PropertyValueSpecification\",\"valueRequired\":true,\"valueName\":\"search_term_string\"}}],\"inLanguage\":\"de\"}]}<\/script>\n<!-- \/ Yoast SEO plugin. -->","yoast_head_json":{"title":"Connexion Oxyg\u00e8ne tuyau 53 cm - Salter Labs | Oxysphair","description":"Connectez facilement votre appareil d'oxyg\u00e9noth\u00e9rapie avec le tuyau d'oxyg\u00e8ne de 53 cm, con\u00e7u pour un confort et une commodit\u00e9 accrus pour le patient.","robots":{"index":"index","follow":"follow","max-snippet":"max-snippet:-1","max-image-preview":"max-image-preview:large","max-video-preview":"max-video-preview:-1"},"canonical":"https:\/\/www.oxysphair.be\/de\/produits\/sauerstofftherapie\/zubehor-fur-sauerstofftherapie\/connexion-oxygene-tuyau-53-cm-2\/","og_locale":"de_DE","og_type":"article","og_title":"Connexion Oxyg\u00e8ne tuyau 53 cm - Salter Labs | Oxysphair","og_description":"Connectez facilement votre appareil d'oxyg\u00e9noth\u00e9rapie avec le tuyau d'oxyg\u00e8ne de 53 cm, con\u00e7u pour un confort et une commodit\u00e9 accrus pour le patient.","og_url":"https:\/\/www.oxysphair.be\/de\/produits\/sauerstofftherapie\/zubehor-fur-sauerstofftherapie\/connexion-oxygene-tuyau-53-cm-2\/","og_site_name":"Oxysphair","article_modified_time":"2026-04-12T20:22:17+00:00","og_image":[{"width":571,"height":587,"url":"https:\/\/www.oxysphair.be\/wp-content\/uploads\/2024\/02\/connexion-oxygene-tuyau-53-cm-.jpeg","type":"image\/jpeg"}],"twitter_card":"summary_large_image","twitter_misc":{"Gesch\u00e4tzte Lesezeit":"1\u00a0Minute"},"schema":{"@context":"https:\/\/schema.org","@graph":[{"@type":"WebPage","@id":"https:\/\/www.oxysphair.be\/de\/produits\/sauerstofftherapie\/zubehor-fur-sauerstofftherapie\/connexion-oxygene-tuyau-53-cm-2\/","url":"https:\/\/www.oxysphair.be\/de\/produits\/sauerstofftherapie\/zubehor-fur-sauerstofftherapie\/connexion-oxygene-tuyau-53-cm-2\/","name":"Connexion Oxyg\u00e8ne tuyau 53 cm - Salter Labs | Oxysphair","isPartOf":{"@id":"https:\/\/www.oxysphair.be\/de\/#website"},"primaryImageOfPage":{"@id":"https:\/\/www.oxysphair.be\/de\/produits\/sauerstofftherapie\/zubehor-fur-sauerstofftherapie\/connexion-oxygene-tuyau-53-cm-2\/#primaryimage"},"image":{"@id":"https:\/\/www.oxysphair.be\/de\/produits\/sauerstofftherapie\/zubehor-fur-sauerstofftherapie\/connexion-oxygene-tuyau-53-cm-2\/#primaryimage"},"thumbnailUrl":"https:\/\/www.oxysphair.be\/wp-content\/uploads\/2024\/02\/connexion-oxygene-tuyau-53-cm-.jpeg","datePublished":"2024-02-06T16:14:59+00:00","dateModified":"2026-04-12T20:22:17+00:00","description":"Connectez facilement votre appareil d'oxyg\u00e9noth\u00e9rapie avec le tuyau d'oxyg\u00e8ne de 53 cm, con\u00e7u pour un confort et une commodit\u00e9 accrus pour le patient.","breadcrumb":{"@id":"https:\/\/www.oxysphair.be\/de\/produits\/sauerstofftherapie\/zubehor-fur-sauerstofftherapie\/connexion-oxygene-tuyau-53-cm-2\/#breadcrumb"},"inLanguage":"de","potentialAction":[{"@type":"ReadAction","target":["https:\/\/www.oxysphair.be\/de\/produits\/sauerstofftherapie\/zubehor-fur-sauerstofftherapie\/connexion-oxygene-tuyau-53-cm-2\/"]}]},{"@type":"ImageObject","inLanguage":"de","@id":"https:\/\/www.oxysphair.be\/de\/produits\/sauerstofftherapie\/zubehor-fur-sauerstofftherapie\/connexion-oxygene-tuyau-53-cm-2\/#primaryimage","url":"https:\/\/www.oxysphair.be\/wp-content\/uploads\/2024\/02\/connexion-oxygene-tuyau-53-cm-.jpeg","contentUrl":"https:\/\/www.oxysphair.be\/wp-content\/uploads\/2024\/02\/connexion-oxygene-tuyau-53-cm-.jpeg","width":571,"height":587,"caption":"tuyau d'oxygene"},{"@type":"BreadcrumbList","@id":"https:\/\/www.oxysphair.be\/de\/produits\/sauerstofftherapie\/zubehor-fur-sauerstofftherapie\/connexion-oxygene-tuyau-53-cm-2\/#breadcrumb","itemListElement":[{"@type":"ListItem","position":1,"name":"Accueil","item":"https:\/\/www.oxysphair.be\/de\/"},{"@type":"ListItem","position":2,"name":"Produkte","item":"https:\/\/www.oxysphair.be\/de\/shop-produkte\/"},{"@type":"ListItem","position":3,"name":"Connexion Oxyg\u00e8ne tuyau 53 cm &#8211; Salter Labs"}]},{"@type":"WebSite","@id":"https:\/\/www.oxysphair.be\/de\/#website","url":"https:\/\/www.oxysphair.be\/de\/","name":"Oxysphair","description":"","potentialAction":[{"@type":"SearchAction","target":{"@type":"EntryPoint","urlTemplate":"https:\/\/www.oxysphair.be\/de\/?s={search_term_string}"},"query-input":{"@type":"PropertyValueSpecification","valueRequired":true,"valueName":"search_term_string"}}],"inLanguage":"de"}]}},"_links":{"self":[{"href":"https:\/\/www.oxysphair.be\/de\/wp-json\/wp\/v2\/product\/253168","targetHints":{"allow":["GET"]}}],"collection":[{"href":"https:\/\/www.oxysphair.be\/de\/wp-json\/wp\/v2\/product"}],"about":[{"href":"https:\/\/www.oxysphair.be\/de\/wp-json\/wp\/v2\/types\/product"}],"replies":[{"embeddable":true,"href":"https:\/\/www.oxysphair.be\/de\/wp-json\/wp\/v2\/comments?post=253168"}],"wp:featuredmedia":[{"embeddable":true,"href":"https:\/\/www.oxysphair.be\/de\/wp-json\/wp\/v2\/media\/253608"}],"wp:attachment":[{"href":"https:\/\/www.oxysphair.be\/de\/wp-json\/wp\/v2\/media?parent=253168"}],"wp:term":[{"taxonomy":"product_brand","embeddable":true,"href":"https:\/\/www.oxysphair.be\/de\/wp-json\/wp\/v2\/product_brand?post=253168"},{"taxonomy":"product_cat","embeddable":true,"href":"https:\/\/www.oxysphair.be\/de\/wp-json\/wp\/v2\/product_cat?post=253168"},{"taxonomy":"product_tag","embeddable":true,"href":"https:\/\/www.oxysphair.be\/de\/wp-json\/wp\/v2\/product_tag?post=253168"}],"curies":[{"name":"wp","href":"https:\/\/api.w.org\/{rel}","templated":true}]}}