{"id":253173,"date":"2024-02-06T17:14:59","date_gmt":"2024-02-06T16:14:59","guid":{"rendered":"https:\/\/oxysphair.poush-dev.be\/?post_type=product&#038;p=253173"},"modified":"2026-04-12T14:22:20","modified_gmt":"2026-04-12T12:22:20","slug":"filtre-a-pollen-reutilisable-pour-cpap-dreamstation-2-1-piece","status":"publish","type":"product","link":"https:\/\/www.oxysphair.be\/de\/produits\/schlafapnoe\/filtre-a-pollen-reutilisable-pour-cpap-dreamstation-2-1-piece\/","title":{"rendered":"Filtre \u00e0 pollen r\u00e9utilisable pour CPAP Dreamstation 2 (1 pi\u00e8ce) &#8211; Philips &#8211; Respironics"},"content":{"rendered":"<p>Les filtres \u00e0 pollen en mousse de Philips Respironics sont n\u00e9cessaires pour une utilisation avec toutes les machines CPAP et BiPAP DreamStation 2.<br \/>\nLes machines DreamStation 2 ne doivent jamais fonctionner sans un filtre \u00e0 pollen en mousse en place.<\/p>\n<h2><\/h2>\n<h2>Utilisation<\/h2>\n<p><span lang=\"fr\" xml:lang=\"fr\">Ces filtres sont r\u00e9utilisables et doivent \u00eatre nettoy\u00e9s apr\u00e8s 2 semaines d&#8217;utilisation ou plus t\u00f4t s&#8217;ils semblent sales.<br \/>\nIls doivent \u00eatre remplac\u00e9s tous les 6 mois ou plus t\u00f4t s&#8217;ils semblent endommag\u00e9s.<\/span><\/p>\n<p><span lang=\"fr\" xml:lang=\"fr\">Pour obtenir des instructions compl\u00e8tes, consultez la documentation fournie avec votre \u00e9quipement.<\/span><\/p>\n<p><span lang=\"fr\" xml:lang=\"fr\">REMARQUE : Le mat\u00e9riau filtrant blanc est fix\u00e9 en permanence au bo\u00eetier du filtre en plastique gris. Ils ne sont pas con\u00e7us pour \u00eatre d\u00e9tach\u00e9s les uns des autres.<\/span><\/p>\n","protected":false},"excerpt":{"rendered":"<p>Ces filtres \u00e0 pollen en mousse r\u00e9utilisables sont fabriqu\u00e9s \u00e0 partir de fibres synth\u00e9tiques m\u00e9lang\u00e9es dans un support gris.<br \/>\nCe sont des filtres originaux de marque Philips Respironics compatibles avec toutes les machines DreamStation 2 CPAP et BiLevel.<\/p>\n","protected":false},"featured_media":253640,"comment_status":"closed","ping_status":"closed","template":"","meta":{"_et_pb_use_builder":"","_et_pb_old_content":"","_et_gb_content_width":"","inline_featured_image":false},"product_brand":[148],"product_cat":[24],"product_tag":[],"class_list":{"0":"post-253173","1":"product","2":"type-product","3":"status-publish","4":"has-post-thumbnail","6":"product_brand-philips-respironics","7":"product_cat-apnee-sommeil","9":"first","10":"instock","11":"taxable","12":"shipping-taxable","13":"purchasable","14":"product-type-simple"},"acf":[],"yoast_head":"<!-- This site is optimized with the Yoast SEO plugin v27.3 - https:\/\/yoast.com\/product\/yoast-seo-wordpress\/ -->\n<title>Filtre \u00e0 pollen r\u00e9utilisable pour CPAP Dreamstation 2 (1 pi\u00e8ce) - Philips - Respironics | Oxysphair<\/title>\n<meta name=\"description\" content=\"Prot\u00e9gez votre DreamStation 2 avec le filtre \u00e0 pollen r\u00e9utilisable, essentiel pour maintenir une qualit\u00e9 d&#039;air optimale. Facile \u00e0 nettoyer, durable.\" \/>\n<meta name=\"robots\" content=\"index, follow, max-snippet:-1, max-image-preview:large, max-video-preview:-1\" \/>\n<link rel=\"canonical\" href=\"https:\/\/www.oxysphair.be\/de\/produits\/schlafapnoe\/filtre-a-pollen-reutilisable-pour-cpap-dreamstation-2-1-piece\/\" \/>\n<meta property=\"og:locale\" content=\"de_DE\" \/>\n<meta property=\"og:type\" content=\"article\" \/>\n<meta property=\"og:title\" content=\"Filtre \u00e0 pollen r\u00e9utilisable pour CPAP Dreamstation 2 (1 pi\u00e8ce) - Philips - Respironics | Oxysphair\" \/>\n<meta property=\"og:description\" content=\"Prot\u00e9gez votre DreamStation 2 avec le filtre \u00e0 pollen r\u00e9utilisable, essentiel pour maintenir une qualit\u00e9 d&#039;air optimale. Facile \u00e0 nettoyer, durable.\" \/>\n<meta property=\"og:url\" content=\"https:\/\/www.oxysphair.be\/de\/produits\/schlafapnoe\/filtre-a-pollen-reutilisable-pour-cpap-dreamstation-2-1-piece\/\" \/>\n<meta property=\"og:site_name\" content=\"Oxysphair\" \/>\n<meta property=\"article:modified_time\" content=\"2026-04-12T12:22:20+00:00\" \/>\n<meta property=\"og:image\" content=\"https:\/\/www.oxysphair.be\/wp-content\/uploads\/2024\/02\/Filtre-pollen-reutilisable-cpap.jpeg\" \/>\n\t<meta property=\"og:image:width\" content=\"425\" \/>\n\t<meta property=\"og:image:height\" content=\"383\" \/>\n\t<meta property=\"og:image:type\" content=\"image\/jpeg\" \/>\n<meta name=\"twitter:card\" content=\"summary_large_image\" \/>\n<meta name=\"twitter:label1\" content=\"Gesch\u00e4tzte Lesezeit\" \/>\n\t<meta name=\"twitter:data1\" content=\"1\u00a0Minute\" \/>\n<script type=\"application\/ld+json\" class=\"yoast-schema-graph\">{\"@context\":\"https:\\\/\\\/schema.org\",\"@graph\":[{\"@type\":\"WebPage\",\"@id\":\"https:\\\/\\\/www.oxysphair.be\\\/de\\\/produits\\\/schlafapnoe\\\/filtre-a-pollen-reutilisable-pour-cpap-dreamstation-2-1-piece\\\/\",\"url\":\"https:\\\/\\\/www.oxysphair.be\\\/de\\\/produits\\\/schlafapnoe\\\/filtre-a-pollen-reutilisable-pour-cpap-dreamstation-2-1-piece\\\/\",\"name\":\"Filtre \u00e0 pollen r\u00e9utilisable pour CPAP Dreamstation 2 (1 pi\u00e8ce) - Philips - Respironics | Oxysphair\",\"isPartOf\":{\"@id\":\"https:\\\/\\\/www.oxysphair.be\\\/de\\\/#website\"},\"primaryImageOfPage\":{\"@id\":\"https:\\\/\\\/www.oxysphair.be\\\/de\\\/produits\\\/schlafapnoe\\\/filtre-a-pollen-reutilisable-pour-cpap-dreamstation-2-1-piece\\\/#primaryimage\"},\"image\":{\"@id\":\"https:\\\/\\\/www.oxysphair.be\\\/de\\\/produits\\\/schlafapnoe\\\/filtre-a-pollen-reutilisable-pour-cpap-dreamstation-2-1-piece\\\/#primaryimage\"},\"thumbnailUrl\":\"https:\\\/\\\/www.oxysphair.be\\\/wp-content\\\/uploads\\\/2024\\\/02\\\/Filtre-pollen-reutilisable-cpap.jpeg\",\"datePublished\":\"2024-02-06T16:14:59+00:00\",\"dateModified\":\"2026-04-12T12:22:20+00:00\",\"description\":\"Prot\u00e9gez votre DreamStation 2 avec le filtre \u00e0 pollen r\u00e9utilisable, essentiel pour maintenir une qualit\u00e9 d'air optimale. Facile \u00e0 nettoyer, durable.\",\"breadcrumb\":{\"@id\":\"https:\\\/\\\/www.oxysphair.be\\\/de\\\/produits\\\/schlafapnoe\\\/filtre-a-pollen-reutilisable-pour-cpap-dreamstation-2-1-piece\\\/#breadcrumb\"},\"inLanguage\":\"de\",\"potentialAction\":[{\"@type\":\"ReadAction\",\"target\":[\"https:\\\/\\\/www.oxysphair.be\\\/de\\\/produits\\\/schlafapnoe\\\/filtre-a-pollen-reutilisable-pour-cpap-dreamstation-2-1-piece\\\/\"]}]},{\"@type\":\"ImageObject\",\"inLanguage\":\"de\",\"@id\":\"https:\\\/\\\/www.oxysphair.be\\\/de\\\/produits\\\/schlafapnoe\\\/filtre-a-pollen-reutilisable-pour-cpap-dreamstation-2-1-piece\\\/#primaryimage\",\"url\":\"https:\\\/\\\/www.oxysphair.be\\\/wp-content\\\/uploads\\\/2024\\\/02\\\/Filtre-pollen-reutilisable-cpap.jpeg\",\"contentUrl\":\"https:\\\/\\\/www.oxysphair.be\\\/wp-content\\\/uploads\\\/2024\\\/02\\\/Filtre-pollen-reutilisable-cpap.jpeg\",\"width\":425,\"height\":383,\"caption\":\"Filtre \u00e0 pollen reutilisable cpap Philips Dreamstation 2\"},{\"@type\":\"BreadcrumbList\",\"@id\":\"https:\\\/\\\/www.oxysphair.be\\\/de\\\/produits\\\/schlafapnoe\\\/filtre-a-pollen-reutilisable-pour-cpap-dreamstation-2-1-piece\\\/#breadcrumb\",\"itemListElement\":[{\"@type\":\"ListItem\",\"position\":1,\"name\":\"Accueil\",\"item\":\"https:\\\/\\\/www.oxysphair.be\\\/de\\\/\"},{\"@type\":\"ListItem\",\"position\":2,\"name\":\"Produkte\",\"item\":\"https:\\\/\\\/www.oxysphair.be\\\/de\\\/shop-produkte\\\/\"},{\"@type\":\"ListItem\",\"position\":3,\"name\":\"Filtre \u00e0 pollen r\u00e9utilisable pour CPAP Dreamstation 2 (1 pi\u00e8ce) &#8211; Philips &#8211; Respironics\"}]},{\"@type\":\"WebSite\",\"@id\":\"https:\\\/\\\/www.oxysphair.be\\\/de\\\/#website\",\"url\":\"https:\\\/\\\/www.oxysphair.be\\\/de\\\/\",\"name\":\"Oxysphair\",\"description\":\"\",\"potentialAction\":[{\"@type\":\"SearchAction\",\"target\":{\"@type\":\"EntryPoint\",\"urlTemplate\":\"https:\\\/\\\/www.oxysphair.be\\\/de\\\/?s={search_term_string}\"},\"query-input\":{\"@type\":\"PropertyValueSpecification\",\"valueRequired\":true,\"valueName\":\"search_term_string\"}}],\"inLanguage\":\"de\"}]}<\/script>\n<!-- \/ Yoast SEO plugin. -->","yoast_head_json":{"title":"Filtre \u00e0 pollen r\u00e9utilisable pour CPAP Dreamstation 2 (1 pi\u00e8ce) - Philips - Respironics | Oxysphair","description":"Prot\u00e9gez votre DreamStation 2 avec le filtre \u00e0 pollen r\u00e9utilisable, essentiel pour maintenir une qualit\u00e9 d'air optimale. Facile \u00e0 nettoyer, durable.","robots":{"index":"index","follow":"follow","max-snippet":"max-snippet:-1","max-image-preview":"max-image-preview:large","max-video-preview":"max-video-preview:-1"},"canonical":"https:\/\/www.oxysphair.be\/de\/produits\/schlafapnoe\/filtre-a-pollen-reutilisable-pour-cpap-dreamstation-2-1-piece\/","og_locale":"de_DE","og_type":"article","og_title":"Filtre \u00e0 pollen r\u00e9utilisable pour CPAP Dreamstation 2 (1 pi\u00e8ce) - Philips - Respironics | Oxysphair","og_description":"Prot\u00e9gez votre DreamStation 2 avec le filtre \u00e0 pollen r\u00e9utilisable, essentiel pour maintenir une qualit\u00e9 d'air optimale. Facile \u00e0 nettoyer, durable.","og_url":"https:\/\/www.oxysphair.be\/de\/produits\/schlafapnoe\/filtre-a-pollen-reutilisable-pour-cpap-dreamstation-2-1-piece\/","og_site_name":"Oxysphair","article_modified_time":"2026-04-12T12:22:20+00:00","og_image":[{"width":425,"height":383,"url":"https:\/\/www.oxysphair.be\/wp-content\/uploads\/2024\/02\/Filtre-pollen-reutilisable-cpap.jpeg","type":"image\/jpeg"}],"twitter_card":"summary_large_image","twitter_misc":{"Gesch\u00e4tzte Lesezeit":"1\u00a0Minute"},"schema":{"@context":"https:\/\/schema.org","@graph":[{"@type":"WebPage","@id":"https:\/\/www.oxysphair.be\/de\/produits\/schlafapnoe\/filtre-a-pollen-reutilisable-pour-cpap-dreamstation-2-1-piece\/","url":"https:\/\/www.oxysphair.be\/de\/produits\/schlafapnoe\/filtre-a-pollen-reutilisable-pour-cpap-dreamstation-2-1-piece\/","name":"Filtre \u00e0 pollen r\u00e9utilisable pour CPAP Dreamstation 2 (1 pi\u00e8ce) - Philips - Respironics | Oxysphair","isPartOf":{"@id":"https:\/\/www.oxysphair.be\/de\/#website"},"primaryImageOfPage":{"@id":"https:\/\/www.oxysphair.be\/de\/produits\/schlafapnoe\/filtre-a-pollen-reutilisable-pour-cpap-dreamstation-2-1-piece\/#primaryimage"},"image":{"@id":"https:\/\/www.oxysphair.be\/de\/produits\/schlafapnoe\/filtre-a-pollen-reutilisable-pour-cpap-dreamstation-2-1-piece\/#primaryimage"},"thumbnailUrl":"https:\/\/www.oxysphair.be\/wp-content\/uploads\/2024\/02\/Filtre-pollen-reutilisable-cpap.jpeg","datePublished":"2024-02-06T16:14:59+00:00","dateModified":"2026-04-12T12:22:20+00:00","description":"Prot\u00e9gez votre DreamStation 2 avec le filtre \u00e0 pollen r\u00e9utilisable, essentiel pour maintenir une qualit\u00e9 d'air optimale. Facile \u00e0 nettoyer, durable.","breadcrumb":{"@id":"https:\/\/www.oxysphair.be\/de\/produits\/schlafapnoe\/filtre-a-pollen-reutilisable-pour-cpap-dreamstation-2-1-piece\/#breadcrumb"},"inLanguage":"de","potentialAction":[{"@type":"ReadAction","target":["https:\/\/www.oxysphair.be\/de\/produits\/schlafapnoe\/filtre-a-pollen-reutilisable-pour-cpap-dreamstation-2-1-piece\/"]}]},{"@type":"ImageObject","inLanguage":"de","@id":"https:\/\/www.oxysphair.be\/de\/produits\/schlafapnoe\/filtre-a-pollen-reutilisable-pour-cpap-dreamstation-2-1-piece\/#primaryimage","url":"https:\/\/www.oxysphair.be\/wp-content\/uploads\/2024\/02\/Filtre-pollen-reutilisable-cpap.jpeg","contentUrl":"https:\/\/www.oxysphair.be\/wp-content\/uploads\/2024\/02\/Filtre-pollen-reutilisable-cpap.jpeg","width":425,"height":383,"caption":"Filtre \u00e0 pollen reutilisable cpap Philips Dreamstation 2"},{"@type":"BreadcrumbList","@id":"https:\/\/www.oxysphair.be\/de\/produits\/schlafapnoe\/filtre-a-pollen-reutilisable-pour-cpap-dreamstation-2-1-piece\/#breadcrumb","itemListElement":[{"@type":"ListItem","position":1,"name":"Accueil","item":"https:\/\/www.oxysphair.be\/de\/"},{"@type":"ListItem","position":2,"name":"Produkte","item":"https:\/\/www.oxysphair.be\/de\/shop-produkte\/"},{"@type":"ListItem","position":3,"name":"Filtre \u00e0 pollen r\u00e9utilisable pour CPAP Dreamstation 2 (1 pi\u00e8ce) &#8211; Philips &#8211; Respironics"}]},{"@type":"WebSite","@id":"https:\/\/www.oxysphair.be\/de\/#website","url":"https:\/\/www.oxysphair.be\/de\/","name":"Oxysphair","description":"","potentialAction":[{"@type":"SearchAction","target":{"@type":"EntryPoint","urlTemplate":"https:\/\/www.oxysphair.be\/de\/?s={search_term_string}"},"query-input":{"@type":"PropertyValueSpecification","valueRequired":true,"valueName":"search_term_string"}}],"inLanguage":"de"}]}},"_links":{"self":[{"href":"https:\/\/www.oxysphair.be\/de\/wp-json\/wp\/v2\/product\/253173","targetHints":{"allow":["GET"]}}],"collection":[{"href":"https:\/\/www.oxysphair.be\/de\/wp-json\/wp\/v2\/product"}],"about":[{"href":"https:\/\/www.oxysphair.be\/de\/wp-json\/wp\/v2\/types\/product"}],"replies":[{"embeddable":true,"href":"https:\/\/www.oxysphair.be\/de\/wp-json\/wp\/v2\/comments?post=253173"}],"wp:featuredmedia":[{"embeddable":true,"href":"https:\/\/www.oxysphair.be\/de\/wp-json\/wp\/v2\/media\/253640"}],"wp:attachment":[{"href":"https:\/\/www.oxysphair.be\/de\/wp-json\/wp\/v2\/media?parent=253173"}],"wp:term":[{"taxonomy":"product_brand","embeddable":true,"href":"https:\/\/www.oxysphair.be\/de\/wp-json\/wp\/v2\/product_brand?post=253173"},{"taxonomy":"product_cat","embeddable":true,"href":"https:\/\/www.oxysphair.be\/de\/wp-json\/wp\/v2\/product_cat?post=253173"},{"taxonomy":"product_tag","embeddable":true,"href":"https:\/\/www.oxysphair.be\/de\/wp-json\/wp\/v2\/product_tag?post=253173"}],"curies":[{"name":"wp","href":"https:\/\/api.w.org\/{rel}","templated":true}]}}