{"id":253183,"date":"2024-02-06T17:15:01","date_gmt":"2024-02-06T16:15:01","guid":{"rendered":"https:\/\/oxysphair.poush-dev.be\/?post_type=product&#038;p=253183"},"modified":"2026-04-29T02:22:27","modified_gmt":"2026-04-29T00:22:27","slug":"prisma-aqua-humidificateur-chauffant-blanc","status":"publish","type":"product","link":"https:\/\/www.oxysphair.be\/de\/produits\/schlafapnoe\/cpap-zubehor\/prisma-aqua-humidificateur-chauffant-blanc\/","title":{"rendered":"Prisma Aqua Humidificateur chauffant (Blanc) &#8211; L\u00f6wenstein"},"content":{"rendered":"","protected":false},"excerpt":{"rendered":"<div class=\"product-detail-main row mb-3\">\n<div class=\"col-12 col-md-8 mt-3 mt-md-0 details\">\n<div class=\"clearfix text-formatted field field--name-body field--type-text-with-summary field--label-hidden field__item\">\n<p>L\u2019humidificateur hautes performances Prisma Aqua est pr\u00e9vu pour \u00eatre utilis\u00e9 conjointement avec la gamme prismaLINE, les appareils de th\u00e9rapie de l\u2019apn\u00e9e du sommeil haut de gamme de L\u00f6wenstein Medical.<br \/>\nAvec fonction de pr\u00e9chauffage pratique et tuyau respiratoire chauffant en option.<\/p>\n<p><em>Inclus :<\/em><\/p>\n<ul>\n<li>Humidificateur L\u00f6wenstein Medical prismaAQUA<\/li>\n<li>Manuel d&#8217;utilisation.<\/li>\n<\/ul>\n<\/div>\n<\/div>\n<\/div>\n<div class=\"product-detail-tabs row my-5\">\n<div class=\"col-12\">\n<div class=\"bootstrap-tabs\">\n<ul id=\"product-tabs\" class=\"nav nav-tabs\" role=\"tablist\"><\/ul>\n<div id=\"product-tabs-content\" class=\"tab-content\">\n<div id=\"tab-content-product-tabs-0\" class=\"tab-pane fade show active\" role=\"tabpanel\" aria-labelledby=\"tab-product-tabs-0\">\n<div class=\"clearfix text-formatted field field--name-field-specs field--type-text-long field--label-hidden field__item\"><\/div>\n<\/div>\n<\/div>\n<\/div>\n<\/div>\n<\/div>\n","protected":false},"featured_media":253537,"comment_status":"closed","ping_status":"closed","template":"","meta":{"_et_pb_use_builder":"","_et_pb_old_content":"","_et_gb_content_width":"","inline_featured_image":false},"product_brand":[145],"product_cat":[28],"product_tag":[],"class_list":{"0":"post-253183","1":"product","2":"type-product","3":"status-publish","4":"has-post-thumbnail","6":"product_brand-loewenstein","7":"product_cat-accessoires-cpap","8":"pa_brand-loewenstein","10":"first","11":"instock","12":"taxable","13":"shipping-taxable","14":"purchasable","15":"product-type-simple"},"acf":[],"yoast_head":"<!-- This site is optimized with the Yoast SEO plugin v27.5 - https:\/\/yoast.com\/product\/yoast-seo-wordpress\/ -->\n<title>Prisma Aqua - Humidificateur chauffant blanc pour CPAP \/ PPC<\/title>\n<meta name=\"description\" content=\"Optez pour l&#039;humidificateur chauffant Prisma Aqua pour CPAP\/PPC de la ligne Prisma de Loewenstein Medical. Commandez ici au meilleur prix\u202f!\" \/>\n<meta name=\"robots\" content=\"index, follow, max-snippet:-1, max-image-preview:large, max-video-preview:-1\" \/>\n<link rel=\"canonical\" href=\"https:\/\/www.oxysphair.be\/de\/produits\/schlafapnoe\/cpap-zubehor\/prisma-aqua-humidificateur-chauffant-blanc\/\" \/>\n<meta property=\"og:locale\" content=\"de_DE\" \/>\n<meta property=\"og:type\" content=\"article\" \/>\n<meta property=\"og:title\" content=\"Prisma Aqua - Humidificateur chauffant blanc pour CPAP \/ PPC\" \/>\n<meta property=\"og:description\" content=\"Optez pour l&#039;humidificateur chauffant Prisma Aqua pour CPAP\/PPC de la ligne Prisma de Loewenstein Medical. Commandez ici au meilleur prix\u202f!\" \/>\n<meta property=\"og:url\" content=\"https:\/\/www.oxysphair.be\/de\/produits\/schlafapnoe\/cpap-zubehor\/prisma-aqua-humidificateur-chauffant-blanc\/\" \/>\n<meta property=\"og:site_name\" content=\"Oxysphair\" \/>\n<meta property=\"article:modified_time\" content=\"2026-04-29T00:22:27+00:00\" \/>\n<meta property=\"og:image\" content=\"https:\/\/www.oxysphair.be\/wp-content\/uploads\/2024\/02\/loewenstein-medical-prisma-aqua-humidificateur-chauffant-blanc.webp\" \/>\n\t<meta property=\"og:image:width\" content=\"600\" \/>\n\t<meta property=\"og:image:height\" content=\"600\" \/>\n\t<meta property=\"og:image:type\" content=\"image\/webp\" \/>\n<meta name=\"twitter:card\" content=\"summary_large_image\" \/>\n<meta name=\"twitter:label1\" content=\"Gesch\u00e4tzte Lesezeit\" \/>\n\t<meta name=\"twitter:data1\" content=\"1\u00a0Minute\" \/>\n<script type=\"application\/ld+json\" class=\"yoast-schema-graph\">{\"@context\":\"https:\\\/\\\/schema.org\",\"@graph\":[{\"@type\":\"WebPage\",\"@id\":\"https:\\\/\\\/www.oxysphair.be\\\/de\\\/produits\\\/schlafapnoe\\\/cpap-zubehor\\\/prisma-aqua-humidificateur-chauffant-blanc\\\/\",\"url\":\"https:\\\/\\\/www.oxysphair.be\\\/de\\\/produits\\\/schlafapnoe\\\/cpap-zubehor\\\/prisma-aqua-humidificateur-chauffant-blanc\\\/\",\"name\":\"Prisma Aqua - Humidificateur chauffant blanc pour CPAP \\\/ PPC\",\"isPartOf\":{\"@id\":\"https:\\\/\\\/www.oxysphair.be\\\/de\\\/#website\"},\"primaryImageOfPage\":{\"@id\":\"https:\\\/\\\/www.oxysphair.be\\\/de\\\/produits\\\/schlafapnoe\\\/cpap-zubehor\\\/prisma-aqua-humidificateur-chauffant-blanc\\\/#primaryimage\"},\"image\":{\"@id\":\"https:\\\/\\\/www.oxysphair.be\\\/de\\\/produits\\\/schlafapnoe\\\/cpap-zubehor\\\/prisma-aqua-humidificateur-chauffant-blanc\\\/#primaryimage\"},\"thumbnailUrl\":\"https:\\\/\\\/www.oxysphair.be\\\/wp-content\\\/uploads\\\/2024\\\/02\\\/loewenstein-medical-prisma-aqua-humidificateur-chauffant-blanc.webp\",\"datePublished\":\"2024-02-06T16:15:01+00:00\",\"dateModified\":\"2026-04-29T00:22:27+00:00\",\"description\":\"Optez pour l'humidificateur chauffant Prisma Aqua pour CPAP\\\/PPC de la ligne Prisma de Loewenstein Medical. Commandez ici au meilleur prix\u202f!\",\"breadcrumb\":{\"@id\":\"https:\\\/\\\/www.oxysphair.be\\\/de\\\/produits\\\/schlafapnoe\\\/cpap-zubehor\\\/prisma-aqua-humidificateur-chauffant-blanc\\\/#breadcrumb\"},\"inLanguage\":\"de\",\"potentialAction\":[{\"@type\":\"ReadAction\",\"target\":[\"https:\\\/\\\/www.oxysphair.be\\\/de\\\/produits\\\/schlafapnoe\\\/cpap-zubehor\\\/prisma-aqua-humidificateur-chauffant-blanc\\\/\"]}]},{\"@type\":\"ImageObject\",\"inLanguage\":\"de\",\"@id\":\"https:\\\/\\\/www.oxysphair.be\\\/de\\\/produits\\\/schlafapnoe\\\/cpap-zubehor\\\/prisma-aqua-humidificateur-chauffant-blanc\\\/#primaryimage\",\"url\":\"https:\\\/\\\/www.oxysphair.be\\\/wp-content\\\/uploads\\\/2024\\\/02\\\/loewenstein-medical-prisma-aqua-humidificateur-chauffant-blanc.webp\",\"contentUrl\":\"https:\\\/\\\/www.oxysphair.be\\\/wp-content\\\/uploads\\\/2024\\\/02\\\/loewenstein-medical-prisma-aqua-humidificateur-chauffant-blanc.webp\",\"width\":600,\"height\":600,\"caption\":\"Prisma Aqua humidificateur chauffant blanc\"},{\"@type\":\"BreadcrumbList\",\"@id\":\"https:\\\/\\\/www.oxysphair.be\\\/de\\\/produits\\\/schlafapnoe\\\/cpap-zubehor\\\/prisma-aqua-humidificateur-chauffant-blanc\\\/#breadcrumb\",\"itemListElement\":[{\"@type\":\"ListItem\",\"position\":1,\"name\":\"Accueil\",\"item\":\"https:\\\/\\\/www.oxysphair.be\\\/de\\\/\"},{\"@type\":\"ListItem\",\"position\":2,\"name\":\"Produkte\",\"item\":\"https:\\\/\\\/www.oxysphair.be\\\/de\\\/shop-produkte\\\/\"},{\"@type\":\"ListItem\",\"position\":3,\"name\":\"Prisma Aqua Humidificateur chauffant (Blanc) &#8211; L\u00f6wenstein\"}]},{\"@type\":\"WebSite\",\"@id\":\"https:\\\/\\\/www.oxysphair.be\\\/de\\\/#website\",\"url\":\"https:\\\/\\\/www.oxysphair.be\\\/de\\\/\",\"name\":\"Oxysphair\",\"description\":\"\",\"potentialAction\":[{\"@type\":\"SearchAction\",\"target\":{\"@type\":\"EntryPoint\",\"urlTemplate\":\"https:\\\/\\\/www.oxysphair.be\\\/de\\\/?s={search_term_string}\"},\"query-input\":{\"@type\":\"PropertyValueSpecification\",\"valueRequired\":true,\"valueName\":\"search_term_string\"}}],\"inLanguage\":\"de\"}]}<\/script>\n<!-- \/ Yoast SEO plugin. -->","yoast_head_json":{"title":"Prisma Aqua - Humidificateur chauffant blanc pour CPAP \/ PPC","description":"Optez pour l'humidificateur chauffant Prisma Aqua pour CPAP\/PPC de la ligne Prisma de Loewenstein Medical. Commandez ici au meilleur prix\u202f!","robots":{"index":"index","follow":"follow","max-snippet":"max-snippet:-1","max-image-preview":"max-image-preview:large","max-video-preview":"max-video-preview:-1"},"canonical":"https:\/\/www.oxysphair.be\/de\/produits\/schlafapnoe\/cpap-zubehor\/prisma-aqua-humidificateur-chauffant-blanc\/","og_locale":"de_DE","og_type":"article","og_title":"Prisma Aqua - Humidificateur chauffant blanc pour CPAP \/ PPC","og_description":"Optez pour l'humidificateur chauffant Prisma Aqua pour CPAP\/PPC de la ligne Prisma de Loewenstein Medical. Commandez ici au meilleur prix\u202f!","og_url":"https:\/\/www.oxysphair.be\/de\/produits\/schlafapnoe\/cpap-zubehor\/prisma-aqua-humidificateur-chauffant-blanc\/","og_site_name":"Oxysphair","article_modified_time":"2026-04-29T00:22:27+00:00","og_image":[{"width":600,"height":600,"url":"https:\/\/www.oxysphair.be\/wp-content\/uploads\/2024\/02\/loewenstein-medical-prisma-aqua-humidificateur-chauffant-blanc.webp","type":"image\/webp"}],"twitter_card":"summary_large_image","twitter_misc":{"Gesch\u00e4tzte Lesezeit":"1\u00a0Minute"},"schema":{"@context":"https:\/\/schema.org","@graph":[{"@type":"WebPage","@id":"https:\/\/www.oxysphair.be\/de\/produits\/schlafapnoe\/cpap-zubehor\/prisma-aqua-humidificateur-chauffant-blanc\/","url":"https:\/\/www.oxysphair.be\/de\/produits\/schlafapnoe\/cpap-zubehor\/prisma-aqua-humidificateur-chauffant-blanc\/","name":"Prisma Aqua - Humidificateur chauffant blanc pour CPAP \/ PPC","isPartOf":{"@id":"https:\/\/www.oxysphair.be\/de\/#website"},"primaryImageOfPage":{"@id":"https:\/\/www.oxysphair.be\/de\/produits\/schlafapnoe\/cpap-zubehor\/prisma-aqua-humidificateur-chauffant-blanc\/#primaryimage"},"image":{"@id":"https:\/\/www.oxysphair.be\/de\/produits\/schlafapnoe\/cpap-zubehor\/prisma-aqua-humidificateur-chauffant-blanc\/#primaryimage"},"thumbnailUrl":"https:\/\/www.oxysphair.be\/wp-content\/uploads\/2024\/02\/loewenstein-medical-prisma-aqua-humidificateur-chauffant-blanc.webp","datePublished":"2024-02-06T16:15:01+00:00","dateModified":"2026-04-29T00:22:27+00:00","description":"Optez pour l'humidificateur chauffant Prisma Aqua pour CPAP\/PPC de la ligne Prisma de Loewenstein Medical. Commandez ici au meilleur prix\u202f!","breadcrumb":{"@id":"https:\/\/www.oxysphair.be\/de\/produits\/schlafapnoe\/cpap-zubehor\/prisma-aqua-humidificateur-chauffant-blanc\/#breadcrumb"},"inLanguage":"de","potentialAction":[{"@type":"ReadAction","target":["https:\/\/www.oxysphair.be\/de\/produits\/schlafapnoe\/cpap-zubehor\/prisma-aqua-humidificateur-chauffant-blanc\/"]}]},{"@type":"ImageObject","inLanguage":"de","@id":"https:\/\/www.oxysphair.be\/de\/produits\/schlafapnoe\/cpap-zubehor\/prisma-aqua-humidificateur-chauffant-blanc\/#primaryimage","url":"https:\/\/www.oxysphair.be\/wp-content\/uploads\/2024\/02\/loewenstein-medical-prisma-aqua-humidificateur-chauffant-blanc.webp","contentUrl":"https:\/\/www.oxysphair.be\/wp-content\/uploads\/2024\/02\/loewenstein-medical-prisma-aqua-humidificateur-chauffant-blanc.webp","width":600,"height":600,"caption":"Prisma Aqua humidificateur chauffant blanc"},{"@type":"BreadcrumbList","@id":"https:\/\/www.oxysphair.be\/de\/produits\/schlafapnoe\/cpap-zubehor\/prisma-aqua-humidificateur-chauffant-blanc\/#breadcrumb","itemListElement":[{"@type":"ListItem","position":1,"name":"Accueil","item":"https:\/\/www.oxysphair.be\/de\/"},{"@type":"ListItem","position":2,"name":"Produkte","item":"https:\/\/www.oxysphair.be\/de\/shop-produkte\/"},{"@type":"ListItem","position":3,"name":"Prisma Aqua Humidificateur chauffant (Blanc) &#8211; L\u00f6wenstein"}]},{"@type":"WebSite","@id":"https:\/\/www.oxysphair.be\/de\/#website","url":"https:\/\/www.oxysphair.be\/de\/","name":"Oxysphair","description":"","potentialAction":[{"@type":"SearchAction","target":{"@type":"EntryPoint","urlTemplate":"https:\/\/www.oxysphair.be\/de\/?s={search_term_string}"},"query-input":{"@type":"PropertyValueSpecification","valueRequired":true,"valueName":"search_term_string"}}],"inLanguage":"de"}]}},"_links":{"self":[{"href":"https:\/\/www.oxysphair.be\/de\/wp-json\/wp\/v2\/product\/253183","targetHints":{"allow":["GET"]}}],"collection":[{"href":"https:\/\/www.oxysphair.be\/de\/wp-json\/wp\/v2\/product"}],"about":[{"href":"https:\/\/www.oxysphair.be\/de\/wp-json\/wp\/v2\/types\/product"}],"replies":[{"embeddable":true,"href":"https:\/\/www.oxysphair.be\/de\/wp-json\/wp\/v2\/comments?post=253183"}],"wp:featuredmedia":[{"embeddable":true,"href":"https:\/\/www.oxysphair.be\/de\/wp-json\/wp\/v2\/media\/253537"}],"wp:attachment":[{"href":"https:\/\/www.oxysphair.be\/de\/wp-json\/wp\/v2\/media?parent=253183"}],"wp:term":[{"taxonomy":"product_brand","embeddable":true,"href":"https:\/\/www.oxysphair.be\/de\/wp-json\/wp\/v2\/product_brand?post=253183"},{"taxonomy":"product_cat","embeddable":true,"href":"https:\/\/www.oxysphair.be\/de\/wp-json\/wp\/v2\/product_cat?post=253183"},{"taxonomy":"product_tag","embeddable":true,"href":"https:\/\/www.oxysphair.be\/de\/wp-json\/wp\/v2\/product_tag?post=253183"}],"curies":[{"name":"wp","href":"https:\/\/api.w.org\/{rel}","templated":true}]}}