{"id":253185,"date":"2024-02-06T17:15:01","date_gmt":"2024-02-06T16:15:01","guid":{"rendered":"https:\/\/oxysphair.poush-dev.be\/?post_type=product&#038;p=253185"},"modified":"2026-05-13T16:22:29","modified_gmt":"2026-05-13T14:22:29","slug":"dreamwisp-nasal-fitpack","status":"publish","type":"product","link":"https:\/\/www.oxysphair.be\/de\/produits\/schlafapnoe\/cpap-masken\/nasal-de\/dreamwisp-nasal-fitpack\/","title":{"rendered":"Masque nasal DreamWisp FitPack &#8211; Philips &#8211; Respironics"},"content":{"rendered":"<p>DreamWisp combine le circuit sur le haut de la t\u00eate du DreamWear et le maintien \u00e9prouv\u00e9 par sa technologie du mini format nasal Wisp<\/p>\n<p><span lang=\"fr\" xml:lang=\"fr\">DreamWisp a \u00e9t\u00e9 con\u00e7u pour aider les patients \u00e0 dormir confortablement. L&#8217;association de la libert\u00e9 de la conception r\u00e9volutionnaire du tube sup\u00e9rieur de DreamWear avec le coussin d&#8217;\u00e9tanch\u00e9it\u00e9 automatique sur le nez \u00e9prouv\u00e9 de Wisp cr\u00e9e un masque qui permet aux patients de dormir comme ils le souhaitent sans que le tube frontal ne g\u00eane.<\/span><\/p>\n<p><span lang=\"fr\" xml:lang=\"fr\">Le Fit Pack contient les coussins de taille : Small &#8211; Medium et Large.\u00a0<\/span><\/p>\n<p>&nbsp;<\/p>\n<h2>Sp\u00e9cifications techniques<\/h2>\n<p>Conception a contact minimale<br \/>\nFlux d\u2019air int\u00e9gr\u00e9 innovant<br \/>\nEffacer la ligne de mire<br \/>\nFacile \u00e0 installer et \u00e0 sceller<br \/>\nHaut de la connexion du tuyau de direction<\/p>\n<p><strong>Harnais<\/strong><br \/>\nLe casque de DreamWisp est con\u00e7u pour fonctionner avec un confort exceptionnel. Le harnais \u00e0 quatre points est con\u00e7u pour assurer la stabilit\u00e9 avec moins de pi\u00e8ces, tandis que le cadre doux et l\u00e9ger sert \u00e9galement de canal de circulation d\u2019air du DreamWisp. Cela signifie moins de composants qui entrent en contact avec vous pendant que vous dormez, afin que vous puissiez profiter d\u2019une th\u00e9rapie confortable \u2013 toute la nuit, chaque nuit<\/p>\n<p><strong>Cadre<\/strong><br \/>\nLe DreamWisp est unique en ce qu\u2019il permet la circulation de l\u2019air \u00e0 travers le cadre. Cette fonction vous aide \u00e0 dormir confortablement dans n\u2019importe quelle position. Si un c\u00f4t\u00e9 du cadre est ferm\u00e9 en \u00e9tant pos\u00e9, le flux d\u2019air peut passer enti\u00e8rement \u00e0 travers l\u2019autre c\u00f4t\u00e9 sans affecter n\u00e9gativement la pression th\u00e9rapeutique. Le cadre est une taille unique qui peut \u00eatre allong\u00e9e ou raccourcie avec le connecteur du tube sup\u00e9rieur. Le connecteur de taille moyenne accueillera 90% des patients.<\/p>\n<p><strong>Clips magn\u00e9tiques<\/strong><br \/>\nVous aider \u00e0 rester engag\u00e9 dans votre th\u00e9rapie du sommeil signifie la rendre aussi pratique que possible. DreamWisp comprend des clips magn\u00e9tiques qui sont rapides et faciles \u00e0 connecter ou \u00e0 d\u00e9tacher. Cela simplifie la mise en ou hors service de votre masque, \u00e0 tout moment. Les utilisateurs ont d\u00e9clar\u00e9 qu\u2019ils \u00e9taient tr\u00e8s satisfaits de la facilit\u00e9 d\u2019utilisation du DreamWisp.<\/p>\n<p><strong>Conception minimale \u2013 Vue d\u00e9gag\u00e9e<\/strong><br \/>\nLa conception unique du tube sup\u00e9rieur de la t\u00eate vous permet d\u2019avoir un champ de vision d\u00e9gag\u00e9. Avec DreamWisp, vous pouvez lire, surfer sur le Web ou regarder la t\u00e9l\u00e9vision pendant que vous vous endormez.<\/p>\n<p><strong>Coussin nasal<\/strong><br \/>\nCoussin nasal \u00e0 contact minimal con\u00e7u pour un ajustement et un confort exceptionnels. Trois tailles de coussins sont disponible dans le DreamWisp FitPack; Petit, moyen et grand.<\/p>\n","protected":false},"excerpt":{"rendered":"<p>Parce que tout le monde a le droit de bien dormir, Philips a cr\u00e9\u00e9 DreamWisp.<\/p>\n","protected":false},"featured_media":253523,"comment_status":"closed","ping_status":"closed","template":"","meta":{"_et_pb_use_builder":"","_et_pb_old_content":"","_et_gb_content_width":"","inline_featured_image":false},"product_brand":[148],"product_cat":[24,85,27,271],"product_tag":[],"class_list":{"0":"post-253185","1":"product","2":"type-product","3":"status-publish","4":"has-post-thumbnail","6":"product_brand-philips-respironics","7":"product_cat-apnee-sommeil","8":"product_cat-nasal","9":"product_cat-masque-cpap","10":"product_cat-masques-nasaux","12":"first","13":"instock","14":"taxable","15":"shipping-taxable","16":"purchasable","17":"product-type-simple"},"acf":[],"yoast_head":"<!-- This site is optimized with the Yoast SEO plugin v27.6 - https:\/\/yoast.com\/product\/yoast-seo-wordpress\/ -->\n<title>Masque nasal DreamWisp FitPack - Philips - Respironics - Masque CPAP<\/title>\n<meta name=\"description\" content=\"Parce que tout le monde a le droit de bien dormir, Philips a cr\u00e9\u00e9 DreamWisp. DreamWisp a \u00e9t\u00e9 con\u00e7u pour aider les patients \u00e0 dormir confortablement.\" \/>\n<meta name=\"robots\" content=\"index, follow, max-snippet:-1, max-image-preview:large, max-video-preview:-1\" \/>\n<link rel=\"canonical\" href=\"https:\/\/www.oxysphair.be\/de\/produits\/schlafapnoe\/cpap-masken\/nasal-de\/dreamwisp-nasal-fitpack\/\" \/>\n<meta property=\"og:locale\" content=\"de_DE\" \/>\n<meta property=\"og:type\" content=\"article\" \/>\n<meta property=\"og:title\" content=\"Masque nasal DreamWisp FitPack - Philips - Respironics - Masque CPAP\" \/>\n<meta property=\"og:description\" content=\"Parce que tout le monde a le droit de bien dormir, Philips a cr\u00e9\u00e9 DreamWisp. DreamWisp a \u00e9t\u00e9 con\u00e7u pour aider les patients \u00e0 dormir confortablement.\" \/>\n<meta property=\"og:url\" content=\"https:\/\/www.oxysphair.be\/de\/produits\/schlafapnoe\/cpap-masken\/nasal-de\/dreamwisp-nasal-fitpack\/\" \/>\n<meta property=\"og:site_name\" content=\"Oxysphair\" \/>\n<meta property=\"article:modified_time\" content=\"2026-05-13T14:22:29+00:00\" \/>\n<meta property=\"og:image\" content=\"https:\/\/www.oxysphair.be\/wp-content\/uploads\/2024\/02\/dreamwisp-1.jpeg\" \/>\n\t<meta property=\"og:image:width\" content=\"646\" \/>\n\t<meta property=\"og:image:height\" content=\"488\" \/>\n\t<meta property=\"og:image:type\" content=\"image\/jpeg\" \/>\n<meta name=\"twitter:card\" content=\"summary_large_image\" \/>\n<meta name=\"twitter:label1\" content=\"Gesch\u00e4tzte Lesezeit\" \/>\n\t<meta name=\"twitter:data1\" content=\"3\u00a0Minuten\" \/>\n<script type=\"application\/ld+json\" class=\"yoast-schema-graph\">{\"@context\":\"https:\\\/\\\/schema.org\",\"@graph\":[{\"@type\":\"WebPage\",\"@id\":\"https:\\\/\\\/www.oxysphair.be\\\/de\\\/produits\\\/schlafapnoe\\\/cpap-masken\\\/nasal-de\\\/dreamwisp-nasal-fitpack\\\/\",\"url\":\"https:\\\/\\\/www.oxysphair.be\\\/de\\\/produits\\\/schlafapnoe\\\/cpap-masken\\\/nasal-de\\\/dreamwisp-nasal-fitpack\\\/\",\"name\":\"Masque nasal DreamWisp FitPack - Philips - Respironics - Masque CPAP\",\"isPartOf\":{\"@id\":\"https:\\\/\\\/www.oxysphair.be\\\/de\\\/#website\"},\"primaryImageOfPage\":{\"@id\":\"https:\\\/\\\/www.oxysphair.be\\\/de\\\/produits\\\/schlafapnoe\\\/cpap-masken\\\/nasal-de\\\/dreamwisp-nasal-fitpack\\\/#primaryimage\"},\"image\":{\"@id\":\"https:\\\/\\\/www.oxysphair.be\\\/de\\\/produits\\\/schlafapnoe\\\/cpap-masken\\\/nasal-de\\\/dreamwisp-nasal-fitpack\\\/#primaryimage\"},\"thumbnailUrl\":\"https:\\\/\\\/www.oxysphair.be\\\/wp-content\\\/uploads\\\/2024\\\/02\\\/dreamwisp-1.jpeg\",\"datePublished\":\"2024-02-06T16:15:01+00:00\",\"dateModified\":\"2026-05-13T14:22:29+00:00\",\"description\":\"Parce que tout le monde a le droit de bien dormir, Philips a cr\u00e9\u00e9 DreamWisp. DreamWisp a \u00e9t\u00e9 con\u00e7u pour aider les patients \u00e0 dormir confortablement.\",\"breadcrumb\":{\"@id\":\"https:\\\/\\\/www.oxysphair.be\\\/de\\\/produits\\\/schlafapnoe\\\/cpap-masken\\\/nasal-de\\\/dreamwisp-nasal-fitpack\\\/#breadcrumb\"},\"inLanguage\":\"de\",\"potentialAction\":[{\"@type\":\"ReadAction\",\"target\":[\"https:\\\/\\\/www.oxysphair.be\\\/de\\\/produits\\\/schlafapnoe\\\/cpap-masken\\\/nasal-de\\\/dreamwisp-nasal-fitpack\\\/\"]}]},{\"@type\":\"ImageObject\",\"inLanguage\":\"de\",\"@id\":\"https:\\\/\\\/www.oxysphair.be\\\/de\\\/produits\\\/schlafapnoe\\\/cpap-masken\\\/nasal-de\\\/dreamwisp-nasal-fitpack\\\/#primaryimage\",\"url\":\"https:\\\/\\\/www.oxysphair.be\\\/wp-content\\\/uploads\\\/2024\\\/02\\\/dreamwisp-1.jpeg\",\"contentUrl\":\"https:\\\/\\\/www.oxysphair.be\\\/wp-content\\\/uploads\\\/2024\\\/02\\\/dreamwisp-1.jpeg\",\"width\":646,\"height\":488,\"caption\":\"Dreamwisp masque cpap\"},{\"@type\":\"BreadcrumbList\",\"@id\":\"https:\\\/\\\/www.oxysphair.be\\\/de\\\/produits\\\/schlafapnoe\\\/cpap-masken\\\/nasal-de\\\/dreamwisp-nasal-fitpack\\\/#breadcrumb\",\"itemListElement\":[{\"@type\":\"ListItem\",\"position\":1,\"name\":\"Accueil\",\"item\":\"https:\\\/\\\/www.oxysphair.be\\\/de\\\/\"},{\"@type\":\"ListItem\",\"position\":2,\"name\":\"Produkte\",\"item\":\"https:\\\/\\\/www.oxysphair.be\\\/de\\\/shop-produkte\\\/\"},{\"@type\":\"ListItem\",\"position\":3,\"name\":\"Masque nasal DreamWisp FitPack &#8211; Philips &#8211; Respironics\"}]},{\"@type\":\"WebSite\",\"@id\":\"https:\\\/\\\/www.oxysphair.be\\\/de\\\/#website\",\"url\":\"https:\\\/\\\/www.oxysphair.be\\\/de\\\/\",\"name\":\"Oxysphair\",\"description\":\"\",\"potentialAction\":[{\"@type\":\"SearchAction\",\"target\":{\"@type\":\"EntryPoint\",\"urlTemplate\":\"https:\\\/\\\/www.oxysphair.be\\\/de\\\/?s={search_term_string}\"},\"query-input\":{\"@type\":\"PropertyValueSpecification\",\"valueRequired\":true,\"valueName\":\"search_term_string\"}}],\"inLanguage\":\"de\"}]}<\/script>\n<!-- \/ Yoast SEO plugin. -->","yoast_head_json":{"title":"Masque nasal DreamWisp FitPack - Philips - Respironics - Masque CPAP","description":"Parce que tout le monde a le droit de bien dormir, Philips a cr\u00e9\u00e9 DreamWisp. DreamWisp a \u00e9t\u00e9 con\u00e7u pour aider les patients \u00e0 dormir confortablement.","robots":{"index":"index","follow":"follow","max-snippet":"max-snippet:-1","max-image-preview":"max-image-preview:large","max-video-preview":"max-video-preview:-1"},"canonical":"https:\/\/www.oxysphair.be\/de\/produits\/schlafapnoe\/cpap-masken\/nasal-de\/dreamwisp-nasal-fitpack\/","og_locale":"de_DE","og_type":"article","og_title":"Masque nasal DreamWisp FitPack - Philips - Respironics - Masque CPAP","og_description":"Parce que tout le monde a le droit de bien dormir, Philips a cr\u00e9\u00e9 DreamWisp. DreamWisp a \u00e9t\u00e9 con\u00e7u pour aider les patients \u00e0 dormir confortablement.","og_url":"https:\/\/www.oxysphair.be\/de\/produits\/schlafapnoe\/cpap-masken\/nasal-de\/dreamwisp-nasal-fitpack\/","og_site_name":"Oxysphair","article_modified_time":"2026-05-13T14:22:29+00:00","og_image":[{"width":646,"height":488,"url":"https:\/\/www.oxysphair.be\/wp-content\/uploads\/2024\/02\/dreamwisp-1.jpeg","type":"image\/jpeg"}],"twitter_card":"summary_large_image","twitter_misc":{"Gesch\u00e4tzte Lesezeit":"3\u00a0Minuten"},"schema":{"@context":"https:\/\/schema.org","@graph":[{"@type":"WebPage","@id":"https:\/\/www.oxysphair.be\/de\/produits\/schlafapnoe\/cpap-masken\/nasal-de\/dreamwisp-nasal-fitpack\/","url":"https:\/\/www.oxysphair.be\/de\/produits\/schlafapnoe\/cpap-masken\/nasal-de\/dreamwisp-nasal-fitpack\/","name":"Masque nasal DreamWisp FitPack - Philips - Respironics - Masque CPAP","isPartOf":{"@id":"https:\/\/www.oxysphair.be\/de\/#website"},"primaryImageOfPage":{"@id":"https:\/\/www.oxysphair.be\/de\/produits\/schlafapnoe\/cpap-masken\/nasal-de\/dreamwisp-nasal-fitpack\/#primaryimage"},"image":{"@id":"https:\/\/www.oxysphair.be\/de\/produits\/schlafapnoe\/cpap-masken\/nasal-de\/dreamwisp-nasal-fitpack\/#primaryimage"},"thumbnailUrl":"https:\/\/www.oxysphair.be\/wp-content\/uploads\/2024\/02\/dreamwisp-1.jpeg","datePublished":"2024-02-06T16:15:01+00:00","dateModified":"2026-05-13T14:22:29+00:00","description":"Parce que tout le monde a le droit de bien dormir, Philips a cr\u00e9\u00e9 DreamWisp. DreamWisp a \u00e9t\u00e9 con\u00e7u pour aider les patients \u00e0 dormir confortablement.","breadcrumb":{"@id":"https:\/\/www.oxysphair.be\/de\/produits\/schlafapnoe\/cpap-masken\/nasal-de\/dreamwisp-nasal-fitpack\/#breadcrumb"},"inLanguage":"de","potentialAction":[{"@type":"ReadAction","target":["https:\/\/www.oxysphair.be\/de\/produits\/schlafapnoe\/cpap-masken\/nasal-de\/dreamwisp-nasal-fitpack\/"]}]},{"@type":"ImageObject","inLanguage":"de","@id":"https:\/\/www.oxysphair.be\/de\/produits\/schlafapnoe\/cpap-masken\/nasal-de\/dreamwisp-nasal-fitpack\/#primaryimage","url":"https:\/\/www.oxysphair.be\/wp-content\/uploads\/2024\/02\/dreamwisp-1.jpeg","contentUrl":"https:\/\/www.oxysphair.be\/wp-content\/uploads\/2024\/02\/dreamwisp-1.jpeg","width":646,"height":488,"caption":"Dreamwisp masque cpap"},{"@type":"BreadcrumbList","@id":"https:\/\/www.oxysphair.be\/de\/produits\/schlafapnoe\/cpap-masken\/nasal-de\/dreamwisp-nasal-fitpack\/#breadcrumb","itemListElement":[{"@type":"ListItem","position":1,"name":"Accueil","item":"https:\/\/www.oxysphair.be\/de\/"},{"@type":"ListItem","position":2,"name":"Produkte","item":"https:\/\/www.oxysphair.be\/de\/shop-produkte\/"},{"@type":"ListItem","position":3,"name":"Masque nasal DreamWisp FitPack &#8211; Philips &#8211; Respironics"}]},{"@type":"WebSite","@id":"https:\/\/www.oxysphair.be\/de\/#website","url":"https:\/\/www.oxysphair.be\/de\/","name":"Oxysphair","description":"","potentialAction":[{"@type":"SearchAction","target":{"@type":"EntryPoint","urlTemplate":"https:\/\/www.oxysphair.be\/de\/?s={search_term_string}"},"query-input":{"@type":"PropertyValueSpecification","valueRequired":true,"valueName":"search_term_string"}}],"inLanguage":"de"}]}},"_links":{"self":[{"href":"https:\/\/www.oxysphair.be\/de\/wp-json\/wp\/v2\/product\/253185","targetHints":{"allow":["GET"]}}],"collection":[{"href":"https:\/\/www.oxysphair.be\/de\/wp-json\/wp\/v2\/product"}],"about":[{"href":"https:\/\/www.oxysphair.be\/de\/wp-json\/wp\/v2\/types\/product"}],"replies":[{"embeddable":true,"href":"https:\/\/www.oxysphair.be\/de\/wp-json\/wp\/v2\/comments?post=253185"}],"wp:featuredmedia":[{"embeddable":true,"href":"https:\/\/www.oxysphair.be\/de\/wp-json\/wp\/v2\/media\/253523"}],"wp:attachment":[{"href":"https:\/\/www.oxysphair.be\/de\/wp-json\/wp\/v2\/media?parent=253185"}],"wp:term":[{"taxonomy":"product_brand","embeddable":true,"href":"https:\/\/www.oxysphair.be\/de\/wp-json\/wp\/v2\/product_brand?post=253185"},{"taxonomy":"product_cat","embeddable":true,"href":"https:\/\/www.oxysphair.be\/de\/wp-json\/wp\/v2\/product_cat?post=253185"},{"taxonomy":"product_tag","embeddable":true,"href":"https:\/\/www.oxysphair.be\/de\/wp-json\/wp\/v2\/product_tag?post=253185"}],"curies":[{"name":"wp","href":"https:\/\/api.w.org\/{rel}","templated":true}]}}