{"id":253201,"date":"2024-02-06T17:15:03","date_gmt":"2024-02-06T16:15:03","guid":{"rendered":"https:\/\/oxysphair.poush-dev.be\/?post_type=product&#038;p=253201"},"modified":"2026-04-29T06:22:38","modified_gmt":"2026-04-29T04:22:38","slug":"prisma-aqua-humidificateur-chauffant-noir","status":"publish","type":"product","link":"https:\/\/www.oxysphair.be\/de\/produits\/schlafapnoe\/cpap-zubehor\/prisma-aqua-humidificateur-chauffant-noir\/","title":{"rendered":"prisma AQUA Humidificateur chauffant &#8211; Noir &#8211; Loewenstein"},"content":{"rendered":"<p>L\u2019humidificateur hautes performances prismaAQUA est pr\u00e9vu pour \u00eatre utilis\u00e9 conjointement avec la gamme prismaLINE, les appareils de th\u00e9rapie de l\u2019apn\u00e9e du sommeil haut de gamme de L\u00f6wenstein Medical.<br \/>\nAvec fonction de pr\u00e9chauffage pratique et tuyau respiratoire chauffant en option.<\/p>\n<p><em>Inclus :<\/em><\/p>\n<ul>\n<li>Humidificateur L\u00f6wenstein Medical prismaAQUA<\/li>\n<li>Manuel d&#8217;utilisation<\/li>\n<\/ul>\n<p>&nbsp;<\/p>\n<h2>Propri\u00e9t\u00e9s principales de l&#8217;humidificateur L\u00f6wenstein Medical prismaAQUA :<\/h2>\n<ul>\n<li>Compatible avec les machines L\u00f6wenstein Medical prisma20A, prisma20C et prisma SMART (entre autres)<\/li>\n<li>Possibilit\u00e9 de le remplir de diff\u00e9rentes mani\u00e8res<\/li>\n<li>Fonctionnalit\u00e9 chauffage via la machine \u00e0 PPC<\/li>\n<li>Le niveau de remplissage est indiqu\u00e9 sur l&#8217;humidificateur<\/li>\n<li>Combinable avec les machines L\u00f6wenstein Medical du type WM 090 TD, WM 100 TD, WM 110 TD, WM 120 TD<\/li>\n<\/ul>\n<h2>Documents<\/h2>\n<p><a href=\"https:\/\/www.oxysphair.be\/wp-content\/uploads\/2024\/02\/prismaAQUA_notice_de_en_fr_nl_it_tr_es.pdf\">Notice du produit\u00a0<\/a><\/p>\n","protected":false},"excerpt":{"rendered":"<p>L\u2019humidificateur hautes performances prismaAQUA est pr\u00e9vu pour \u00eatre utilis\u00e9 conjointement avec la gamme prismaLINE, les appareils de th\u00e9rapie de l\u2019apn\u00e9e du sommeil haut de gamme de L\u00f6wenstein Medical. Avec fonction de pr\u00e9chauffage pratique et tuyau respiratoire chauffant en option. Inclus : Humidificateur L\u00f6wenstein Medical prismaAQUA Manuel d&#8217;utilisation &nbsp; Propri\u00e9t\u00e9s principales de l&#8217;humidificateur L\u00f6wenstein Medical prismaAQUA [&hellip;]<\/p>\n","protected":false},"featured_media":253397,"comment_status":"closed","ping_status":"closed","template":"","meta":{"_et_pb_use_builder":"","_et_pb_old_content":"","_et_gb_content_width":"","inline_featured_image":false},"product_brand":[145],"product_cat":[28],"product_tag":[],"class_list":{"0":"post-253201","1":"product","2":"type-product","3":"status-publish","4":"has-post-thumbnail","6":"product_brand-loewenstein","7":"product_cat-accessoires-cpap","9":"first","10":"instock","11":"taxable","12":"shipping-taxable","13":"purchasable","14":"product-type-simple"},"acf":[],"yoast_head":"<!-- This site is optimized with the Yoast SEO plugin v27.5 - https:\/\/yoast.com\/product\/yoast-seo-wordpress\/ -->\n<title>Accessoire CPAP : Humidificateur prismaAQUA noir<\/title>\n<meta name=\"description\" content=\"Luttez contre l&#039;apn\u00e9e du sommeil avec l&#039;humidificateur prismaAQUA. Fonction pr\u00e9chauffage pour un sommeil doux et sain.\" \/>\n<meta name=\"robots\" content=\"index, follow, max-snippet:-1, max-image-preview:large, max-video-preview:-1\" \/>\n<link rel=\"canonical\" href=\"https:\/\/www.oxysphair.be\/de\/produits\/schlafapnoe\/cpap-zubehor\/prisma-aqua-humidificateur-chauffant-noir\/\" \/>\n<meta property=\"og:locale\" content=\"de_DE\" \/>\n<meta property=\"og:type\" content=\"article\" \/>\n<meta property=\"og:title\" content=\"Accessoire CPAP : Humidificateur prismaAQUA noir\" \/>\n<meta property=\"og:description\" content=\"Luttez contre l&#039;apn\u00e9e du sommeil avec l&#039;humidificateur prismaAQUA. Fonction pr\u00e9chauffage pour un sommeil doux et sain.\" \/>\n<meta property=\"og:url\" content=\"https:\/\/www.oxysphair.be\/de\/produits\/schlafapnoe\/cpap-zubehor\/prisma-aqua-humidificateur-chauffant-noir\/\" \/>\n<meta property=\"og:site_name\" content=\"Oxysphair\" \/>\n<meta property=\"article:modified_time\" content=\"2026-04-29T04:22:38+00:00\" \/>\n<meta property=\"og:image\" content=\"https:\/\/www.oxysphair.be\/wp-content\/uploads\/2024\/02\/prisma_AQUA_Humidificateur_chauffant_Noir.jpeg\" \/>\n\t<meta property=\"og:image:width\" content=\"559\" \/>\n\t<meta property=\"og:image:height\" content=\"559\" \/>\n\t<meta property=\"og:image:type\" content=\"image\/jpeg\" \/>\n<meta name=\"twitter:card\" content=\"summary_large_image\" \/>\n<meta name=\"twitter:label1\" content=\"Gesch\u00e4tzte Lesezeit\" \/>\n\t<meta name=\"twitter:data1\" content=\"1\u00a0Minute\" \/>\n<script type=\"application\/ld+json\" class=\"yoast-schema-graph\">{\"@context\":\"https:\\\/\\\/schema.org\",\"@graph\":[{\"@type\":\"WebPage\",\"@id\":\"https:\\\/\\\/www.oxysphair.be\\\/de\\\/produits\\\/schlafapnoe\\\/cpap-zubehor\\\/prisma-aqua-humidificateur-chauffant-noir\\\/\",\"url\":\"https:\\\/\\\/www.oxysphair.be\\\/de\\\/produits\\\/schlafapnoe\\\/cpap-zubehor\\\/prisma-aqua-humidificateur-chauffant-noir\\\/\",\"name\":\"Accessoire CPAP : Humidificateur prismaAQUA noir\",\"isPartOf\":{\"@id\":\"https:\\\/\\\/www.oxysphair.be\\\/de\\\/#website\"},\"primaryImageOfPage\":{\"@id\":\"https:\\\/\\\/www.oxysphair.be\\\/de\\\/produits\\\/schlafapnoe\\\/cpap-zubehor\\\/prisma-aqua-humidificateur-chauffant-noir\\\/#primaryimage\"},\"image\":{\"@id\":\"https:\\\/\\\/www.oxysphair.be\\\/de\\\/produits\\\/schlafapnoe\\\/cpap-zubehor\\\/prisma-aqua-humidificateur-chauffant-noir\\\/#primaryimage\"},\"thumbnailUrl\":\"https:\\\/\\\/www.oxysphair.be\\\/wp-content\\\/uploads\\\/2024\\\/02\\\/prisma_AQUA_Humidificateur_chauffant_Noir.jpeg\",\"datePublished\":\"2024-02-06T16:15:03+00:00\",\"dateModified\":\"2026-04-29T04:22:38+00:00\",\"description\":\"Luttez contre l'apn\u00e9e du sommeil avec l'humidificateur prismaAQUA. Fonction pr\u00e9chauffage pour un sommeil doux et sain.\",\"breadcrumb\":{\"@id\":\"https:\\\/\\\/www.oxysphair.be\\\/de\\\/produits\\\/schlafapnoe\\\/cpap-zubehor\\\/prisma-aqua-humidificateur-chauffant-noir\\\/#breadcrumb\"},\"inLanguage\":\"de\",\"potentialAction\":[{\"@type\":\"ReadAction\",\"target\":[\"https:\\\/\\\/www.oxysphair.be\\\/de\\\/produits\\\/schlafapnoe\\\/cpap-zubehor\\\/prisma-aqua-humidificateur-chauffant-noir\\\/\"]}]},{\"@type\":\"ImageObject\",\"inLanguage\":\"de\",\"@id\":\"https:\\\/\\\/www.oxysphair.be\\\/de\\\/produits\\\/schlafapnoe\\\/cpap-zubehor\\\/prisma-aqua-humidificateur-chauffant-noir\\\/#primaryimage\",\"url\":\"https:\\\/\\\/www.oxysphair.be\\\/wp-content\\\/uploads\\\/2024\\\/02\\\/prisma_AQUA_Humidificateur_chauffant_Noir.jpeg\",\"contentUrl\":\"https:\\\/\\\/www.oxysphair.be\\\/wp-content\\\/uploads\\\/2024\\\/02\\\/prisma_AQUA_Humidificateur_chauffant_Noir.jpeg\",\"width\":559,\"height\":559,\"caption\":\"Accessoire CPAP prisma Aqua humidificateur chauffant noir\"},{\"@type\":\"BreadcrumbList\",\"@id\":\"https:\\\/\\\/www.oxysphair.be\\\/de\\\/produits\\\/schlafapnoe\\\/cpap-zubehor\\\/prisma-aqua-humidificateur-chauffant-noir\\\/#breadcrumb\",\"itemListElement\":[{\"@type\":\"ListItem\",\"position\":1,\"name\":\"Accueil\",\"item\":\"https:\\\/\\\/www.oxysphair.be\\\/de\\\/\"},{\"@type\":\"ListItem\",\"position\":2,\"name\":\"Produkte\",\"item\":\"https:\\\/\\\/www.oxysphair.be\\\/de\\\/shop-produkte\\\/\"},{\"@type\":\"ListItem\",\"position\":3,\"name\":\"prisma AQUA Humidificateur chauffant &#8211; Noir &#8211; Loewenstein\"}]},{\"@type\":\"WebSite\",\"@id\":\"https:\\\/\\\/www.oxysphair.be\\\/de\\\/#website\",\"url\":\"https:\\\/\\\/www.oxysphair.be\\\/de\\\/\",\"name\":\"Oxysphair\",\"description\":\"\",\"potentialAction\":[{\"@type\":\"SearchAction\",\"target\":{\"@type\":\"EntryPoint\",\"urlTemplate\":\"https:\\\/\\\/www.oxysphair.be\\\/de\\\/?s={search_term_string}\"},\"query-input\":{\"@type\":\"PropertyValueSpecification\",\"valueRequired\":true,\"valueName\":\"search_term_string\"}}],\"inLanguage\":\"de\"}]}<\/script>\n<!-- \/ Yoast SEO plugin. -->","yoast_head_json":{"title":"Accessoire CPAP : Humidificateur prismaAQUA noir","description":"Luttez contre l'apn\u00e9e du sommeil avec l'humidificateur prismaAQUA. Fonction pr\u00e9chauffage pour un sommeil doux et sain.","robots":{"index":"index","follow":"follow","max-snippet":"max-snippet:-1","max-image-preview":"max-image-preview:large","max-video-preview":"max-video-preview:-1"},"canonical":"https:\/\/www.oxysphair.be\/de\/produits\/schlafapnoe\/cpap-zubehor\/prisma-aqua-humidificateur-chauffant-noir\/","og_locale":"de_DE","og_type":"article","og_title":"Accessoire CPAP : Humidificateur prismaAQUA noir","og_description":"Luttez contre l'apn\u00e9e du sommeil avec l'humidificateur prismaAQUA. Fonction pr\u00e9chauffage pour un sommeil doux et sain.","og_url":"https:\/\/www.oxysphair.be\/de\/produits\/schlafapnoe\/cpap-zubehor\/prisma-aqua-humidificateur-chauffant-noir\/","og_site_name":"Oxysphair","article_modified_time":"2026-04-29T04:22:38+00:00","og_image":[{"width":559,"height":559,"url":"https:\/\/www.oxysphair.be\/wp-content\/uploads\/2024\/02\/prisma_AQUA_Humidificateur_chauffant_Noir.jpeg","type":"image\/jpeg"}],"twitter_card":"summary_large_image","twitter_misc":{"Gesch\u00e4tzte Lesezeit":"1\u00a0Minute"},"schema":{"@context":"https:\/\/schema.org","@graph":[{"@type":"WebPage","@id":"https:\/\/www.oxysphair.be\/de\/produits\/schlafapnoe\/cpap-zubehor\/prisma-aqua-humidificateur-chauffant-noir\/","url":"https:\/\/www.oxysphair.be\/de\/produits\/schlafapnoe\/cpap-zubehor\/prisma-aqua-humidificateur-chauffant-noir\/","name":"Accessoire CPAP : Humidificateur prismaAQUA noir","isPartOf":{"@id":"https:\/\/www.oxysphair.be\/de\/#website"},"primaryImageOfPage":{"@id":"https:\/\/www.oxysphair.be\/de\/produits\/schlafapnoe\/cpap-zubehor\/prisma-aqua-humidificateur-chauffant-noir\/#primaryimage"},"image":{"@id":"https:\/\/www.oxysphair.be\/de\/produits\/schlafapnoe\/cpap-zubehor\/prisma-aqua-humidificateur-chauffant-noir\/#primaryimage"},"thumbnailUrl":"https:\/\/www.oxysphair.be\/wp-content\/uploads\/2024\/02\/prisma_AQUA_Humidificateur_chauffant_Noir.jpeg","datePublished":"2024-02-06T16:15:03+00:00","dateModified":"2026-04-29T04:22:38+00:00","description":"Luttez contre l'apn\u00e9e du sommeil avec l'humidificateur prismaAQUA. Fonction pr\u00e9chauffage pour un sommeil doux et sain.","breadcrumb":{"@id":"https:\/\/www.oxysphair.be\/de\/produits\/schlafapnoe\/cpap-zubehor\/prisma-aqua-humidificateur-chauffant-noir\/#breadcrumb"},"inLanguage":"de","potentialAction":[{"@type":"ReadAction","target":["https:\/\/www.oxysphair.be\/de\/produits\/schlafapnoe\/cpap-zubehor\/prisma-aqua-humidificateur-chauffant-noir\/"]}]},{"@type":"ImageObject","inLanguage":"de","@id":"https:\/\/www.oxysphair.be\/de\/produits\/schlafapnoe\/cpap-zubehor\/prisma-aqua-humidificateur-chauffant-noir\/#primaryimage","url":"https:\/\/www.oxysphair.be\/wp-content\/uploads\/2024\/02\/prisma_AQUA_Humidificateur_chauffant_Noir.jpeg","contentUrl":"https:\/\/www.oxysphair.be\/wp-content\/uploads\/2024\/02\/prisma_AQUA_Humidificateur_chauffant_Noir.jpeg","width":559,"height":559,"caption":"Accessoire CPAP prisma Aqua humidificateur chauffant noir"},{"@type":"BreadcrumbList","@id":"https:\/\/www.oxysphair.be\/de\/produits\/schlafapnoe\/cpap-zubehor\/prisma-aqua-humidificateur-chauffant-noir\/#breadcrumb","itemListElement":[{"@type":"ListItem","position":1,"name":"Accueil","item":"https:\/\/www.oxysphair.be\/de\/"},{"@type":"ListItem","position":2,"name":"Produkte","item":"https:\/\/www.oxysphair.be\/de\/shop-produkte\/"},{"@type":"ListItem","position":3,"name":"prisma AQUA Humidificateur chauffant &#8211; Noir &#8211; Loewenstein"}]},{"@type":"WebSite","@id":"https:\/\/www.oxysphair.be\/de\/#website","url":"https:\/\/www.oxysphair.be\/de\/","name":"Oxysphair","description":"","potentialAction":[{"@type":"SearchAction","target":{"@type":"EntryPoint","urlTemplate":"https:\/\/www.oxysphair.be\/de\/?s={search_term_string}"},"query-input":{"@type":"PropertyValueSpecification","valueRequired":true,"valueName":"search_term_string"}}],"inLanguage":"de"}]}},"_links":{"self":[{"href":"https:\/\/www.oxysphair.be\/de\/wp-json\/wp\/v2\/product\/253201","targetHints":{"allow":["GET"]}}],"collection":[{"href":"https:\/\/www.oxysphair.be\/de\/wp-json\/wp\/v2\/product"}],"about":[{"href":"https:\/\/www.oxysphair.be\/de\/wp-json\/wp\/v2\/types\/product"}],"replies":[{"embeddable":true,"href":"https:\/\/www.oxysphair.be\/de\/wp-json\/wp\/v2\/comments?post=253201"}],"wp:featuredmedia":[{"embeddable":true,"href":"https:\/\/www.oxysphair.be\/de\/wp-json\/wp\/v2\/media\/253397"}],"wp:attachment":[{"href":"https:\/\/www.oxysphair.be\/de\/wp-json\/wp\/v2\/media?parent=253201"}],"wp:term":[{"taxonomy":"product_brand","embeddable":true,"href":"https:\/\/www.oxysphair.be\/de\/wp-json\/wp\/v2\/product_brand?post=253201"},{"taxonomy":"product_cat","embeddable":true,"href":"https:\/\/www.oxysphair.be\/de\/wp-json\/wp\/v2\/product_cat?post=253201"},{"taxonomy":"product_tag","embeddable":true,"href":"https:\/\/www.oxysphair.be\/de\/wp-json\/wp\/v2\/product_tag?post=253201"}],"curies":[{"name":"wp","href":"https:\/\/api.w.org\/{rel}","templated":true}]}}