{"id":253202,"date":"2024-02-06T17:15:03","date_gmt":"2024-02-06T16:15:03","guid":{"rendered":"https:\/\/oxysphair.poush-dev.be\/?post_type=product&#038;p=253202"},"modified":"2026-05-04T06:22:28","modified_gmt":"2026-05-04T04:22:28","slug":"inogen-one-rove-6-extended","status":"publish","type":"product","link":"https:\/\/www.oxysphair.be\/de\/produits\/sauerstofftherapie\/tragbare-sauerstoffkonzentratoren\/inogen-one-rove-6-extended\/","title":{"rendered":"Inogen One ROVE 6 Extended"},"content":{"rendered":"<p><span style=\"font-weight: 400;\">L\u2019<\/span><b>Inogen One ROVE 6 Extended<\/b><span style=\"font-weight: 400;\"> est con\u00e7u pour les patients recherchant une <\/span><b>solution d\u2019oxyg\u00e9noth\u00e9rapie mobile, silencieuse et performante<\/b><span style=\"font-weight: 400;\">, sans compromis sur l\u2019autonomie. Gr\u00e2ce \u00e0 sa <\/span><b>batterie 16 cellules<\/b><span style=\"font-weight: 400;\">, il peut offrir jusqu\u2019\u00e0 <\/span><b>13 heures de fonctionnement continu<\/b><span style=\"font-weight: 400;\">, tout en restant <\/span><b>compact et l\u00e9ger<\/b><span style=\"font-weight: 400;\">.<\/span><\/p>\n<p><span style=\"font-weight: 400;\">Avec <\/span><b>6 r\u00e9glages de d\u00e9bit puls\u00e9<\/b><span style=\"font-weight: 400;\"> et un <\/span><b>fonctionnement discret (37 dB)<\/b><span style=\"font-weight: 400;\">, le ROVE 6 Extended accompagne vos activit\u00e9s quotidiennes comme vos voyages, en toute s\u00e9r\u00e9nit\u00e9.<\/span><\/p>\n<h2><span style=\"font-weight: 400;\">Appareil compact et silencieux<\/span><\/h2>\n<p><span style=\"font-weight: 400;\">Le design ergonomique et la l\u00e9g\u00e8ret\u00e9 du Inoven ROVE 6 Extended en font un <\/span><b>compagnon discret<\/b><span style=\"font-weight: 400;\">. Ce concentrateur d\u2019oxyg\u00e8ne est parfaitement adapt\u00e9 \u00e0 un usage quotidien ou nomade, <\/span><b>sans bruit g\u00eanant<\/b><span style=\"font-weight: 400;\">.<\/span><\/p>\n<h2><span style=\"font-weight: 400;\">Voyage et mobilit\u00e9<\/span><\/h2>\n<p><span style=\"font-weight: 400;\">Homologu\u00e9 FAA, le Inoven ROVE 6 Extended est un concentrateur d\u2019oxyg\u00e8ne qui vous permet de <\/span><b>voyager sereinement<\/b><span style=\"font-weight: 400;\">, en avion comme en voiture, avec <\/span><b>tous les accessoires n\u00e9cessaires fournis<\/b><span style=\"font-weight: 400;\">.<\/span><\/p>\n","protected":false},"excerpt":{"rendered":"<p>Votre concentrateur d\u2019oxyg\u00e8ne portable \u00e0 autonomie prolong\u00e9e<\/p>\n","protected":false},"featured_media":255481,"comment_status":"closed","ping_status":"closed","template":"","meta":{"_et_pb_use_builder":"off","_et_pb_old_content":"L'Inogen Rove 6 est une solution id\u00e9ale pour les patients \u00e0 la recherche d'un POC qui maximise leur d\u00e9placements et leur flexibilit\u00e9 pour l'administration d'oxyg\u00e8ne dgr\u00e2ce \u00e0 un appareil silencieux, facile \u00e0 utiliser et \u00e0 entretenir. L'Inogen Rove 6 est con\u00e7u pour donner aux patients la tranquillit\u00e9 d'esprit qui accompagne le fait de se sentir pr\u00eat \u00e0 poursuivre leurs activit\u00e9s normales, comme passer du temps de qualit\u00e9 avec leur famille et leurs amis, profiter du grand air et voyager.\r\nAvec 6 r\u00e9glages de d\u00e9bit, l'Inogen Rove 6 est le POC le plus flexible\u00a0 jamais propos\u00e9, d\u00e9livrant jusqu'\u00e0 1 260 ml d'oxyg\u00e8ne de qualit\u00e9 m\u00e9dicale par minute.\r\n\r\n<strong>L\u00e9ger et silencieux\r\n<\/strong>Son nouveau design rend le Rove 6 encore plus l\u00e9ger et silencieux\r\n\r\n<strong>R\u00e9glages et Autonomie\r\n<\/strong>R\u00e9glage 1.0 jusqu'\u00e0 12 h 45\r\nR\u00e9glage 2.0 jusqu'\u00e0 10 h 15\r\nR\u00e9glage 3.0\u00a0 jusqu'\u00e0\u00a0 6 h 30\r\nR\u00e9glage 4.0\u00a0 jusqu'\u00e0\u00a0 5h15\r\nR\u00e9glage 5.0\u00a0 jusqu'\u00e0\u00a0 3 h30\r\nR\u00e9glage 6.0\u00a0 jusqu'\u00e0\u00a0 2 h 30\r\n\r\n\u00a0\r\n<h2>Un concentrateur d'oxyg\u00e8ne petit et l\u00e9ger<\/h2>\r\nL\u2019Inogen Rove 6 est un appareil compact et l\u00e9ger : longueur : 18.26 cm x largeur : 8.28 cm x hauteur 22 cm pour un poids de 2.6 kg avec la double batterie\r\n\r\n<strong>Voyage avec votre concentrateur<\/strong>\r\n\r\nLa FAA autorise cet appareil \u00e0 bord de la plupart des avions.\r\n<h4><em>Ce qui est inclus :<\/em><\/h4>\r\n<ul>\r\n \t<li>Concentrateur d\u2019oxyg\u00e8ne Inogen Rove 6<\/li>\r\n \t<li>Grande batterie 16 cellules<\/li>\r\n \t<li>Alimentation CA<\/li>\r\n \t<li>C\u00e2ble CC<\/li>\r\n \t<li>Sac de transport<\/li>\r\n \t<li>Bandouli\u00e8re<\/li>\r\n \t<li>Canule nasale<\/li>\r\n \t<li>Mode d\u2019emploi<\/li>\r\n<\/ul>\r\nAttention: Inogen Connect n'est actuellement pas disponible en Europe\r\n\r\n\u00a0\r\n<h2>Sp\u00e9cifications techniques<\/h2>\r\n<strong>R\u00e9glages d'oxyg\u00e8ne :\u00a0<\/strong>6\r\n\r\n<strong>D\u00e9bit puls\u00e9 :\u00a0<\/strong>Oui\r\n\r\n<strong>D\u00e9bit continu :\u00a0<\/strong>Non\r\n\r\n<strong>Batterie :\u00a0<\/strong>Li-Ion\r\n\r\n<strong>Autonomie de la batterie :\u00a0<\/strong>Jusqu'\u00e0 13 heures\r\n\r\n<strong>Niveau de bruit :\u00a0<\/strong>37 dB\r\n\r\n<strong>\u00c9cran :\u00a0<\/strong>LCD\r\n\r\n<strong>Alimentation CA :\u00a0<\/strong>100-240 V, 50-60 Hz\r\n\r\n<strong>Tamis mol\u00e9culaires :\u00a0<\/strong>Rempla\u00e7able\r\n\r\n<strong>Filtres : <\/strong>Filtre \u00e0 particules, filtre de sortie, filtre d'admission\r\n\r\n<strong>Dimensions : <\/strong>18 x 8 x 21 cm\r\n\r\n<strong>Poids : <\/strong>2,6 kg\r\n\r\n\u00a0\r\n<h2>Documents<\/h2>\r\n<a href=\"https:\/\/www.oxysphair.be\/wp-content\/uploads\/2024\/02\/Manuel-ONE-ROVE-6.pdf\">ONE ROVE 6\u00a0<\/a>","_et_gb_content_width":"","inline_featured_image":false},"product_brand":[242],"product_cat":[25,29],"product_tag":[],"class_list":{"0":"post-253202","1":"product","2":"type-product","3":"status-publish","4":"has-post-thumbnail","6":"product_brand-inogen","7":"product_cat-oxygenotherapie","8":"product_cat-oxyconcentrateurs-portables","9":"pa_brand-inogen","11":"first","12":"instock","13":"sale","14":"taxable","15":"shipping-taxable","16":"purchasable","17":"product-type-simple"},"acf":[],"yoast_head":"<!-- This site is optimized with the Yoast SEO plugin v27.5 - https:\/\/yoast.com\/product\/yoast-seo-wordpress\/ -->\n<title>Inogen One Rove 6 Extended - Concentrateur d\u2019oxyg\u00e8ne mobile<\/title>\n<meta name=\"description\" content=\"Concentrateur d\u2019oxyg\u00e8ne Inogen ROVE 6 Extended : autonomie prolong\u00e9e, 6 niveaux de d\u00e9bit, design compact et fonctionnement silencieux \u00e0 37 dB.\" \/>\n<meta name=\"robots\" content=\"index, follow, max-snippet:-1, max-image-preview:large, max-video-preview:-1\" \/>\n<link rel=\"canonical\" href=\"https:\/\/www.oxysphair.be\/de\/produits\/sauerstofftherapie\/tragbare-sauerstoffkonzentratoren\/inogen-one-rove-6-extended\/\" \/>\n<meta property=\"og:locale\" content=\"de_DE\" \/>\n<meta property=\"og:type\" content=\"article\" \/>\n<meta property=\"og:title\" content=\"Inogen One Rove 6 Extended - Concentrateur d\u2019oxyg\u00e8ne mobile\" \/>\n<meta property=\"og:description\" content=\"Concentrateur d\u2019oxyg\u00e8ne Inogen ROVE 6 Extended : autonomie prolong\u00e9e, 6 niveaux de d\u00e9bit, design compact et fonctionnement silencieux \u00e0 37 dB.\" \/>\n<meta property=\"og:url\" content=\"https:\/\/www.oxysphair.be\/de\/produits\/sauerstofftherapie\/tragbare-sauerstoffkonzentratoren\/inogen-one-rove-6-extended\/\" \/>\n<meta property=\"og:site_name\" content=\"Oxysphair\" \/>\n<meta property=\"article:modified_time\" content=\"2026-05-04T04:22:28+00:00\" \/>\n<meta property=\"og:image\" content=\"https:\/\/www.oxysphair.be\/wp-content\/uploads\/2024\/02\/rove-6-sbatt-16-cell-1.png\" \/>\n\t<meta property=\"og:image:width\" content=\"424\" \/>\n\t<meta property=\"og:image:height\" content=\"421\" \/>\n\t<meta property=\"og:image:type\" content=\"image\/png\" \/>\n<meta name=\"twitter:card\" content=\"summary_large_image\" \/>\n<meta name=\"twitter:label1\" content=\"Gesch\u00e4tzte Lesezeit\" \/>\n\t<meta name=\"twitter:data1\" content=\"1\u00a0Minute\" \/>\n<script type=\"application\/ld+json\" class=\"yoast-schema-graph\">{\"@context\":\"https:\\\/\\\/schema.org\",\"@graph\":[{\"@type\":\"WebPage\",\"@id\":\"https:\\\/\\\/www.oxysphair.be\\\/de\\\/produits\\\/sauerstofftherapie\\\/tragbare-sauerstoffkonzentratoren\\\/inogen-one-rove-6-extended\\\/\",\"url\":\"https:\\\/\\\/www.oxysphair.be\\\/de\\\/produits\\\/sauerstofftherapie\\\/tragbare-sauerstoffkonzentratoren\\\/inogen-one-rove-6-extended\\\/\",\"name\":\"Inogen One Rove 6 Extended - Concentrateur d\u2019oxyg\u00e8ne mobile\",\"isPartOf\":{\"@id\":\"https:\\\/\\\/www.oxysphair.be\\\/de\\\/#website\"},\"primaryImageOfPage\":{\"@id\":\"https:\\\/\\\/www.oxysphair.be\\\/de\\\/produits\\\/sauerstofftherapie\\\/tragbare-sauerstoffkonzentratoren\\\/inogen-one-rove-6-extended\\\/#primaryimage\"},\"image\":{\"@id\":\"https:\\\/\\\/www.oxysphair.be\\\/de\\\/produits\\\/sauerstofftherapie\\\/tragbare-sauerstoffkonzentratoren\\\/inogen-one-rove-6-extended\\\/#primaryimage\"},\"thumbnailUrl\":\"https:\\\/\\\/www.oxysphair.be\\\/wp-content\\\/uploads\\\/2024\\\/02\\\/rove-6-sbatt-16-cell-1.png\",\"datePublished\":\"2024-02-06T16:15:03+00:00\",\"dateModified\":\"2026-05-04T04:22:28+00:00\",\"description\":\"Concentrateur d\u2019oxyg\u00e8ne Inogen ROVE 6 Extended : autonomie prolong\u00e9e, 6 niveaux de d\u00e9bit, design compact et fonctionnement silencieux \u00e0 37 dB.\",\"breadcrumb\":{\"@id\":\"https:\\\/\\\/www.oxysphair.be\\\/de\\\/produits\\\/sauerstofftherapie\\\/tragbare-sauerstoffkonzentratoren\\\/inogen-one-rove-6-extended\\\/#breadcrumb\"},\"inLanguage\":\"de\",\"potentialAction\":[{\"@type\":\"ReadAction\",\"target\":[\"https:\\\/\\\/www.oxysphair.be\\\/de\\\/produits\\\/sauerstofftherapie\\\/tragbare-sauerstoffkonzentratoren\\\/inogen-one-rove-6-extended\\\/\"]}]},{\"@type\":\"ImageObject\",\"inLanguage\":\"de\",\"@id\":\"https:\\\/\\\/www.oxysphair.be\\\/de\\\/produits\\\/sauerstofftherapie\\\/tragbare-sauerstoffkonzentratoren\\\/inogen-one-rove-6-extended\\\/#primaryimage\",\"url\":\"https:\\\/\\\/www.oxysphair.be\\\/wp-content\\\/uploads\\\/2024\\\/02\\\/rove-6-sbatt-16-cell-1.png\",\"contentUrl\":\"https:\\\/\\\/www.oxysphair.be\\\/wp-content\\\/uploads\\\/2024\\\/02\\\/rove-6-sbatt-16-cell-1.png\",\"width\":424,\"height\":421},{\"@type\":\"BreadcrumbList\",\"@id\":\"https:\\\/\\\/www.oxysphair.be\\\/de\\\/produits\\\/sauerstofftherapie\\\/tragbare-sauerstoffkonzentratoren\\\/inogen-one-rove-6-extended\\\/#breadcrumb\",\"itemListElement\":[{\"@type\":\"ListItem\",\"position\":1,\"name\":\"Accueil\",\"item\":\"https:\\\/\\\/www.oxysphair.be\\\/de\\\/\"},{\"@type\":\"ListItem\",\"position\":2,\"name\":\"Produkte\",\"item\":\"https:\\\/\\\/www.oxysphair.be\\\/de\\\/shop-produkte\\\/\"},{\"@type\":\"ListItem\",\"position\":3,\"name\":\"Inogen One ROVE 6 Extended\"}]},{\"@type\":\"WebSite\",\"@id\":\"https:\\\/\\\/www.oxysphair.be\\\/de\\\/#website\",\"url\":\"https:\\\/\\\/www.oxysphair.be\\\/de\\\/\",\"name\":\"Oxysphair\",\"description\":\"\",\"potentialAction\":[{\"@type\":\"SearchAction\",\"target\":{\"@type\":\"EntryPoint\",\"urlTemplate\":\"https:\\\/\\\/www.oxysphair.be\\\/de\\\/?s={search_term_string}\"},\"query-input\":{\"@type\":\"PropertyValueSpecification\",\"valueRequired\":true,\"valueName\":\"search_term_string\"}}],\"inLanguage\":\"de\"}]}<\/script>\n<!-- \/ Yoast SEO plugin. -->","yoast_head_json":{"title":"Inogen One Rove 6 Extended - Concentrateur d\u2019oxyg\u00e8ne mobile","description":"Concentrateur d\u2019oxyg\u00e8ne Inogen ROVE 6 Extended : autonomie prolong\u00e9e, 6 niveaux de d\u00e9bit, design compact et fonctionnement silencieux \u00e0 37 dB.","robots":{"index":"index","follow":"follow","max-snippet":"max-snippet:-1","max-image-preview":"max-image-preview:large","max-video-preview":"max-video-preview:-1"},"canonical":"https:\/\/www.oxysphair.be\/de\/produits\/sauerstofftherapie\/tragbare-sauerstoffkonzentratoren\/inogen-one-rove-6-extended\/","og_locale":"de_DE","og_type":"article","og_title":"Inogen One Rove 6 Extended - Concentrateur d\u2019oxyg\u00e8ne mobile","og_description":"Concentrateur d\u2019oxyg\u00e8ne Inogen ROVE 6 Extended : autonomie prolong\u00e9e, 6 niveaux de d\u00e9bit, design compact et fonctionnement silencieux \u00e0 37 dB.","og_url":"https:\/\/www.oxysphair.be\/de\/produits\/sauerstofftherapie\/tragbare-sauerstoffkonzentratoren\/inogen-one-rove-6-extended\/","og_site_name":"Oxysphair","article_modified_time":"2026-05-04T04:22:28+00:00","og_image":[{"width":424,"height":421,"url":"https:\/\/www.oxysphair.be\/wp-content\/uploads\/2024\/02\/rove-6-sbatt-16-cell-1.png","type":"image\/png"}],"twitter_card":"summary_large_image","twitter_misc":{"Gesch\u00e4tzte Lesezeit":"1\u00a0Minute"},"schema":{"@context":"https:\/\/schema.org","@graph":[{"@type":"WebPage","@id":"https:\/\/www.oxysphair.be\/de\/produits\/sauerstofftherapie\/tragbare-sauerstoffkonzentratoren\/inogen-one-rove-6-extended\/","url":"https:\/\/www.oxysphair.be\/de\/produits\/sauerstofftherapie\/tragbare-sauerstoffkonzentratoren\/inogen-one-rove-6-extended\/","name":"Inogen One Rove 6 Extended - Concentrateur d\u2019oxyg\u00e8ne mobile","isPartOf":{"@id":"https:\/\/www.oxysphair.be\/de\/#website"},"primaryImageOfPage":{"@id":"https:\/\/www.oxysphair.be\/de\/produits\/sauerstofftherapie\/tragbare-sauerstoffkonzentratoren\/inogen-one-rove-6-extended\/#primaryimage"},"image":{"@id":"https:\/\/www.oxysphair.be\/de\/produits\/sauerstofftherapie\/tragbare-sauerstoffkonzentratoren\/inogen-one-rove-6-extended\/#primaryimage"},"thumbnailUrl":"https:\/\/www.oxysphair.be\/wp-content\/uploads\/2024\/02\/rove-6-sbatt-16-cell-1.png","datePublished":"2024-02-06T16:15:03+00:00","dateModified":"2026-05-04T04:22:28+00:00","description":"Concentrateur d\u2019oxyg\u00e8ne Inogen ROVE 6 Extended : autonomie prolong\u00e9e, 6 niveaux de d\u00e9bit, design compact et fonctionnement silencieux \u00e0 37 dB.","breadcrumb":{"@id":"https:\/\/www.oxysphair.be\/de\/produits\/sauerstofftherapie\/tragbare-sauerstoffkonzentratoren\/inogen-one-rove-6-extended\/#breadcrumb"},"inLanguage":"de","potentialAction":[{"@type":"ReadAction","target":["https:\/\/www.oxysphair.be\/de\/produits\/sauerstofftherapie\/tragbare-sauerstoffkonzentratoren\/inogen-one-rove-6-extended\/"]}]},{"@type":"ImageObject","inLanguage":"de","@id":"https:\/\/www.oxysphair.be\/de\/produits\/sauerstofftherapie\/tragbare-sauerstoffkonzentratoren\/inogen-one-rove-6-extended\/#primaryimage","url":"https:\/\/www.oxysphair.be\/wp-content\/uploads\/2024\/02\/rove-6-sbatt-16-cell-1.png","contentUrl":"https:\/\/www.oxysphair.be\/wp-content\/uploads\/2024\/02\/rove-6-sbatt-16-cell-1.png","width":424,"height":421},{"@type":"BreadcrumbList","@id":"https:\/\/www.oxysphair.be\/de\/produits\/sauerstofftherapie\/tragbare-sauerstoffkonzentratoren\/inogen-one-rove-6-extended\/#breadcrumb","itemListElement":[{"@type":"ListItem","position":1,"name":"Accueil","item":"https:\/\/www.oxysphair.be\/de\/"},{"@type":"ListItem","position":2,"name":"Produkte","item":"https:\/\/www.oxysphair.be\/de\/shop-produkte\/"},{"@type":"ListItem","position":3,"name":"Inogen One ROVE 6 Extended"}]},{"@type":"WebSite","@id":"https:\/\/www.oxysphair.be\/de\/#website","url":"https:\/\/www.oxysphair.be\/de\/","name":"Oxysphair","description":"","potentialAction":[{"@type":"SearchAction","target":{"@type":"EntryPoint","urlTemplate":"https:\/\/www.oxysphair.be\/de\/?s={search_term_string}"},"query-input":{"@type":"PropertyValueSpecification","valueRequired":true,"valueName":"search_term_string"}}],"inLanguage":"de"}]}},"_links":{"self":[{"href":"https:\/\/www.oxysphair.be\/de\/wp-json\/wp\/v2\/product\/253202","targetHints":{"allow":["GET"]}}],"collection":[{"href":"https:\/\/www.oxysphair.be\/de\/wp-json\/wp\/v2\/product"}],"about":[{"href":"https:\/\/www.oxysphair.be\/de\/wp-json\/wp\/v2\/types\/product"}],"replies":[{"embeddable":true,"href":"https:\/\/www.oxysphair.be\/de\/wp-json\/wp\/v2\/comments?post=253202"}],"wp:featuredmedia":[{"embeddable":true,"href":"https:\/\/www.oxysphair.be\/de\/wp-json\/wp\/v2\/media\/255481"}],"wp:attachment":[{"href":"https:\/\/www.oxysphair.be\/de\/wp-json\/wp\/v2\/media?parent=253202"}],"wp:term":[{"taxonomy":"product_brand","embeddable":true,"href":"https:\/\/www.oxysphair.be\/de\/wp-json\/wp\/v2\/product_brand?post=253202"},{"taxonomy":"product_cat","embeddable":true,"href":"https:\/\/www.oxysphair.be\/de\/wp-json\/wp\/v2\/product_cat?post=253202"},{"taxonomy":"product_tag","embeddable":true,"href":"https:\/\/www.oxysphair.be\/de\/wp-json\/wp\/v2\/product_tag?post=253202"}],"curies":[{"name":"wp","href":"https:\/\/api.w.org\/{rel}","templated":true}]}}