{"id":254880,"date":"2024-07-24T16:00:51","date_gmt":"2024-07-24T14:00:51","guid":{"rendered":"https:\/\/www.oxysphair.be\/?post_type=product&#038;p=254880"},"modified":"2026-04-29T04:22:42","modified_gmt":"2026-04-29T02:22:42","slug":"s9-kit-for-pilot-24-lite","status":"publish","type":"product","link":"https:\/\/www.oxysphair.be\/de\/produits\/schlafapnoe\/cpap-zubehor\/s9-kit-for-pilot-24-lite\/","title":{"rendered":"S9 KIT FOR PILOT-24 LITE &#8211; Choice One"},"content":{"rendered":"<p><strong>Kit de connexion pour CPAP ResMed S9<\/strong> compatible avec la batterie de secours <strong>Pilot-24 Lite<\/strong>. Id\u00e9al pour garantir un sommeil sans interruption m\u00eame en d\u00e9placement.<\/p>\n<p>Ce <strong>S9 Kit pour Pilot-24 Lite<\/strong> est un <strong>accessoire CPAP<\/strong> con\u00e7u pour relier en toute s\u00e9curit\u00e9 la batterie <strong>Medistrom Pilot-24 Lite<\/strong> \u00e0 votre appareil <strong>ResMed S9<\/strong>. Il assure une alimentation stable et fiable, m\u00eame en cas de coupure de courant.<\/p>\n<p>Compact et facile \u00e0 utiliser, ce kit comprend les c\u00e2bles n\u00e9cessaires \u00e0 la connexion entre votre CPAP et la batterie externe. Il repr\u00e9sente une solution id\u00e9ale pour les utilisateurs souhaitant voyager ou s\u00e9curiser leur traitement de l\u2019apn\u00e9e du sommeil.<\/p>\n<h3>Type de produit<\/h3>\n<p>Kit de connexion \u00e9lectrique pour batterie CPAP.<\/p>\n<h3>Compatibilit\u00e9<\/h3>\n<p>Compatible avec les appareils <strong>ResMed S9<\/strong> et la batterie <strong>Pilot-24 Lite<\/strong> de Medistrom.<\/p>\n<h3>Mat\u00e9riaux<\/h3>\n<p>Composants plastiques et c\u00e2blage \u00e9lectrique en cuivre isol\u00e9.<\/p>\n<h3>Entretien &amp; remplacement<\/h3>\n<p>Nettoyer avec un chiffon sec et v\u00e9rifier r\u00e9guli\u00e8rement l\u2019int\u00e9grit\u00e9 des connecteurs. Remplacer en cas d\u2019usure visible ou de connecteurs endommag\u00e9s.<\/p>\n","protected":false},"excerpt":{"rendered":"<p>Kit de connexion pour CPAP ResMed S9 compatible avec la batterie de secours Pilot-24 Lite. Id\u00e9al pour garantir un sommeil sans interruption m\u00eame en d\u00e9placement. Ce S9 Kit pour Pilot-24 Lite est un accessoire CPAP con\u00e7u pour relier en toute s\u00e9curit\u00e9 la batterie Medistrom Pilot-24 Lite \u00e0 votre appareil ResMed S9. Il assure une alimentation [&hellip;]<\/p>\n","protected":false},"featured_media":267177,"comment_status":"closed","ping_status":"closed","template":"","meta":{"_et_pb_use_builder":"","_et_pb_old_content":"","_et_gb_content_width":"","inline_featured_image":false},"product_brand":[160],"product_cat":[28],"product_tag":[],"class_list":{"0":"post-254880","1":"product","2":"type-product","3":"status-publish","4":"has-post-thumbnail","6":"product_brand-choice-one","7":"product_cat-accessoires-cpap","8":"pa_brand-choice-one","10":"first","11":"outofstock","12":"taxable","13":"shipping-taxable","14":"purchasable","15":"product-type-simple"},"acf":[],"yoast_head":"<!-- This site is optimized with the Yoast SEO plugin v27.5 - https:\/\/yoast.com\/product\/yoast-seo-wordpress\/ -->\n<title>S9 KIT FOR PILOT-24 LITE - Choice One | Oxysphair<\/title>\n<meta name=\"robots\" content=\"index, follow, max-snippet:-1, max-image-preview:large, max-video-preview:-1\" \/>\n<link rel=\"canonical\" href=\"https:\/\/www.oxysphair.be\/de\/produits\/schlafapnoe\/cpap-zubehor\/s9-kit-for-pilot-24-lite\/\" \/>\n<meta property=\"og:locale\" content=\"de_DE\" \/>\n<meta property=\"og:type\" content=\"article\" \/>\n<meta property=\"og:title\" content=\"S9 KIT FOR PILOT-24 LITE - Choice One | Oxysphair\" \/>\n<meta property=\"og:description\" content=\"Kit de connexion pour CPAP ResMed S9 compatible avec la batterie de secours Pilot-24 Lite. Id\u00e9al pour garantir un sommeil sans interruption m\u00eame en d\u00e9placement. Ce S9 Kit pour Pilot-24 Lite est un accessoire CPAP con\u00e7u pour relier en toute s\u00e9curit\u00e9 la batterie Medistrom Pilot-24 Lite \u00e0 votre appareil ResMed S9. Il assure une alimentation [&hellip;]\" \/>\n<meta property=\"og:url\" content=\"https:\/\/www.oxysphair.be\/de\/produits\/schlafapnoe\/cpap-zubehor\/s9-kit-for-pilot-24-lite\/\" \/>\n<meta property=\"og:site_name\" content=\"Oxysphair\" \/>\n<meta property=\"article:modified_time\" content=\"2026-04-29T02:22:42+00:00\" \/>\n<meta property=\"og:image\" content=\"https:\/\/www.oxysphair.be\/wp-content\/uploads\/2024\/07\/medistrom-resmed-s9-kit-pilot-24-lite.webp\" \/>\n\t<meta property=\"og:image:width\" content=\"512\" \/>\n\t<meta property=\"og:image:height\" content=\"512\" \/>\n\t<meta property=\"og:image:type\" content=\"image\/webp\" \/>\n<meta name=\"twitter:card\" content=\"summary_large_image\" \/>\n<meta name=\"twitter:label1\" content=\"Gesch\u00e4tzte Lesezeit\" \/>\n\t<meta name=\"twitter:data1\" content=\"2\u00a0Minuten\" \/>\n<script type=\"application\/ld+json\" class=\"yoast-schema-graph\">{\"@context\":\"https:\\\/\\\/schema.org\",\"@graph\":[{\"@type\":\"WebPage\",\"@id\":\"https:\\\/\\\/www.oxysphair.be\\\/de\\\/produits\\\/schlafapnoe\\\/cpap-zubehor\\\/s9-kit-for-pilot-24-lite\\\/\",\"url\":\"https:\\\/\\\/www.oxysphair.be\\\/de\\\/produits\\\/schlafapnoe\\\/cpap-zubehor\\\/s9-kit-for-pilot-24-lite\\\/\",\"name\":\"S9 KIT FOR PILOT-24 LITE - Choice One | Oxysphair\",\"isPartOf\":{\"@id\":\"https:\\\/\\\/www.oxysphair.be\\\/de\\\/#website\"},\"primaryImageOfPage\":{\"@id\":\"https:\\\/\\\/www.oxysphair.be\\\/de\\\/produits\\\/schlafapnoe\\\/cpap-zubehor\\\/s9-kit-for-pilot-24-lite\\\/#primaryimage\"},\"image\":{\"@id\":\"https:\\\/\\\/www.oxysphair.be\\\/de\\\/produits\\\/schlafapnoe\\\/cpap-zubehor\\\/s9-kit-for-pilot-24-lite\\\/#primaryimage\"},\"thumbnailUrl\":\"https:\\\/\\\/www.oxysphair.be\\\/wp-content\\\/uploads\\\/2024\\\/07\\\/medistrom-resmed-s9-kit-pilot-24-lite.webp\",\"datePublished\":\"2024-07-24T14:00:51+00:00\",\"dateModified\":\"2026-04-29T02:22:42+00:00\",\"breadcrumb\":{\"@id\":\"https:\\\/\\\/www.oxysphair.be\\\/de\\\/produits\\\/schlafapnoe\\\/cpap-zubehor\\\/s9-kit-for-pilot-24-lite\\\/#breadcrumb\"},\"inLanguage\":\"de\",\"potentialAction\":[{\"@type\":\"ReadAction\",\"target\":[\"https:\\\/\\\/www.oxysphair.be\\\/de\\\/produits\\\/schlafapnoe\\\/cpap-zubehor\\\/s9-kit-for-pilot-24-lite\\\/\"]}]},{\"@type\":\"ImageObject\",\"inLanguage\":\"de\",\"@id\":\"https:\\\/\\\/www.oxysphair.be\\\/de\\\/produits\\\/schlafapnoe\\\/cpap-zubehor\\\/s9-kit-for-pilot-24-lite\\\/#primaryimage\",\"url\":\"https:\\\/\\\/www.oxysphair.be\\\/wp-content\\\/uploads\\\/2024\\\/07\\\/medistrom-resmed-s9-kit-pilot-24-lite.webp\",\"contentUrl\":\"https:\\\/\\\/www.oxysphair.be\\\/wp-content\\\/uploads\\\/2024\\\/07\\\/medistrom-resmed-s9-kit-pilot-24-lite.webp\",\"width\":512,\"height\":512},{\"@type\":\"BreadcrumbList\",\"@id\":\"https:\\\/\\\/www.oxysphair.be\\\/de\\\/produits\\\/schlafapnoe\\\/cpap-zubehor\\\/s9-kit-for-pilot-24-lite\\\/#breadcrumb\",\"itemListElement\":[{\"@type\":\"ListItem\",\"position\":1,\"name\":\"Accueil\",\"item\":\"https:\\\/\\\/www.oxysphair.be\\\/de\\\/\"},{\"@type\":\"ListItem\",\"position\":2,\"name\":\"Produkte\",\"item\":\"https:\\\/\\\/www.oxysphair.be\\\/de\\\/shop-produkte\\\/\"},{\"@type\":\"ListItem\",\"position\":3,\"name\":\"S9 KIT FOR PILOT-24 LITE &#8211; Choice One\"}]},{\"@type\":\"WebSite\",\"@id\":\"https:\\\/\\\/www.oxysphair.be\\\/de\\\/#website\",\"url\":\"https:\\\/\\\/www.oxysphair.be\\\/de\\\/\",\"name\":\"Oxysphair\",\"description\":\"\",\"potentialAction\":[{\"@type\":\"SearchAction\",\"target\":{\"@type\":\"EntryPoint\",\"urlTemplate\":\"https:\\\/\\\/www.oxysphair.be\\\/de\\\/?s={search_term_string}\"},\"query-input\":{\"@type\":\"PropertyValueSpecification\",\"valueRequired\":true,\"valueName\":\"search_term_string\"}}],\"inLanguage\":\"de\"}]}<\/script>\n<!-- \/ Yoast SEO plugin. -->","yoast_head_json":{"title":"S9 KIT FOR PILOT-24 LITE - Choice One | Oxysphair","robots":{"index":"index","follow":"follow","max-snippet":"max-snippet:-1","max-image-preview":"max-image-preview:large","max-video-preview":"max-video-preview:-1"},"canonical":"https:\/\/www.oxysphair.be\/de\/produits\/schlafapnoe\/cpap-zubehor\/s9-kit-for-pilot-24-lite\/","og_locale":"de_DE","og_type":"article","og_title":"S9 KIT FOR PILOT-24 LITE - Choice One | Oxysphair","og_description":"Kit de connexion pour CPAP ResMed S9 compatible avec la batterie de secours Pilot-24 Lite. Id\u00e9al pour garantir un sommeil sans interruption m\u00eame en d\u00e9placement. Ce S9 Kit pour Pilot-24 Lite est un accessoire CPAP con\u00e7u pour relier en toute s\u00e9curit\u00e9 la batterie Medistrom Pilot-24 Lite \u00e0 votre appareil ResMed S9. Il assure une alimentation [&hellip;]","og_url":"https:\/\/www.oxysphair.be\/de\/produits\/schlafapnoe\/cpap-zubehor\/s9-kit-for-pilot-24-lite\/","og_site_name":"Oxysphair","article_modified_time":"2026-04-29T02:22:42+00:00","og_image":[{"width":512,"height":512,"url":"https:\/\/www.oxysphair.be\/wp-content\/uploads\/2024\/07\/medistrom-resmed-s9-kit-pilot-24-lite.webp","type":"image\/webp"}],"twitter_card":"summary_large_image","twitter_misc":{"Gesch\u00e4tzte Lesezeit":"2\u00a0Minuten"},"schema":{"@context":"https:\/\/schema.org","@graph":[{"@type":"WebPage","@id":"https:\/\/www.oxysphair.be\/de\/produits\/schlafapnoe\/cpap-zubehor\/s9-kit-for-pilot-24-lite\/","url":"https:\/\/www.oxysphair.be\/de\/produits\/schlafapnoe\/cpap-zubehor\/s9-kit-for-pilot-24-lite\/","name":"S9 KIT FOR PILOT-24 LITE - Choice One | Oxysphair","isPartOf":{"@id":"https:\/\/www.oxysphair.be\/de\/#website"},"primaryImageOfPage":{"@id":"https:\/\/www.oxysphair.be\/de\/produits\/schlafapnoe\/cpap-zubehor\/s9-kit-for-pilot-24-lite\/#primaryimage"},"image":{"@id":"https:\/\/www.oxysphair.be\/de\/produits\/schlafapnoe\/cpap-zubehor\/s9-kit-for-pilot-24-lite\/#primaryimage"},"thumbnailUrl":"https:\/\/www.oxysphair.be\/wp-content\/uploads\/2024\/07\/medistrom-resmed-s9-kit-pilot-24-lite.webp","datePublished":"2024-07-24T14:00:51+00:00","dateModified":"2026-04-29T02:22:42+00:00","breadcrumb":{"@id":"https:\/\/www.oxysphair.be\/de\/produits\/schlafapnoe\/cpap-zubehor\/s9-kit-for-pilot-24-lite\/#breadcrumb"},"inLanguage":"de","potentialAction":[{"@type":"ReadAction","target":["https:\/\/www.oxysphair.be\/de\/produits\/schlafapnoe\/cpap-zubehor\/s9-kit-for-pilot-24-lite\/"]}]},{"@type":"ImageObject","inLanguage":"de","@id":"https:\/\/www.oxysphair.be\/de\/produits\/schlafapnoe\/cpap-zubehor\/s9-kit-for-pilot-24-lite\/#primaryimage","url":"https:\/\/www.oxysphair.be\/wp-content\/uploads\/2024\/07\/medistrom-resmed-s9-kit-pilot-24-lite.webp","contentUrl":"https:\/\/www.oxysphair.be\/wp-content\/uploads\/2024\/07\/medistrom-resmed-s9-kit-pilot-24-lite.webp","width":512,"height":512},{"@type":"BreadcrumbList","@id":"https:\/\/www.oxysphair.be\/de\/produits\/schlafapnoe\/cpap-zubehor\/s9-kit-for-pilot-24-lite\/#breadcrumb","itemListElement":[{"@type":"ListItem","position":1,"name":"Accueil","item":"https:\/\/www.oxysphair.be\/de\/"},{"@type":"ListItem","position":2,"name":"Produkte","item":"https:\/\/www.oxysphair.be\/de\/shop-produkte\/"},{"@type":"ListItem","position":3,"name":"S9 KIT FOR PILOT-24 LITE &#8211; Choice One"}]},{"@type":"WebSite","@id":"https:\/\/www.oxysphair.be\/de\/#website","url":"https:\/\/www.oxysphair.be\/de\/","name":"Oxysphair","description":"","potentialAction":[{"@type":"SearchAction","target":{"@type":"EntryPoint","urlTemplate":"https:\/\/www.oxysphair.be\/de\/?s={search_term_string}"},"query-input":{"@type":"PropertyValueSpecification","valueRequired":true,"valueName":"search_term_string"}}],"inLanguage":"de"}]}},"_links":{"self":[{"href":"https:\/\/www.oxysphair.be\/de\/wp-json\/wp\/v2\/product\/254880","targetHints":{"allow":["GET"]}}],"collection":[{"href":"https:\/\/www.oxysphair.be\/de\/wp-json\/wp\/v2\/product"}],"about":[{"href":"https:\/\/www.oxysphair.be\/de\/wp-json\/wp\/v2\/types\/product"}],"replies":[{"embeddable":true,"href":"https:\/\/www.oxysphair.be\/de\/wp-json\/wp\/v2\/comments?post=254880"}],"wp:featuredmedia":[{"embeddable":true,"href":"https:\/\/www.oxysphair.be\/de\/wp-json\/wp\/v2\/media\/267177"}],"wp:attachment":[{"href":"https:\/\/www.oxysphair.be\/de\/wp-json\/wp\/v2\/media?parent=254880"}],"wp:term":[{"taxonomy":"product_brand","embeddable":true,"href":"https:\/\/www.oxysphair.be\/de\/wp-json\/wp\/v2\/product_brand?post=254880"},{"taxonomy":"product_cat","embeddable":true,"href":"https:\/\/www.oxysphair.be\/de\/wp-json\/wp\/v2\/product_cat?post=254880"},{"taxonomy":"product_tag","embeddable":true,"href":"https:\/\/www.oxysphair.be\/de\/wp-json\/wp\/v2\/product_tag?post=254880"}],"curies":[{"name":"wp","href":"https:\/\/api.w.org\/{rel}","templated":true}]}}