{"id":255332,"date":"2024-08-20T11:41:17","date_gmt":"2024-08-20T09:41:17","guid":{"rendered":"https:\/\/www.oxysphair.be\/?post_type=product&#038;p=255332"},"modified":"2026-05-02T02:04:25","modified_gmt":"2026-05-02T00:04:25","slug":"solo-nasal-fisher-paykel","status":"publish","type":"product","link":"https:\/\/www.oxysphair.be\/de\/produits\/schlafapnoe\/cpap-masken\/nasal-de\/solo-nasal-fisher-paykel\/","title":{"rendered":"Solo Nasal &#8211; Fisher &#038; Paykel"},"content":{"rendered":"<p data-start=\"112\" data-end=\"406\">Le <strong data-start=\"115\" data-end=\"156\">masque nasal Solo\u2122 de Fisher &amp; Paykel<\/strong> est con\u00e7u pour offrir une th\u00e9rapie CPAP simple, confortable et intuitive. Gr\u00e2ce \u00e0 son design minimaliste et \u00e0 son syst\u00e8me de maintien innovant, il s\u2019adapte naturellement au visage pour une exp\u00e9rience de traitement plus fluide, de jour comme de nuit.<\/p>\n<p data-start=\"408\" data-end=\"796\">Le <strong data-start=\"411\" data-end=\"429\">F&amp;P Solo Nasal<\/strong> se distingue par sa conception l\u00e9g\u00e8re et son harnais AutoFit\u2122, qui se met en place facilement sans ajustements complexes. Le coussin nasal \u00e9pouse d\u00e9licatement la forme du nez, assurant une \u00e9tanch\u00e9it\u00e9 fiable tout en r\u00e9duisant les points de pression. Ce masque est id\u00e9al pour les utilisateurs recherchant simplicit\u00e9, confort et libert\u00e9 de mouvement pendant le sommeil.<\/p>\n<p data-start=\"798\" data-end=\"1003\">Pens\u00e9 pour un usage quotidien, le Solo Nasal combine discr\u00e9tion et performance, tout en facilitant l\u2019entretien et la mise en place. Une solution efficace pour une th\u00e9rapie CPAP confortable, sans compromis.<\/p>\n<h3 data-start=\"744\" data-end=\"798\">Type de produit<\/h3>\n<p data-start=\"744\" data-end=\"798\">Masque nasal pour th\u00e9rapie CPAP.<\/p>\n<h3 data-start=\"800\" data-end=\"985\">Compatibilit\u00e9<\/h3>\n<p data-start=\"800\" data-end=\"985\">Compatible avec la majorit\u00e9 des appareils CPAP, BiPAP et APAP gr\u00e2ce \u00e0 un connecteur standard. V\u00e9rifiez la compatibilit\u00e9 sp\u00e9cifique avec votre appareil si n\u00e9cessaire.<\/p>\n<h3 data-start=\"987\" data-end=\"1185\">Confort &amp; \u00e9tanch\u00e9it\u00e9<\/h3>\n<p data-start=\"987\" data-end=\"1185\">Design compact et l\u00e9ger qui diminue les points de contact pour un confort prolong\u00e9. La structure stable assure une \u00e9tanch\u00e9it\u00e9 efficace tout en minimisant les fuites d\u2019air.<\/p>\n","protected":false},"excerpt":{"rendered":"<p>Le masque nasal Solo\u2122 de Fisher &amp; Paykel est con\u00e7u pour offrir une th\u00e9rapie CPAP simple, confortable et intuitive. Gr\u00e2ce \u00e0 son design minimaliste et \u00e0 son syst\u00e8me de maintien innovant, il s\u2019adapte naturellement au visage pour une exp\u00e9rience de traitement plus fluide, de jour comme de nuit. Le F&amp;P Solo Nasal se distingue par [&hellip;]<\/p>\n","protected":false},"featured_media":267071,"comment_status":"closed","ping_status":"closed","template":"","meta":{"_et_pb_use_builder":"","_et_pb_old_content":"","_et_gb_content_width":"","inline_featured_image":false},"product_brand":[147],"product_cat":[85],"product_tag":[],"class_list":{"0":"post-255332","1":"product","2":"type-product","3":"status-publish","4":"has-post-thumbnail","6":"product_brand-fisher-paykel","7":"product_cat-nasal","8":"pa_brand-fisher-paykel","9":"pa_taille-l","10":"pa_taille-s","12":"first","13":"instock","14":"taxable","15":"shipping-taxable","16":"purchasable","17":"product-type-variable"},"acf":[],"yoast_head":"<!-- This site is optimized with the Yoast SEO plugin v27.5 - https:\/\/yoast.com\/product\/yoast-seo-wordpress\/ -->\n<title>Solo Nasal - Fisher &amp; Paykel | Oxysphair<\/title>\n<meta name=\"robots\" content=\"index, follow, max-snippet:-1, max-image-preview:large, max-video-preview:-1\" \/>\n<link rel=\"canonical\" href=\"https:\/\/www.oxysphair.be\/de\/produits\/schlafapnoe\/cpap-masken\/nasal-de\/solo-nasal-fisher-paykel\/\" \/>\n<meta property=\"og:locale\" content=\"de_DE\" \/>\n<meta property=\"og:type\" content=\"article\" \/>\n<meta property=\"og:title\" content=\"Solo Nasal - Fisher &amp; Paykel | Oxysphair\" \/>\n<meta property=\"og:description\" content=\"Le masque nasal Solo\u2122 de Fisher &amp; Paykel est con\u00e7u pour offrir une th\u00e9rapie CPAP simple, confortable et intuitive. Gr\u00e2ce \u00e0 son design minimaliste et \u00e0 son syst\u00e8me de maintien innovant, il s\u2019adapte naturellement au visage pour une exp\u00e9rience de traitement plus fluide, de jour comme de nuit. Le F&amp;P Solo Nasal se distingue par [&hellip;]\" \/>\n<meta property=\"og:url\" content=\"https:\/\/www.oxysphair.be\/de\/produits\/schlafapnoe\/cpap-masken\/nasal-de\/solo-nasal-fisher-paykel\/\" \/>\n<meta property=\"og:site_name\" content=\"Oxysphair\" \/>\n<meta property=\"article:modified_time\" content=\"2026-05-02T00:04:25+00:00\" \/>\n<meta property=\"og:image\" content=\"https:\/\/www.oxysphair.be\/wp-content\/uploads\/2024\/08\/images-3.jpeg\" \/>\n\t<meta property=\"og:image:width\" content=\"246\" \/>\n\t<meta property=\"og:image:height\" content=\"205\" \/>\n\t<meta property=\"og:image:type\" content=\"image\/jpeg\" \/>\n<meta name=\"twitter:card\" content=\"summary_large_image\" \/>\n<meta name=\"twitter:label1\" content=\"Gesch\u00e4tzte Lesezeit\" \/>\n\t<meta name=\"twitter:data1\" content=\"2\u00a0Minuten\" \/>\n<script type=\"application\/ld+json\" class=\"yoast-schema-graph\">{\"@context\":\"https:\\\/\\\/schema.org\",\"@graph\":[{\"@type\":\"WebPage\",\"@id\":\"https:\\\/\\\/www.oxysphair.be\\\/de\\\/produits\\\/schlafapnoe\\\/cpap-masken\\\/nasal-de\\\/solo-nasal-fisher-paykel\\\/\",\"url\":\"https:\\\/\\\/www.oxysphair.be\\\/de\\\/produits\\\/schlafapnoe\\\/cpap-masken\\\/nasal-de\\\/solo-nasal-fisher-paykel\\\/\",\"name\":\"Solo Nasal - Fisher & Paykel | Oxysphair\",\"isPartOf\":{\"@id\":\"https:\\\/\\\/www.oxysphair.be\\\/de\\\/#website\"},\"primaryImageOfPage\":{\"@id\":\"https:\\\/\\\/www.oxysphair.be\\\/de\\\/produits\\\/schlafapnoe\\\/cpap-masken\\\/nasal-de\\\/solo-nasal-fisher-paykel\\\/#primaryimage\"},\"image\":{\"@id\":\"https:\\\/\\\/www.oxysphair.be\\\/de\\\/produits\\\/schlafapnoe\\\/cpap-masken\\\/nasal-de\\\/solo-nasal-fisher-paykel\\\/#primaryimage\"},\"thumbnailUrl\":\"https:\\\/\\\/www.oxysphair.be\\\/wp-content\\\/uploads\\\/2024\\\/08\\\/images-3.jpeg\",\"datePublished\":\"2024-08-20T09:41:17+00:00\",\"dateModified\":\"2026-05-02T00:04:25+00:00\",\"breadcrumb\":{\"@id\":\"https:\\\/\\\/www.oxysphair.be\\\/de\\\/produits\\\/schlafapnoe\\\/cpap-masken\\\/nasal-de\\\/solo-nasal-fisher-paykel\\\/#breadcrumb\"},\"inLanguage\":\"de\",\"potentialAction\":[{\"@type\":\"ReadAction\",\"target\":[\"https:\\\/\\\/www.oxysphair.be\\\/de\\\/produits\\\/schlafapnoe\\\/cpap-masken\\\/nasal-de\\\/solo-nasal-fisher-paykel\\\/\"]}]},{\"@type\":\"ImageObject\",\"inLanguage\":\"de\",\"@id\":\"https:\\\/\\\/www.oxysphair.be\\\/de\\\/produits\\\/schlafapnoe\\\/cpap-masken\\\/nasal-de\\\/solo-nasal-fisher-paykel\\\/#primaryimage\",\"url\":\"https:\\\/\\\/www.oxysphair.be\\\/wp-content\\\/uploads\\\/2024\\\/08\\\/images-3.jpeg\",\"contentUrl\":\"https:\\\/\\\/www.oxysphair.be\\\/wp-content\\\/uploads\\\/2024\\\/08\\\/images-3.jpeg\",\"width\":246,\"height\":205},{\"@type\":\"BreadcrumbList\",\"@id\":\"https:\\\/\\\/www.oxysphair.be\\\/de\\\/produits\\\/schlafapnoe\\\/cpap-masken\\\/nasal-de\\\/solo-nasal-fisher-paykel\\\/#breadcrumb\",\"itemListElement\":[{\"@type\":\"ListItem\",\"position\":1,\"name\":\"Accueil\",\"item\":\"https:\\\/\\\/www.oxysphair.be\\\/de\\\/\"},{\"@type\":\"ListItem\",\"position\":2,\"name\":\"Produkte\",\"item\":\"https:\\\/\\\/www.oxysphair.be\\\/de\\\/shop-produkte\\\/\"},{\"@type\":\"ListItem\",\"position\":3,\"name\":\"Solo Nasal &#8211; Fisher &#038; Paykel\"}]},{\"@type\":\"WebSite\",\"@id\":\"https:\\\/\\\/www.oxysphair.be\\\/de\\\/#website\",\"url\":\"https:\\\/\\\/www.oxysphair.be\\\/de\\\/\",\"name\":\"Oxysphair\",\"description\":\"\",\"potentialAction\":[{\"@type\":\"SearchAction\",\"target\":{\"@type\":\"EntryPoint\",\"urlTemplate\":\"https:\\\/\\\/www.oxysphair.be\\\/de\\\/?s={search_term_string}\"},\"query-input\":{\"@type\":\"PropertyValueSpecification\",\"valueRequired\":true,\"valueName\":\"search_term_string\"}}],\"inLanguage\":\"de\"}]}<\/script>\n<!-- \/ Yoast SEO plugin. -->","yoast_head_json":{"title":"Solo Nasal - Fisher & Paykel | Oxysphair","robots":{"index":"index","follow":"follow","max-snippet":"max-snippet:-1","max-image-preview":"max-image-preview:large","max-video-preview":"max-video-preview:-1"},"canonical":"https:\/\/www.oxysphair.be\/de\/produits\/schlafapnoe\/cpap-masken\/nasal-de\/solo-nasal-fisher-paykel\/","og_locale":"de_DE","og_type":"article","og_title":"Solo Nasal - Fisher & Paykel | Oxysphair","og_description":"Le masque nasal Solo\u2122 de Fisher &amp; Paykel est con\u00e7u pour offrir une th\u00e9rapie CPAP simple, confortable et intuitive. Gr\u00e2ce \u00e0 son design minimaliste et \u00e0 son syst\u00e8me de maintien innovant, il s\u2019adapte naturellement au visage pour une exp\u00e9rience de traitement plus fluide, de jour comme de nuit. Le F&amp;P Solo Nasal se distingue par [&hellip;]","og_url":"https:\/\/www.oxysphair.be\/de\/produits\/schlafapnoe\/cpap-masken\/nasal-de\/solo-nasal-fisher-paykel\/","og_site_name":"Oxysphair","article_modified_time":"2026-05-02T00:04:25+00:00","og_image":[{"width":246,"height":205,"url":"https:\/\/www.oxysphair.be\/wp-content\/uploads\/2024\/08\/images-3.jpeg","type":"image\/jpeg"}],"twitter_card":"summary_large_image","twitter_misc":{"Gesch\u00e4tzte Lesezeit":"2\u00a0Minuten"},"schema":{"@context":"https:\/\/schema.org","@graph":[{"@type":"WebPage","@id":"https:\/\/www.oxysphair.be\/de\/produits\/schlafapnoe\/cpap-masken\/nasal-de\/solo-nasal-fisher-paykel\/","url":"https:\/\/www.oxysphair.be\/de\/produits\/schlafapnoe\/cpap-masken\/nasal-de\/solo-nasal-fisher-paykel\/","name":"Solo Nasal - Fisher & Paykel | Oxysphair","isPartOf":{"@id":"https:\/\/www.oxysphair.be\/de\/#website"},"primaryImageOfPage":{"@id":"https:\/\/www.oxysphair.be\/de\/produits\/schlafapnoe\/cpap-masken\/nasal-de\/solo-nasal-fisher-paykel\/#primaryimage"},"image":{"@id":"https:\/\/www.oxysphair.be\/de\/produits\/schlafapnoe\/cpap-masken\/nasal-de\/solo-nasal-fisher-paykel\/#primaryimage"},"thumbnailUrl":"https:\/\/www.oxysphair.be\/wp-content\/uploads\/2024\/08\/images-3.jpeg","datePublished":"2024-08-20T09:41:17+00:00","dateModified":"2026-05-02T00:04:25+00:00","breadcrumb":{"@id":"https:\/\/www.oxysphair.be\/de\/produits\/schlafapnoe\/cpap-masken\/nasal-de\/solo-nasal-fisher-paykel\/#breadcrumb"},"inLanguage":"de","potentialAction":[{"@type":"ReadAction","target":["https:\/\/www.oxysphair.be\/de\/produits\/schlafapnoe\/cpap-masken\/nasal-de\/solo-nasal-fisher-paykel\/"]}]},{"@type":"ImageObject","inLanguage":"de","@id":"https:\/\/www.oxysphair.be\/de\/produits\/schlafapnoe\/cpap-masken\/nasal-de\/solo-nasal-fisher-paykel\/#primaryimage","url":"https:\/\/www.oxysphair.be\/wp-content\/uploads\/2024\/08\/images-3.jpeg","contentUrl":"https:\/\/www.oxysphair.be\/wp-content\/uploads\/2024\/08\/images-3.jpeg","width":246,"height":205},{"@type":"BreadcrumbList","@id":"https:\/\/www.oxysphair.be\/de\/produits\/schlafapnoe\/cpap-masken\/nasal-de\/solo-nasal-fisher-paykel\/#breadcrumb","itemListElement":[{"@type":"ListItem","position":1,"name":"Accueil","item":"https:\/\/www.oxysphair.be\/de\/"},{"@type":"ListItem","position":2,"name":"Produkte","item":"https:\/\/www.oxysphair.be\/de\/shop-produkte\/"},{"@type":"ListItem","position":3,"name":"Solo Nasal &#8211; Fisher &#038; Paykel"}]},{"@type":"WebSite","@id":"https:\/\/www.oxysphair.be\/de\/#website","url":"https:\/\/www.oxysphair.be\/de\/","name":"Oxysphair","description":"","potentialAction":[{"@type":"SearchAction","target":{"@type":"EntryPoint","urlTemplate":"https:\/\/www.oxysphair.be\/de\/?s={search_term_string}"},"query-input":{"@type":"PropertyValueSpecification","valueRequired":true,"valueName":"search_term_string"}}],"inLanguage":"de"}]}},"_links":{"self":[{"href":"https:\/\/www.oxysphair.be\/de\/wp-json\/wp\/v2\/product\/255332","targetHints":{"allow":["GET"]}}],"collection":[{"href":"https:\/\/www.oxysphair.be\/de\/wp-json\/wp\/v2\/product"}],"about":[{"href":"https:\/\/www.oxysphair.be\/de\/wp-json\/wp\/v2\/types\/product"}],"replies":[{"embeddable":true,"href":"https:\/\/www.oxysphair.be\/de\/wp-json\/wp\/v2\/comments?post=255332"}],"wp:featuredmedia":[{"embeddable":true,"href":"https:\/\/www.oxysphair.be\/de\/wp-json\/wp\/v2\/media\/267071"}],"wp:attachment":[{"href":"https:\/\/www.oxysphair.be\/de\/wp-json\/wp\/v2\/media?parent=255332"}],"wp:term":[{"taxonomy":"product_brand","embeddable":true,"href":"https:\/\/www.oxysphair.be\/de\/wp-json\/wp\/v2\/product_brand?post=255332"},{"taxonomy":"product_cat","embeddable":true,"href":"https:\/\/www.oxysphair.be\/de\/wp-json\/wp\/v2\/product_cat?post=255332"},{"taxonomy":"product_tag","embeddable":true,"href":"https:\/\/www.oxysphair.be\/de\/wp-json\/wp\/v2\/product_tag?post=255332"}],"curies":[{"name":"wp","href":"https:\/\/api.w.org\/{rel}","templated":true}]}}