{"id":255521,"date":"2024-08-26T19:01:24","date_gmt":"2024-08-26T17:01:24","guid":{"rendered":"https:\/\/www.oxysphair.be\/?post_type=product&#038;p=255521"},"modified":"2026-05-13T16:22:46","modified_gmt":"2026-05-13T14:22:46","slug":"solo-nasal-wide-masque-compact-nasal-avec-la-technologie-autolock-fisher-paykel","status":"publish","type":"product","link":"https:\/\/www.oxysphair.be\/de\/produits\/schlafapnoe\/cpap-masken\/nasal-de\/solo-nasal-wide-masque-compact-nasal-avec-la-technologie-autolock-fisher-paykel\/","title":{"rendered":"Solo Nasal Wide &#8211; Masque Compact Nasal avec la Technologie AutoLock &#8211; Fisher &#038; Paykel"},"content":{"rendered":"<p data-start=\"174\" data-end=\"550\">Le <strong data-start=\"177\" data-end=\"196\">Solo Nasal Wide<\/strong> de Fisher &amp; Paykel est un masque nasal compact con\u00e7u pour offrir une th\u00e9rapie CPAP confortable, stable et adapt\u00e9e aux utilisateurs n\u00e9cessitant un espace l\u00e9g\u00e8rement plus large autour du nez. Dot\u00e9 de la <strong data-start=\"398\" data-end=\"422\">technologie AutoLock<\/strong>, il assure une fixation simple, fiable et rapide du coussin sur le cadre du masque, tout en maintenant une \u00e9tanch\u00e9it\u00e9 efficace.<\/p>\n<p data-start=\"552\" data-end=\"806\">Son design ergonomique minimise les points de contact avec le visage, offrant une sensation l\u00e9g\u00e8re et discr\u00e8te pendant la nuit. Le masque est id\u00e9al pour les utilisateurs qui cherchent une solution compacte sans compromis sur la performance ou le confort.<\/p>\n<h3 data-start=\"808\" data-end=\"870\">Type de produit<\/h3>\n<p data-start=\"808\" data-end=\"870\">Masque nasal compact pour th\u00e9rapie CPAP.<\/p>\n<h3 data-start=\"872\" data-end=\"1076\">Compatibilit\u00e9<\/h3>\n<p data-start=\"872\" data-end=\"1076\">Compatible avec la majorit\u00e9 des appareils CPAP, BiPAP et APAP gr\u00e2ce \u00e0 un connecteur standard, optimis\u00e9 pour s\u2019adapter aux syst\u00e8mes int\u00e9grant la technologie AutoLock de Fisher &amp; Paykel.<\/p>\n<h3 data-start=\"1078\" data-end=\"1349\">Confort &amp; \u00e9tanch\u00e9it\u00e9<\/h3>\n<p data-start=\"1078\" data-end=\"1349\">La conception compacte et la technologie AutoLock permettent un ajustement stable et une \u00e9tanch\u00e9it\u00e9 fiable autour de la zone nasale, r\u00e9duisant les fuites d\u2019air tout en maximisant le confort, m\u00eame pour les utilisateurs sensibles ou en mouvement.<\/p>\n<p data-start=\"1351\" data-end=\"1711\">\n","protected":false},"excerpt":{"rendered":"<p>Le Solo Nasal Wide de Fisher &amp; Paykel est un masque nasal compact con\u00e7u pour offrir une th\u00e9rapie CPAP confortable, stable et adapt\u00e9e aux utilisateurs n\u00e9cessitant un espace l\u00e9g\u00e8rement plus large autour du nez. Dot\u00e9 de la technologie AutoLock, il assure une fixation simple, fiable et rapide du coussin sur le cadre du masque, tout [&hellip;]<\/p>\n","protected":false},"featured_media":267050,"comment_status":"closed","ping_status":"closed","template":"","meta":{"_et_pb_use_builder":"","_et_pb_old_content":"","_et_gb_content_width":"","inline_featured_image":false},"product_brand":[147],"product_cat":[24,85,27,271],"product_tag":[],"class_list":{"0":"post-255521","1":"product","2":"type-product","3":"status-publish","4":"has-post-thumbnail","6":"product_brand-fisher-paykel","7":"product_cat-apnee-sommeil","8":"product_cat-nasal","9":"product_cat-masque-cpap","10":"product_cat-masques-nasaux","11":"pa_brand-fisher-paykel","13":"first","14":"instock","15":"taxable","16":"shipping-taxable","17":"purchasable","18":"product-type-simple"},"acf":[],"yoast_head":"<!-- This site is optimized with the Yoast SEO plugin v27.6 - https:\/\/yoast.com\/product\/yoast-seo-wordpress\/ -->\n<title>Solo Nasal Wide - Masque Compact Nasal avec la Technologie AutoLock - Fisher &amp; Paykel | Oxysphair<\/title>\n<meta name=\"robots\" content=\"index, follow, max-snippet:-1, max-image-preview:large, max-video-preview:-1\" \/>\n<link rel=\"canonical\" href=\"https:\/\/www.oxysphair.be\/de\/produits\/schlafapnoe\/cpap-masken\/nasal-de\/solo-nasal-wide-masque-compact-nasal-avec-la-technologie-autolock-fisher-paykel\/\" \/>\n<meta property=\"og:locale\" content=\"de_DE\" \/>\n<meta property=\"og:type\" content=\"article\" \/>\n<meta property=\"og:title\" content=\"Solo Nasal Wide - Masque Compact Nasal avec la Technologie AutoLock - Fisher &amp; Paykel | Oxysphair\" \/>\n<meta property=\"og:description\" content=\"Le Solo Nasal Wide de Fisher &amp; Paykel est un masque nasal compact con\u00e7u pour offrir une th\u00e9rapie CPAP confortable, stable et adapt\u00e9e aux utilisateurs n\u00e9cessitant un espace l\u00e9g\u00e8rement plus large autour du nez. Dot\u00e9 de la technologie AutoLock, il assure une fixation simple, fiable et rapide du coussin sur le cadre du masque, tout [&hellip;]\" \/>\n<meta property=\"og:url\" content=\"https:\/\/www.oxysphair.be\/de\/produits\/schlafapnoe\/cpap-masken\/nasal-de\/solo-nasal-wide-masque-compact-nasal-avec-la-technologie-autolock-fisher-paykel\/\" \/>\n<meta property=\"og:site_name\" content=\"Oxysphair\" \/>\n<meta property=\"article:modified_time\" content=\"2026-05-13T14:22:46+00:00\" \/>\n<meta property=\"og:image\" content=\"https:\/\/www.oxysphair.be\/wp-content\/uploads\/2025\/03\/fisher-paykel-healthcare-solo-nasal-mask-fisher-pa.webp\" \/>\n\t<meta property=\"og:image:width\" content=\"900\" \/>\n\t<meta property=\"og:image:height\" content=\"900\" \/>\n\t<meta property=\"og:image:type\" content=\"image\/webp\" \/>\n<meta name=\"twitter:card\" content=\"summary_large_image\" \/>\n<meta name=\"twitter:label1\" content=\"Gesch\u00e4tzte Lesezeit\" \/>\n\t<meta name=\"twitter:data1\" content=\"2\u00a0Minuten\" \/>\n<script type=\"application\/ld+json\" class=\"yoast-schema-graph\">{\"@context\":\"https:\\\/\\\/schema.org\",\"@graph\":[{\"@type\":\"WebPage\",\"@id\":\"https:\\\/\\\/www.oxysphair.be\\\/de\\\/produits\\\/schlafapnoe\\\/cpap-masken\\\/nasal-de\\\/solo-nasal-wide-masque-compact-nasal-avec-la-technologie-autolock-fisher-paykel\\\/\",\"url\":\"https:\\\/\\\/www.oxysphair.be\\\/de\\\/produits\\\/schlafapnoe\\\/cpap-masken\\\/nasal-de\\\/solo-nasal-wide-masque-compact-nasal-avec-la-technologie-autolock-fisher-paykel\\\/\",\"name\":\"Solo Nasal Wide - Masque Compact Nasal avec la Technologie AutoLock - Fisher & Paykel | Oxysphair\",\"isPartOf\":{\"@id\":\"https:\\\/\\\/www.oxysphair.be\\\/de\\\/#website\"},\"primaryImageOfPage\":{\"@id\":\"https:\\\/\\\/www.oxysphair.be\\\/de\\\/produits\\\/schlafapnoe\\\/cpap-masken\\\/nasal-de\\\/solo-nasal-wide-masque-compact-nasal-avec-la-technologie-autolock-fisher-paykel\\\/#primaryimage\"},\"image\":{\"@id\":\"https:\\\/\\\/www.oxysphair.be\\\/de\\\/produits\\\/schlafapnoe\\\/cpap-masken\\\/nasal-de\\\/solo-nasal-wide-masque-compact-nasal-avec-la-technologie-autolock-fisher-paykel\\\/#primaryimage\"},\"thumbnailUrl\":\"https:\\\/\\\/www.oxysphair.be\\\/wp-content\\\/uploads\\\/2025\\\/03\\\/fisher-paykel-healthcare-solo-nasal-mask-fisher-pa.webp\",\"datePublished\":\"2024-08-26T17:01:24+00:00\",\"dateModified\":\"2026-05-13T14:22:46+00:00\",\"breadcrumb\":{\"@id\":\"https:\\\/\\\/www.oxysphair.be\\\/de\\\/produits\\\/schlafapnoe\\\/cpap-masken\\\/nasal-de\\\/solo-nasal-wide-masque-compact-nasal-avec-la-technologie-autolock-fisher-paykel\\\/#breadcrumb\"},\"inLanguage\":\"de\",\"potentialAction\":[{\"@type\":\"ReadAction\",\"target\":[\"https:\\\/\\\/www.oxysphair.be\\\/de\\\/produits\\\/schlafapnoe\\\/cpap-masken\\\/nasal-de\\\/solo-nasal-wide-masque-compact-nasal-avec-la-technologie-autolock-fisher-paykel\\\/\"]}]},{\"@type\":\"ImageObject\",\"inLanguage\":\"de\",\"@id\":\"https:\\\/\\\/www.oxysphair.be\\\/de\\\/produits\\\/schlafapnoe\\\/cpap-masken\\\/nasal-de\\\/solo-nasal-wide-masque-compact-nasal-avec-la-technologie-autolock-fisher-paykel\\\/#primaryimage\",\"url\":\"https:\\\/\\\/www.oxysphair.be\\\/wp-content\\\/uploads\\\/2025\\\/03\\\/fisher-paykel-healthcare-solo-nasal-mask-fisher-pa.webp\",\"contentUrl\":\"https:\\\/\\\/www.oxysphair.be\\\/wp-content\\\/uploads\\\/2025\\\/03\\\/fisher-paykel-healthcare-solo-nasal-mask-fisher-pa.webp\",\"width\":900,\"height\":900},{\"@type\":\"BreadcrumbList\",\"@id\":\"https:\\\/\\\/www.oxysphair.be\\\/de\\\/produits\\\/schlafapnoe\\\/cpap-masken\\\/nasal-de\\\/solo-nasal-wide-masque-compact-nasal-avec-la-technologie-autolock-fisher-paykel\\\/#breadcrumb\",\"itemListElement\":[{\"@type\":\"ListItem\",\"position\":1,\"name\":\"Accueil\",\"item\":\"https:\\\/\\\/www.oxysphair.be\\\/de\\\/\"},{\"@type\":\"ListItem\",\"position\":2,\"name\":\"Produkte\",\"item\":\"https:\\\/\\\/www.oxysphair.be\\\/de\\\/shop-produkte\\\/\"},{\"@type\":\"ListItem\",\"position\":3,\"name\":\"Solo Nasal Wide &#8211; Masque Compact Nasal avec la Technologie AutoLock &#8211; Fisher &#038; Paykel\"}]},{\"@type\":\"WebSite\",\"@id\":\"https:\\\/\\\/www.oxysphair.be\\\/de\\\/#website\",\"url\":\"https:\\\/\\\/www.oxysphair.be\\\/de\\\/\",\"name\":\"Oxysphair\",\"description\":\"\",\"potentialAction\":[{\"@type\":\"SearchAction\",\"target\":{\"@type\":\"EntryPoint\",\"urlTemplate\":\"https:\\\/\\\/www.oxysphair.be\\\/de\\\/?s={search_term_string}\"},\"query-input\":{\"@type\":\"PropertyValueSpecification\",\"valueRequired\":true,\"valueName\":\"search_term_string\"}}],\"inLanguage\":\"de\"}]}<\/script>\n<!-- \/ Yoast SEO plugin. -->","yoast_head_json":{"title":"Solo Nasal Wide - Masque Compact Nasal avec la Technologie AutoLock - Fisher & Paykel | Oxysphair","robots":{"index":"index","follow":"follow","max-snippet":"max-snippet:-1","max-image-preview":"max-image-preview:large","max-video-preview":"max-video-preview:-1"},"canonical":"https:\/\/www.oxysphair.be\/de\/produits\/schlafapnoe\/cpap-masken\/nasal-de\/solo-nasal-wide-masque-compact-nasal-avec-la-technologie-autolock-fisher-paykel\/","og_locale":"de_DE","og_type":"article","og_title":"Solo Nasal Wide - Masque Compact Nasal avec la Technologie AutoLock - Fisher & Paykel | Oxysphair","og_description":"Le Solo Nasal Wide de Fisher &amp; Paykel est un masque nasal compact con\u00e7u pour offrir une th\u00e9rapie CPAP confortable, stable et adapt\u00e9e aux utilisateurs n\u00e9cessitant un espace l\u00e9g\u00e8rement plus large autour du nez. Dot\u00e9 de la technologie AutoLock, il assure une fixation simple, fiable et rapide du coussin sur le cadre du masque, tout [&hellip;]","og_url":"https:\/\/www.oxysphair.be\/de\/produits\/schlafapnoe\/cpap-masken\/nasal-de\/solo-nasal-wide-masque-compact-nasal-avec-la-technologie-autolock-fisher-paykel\/","og_site_name":"Oxysphair","article_modified_time":"2026-05-13T14:22:46+00:00","og_image":[{"width":900,"height":900,"url":"https:\/\/www.oxysphair.be\/wp-content\/uploads\/2025\/03\/fisher-paykel-healthcare-solo-nasal-mask-fisher-pa.webp","type":"image\/webp"}],"twitter_card":"summary_large_image","twitter_misc":{"Gesch\u00e4tzte Lesezeit":"2\u00a0Minuten"},"schema":{"@context":"https:\/\/schema.org","@graph":[{"@type":"WebPage","@id":"https:\/\/www.oxysphair.be\/de\/produits\/schlafapnoe\/cpap-masken\/nasal-de\/solo-nasal-wide-masque-compact-nasal-avec-la-technologie-autolock-fisher-paykel\/","url":"https:\/\/www.oxysphair.be\/de\/produits\/schlafapnoe\/cpap-masken\/nasal-de\/solo-nasal-wide-masque-compact-nasal-avec-la-technologie-autolock-fisher-paykel\/","name":"Solo Nasal Wide - Masque Compact Nasal avec la Technologie AutoLock - Fisher & Paykel | Oxysphair","isPartOf":{"@id":"https:\/\/www.oxysphair.be\/de\/#website"},"primaryImageOfPage":{"@id":"https:\/\/www.oxysphair.be\/de\/produits\/schlafapnoe\/cpap-masken\/nasal-de\/solo-nasal-wide-masque-compact-nasal-avec-la-technologie-autolock-fisher-paykel\/#primaryimage"},"image":{"@id":"https:\/\/www.oxysphair.be\/de\/produits\/schlafapnoe\/cpap-masken\/nasal-de\/solo-nasal-wide-masque-compact-nasal-avec-la-technologie-autolock-fisher-paykel\/#primaryimage"},"thumbnailUrl":"https:\/\/www.oxysphair.be\/wp-content\/uploads\/2025\/03\/fisher-paykel-healthcare-solo-nasal-mask-fisher-pa.webp","datePublished":"2024-08-26T17:01:24+00:00","dateModified":"2026-05-13T14:22:46+00:00","breadcrumb":{"@id":"https:\/\/www.oxysphair.be\/de\/produits\/schlafapnoe\/cpap-masken\/nasal-de\/solo-nasal-wide-masque-compact-nasal-avec-la-technologie-autolock-fisher-paykel\/#breadcrumb"},"inLanguage":"de","potentialAction":[{"@type":"ReadAction","target":["https:\/\/www.oxysphair.be\/de\/produits\/schlafapnoe\/cpap-masken\/nasal-de\/solo-nasal-wide-masque-compact-nasal-avec-la-technologie-autolock-fisher-paykel\/"]}]},{"@type":"ImageObject","inLanguage":"de","@id":"https:\/\/www.oxysphair.be\/de\/produits\/schlafapnoe\/cpap-masken\/nasal-de\/solo-nasal-wide-masque-compact-nasal-avec-la-technologie-autolock-fisher-paykel\/#primaryimage","url":"https:\/\/www.oxysphair.be\/wp-content\/uploads\/2025\/03\/fisher-paykel-healthcare-solo-nasal-mask-fisher-pa.webp","contentUrl":"https:\/\/www.oxysphair.be\/wp-content\/uploads\/2025\/03\/fisher-paykel-healthcare-solo-nasal-mask-fisher-pa.webp","width":900,"height":900},{"@type":"BreadcrumbList","@id":"https:\/\/www.oxysphair.be\/de\/produits\/schlafapnoe\/cpap-masken\/nasal-de\/solo-nasal-wide-masque-compact-nasal-avec-la-technologie-autolock-fisher-paykel\/#breadcrumb","itemListElement":[{"@type":"ListItem","position":1,"name":"Accueil","item":"https:\/\/www.oxysphair.be\/de\/"},{"@type":"ListItem","position":2,"name":"Produkte","item":"https:\/\/www.oxysphair.be\/de\/shop-produkte\/"},{"@type":"ListItem","position":3,"name":"Solo Nasal Wide &#8211; Masque Compact Nasal avec la Technologie AutoLock &#8211; Fisher &#038; Paykel"}]},{"@type":"WebSite","@id":"https:\/\/www.oxysphair.be\/de\/#website","url":"https:\/\/www.oxysphair.be\/de\/","name":"Oxysphair","description":"","potentialAction":[{"@type":"SearchAction","target":{"@type":"EntryPoint","urlTemplate":"https:\/\/www.oxysphair.be\/de\/?s={search_term_string}"},"query-input":{"@type":"PropertyValueSpecification","valueRequired":true,"valueName":"search_term_string"}}],"inLanguage":"de"}]}},"_links":{"self":[{"href":"https:\/\/www.oxysphair.be\/de\/wp-json\/wp\/v2\/product\/255521","targetHints":{"allow":["GET"]}}],"collection":[{"href":"https:\/\/www.oxysphair.be\/de\/wp-json\/wp\/v2\/product"}],"about":[{"href":"https:\/\/www.oxysphair.be\/de\/wp-json\/wp\/v2\/types\/product"}],"replies":[{"embeddable":true,"href":"https:\/\/www.oxysphair.be\/de\/wp-json\/wp\/v2\/comments?post=255521"}],"wp:featuredmedia":[{"embeddable":true,"href":"https:\/\/www.oxysphair.be\/de\/wp-json\/wp\/v2\/media\/267050"}],"wp:attachment":[{"href":"https:\/\/www.oxysphair.be\/de\/wp-json\/wp\/v2\/media?parent=255521"}],"wp:term":[{"taxonomy":"product_brand","embeddable":true,"href":"https:\/\/www.oxysphair.be\/de\/wp-json\/wp\/v2\/product_brand?post=255521"},{"taxonomy":"product_cat","embeddable":true,"href":"https:\/\/www.oxysphair.be\/de\/wp-json\/wp\/v2\/product_cat?post=255521"},{"taxonomy":"product_tag","embeddable":true,"href":"https:\/\/www.oxysphair.be\/de\/wp-json\/wp\/v2\/product_tag?post=255521"}],"curies":[{"name":"wp","href":"https:\/\/api.w.org\/{rel}","templated":true}]}}