{"id":255535,"date":"2024-08-27T18:18:05","date_gmt":"2024-08-27T16:18:05","guid":{"rendered":"https:\/\/www.oxysphair.be\/?post_type=product&#038;p=255535"},"modified":"2026-04-12T12:22:08","modified_gmt":"2026-04-12T10:22:08","slug":"cushion-mirage-fx-std","status":"publish","type":"product","link":"https:\/\/www.oxysphair.be\/de\/produits\/schlafapnoe\/cpap-zubehor\/cushion-mirage-fx-std\/","title":{"rendered":"Cushion Mirage FX &#8211; Std &#8211; Resmed"},"content":{"rendered":"<p data-start=\"107\" data-end=\"382\">Le coussin nasal Mirage FX Standard de ResMed est un \u00e9l\u00e9ment de remplacement essentiel pour maintenir le confort et l\u2019efficacit\u00e9 de votre masque CPAP Mirage FX. Con\u00e7u en silicone souple, il assure une \u00e9tanch\u00e9it\u00e9 fiable tout en s\u2019adaptant naturellement aux contours du visage.<\/p>\n<p data-start=\"384\" data-end=\"680\">Sp\u00e9cifiquement d\u00e9velopp\u00e9 pour le masque Mirage FX, ce coussin permet de restaurer les performances d\u2019origine du masque en limitant les fuites d\u2019air et en am\u00e9liorant le confort pendant la th\u00e9rapie CPAP. Il constitue une solution id\u00e9ale en cas d\u2019usure ou de perte d\u2019efficacit\u00e9 du coussin d\u2019origine.<\/p>\n<p data-start=\"682\" data-end=\"868\">Facile \u00e0 installer, le coussin Mirage FX Standard contribue \u00e0 prolonger la dur\u00e9e de vie de votre masque tout en garantissant une exp\u00e9rience de th\u00e9rapie stable, confortable et hygi\u00e9nique.<\/p>\n","protected":false},"excerpt":{"rendered":"<p>Le coussin nasal Mirage FX Standard de ResMed est un \u00e9l\u00e9ment de remplacement essentiel pour maintenir le confort et l\u2019efficacit\u00e9 de votre masque CPAP Mirage FX. Con\u00e7u en silicone souple, il assure une \u00e9tanch\u00e9it\u00e9 fiable tout en s\u2019adaptant naturellement aux contours du visage. Sp\u00e9cifiquement d\u00e9velopp\u00e9 pour le masque Mirage FX, ce coussin permet de restaurer [&hellip;]<\/p>\n","protected":false},"featured_media":267065,"comment_status":"closed","ping_status":"closed","template":"","meta":{"_et_pb_use_builder":"","_et_pb_old_content":"","_et_gb_content_width":"","inline_featured_image":false},"product_brand":[248],"product_cat":[28],"product_tag":[],"class_list":{"0":"post-255535","1":"product","2":"type-product","3":"status-publish","4":"has-post-thumbnail","6":"product_brand-resmed","7":"product_cat-accessoires-cpap","8":"pa_brand-resmed","10":"first","11":"instock","12":"taxable","13":"shipping-taxable","14":"purchasable","15":"product-type-simple"},"acf":[],"yoast_head":"<!-- This site is optimized with the Yoast SEO plugin v27.3 - https:\/\/yoast.com\/product\/yoast-seo-wordpress\/ -->\n<title>Cushion Mirage FX - Std - Resmed | Oxysphair<\/title>\n<meta name=\"robots\" content=\"index, follow, max-snippet:-1, max-image-preview:large, max-video-preview:-1\" \/>\n<link rel=\"canonical\" href=\"https:\/\/www.oxysphair.be\/de\/produits\/schlafapnoe\/cpap-zubehor\/cushion-mirage-fx-std\/\" \/>\n<meta property=\"og:locale\" content=\"de_DE\" \/>\n<meta property=\"og:type\" content=\"article\" \/>\n<meta property=\"og:title\" content=\"Cushion Mirage FX - Std - Resmed | Oxysphair\" \/>\n<meta property=\"og:description\" content=\"Le coussin nasal Mirage FX Standard de ResMed est un \u00e9l\u00e9ment de remplacement essentiel pour maintenir le confort et l\u2019efficacit\u00e9 de votre masque CPAP Mirage FX. Con\u00e7u en silicone souple, il assure une \u00e9tanch\u00e9it\u00e9 fiable tout en s\u2019adaptant naturellement aux contours du visage. Sp\u00e9cifiquement d\u00e9velopp\u00e9 pour le masque Mirage FX, ce coussin permet de restaurer [&hellip;]\" \/>\n<meta property=\"og:url\" content=\"https:\/\/www.oxysphair.be\/de\/produits\/schlafapnoe\/cpap-zubehor\/cushion-mirage-fx-std\/\" \/>\n<meta property=\"og:site_name\" content=\"Oxysphair\" \/>\n<meta property=\"article:modified_time\" content=\"2026-04-12T10:22:08+00:00\" \/>\n<meta name=\"twitter:card\" content=\"summary_large_image\" \/>\n<meta name=\"twitter:label1\" content=\"Gesch\u00e4tzte Lesezeit\" \/>\n\t<meta name=\"twitter:data1\" content=\"1\u00a0Minute\" \/>\n<script type=\"application\/ld+json\" class=\"yoast-schema-graph\">{\"@context\":\"https:\\\/\\\/schema.org\",\"@graph\":[{\"@type\":\"WebPage\",\"@id\":\"https:\\\/\\\/www.oxysphair.be\\\/de\\\/produits\\\/schlafapnoe\\\/cpap-zubehor\\\/cushion-mirage-fx-std\\\/\",\"url\":\"https:\\\/\\\/www.oxysphair.be\\\/de\\\/produits\\\/schlafapnoe\\\/cpap-zubehor\\\/cushion-mirage-fx-std\\\/\",\"name\":\"Cushion Mirage FX - Std - Resmed | Oxysphair\",\"isPartOf\":{\"@id\":\"https:\\\/\\\/www.oxysphair.be\\\/de\\\/#website\"},\"primaryImageOfPage\":{\"@id\":\"https:\\\/\\\/www.oxysphair.be\\\/de\\\/produits\\\/schlafapnoe\\\/cpap-zubehor\\\/cushion-mirage-fx-std\\\/#primaryimage\"},\"image\":{\"@id\":\"https:\\\/\\\/www.oxysphair.be\\\/de\\\/produits\\\/schlafapnoe\\\/cpap-zubehor\\\/cushion-mirage-fx-std\\\/#primaryimage\"},\"thumbnailUrl\":\"https:\\\/\\\/www.oxysphair.be\\\/wp-content\\\/uploads\\\/2024\\\/08\\\/8806278168606.avif\",\"datePublished\":\"2024-08-27T16:18:05+00:00\",\"dateModified\":\"2026-04-12T10:22:08+00:00\",\"breadcrumb\":{\"@id\":\"https:\\\/\\\/www.oxysphair.be\\\/de\\\/produits\\\/schlafapnoe\\\/cpap-zubehor\\\/cushion-mirage-fx-std\\\/#breadcrumb\"},\"inLanguage\":\"de\",\"potentialAction\":[{\"@type\":\"ReadAction\",\"target\":[\"https:\\\/\\\/www.oxysphair.be\\\/de\\\/produits\\\/schlafapnoe\\\/cpap-zubehor\\\/cushion-mirage-fx-std\\\/\"]}]},{\"@type\":\"ImageObject\",\"inLanguage\":\"de\",\"@id\":\"https:\\\/\\\/www.oxysphair.be\\\/de\\\/produits\\\/schlafapnoe\\\/cpap-zubehor\\\/cushion-mirage-fx-std\\\/#primaryimage\",\"url\":\"https:\\\/\\\/www.oxysphair.be\\\/wp-content\\\/uploads\\\/2024\\\/08\\\/8806278168606.avif\",\"contentUrl\":\"https:\\\/\\\/www.oxysphair.be\\\/wp-content\\\/uploads\\\/2024\\\/08\\\/8806278168606.avif\",\"width\":1000,\"height\":1000},{\"@type\":\"BreadcrumbList\",\"@id\":\"https:\\\/\\\/www.oxysphair.be\\\/de\\\/produits\\\/schlafapnoe\\\/cpap-zubehor\\\/cushion-mirage-fx-std\\\/#breadcrumb\",\"itemListElement\":[{\"@type\":\"ListItem\",\"position\":1,\"name\":\"Accueil\",\"item\":\"https:\\\/\\\/www.oxysphair.be\\\/de\\\/\"},{\"@type\":\"ListItem\",\"position\":2,\"name\":\"Produkte\",\"item\":\"https:\\\/\\\/www.oxysphair.be\\\/de\\\/shop-produkte\\\/\"},{\"@type\":\"ListItem\",\"position\":3,\"name\":\"Cushion Mirage FX &#8211; Std &#8211; Resmed\"}]},{\"@type\":\"WebSite\",\"@id\":\"https:\\\/\\\/www.oxysphair.be\\\/de\\\/#website\",\"url\":\"https:\\\/\\\/www.oxysphair.be\\\/de\\\/\",\"name\":\"Oxysphair\",\"description\":\"\",\"potentialAction\":[{\"@type\":\"SearchAction\",\"target\":{\"@type\":\"EntryPoint\",\"urlTemplate\":\"https:\\\/\\\/www.oxysphair.be\\\/de\\\/?s={search_term_string}\"},\"query-input\":{\"@type\":\"PropertyValueSpecification\",\"valueRequired\":true,\"valueName\":\"search_term_string\"}}],\"inLanguage\":\"de\"}]}<\/script>\n<!-- \/ Yoast SEO plugin. -->","yoast_head_json":{"title":"Cushion Mirage FX - Std - Resmed | Oxysphair","robots":{"index":"index","follow":"follow","max-snippet":"max-snippet:-1","max-image-preview":"max-image-preview:large","max-video-preview":"max-video-preview:-1"},"canonical":"https:\/\/www.oxysphair.be\/de\/produits\/schlafapnoe\/cpap-zubehor\/cushion-mirage-fx-std\/","og_locale":"de_DE","og_type":"article","og_title":"Cushion Mirage FX - Std - Resmed | Oxysphair","og_description":"Le coussin nasal Mirage FX Standard de ResMed est un \u00e9l\u00e9ment de remplacement essentiel pour maintenir le confort et l\u2019efficacit\u00e9 de votre masque CPAP Mirage FX. Con\u00e7u en silicone souple, il assure une \u00e9tanch\u00e9it\u00e9 fiable tout en s\u2019adaptant naturellement aux contours du visage. Sp\u00e9cifiquement d\u00e9velopp\u00e9 pour le masque Mirage FX, ce coussin permet de restaurer [&hellip;]","og_url":"https:\/\/www.oxysphair.be\/de\/produits\/schlafapnoe\/cpap-zubehor\/cushion-mirage-fx-std\/","og_site_name":"Oxysphair","article_modified_time":"2026-04-12T10:22:08+00:00","twitter_card":"summary_large_image","twitter_misc":{"Gesch\u00e4tzte Lesezeit":"1\u00a0Minute"},"schema":{"@context":"https:\/\/schema.org","@graph":[{"@type":"WebPage","@id":"https:\/\/www.oxysphair.be\/de\/produits\/schlafapnoe\/cpap-zubehor\/cushion-mirage-fx-std\/","url":"https:\/\/www.oxysphair.be\/de\/produits\/schlafapnoe\/cpap-zubehor\/cushion-mirage-fx-std\/","name":"Cushion Mirage FX - Std - Resmed | Oxysphair","isPartOf":{"@id":"https:\/\/www.oxysphair.be\/de\/#website"},"primaryImageOfPage":{"@id":"https:\/\/www.oxysphair.be\/de\/produits\/schlafapnoe\/cpap-zubehor\/cushion-mirage-fx-std\/#primaryimage"},"image":{"@id":"https:\/\/www.oxysphair.be\/de\/produits\/schlafapnoe\/cpap-zubehor\/cushion-mirage-fx-std\/#primaryimage"},"thumbnailUrl":"https:\/\/www.oxysphair.be\/wp-content\/uploads\/2024\/08\/8806278168606.avif","datePublished":"2024-08-27T16:18:05+00:00","dateModified":"2026-04-12T10:22:08+00:00","breadcrumb":{"@id":"https:\/\/www.oxysphair.be\/de\/produits\/schlafapnoe\/cpap-zubehor\/cushion-mirage-fx-std\/#breadcrumb"},"inLanguage":"de","potentialAction":[{"@type":"ReadAction","target":["https:\/\/www.oxysphair.be\/de\/produits\/schlafapnoe\/cpap-zubehor\/cushion-mirage-fx-std\/"]}]},{"@type":"ImageObject","inLanguage":"de","@id":"https:\/\/www.oxysphair.be\/de\/produits\/schlafapnoe\/cpap-zubehor\/cushion-mirage-fx-std\/#primaryimage","url":"https:\/\/www.oxysphair.be\/wp-content\/uploads\/2024\/08\/8806278168606.avif","contentUrl":"https:\/\/www.oxysphair.be\/wp-content\/uploads\/2024\/08\/8806278168606.avif","width":1000,"height":1000},{"@type":"BreadcrumbList","@id":"https:\/\/www.oxysphair.be\/de\/produits\/schlafapnoe\/cpap-zubehor\/cushion-mirage-fx-std\/#breadcrumb","itemListElement":[{"@type":"ListItem","position":1,"name":"Accueil","item":"https:\/\/www.oxysphair.be\/de\/"},{"@type":"ListItem","position":2,"name":"Produkte","item":"https:\/\/www.oxysphair.be\/de\/shop-produkte\/"},{"@type":"ListItem","position":3,"name":"Cushion Mirage FX &#8211; Std &#8211; Resmed"}]},{"@type":"WebSite","@id":"https:\/\/www.oxysphair.be\/de\/#website","url":"https:\/\/www.oxysphair.be\/de\/","name":"Oxysphair","description":"","potentialAction":[{"@type":"SearchAction","target":{"@type":"EntryPoint","urlTemplate":"https:\/\/www.oxysphair.be\/de\/?s={search_term_string}"},"query-input":{"@type":"PropertyValueSpecification","valueRequired":true,"valueName":"search_term_string"}}],"inLanguage":"de"}]}},"_links":{"self":[{"href":"https:\/\/www.oxysphair.be\/de\/wp-json\/wp\/v2\/product\/255535","targetHints":{"allow":["GET"]}}],"collection":[{"href":"https:\/\/www.oxysphair.be\/de\/wp-json\/wp\/v2\/product"}],"about":[{"href":"https:\/\/www.oxysphair.be\/de\/wp-json\/wp\/v2\/types\/product"}],"replies":[{"embeddable":true,"href":"https:\/\/www.oxysphair.be\/de\/wp-json\/wp\/v2\/comments?post=255535"}],"wp:featuredmedia":[{"embeddable":true,"href":"https:\/\/www.oxysphair.be\/de\/wp-json\/wp\/v2\/media\/267065"}],"wp:attachment":[{"href":"https:\/\/www.oxysphair.be\/de\/wp-json\/wp\/v2\/media?parent=255535"}],"wp:term":[{"taxonomy":"product_brand","embeddable":true,"href":"https:\/\/www.oxysphair.be\/de\/wp-json\/wp\/v2\/product_brand?post=255535"},{"taxonomy":"product_cat","embeddable":true,"href":"https:\/\/www.oxysphair.be\/de\/wp-json\/wp\/v2\/product_cat?post=255535"},{"taxonomy":"product_tag","embeddable":true,"href":"https:\/\/www.oxysphair.be\/de\/wp-json\/wp\/v2\/product_tag?post=255535"}],"curies":[{"name":"wp","href":"https:\/\/api.w.org\/{rel}","templated":true}]}}