{"id":255874,"date":"2024-09-17T16:00:08","date_gmt":"2024-09-17T14:00:08","guid":{"rendered":"https:\/\/www.oxysphair.be\/?post_type=product&#038;p=255874"},"modified":"2026-05-05T14:22:11","modified_gmt":"2026-05-05T12:22:11","slug":"inogen-g4-tamis","status":"publish","type":"product","link":"https:\/\/www.oxysphair.be\/de\/produits\/sauerstofftherapie\/zubehor-fur-sauerstofftherapie\/inogen-g4-tamis\/","title":{"rendered":"Tamis Inogen G4"},"content":{"rendered":"<p data-start=\"166\" data-end=\"488\">Le <strong data-start=\"169\" data-end=\"197\">tamis pour Inogen One G4<\/strong> est un composant essentiel au bon fonctionnement de votre concentrateur d\u2019oxyg\u00e8ne portable. Il intervient directement dans le processus de concentration de l\u2019oxyg\u00e8ne en s\u00e9parant l\u2019azote de l\u2019air ambiant afin de fournir un oxyg\u00e8ne \u00e0 haute puret\u00e9, conforme aux exigences de l\u2019oxyg\u00e9noth\u00e9rapie.<\/p>\n<p data-start=\"490\" data-end=\"823\">Sp\u00e9cialement con\u00e7u pour le <strong data-start=\"517\" data-end=\"548\">concentrateur Inogen One G4<\/strong>, ce tamis garantit une performance optimale et une fiabilit\u00e9 constante, aussi bien \u00e0 domicile qu\u2019en d\u00e9placement. Son bon \u00e9tat est indispensable pour assurer une d\u00e9livrance d\u2019oxyg\u00e8ne efficace et pr\u00e9server les performances de l\u2019appareil selon les recommandations du fabricant.<\/p>\n<p data-start=\"825\" data-end=\"1093\">Facile \u00e0 installer, le tamis Inogen G4 contribue \u00e0 prolonger la dur\u00e9e de vie de votre concentrateur tout en maintenant la qualit\u00e9 de votre traitement. Il est id\u00e9al pour les utilisateurs souhaitant assurer la continuit\u00e9 et l\u2019efficacit\u00e9 de leur oxyg\u00e9noth\u00e9rapie portable.<\/p>\n<h3 data-start=\"1095\" data-end=\"1116\">Type de produit<\/h3>\n<p data-start=\"1117\" data-end=\"1183\">Tamis (colonne de tamisage) pour concentrateur d\u2019oxyg\u00e8ne portable.<\/p>\n<h3 data-start=\"1185\" data-end=\"1204\">Compatibilit\u00e9<\/h3>\n<p data-start=\"1205\" data-end=\"1280\">Compatible exclusivement avec le concentrateur d\u2019oxyg\u00e8ne <strong data-start=\"1262\" data-end=\"1279\">Inogen One G4<\/strong>.<\/p>\n<h3 data-start=\"1282\" data-end=\"1311\">Performance &amp; fiabilit\u00e9<\/h3>\n<p data-start=\"1312\" data-end=\"1478\">Assure une concentration optimale de l\u2019oxyg\u00e8ne en filtrant l\u2019azote de l\u2019air ambiant, garantissant une oxyg\u00e9noth\u00e9rapie efficace et conforme aux standards du fabricant.<\/p>\n","protected":false},"excerpt":{"rendered":"<p>Le tamis pour Inogen One G4 est un composant essentiel au bon fonctionnement de votre concentrateur d\u2019oxyg\u00e8ne portable. Il intervient directement dans le processus de concentration de l\u2019oxyg\u00e8ne en s\u00e9parant l\u2019azote de l\u2019air ambiant afin de fournir un oxyg\u00e8ne \u00e0 haute puret\u00e9, conforme aux exigences de l\u2019oxyg\u00e9noth\u00e9rapie. Sp\u00e9cialement con\u00e7u pour le concentrateur Inogen One G4, [&hellip;]<\/p>\n","protected":false},"featured_media":267059,"comment_status":"closed","ping_status":"closed","template":"","meta":{"_et_pb_use_builder":"","_et_pb_old_content":"","_et_gb_content_width":"","inline_featured_image":false},"product_brand":[242],"product_cat":[30],"product_tag":[],"class_list":{"0":"post-255874","1":"product","2":"type-product","3":"status-publish","4":"has-post-thumbnail","6":"product_brand-inogen","7":"product_cat-accessoires-concentrateur-oxygene","8":"pa_brand-inogen","10":"first","11":"instock","12":"taxable","13":"shipping-taxable","14":"purchasable","15":"product-type-simple"},"acf":[],"yoast_head":"<!-- This site is optimized with the Yoast SEO plugin v27.5 - https:\/\/yoast.com\/product\/yoast-seo-wordpress\/ -->\n<title>Tamis Inogen G4 | Oxysphair<\/title>\n<meta name=\"robots\" content=\"index, follow, max-snippet:-1, max-image-preview:large, max-video-preview:-1\" \/>\n<link rel=\"canonical\" href=\"https:\/\/www.oxysphair.be\/de\/produits\/sauerstofftherapie\/zubehor-fur-sauerstofftherapie\/inogen-g4-tamis\/\" \/>\n<meta property=\"og:locale\" content=\"de_DE\" \/>\n<meta property=\"og:type\" content=\"article\" \/>\n<meta property=\"og:title\" content=\"Tamis Inogen G4 | Oxysphair\" \/>\n<meta property=\"og:description\" content=\"Le tamis pour Inogen One G4 est un composant essentiel au bon fonctionnement de votre concentrateur d\u2019oxyg\u00e8ne portable. Il intervient directement dans le processus de concentration de l\u2019oxyg\u00e8ne en s\u00e9parant l\u2019azote de l\u2019air ambiant afin de fournir un oxyg\u00e8ne \u00e0 haute puret\u00e9, conforme aux exigences de l\u2019oxyg\u00e9noth\u00e9rapie. Sp\u00e9cialement con\u00e7u pour le concentrateur Inogen One G4, [&hellip;]\" \/>\n<meta property=\"og:url\" content=\"https:\/\/www.oxysphair.be\/de\/produits\/sauerstofftherapie\/zubehor-fur-sauerstofftherapie\/inogen-g4-tamis\/\" \/>\n<meta property=\"og:site_name\" content=\"Oxysphair\" \/>\n<meta property=\"article:modified_time\" content=\"2026-05-05T12:22:11+00:00\" \/>\n<meta property=\"og:image\" content=\"https:\/\/www.oxysphair.be\/wp-content\/uploads\/2024\/09\/8004.jpg\" \/>\n\t<meta property=\"og:image:width\" content=\"2048\" \/>\n\t<meta property=\"og:image:height\" content=\"2048\" \/>\n\t<meta property=\"og:image:type\" content=\"image\/jpeg\" \/>\n<meta name=\"twitter:card\" content=\"summary_large_image\" \/>\n<meta name=\"twitter:label1\" content=\"Gesch\u00e4tzte Lesezeit\" \/>\n\t<meta name=\"twitter:data1\" content=\"2\u00a0Minuten\" \/>\n<script type=\"application\/ld+json\" class=\"yoast-schema-graph\">{\"@context\":\"https:\\\/\\\/schema.org\",\"@graph\":[{\"@type\":\"WebPage\",\"@id\":\"https:\\\/\\\/www.oxysphair.be\\\/de\\\/produits\\\/sauerstofftherapie\\\/zubehor-fur-sauerstofftherapie\\\/inogen-g4-tamis\\\/\",\"url\":\"https:\\\/\\\/www.oxysphair.be\\\/de\\\/produits\\\/sauerstofftherapie\\\/zubehor-fur-sauerstofftherapie\\\/inogen-g4-tamis\\\/\",\"name\":\"Tamis Inogen G4 | Oxysphair\",\"isPartOf\":{\"@id\":\"https:\\\/\\\/www.oxysphair.be\\\/de\\\/#website\"},\"primaryImageOfPage\":{\"@id\":\"https:\\\/\\\/www.oxysphair.be\\\/de\\\/produits\\\/sauerstofftherapie\\\/zubehor-fur-sauerstofftherapie\\\/inogen-g4-tamis\\\/#primaryimage\"},\"image\":{\"@id\":\"https:\\\/\\\/www.oxysphair.be\\\/de\\\/produits\\\/sauerstofftherapie\\\/zubehor-fur-sauerstofftherapie\\\/inogen-g4-tamis\\\/#primaryimage\"},\"thumbnailUrl\":\"https:\\\/\\\/www.oxysphair.be\\\/wp-content\\\/uploads\\\/2024\\\/09\\\/8004.jpg\",\"datePublished\":\"2024-09-17T14:00:08+00:00\",\"dateModified\":\"2026-05-05T12:22:11+00:00\",\"breadcrumb\":{\"@id\":\"https:\\\/\\\/www.oxysphair.be\\\/de\\\/produits\\\/sauerstofftherapie\\\/zubehor-fur-sauerstofftherapie\\\/inogen-g4-tamis\\\/#breadcrumb\"},\"inLanguage\":\"de\",\"potentialAction\":[{\"@type\":\"ReadAction\",\"target\":[\"https:\\\/\\\/www.oxysphair.be\\\/de\\\/produits\\\/sauerstofftherapie\\\/zubehor-fur-sauerstofftherapie\\\/inogen-g4-tamis\\\/\"]}]},{\"@type\":\"ImageObject\",\"inLanguage\":\"de\",\"@id\":\"https:\\\/\\\/www.oxysphair.be\\\/de\\\/produits\\\/sauerstofftherapie\\\/zubehor-fur-sauerstofftherapie\\\/inogen-g4-tamis\\\/#primaryimage\",\"url\":\"https:\\\/\\\/www.oxysphair.be\\\/wp-content\\\/uploads\\\/2024\\\/09\\\/8004.jpg\",\"contentUrl\":\"https:\\\/\\\/www.oxysphair.be\\\/wp-content\\\/uploads\\\/2024\\\/09\\\/8004.jpg\",\"width\":2048,\"height\":2048},{\"@type\":\"BreadcrumbList\",\"@id\":\"https:\\\/\\\/www.oxysphair.be\\\/de\\\/produits\\\/sauerstofftherapie\\\/zubehor-fur-sauerstofftherapie\\\/inogen-g4-tamis\\\/#breadcrumb\",\"itemListElement\":[{\"@type\":\"ListItem\",\"position\":1,\"name\":\"Accueil\",\"item\":\"https:\\\/\\\/www.oxysphair.be\\\/de\\\/\"},{\"@type\":\"ListItem\",\"position\":2,\"name\":\"Produkte\",\"item\":\"https:\\\/\\\/www.oxysphair.be\\\/de\\\/shop-produkte\\\/\"},{\"@type\":\"ListItem\",\"position\":3,\"name\":\"Tamis Inogen G4\"}]},{\"@type\":\"WebSite\",\"@id\":\"https:\\\/\\\/www.oxysphair.be\\\/de\\\/#website\",\"url\":\"https:\\\/\\\/www.oxysphair.be\\\/de\\\/\",\"name\":\"Oxysphair\",\"description\":\"\",\"potentialAction\":[{\"@type\":\"SearchAction\",\"target\":{\"@type\":\"EntryPoint\",\"urlTemplate\":\"https:\\\/\\\/www.oxysphair.be\\\/de\\\/?s={search_term_string}\"},\"query-input\":{\"@type\":\"PropertyValueSpecification\",\"valueRequired\":true,\"valueName\":\"search_term_string\"}}],\"inLanguage\":\"de\"}]}<\/script>\n<!-- \/ Yoast SEO plugin. -->","yoast_head_json":{"title":"Tamis Inogen G4 | Oxysphair","robots":{"index":"index","follow":"follow","max-snippet":"max-snippet:-1","max-image-preview":"max-image-preview:large","max-video-preview":"max-video-preview:-1"},"canonical":"https:\/\/www.oxysphair.be\/de\/produits\/sauerstofftherapie\/zubehor-fur-sauerstofftherapie\/inogen-g4-tamis\/","og_locale":"de_DE","og_type":"article","og_title":"Tamis Inogen G4 | Oxysphair","og_description":"Le tamis pour Inogen One G4 est un composant essentiel au bon fonctionnement de votre concentrateur d\u2019oxyg\u00e8ne portable. Il intervient directement dans le processus de concentration de l\u2019oxyg\u00e8ne en s\u00e9parant l\u2019azote de l\u2019air ambiant afin de fournir un oxyg\u00e8ne \u00e0 haute puret\u00e9, conforme aux exigences de l\u2019oxyg\u00e9noth\u00e9rapie. Sp\u00e9cialement con\u00e7u pour le concentrateur Inogen One G4, [&hellip;]","og_url":"https:\/\/www.oxysphair.be\/de\/produits\/sauerstofftherapie\/zubehor-fur-sauerstofftherapie\/inogen-g4-tamis\/","og_site_name":"Oxysphair","article_modified_time":"2026-05-05T12:22:11+00:00","og_image":[{"width":2048,"height":2048,"url":"https:\/\/www.oxysphair.be\/wp-content\/uploads\/2024\/09\/8004.jpg","type":"image\/jpeg"}],"twitter_card":"summary_large_image","twitter_misc":{"Gesch\u00e4tzte Lesezeit":"2\u00a0Minuten"},"schema":{"@context":"https:\/\/schema.org","@graph":[{"@type":"WebPage","@id":"https:\/\/www.oxysphair.be\/de\/produits\/sauerstofftherapie\/zubehor-fur-sauerstofftherapie\/inogen-g4-tamis\/","url":"https:\/\/www.oxysphair.be\/de\/produits\/sauerstofftherapie\/zubehor-fur-sauerstofftherapie\/inogen-g4-tamis\/","name":"Tamis Inogen G4 | Oxysphair","isPartOf":{"@id":"https:\/\/www.oxysphair.be\/de\/#website"},"primaryImageOfPage":{"@id":"https:\/\/www.oxysphair.be\/de\/produits\/sauerstofftherapie\/zubehor-fur-sauerstofftherapie\/inogen-g4-tamis\/#primaryimage"},"image":{"@id":"https:\/\/www.oxysphair.be\/de\/produits\/sauerstofftherapie\/zubehor-fur-sauerstofftherapie\/inogen-g4-tamis\/#primaryimage"},"thumbnailUrl":"https:\/\/www.oxysphair.be\/wp-content\/uploads\/2024\/09\/8004.jpg","datePublished":"2024-09-17T14:00:08+00:00","dateModified":"2026-05-05T12:22:11+00:00","breadcrumb":{"@id":"https:\/\/www.oxysphair.be\/de\/produits\/sauerstofftherapie\/zubehor-fur-sauerstofftherapie\/inogen-g4-tamis\/#breadcrumb"},"inLanguage":"de","potentialAction":[{"@type":"ReadAction","target":["https:\/\/www.oxysphair.be\/de\/produits\/sauerstofftherapie\/zubehor-fur-sauerstofftherapie\/inogen-g4-tamis\/"]}]},{"@type":"ImageObject","inLanguage":"de","@id":"https:\/\/www.oxysphair.be\/de\/produits\/sauerstofftherapie\/zubehor-fur-sauerstofftherapie\/inogen-g4-tamis\/#primaryimage","url":"https:\/\/www.oxysphair.be\/wp-content\/uploads\/2024\/09\/8004.jpg","contentUrl":"https:\/\/www.oxysphair.be\/wp-content\/uploads\/2024\/09\/8004.jpg","width":2048,"height":2048},{"@type":"BreadcrumbList","@id":"https:\/\/www.oxysphair.be\/de\/produits\/sauerstofftherapie\/zubehor-fur-sauerstofftherapie\/inogen-g4-tamis\/#breadcrumb","itemListElement":[{"@type":"ListItem","position":1,"name":"Accueil","item":"https:\/\/www.oxysphair.be\/de\/"},{"@type":"ListItem","position":2,"name":"Produkte","item":"https:\/\/www.oxysphair.be\/de\/shop-produkte\/"},{"@type":"ListItem","position":3,"name":"Tamis Inogen G4"}]},{"@type":"WebSite","@id":"https:\/\/www.oxysphair.be\/de\/#website","url":"https:\/\/www.oxysphair.be\/de\/","name":"Oxysphair","description":"","potentialAction":[{"@type":"SearchAction","target":{"@type":"EntryPoint","urlTemplate":"https:\/\/www.oxysphair.be\/de\/?s={search_term_string}"},"query-input":{"@type":"PropertyValueSpecification","valueRequired":true,"valueName":"search_term_string"}}],"inLanguage":"de"}]}},"_links":{"self":[{"href":"https:\/\/www.oxysphair.be\/de\/wp-json\/wp\/v2\/product\/255874","targetHints":{"allow":["GET"]}}],"collection":[{"href":"https:\/\/www.oxysphair.be\/de\/wp-json\/wp\/v2\/product"}],"about":[{"href":"https:\/\/www.oxysphair.be\/de\/wp-json\/wp\/v2\/types\/product"}],"replies":[{"embeddable":true,"href":"https:\/\/www.oxysphair.be\/de\/wp-json\/wp\/v2\/comments?post=255874"}],"wp:featuredmedia":[{"embeddable":true,"href":"https:\/\/www.oxysphair.be\/de\/wp-json\/wp\/v2\/media\/267059"}],"wp:attachment":[{"href":"https:\/\/www.oxysphair.be\/de\/wp-json\/wp\/v2\/media?parent=255874"}],"wp:term":[{"taxonomy":"product_brand","embeddable":true,"href":"https:\/\/www.oxysphair.be\/de\/wp-json\/wp\/v2\/product_brand?post=255874"},{"taxonomy":"product_cat","embeddable":true,"href":"https:\/\/www.oxysphair.be\/de\/wp-json\/wp\/v2\/product_cat?post=255874"},{"taxonomy":"product_tag","embeddable":true,"href":"https:\/\/www.oxysphair.be\/de\/wp-json\/wp\/v2\/product_tag?post=255874"}],"curies":[{"name":"wp","href":"https:\/\/api.w.org\/{rel}","templated":true}]}}