{"id":257274,"date":"2024-08-19T15:41:15","date_gmt":"2024-08-19T13:41:15","guid":{"rendered":"https:\/\/www.oxysphair.be\/?post_type=product&#038;p=257274"},"modified":"2024-11-21T16:30:13","modified_gmt":"2024-11-21T15:30:13","slug":"lena-full-face","status":"publish","type":"product","link":"https:\/\/www.oxysphair.be\/de\/produits\/schlafapnoe\/cpap-masken\/fullface-de\/lena-full-face\/","title":{"rendered":"Lena Full Face"},"content":{"rendered":"<h3 class=\"h3\">Verschiedene Bed\u00fcrfnisse. Eine Maske. LENA.<\/h3>\n<p>Bei hohen Therapiedr\u00fccken sind drei Faktoren f\u00fcr einen optimalen Maskensitz entscheidend. Dies sind das Maskenkissen, die Verbindung zwischen Maskenkissen und Maskenk\u00f6rper sowie die Kopfb\u00e4nderung. LENA wurde unter Ber\u00fccksichtigung dieser Faktoren entwickelt. Dar\u00fcber hinaus runden Details wie das leise, diffuse Ausatemsystem, das Kugelgelenk, die intuitive Bedienung, der integrierte Anschluss f\u00fcr die Sauerstoffeinleitung, die verschiedenen Vented- und Non-vented-Varianten sowie das Zubeh\u00f6r\u00a0<span lang=\"EN-GB\">\u2013\u00a0<\/span>Rei\u00dfleine und Endoskopieadapter <span lang=\"EN-GB\">\u2013<\/span> die Maske ab.<\/p>\n<div class=\"col-md-14 productDetailAccordionWrap\">\n<div id=\"ProductDetails\" class=\"accordion\">\n<h3 class=\"accordion-item\">Maskenkissen mit Doppellippe<\/h3>\n<\/div>\n<\/div>\n<div class=\"accordion-body\">\n<div class=\"row\">\n<div class=\"col-md-24\">\n<p>Das Maskenkissen zeichnet sich durch seine Doppellippe aus. Durch den Therapiedruck entsteht ein Luftkissen, welches sehr gut abdichtet und dennoch keine Druckstellen verursacht. Die Form ist anatomisch nachempfunden und basiert auf zwei Faktoren: unserer seit Jahren stetig wachsenden Patienten-Gesichtsdatenbank und dem kontinuierlich gesammelten und ausgewerteten Marktfeedback.<\/p>\n<h3>Verbindung Maskenk\u00f6rper &#8211; Maskenkissen<\/h3>\n<p>Ein weiterer wichtiger Faktor ist die Verbindung zwischen Maskenkissen und Maskenk\u00f6rper.\u00a0Einerseits muss die Verbindung w\u00e4hrend der Therapie stabil sein <span lang=\"EN-GB\">\u2013<\/span> sowohl bei konstant hohen Dr\u00fccken als auch bei hohen Druckunterschieden w\u00e4hrend der In- und Exspiration bei der BiLevel-Therapie. Andererseits muss die Verbindung leicht demontierbar sein, um eine einfache und gute Reinigung zu erm\u00f6glichen. Ein vermeintliches Paradoxon, welches LENA gut l\u00f6st.<\/p>\n<h3>Stabile Kopfb\u00e4nderung<\/h3>\n<p>Die Kopfb\u00e4nderung vervollst\u00e4ndigt den essenziellen Dreiklang. Das B\u00e4nderungsmaterial ist so fest, dass die Maske auch bei hohen Druckunterschieden weder undicht wird noch an Stabilit\u00e4t verliert. Eine individuell einstellbare Stirnst\u00fctze inklusive Stirnpolster verleiht LENA extra Halt.<\/p>\n<\/div>\n<\/div>\n<\/div>\n","protected":false},"excerpt":{"rendered":"<p>Der Fokus liegt prim\u00e4r auf einem bequemen Maskensitz, insbesondere, wenn hohe Dr\u00fccke appliziert werden oder der Druckunterschied zwischen In- und Exspiration sehr gro\u00df ist.<\/p>\n","protected":false},"featured_media":257269,"comment_status":"closed","ping_status":"closed","template":"","meta":{"_et_pb_use_builder":"","_et_pb_old_content":"","_et_gb_content_width":"","inline_featured_image":false},"product_brand":[145,222,223],"product_cat":[79,134],"product_tag":[],"class_list":{"0":"post-257274","1":"product","2":"type-product","3":"status-publish","4":"has-post-thumbnail","6":"product_brand-loewenstein","9":"product_cat-cpap-masken","10":"product_cat-fullface-de","11":"pa_brand-loewenstein","12":"pa_taille-l-nl-2","13":"pa_taille-l-de","14":"pa_taille-m","15":"pa_taille-m-de","16":"pa_taille-m-nl","17":"pa_taille-s-de","19":"first","20":"instock","21":"taxable","22":"shipping-taxable","23":"purchasable","24":"product-type-variable","25":"has-default-attributes"},"acf":[],"yoast_head":"<!-- This site is optimized with the Yoast SEO plugin v27.6 - https:\/\/yoast.com\/product\/yoast-seo-wordpress\/ -->\n<title>Lena Full Face | Oxysphair<\/title>\n<meta name=\"robots\" content=\"index, follow, max-snippet:-1, max-image-preview:large, max-video-preview:-1\" \/>\n<link rel=\"canonical\" href=\"https:\/\/www.oxysphair.be\/de\/produits\/schlafapnoe\/cpap-masken\/fullface-de\/lena-full-face\/\" \/>\n<meta property=\"og:locale\" content=\"de_DE\" \/>\n<meta property=\"og:type\" content=\"article\" \/>\n<meta property=\"og:title\" content=\"Lena Full Face | Oxysphair\" \/>\n<meta property=\"og:description\" content=\"Der Fokus liegt prim\u00e4r auf einem bequemen Maskensitz, insbesondere, wenn hohe Dr\u00fccke appliziert werden oder der Druckunterschied zwischen In- und Exspiration sehr gro\u00df ist.\" \/>\n<meta property=\"og:url\" content=\"https:\/\/www.oxysphair.be\/de\/produits\/schlafapnoe\/cpap-masken\/fullface-de\/lena-full-face\/\" \/>\n<meta property=\"og:site_name\" content=\"Oxysphair\" \/>\n<meta property=\"article:modified_time\" content=\"2024-11-21T15:30:13+00:00\" \/>\n<meta property=\"og:image\" content=\"https:\/\/www.oxysphair.be\/wp-content\/uploads\/2024\/08\/Screenshot-2024-11-21-at-15-34-40-LENA-Lowenstein.png\" \/>\n\t<meta property=\"og:image:width\" content=\"408\" \/>\n\t<meta property=\"og:image:height\" content=\"538\" \/>\n\t<meta property=\"og:image:type\" content=\"image\/png\" \/>\n<meta name=\"twitter:card\" content=\"summary_large_image\" \/>\n<meta name=\"twitter:label1\" content=\"Gesch\u00e4tzte Lesezeit\" \/>\n\t<meta name=\"twitter:data1\" content=\"2\u00a0Minuten\" \/>\n<script type=\"application\/ld+json\" class=\"yoast-schema-graph\">{\"@context\":\"https:\\\/\\\/schema.org\",\"@graph\":[{\"@type\":\"WebPage\",\"@id\":\"https:\\\/\\\/www.oxysphair.be\\\/de\\\/produits\\\/schlafapnoe\\\/cpap-masken\\\/fullface-de\\\/lena-full-face\\\/\",\"url\":\"https:\\\/\\\/www.oxysphair.be\\\/de\\\/produits\\\/schlafapnoe\\\/cpap-masken\\\/fullface-de\\\/lena-full-face\\\/\",\"name\":\"Lena Full Face | Oxysphair\",\"isPartOf\":{\"@id\":\"https:\\\/\\\/www.oxysphair.be\\\/de\\\/#website\"},\"primaryImageOfPage\":{\"@id\":\"https:\\\/\\\/www.oxysphair.be\\\/de\\\/produits\\\/schlafapnoe\\\/cpap-masken\\\/fullface-de\\\/lena-full-face\\\/#primaryimage\"},\"image\":{\"@id\":\"https:\\\/\\\/www.oxysphair.be\\\/de\\\/produits\\\/schlafapnoe\\\/cpap-masken\\\/fullface-de\\\/lena-full-face\\\/#primaryimage\"},\"thumbnailUrl\":\"https:\\\/\\\/www.oxysphair.be\\\/wp-content\\\/uploads\\\/2024\\\/08\\\/Screenshot-2024-11-21-at-15-34-40-LENA-Lowenstein.png\",\"datePublished\":\"2024-08-19T13:41:15+00:00\",\"dateModified\":\"2024-11-21T15:30:13+00:00\",\"breadcrumb\":{\"@id\":\"https:\\\/\\\/www.oxysphair.be\\\/de\\\/produits\\\/schlafapnoe\\\/cpap-masken\\\/fullface-de\\\/lena-full-face\\\/#breadcrumb\"},\"inLanguage\":\"de\",\"potentialAction\":[{\"@type\":\"ReadAction\",\"target\":[\"https:\\\/\\\/www.oxysphair.be\\\/de\\\/produits\\\/schlafapnoe\\\/cpap-masken\\\/fullface-de\\\/lena-full-face\\\/\"]}]},{\"@type\":\"ImageObject\",\"inLanguage\":\"de\",\"@id\":\"https:\\\/\\\/www.oxysphair.be\\\/de\\\/produits\\\/schlafapnoe\\\/cpap-masken\\\/fullface-de\\\/lena-full-face\\\/#primaryimage\",\"url\":\"https:\\\/\\\/www.oxysphair.be\\\/wp-content\\\/uploads\\\/2024\\\/08\\\/Screenshot-2024-11-21-at-15-34-40-LENA-Lowenstein.png\",\"contentUrl\":\"https:\\\/\\\/www.oxysphair.be\\\/wp-content\\\/uploads\\\/2024\\\/08\\\/Screenshot-2024-11-21-at-15-34-40-LENA-Lowenstein.png\",\"width\":408,\"height\":538},{\"@type\":\"BreadcrumbList\",\"@id\":\"https:\\\/\\\/www.oxysphair.be\\\/de\\\/produits\\\/schlafapnoe\\\/cpap-masken\\\/fullface-de\\\/lena-full-face\\\/#breadcrumb\",\"itemListElement\":[{\"@type\":\"ListItem\",\"position\":1,\"name\":\"Accueil\",\"item\":\"https:\\\/\\\/www.oxysphair.be\\\/de\\\/\"},{\"@type\":\"ListItem\",\"position\":2,\"name\":\"Produkte\",\"item\":\"https:\\\/\\\/www.oxysphair.be\\\/de\\\/shop-produkte\\\/\"},{\"@type\":\"ListItem\",\"position\":3,\"name\":\"Lena Full Face\"}]},{\"@type\":\"WebSite\",\"@id\":\"https:\\\/\\\/www.oxysphair.be\\\/de\\\/#website\",\"url\":\"https:\\\/\\\/www.oxysphair.be\\\/de\\\/\",\"name\":\"Oxysphair\",\"description\":\"\",\"potentialAction\":[{\"@type\":\"SearchAction\",\"target\":{\"@type\":\"EntryPoint\",\"urlTemplate\":\"https:\\\/\\\/www.oxysphair.be\\\/de\\\/?s={search_term_string}\"},\"query-input\":{\"@type\":\"PropertyValueSpecification\",\"valueRequired\":true,\"valueName\":\"search_term_string\"}}],\"inLanguage\":\"de\"}]}<\/script>\n<!-- \/ Yoast SEO plugin. -->","yoast_head_json":{"title":"Lena Full Face | Oxysphair","robots":{"index":"index","follow":"follow","max-snippet":"max-snippet:-1","max-image-preview":"max-image-preview:large","max-video-preview":"max-video-preview:-1"},"canonical":"https:\/\/www.oxysphair.be\/de\/produits\/schlafapnoe\/cpap-masken\/fullface-de\/lena-full-face\/","og_locale":"de_DE","og_type":"article","og_title":"Lena Full Face | Oxysphair","og_description":"Der Fokus liegt prim\u00e4r auf einem bequemen Maskensitz, insbesondere, wenn hohe Dr\u00fccke appliziert werden oder der Druckunterschied zwischen In- und Exspiration sehr gro\u00df ist.","og_url":"https:\/\/www.oxysphair.be\/de\/produits\/schlafapnoe\/cpap-masken\/fullface-de\/lena-full-face\/","og_site_name":"Oxysphair","article_modified_time":"2024-11-21T15:30:13+00:00","og_image":[{"width":408,"height":538,"url":"https:\/\/www.oxysphair.be\/wp-content\/uploads\/2024\/08\/Screenshot-2024-11-21-at-15-34-40-LENA-Lowenstein.png","type":"image\/png"}],"twitter_card":"summary_large_image","twitter_misc":{"Gesch\u00e4tzte Lesezeit":"2\u00a0Minuten"},"schema":{"@context":"https:\/\/schema.org","@graph":[{"@type":"WebPage","@id":"https:\/\/www.oxysphair.be\/de\/produits\/schlafapnoe\/cpap-masken\/fullface-de\/lena-full-face\/","url":"https:\/\/www.oxysphair.be\/de\/produits\/schlafapnoe\/cpap-masken\/fullface-de\/lena-full-face\/","name":"Lena Full Face | Oxysphair","isPartOf":{"@id":"https:\/\/www.oxysphair.be\/de\/#website"},"primaryImageOfPage":{"@id":"https:\/\/www.oxysphair.be\/de\/produits\/schlafapnoe\/cpap-masken\/fullface-de\/lena-full-face\/#primaryimage"},"image":{"@id":"https:\/\/www.oxysphair.be\/de\/produits\/schlafapnoe\/cpap-masken\/fullface-de\/lena-full-face\/#primaryimage"},"thumbnailUrl":"https:\/\/www.oxysphair.be\/wp-content\/uploads\/2024\/08\/Screenshot-2024-11-21-at-15-34-40-LENA-Lowenstein.png","datePublished":"2024-08-19T13:41:15+00:00","dateModified":"2024-11-21T15:30:13+00:00","breadcrumb":{"@id":"https:\/\/www.oxysphair.be\/de\/produits\/schlafapnoe\/cpap-masken\/fullface-de\/lena-full-face\/#breadcrumb"},"inLanguage":"de","potentialAction":[{"@type":"ReadAction","target":["https:\/\/www.oxysphair.be\/de\/produits\/schlafapnoe\/cpap-masken\/fullface-de\/lena-full-face\/"]}]},{"@type":"ImageObject","inLanguage":"de","@id":"https:\/\/www.oxysphair.be\/de\/produits\/schlafapnoe\/cpap-masken\/fullface-de\/lena-full-face\/#primaryimage","url":"https:\/\/www.oxysphair.be\/wp-content\/uploads\/2024\/08\/Screenshot-2024-11-21-at-15-34-40-LENA-Lowenstein.png","contentUrl":"https:\/\/www.oxysphair.be\/wp-content\/uploads\/2024\/08\/Screenshot-2024-11-21-at-15-34-40-LENA-Lowenstein.png","width":408,"height":538},{"@type":"BreadcrumbList","@id":"https:\/\/www.oxysphair.be\/de\/produits\/schlafapnoe\/cpap-masken\/fullface-de\/lena-full-face\/#breadcrumb","itemListElement":[{"@type":"ListItem","position":1,"name":"Accueil","item":"https:\/\/www.oxysphair.be\/de\/"},{"@type":"ListItem","position":2,"name":"Produkte","item":"https:\/\/www.oxysphair.be\/de\/shop-produkte\/"},{"@type":"ListItem","position":3,"name":"Lena Full Face"}]},{"@type":"WebSite","@id":"https:\/\/www.oxysphair.be\/de\/#website","url":"https:\/\/www.oxysphair.be\/de\/","name":"Oxysphair","description":"","potentialAction":[{"@type":"SearchAction","target":{"@type":"EntryPoint","urlTemplate":"https:\/\/www.oxysphair.be\/de\/?s={search_term_string}"},"query-input":{"@type":"PropertyValueSpecification","valueRequired":true,"valueName":"search_term_string"}}],"inLanguage":"de"}]}},"_links":{"self":[{"href":"https:\/\/www.oxysphair.be\/de\/wp-json\/wp\/v2\/product\/257274","targetHints":{"allow":["GET"]}}],"collection":[{"href":"https:\/\/www.oxysphair.be\/de\/wp-json\/wp\/v2\/product"}],"about":[{"href":"https:\/\/www.oxysphair.be\/de\/wp-json\/wp\/v2\/types\/product"}],"replies":[{"embeddable":true,"href":"https:\/\/www.oxysphair.be\/de\/wp-json\/wp\/v2\/comments?post=257274"}],"wp:featuredmedia":[{"embeddable":true,"href":"https:\/\/www.oxysphair.be\/de\/wp-json\/wp\/v2\/media\/257269"}],"wp:attachment":[{"href":"https:\/\/www.oxysphair.be\/de\/wp-json\/wp\/v2\/media?parent=257274"}],"wp:term":[{"taxonomy":"product_brand","embeddable":true,"href":"https:\/\/www.oxysphair.be\/de\/wp-json\/wp\/v2\/product_brand?post=257274"},{"taxonomy":"product_cat","embeddable":true,"href":"https:\/\/www.oxysphair.be\/de\/wp-json\/wp\/v2\/product_cat?post=257274"},{"taxonomy":"product_tag","embeddable":true,"href":"https:\/\/www.oxysphair.be\/de\/wp-json\/wp\/v2\/product_tag?post=257274"}],"curies":[{"name":"wp","href":"https:\/\/api.w.org\/{rel}","templated":true}]}}