{"id":257492,"date":"2024-08-27T18:18:21","date_gmt":"2024-08-27T16:18:21","guid":{"rendered":"https:\/\/www.oxysphair.be\/?post_type=product&#038;p=257492"},"modified":"2026-03-02T10:25:06","modified_gmt":"2026-03-02T09:25:06","slug":"airsense-11-elite-we","status":"publish","type":"product","link":"https:\/\/www.oxysphair.be\/de\/produits\/schlafapnoe\/cpap-gerate\/airsense-11-elite-we\/","title":{"rendered":"AirSense 11 Elite"},"content":{"rendered":"<h2>AirSense 11 Ger\u00e4teserie auf einen Blick<\/h2>\n<p>AirSense 11-Therapieger\u00e4te wurden f\u00fcr eine komfortable Schlafapnoetherapie entwickelt. Sie bieten Ihnen Zugang zu verschiedenen benutzerfreundlichen Funktionalit\u00e4ten und personalisierten Hilfestellungen, damit Sie Ihre Schlaftherapie von Anfang an richtig starten und auch langfristig erfolgreich therapieren.<\/p>\n<div class=\"text\">\n<ul>\n<li><strong>Ansprechendes, modernes Design<\/strong> mit einer benutzerfreundlichen Touchscreen-Men\u00fcf\u00fchrung<\/li>\n<li><strong>Integrierbarer, optional erh\u00e4ltlicher, beheizbarer Atemluftbefeuchter<\/strong> zur Vermeidung von Mundtrockenheit<\/li>\n<li>Die <strong>Climate Control**<\/strong>-Funktion steuert die Klimatisierung der zugef\u00fchrten Luft auf eine angenehme Temperatur und hilft, das Risiko zu reduzieren, dass sich Kondensat im Atemschlauch bildet.<\/li>\n<li>Die <strong>AutoRampe-Funktion<\/strong> erh\u00f6ht den Therapiedruck allm\u00e4hlich, damit die Behandlungssitzung sanft beginnen kann.<\/li>\n<li>Die <strong>exspiratorische Druckabsenkung<\/strong> (EPR\u2122) senkt den Therapiedruck w\u00e4hrend des Ausatmens sanft, damit das Ausatmen erleichtert wird.<\/li>\n<li>Die <a href=\"https:\/\/www.resmed.de\/produkte\/therapie-apps\/myair-app\/\"><strong><u>myAir App<\/u><\/strong><\/a> erm\u00f6glicht direkten Zugang zu einem Tages-Index-Punktewert, Anleitungsvideos, n\u00fctzliche Coaching-Tipps und Therapieberichte.<\/li>\n<li>Der <strong>Pers\u00f6nliche Therapieassistent<\/strong> (PTA) leitet durch die Einrichtung des Ger\u00e4ts, die Eingew\u00f6hnung in die Therapie und die selbstst\u00e4ndige Behebung von Maskenleckagen. Er ist der digitale Therapiebegleiter.<\/li>\n<li>Mit dem <strong>Probelauf<\/strong> \u2013\u00a0einer PTA-Funktion in der myAir-App\u2013\u00a0kann ausprobiert werden, wie sich die Therapie anf\u00fchlt, bevor mit der eigentlichen Therapie begonnen wird.<\/li>\n<li><strong>Care Check-In<\/strong> bietet eine einfache M\u00f6glichkeit, \u00fcber das Ger\u00e4t oder \u00fcber myAir ohne gro\u00dfen Aufwand Zugang zu ma\u00dfgeschneiderter Unterst\u00fctzung zu erhalten und das Behandlungsteam dar\u00fcber zu informieren, wie die Therapie subjektiv empfunden voranschreitet.<\/li>\n<li>Die Option <strong>Over-the-Air-Update<\/strong> erlaubt es dem Schlaftherapieteam, aus der Ferne Software-Upgrades f\u00fcr das Ger\u00e4t zu aktivieren, damit Ihnen die neuesten Innovationen von ResMed im Bereich der CPAP-Therapie zugutekommen.<\/li>\n<\/ul>\n<div class=\"text\">\n<p>Inhalt des Pakets :<\/p>\n<ul>\n<li><strong>AirSense 11-Maschine Elite<\/strong><\/li>\n<li><strong>Stromquelle<\/strong><\/li>\n<li><strong>R\u00f6hren<\/strong><\/li>\n<li><strong>Handb\u00fccher<\/strong><\/li>\n<li><strong>Filter<\/strong><\/li>\n<li><strong>Tasche f\u00fcr die Reise<\/strong><\/li>\n<li><strong>Es ist keine Maske enthalten<\/strong><\/li>\n<li><strong>der Luftbefeuchter ist nicht enthalten<\/strong><\/li>\n<\/ul>\n<\/div>\n<\/div>\n","protected":false},"excerpt":{"rendered":"<p><strong>Therapieger\u00e4t mit konstanter Druckzufuhr<\/strong>, das einen kontinuierlichen, von Ihrer \u00c4rzt:in vorgegebenen Druck liefert<\/p>\n","protected":false},"featured_media":255347,"comment_status":"closed","ping_status":"closed","template":"","meta":{"_et_pb_use_builder":"","_et_pb_old_content":"","_et_gb_content_width":"","inline_featured_image":false},"product_brand":[249,250],"product_cat":[78,77],"product_tag":[],"class_list":{"0":"post-257492","1":"product","2":"type-product","3":"status-publish","4":"has-post-thumbnail","6":"product_brand-resmed","8":"product_cat-cpap-gerate","9":"product_cat-schlafapnoe","10":"pa_brand-resmed","12":"first","13":"instock","14":"taxable","15":"shipping-taxable","16":"purchasable","17":"product-type-simple"},"acf":[],"yoast_head":"<!-- This site is optimized with the Yoast SEO plugin v27.5 - https:\/\/yoast.com\/product\/yoast-seo-wordpress\/ -->\n<title>AirSense 11 Elite | Oxysphair<\/title>\n<meta name=\"robots\" content=\"index, follow, max-snippet:-1, max-image-preview:large, max-video-preview:-1\" \/>\n<link rel=\"canonical\" href=\"https:\/\/www.oxysphair.be\/de\/produits\/schlafapnoe\/cpap-gerate\/airsense-11-elite-we\/\" \/>\n<meta property=\"og:locale\" content=\"de_DE\" \/>\n<meta property=\"og:type\" content=\"article\" \/>\n<meta property=\"og:title\" content=\"AirSense 11 Elite | Oxysphair\" \/>\n<meta property=\"og:description\" content=\"Therapieger\u00e4t mit konstanter Druckzufuhr, das einen kontinuierlichen, von Ihrer \u00c4rzt:in vorgegebenen Druck liefert\" \/>\n<meta property=\"og:url\" content=\"https:\/\/www.oxysphair.be\/de\/produits\/schlafapnoe\/cpap-gerate\/airsense-11-elite-we\/\" \/>\n<meta property=\"og:site_name\" content=\"Oxysphair\" \/>\n<meta property=\"article:modified_time\" content=\"2026-03-02T09:25:06+00:00\" \/>\n<meta property=\"og:image\" content=\"https:\/\/www.oxysphair.be\/wp-content\/uploads\/2024\/08\/S11-1.png\" \/>\n\t<meta property=\"og:image:width\" content=\"386\" \/>\n\t<meta property=\"og:image:height\" content=\"275\" \/>\n\t<meta property=\"og:image:type\" content=\"image\/png\" \/>\n<meta name=\"twitter:card\" content=\"summary_large_image\" \/>\n<meta name=\"twitter:label1\" content=\"Gesch\u00e4tzte Lesezeit\" \/>\n\t<meta name=\"twitter:data1\" content=\"2\u00a0Minuten\" \/>\n<script type=\"application\/ld+json\" class=\"yoast-schema-graph\">{\"@context\":\"https:\\\/\\\/schema.org\",\"@graph\":[{\"@type\":\"WebPage\",\"@id\":\"https:\\\/\\\/www.oxysphair.be\\\/de\\\/produits\\\/schlafapnoe\\\/cpap-gerate\\\/airsense-11-elite-we\\\/\",\"url\":\"https:\\\/\\\/www.oxysphair.be\\\/de\\\/produits\\\/schlafapnoe\\\/cpap-gerate\\\/airsense-11-elite-we\\\/\",\"name\":\"AirSense 11 Elite | Oxysphair\",\"isPartOf\":{\"@id\":\"https:\\\/\\\/www.oxysphair.be\\\/de\\\/#website\"},\"primaryImageOfPage\":{\"@id\":\"https:\\\/\\\/www.oxysphair.be\\\/de\\\/produits\\\/schlafapnoe\\\/cpap-gerate\\\/airsense-11-elite-we\\\/#primaryimage\"},\"image\":{\"@id\":\"https:\\\/\\\/www.oxysphair.be\\\/de\\\/produits\\\/schlafapnoe\\\/cpap-gerate\\\/airsense-11-elite-we\\\/#primaryimage\"},\"thumbnailUrl\":\"https:\\\/\\\/www.oxysphair.be\\\/wp-content\\\/uploads\\\/2024\\\/08\\\/S11-1.png\",\"datePublished\":\"2024-08-27T16:18:21+00:00\",\"dateModified\":\"2026-03-02T09:25:06+00:00\",\"breadcrumb\":{\"@id\":\"https:\\\/\\\/www.oxysphair.be\\\/de\\\/produits\\\/schlafapnoe\\\/cpap-gerate\\\/airsense-11-elite-we\\\/#breadcrumb\"},\"inLanguage\":\"de\",\"potentialAction\":[{\"@type\":\"ReadAction\",\"target\":[\"https:\\\/\\\/www.oxysphair.be\\\/de\\\/produits\\\/schlafapnoe\\\/cpap-gerate\\\/airsense-11-elite-we\\\/\"]}]},{\"@type\":\"ImageObject\",\"inLanguage\":\"de\",\"@id\":\"https:\\\/\\\/www.oxysphair.be\\\/de\\\/produits\\\/schlafapnoe\\\/cpap-gerate\\\/airsense-11-elite-we\\\/#primaryimage\",\"url\":\"https:\\\/\\\/www.oxysphair.be\\\/wp-content\\\/uploads\\\/2024\\\/08\\\/S11-1.png\",\"contentUrl\":\"https:\\\/\\\/www.oxysphair.be\\\/wp-content\\\/uploads\\\/2024\\\/08\\\/S11-1.png\",\"width\":386,\"height\":275},{\"@type\":\"BreadcrumbList\",\"@id\":\"https:\\\/\\\/www.oxysphair.be\\\/de\\\/produits\\\/schlafapnoe\\\/cpap-gerate\\\/airsense-11-elite-we\\\/#breadcrumb\",\"itemListElement\":[{\"@type\":\"ListItem\",\"position\":1,\"name\":\"Accueil\",\"item\":\"https:\\\/\\\/www.oxysphair.be\\\/de\\\/\"},{\"@type\":\"ListItem\",\"position\":2,\"name\":\"Produkte\",\"item\":\"https:\\\/\\\/www.oxysphair.be\\\/de\\\/shop-produkte\\\/\"},{\"@type\":\"ListItem\",\"position\":3,\"name\":\"AirSense 11 Elite\"}]},{\"@type\":\"WebSite\",\"@id\":\"https:\\\/\\\/www.oxysphair.be\\\/de\\\/#website\",\"url\":\"https:\\\/\\\/www.oxysphair.be\\\/de\\\/\",\"name\":\"Oxysphair\",\"description\":\"\",\"potentialAction\":[{\"@type\":\"SearchAction\",\"target\":{\"@type\":\"EntryPoint\",\"urlTemplate\":\"https:\\\/\\\/www.oxysphair.be\\\/de\\\/?s={search_term_string}\"},\"query-input\":{\"@type\":\"PropertyValueSpecification\",\"valueRequired\":true,\"valueName\":\"search_term_string\"}}],\"inLanguage\":\"de\"}]}<\/script>\n<!-- \/ Yoast SEO plugin. -->","yoast_head_json":{"title":"AirSense 11 Elite | Oxysphair","robots":{"index":"index","follow":"follow","max-snippet":"max-snippet:-1","max-image-preview":"max-image-preview:large","max-video-preview":"max-video-preview:-1"},"canonical":"https:\/\/www.oxysphair.be\/de\/produits\/schlafapnoe\/cpap-gerate\/airsense-11-elite-we\/","og_locale":"de_DE","og_type":"article","og_title":"AirSense 11 Elite | Oxysphair","og_description":"Therapieger\u00e4t mit konstanter Druckzufuhr, das einen kontinuierlichen, von Ihrer \u00c4rzt:in vorgegebenen Druck liefert","og_url":"https:\/\/www.oxysphair.be\/de\/produits\/schlafapnoe\/cpap-gerate\/airsense-11-elite-we\/","og_site_name":"Oxysphair","article_modified_time":"2026-03-02T09:25:06+00:00","og_image":[{"width":386,"height":275,"url":"https:\/\/www.oxysphair.be\/wp-content\/uploads\/2024\/08\/S11-1.png","type":"image\/png"}],"twitter_card":"summary_large_image","twitter_misc":{"Gesch\u00e4tzte Lesezeit":"2\u00a0Minuten"},"schema":{"@context":"https:\/\/schema.org","@graph":[{"@type":"WebPage","@id":"https:\/\/www.oxysphair.be\/de\/produits\/schlafapnoe\/cpap-gerate\/airsense-11-elite-we\/","url":"https:\/\/www.oxysphair.be\/de\/produits\/schlafapnoe\/cpap-gerate\/airsense-11-elite-we\/","name":"AirSense 11 Elite | Oxysphair","isPartOf":{"@id":"https:\/\/www.oxysphair.be\/de\/#website"},"primaryImageOfPage":{"@id":"https:\/\/www.oxysphair.be\/de\/produits\/schlafapnoe\/cpap-gerate\/airsense-11-elite-we\/#primaryimage"},"image":{"@id":"https:\/\/www.oxysphair.be\/de\/produits\/schlafapnoe\/cpap-gerate\/airsense-11-elite-we\/#primaryimage"},"thumbnailUrl":"https:\/\/www.oxysphair.be\/wp-content\/uploads\/2024\/08\/S11-1.png","datePublished":"2024-08-27T16:18:21+00:00","dateModified":"2026-03-02T09:25:06+00:00","breadcrumb":{"@id":"https:\/\/www.oxysphair.be\/de\/produits\/schlafapnoe\/cpap-gerate\/airsense-11-elite-we\/#breadcrumb"},"inLanguage":"de","potentialAction":[{"@type":"ReadAction","target":["https:\/\/www.oxysphair.be\/de\/produits\/schlafapnoe\/cpap-gerate\/airsense-11-elite-we\/"]}]},{"@type":"ImageObject","inLanguage":"de","@id":"https:\/\/www.oxysphair.be\/de\/produits\/schlafapnoe\/cpap-gerate\/airsense-11-elite-we\/#primaryimage","url":"https:\/\/www.oxysphair.be\/wp-content\/uploads\/2024\/08\/S11-1.png","contentUrl":"https:\/\/www.oxysphair.be\/wp-content\/uploads\/2024\/08\/S11-1.png","width":386,"height":275},{"@type":"BreadcrumbList","@id":"https:\/\/www.oxysphair.be\/de\/produits\/schlafapnoe\/cpap-gerate\/airsense-11-elite-we\/#breadcrumb","itemListElement":[{"@type":"ListItem","position":1,"name":"Accueil","item":"https:\/\/www.oxysphair.be\/de\/"},{"@type":"ListItem","position":2,"name":"Produkte","item":"https:\/\/www.oxysphair.be\/de\/shop-produkte\/"},{"@type":"ListItem","position":3,"name":"AirSense 11 Elite"}]},{"@type":"WebSite","@id":"https:\/\/www.oxysphair.be\/de\/#website","url":"https:\/\/www.oxysphair.be\/de\/","name":"Oxysphair","description":"","potentialAction":[{"@type":"SearchAction","target":{"@type":"EntryPoint","urlTemplate":"https:\/\/www.oxysphair.be\/de\/?s={search_term_string}"},"query-input":{"@type":"PropertyValueSpecification","valueRequired":true,"valueName":"search_term_string"}}],"inLanguage":"de"}]}},"_links":{"self":[{"href":"https:\/\/www.oxysphair.be\/de\/wp-json\/wp\/v2\/product\/257492","targetHints":{"allow":["GET"]}}],"collection":[{"href":"https:\/\/www.oxysphair.be\/de\/wp-json\/wp\/v2\/product"}],"about":[{"href":"https:\/\/www.oxysphair.be\/de\/wp-json\/wp\/v2\/types\/product"}],"replies":[{"embeddable":true,"href":"https:\/\/www.oxysphair.be\/de\/wp-json\/wp\/v2\/comments?post=257492"}],"wp:featuredmedia":[{"embeddable":true,"href":"https:\/\/www.oxysphair.be\/de\/wp-json\/wp\/v2\/media\/255347"}],"wp:attachment":[{"href":"https:\/\/www.oxysphair.be\/de\/wp-json\/wp\/v2\/media?parent=257492"}],"wp:term":[{"taxonomy":"product_brand","embeddable":true,"href":"https:\/\/www.oxysphair.be\/de\/wp-json\/wp\/v2\/product_brand?post=257492"},{"taxonomy":"product_cat","embeddable":true,"href":"https:\/\/www.oxysphair.be\/de\/wp-json\/wp\/v2\/product_cat?post=257492"},{"taxonomy":"product_tag","embeddable":true,"href":"https:\/\/www.oxysphair.be\/de\/wp-json\/wp\/v2\/product_tag?post=257492"}],"curies":[{"name":"wp","href":"https:\/\/api.w.org\/{rel}","templated":true}]}}