{"id":257511,"date":"2024-02-06T17:14:57","date_gmt":"2024-02-06T16:14:57","guid":{"rendered":"https:\/\/www.oxysphair.be\/produits\/unkategorisiert\/batterij-g5-rove-6-16-cells\/"},"modified":"2024-11-29T12:10:38","modified_gmt":"2024-11-29T11:10:38","slug":"batterij-g5-rove-6-16-cells","status":"publish","type":"product","link":"https:\/\/www.oxysphair.be\/de\/produits\/sauerstofftherapie\/zubehor-fur-sauerstofftherapie\/batterij-g5-rove-6-16-cells\/","title":{"rendered":"16 Cell Akku Inogen One G5 \/ Rove 6"},"content":{"rendered":"<p><strong>Hinweis<\/strong>: Wenn Sie mit dem Flugzeug reisen, ist es ratsam, wenn auch nicht notwendig, zus\u00e4tzliche Batterien f\u00fcr Ihre Ger\u00e4te an Bord mitzunehmen.<\/p>\n<h1 class=\"page-title\"><span class=\"base\" data-ui-id=\"page-title-wrapper\">16 Cell Akku f\u00fcr Inogen One G5 \/ Rove 6<\/span><\/h1>\n<p>Ihr tragbarer Sauerstoffkonzentrator ist auf seine Batterie angewiesen, um Ihnen Mobilit\u00e4t und Bewegungsfreiheit zu erm\u00f6glichen. Ein zus\u00e4tzlicher Akku ist vor allem bei langen Reisen, z. B. bei Fl\u00fcgen, von entscheidender Bedeutung. Sie haben die Wahl zwischen einem gro\u00dfen 16-Zellen-Akku f\u00fcr mehr Autonomie und einem kleineren, leichteren 8-Zellen-Akku. Denken Sie daran, dass sich die Lebensdauer des Akkus verk\u00fcrzt, wenn Sie ihn bei h\u00f6heren Sauerstoffflussraten verwenden.<\/p>\n<h2>Autonomie und Ladezeit :<\/h2>\n<p>Stufe 1.0: 13:28 (G5) vs. 12:45 (Rove 6)<br \/>\nStufe 2.0 : 10:22 (G5) vs 10:15 (Rove 6)<br \/>\nStufe 3.0 : 7.01 (G5) vs 06:30 (Rove 6)<br \/>\nStufe 4.0 : 4:55 (G5) vs 05: 15 (Rove 6)<br \/>\nStufe 5.0 : 3:48 (G5) vs 03:30 (Rove 6)<br \/>\nStufe 6.0 : 2:58 (G5) vs 02:30 (Rove 6)<\/p>\n<p><b>Ladezeit: +\/- 6 Stunden<\/b><\/p>\n<p><b>Gewicht: 0, 99 kg<\/b><\/p>\n","protected":false},"excerpt":{"rendered":"<p>Grote batterij (16 cellen) voor de Inogen One G5 en Inogen Rove 6.<\/p>\n","protected":false},"featured_media":253693,"comment_status":"closed","ping_status":"closed","template":"","meta":{"_et_pb_use_builder":"","_et_pb_old_content":"","_et_gb_content_width":"","inline_featured_image":false},"product_brand":[244],"product_cat":[75],"product_tag":[],"class_list":{"0":"post-257511","1":"product","2":"type-product","3":"status-publish","4":"has-post-thumbnail","6":"product_brand-inogen","7":"product_cat-zubehor-fur-sauerstofftherapie","8":"pa_brand-inogen","10":"first","11":"instock","12":"taxable","13":"shipping-taxable","14":"purchasable","15":"product-type-simple"},"acf":[],"yoast_head":"<!-- This site is optimized with the Yoast SEO plugin v27.3 - https:\/\/yoast.com\/product\/yoast-seo-wordpress\/ -->\n<title>16 Cell Akku Inogen One G5 \/ Rove 6 | Oxysphair<\/title>\n<meta name=\"description\" content=\"Maximaliseer je autonomie met draagbare zuurstofconcentratorbatterijen, ideaal voor op reis. Kies tussen hoge capaciteit of lichtgewicht.\" \/>\n<meta name=\"robots\" content=\"index, follow, max-snippet:-1, max-image-preview:large, max-video-preview:-1\" \/>\n<link rel=\"canonical\" href=\"https:\/\/www.oxysphair.be\/de\/produits\/sauerstofftherapie\/zubehor-fur-sauerstofftherapie\/batterij-g5-rove-6-16-cells\/\" \/>\n<meta property=\"og:locale\" content=\"de_DE\" \/>\n<meta property=\"og:type\" content=\"article\" \/>\n<meta property=\"og:title\" content=\"16 Cell Akku Inogen One G5 \/ Rove 6 | Oxysphair\" \/>\n<meta property=\"og:description\" content=\"Maximaliseer je autonomie met draagbare zuurstofconcentratorbatterijen, ideaal voor op reis. Kies tussen hoge capaciteit of lichtgewicht.\" \/>\n<meta property=\"og:url\" content=\"https:\/\/www.oxysphair.be\/de\/produits\/sauerstofftherapie\/zubehor-fur-sauerstofftherapie\/batterij-g5-rove-6-16-cells\/\" \/>\n<meta property=\"og:site_name\" content=\"Oxysphair\" \/>\n<meta property=\"article:modified_time\" content=\"2024-11-29T11:10:38+00:00\" \/>\n<meta property=\"og:image\" content=\"https:\/\/www.oxysphair.be\/wp-content\/uploads\/2024\/02\/inogen-one-g5-rove-6-batterie-16-cellules.webp\" \/>\n\t<meta property=\"og:image:width\" content=\"900\" \/>\n\t<meta property=\"og:image:height\" content=\"900\" \/>\n\t<meta property=\"og:image:type\" content=\"image\/webp\" \/>\n<meta name=\"twitter:card\" content=\"summary_large_image\" \/>\n<meta name=\"twitter:label1\" content=\"Gesch\u00e4tzte Lesezeit\" \/>\n\t<meta name=\"twitter:data1\" content=\"1\u00a0Minute\" \/>\n<script type=\"application\/ld+json\" class=\"yoast-schema-graph\">{\"@context\":\"https:\\\/\\\/schema.org\",\"@graph\":[{\"@type\":\"WebPage\",\"@id\":\"https:\\\/\\\/www.oxysphair.be\\\/de\\\/produits\\\/sauerstofftherapie\\\/zubehor-fur-sauerstofftherapie\\\/batterij-g5-rove-6-16-cells\\\/\",\"url\":\"https:\\\/\\\/www.oxysphair.be\\\/de\\\/produits\\\/sauerstofftherapie\\\/zubehor-fur-sauerstofftherapie\\\/batterij-g5-rove-6-16-cells\\\/\",\"name\":\"16 Cell Akku Inogen One G5 \\\/ Rove 6 | Oxysphair\",\"isPartOf\":{\"@id\":\"https:\\\/\\\/www.oxysphair.be\\\/de\\\/#website\"},\"primaryImageOfPage\":{\"@id\":\"https:\\\/\\\/www.oxysphair.be\\\/de\\\/produits\\\/sauerstofftherapie\\\/zubehor-fur-sauerstofftherapie\\\/batterij-g5-rove-6-16-cells\\\/#primaryimage\"},\"image\":{\"@id\":\"https:\\\/\\\/www.oxysphair.be\\\/de\\\/produits\\\/sauerstofftherapie\\\/zubehor-fur-sauerstofftherapie\\\/batterij-g5-rove-6-16-cells\\\/#primaryimage\"},\"thumbnailUrl\":\"https:\\\/\\\/www.oxysphair.be\\\/wp-content\\\/uploads\\\/2024\\\/02\\\/inogen-one-g5-rove-6-batterie-16-cellules.webp\",\"datePublished\":\"2024-02-06T16:14:57+00:00\",\"dateModified\":\"2024-11-29T11:10:38+00:00\",\"description\":\"Maximaliseer je autonomie met draagbare zuurstofconcentratorbatterijen, ideaal voor op reis. Kies tussen hoge capaciteit of lichtgewicht.\",\"breadcrumb\":{\"@id\":\"https:\\\/\\\/www.oxysphair.be\\\/de\\\/produits\\\/sauerstofftherapie\\\/zubehor-fur-sauerstofftherapie\\\/batterij-g5-rove-6-16-cells\\\/#breadcrumb\"},\"inLanguage\":\"de\",\"potentialAction\":[{\"@type\":\"ReadAction\",\"target\":[\"https:\\\/\\\/www.oxysphair.be\\\/de\\\/produits\\\/sauerstofftherapie\\\/zubehor-fur-sauerstofftherapie\\\/batterij-g5-rove-6-16-cells\\\/\"]}]},{\"@type\":\"ImageObject\",\"inLanguage\":\"de\",\"@id\":\"https:\\\/\\\/www.oxysphair.be\\\/de\\\/produits\\\/sauerstofftherapie\\\/zubehor-fur-sauerstofftherapie\\\/batterij-g5-rove-6-16-cells\\\/#primaryimage\",\"url\":\"https:\\\/\\\/www.oxysphair.be\\\/wp-content\\\/uploads\\\/2024\\\/02\\\/inogen-one-g5-rove-6-batterie-16-cellules.webp\",\"contentUrl\":\"https:\\\/\\\/www.oxysphair.be\\\/wp-content\\\/uploads\\\/2024\\\/02\\\/inogen-one-g5-rove-6-batterie-16-cellules.webp\",\"width\":900,\"height\":900,\"caption\":\"Batterie Inogen One G5\"},{\"@type\":\"BreadcrumbList\",\"@id\":\"https:\\\/\\\/www.oxysphair.be\\\/de\\\/produits\\\/sauerstofftherapie\\\/zubehor-fur-sauerstofftherapie\\\/batterij-g5-rove-6-16-cells\\\/#breadcrumb\",\"itemListElement\":[{\"@type\":\"ListItem\",\"position\":1,\"name\":\"Accueil\",\"item\":\"https:\\\/\\\/www.oxysphair.be\\\/de\\\/\"},{\"@type\":\"ListItem\",\"position\":2,\"name\":\"Produkte\",\"item\":\"https:\\\/\\\/www.oxysphair.be\\\/de\\\/shop-produkte\\\/\"},{\"@type\":\"ListItem\",\"position\":3,\"name\":\"16 Cell Akku Inogen One G5 \\\/ Rove 6\"}]},{\"@type\":\"WebSite\",\"@id\":\"https:\\\/\\\/www.oxysphair.be\\\/de\\\/#website\",\"url\":\"https:\\\/\\\/www.oxysphair.be\\\/de\\\/\",\"name\":\"Oxysphair\",\"description\":\"\",\"potentialAction\":[{\"@type\":\"SearchAction\",\"target\":{\"@type\":\"EntryPoint\",\"urlTemplate\":\"https:\\\/\\\/www.oxysphair.be\\\/de\\\/?s={search_term_string}\"},\"query-input\":{\"@type\":\"PropertyValueSpecification\",\"valueRequired\":true,\"valueName\":\"search_term_string\"}}],\"inLanguage\":\"de\"}]}<\/script>\n<!-- \/ Yoast SEO plugin. -->","yoast_head_json":{"title":"16 Cell Akku Inogen One G5 \/ Rove 6 | Oxysphair","description":"Maximaliseer je autonomie met draagbare zuurstofconcentratorbatterijen, ideaal voor op reis. Kies tussen hoge capaciteit of lichtgewicht.","robots":{"index":"index","follow":"follow","max-snippet":"max-snippet:-1","max-image-preview":"max-image-preview:large","max-video-preview":"max-video-preview:-1"},"canonical":"https:\/\/www.oxysphair.be\/de\/produits\/sauerstofftherapie\/zubehor-fur-sauerstofftherapie\/batterij-g5-rove-6-16-cells\/","og_locale":"de_DE","og_type":"article","og_title":"16 Cell Akku Inogen One G5 \/ Rove 6 | Oxysphair","og_description":"Maximaliseer je autonomie met draagbare zuurstofconcentratorbatterijen, ideaal voor op reis. Kies tussen hoge capaciteit of lichtgewicht.","og_url":"https:\/\/www.oxysphair.be\/de\/produits\/sauerstofftherapie\/zubehor-fur-sauerstofftherapie\/batterij-g5-rove-6-16-cells\/","og_site_name":"Oxysphair","article_modified_time":"2024-11-29T11:10:38+00:00","og_image":[{"width":900,"height":900,"url":"https:\/\/www.oxysphair.be\/wp-content\/uploads\/2024\/02\/inogen-one-g5-rove-6-batterie-16-cellules.webp","type":"image\/webp"}],"twitter_card":"summary_large_image","twitter_misc":{"Gesch\u00e4tzte Lesezeit":"1\u00a0Minute"},"schema":{"@context":"https:\/\/schema.org","@graph":[{"@type":"WebPage","@id":"https:\/\/www.oxysphair.be\/de\/produits\/sauerstofftherapie\/zubehor-fur-sauerstofftherapie\/batterij-g5-rove-6-16-cells\/","url":"https:\/\/www.oxysphair.be\/de\/produits\/sauerstofftherapie\/zubehor-fur-sauerstofftherapie\/batterij-g5-rove-6-16-cells\/","name":"16 Cell Akku Inogen One G5 \/ Rove 6 | Oxysphair","isPartOf":{"@id":"https:\/\/www.oxysphair.be\/de\/#website"},"primaryImageOfPage":{"@id":"https:\/\/www.oxysphair.be\/de\/produits\/sauerstofftherapie\/zubehor-fur-sauerstofftherapie\/batterij-g5-rove-6-16-cells\/#primaryimage"},"image":{"@id":"https:\/\/www.oxysphair.be\/de\/produits\/sauerstofftherapie\/zubehor-fur-sauerstofftherapie\/batterij-g5-rove-6-16-cells\/#primaryimage"},"thumbnailUrl":"https:\/\/www.oxysphair.be\/wp-content\/uploads\/2024\/02\/inogen-one-g5-rove-6-batterie-16-cellules.webp","datePublished":"2024-02-06T16:14:57+00:00","dateModified":"2024-11-29T11:10:38+00:00","description":"Maximaliseer je autonomie met draagbare zuurstofconcentratorbatterijen, ideaal voor op reis. Kies tussen hoge capaciteit of lichtgewicht.","breadcrumb":{"@id":"https:\/\/www.oxysphair.be\/de\/produits\/sauerstofftherapie\/zubehor-fur-sauerstofftherapie\/batterij-g5-rove-6-16-cells\/#breadcrumb"},"inLanguage":"de","potentialAction":[{"@type":"ReadAction","target":["https:\/\/www.oxysphair.be\/de\/produits\/sauerstofftherapie\/zubehor-fur-sauerstofftherapie\/batterij-g5-rove-6-16-cells\/"]}]},{"@type":"ImageObject","inLanguage":"de","@id":"https:\/\/www.oxysphair.be\/de\/produits\/sauerstofftherapie\/zubehor-fur-sauerstofftherapie\/batterij-g5-rove-6-16-cells\/#primaryimage","url":"https:\/\/www.oxysphair.be\/wp-content\/uploads\/2024\/02\/inogen-one-g5-rove-6-batterie-16-cellules.webp","contentUrl":"https:\/\/www.oxysphair.be\/wp-content\/uploads\/2024\/02\/inogen-one-g5-rove-6-batterie-16-cellules.webp","width":900,"height":900,"caption":"Batterie Inogen One G5"},{"@type":"BreadcrumbList","@id":"https:\/\/www.oxysphair.be\/de\/produits\/sauerstofftherapie\/zubehor-fur-sauerstofftherapie\/batterij-g5-rove-6-16-cells\/#breadcrumb","itemListElement":[{"@type":"ListItem","position":1,"name":"Accueil","item":"https:\/\/www.oxysphair.be\/de\/"},{"@type":"ListItem","position":2,"name":"Produkte","item":"https:\/\/www.oxysphair.be\/de\/shop-produkte\/"},{"@type":"ListItem","position":3,"name":"16 Cell Akku Inogen One G5 \/ Rove 6"}]},{"@type":"WebSite","@id":"https:\/\/www.oxysphair.be\/de\/#website","url":"https:\/\/www.oxysphair.be\/de\/","name":"Oxysphair","description":"","potentialAction":[{"@type":"SearchAction","target":{"@type":"EntryPoint","urlTemplate":"https:\/\/www.oxysphair.be\/de\/?s={search_term_string}"},"query-input":{"@type":"PropertyValueSpecification","valueRequired":true,"valueName":"search_term_string"}}],"inLanguage":"de"}]}},"_links":{"self":[{"href":"https:\/\/www.oxysphair.be\/de\/wp-json\/wp\/v2\/product\/257511","targetHints":{"allow":["GET"]}}],"collection":[{"href":"https:\/\/www.oxysphair.be\/de\/wp-json\/wp\/v2\/product"}],"about":[{"href":"https:\/\/www.oxysphair.be\/de\/wp-json\/wp\/v2\/types\/product"}],"replies":[{"embeddable":true,"href":"https:\/\/www.oxysphair.be\/de\/wp-json\/wp\/v2\/comments?post=257511"}],"wp:featuredmedia":[{"embeddable":true,"href":"https:\/\/www.oxysphair.be\/de\/wp-json\/wp\/v2\/media\/253693"}],"wp:attachment":[{"href":"https:\/\/www.oxysphair.be\/de\/wp-json\/wp\/v2\/media?parent=257511"}],"wp:term":[{"taxonomy":"product_brand","embeddable":true,"href":"https:\/\/www.oxysphair.be\/de\/wp-json\/wp\/v2\/product_brand?post=257511"},{"taxonomy":"product_cat","embeddable":true,"href":"https:\/\/www.oxysphair.be\/de\/wp-json\/wp\/v2\/product_cat?post=257511"},{"taxonomy":"product_tag","embeddable":true,"href":"https:\/\/www.oxysphair.be\/de\/wp-json\/wp\/v2\/product_tag?post=257511"}],"curies":[{"name":"wp","href":"https:\/\/api.w.org\/{rel}","templated":true}]}}