{"id":257518,"date":"2024-02-06T17:15:01","date_gmt":"2024-02-06T16:15:01","guid":{"rendered":"https:\/\/www.oxysphair.be\/produits\/unkategorisiert\/s-box-auto-cpap-sefam\/"},"modified":"2025-10-15T08:56:23","modified_gmt":"2025-10-15T06:56:23","slug":"s-box-auto-cpap-sefam","status":"publish","type":"product","link":"https:\/\/www.oxysphair.be\/de\/produits\/schlafapnoe\/cpap-gerate\/s-box-auto-cpap-sefam\/","title":{"rendered":"S.Box Auto-Cpap Sefam"},"content":{"rendered":"<p>[et_pb_section fb_built=&#8220;1&#8243; _builder_version=&#8220;4.27.4&#8243; _module_preset=&#8220;default&#8220; global_colors_info=&#8220;{}&#8220;][\/et_pb_section]<\/p>\n","protected":false},"excerpt":{"rendered":"<p>Das <strong>automatische<\/strong> CPAP-Ger\u00e4t S Box ist ein leichtes CPAP-Ger\u00e4t mit einem revolution\u00e4ren Design von Starck.<br \/>\nDie S Box ist mit vielen Funktionen ausgestattet und kann mit oder ohne Luftbefeuchter verwendet werden.<\/p>\n<p><strong>Der Luftbefeuchter ist nicht im Lieferumfang der Sefam S.Box enthalten.<\/strong><\/p>\n","protected":false},"featured_media":253567,"comment_status":"closed","ping_status":"closed","template":"","meta":{"_et_pb_use_builder":"on","_et_pb_old_content":"Die S-box ist anpassungsf\u00e4hig, kompakt und elegant und verf\u00fcgt \u00fcber zahlreiche Funktionen wie einen Touchscreen, einen abnehmbaren Luftbefeuchter, leicht zug\u00e4ngliche Tasten und ein leichtes Design.\r\nDas Ger\u00e4t ist einfach zu bedienen, da es mit Blick auf die Einfachheit entwickelt wurde. Der Filter ist leicht zug\u00e4nglich und leicht zu reinigen.\r\nDas Ger\u00e4t ist aus strapazierf\u00e4higen Materialien gefertigt und f\u00fcr eine lange Lebensdauer ausgelegt.\r\n\r\n&nbsp;\r\n<h2>Beschreibung<\/h2>\r\n<ul>\r\n \t<li>Modus: fester Druck oder Autopilot-Modus<\/li>\r\n \t<li>Druck: von 4 bis 20 cm H2O einstellbar in Schritten von 0,5 cm H2O<\/li>\r\n \t<li>Maximale Durchflussmenge 180 lpm bei 20 cm H2O ohne Befeuchter, mit Schlauch 15 mm Durchmesser<\/li>\r\n \t<li>Einschaltzeit: einstellbar von 0 bis 45 Minuten<\/li>\r\n \t<li>Ger\u00e4uschpegel: 26 dBA<\/li>\r\n \t<li>Abmessungen L x B x H: 24,5 x 14 x 11 cm<\/li>\r\n \t<li>Gewicht ohne Befeuchter 1,4 kg<\/li>\r\n \t<li>Gewicht mit Befeuchter 1,7 kg<\/li>\r\n<\/ul>","_et_gb_content_width":"","inline_featured_image":false},"product_brand":[238],"product_cat":[78],"product_tag":[],"class_list":{"0":"post-257518","1":"product","2":"type-product","3":"status-publish","4":"has-post-thumbnail","6":"product_brand-sefam","7":"product_cat-cpap-gerate","9":"first","10":"instock","11":"taxable","12":"shipping-taxable","13":"purchasable","14":"product-type-simple"},"acf":[],"yoast_head":"<!-- This site is optimized with the Yoast SEO plugin v27.5 - https:\/\/yoast.com\/product\/yoast-seo-wordpress\/ -->\n<title>S.Box Auto-Cpap Sefam | Oxysphair<\/title>\n<meta name=\"description\" content=\"Sefam S.Box Auto-CPAP: lichtgewicht apparaat, ontworpen door Starck, met of zonder luchtbevochtiger. Comfort en duurzaamheid voor uw nachtrust.\" \/>\n<meta name=\"robots\" content=\"index, follow, max-snippet:-1, max-image-preview:large, max-video-preview:-1\" \/>\n<link rel=\"canonical\" href=\"https:\/\/www.oxysphair.be\/de\/produits\/schlafapnoe\/cpap-gerate\/s-box-auto-cpap-sefam\/\" \/>\n<meta property=\"og:locale\" content=\"de_DE\" \/>\n<meta property=\"og:type\" content=\"article\" \/>\n<meta property=\"og:title\" content=\"S.Box Auto-Cpap Sefam | Oxysphair\" \/>\n<meta property=\"og:description\" content=\"Sefam S.Box Auto-CPAP: lichtgewicht apparaat, ontworpen door Starck, met of zonder luchtbevochtiger. Comfort en duurzaamheid voor uw nachtrust.\" \/>\n<meta property=\"og:url\" content=\"https:\/\/www.oxysphair.be\/de\/produits\/schlafapnoe\/cpap-gerate\/s-box-auto-cpap-sefam\/\" \/>\n<meta property=\"og:site_name\" content=\"Oxysphair\" \/>\n<meta property=\"article:modified_time\" content=\"2025-10-15T06:56:23+00:00\" \/>\n<meta property=\"og:image\" content=\"https:\/\/www.oxysphair.be\/wp-content\/uploads\/2024\/02\/Sefam-s.box-auto-cpap.jpeg\" \/>\n\t<meta property=\"og:image:width\" content=\"427\" \/>\n\t<meta property=\"og:image:height\" content=\"311\" \/>\n\t<meta property=\"og:image:type\" content=\"image\/jpeg\" \/>\n<meta name=\"twitter:card\" content=\"summary_large_image\" \/>\n<meta name=\"twitter:label1\" content=\"Gesch\u00e4tzte Lesezeit\" \/>\n\t<meta name=\"twitter:data1\" content=\"1\u00a0Minute\" \/>\n<script type=\"application\/ld+json\" class=\"yoast-schema-graph\">{\"@context\":\"https:\\\/\\\/schema.org\",\"@graph\":[{\"@type\":\"WebPage\",\"@id\":\"https:\\\/\\\/www.oxysphair.be\\\/de\\\/produits\\\/schlafapnoe\\\/cpap-gerate\\\/s-box-auto-cpap-sefam\\\/\",\"url\":\"https:\\\/\\\/www.oxysphair.be\\\/de\\\/produits\\\/schlafapnoe\\\/cpap-gerate\\\/s-box-auto-cpap-sefam\\\/\",\"name\":\"S.Box Auto-Cpap Sefam | Oxysphair\",\"isPartOf\":{\"@id\":\"https:\\\/\\\/www.oxysphair.be\\\/de\\\/#website\"},\"primaryImageOfPage\":{\"@id\":\"https:\\\/\\\/www.oxysphair.be\\\/de\\\/produits\\\/schlafapnoe\\\/cpap-gerate\\\/s-box-auto-cpap-sefam\\\/#primaryimage\"},\"image\":{\"@id\":\"https:\\\/\\\/www.oxysphair.be\\\/de\\\/produits\\\/schlafapnoe\\\/cpap-gerate\\\/s-box-auto-cpap-sefam\\\/#primaryimage\"},\"thumbnailUrl\":\"https:\\\/\\\/www.oxysphair.be\\\/wp-content\\\/uploads\\\/2024\\\/02\\\/Sefam-s.box-auto-cpap.jpeg\",\"datePublished\":\"2024-02-06T16:15:01+00:00\",\"dateModified\":\"2025-10-15T06:56:23+00:00\",\"description\":\"Sefam S.Box Auto-CPAP: lichtgewicht apparaat, ontworpen door Starck, met of zonder luchtbevochtiger. Comfort en duurzaamheid voor uw nachtrust.\",\"breadcrumb\":{\"@id\":\"https:\\\/\\\/www.oxysphair.be\\\/de\\\/produits\\\/schlafapnoe\\\/cpap-gerate\\\/s-box-auto-cpap-sefam\\\/#breadcrumb\"},\"inLanguage\":\"de\",\"potentialAction\":[{\"@type\":\"ReadAction\",\"target\":[\"https:\\\/\\\/www.oxysphair.be\\\/de\\\/produits\\\/schlafapnoe\\\/cpap-gerate\\\/s-box-auto-cpap-sefam\\\/\"]}]},{\"@type\":\"ImageObject\",\"inLanguage\":\"de\",\"@id\":\"https:\\\/\\\/www.oxysphair.be\\\/de\\\/produits\\\/schlafapnoe\\\/cpap-gerate\\\/s-box-auto-cpap-sefam\\\/#primaryimage\",\"url\":\"https:\\\/\\\/www.oxysphair.be\\\/wp-content\\\/uploads\\\/2024\\\/02\\\/Sefam-s.box-auto-cpap.jpeg\",\"contentUrl\":\"https:\\\/\\\/www.oxysphair.be\\\/wp-content\\\/uploads\\\/2024\\\/02\\\/Sefam-s.box-auto-cpap.jpeg\",\"width\":427,\"height\":311,\"caption\":\"Auto CPAP Sefam S.box\"},{\"@type\":\"BreadcrumbList\",\"@id\":\"https:\\\/\\\/www.oxysphair.be\\\/de\\\/produits\\\/schlafapnoe\\\/cpap-gerate\\\/s-box-auto-cpap-sefam\\\/#breadcrumb\",\"itemListElement\":[{\"@type\":\"ListItem\",\"position\":1,\"name\":\"Accueil\",\"item\":\"https:\\\/\\\/www.oxysphair.be\\\/de\\\/\"},{\"@type\":\"ListItem\",\"position\":2,\"name\":\"Produkte\",\"item\":\"https:\\\/\\\/www.oxysphair.be\\\/de\\\/shop-produkte\\\/\"},{\"@type\":\"ListItem\",\"position\":3,\"name\":\"S.Box Auto-Cpap Sefam\"}]},{\"@type\":\"WebSite\",\"@id\":\"https:\\\/\\\/www.oxysphair.be\\\/de\\\/#website\",\"url\":\"https:\\\/\\\/www.oxysphair.be\\\/de\\\/\",\"name\":\"Oxysphair\",\"description\":\"\",\"potentialAction\":[{\"@type\":\"SearchAction\",\"target\":{\"@type\":\"EntryPoint\",\"urlTemplate\":\"https:\\\/\\\/www.oxysphair.be\\\/de\\\/?s={search_term_string}\"},\"query-input\":{\"@type\":\"PropertyValueSpecification\",\"valueRequired\":true,\"valueName\":\"search_term_string\"}}],\"inLanguage\":\"de\"}]}<\/script>\n<!-- \/ Yoast SEO plugin. -->","yoast_head_json":{"title":"S.Box Auto-Cpap Sefam | Oxysphair","description":"Sefam S.Box Auto-CPAP: lichtgewicht apparaat, ontworpen door Starck, met of zonder luchtbevochtiger. Comfort en duurzaamheid voor uw nachtrust.","robots":{"index":"index","follow":"follow","max-snippet":"max-snippet:-1","max-image-preview":"max-image-preview:large","max-video-preview":"max-video-preview:-1"},"canonical":"https:\/\/www.oxysphair.be\/de\/produits\/schlafapnoe\/cpap-gerate\/s-box-auto-cpap-sefam\/","og_locale":"de_DE","og_type":"article","og_title":"S.Box Auto-Cpap Sefam | Oxysphair","og_description":"Sefam S.Box Auto-CPAP: lichtgewicht apparaat, ontworpen door Starck, met of zonder luchtbevochtiger. Comfort en duurzaamheid voor uw nachtrust.","og_url":"https:\/\/www.oxysphair.be\/de\/produits\/schlafapnoe\/cpap-gerate\/s-box-auto-cpap-sefam\/","og_site_name":"Oxysphair","article_modified_time":"2025-10-15T06:56:23+00:00","og_image":[{"width":427,"height":311,"url":"https:\/\/www.oxysphair.be\/wp-content\/uploads\/2024\/02\/Sefam-s.box-auto-cpap.jpeg","type":"image\/jpeg"}],"twitter_card":"summary_large_image","twitter_misc":{"Gesch\u00e4tzte Lesezeit":"1\u00a0Minute"},"schema":{"@context":"https:\/\/schema.org","@graph":[{"@type":"WebPage","@id":"https:\/\/www.oxysphair.be\/de\/produits\/schlafapnoe\/cpap-gerate\/s-box-auto-cpap-sefam\/","url":"https:\/\/www.oxysphair.be\/de\/produits\/schlafapnoe\/cpap-gerate\/s-box-auto-cpap-sefam\/","name":"S.Box Auto-Cpap Sefam | Oxysphair","isPartOf":{"@id":"https:\/\/www.oxysphair.be\/de\/#website"},"primaryImageOfPage":{"@id":"https:\/\/www.oxysphair.be\/de\/produits\/schlafapnoe\/cpap-gerate\/s-box-auto-cpap-sefam\/#primaryimage"},"image":{"@id":"https:\/\/www.oxysphair.be\/de\/produits\/schlafapnoe\/cpap-gerate\/s-box-auto-cpap-sefam\/#primaryimage"},"thumbnailUrl":"https:\/\/www.oxysphair.be\/wp-content\/uploads\/2024\/02\/Sefam-s.box-auto-cpap.jpeg","datePublished":"2024-02-06T16:15:01+00:00","dateModified":"2025-10-15T06:56:23+00:00","description":"Sefam S.Box Auto-CPAP: lichtgewicht apparaat, ontworpen door Starck, met of zonder luchtbevochtiger. Comfort en duurzaamheid voor uw nachtrust.","breadcrumb":{"@id":"https:\/\/www.oxysphair.be\/de\/produits\/schlafapnoe\/cpap-gerate\/s-box-auto-cpap-sefam\/#breadcrumb"},"inLanguage":"de","potentialAction":[{"@type":"ReadAction","target":["https:\/\/www.oxysphair.be\/de\/produits\/schlafapnoe\/cpap-gerate\/s-box-auto-cpap-sefam\/"]}]},{"@type":"ImageObject","inLanguage":"de","@id":"https:\/\/www.oxysphair.be\/de\/produits\/schlafapnoe\/cpap-gerate\/s-box-auto-cpap-sefam\/#primaryimage","url":"https:\/\/www.oxysphair.be\/wp-content\/uploads\/2024\/02\/Sefam-s.box-auto-cpap.jpeg","contentUrl":"https:\/\/www.oxysphair.be\/wp-content\/uploads\/2024\/02\/Sefam-s.box-auto-cpap.jpeg","width":427,"height":311,"caption":"Auto CPAP Sefam S.box"},{"@type":"BreadcrumbList","@id":"https:\/\/www.oxysphair.be\/de\/produits\/schlafapnoe\/cpap-gerate\/s-box-auto-cpap-sefam\/#breadcrumb","itemListElement":[{"@type":"ListItem","position":1,"name":"Accueil","item":"https:\/\/www.oxysphair.be\/de\/"},{"@type":"ListItem","position":2,"name":"Produkte","item":"https:\/\/www.oxysphair.be\/de\/shop-produkte\/"},{"@type":"ListItem","position":3,"name":"S.Box Auto-Cpap Sefam"}]},{"@type":"WebSite","@id":"https:\/\/www.oxysphair.be\/de\/#website","url":"https:\/\/www.oxysphair.be\/de\/","name":"Oxysphair","description":"","potentialAction":[{"@type":"SearchAction","target":{"@type":"EntryPoint","urlTemplate":"https:\/\/www.oxysphair.be\/de\/?s={search_term_string}"},"query-input":{"@type":"PropertyValueSpecification","valueRequired":true,"valueName":"search_term_string"}}],"inLanguage":"de"}]}},"_links":{"self":[{"href":"https:\/\/www.oxysphair.be\/de\/wp-json\/wp\/v2\/product\/257518","targetHints":{"allow":["GET"]}}],"collection":[{"href":"https:\/\/www.oxysphair.be\/de\/wp-json\/wp\/v2\/product"}],"about":[{"href":"https:\/\/www.oxysphair.be\/de\/wp-json\/wp\/v2\/types\/product"}],"replies":[{"embeddable":true,"href":"https:\/\/www.oxysphair.be\/de\/wp-json\/wp\/v2\/comments?post=257518"}],"wp:featuredmedia":[{"embeddable":true,"href":"https:\/\/www.oxysphair.be\/de\/wp-json\/wp\/v2\/media\/253567"}],"wp:attachment":[{"href":"https:\/\/www.oxysphair.be\/de\/wp-json\/wp\/v2\/media?parent=257518"}],"wp:term":[{"taxonomy":"product_brand","embeddable":true,"href":"https:\/\/www.oxysphair.be\/de\/wp-json\/wp\/v2\/product_brand?post=257518"},{"taxonomy":"product_cat","embeddable":true,"href":"https:\/\/www.oxysphair.be\/de\/wp-json\/wp\/v2\/product_cat?post=257518"},{"taxonomy":"product_tag","embeddable":true,"href":"https:\/\/www.oxysphair.be\/de\/wp-json\/wp\/v2\/product_tag?post=257518"}],"curies":[{"name":"wp","href":"https:\/\/api.w.org\/{rel}","templated":true}]}}