{"id":259234,"date":"2025-02-12T16:06:27","date_gmt":"2025-02-12T15:06:27","guid":{"rendered":"https:\/\/www.oxysphair.be\/?post_type=product&#038;p=259234"},"modified":"2025-06-15T17:33:15","modified_gmt":"2025-06-15T15:33:15","slug":"oxyhero-brush-edelstahl-cpap-schlauchburste-15mm","status":"publish","type":"product","link":"https:\/\/www.oxysphair.be\/de\/produits\/schlafapnoe\/cpap-zubehor\/oxyhero-brush-edelstahl-cpap-schlauchburste-15mm\/","title":{"rendered":"Oxyhero brush Edelstahl CPAP-Schlauchb\u00fcrste -15mm"},"content":{"rendered":"<h4><u>Produktbeschreibung<\/u><\/h4>\n<p>Diese sehr hochwertige CPAP-Schlauchb\u00fcrste aus Edelstahl macht eine noch gr\u00fcndlichere Reinigung von CPAP-Schl\u00e4uchen m\u00f6glich. Die Innenseite des Schlauches wird durch die Borsten der B\u00fcrste mit schonendem Druck gereinigt. So wird verhindert, dass sich gesundheitssch\u00e4dlicher Schimmel oder Algen im Schlauch festsetzen. Der Wollbommel an der Spitze der Schlauchb\u00fcrste sorgt f\u00fcr eine besonders schonende Entfernung selbst kleinster Schmutzpartikel.<\/p>\n<p>Robustes Material: Der Draht der Schlauchb\u00fcrste ist aus ausdauerndem Edelstahl gefertigt, wodurch keine Gefahr der Rostbildung durch den Kontakt mit Wasser gegeben ist. Au\u00dferdem kann durch die H\u00e4rte des Edelstahls ohne Anstrengung genug Druck erzeugt werden, um eine gr\u00fcndliche Reinigung des Schlauches zu gew\u00e4hrleisten.<\/p>\n<p>Die oxyhero brush ist mit einem B\u00fcrstenkopf in zwei verschiedenen Varianten erh\u00e4ltlich \u2013 einmal f\u00fcr CPAP-Schl\u00e4uche mit einem Innendurchmesser von 19 mm und einmal mit 15 mm. Mit einer Gesamtl\u00e4nge von 120 cm ist die Schlauchb\u00fcrste f\u00fcr alle Standard-CPAP-Schl\u00e4uche (mit 22mm Muffe) bis 240 cm geeignet.<\/p>\n<h4><u>Spezifikationen<\/u><\/h4>\n<p>Produkttyp: b\u00fcrste<\/p>\n<p>Marke: Oxyhero<\/p>\n<h4><u>Lieferumfang<\/u><\/h4>\n<p>1 B\u00fcrste mit einem 15-mm B\u00fcrstenkopf<\/p>\n","protected":false},"excerpt":{"rendered":"<ul>\n<li>Praktisch: mit einer L\u00e4nge von 120 cm sehr handlich; zugleich lang genug, um damit komfortabel alle Standard CPAP-Schl\u00e4uche einfach zu reinigen<\/li>\n<li>Langlebig: aus rostfreiem Edelstahl mit einem B\u00fcrstenkopf aus robustem Nylon mit Wollbommel an der Spitze; Qualit\u00e4tsprodukt aus deutscher Fertigung<\/li>\n<li>Effektiv: entfernt wirksam hartn\u00e4ckigen Schmutz und Ablagerungen; verhindert Algen und Schimmelbildung im Schlauch<\/li>\n<\/ul>\n","protected":false},"featured_media":259267,"comment_status":"closed","ping_status":"closed","template":"","meta":{"_et_pb_use_builder":"","_et_pb_old_content":"","_et_gb_content_width":"","inline_featured_image":false},"product_brand":[],"product_cat":[80],"product_tag":[],"class_list":{"0":"post-259234","1":"product","2":"type-product","3":"status-publish","4":"has-post-thumbnail","6":"product_cat-cpap-zubehor","7":"pa_brand-health-on-ventures","9":"first","10":"outofstock","11":"taxable","12":"shipping-taxable","13":"purchasable","14":"product-type-simple"},"acf":[],"yoast_head":"<!-- This site is optimized with the Yoast SEO plugin v27.5 - https:\/\/yoast.com\/product\/yoast-seo-wordpress\/ -->\n<title>Oxyhero brush Edelstahl CPAP-Schlauchb\u00fcrste -15mm | Oxysphair<\/title>\n<meta name=\"robots\" content=\"index, follow, max-snippet:-1, max-image-preview:large, max-video-preview:-1\" \/>\n<link rel=\"canonical\" href=\"https:\/\/www.oxysphair.be\/de\/produits\/schlafapnoe\/cpap-zubehor\/oxyhero-brush-edelstahl-cpap-schlauchburste-15mm\/\" \/>\n<meta property=\"og:locale\" content=\"de_DE\" \/>\n<meta property=\"og:type\" content=\"article\" \/>\n<meta property=\"og:title\" content=\"Oxyhero brush Edelstahl CPAP-Schlauchb\u00fcrste -15mm | Oxysphair\" \/>\n<meta property=\"og:description\" content=\"Praktisch: mit einer L\u00e4nge von 120 cm sehr handlich; zugleich lang genug, um damit komfortabel alle Standard CPAP-Schl\u00e4uche einfach zu reinigen  Langlebig: aus rostfreiem Edelstahl mit einem B\u00fcrstenkopf aus robustem Nylon mit Wollbommel an der Spitze; Qualit\u00e4tsprodukt aus deutscher Fertigung  Effektiv: entfernt wirksam hartn\u00e4ckigen Schmutz und Ablagerungen; verhindert Algen und Schimmelbildung im Schlauch\" \/>\n<meta property=\"og:url\" content=\"https:\/\/www.oxysphair.be\/de\/produits\/schlafapnoe\/cpap-zubehor\/oxyhero-brush-edelstahl-cpap-schlauchburste-15mm\/\" \/>\n<meta property=\"og:site_name\" content=\"Oxysphair\" \/>\n<meta property=\"article:modified_time\" content=\"2025-06-15T15:33:15+00:00\" \/>\n<meta property=\"og:image\" content=\"https:\/\/www.oxysphair.be\/wp-content\/uploads\/2025\/02\/oxy-hero-brosse-tuyau-cpap-1.jpeg\" \/>\n\t<meta property=\"og:image:width\" content=\"626\" \/>\n\t<meta property=\"og:image:height\" content=\"626\" \/>\n\t<meta property=\"og:image:type\" content=\"image\/jpeg\" \/>\n<meta name=\"twitter:card\" content=\"summary_large_image\" \/>\n<meta name=\"twitter:label1\" content=\"Gesch\u00e4tzte Lesezeit\" \/>\n\t<meta name=\"twitter:data1\" content=\"2\u00a0Minuten\" \/>\n<script type=\"application\/ld+json\" class=\"yoast-schema-graph\">{\"@context\":\"https:\\\/\\\/schema.org\",\"@graph\":[{\"@type\":\"WebPage\",\"@id\":\"https:\\\/\\\/www.oxysphair.be\\\/de\\\/produits\\\/schlafapnoe\\\/cpap-zubehor\\\/oxyhero-brush-edelstahl-cpap-schlauchburste-15mm\\\/\",\"url\":\"https:\\\/\\\/www.oxysphair.be\\\/de\\\/produits\\\/schlafapnoe\\\/cpap-zubehor\\\/oxyhero-brush-edelstahl-cpap-schlauchburste-15mm\\\/\",\"name\":\"Oxyhero brush Edelstahl CPAP-Schlauchb\u00fcrste -15mm | Oxysphair\",\"isPartOf\":{\"@id\":\"https:\\\/\\\/www.oxysphair.be\\\/de\\\/#website\"},\"primaryImageOfPage\":{\"@id\":\"https:\\\/\\\/www.oxysphair.be\\\/de\\\/produits\\\/schlafapnoe\\\/cpap-zubehor\\\/oxyhero-brush-edelstahl-cpap-schlauchburste-15mm\\\/#primaryimage\"},\"image\":{\"@id\":\"https:\\\/\\\/www.oxysphair.be\\\/de\\\/produits\\\/schlafapnoe\\\/cpap-zubehor\\\/oxyhero-brush-edelstahl-cpap-schlauchburste-15mm\\\/#primaryimage\"},\"thumbnailUrl\":\"https:\\\/\\\/www.oxysphair.be\\\/wp-content\\\/uploads\\\/2025\\\/02\\\/oxy-hero-brosse-tuyau-cpap-1.jpeg\",\"datePublished\":\"2025-02-12T15:06:27+00:00\",\"dateModified\":\"2025-06-15T15:33:15+00:00\",\"breadcrumb\":{\"@id\":\"https:\\\/\\\/www.oxysphair.be\\\/de\\\/produits\\\/schlafapnoe\\\/cpap-zubehor\\\/oxyhero-brush-edelstahl-cpap-schlauchburste-15mm\\\/#breadcrumb\"},\"inLanguage\":\"de\",\"potentialAction\":[{\"@type\":\"ReadAction\",\"target\":[\"https:\\\/\\\/www.oxysphair.be\\\/de\\\/produits\\\/schlafapnoe\\\/cpap-zubehor\\\/oxyhero-brush-edelstahl-cpap-schlauchburste-15mm\\\/\"]}]},{\"@type\":\"ImageObject\",\"inLanguage\":\"de\",\"@id\":\"https:\\\/\\\/www.oxysphair.be\\\/de\\\/produits\\\/schlafapnoe\\\/cpap-zubehor\\\/oxyhero-brush-edelstahl-cpap-schlauchburste-15mm\\\/#primaryimage\",\"url\":\"https:\\\/\\\/www.oxysphair.be\\\/wp-content\\\/uploads\\\/2025\\\/02\\\/oxy-hero-brosse-tuyau-cpap-1.jpeg\",\"contentUrl\":\"https:\\\/\\\/www.oxysphair.be\\\/wp-content\\\/uploads\\\/2025\\\/02\\\/oxy-hero-brosse-tuyau-cpap-1.jpeg\",\"width\":626,\"height\":626},{\"@type\":\"BreadcrumbList\",\"@id\":\"https:\\\/\\\/www.oxysphair.be\\\/de\\\/produits\\\/schlafapnoe\\\/cpap-zubehor\\\/oxyhero-brush-edelstahl-cpap-schlauchburste-15mm\\\/#breadcrumb\",\"itemListElement\":[{\"@type\":\"ListItem\",\"position\":1,\"name\":\"Accueil\",\"item\":\"https:\\\/\\\/www.oxysphair.be\\\/de\\\/\"},{\"@type\":\"ListItem\",\"position\":2,\"name\":\"Produkte\",\"item\":\"https:\\\/\\\/www.oxysphair.be\\\/de\\\/shop-produkte\\\/\"},{\"@type\":\"ListItem\",\"position\":3,\"name\":\"Oxyhero brush Edelstahl CPAP-Schlauchb\u00fcrste -15mm\"}]},{\"@type\":\"WebSite\",\"@id\":\"https:\\\/\\\/www.oxysphair.be\\\/de\\\/#website\",\"url\":\"https:\\\/\\\/www.oxysphair.be\\\/de\\\/\",\"name\":\"Oxysphair\",\"description\":\"\",\"potentialAction\":[{\"@type\":\"SearchAction\",\"target\":{\"@type\":\"EntryPoint\",\"urlTemplate\":\"https:\\\/\\\/www.oxysphair.be\\\/de\\\/?s={search_term_string}\"},\"query-input\":{\"@type\":\"PropertyValueSpecification\",\"valueRequired\":true,\"valueName\":\"search_term_string\"}}],\"inLanguage\":\"de\"}]}<\/script>\n<!-- \/ Yoast SEO plugin. -->","yoast_head_json":{"title":"Oxyhero brush Edelstahl CPAP-Schlauchb\u00fcrste -15mm | Oxysphair","robots":{"index":"index","follow":"follow","max-snippet":"max-snippet:-1","max-image-preview":"max-image-preview:large","max-video-preview":"max-video-preview:-1"},"canonical":"https:\/\/www.oxysphair.be\/de\/produits\/schlafapnoe\/cpap-zubehor\/oxyhero-brush-edelstahl-cpap-schlauchburste-15mm\/","og_locale":"de_DE","og_type":"article","og_title":"Oxyhero brush Edelstahl CPAP-Schlauchb\u00fcrste -15mm | Oxysphair","og_description":"Praktisch: mit einer L\u00e4nge von 120 cm sehr handlich; zugleich lang genug, um damit komfortabel alle Standard CPAP-Schl\u00e4uche einfach zu reinigen  Langlebig: aus rostfreiem Edelstahl mit einem B\u00fcrstenkopf aus robustem Nylon mit Wollbommel an der Spitze; Qualit\u00e4tsprodukt aus deutscher Fertigung  Effektiv: entfernt wirksam hartn\u00e4ckigen Schmutz und Ablagerungen; verhindert Algen und Schimmelbildung im Schlauch","og_url":"https:\/\/www.oxysphair.be\/de\/produits\/schlafapnoe\/cpap-zubehor\/oxyhero-brush-edelstahl-cpap-schlauchburste-15mm\/","og_site_name":"Oxysphair","article_modified_time":"2025-06-15T15:33:15+00:00","og_image":[{"width":626,"height":626,"url":"https:\/\/www.oxysphair.be\/wp-content\/uploads\/2025\/02\/oxy-hero-brosse-tuyau-cpap-1.jpeg","type":"image\/jpeg"}],"twitter_card":"summary_large_image","twitter_misc":{"Gesch\u00e4tzte Lesezeit":"2\u00a0Minuten"},"schema":{"@context":"https:\/\/schema.org","@graph":[{"@type":"WebPage","@id":"https:\/\/www.oxysphair.be\/de\/produits\/schlafapnoe\/cpap-zubehor\/oxyhero-brush-edelstahl-cpap-schlauchburste-15mm\/","url":"https:\/\/www.oxysphair.be\/de\/produits\/schlafapnoe\/cpap-zubehor\/oxyhero-brush-edelstahl-cpap-schlauchburste-15mm\/","name":"Oxyhero brush Edelstahl CPAP-Schlauchb\u00fcrste -15mm | Oxysphair","isPartOf":{"@id":"https:\/\/www.oxysphair.be\/de\/#website"},"primaryImageOfPage":{"@id":"https:\/\/www.oxysphair.be\/de\/produits\/schlafapnoe\/cpap-zubehor\/oxyhero-brush-edelstahl-cpap-schlauchburste-15mm\/#primaryimage"},"image":{"@id":"https:\/\/www.oxysphair.be\/de\/produits\/schlafapnoe\/cpap-zubehor\/oxyhero-brush-edelstahl-cpap-schlauchburste-15mm\/#primaryimage"},"thumbnailUrl":"https:\/\/www.oxysphair.be\/wp-content\/uploads\/2025\/02\/oxy-hero-brosse-tuyau-cpap-1.jpeg","datePublished":"2025-02-12T15:06:27+00:00","dateModified":"2025-06-15T15:33:15+00:00","breadcrumb":{"@id":"https:\/\/www.oxysphair.be\/de\/produits\/schlafapnoe\/cpap-zubehor\/oxyhero-brush-edelstahl-cpap-schlauchburste-15mm\/#breadcrumb"},"inLanguage":"de","potentialAction":[{"@type":"ReadAction","target":["https:\/\/www.oxysphair.be\/de\/produits\/schlafapnoe\/cpap-zubehor\/oxyhero-brush-edelstahl-cpap-schlauchburste-15mm\/"]}]},{"@type":"ImageObject","inLanguage":"de","@id":"https:\/\/www.oxysphair.be\/de\/produits\/schlafapnoe\/cpap-zubehor\/oxyhero-brush-edelstahl-cpap-schlauchburste-15mm\/#primaryimage","url":"https:\/\/www.oxysphair.be\/wp-content\/uploads\/2025\/02\/oxy-hero-brosse-tuyau-cpap-1.jpeg","contentUrl":"https:\/\/www.oxysphair.be\/wp-content\/uploads\/2025\/02\/oxy-hero-brosse-tuyau-cpap-1.jpeg","width":626,"height":626},{"@type":"BreadcrumbList","@id":"https:\/\/www.oxysphair.be\/de\/produits\/schlafapnoe\/cpap-zubehor\/oxyhero-brush-edelstahl-cpap-schlauchburste-15mm\/#breadcrumb","itemListElement":[{"@type":"ListItem","position":1,"name":"Accueil","item":"https:\/\/www.oxysphair.be\/de\/"},{"@type":"ListItem","position":2,"name":"Produkte","item":"https:\/\/www.oxysphair.be\/de\/shop-produkte\/"},{"@type":"ListItem","position":3,"name":"Oxyhero brush Edelstahl CPAP-Schlauchb\u00fcrste -15mm"}]},{"@type":"WebSite","@id":"https:\/\/www.oxysphair.be\/de\/#website","url":"https:\/\/www.oxysphair.be\/de\/","name":"Oxysphair","description":"","potentialAction":[{"@type":"SearchAction","target":{"@type":"EntryPoint","urlTemplate":"https:\/\/www.oxysphair.be\/de\/?s={search_term_string}"},"query-input":{"@type":"PropertyValueSpecification","valueRequired":true,"valueName":"search_term_string"}}],"inLanguage":"de"}]}},"_links":{"self":[{"href":"https:\/\/www.oxysphair.be\/de\/wp-json\/wp\/v2\/product\/259234","targetHints":{"allow":["GET"]}}],"collection":[{"href":"https:\/\/www.oxysphair.be\/de\/wp-json\/wp\/v2\/product"}],"about":[{"href":"https:\/\/www.oxysphair.be\/de\/wp-json\/wp\/v2\/types\/product"}],"replies":[{"embeddable":true,"href":"https:\/\/www.oxysphair.be\/de\/wp-json\/wp\/v2\/comments?post=259234"}],"wp:featuredmedia":[{"embeddable":true,"href":"https:\/\/www.oxysphair.be\/de\/wp-json\/wp\/v2\/media\/259267"}],"wp:attachment":[{"href":"https:\/\/www.oxysphair.be\/de\/wp-json\/wp\/v2\/media?parent=259234"}],"wp:term":[{"taxonomy":"product_brand","embeddable":true,"href":"https:\/\/www.oxysphair.be\/de\/wp-json\/wp\/v2\/product_brand?post=259234"},{"taxonomy":"product_cat","embeddable":true,"href":"https:\/\/www.oxysphair.be\/de\/wp-json\/wp\/v2\/product_cat?post=259234"},{"taxonomy":"product_tag","embeddable":true,"href":"https:\/\/www.oxysphair.be\/de\/wp-json\/wp\/v2\/product_tag?post=259234"}],"curies":[{"name":"wp","href":"https:\/\/api.w.org\/{rel}","templated":true}]}}