{"id":259513,"date":"2025-02-12T16:06:27","date_gmt":"2025-02-12T15:06:27","guid":{"rendered":"https:\/\/www.oxysphair.be\/?post_type=product&#038;p=259513"},"modified":"2026-02-20T11:38:56","modified_gmt":"2026-02-20T10:38:56","slug":"somnosept-cpap-reinigungstuecher","status":"publish","type":"product","link":"https:\/\/www.oxysphair.be\/de\/produits\/schlafapnoe\/cpap-zubehor\/somnosept-cpap-reinigungstuecher\/","title":{"rendered":"SomnoSept CPAP-Reinigungst\u00fccher"},"content":{"rendered":"<p><u>Produktbeschreibung<\/u><\/p>\n<p>Die speziellen SomnoSept PPC\/CPAP-Reinigungst\u00fccher wurden speziell f\u00fcr die schnelle und einfache t\u00e4gliche Reinigung von Masken und PPC\/CPAP-Ausr\u00fcstung entwickelt. Sie sind besonders sanft, dermatologisch getestet und k\u00f6nnen bedenkenlos auch f\u00fcr die Gesichtsreinigung verwendet werden.<\/p>\n<p>SomnoSept T\u00fccher entfernen zuverl\u00e4ssig Schmutz, Fett und andere organische R\u00fcckst\u00e4nde, wie z. B. Hautschuppen. Da sie zu 100 % aus Viskose bestehen, f\u00fchlen sie sich besonders weich an.<\/p>\n<p>Dar\u00fcber hinaus sind diese T\u00fccher nat\u00fcrlich und umweltfreundlich. Sie enthalten keine Duftstoffe, keinen Alkohol, keine synthetischen Fasern oder Kunststoffe und sind biologisch abbaubar.<\/p>\n<p>Die Verpackung der SomnoSept Feuchtt\u00fccher ist mit einem wiederverwendbaren Klebeverschluss versehen, der die T\u00fccher vor dem Austrocknen sch\u00fctzt. Eine Packung enth\u00e4lt 72 Feuchtt\u00fccher, die jeweils 22 x 14 cm gro\u00df sind.<\/p>\n<p>Gut f\u00fcr CPAP-\/CPAP-Masken, f\u00fcr die Haut und f\u00fcr die Umwelt!<\/p>\n<p><u>Spezifikationen<\/u><\/p>\n<p>Produkttyp: wischt\u00fccher<\/p>\n<p>Marke: SomnoSept<\/p>\n<p><u>Lieferumfang:<\/u> 1 Packung mit 72 Reinigungst\u00fcchern<\/p>\n","protected":false},"excerpt":{"rendered":"<ul>\n<li>SO SCHNELL: Schlafmediziner empfehlen, die CPAP-Maske t\u00e4glich zu reinigen. Aber wer hat morgens Zeit daf\u00fcr? Entdecken Sie die SomnoSept-Reinigungst\u00fccher, die Ihre morgendliche Routine in 30 Sekunden erledigen.<\/li>\n<li>HAUTSCHONEND: herk\u00f6mmliche Putzt\u00fccher waren gestern! Erfahren Sie selbst, wie sanft und sicher die SomnoSept T\u00fccher zu Ihrer Haut sind. Medizinprodukt Klasse I. Dermatologisch getestet und geruchsneutral sorgen sie f\u00fcr einen Schlaf frei von Hautreizungen und Allergien.<\/li>\n<li>PORENTIEF SAUBER: fettig-schmutzige CPAP-Masken k\u00f6nnen verrutschen und Ihre Therapie negativ beeinflussen. Die Viskose in SomnoSept nimmt den gel\u00f6sten Schmutz tief in das Tuch auf und stellt sicher, dass er nicht blo\u00df verwischt, sondern zuverl\u00e4ssig entfernt wird. Sie schlafen sp\u00fcrbar besser und wachen mit mehr Energie und Wohlbefinden auf.<\/li>\n<\/ul>\n","protected":false},"featured_media":259520,"comment_status":"closed","ping_status":"closed","template":"","meta":{"_et_pb_use_builder":"","_et_pb_old_content":"","_et_gb_content_width":"","inline_featured_image":false},"product_brand":[220],"product_cat":[80],"product_tag":[],"class_list":{"0":"post-259513","1":"product","2":"type-product","3":"status-publish","4":"has-post-thumbnail","6":"product_brand-health-on-ventures","7":"product_cat-cpap-zubehor","8":"pa_brand-health-on-ventures","10":"first","11":"instock","12":"taxable","13":"shipping-taxable","14":"purchasable","15":"product-type-simple"},"acf":[],"yoast_head":"<!-- This site is optimized with the Yoast SEO plugin v27.5 - https:\/\/yoast.com\/product\/yoast-seo-wordpress\/ -->\n<title>SomnoSept CPAP-Reinigungst\u00fccher | Oxysphair<\/title>\n<meta name=\"robots\" content=\"index, follow, max-snippet:-1, max-image-preview:large, max-video-preview:-1\" \/>\n<link rel=\"canonical\" href=\"https:\/\/www.oxysphair.be\/de\/produits\/schlafapnoe\/cpap-zubehor\/somnosept-cpap-reinigungstuecher\/\" \/>\n<meta property=\"og:locale\" content=\"de_DE\" \/>\n<meta property=\"og:type\" content=\"article\" \/>\n<meta property=\"og:title\" content=\"SomnoSept CPAP-Reinigungst\u00fccher | Oxysphair\" \/>\n<meta property=\"og:description\" content=\"SO SCHNELL: Schlafmediziner empfehlen, die CPAP-Maske t\u00e4glich zu reinigen. Aber wer hat morgens Zeit daf\u00fcr? Entdecken Sie die SomnoSept-Reinigungst\u00fccher, die Ihre morgendliche Routine in 30 Sekunden erledigen.  HAUTSCHONEND: herk\u00f6mmliche Putzt\u00fccher waren gestern! Erfahren Sie selbst, wie sanft und sicher die SomnoSept T\u00fccher zu Ihrer Haut sind. Medizinprodukt Klasse I. Dermatologisch getestet und geruchsneutral sorgen sie f\u00fcr einen Schlaf frei von Hautreizungen und Allergien.  PORENTIEF SAUBER: fettig-schmutzige CPAP-Masken k\u00f6nnen verrutschen und Ihre Therapie negativ beeinflussen. Die Viskose in SomnoSept nimmt den gel\u00f6sten Schmutz tief in das Tuch auf und stellt sicher, dass er nicht blo\u00df verwischt, sondern zuverl\u00e4ssig entfernt wird. Sie schlafen sp\u00fcrbar besser und wachen mit mehr Energie und Wohlbefinden auf.\" \/>\n<meta property=\"og:url\" content=\"https:\/\/www.oxysphair.be\/de\/produits\/schlafapnoe\/cpap-zubehor\/somnosept-cpap-reinigungstuecher\/\" \/>\n<meta property=\"og:site_name\" content=\"Oxysphair\" \/>\n<meta property=\"article:modified_time\" content=\"2026-02-20T10:38:56+00:00\" \/>\n<meta name=\"twitter:card\" content=\"summary_large_image\" \/>\n<meta name=\"twitter:label1\" content=\"Gesch\u00e4tzte Lesezeit\" \/>\n\t<meta name=\"twitter:data1\" content=\"1\u00a0Minute\" \/>\n<script type=\"application\/ld+json\" class=\"yoast-schema-graph\">{\"@context\":\"https:\\\/\\\/schema.org\",\"@graph\":[{\"@type\":\"WebPage\",\"@id\":\"https:\\\/\\\/www.oxysphair.be\\\/de\\\/produits\\\/schlafapnoe\\\/cpap-zubehor\\\/somnosept-cpap-reinigungstuecher\\\/\",\"url\":\"https:\\\/\\\/www.oxysphair.be\\\/de\\\/produits\\\/schlafapnoe\\\/cpap-zubehor\\\/somnosept-cpap-reinigungstuecher\\\/\",\"name\":\"SomnoSept CPAP-Reinigungst\u00fccher | Oxysphair\",\"isPartOf\":{\"@id\":\"https:\\\/\\\/www.oxysphair.be\\\/de\\\/#website\"},\"primaryImageOfPage\":{\"@id\":\"https:\\\/\\\/www.oxysphair.be\\\/de\\\/produits\\\/schlafapnoe\\\/cpap-zubehor\\\/somnosept-cpap-reinigungstuecher\\\/#primaryimage\"},\"image\":{\"@id\":\"https:\\\/\\\/www.oxysphair.be\\\/de\\\/produits\\\/schlafapnoe\\\/cpap-zubehor\\\/somnosept-cpap-reinigungstuecher\\\/#primaryimage\"},\"thumbnailUrl\":\"https:\\\/\\\/www.oxysphair.be\\\/wp-content\\\/uploads\\\/2025\\\/02\\\/LINGETTES-2-.jpeg\",\"datePublished\":\"2025-02-12T15:06:27+00:00\",\"dateModified\":\"2026-02-20T10:38:56+00:00\",\"breadcrumb\":{\"@id\":\"https:\\\/\\\/www.oxysphair.be\\\/de\\\/produits\\\/schlafapnoe\\\/cpap-zubehor\\\/somnosept-cpap-reinigungstuecher\\\/#breadcrumb\"},\"inLanguage\":\"de\",\"potentialAction\":[{\"@type\":\"ReadAction\",\"target\":[\"https:\\\/\\\/www.oxysphair.be\\\/de\\\/produits\\\/schlafapnoe\\\/cpap-zubehor\\\/somnosept-cpap-reinigungstuecher\\\/\"]}]},{\"@type\":\"ImageObject\",\"inLanguage\":\"de\",\"@id\":\"https:\\\/\\\/www.oxysphair.be\\\/de\\\/produits\\\/schlafapnoe\\\/cpap-zubehor\\\/somnosept-cpap-reinigungstuecher\\\/#primaryimage\",\"url\":\"https:\\\/\\\/www.oxysphair.be\\\/wp-content\\\/uploads\\\/2025\\\/02\\\/LINGETTES-2-.jpeg\",\"contentUrl\":\"https:\\\/\\\/www.oxysphair.be\\\/wp-content\\\/uploads\\\/2025\\\/02\\\/LINGETTES-2-.jpeg\",\"width\":626,\"height\":626},{\"@type\":\"BreadcrumbList\",\"@id\":\"https:\\\/\\\/www.oxysphair.be\\\/de\\\/produits\\\/schlafapnoe\\\/cpap-zubehor\\\/somnosept-cpap-reinigungstuecher\\\/#breadcrumb\",\"itemListElement\":[{\"@type\":\"ListItem\",\"position\":1,\"name\":\"Accueil\",\"item\":\"https:\\\/\\\/www.oxysphair.be\\\/de\\\/\"},{\"@type\":\"ListItem\",\"position\":2,\"name\":\"Produkte\",\"item\":\"https:\\\/\\\/www.oxysphair.be\\\/de\\\/shop-produkte\\\/\"},{\"@type\":\"ListItem\",\"position\":3,\"name\":\"SomnoSept CPAP-Reinigungst\u00fccher\"}]},{\"@type\":\"WebSite\",\"@id\":\"https:\\\/\\\/www.oxysphair.be\\\/de\\\/#website\",\"url\":\"https:\\\/\\\/www.oxysphair.be\\\/de\\\/\",\"name\":\"Oxysphair\",\"description\":\"\",\"potentialAction\":[{\"@type\":\"SearchAction\",\"target\":{\"@type\":\"EntryPoint\",\"urlTemplate\":\"https:\\\/\\\/www.oxysphair.be\\\/de\\\/?s={search_term_string}\"},\"query-input\":{\"@type\":\"PropertyValueSpecification\",\"valueRequired\":true,\"valueName\":\"search_term_string\"}}],\"inLanguage\":\"de\"}]}<\/script>\n<!-- \/ Yoast SEO plugin. -->","yoast_head_json":{"title":"SomnoSept CPAP-Reinigungst\u00fccher | Oxysphair","robots":{"index":"index","follow":"follow","max-snippet":"max-snippet:-1","max-image-preview":"max-image-preview:large","max-video-preview":"max-video-preview:-1"},"canonical":"https:\/\/www.oxysphair.be\/de\/produits\/schlafapnoe\/cpap-zubehor\/somnosept-cpap-reinigungstuecher\/","og_locale":"de_DE","og_type":"article","og_title":"SomnoSept CPAP-Reinigungst\u00fccher | Oxysphair","og_description":"SO SCHNELL: Schlafmediziner empfehlen, die CPAP-Maske t\u00e4glich zu reinigen. Aber wer hat morgens Zeit daf\u00fcr? Entdecken Sie die SomnoSept-Reinigungst\u00fccher, die Ihre morgendliche Routine in 30 Sekunden erledigen.  HAUTSCHONEND: herk\u00f6mmliche Putzt\u00fccher waren gestern! Erfahren Sie selbst, wie sanft und sicher die SomnoSept T\u00fccher zu Ihrer Haut sind. Medizinprodukt Klasse I. Dermatologisch getestet und geruchsneutral sorgen sie f\u00fcr einen Schlaf frei von Hautreizungen und Allergien.  PORENTIEF SAUBER: fettig-schmutzige CPAP-Masken k\u00f6nnen verrutschen und Ihre Therapie negativ beeinflussen. Die Viskose in SomnoSept nimmt den gel\u00f6sten Schmutz tief in das Tuch auf und stellt sicher, dass er nicht blo\u00df verwischt, sondern zuverl\u00e4ssig entfernt wird. Sie schlafen sp\u00fcrbar besser und wachen mit mehr Energie und Wohlbefinden auf.","og_url":"https:\/\/www.oxysphair.be\/de\/produits\/schlafapnoe\/cpap-zubehor\/somnosept-cpap-reinigungstuecher\/","og_site_name":"Oxysphair","article_modified_time":"2026-02-20T10:38:56+00:00","twitter_card":"summary_large_image","twitter_misc":{"Gesch\u00e4tzte Lesezeit":"1\u00a0Minute"},"schema":{"@context":"https:\/\/schema.org","@graph":[{"@type":"WebPage","@id":"https:\/\/www.oxysphair.be\/de\/produits\/schlafapnoe\/cpap-zubehor\/somnosept-cpap-reinigungstuecher\/","url":"https:\/\/www.oxysphair.be\/de\/produits\/schlafapnoe\/cpap-zubehor\/somnosept-cpap-reinigungstuecher\/","name":"SomnoSept CPAP-Reinigungst\u00fccher | Oxysphair","isPartOf":{"@id":"https:\/\/www.oxysphair.be\/de\/#website"},"primaryImageOfPage":{"@id":"https:\/\/www.oxysphair.be\/de\/produits\/schlafapnoe\/cpap-zubehor\/somnosept-cpap-reinigungstuecher\/#primaryimage"},"image":{"@id":"https:\/\/www.oxysphair.be\/de\/produits\/schlafapnoe\/cpap-zubehor\/somnosept-cpap-reinigungstuecher\/#primaryimage"},"thumbnailUrl":"https:\/\/www.oxysphair.be\/wp-content\/uploads\/2025\/02\/LINGETTES-2-.jpeg","datePublished":"2025-02-12T15:06:27+00:00","dateModified":"2026-02-20T10:38:56+00:00","breadcrumb":{"@id":"https:\/\/www.oxysphair.be\/de\/produits\/schlafapnoe\/cpap-zubehor\/somnosept-cpap-reinigungstuecher\/#breadcrumb"},"inLanguage":"de","potentialAction":[{"@type":"ReadAction","target":["https:\/\/www.oxysphair.be\/de\/produits\/schlafapnoe\/cpap-zubehor\/somnosept-cpap-reinigungstuecher\/"]}]},{"@type":"ImageObject","inLanguage":"de","@id":"https:\/\/www.oxysphair.be\/de\/produits\/schlafapnoe\/cpap-zubehor\/somnosept-cpap-reinigungstuecher\/#primaryimage","url":"https:\/\/www.oxysphair.be\/wp-content\/uploads\/2025\/02\/LINGETTES-2-.jpeg","contentUrl":"https:\/\/www.oxysphair.be\/wp-content\/uploads\/2025\/02\/LINGETTES-2-.jpeg","width":626,"height":626},{"@type":"BreadcrumbList","@id":"https:\/\/www.oxysphair.be\/de\/produits\/schlafapnoe\/cpap-zubehor\/somnosept-cpap-reinigungstuecher\/#breadcrumb","itemListElement":[{"@type":"ListItem","position":1,"name":"Accueil","item":"https:\/\/www.oxysphair.be\/de\/"},{"@type":"ListItem","position":2,"name":"Produkte","item":"https:\/\/www.oxysphair.be\/de\/shop-produkte\/"},{"@type":"ListItem","position":3,"name":"SomnoSept CPAP-Reinigungst\u00fccher"}]},{"@type":"WebSite","@id":"https:\/\/www.oxysphair.be\/de\/#website","url":"https:\/\/www.oxysphair.be\/de\/","name":"Oxysphair","description":"","potentialAction":[{"@type":"SearchAction","target":{"@type":"EntryPoint","urlTemplate":"https:\/\/www.oxysphair.be\/de\/?s={search_term_string}"},"query-input":{"@type":"PropertyValueSpecification","valueRequired":true,"valueName":"search_term_string"}}],"inLanguage":"de"}]}},"_links":{"self":[{"href":"https:\/\/www.oxysphair.be\/de\/wp-json\/wp\/v2\/product\/259513","targetHints":{"allow":["GET"]}}],"collection":[{"href":"https:\/\/www.oxysphair.be\/de\/wp-json\/wp\/v2\/product"}],"about":[{"href":"https:\/\/www.oxysphair.be\/de\/wp-json\/wp\/v2\/types\/product"}],"replies":[{"embeddable":true,"href":"https:\/\/www.oxysphair.be\/de\/wp-json\/wp\/v2\/comments?post=259513"}],"wp:featuredmedia":[{"embeddable":true,"href":"https:\/\/www.oxysphair.be\/de\/wp-json\/wp\/v2\/media\/259520"}],"wp:attachment":[{"href":"https:\/\/www.oxysphair.be\/de\/wp-json\/wp\/v2\/media?parent=259513"}],"wp:term":[{"taxonomy":"product_brand","embeddable":true,"href":"https:\/\/www.oxysphair.be\/de\/wp-json\/wp\/v2\/product_brand?post=259513"},{"taxonomy":"product_cat","embeddable":true,"href":"https:\/\/www.oxysphair.be\/de\/wp-json\/wp\/v2\/product_cat?post=259513"},{"taxonomy":"product_tag","embeddable":true,"href":"https:\/\/www.oxysphair.be\/de\/wp-json\/wp\/v2\/product_tag?post=259513"}],"curies":[{"name":"wp","href":"https:\/\/api.w.org\/{rel}","templated":true}]}}