{"id":259559,"date":"2025-02-12T16:06:27","date_gmt":"2025-02-12T15:06:27","guid":{"rendered":"https:\/\/www.oxysphair.be\/?post_type=product&#038;p=259559"},"modified":"2026-04-19T14:46:19","modified_gmt":"2026-04-19T12:46:19","slug":"somnosept-cpap-reiniger-400-ml","status":"publish","type":"product","link":"https:\/\/www.oxysphair.be\/de\/produits\/schlafapnoe\/cpap-zubehor\/somnosept-cpap-reiniger-400-ml\/","title":{"rendered":"SomnoSept CPAP-Reiniger 400 ml"},"content":{"rendered":"<h4><u>Produktbeschreibung<\/u><\/h4>\n<p>SomnoSept ist ein hochwirksamer CPAP-Reiniger, der speziell f\u00fcr die Anwendung auf Silikonoberfl\u00e4chen und medizinischem Kunststoff entwickelt wurde. Das Konzentrat ist \u00e4u\u00dferst sparsam im Gebrauch und reinigt Ihre CPAP-Komponenten schonend und gr\u00fcndlich. Eine Flasche mit 400 ml reicht f\u00fcr bis zu 80 Reinigungsanwendungen.\u00a0 Der Reiniger l\u00e4sst sich gut und r\u00fcckstandsfrei aussp\u00fclen. SomnoSept ist ein Medizinprodukt der Klasse I, dermatologisch getestet und hat einen hautfreundlichen pH-Wert von 5,5. Er hat zudem einen ausgesprochen angenehmen und zugleich dezenten Geruch.<\/p>\n<h4><u>Spezifikationen<\/u><\/h4>\n<p>Produkttyp: konzentrat<\/p>\n<p>Marke: SomnoSept<\/p>\n<h4><u>Lieferumfang:<\/u> 1 Flasche SomnoSept (400ml) bis zu 80 Anwendungen<\/h4>\n","protected":false},"excerpt":{"rendered":"<ul>\n<li>F\u00fcr lang anhaltende Hygiene: Reiniger ist besonders ergiebig. Reicht f\u00fcr 80 Reinigungsvorg\u00e4nge pro Flasche<\/li>\n<li>F\u00fcr lange Freude an der Maske: Reinigt Ihre Maske, ohne die Kunststoff- und Silikonoberfl\u00e4chen anzugreifen<\/li>\n<li>F\u00fcr viele Stunden sorgenfreien Hautkontakt: Ist dermatologisch getestet und als unbedenklich eingestuft. Hat einen hautfreundlichen pH-Wert (5.5)<\/li>\n<\/ul>\n","protected":false},"featured_media":259572,"comment_status":"closed","ping_status":"closed","template":"","meta":{"_et_pb_use_builder":"","_et_pb_old_content":"","_et_gb_content_width":"","inline_featured_image":false},"product_brand":[220],"product_cat":[80],"product_tag":[],"class_list":{"0":"post-259559","1":"product","2":"type-product","3":"status-publish","4":"has-post-thumbnail","6":"product_brand-health-on-ventures","7":"product_cat-cpap-zubehor","8":"pa_brand-health-on-ventures","10":"first","11":"instock","12":"taxable","13":"shipping-taxable","14":"purchasable","15":"product-type-simple"},"acf":[],"yoast_head":"<!-- This site is optimized with the Yoast SEO plugin v27.4 - https:\/\/yoast.com\/product\/yoast-seo-wordpress\/ -->\n<title>SomnoSept CPAP-Reiniger 400 ml | Oxysphair<\/title>\n<meta name=\"robots\" content=\"index, follow, max-snippet:-1, max-image-preview:large, max-video-preview:-1\" \/>\n<link rel=\"canonical\" href=\"https:\/\/www.oxysphair.be\/de\/produits\/schlafapnoe\/cpap-zubehor\/somnosept-cpap-reiniger-400-ml\/\" \/>\n<meta property=\"og:locale\" content=\"de_DE\" \/>\n<meta property=\"og:type\" content=\"article\" \/>\n<meta property=\"og:title\" content=\"SomnoSept CPAP-Reiniger 400 ml | Oxysphair\" \/>\n<meta property=\"og:description\" content=\"F\u00fcr lang anhaltende Hygiene: Reiniger ist besonders ergiebig. Reicht f\u00fcr 80 Reinigungsvorg\u00e4nge pro Flasche  F\u00fcr lange Freude an der Maske: Reinigt Ihre Maske, ohne die Kunststoff- und Silikonoberfl\u00e4chen anzugreifen  F\u00fcr viele Stunden sorgenfreien Hautkontakt: Ist dermatologisch getestet und als unbedenklich eingestuft. Hat einen hautfreundlichen pH-Wert (5.5)\" \/>\n<meta property=\"og:url\" content=\"https:\/\/www.oxysphair.be\/de\/produits\/schlafapnoe\/cpap-zubehor\/somnosept-cpap-reiniger-400-ml\/\" \/>\n<meta property=\"og:site_name\" content=\"Oxysphair\" \/>\n<meta property=\"article:modified_time\" content=\"2026-04-19T12:46:19+00:00\" \/>\n<meta name=\"twitter:card\" content=\"summary_large_image\" \/>\n<meta name=\"twitter:label1\" content=\"Gesch\u00e4tzte Lesezeit\" \/>\n\t<meta name=\"twitter:data1\" content=\"1\u00a0Minute\" \/>\n<script type=\"application\/ld+json\" class=\"yoast-schema-graph\">{\"@context\":\"https:\\\/\\\/schema.org\",\"@graph\":[{\"@type\":\"WebPage\",\"@id\":\"https:\\\/\\\/www.oxysphair.be\\\/de\\\/produits\\\/schlafapnoe\\\/cpap-zubehor\\\/somnosept-cpap-reiniger-400-ml\\\/\",\"url\":\"https:\\\/\\\/www.oxysphair.be\\\/de\\\/produits\\\/schlafapnoe\\\/cpap-zubehor\\\/somnosept-cpap-reiniger-400-ml\\\/\",\"name\":\"SomnoSept CPAP-Reiniger 400 ml | Oxysphair\",\"isPartOf\":{\"@id\":\"https:\\\/\\\/www.oxysphair.be\\\/de\\\/#website\"},\"primaryImageOfPage\":{\"@id\":\"https:\\\/\\\/www.oxysphair.be\\\/de\\\/produits\\\/schlafapnoe\\\/cpap-zubehor\\\/somnosept-cpap-reiniger-400-ml\\\/#primaryimage\"},\"image\":{\"@id\":\"https:\\\/\\\/www.oxysphair.be\\\/de\\\/produits\\\/schlafapnoe\\\/cpap-zubehor\\\/somnosept-cpap-reiniger-400-ml\\\/#primaryimage\"},\"thumbnailUrl\":\"https:\\\/\\\/www.oxysphair.be\\\/wp-content\\\/uploads\\\/2025\\\/02\\\/NETTOYANT-CPAP-FR-NL-ALL-2.jpeg\",\"datePublished\":\"2025-02-12T15:06:27+00:00\",\"dateModified\":\"2026-04-19T12:46:19+00:00\",\"breadcrumb\":{\"@id\":\"https:\\\/\\\/www.oxysphair.be\\\/de\\\/produits\\\/schlafapnoe\\\/cpap-zubehor\\\/somnosept-cpap-reiniger-400-ml\\\/#breadcrumb\"},\"inLanguage\":\"de\",\"potentialAction\":[{\"@type\":\"ReadAction\",\"target\":[\"https:\\\/\\\/www.oxysphair.be\\\/de\\\/produits\\\/schlafapnoe\\\/cpap-zubehor\\\/somnosept-cpap-reiniger-400-ml\\\/\"]}]},{\"@type\":\"ImageObject\",\"inLanguage\":\"de\",\"@id\":\"https:\\\/\\\/www.oxysphair.be\\\/de\\\/produits\\\/schlafapnoe\\\/cpap-zubehor\\\/somnosept-cpap-reiniger-400-ml\\\/#primaryimage\",\"url\":\"https:\\\/\\\/www.oxysphair.be\\\/wp-content\\\/uploads\\\/2025\\\/02\\\/NETTOYANT-CPAP-FR-NL-ALL-2.jpeg\",\"contentUrl\":\"https:\\\/\\\/www.oxysphair.be\\\/wp-content\\\/uploads\\\/2025\\\/02\\\/NETTOYANT-CPAP-FR-NL-ALL-2.jpeg\",\"width\":626,\"height\":626},{\"@type\":\"BreadcrumbList\",\"@id\":\"https:\\\/\\\/www.oxysphair.be\\\/de\\\/produits\\\/schlafapnoe\\\/cpap-zubehor\\\/somnosept-cpap-reiniger-400-ml\\\/#breadcrumb\",\"itemListElement\":[{\"@type\":\"ListItem\",\"position\":1,\"name\":\"Accueil\",\"item\":\"https:\\\/\\\/www.oxysphair.be\\\/de\\\/\"},{\"@type\":\"ListItem\",\"position\":2,\"name\":\"Produkte\",\"item\":\"https:\\\/\\\/www.oxysphair.be\\\/de\\\/shop-produkte\\\/\"},{\"@type\":\"ListItem\",\"position\":3,\"name\":\"SomnoSept CPAP-Reiniger 400 ml\"}]},{\"@type\":\"WebSite\",\"@id\":\"https:\\\/\\\/www.oxysphair.be\\\/de\\\/#website\",\"url\":\"https:\\\/\\\/www.oxysphair.be\\\/de\\\/\",\"name\":\"Oxysphair\",\"description\":\"\",\"potentialAction\":[{\"@type\":\"SearchAction\",\"target\":{\"@type\":\"EntryPoint\",\"urlTemplate\":\"https:\\\/\\\/www.oxysphair.be\\\/de\\\/?s={search_term_string}\"},\"query-input\":{\"@type\":\"PropertyValueSpecification\",\"valueRequired\":true,\"valueName\":\"search_term_string\"}}],\"inLanguage\":\"de\"}]}<\/script>\n<!-- \/ Yoast SEO plugin. -->","yoast_head_json":{"title":"SomnoSept CPAP-Reiniger 400 ml | Oxysphair","robots":{"index":"index","follow":"follow","max-snippet":"max-snippet:-1","max-image-preview":"max-image-preview:large","max-video-preview":"max-video-preview:-1"},"canonical":"https:\/\/www.oxysphair.be\/de\/produits\/schlafapnoe\/cpap-zubehor\/somnosept-cpap-reiniger-400-ml\/","og_locale":"de_DE","og_type":"article","og_title":"SomnoSept CPAP-Reiniger 400 ml | Oxysphair","og_description":"F\u00fcr lang anhaltende Hygiene: Reiniger ist besonders ergiebig. Reicht f\u00fcr 80 Reinigungsvorg\u00e4nge pro Flasche  F\u00fcr lange Freude an der Maske: Reinigt Ihre Maske, ohne die Kunststoff- und Silikonoberfl\u00e4chen anzugreifen  F\u00fcr viele Stunden sorgenfreien Hautkontakt: Ist dermatologisch getestet und als unbedenklich eingestuft. Hat einen hautfreundlichen pH-Wert (5.5)","og_url":"https:\/\/www.oxysphair.be\/de\/produits\/schlafapnoe\/cpap-zubehor\/somnosept-cpap-reiniger-400-ml\/","og_site_name":"Oxysphair","article_modified_time":"2026-04-19T12:46:19+00:00","twitter_card":"summary_large_image","twitter_misc":{"Gesch\u00e4tzte Lesezeit":"1\u00a0Minute"},"schema":{"@context":"https:\/\/schema.org","@graph":[{"@type":"WebPage","@id":"https:\/\/www.oxysphair.be\/de\/produits\/schlafapnoe\/cpap-zubehor\/somnosept-cpap-reiniger-400-ml\/","url":"https:\/\/www.oxysphair.be\/de\/produits\/schlafapnoe\/cpap-zubehor\/somnosept-cpap-reiniger-400-ml\/","name":"SomnoSept CPAP-Reiniger 400 ml | Oxysphair","isPartOf":{"@id":"https:\/\/www.oxysphair.be\/de\/#website"},"primaryImageOfPage":{"@id":"https:\/\/www.oxysphair.be\/de\/produits\/schlafapnoe\/cpap-zubehor\/somnosept-cpap-reiniger-400-ml\/#primaryimage"},"image":{"@id":"https:\/\/www.oxysphair.be\/de\/produits\/schlafapnoe\/cpap-zubehor\/somnosept-cpap-reiniger-400-ml\/#primaryimage"},"thumbnailUrl":"https:\/\/www.oxysphair.be\/wp-content\/uploads\/2025\/02\/NETTOYANT-CPAP-FR-NL-ALL-2.jpeg","datePublished":"2025-02-12T15:06:27+00:00","dateModified":"2026-04-19T12:46:19+00:00","breadcrumb":{"@id":"https:\/\/www.oxysphair.be\/de\/produits\/schlafapnoe\/cpap-zubehor\/somnosept-cpap-reiniger-400-ml\/#breadcrumb"},"inLanguage":"de","potentialAction":[{"@type":"ReadAction","target":["https:\/\/www.oxysphair.be\/de\/produits\/schlafapnoe\/cpap-zubehor\/somnosept-cpap-reiniger-400-ml\/"]}]},{"@type":"ImageObject","inLanguage":"de","@id":"https:\/\/www.oxysphair.be\/de\/produits\/schlafapnoe\/cpap-zubehor\/somnosept-cpap-reiniger-400-ml\/#primaryimage","url":"https:\/\/www.oxysphair.be\/wp-content\/uploads\/2025\/02\/NETTOYANT-CPAP-FR-NL-ALL-2.jpeg","contentUrl":"https:\/\/www.oxysphair.be\/wp-content\/uploads\/2025\/02\/NETTOYANT-CPAP-FR-NL-ALL-2.jpeg","width":626,"height":626},{"@type":"BreadcrumbList","@id":"https:\/\/www.oxysphair.be\/de\/produits\/schlafapnoe\/cpap-zubehor\/somnosept-cpap-reiniger-400-ml\/#breadcrumb","itemListElement":[{"@type":"ListItem","position":1,"name":"Accueil","item":"https:\/\/www.oxysphair.be\/de\/"},{"@type":"ListItem","position":2,"name":"Produkte","item":"https:\/\/www.oxysphair.be\/de\/shop-produkte\/"},{"@type":"ListItem","position":3,"name":"SomnoSept CPAP-Reiniger 400 ml"}]},{"@type":"WebSite","@id":"https:\/\/www.oxysphair.be\/de\/#website","url":"https:\/\/www.oxysphair.be\/de\/","name":"Oxysphair","description":"","potentialAction":[{"@type":"SearchAction","target":{"@type":"EntryPoint","urlTemplate":"https:\/\/www.oxysphair.be\/de\/?s={search_term_string}"},"query-input":{"@type":"PropertyValueSpecification","valueRequired":true,"valueName":"search_term_string"}}],"inLanguage":"de"}]}},"_links":{"self":[{"href":"https:\/\/www.oxysphair.be\/de\/wp-json\/wp\/v2\/product\/259559","targetHints":{"allow":["GET"]}}],"collection":[{"href":"https:\/\/www.oxysphair.be\/de\/wp-json\/wp\/v2\/product"}],"about":[{"href":"https:\/\/www.oxysphair.be\/de\/wp-json\/wp\/v2\/types\/product"}],"replies":[{"embeddable":true,"href":"https:\/\/www.oxysphair.be\/de\/wp-json\/wp\/v2\/comments?post=259559"}],"wp:featuredmedia":[{"embeddable":true,"href":"https:\/\/www.oxysphair.be\/de\/wp-json\/wp\/v2\/media\/259572"}],"wp:attachment":[{"href":"https:\/\/www.oxysphair.be\/de\/wp-json\/wp\/v2\/media?parent=259559"}],"wp:term":[{"taxonomy":"product_brand","embeddable":true,"href":"https:\/\/www.oxysphair.be\/de\/wp-json\/wp\/v2\/product_brand?post=259559"},{"taxonomy":"product_cat","embeddable":true,"href":"https:\/\/www.oxysphair.be\/de\/wp-json\/wp\/v2\/product_cat?post=259559"},{"taxonomy":"product_tag","embeddable":true,"href":"https:\/\/www.oxysphair.be\/de\/wp-json\/wp\/v2\/product_tag?post=259559"}],"curies":[{"name":"wp","href":"https:\/\/api.w.org\/{rel}","templated":true}]}}