{"id":259781,"date":"2025-03-13T14:10:20","date_gmt":"2025-03-13T13:10:20","guid":{"rendered":"https:\/\/www.oxysphair.be\/?post_type=product&#038;p=259781"},"modified":"2026-04-29T02:22:42","modified_gmt":"2026-04-29T00:22:42","slug":"filtre-airsense-s11-hypo-pack-de-2-resmed","status":"publish","type":"product","link":"https:\/\/www.oxysphair.be\/de\/produits\/schlafapnoe\/cpap-zubehor\/filtre-airsense-s11-hypo-pack-de-2-resmed\/","title":{"rendered":"Filtre Airsense S11 HYPO (pack de 2) &#8211; Resmed"},"content":{"rendered":"<p data-start=\"97\" data-end=\"354\">Le filtre AirSense 11 Hypoallerg\u00e9nique de ResMed est con\u00e7u pour assurer une filtration efficace de l\u2019air entrant dans votre appareil CPAP AirSense 11. Cet accessoire contribue \u00e0 maintenir une qualit\u00e9 d\u2019air optimale tout au long de votre th\u00e9rapie du sommeil.<\/p>\n<p data-start=\"356\" data-end=\"694\">Le filtre ResMed AirSense 11 HYPO est un filtre hypoallerg\u00e9nique \u00e0 haute efficacit\u00e9, sp\u00e9cialement d\u00e9velopp\u00e9 pour capturer les particules fines, la poussi\u00e8re, le pollen et autres allerg\u00e8nes pr\u00e9sents dans l\u2019air ambiant. Il aide \u00e0 prot\u00e9ger \u00e0 la fois l\u2019utilisateur et l\u2019appareil, garantissant une th\u00e9rapie CPAP plus saine et plus confortable.<\/p>\n<p data-start=\"696\" data-end=\"980\">Facile \u00e0 installer et \u00e0 remplacer, ce filtre est particuli\u00e8rement recommand\u00e9 pour les personnes sensibles aux allerg\u00e8nes ou \u00e9voluant dans un environnement poussi\u00e9reux. Il permet de pr\u00e9server les performances de l\u2019AirSense 11 tout en am\u00e9liorant le confort respiratoire nuit apr\u00e8s nuit.<\/p>\n","protected":false},"excerpt":{"rendered":"<p>Le filtre AirSense 11 Hypoallerg\u00e9nique de ResMed est con\u00e7u pour assurer une filtration efficace de l\u2019air entrant dans votre appareil CPAP AirSense 11. Cet accessoire contribue \u00e0 maintenir une qualit\u00e9 d\u2019air optimale tout au long de votre th\u00e9rapie du sommeil. Le filtre ResMed AirSense 11 HYPO est un filtre hypoallerg\u00e9nique \u00e0 haute efficacit\u00e9, sp\u00e9cialement d\u00e9velopp\u00e9 [&hellip;]<\/p>\n","protected":false},"featured_media":267053,"comment_status":"closed","ping_status":"closed","template":"","meta":{"_et_pb_use_builder":"","_et_pb_old_content":"","_et_gb_content_width":"","inline_featured_image":false},"product_brand":[248],"product_cat":[28],"product_tag":[],"class_list":{"0":"post-259781","1":"product","2":"type-product","3":"status-publish","4":"has-post-thumbnail","6":"product_brand-resmed","7":"product_cat-accessoires-cpap","8":"pa_brand-resmed","10":"first","11":"instock","12":"taxable","13":"shipping-taxable","14":"purchasable","15":"product-type-simple"},"acf":[],"yoast_head":"<!-- This site is optimized with the Yoast SEO plugin v27.5 - https:\/\/yoast.com\/product\/yoast-seo-wordpress\/ -->\n<title>Filtre Airsense S11 HYPO (pack de 2) - Resmed | Oxysphair<\/title>\n<meta name=\"robots\" content=\"index, follow, max-snippet:-1, max-image-preview:large, max-video-preview:-1\" \/>\n<link rel=\"canonical\" href=\"https:\/\/www.oxysphair.be\/de\/produits\/schlafapnoe\/cpap-zubehor\/filtre-airsense-s11-hypo-pack-de-2-resmed\/\" \/>\n<meta property=\"og:locale\" content=\"de_DE\" \/>\n<meta property=\"og:type\" content=\"article\" \/>\n<meta property=\"og:title\" content=\"Filtre Airsense S11 HYPO (pack de 2) - Resmed | Oxysphair\" \/>\n<meta property=\"og:description\" content=\"Le filtre AirSense 11 Hypoallerg\u00e9nique de ResMed est con\u00e7u pour assurer une filtration efficace de l\u2019air entrant dans votre appareil CPAP AirSense 11. Cet accessoire contribue \u00e0 maintenir une qualit\u00e9 d\u2019air optimale tout au long de votre th\u00e9rapie du sommeil. Le filtre ResMed AirSense 11 HYPO est un filtre hypoallerg\u00e9nique \u00e0 haute efficacit\u00e9, sp\u00e9cialement d\u00e9velopp\u00e9 [&hellip;]\" \/>\n<meta property=\"og:url\" content=\"https:\/\/www.oxysphair.be\/de\/produits\/schlafapnoe\/cpap-zubehor\/filtre-airsense-s11-hypo-pack-de-2-resmed\/\" \/>\n<meta property=\"og:site_name\" content=\"Oxysphair\" \/>\n<meta property=\"article:modified_time\" content=\"2026-04-29T00:22:42+00:00\" \/>\n<meta property=\"og:image\" content=\"https:\/\/www.oxysphair.be\/wp-content\/uploads\/2025\/03\/filtre-s11-2pieces-4.webp\" \/>\n\t<meta property=\"og:image:width\" content=\"1102\" \/>\n\t<meta property=\"og:image:height\" content=\"779\" \/>\n\t<meta property=\"og:image:type\" content=\"image\/webp\" \/>\n<meta name=\"twitter:card\" content=\"summary_large_image\" \/>\n<meta name=\"twitter:label1\" content=\"Gesch\u00e4tzte Lesezeit\" \/>\n\t<meta name=\"twitter:data1\" content=\"1\u00a0Minute\" \/>\n<script type=\"application\/ld+json\" class=\"yoast-schema-graph\">{\"@context\":\"https:\\\/\\\/schema.org\",\"@graph\":[{\"@type\":\"WebPage\",\"@id\":\"https:\\\/\\\/www.oxysphair.be\\\/de\\\/produits\\\/schlafapnoe\\\/cpap-zubehor\\\/filtre-airsense-s11-hypo-pack-de-2-resmed\\\/\",\"url\":\"https:\\\/\\\/www.oxysphair.be\\\/de\\\/produits\\\/schlafapnoe\\\/cpap-zubehor\\\/filtre-airsense-s11-hypo-pack-de-2-resmed\\\/\",\"name\":\"Filtre Airsense S11 HYPO (pack de 2) - Resmed | Oxysphair\",\"isPartOf\":{\"@id\":\"https:\\\/\\\/www.oxysphair.be\\\/de\\\/#website\"},\"primaryImageOfPage\":{\"@id\":\"https:\\\/\\\/www.oxysphair.be\\\/de\\\/produits\\\/schlafapnoe\\\/cpap-zubehor\\\/filtre-airsense-s11-hypo-pack-de-2-resmed\\\/#primaryimage\"},\"image\":{\"@id\":\"https:\\\/\\\/www.oxysphair.be\\\/de\\\/produits\\\/schlafapnoe\\\/cpap-zubehor\\\/filtre-airsense-s11-hypo-pack-de-2-resmed\\\/#primaryimage\"},\"thumbnailUrl\":\"https:\\\/\\\/www.oxysphair.be\\\/wp-content\\\/uploads\\\/2025\\\/03\\\/filtre-s11-2pieces-4.webp\",\"datePublished\":\"2025-03-13T13:10:20+00:00\",\"dateModified\":\"2026-04-29T00:22:42+00:00\",\"breadcrumb\":{\"@id\":\"https:\\\/\\\/www.oxysphair.be\\\/de\\\/produits\\\/schlafapnoe\\\/cpap-zubehor\\\/filtre-airsense-s11-hypo-pack-de-2-resmed\\\/#breadcrumb\"},\"inLanguage\":\"de\",\"potentialAction\":[{\"@type\":\"ReadAction\",\"target\":[\"https:\\\/\\\/www.oxysphair.be\\\/de\\\/produits\\\/schlafapnoe\\\/cpap-zubehor\\\/filtre-airsense-s11-hypo-pack-de-2-resmed\\\/\"]}]},{\"@type\":\"ImageObject\",\"inLanguage\":\"de\",\"@id\":\"https:\\\/\\\/www.oxysphair.be\\\/de\\\/produits\\\/schlafapnoe\\\/cpap-zubehor\\\/filtre-airsense-s11-hypo-pack-de-2-resmed\\\/#primaryimage\",\"url\":\"https:\\\/\\\/www.oxysphair.be\\\/wp-content\\\/uploads\\\/2025\\\/03\\\/filtre-s11-2pieces-4.webp\",\"contentUrl\":\"https:\\\/\\\/www.oxysphair.be\\\/wp-content\\\/uploads\\\/2025\\\/03\\\/filtre-s11-2pieces-4.webp\",\"width\":1102,\"height\":779},{\"@type\":\"BreadcrumbList\",\"@id\":\"https:\\\/\\\/www.oxysphair.be\\\/de\\\/produits\\\/schlafapnoe\\\/cpap-zubehor\\\/filtre-airsense-s11-hypo-pack-de-2-resmed\\\/#breadcrumb\",\"itemListElement\":[{\"@type\":\"ListItem\",\"position\":1,\"name\":\"Accueil\",\"item\":\"https:\\\/\\\/www.oxysphair.be\\\/de\\\/\"},{\"@type\":\"ListItem\",\"position\":2,\"name\":\"Produkte\",\"item\":\"https:\\\/\\\/www.oxysphair.be\\\/de\\\/shop-produkte\\\/\"},{\"@type\":\"ListItem\",\"position\":3,\"name\":\"Filtre Airsense S11 HYPO (pack de 2) &#8211; Resmed\"}]},{\"@type\":\"WebSite\",\"@id\":\"https:\\\/\\\/www.oxysphair.be\\\/de\\\/#website\",\"url\":\"https:\\\/\\\/www.oxysphair.be\\\/de\\\/\",\"name\":\"Oxysphair\",\"description\":\"\",\"potentialAction\":[{\"@type\":\"SearchAction\",\"target\":{\"@type\":\"EntryPoint\",\"urlTemplate\":\"https:\\\/\\\/www.oxysphair.be\\\/de\\\/?s={search_term_string}\"},\"query-input\":{\"@type\":\"PropertyValueSpecification\",\"valueRequired\":true,\"valueName\":\"search_term_string\"}}],\"inLanguage\":\"de\"}]}<\/script>\n<!-- \/ Yoast SEO plugin. -->","yoast_head_json":{"title":"Filtre Airsense S11 HYPO (pack de 2) - Resmed | Oxysphair","robots":{"index":"index","follow":"follow","max-snippet":"max-snippet:-1","max-image-preview":"max-image-preview:large","max-video-preview":"max-video-preview:-1"},"canonical":"https:\/\/www.oxysphair.be\/de\/produits\/schlafapnoe\/cpap-zubehor\/filtre-airsense-s11-hypo-pack-de-2-resmed\/","og_locale":"de_DE","og_type":"article","og_title":"Filtre Airsense S11 HYPO (pack de 2) - Resmed | Oxysphair","og_description":"Le filtre AirSense 11 Hypoallerg\u00e9nique de ResMed est con\u00e7u pour assurer une filtration efficace de l\u2019air entrant dans votre appareil CPAP AirSense 11. Cet accessoire contribue \u00e0 maintenir une qualit\u00e9 d\u2019air optimale tout au long de votre th\u00e9rapie du sommeil. Le filtre ResMed AirSense 11 HYPO est un filtre hypoallerg\u00e9nique \u00e0 haute efficacit\u00e9, sp\u00e9cialement d\u00e9velopp\u00e9 [&hellip;]","og_url":"https:\/\/www.oxysphair.be\/de\/produits\/schlafapnoe\/cpap-zubehor\/filtre-airsense-s11-hypo-pack-de-2-resmed\/","og_site_name":"Oxysphair","article_modified_time":"2026-04-29T00:22:42+00:00","og_image":[{"width":1102,"height":779,"url":"https:\/\/www.oxysphair.be\/wp-content\/uploads\/2025\/03\/filtre-s11-2pieces-4.webp","type":"image\/webp"}],"twitter_card":"summary_large_image","twitter_misc":{"Gesch\u00e4tzte Lesezeit":"1\u00a0Minute"},"schema":{"@context":"https:\/\/schema.org","@graph":[{"@type":"WebPage","@id":"https:\/\/www.oxysphair.be\/de\/produits\/schlafapnoe\/cpap-zubehor\/filtre-airsense-s11-hypo-pack-de-2-resmed\/","url":"https:\/\/www.oxysphair.be\/de\/produits\/schlafapnoe\/cpap-zubehor\/filtre-airsense-s11-hypo-pack-de-2-resmed\/","name":"Filtre Airsense S11 HYPO (pack de 2) - Resmed | Oxysphair","isPartOf":{"@id":"https:\/\/www.oxysphair.be\/de\/#website"},"primaryImageOfPage":{"@id":"https:\/\/www.oxysphair.be\/de\/produits\/schlafapnoe\/cpap-zubehor\/filtre-airsense-s11-hypo-pack-de-2-resmed\/#primaryimage"},"image":{"@id":"https:\/\/www.oxysphair.be\/de\/produits\/schlafapnoe\/cpap-zubehor\/filtre-airsense-s11-hypo-pack-de-2-resmed\/#primaryimage"},"thumbnailUrl":"https:\/\/www.oxysphair.be\/wp-content\/uploads\/2025\/03\/filtre-s11-2pieces-4.webp","datePublished":"2025-03-13T13:10:20+00:00","dateModified":"2026-04-29T00:22:42+00:00","breadcrumb":{"@id":"https:\/\/www.oxysphair.be\/de\/produits\/schlafapnoe\/cpap-zubehor\/filtre-airsense-s11-hypo-pack-de-2-resmed\/#breadcrumb"},"inLanguage":"de","potentialAction":[{"@type":"ReadAction","target":["https:\/\/www.oxysphair.be\/de\/produits\/schlafapnoe\/cpap-zubehor\/filtre-airsense-s11-hypo-pack-de-2-resmed\/"]}]},{"@type":"ImageObject","inLanguage":"de","@id":"https:\/\/www.oxysphair.be\/de\/produits\/schlafapnoe\/cpap-zubehor\/filtre-airsense-s11-hypo-pack-de-2-resmed\/#primaryimage","url":"https:\/\/www.oxysphair.be\/wp-content\/uploads\/2025\/03\/filtre-s11-2pieces-4.webp","contentUrl":"https:\/\/www.oxysphair.be\/wp-content\/uploads\/2025\/03\/filtre-s11-2pieces-4.webp","width":1102,"height":779},{"@type":"BreadcrumbList","@id":"https:\/\/www.oxysphair.be\/de\/produits\/schlafapnoe\/cpap-zubehor\/filtre-airsense-s11-hypo-pack-de-2-resmed\/#breadcrumb","itemListElement":[{"@type":"ListItem","position":1,"name":"Accueil","item":"https:\/\/www.oxysphair.be\/de\/"},{"@type":"ListItem","position":2,"name":"Produkte","item":"https:\/\/www.oxysphair.be\/de\/shop-produkte\/"},{"@type":"ListItem","position":3,"name":"Filtre Airsense S11 HYPO (pack de 2) &#8211; Resmed"}]},{"@type":"WebSite","@id":"https:\/\/www.oxysphair.be\/de\/#website","url":"https:\/\/www.oxysphair.be\/de\/","name":"Oxysphair","description":"","potentialAction":[{"@type":"SearchAction","target":{"@type":"EntryPoint","urlTemplate":"https:\/\/www.oxysphair.be\/de\/?s={search_term_string}"},"query-input":{"@type":"PropertyValueSpecification","valueRequired":true,"valueName":"search_term_string"}}],"inLanguage":"de"}]}},"_links":{"self":[{"href":"https:\/\/www.oxysphair.be\/de\/wp-json\/wp\/v2\/product\/259781","targetHints":{"allow":["GET"]}}],"collection":[{"href":"https:\/\/www.oxysphair.be\/de\/wp-json\/wp\/v2\/product"}],"about":[{"href":"https:\/\/www.oxysphair.be\/de\/wp-json\/wp\/v2\/types\/product"}],"replies":[{"embeddable":true,"href":"https:\/\/www.oxysphair.be\/de\/wp-json\/wp\/v2\/comments?post=259781"}],"wp:featuredmedia":[{"embeddable":true,"href":"https:\/\/www.oxysphair.be\/de\/wp-json\/wp\/v2\/media\/267053"}],"wp:attachment":[{"href":"https:\/\/www.oxysphair.be\/de\/wp-json\/wp\/v2\/media?parent=259781"}],"wp:term":[{"taxonomy":"product_brand","embeddable":true,"href":"https:\/\/www.oxysphair.be\/de\/wp-json\/wp\/v2\/product_brand?post=259781"},{"taxonomy":"product_cat","embeddable":true,"href":"https:\/\/www.oxysphair.be\/de\/wp-json\/wp\/v2\/product_cat?post=259781"},{"taxonomy":"product_tag","embeddable":true,"href":"https:\/\/www.oxysphair.be\/de\/wp-json\/wp\/v2\/product_tag?post=259781"}],"curies":[{"name":"wp","href":"https:\/\/api.w.org\/{rel}","templated":true}]}}