{"id":259938,"date":"2025-03-20T10:06:02","date_gmt":"2025-03-20T09:06:02","guid":{"rendered":"https:\/\/www.oxysphair.be\/?post_type=product&#038;p=259938"},"modified":"2025-03-20T11:08:41","modified_gmt":"2025-03-20T10:08:41","slug":"swift-fx-for-her-pillow","status":"publish","type":"product","link":"https:\/\/www.oxysphair.be\/de\/produits\/schlafapnoe\/cpap-zubehor\/swift-fx-for-her-pillow\/","title":{"rendered":"Swift FX For Her Pillow"},"content":{"rendered":"<p><strong>Bequem<\/strong>: Minimaler Kontakt mit dem Gesicht, weiche Materialien, die sich den Konturen Ihres Gesichts anpassen, ohne Spuren zu hinterlassen, und ein echtes Gef\u00fchl von Freiheit.<\/p>\n<p><strong>Elegant &amp; diskret<\/strong>: Sie haben die Wahl zwischen eleganten rosafarbenen und minimalistischen grauen Gurten. Die weichen Materialien und das schlichte Design erm\u00f6glichen es Ihnen, die Vorteile der Therapie zu genie\u00dfen und dabei ganz Sie selbst zu sein.<\/p>\n<p><strong>Befreiend<\/strong>: Die flexible Kissenbasis sorgt f\u00fcr maximalen Komfort, Bewegungsfreiheit und eine effektive Abdichtung, egal ob Sie auf der Seite oder auf dem R\u00fccken schlafen.<\/p>\n<p><strong>Premium:<\/strong> Der Swift FX for Her bietet eine stabile und zuverl\u00e4ssige Therapie \u00fcber den gesamten Bereich des vorgeschriebenen Drucks.<\/p>\n<p><strong>Einfach zu verwenden<\/strong>: Der Gurt l\u00e4sst sich schnell anlegen und passt sich sanft den Konturen Ihres Gesichts an. Bequem, stabil und leicht anzupassen: Sie werden Ihre Maske als bequem empfinden und leicht an- und abzulegen sein.<\/p>\n","protected":false},"excerpt":{"rendered":"<p>Der Swift FX for Her von Resmed wurde speziell mit einer frauengerechten Gr\u00f6\u00dfe entwickelt. Es bietet eine zuverl\u00e4ssige und wirksame Behandlung von Schlafapnoe w\u00e4hrend der ganzen Nacht, aber seine ultraweiche Passform und das minimalistische Design verleihen ihm ein Gef\u00fchl von Leichtigkeit. <strong>\u00a0Der Swift FX for Her von Resmed wird mit 3 Gr\u00f6\u00dfen von Nasenkissen geliefert (XS, S &amp; M).<\/strong><\/p>\n","protected":false},"featured_media":259936,"comment_status":"closed","ping_status":"closed","template":"","meta":{"_et_pb_use_builder":"","_et_pb_old_content":"","_et_gb_content_width":"","inline_featured_image":false},"product_brand":[],"product_cat":[28],"product_tag":[],"class_list":{"0":"post-259938","1":"product","2":"type-product","3":"status-publish","4":"has-post-thumbnail","6":"product_cat-accessoires-cpap","8":"first","9":"instock","10":"taxable","11":"shipping-taxable","12":"purchasable","13":"product-type-simple"},"acf":[],"yoast_head":"<!-- This site is optimized with the Yoast SEO plugin v27.6 - https:\/\/yoast.com\/product\/yoast-seo-wordpress\/ -->\n<title>Swift FX For Her Pillow | Oxysphair<\/title>\n<meta name=\"robots\" content=\"index, follow, max-snippet:-1, max-image-preview:large, max-video-preview:-1\" \/>\n<link rel=\"canonical\" href=\"https:\/\/www.oxysphair.be\/de\/produits\/schlafapnoe\/cpap-zubehor\/swift-fx-for-her-pillow\/\" \/>\n<meta property=\"og:locale\" content=\"de_DE\" \/>\n<meta property=\"og:type\" content=\"article\" \/>\n<meta property=\"og:title\" content=\"Swift FX For Her Pillow | Oxysphair\" \/>\n<meta property=\"og:description\" content=\"Der Swift FX for Her von Resmed wurde speziell mit einer frauengerechten Gr\u00f6\u00dfe entwickelt. Es bietet eine zuverl\u00e4ssige und wirksame Behandlung von Schlafapnoe w\u00e4hrend der ganzen Nacht, aber seine ultraweiche Passform und das minimalistische Design verleihen ihm ein Gef\u00fchl von Leichtigkeit. \u00a0Der Swift FX for Her von Resmed wird mit 3 Gr\u00f6\u00dfen von Nasenkissen geliefert (XS, S &amp; M).\" \/>\n<meta property=\"og:url\" content=\"https:\/\/www.oxysphair.be\/de\/produits\/schlafapnoe\/cpap-zubehor\/swift-fx-for-her-pillow\/\" \/>\n<meta property=\"og:site_name\" content=\"Oxysphair\" \/>\n<meta property=\"article:modified_time\" content=\"2025-03-20T10:08:41+00:00\" \/>\n<meta property=\"og:image\" content=\"https:\/\/www.oxysphair.be\/wp-content\/uploads\/2025\/03\/8806275645470.jpeg\" \/>\n\t<meta property=\"og:image:width\" content=\"1000\" \/>\n\t<meta property=\"og:image:height\" content=\"1000\" \/>\n\t<meta property=\"og:image:type\" content=\"image\/jpeg\" \/>\n<meta name=\"twitter:card\" content=\"summary_large_image\" \/>\n<meta name=\"twitter:label1\" content=\"Gesch\u00e4tzte Lesezeit\" \/>\n\t<meta name=\"twitter:data1\" content=\"1\u00a0Minute\" \/>\n<script type=\"application\/ld+json\" class=\"yoast-schema-graph\">{\"@context\":\"https:\\\/\\\/schema.org\",\"@graph\":[{\"@type\":\"WebPage\",\"@id\":\"https:\\\/\\\/www.oxysphair.be\\\/de\\\/produits\\\/schlafapnoe\\\/cpap-zubehor\\\/swift-fx-for-her-pillow\\\/\",\"url\":\"https:\\\/\\\/www.oxysphair.be\\\/de\\\/produits\\\/schlafapnoe\\\/cpap-zubehor\\\/swift-fx-for-her-pillow\\\/\",\"name\":\"Swift FX For Her Pillow | Oxysphair\",\"isPartOf\":{\"@id\":\"https:\\\/\\\/www.oxysphair.be\\\/de\\\/#website\"},\"primaryImageOfPage\":{\"@id\":\"https:\\\/\\\/www.oxysphair.be\\\/de\\\/produits\\\/schlafapnoe\\\/cpap-zubehor\\\/swift-fx-for-her-pillow\\\/#primaryimage\"},\"image\":{\"@id\":\"https:\\\/\\\/www.oxysphair.be\\\/de\\\/produits\\\/schlafapnoe\\\/cpap-zubehor\\\/swift-fx-for-her-pillow\\\/#primaryimage\"},\"thumbnailUrl\":\"https:\\\/\\\/www.oxysphair.be\\\/wp-content\\\/uploads\\\/2025\\\/03\\\/8806275645470.jpeg\",\"datePublished\":\"2025-03-20T09:06:02+00:00\",\"dateModified\":\"2025-03-20T10:08:41+00:00\",\"breadcrumb\":{\"@id\":\"https:\\\/\\\/www.oxysphair.be\\\/de\\\/produits\\\/schlafapnoe\\\/cpap-zubehor\\\/swift-fx-for-her-pillow\\\/#breadcrumb\"},\"inLanguage\":\"de\",\"potentialAction\":[{\"@type\":\"ReadAction\",\"target\":[\"https:\\\/\\\/www.oxysphair.be\\\/de\\\/produits\\\/schlafapnoe\\\/cpap-zubehor\\\/swift-fx-for-her-pillow\\\/\"]}]},{\"@type\":\"ImageObject\",\"inLanguage\":\"de\",\"@id\":\"https:\\\/\\\/www.oxysphair.be\\\/de\\\/produits\\\/schlafapnoe\\\/cpap-zubehor\\\/swift-fx-for-her-pillow\\\/#primaryimage\",\"url\":\"https:\\\/\\\/www.oxysphair.be\\\/wp-content\\\/uploads\\\/2025\\\/03\\\/8806275645470.jpeg\",\"contentUrl\":\"https:\\\/\\\/www.oxysphair.be\\\/wp-content\\\/uploads\\\/2025\\\/03\\\/8806275645470.jpeg\",\"width\":1000,\"height\":1000},{\"@type\":\"BreadcrumbList\",\"@id\":\"https:\\\/\\\/www.oxysphair.be\\\/de\\\/produits\\\/schlafapnoe\\\/cpap-zubehor\\\/swift-fx-for-her-pillow\\\/#breadcrumb\",\"itemListElement\":[{\"@type\":\"ListItem\",\"position\":1,\"name\":\"Accueil\",\"item\":\"https:\\\/\\\/www.oxysphair.be\\\/de\\\/\"},{\"@type\":\"ListItem\",\"position\":2,\"name\":\"Produkte\",\"item\":\"https:\\\/\\\/www.oxysphair.be\\\/de\\\/shop-produkte\\\/\"},{\"@type\":\"ListItem\",\"position\":3,\"name\":\"Swift FX For Her Pillow\"}]},{\"@type\":\"WebSite\",\"@id\":\"https:\\\/\\\/www.oxysphair.be\\\/de\\\/#website\",\"url\":\"https:\\\/\\\/www.oxysphair.be\\\/de\\\/\",\"name\":\"Oxysphair\",\"description\":\"\",\"potentialAction\":[{\"@type\":\"SearchAction\",\"target\":{\"@type\":\"EntryPoint\",\"urlTemplate\":\"https:\\\/\\\/www.oxysphair.be\\\/de\\\/?s={search_term_string}\"},\"query-input\":{\"@type\":\"PropertyValueSpecification\",\"valueRequired\":true,\"valueName\":\"search_term_string\"}}],\"inLanguage\":\"de\"}]}<\/script>\n<!-- \/ Yoast SEO plugin. -->","yoast_head_json":{"title":"Swift FX For Her Pillow | Oxysphair","robots":{"index":"index","follow":"follow","max-snippet":"max-snippet:-1","max-image-preview":"max-image-preview:large","max-video-preview":"max-video-preview:-1"},"canonical":"https:\/\/www.oxysphair.be\/de\/produits\/schlafapnoe\/cpap-zubehor\/swift-fx-for-her-pillow\/","og_locale":"de_DE","og_type":"article","og_title":"Swift FX For Her Pillow | Oxysphair","og_description":"Der Swift FX for Her von Resmed wurde speziell mit einer frauengerechten Gr\u00f6\u00dfe entwickelt. Es bietet eine zuverl\u00e4ssige und wirksame Behandlung von Schlafapnoe w\u00e4hrend der ganzen Nacht, aber seine ultraweiche Passform und das minimalistische Design verleihen ihm ein Gef\u00fchl von Leichtigkeit. \u00a0Der Swift FX for Her von Resmed wird mit 3 Gr\u00f6\u00dfen von Nasenkissen geliefert (XS, S &amp; M).","og_url":"https:\/\/www.oxysphair.be\/de\/produits\/schlafapnoe\/cpap-zubehor\/swift-fx-for-her-pillow\/","og_site_name":"Oxysphair","article_modified_time":"2025-03-20T10:08:41+00:00","og_image":[{"width":1000,"height":1000,"url":"https:\/\/www.oxysphair.be\/wp-content\/uploads\/2025\/03\/8806275645470.jpeg","type":"image\/jpeg"}],"twitter_card":"summary_large_image","twitter_misc":{"Gesch\u00e4tzte Lesezeit":"1\u00a0Minute"},"schema":{"@context":"https:\/\/schema.org","@graph":[{"@type":"WebPage","@id":"https:\/\/www.oxysphair.be\/de\/produits\/schlafapnoe\/cpap-zubehor\/swift-fx-for-her-pillow\/","url":"https:\/\/www.oxysphair.be\/de\/produits\/schlafapnoe\/cpap-zubehor\/swift-fx-for-her-pillow\/","name":"Swift FX For Her Pillow | Oxysphair","isPartOf":{"@id":"https:\/\/www.oxysphair.be\/de\/#website"},"primaryImageOfPage":{"@id":"https:\/\/www.oxysphair.be\/de\/produits\/schlafapnoe\/cpap-zubehor\/swift-fx-for-her-pillow\/#primaryimage"},"image":{"@id":"https:\/\/www.oxysphair.be\/de\/produits\/schlafapnoe\/cpap-zubehor\/swift-fx-for-her-pillow\/#primaryimage"},"thumbnailUrl":"https:\/\/www.oxysphair.be\/wp-content\/uploads\/2025\/03\/8806275645470.jpeg","datePublished":"2025-03-20T09:06:02+00:00","dateModified":"2025-03-20T10:08:41+00:00","breadcrumb":{"@id":"https:\/\/www.oxysphair.be\/de\/produits\/schlafapnoe\/cpap-zubehor\/swift-fx-for-her-pillow\/#breadcrumb"},"inLanguage":"de","potentialAction":[{"@type":"ReadAction","target":["https:\/\/www.oxysphair.be\/de\/produits\/schlafapnoe\/cpap-zubehor\/swift-fx-for-her-pillow\/"]}]},{"@type":"ImageObject","inLanguage":"de","@id":"https:\/\/www.oxysphair.be\/de\/produits\/schlafapnoe\/cpap-zubehor\/swift-fx-for-her-pillow\/#primaryimage","url":"https:\/\/www.oxysphair.be\/wp-content\/uploads\/2025\/03\/8806275645470.jpeg","contentUrl":"https:\/\/www.oxysphair.be\/wp-content\/uploads\/2025\/03\/8806275645470.jpeg","width":1000,"height":1000},{"@type":"BreadcrumbList","@id":"https:\/\/www.oxysphair.be\/de\/produits\/schlafapnoe\/cpap-zubehor\/swift-fx-for-her-pillow\/#breadcrumb","itemListElement":[{"@type":"ListItem","position":1,"name":"Accueil","item":"https:\/\/www.oxysphair.be\/de\/"},{"@type":"ListItem","position":2,"name":"Produkte","item":"https:\/\/www.oxysphair.be\/de\/shop-produkte\/"},{"@type":"ListItem","position":3,"name":"Swift FX For Her Pillow"}]},{"@type":"WebSite","@id":"https:\/\/www.oxysphair.be\/de\/#website","url":"https:\/\/www.oxysphair.be\/de\/","name":"Oxysphair","description":"","potentialAction":[{"@type":"SearchAction","target":{"@type":"EntryPoint","urlTemplate":"https:\/\/www.oxysphair.be\/de\/?s={search_term_string}"},"query-input":{"@type":"PropertyValueSpecification","valueRequired":true,"valueName":"search_term_string"}}],"inLanguage":"de"}]}},"_links":{"self":[{"href":"https:\/\/www.oxysphair.be\/de\/wp-json\/wp\/v2\/product\/259938","targetHints":{"allow":["GET"]}}],"collection":[{"href":"https:\/\/www.oxysphair.be\/de\/wp-json\/wp\/v2\/product"}],"about":[{"href":"https:\/\/www.oxysphair.be\/de\/wp-json\/wp\/v2\/types\/product"}],"replies":[{"embeddable":true,"href":"https:\/\/www.oxysphair.be\/de\/wp-json\/wp\/v2\/comments?post=259938"}],"wp:featuredmedia":[{"embeddable":true,"href":"https:\/\/www.oxysphair.be\/de\/wp-json\/wp\/v2\/media\/259936"}],"wp:attachment":[{"href":"https:\/\/www.oxysphair.be\/de\/wp-json\/wp\/v2\/media?parent=259938"}],"wp:term":[{"taxonomy":"product_brand","embeddable":true,"href":"https:\/\/www.oxysphair.be\/de\/wp-json\/wp\/v2\/product_brand?post=259938"},{"taxonomy":"product_cat","embeddable":true,"href":"https:\/\/www.oxysphair.be\/de\/wp-json\/wp\/v2\/product_cat?post=259938"},{"taxonomy":"product_tag","embeddable":true,"href":"https:\/\/www.oxysphair.be\/de\/wp-json\/wp\/v2\/product_tag?post=259938"}],"curies":[{"name":"wp","href":"https:\/\/api.w.org\/{rel}","templated":true}]}}