{"id":259973,"date":"2025-03-20T18:10:46","date_gmt":"2025-03-20T17:10:46","guid":{"rendered":"https:\/\/www.oxysphair.be\/?post_type=product&#038;p=259973"},"modified":"2026-05-02T12:22:30","modified_gmt":"2026-05-02T10:22:30","slug":"therapy-mask-3100-nc-fitpack-philips-respironics","status":"publish","type":"product","link":"https:\/\/www.oxysphair.be\/de\/produits\/schlafapnoe\/cpap-masken\/nasal-de\/therapy-mask-3100-nc-fitpack-philips-respironics\/","title":{"rendered":"Therapy Mask 3100 NC Fitpack &#8211; Philips Respironics"},"content":{"rendered":"<p data-start=\"108\" data-end=\"392\">Le <strong data-start=\"111\" data-end=\"166\">Therapy Mask 3100 NC FitPack de Philips Respironics<\/strong> est un masque nasal con\u00e7u pour offrir une th\u00e9rapie CPAP fiable, confortable et adapt\u00e9e \u00e0 un large \u00e9ventail de morphologies. Sa conception simple et fonctionnelle en fait une solution efficace pour une utilisation quotidienne.<\/p>\n<p data-start=\"394\" data-end=\"686\">Le <strong data-start=\"397\" data-end=\"408\">3100 NC<\/strong> est \u00e9quip\u00e9 d\u2019un coussin nasal souple assurant une bonne \u00e9tanch\u00e9it\u00e9 tout en limitant les points de pression sur l\u2019ar\u00eate du nez. Le <strong data-start=\"539\" data-end=\"550\">FitPack<\/strong> inclut plusieurs tailles de coussins, permettant un ajustement personnalis\u00e9 d\u00e8s la premi\u00e8re utilisation, sans compromis sur le confort.<\/p>\n<p data-start=\"688\" data-end=\"970\">Gr\u00e2ce \u00e0 son harnais r\u00e9glable et \u00e0 sa structure l\u00e9g\u00e8re, le masque reste stable tout au long de la nuit, m\u00eame en cas de mouvements. Son design discret favorise une bonne tol\u00e9rance et une mise en place facile, id\u00e9ale pour les utilisateurs recherchant une solution pratique et \u00e9prouv\u00e9e.<\/p>\n","protected":false},"excerpt":{"rendered":"<p>Le Therapy Mask 3100 NC FitPack de Philips Respironics est un masque nasal con\u00e7u pour offrir une th\u00e9rapie CPAP fiable, confortable et adapt\u00e9e \u00e0 un large \u00e9ventail de morphologies. Sa conception simple et fonctionnelle en fait une solution efficace pour une utilisation quotidienne. Le 3100 NC est \u00e9quip\u00e9 d\u2019un coussin nasal souple assurant une bonne [&hellip;]<\/p>\n","protected":false},"featured_media":267044,"comment_status":"closed","ping_status":"closed","template":"","meta":{"_et_pb_use_builder":"","_et_pb_old_content":"","_et_gb_content_width":"","inline_featured_image":false},"product_brand":[148],"product_cat":[85],"product_tag":[],"class_list":{"0":"post-259973","1":"product","2":"type-product","3":"status-publish","4":"has-post-thumbnail","6":"product_brand-philips-respironics","7":"product_cat-nasal","8":"pa_brand-philips-respironics","10":"first","11":"instock","12":"taxable","13":"shipping-taxable","14":"purchasable","15":"product-type-simple"},"acf":[],"yoast_head":"<!-- This site is optimized with the Yoast SEO plugin v27.5 - https:\/\/yoast.com\/product\/yoast-seo-wordpress\/ -->\n<title>Therapy Mask 3100 NC Fitpack - Philips Respironics | Oxysphair<\/title>\n<meta name=\"robots\" content=\"index, follow, max-snippet:-1, max-image-preview:large, max-video-preview:-1\" \/>\n<link rel=\"canonical\" href=\"https:\/\/www.oxysphair.be\/de\/produits\/schlafapnoe\/cpap-masken\/nasal-de\/therapy-mask-3100-nc-fitpack-philips-respironics\/\" \/>\n<meta property=\"og:locale\" content=\"de_DE\" \/>\n<meta property=\"og:type\" content=\"article\" \/>\n<meta property=\"og:title\" content=\"Therapy Mask 3100 NC Fitpack - Philips Respironics | Oxysphair\" \/>\n<meta property=\"og:description\" content=\"Le Therapy Mask 3100 NC FitPack de Philips Respironics est un masque nasal con\u00e7u pour offrir une th\u00e9rapie CPAP fiable, confortable et adapt\u00e9e \u00e0 un large \u00e9ventail de morphologies. Sa conception simple et fonctionnelle en fait une solution efficace pour une utilisation quotidienne. Le 3100 NC est \u00e9quip\u00e9 d\u2019un coussin nasal souple assurant une bonne [&hellip;]\" \/>\n<meta property=\"og:url\" content=\"https:\/\/www.oxysphair.be\/de\/produits\/schlafapnoe\/cpap-masken\/nasal-de\/therapy-mask-3100-nc-fitpack-philips-respironics\/\" \/>\n<meta property=\"og:site_name\" content=\"Oxysphair\" \/>\n<meta property=\"article:modified_time\" content=\"2026-05-02T10:22:30+00:00\" \/>\n<meta property=\"og:image\" content=\"https:\/\/www.oxysphair.be\/wp-content\/uploads\/2025\/03\/Philips-Respironics-3100-NC-Masque-nasal_face-avant.png\" \/>\n\t<meta property=\"og:image:width\" content=\"1000\" \/>\n\t<meta property=\"og:image:height\" content=\"1000\" \/>\n\t<meta property=\"og:image:type\" content=\"image\/png\" \/>\n<meta name=\"twitter:card\" content=\"summary_large_image\" \/>\n<meta name=\"twitter:label1\" content=\"Gesch\u00e4tzte Lesezeit\" \/>\n\t<meta name=\"twitter:data1\" content=\"1\u00a0Minute\" \/>\n<script type=\"application\/ld+json\" class=\"yoast-schema-graph\">{\"@context\":\"https:\\\/\\\/schema.org\",\"@graph\":[{\"@type\":\"WebPage\",\"@id\":\"https:\\\/\\\/www.oxysphair.be\\\/de\\\/produits\\\/schlafapnoe\\\/cpap-masken\\\/nasal-de\\\/therapy-mask-3100-nc-fitpack-philips-respironics\\\/\",\"url\":\"https:\\\/\\\/www.oxysphair.be\\\/de\\\/produits\\\/schlafapnoe\\\/cpap-masken\\\/nasal-de\\\/therapy-mask-3100-nc-fitpack-philips-respironics\\\/\",\"name\":\"Therapy Mask 3100 NC Fitpack - Philips Respironics | Oxysphair\",\"isPartOf\":{\"@id\":\"https:\\\/\\\/www.oxysphair.be\\\/de\\\/#website\"},\"primaryImageOfPage\":{\"@id\":\"https:\\\/\\\/www.oxysphair.be\\\/de\\\/produits\\\/schlafapnoe\\\/cpap-masken\\\/nasal-de\\\/therapy-mask-3100-nc-fitpack-philips-respironics\\\/#primaryimage\"},\"image\":{\"@id\":\"https:\\\/\\\/www.oxysphair.be\\\/de\\\/produits\\\/schlafapnoe\\\/cpap-masken\\\/nasal-de\\\/therapy-mask-3100-nc-fitpack-philips-respironics\\\/#primaryimage\"},\"thumbnailUrl\":\"https:\\\/\\\/www.oxysphair.be\\\/wp-content\\\/uploads\\\/2025\\\/03\\\/Philips-Respironics-3100-NC-Masque-nasal_face-avant.png\",\"datePublished\":\"2025-03-20T17:10:46+00:00\",\"dateModified\":\"2026-05-02T10:22:30+00:00\",\"breadcrumb\":{\"@id\":\"https:\\\/\\\/www.oxysphair.be\\\/de\\\/produits\\\/schlafapnoe\\\/cpap-masken\\\/nasal-de\\\/therapy-mask-3100-nc-fitpack-philips-respironics\\\/#breadcrumb\"},\"inLanguage\":\"de\",\"potentialAction\":[{\"@type\":\"ReadAction\",\"target\":[\"https:\\\/\\\/www.oxysphair.be\\\/de\\\/produits\\\/schlafapnoe\\\/cpap-masken\\\/nasal-de\\\/therapy-mask-3100-nc-fitpack-philips-respironics\\\/\"]}]},{\"@type\":\"ImageObject\",\"inLanguage\":\"de\",\"@id\":\"https:\\\/\\\/www.oxysphair.be\\\/de\\\/produits\\\/schlafapnoe\\\/cpap-masken\\\/nasal-de\\\/therapy-mask-3100-nc-fitpack-philips-respironics\\\/#primaryimage\",\"url\":\"https:\\\/\\\/www.oxysphair.be\\\/wp-content\\\/uploads\\\/2025\\\/03\\\/Philips-Respironics-3100-NC-Masque-nasal_face-avant.png\",\"contentUrl\":\"https:\\\/\\\/www.oxysphair.be\\\/wp-content\\\/uploads\\\/2025\\\/03\\\/Philips-Respironics-3100-NC-Masque-nasal_face-avant.png\",\"width\":1000,\"height\":1000},{\"@type\":\"BreadcrumbList\",\"@id\":\"https:\\\/\\\/www.oxysphair.be\\\/de\\\/produits\\\/schlafapnoe\\\/cpap-masken\\\/nasal-de\\\/therapy-mask-3100-nc-fitpack-philips-respironics\\\/#breadcrumb\",\"itemListElement\":[{\"@type\":\"ListItem\",\"position\":1,\"name\":\"Accueil\",\"item\":\"https:\\\/\\\/www.oxysphair.be\\\/de\\\/\"},{\"@type\":\"ListItem\",\"position\":2,\"name\":\"Produkte\",\"item\":\"https:\\\/\\\/www.oxysphair.be\\\/de\\\/shop-produkte\\\/\"},{\"@type\":\"ListItem\",\"position\":3,\"name\":\"Therapy Mask 3100 NC Fitpack &#8211; Philips Respironics\"}]},{\"@type\":\"WebSite\",\"@id\":\"https:\\\/\\\/www.oxysphair.be\\\/de\\\/#website\",\"url\":\"https:\\\/\\\/www.oxysphair.be\\\/de\\\/\",\"name\":\"Oxysphair\",\"description\":\"\",\"potentialAction\":[{\"@type\":\"SearchAction\",\"target\":{\"@type\":\"EntryPoint\",\"urlTemplate\":\"https:\\\/\\\/www.oxysphair.be\\\/de\\\/?s={search_term_string}\"},\"query-input\":{\"@type\":\"PropertyValueSpecification\",\"valueRequired\":true,\"valueName\":\"search_term_string\"}}],\"inLanguage\":\"de\"}]}<\/script>\n<!-- \/ Yoast SEO plugin. -->","yoast_head_json":{"title":"Therapy Mask 3100 NC Fitpack - Philips Respironics | Oxysphair","robots":{"index":"index","follow":"follow","max-snippet":"max-snippet:-1","max-image-preview":"max-image-preview:large","max-video-preview":"max-video-preview:-1"},"canonical":"https:\/\/www.oxysphair.be\/de\/produits\/schlafapnoe\/cpap-masken\/nasal-de\/therapy-mask-3100-nc-fitpack-philips-respironics\/","og_locale":"de_DE","og_type":"article","og_title":"Therapy Mask 3100 NC Fitpack - Philips Respironics | Oxysphair","og_description":"Le Therapy Mask 3100 NC FitPack de Philips Respironics est un masque nasal con\u00e7u pour offrir une th\u00e9rapie CPAP fiable, confortable et adapt\u00e9e \u00e0 un large \u00e9ventail de morphologies. Sa conception simple et fonctionnelle en fait une solution efficace pour une utilisation quotidienne. Le 3100 NC est \u00e9quip\u00e9 d\u2019un coussin nasal souple assurant une bonne [&hellip;]","og_url":"https:\/\/www.oxysphair.be\/de\/produits\/schlafapnoe\/cpap-masken\/nasal-de\/therapy-mask-3100-nc-fitpack-philips-respironics\/","og_site_name":"Oxysphair","article_modified_time":"2026-05-02T10:22:30+00:00","og_image":[{"width":1000,"height":1000,"url":"https:\/\/www.oxysphair.be\/wp-content\/uploads\/2025\/03\/Philips-Respironics-3100-NC-Masque-nasal_face-avant.png","type":"image\/png"}],"twitter_card":"summary_large_image","twitter_misc":{"Gesch\u00e4tzte Lesezeit":"1\u00a0Minute"},"schema":{"@context":"https:\/\/schema.org","@graph":[{"@type":"WebPage","@id":"https:\/\/www.oxysphair.be\/de\/produits\/schlafapnoe\/cpap-masken\/nasal-de\/therapy-mask-3100-nc-fitpack-philips-respironics\/","url":"https:\/\/www.oxysphair.be\/de\/produits\/schlafapnoe\/cpap-masken\/nasal-de\/therapy-mask-3100-nc-fitpack-philips-respironics\/","name":"Therapy Mask 3100 NC Fitpack - Philips Respironics | Oxysphair","isPartOf":{"@id":"https:\/\/www.oxysphair.be\/de\/#website"},"primaryImageOfPage":{"@id":"https:\/\/www.oxysphair.be\/de\/produits\/schlafapnoe\/cpap-masken\/nasal-de\/therapy-mask-3100-nc-fitpack-philips-respironics\/#primaryimage"},"image":{"@id":"https:\/\/www.oxysphair.be\/de\/produits\/schlafapnoe\/cpap-masken\/nasal-de\/therapy-mask-3100-nc-fitpack-philips-respironics\/#primaryimage"},"thumbnailUrl":"https:\/\/www.oxysphair.be\/wp-content\/uploads\/2025\/03\/Philips-Respironics-3100-NC-Masque-nasal_face-avant.png","datePublished":"2025-03-20T17:10:46+00:00","dateModified":"2026-05-02T10:22:30+00:00","breadcrumb":{"@id":"https:\/\/www.oxysphair.be\/de\/produits\/schlafapnoe\/cpap-masken\/nasal-de\/therapy-mask-3100-nc-fitpack-philips-respironics\/#breadcrumb"},"inLanguage":"de","potentialAction":[{"@type":"ReadAction","target":["https:\/\/www.oxysphair.be\/de\/produits\/schlafapnoe\/cpap-masken\/nasal-de\/therapy-mask-3100-nc-fitpack-philips-respironics\/"]}]},{"@type":"ImageObject","inLanguage":"de","@id":"https:\/\/www.oxysphair.be\/de\/produits\/schlafapnoe\/cpap-masken\/nasal-de\/therapy-mask-3100-nc-fitpack-philips-respironics\/#primaryimage","url":"https:\/\/www.oxysphair.be\/wp-content\/uploads\/2025\/03\/Philips-Respironics-3100-NC-Masque-nasal_face-avant.png","contentUrl":"https:\/\/www.oxysphair.be\/wp-content\/uploads\/2025\/03\/Philips-Respironics-3100-NC-Masque-nasal_face-avant.png","width":1000,"height":1000},{"@type":"BreadcrumbList","@id":"https:\/\/www.oxysphair.be\/de\/produits\/schlafapnoe\/cpap-masken\/nasal-de\/therapy-mask-3100-nc-fitpack-philips-respironics\/#breadcrumb","itemListElement":[{"@type":"ListItem","position":1,"name":"Accueil","item":"https:\/\/www.oxysphair.be\/de\/"},{"@type":"ListItem","position":2,"name":"Produkte","item":"https:\/\/www.oxysphair.be\/de\/shop-produkte\/"},{"@type":"ListItem","position":3,"name":"Therapy Mask 3100 NC Fitpack &#8211; Philips Respironics"}]},{"@type":"WebSite","@id":"https:\/\/www.oxysphair.be\/de\/#website","url":"https:\/\/www.oxysphair.be\/de\/","name":"Oxysphair","description":"","potentialAction":[{"@type":"SearchAction","target":{"@type":"EntryPoint","urlTemplate":"https:\/\/www.oxysphair.be\/de\/?s={search_term_string}"},"query-input":{"@type":"PropertyValueSpecification","valueRequired":true,"valueName":"search_term_string"}}],"inLanguage":"de"}]}},"_links":{"self":[{"href":"https:\/\/www.oxysphair.be\/de\/wp-json\/wp\/v2\/product\/259973","targetHints":{"allow":["GET"]}}],"collection":[{"href":"https:\/\/www.oxysphair.be\/de\/wp-json\/wp\/v2\/product"}],"about":[{"href":"https:\/\/www.oxysphair.be\/de\/wp-json\/wp\/v2\/types\/product"}],"replies":[{"embeddable":true,"href":"https:\/\/www.oxysphair.be\/de\/wp-json\/wp\/v2\/comments?post=259973"}],"wp:featuredmedia":[{"embeddable":true,"href":"https:\/\/www.oxysphair.be\/de\/wp-json\/wp\/v2\/media\/267044"}],"wp:attachment":[{"href":"https:\/\/www.oxysphair.be\/de\/wp-json\/wp\/v2\/media?parent=259973"}],"wp:term":[{"taxonomy":"product_brand","embeddable":true,"href":"https:\/\/www.oxysphair.be\/de\/wp-json\/wp\/v2\/product_brand?post=259973"},{"taxonomy":"product_cat","embeddable":true,"href":"https:\/\/www.oxysphair.be\/de\/wp-json\/wp\/v2\/product_cat?post=259973"},{"taxonomy":"product_tag","embeddable":true,"href":"https:\/\/www.oxysphair.be\/de\/wp-json\/wp\/v2\/product_tag?post=259973"}],"curies":[{"name":"wp","href":"https:\/\/api.w.org\/{rel}","templated":true}]}}