{"id":260012,"date":"2025-03-24T16:10:44","date_gmt":"2025-03-24T15:10:44","guid":{"rendered":"https:\/\/www.oxysphair.be\/?post_type=product&#038;p=260012"},"modified":"2026-05-13T16:04:30","modified_gmt":"2026-05-13T14:04:30","slug":"airfit-airtouch-n20-resmed","status":"publish","type":"product","link":"https:\/\/www.oxysphair.be\/de\/produits\/schlafapnoe\/cpap-masken\/nasal-de\/airfit-airtouch-n20-resmed\/","title":{"rendered":"AirFit Airtouch N20 &#8211; Resmed"},"content":{"rendered":"<p style=\"text-align: left;\" data-start=\"110\" data-end=\"357\">Le masque nasal <strong data-start=\"126\" data-end=\"161\">AirFit \/ AirTouch N20 de ResMed<\/strong> est con\u00e7u pour offrir un \u00e9quilibre id\u00e9al entre confort, performance et simplicit\u00e9 d\u2019utilisation. Adapt\u00e9 \u00e0 un large \u00e9ventail d\u2019utilisateurs, il garantit une th\u00e9rapie CPAP efficace nuit apr\u00e8s nuit.<\/p>\n<p data-start=\"359\" data-end=\"708\">Le <strong data-start=\"362\" data-end=\"376\">ResMed N20<\/strong> se d\u00e9cline en deux versions de coussin : <strong data-start=\"418\" data-end=\"432\">AirFit N20<\/strong>, dot\u00e9 d\u2019un coussin en silicone souple, et <strong data-start=\"475\" data-end=\"491\">AirTouch N20<\/strong>, \u00e9quip\u00e9 d\u2019un coussin en mousse \u00e0 m\u00e9moire de forme UltraSoft\u2122. Cette conception permet une excellente \u00e9tanch\u00e9it\u00e9 tout en r\u00e9duisant les points de pression, pour un confort optimal, m\u00eame pour les utilisateurs sensibles.<\/p>\n<p data-start=\"710\" data-end=\"969\">Gr\u00e2ce \u00e0 son harnais ergonomique et \u00e0 son cadre flexible, le N20 s\u2019ajuste facilement aux mouvements nocturnes. Son design discret assure une bonne stabilit\u00e9 tout en laissant le champ de vision d\u00e9gag\u00e9, id\u00e9al pour lire ou regarder la t\u00e9l\u00e9vision avant le coucher.<\/p>\n","protected":false},"excerpt":{"rendered":"<p>Le masque nasal AirFit \/ AirTouch N20 de ResMed est con\u00e7u pour offrir un \u00e9quilibre id\u00e9al entre confort, performance et simplicit\u00e9 d\u2019utilisation. Adapt\u00e9 \u00e0 un large \u00e9ventail d\u2019utilisateurs, il garantit une th\u00e9rapie CPAP efficace nuit apr\u00e8s nuit. Le ResMed N20 se d\u00e9cline en deux versions de coussin : AirFit N20, dot\u00e9 d\u2019un coussin en silicone [&hellip;]<\/p>\n","protected":false},"featured_media":267037,"comment_status":"closed","ping_status":"closed","template":"","meta":{"_et_pb_use_builder":"","_et_pb_old_content":"","_et_gb_content_width":"","inline_featured_image":false},"product_brand":[248],"product_cat":[24,85,27,271],"product_tag":[],"class_list":{"0":"post-260012","1":"product","2":"type-product","3":"status-publish","4":"has-post-thumbnail","6":"product_brand-resmed","7":"product_cat-apnee-sommeil","8":"product_cat-nasal","9":"product_cat-masque-cpap","10":"product_cat-masques-nasaux","11":"pa_brand-resmed","12":"pa_taille-l","13":"pa_taille-m","14":"pa_taille-s","16":"first","17":"instock","18":"taxable","19":"shipping-taxable","20":"purchasable","21":"product-type-variable","22":"has-default-attributes"},"acf":[],"yoast_head":"<!-- This site is optimized with the Yoast SEO plugin v27.6 - https:\/\/yoast.com\/product\/yoast-seo-wordpress\/ -->\n<title>AirFit Airtouch N20 - Resmed | Oxysphair<\/title>\n<meta name=\"robots\" content=\"index, follow, max-snippet:-1, max-image-preview:large, max-video-preview:-1\" \/>\n<link rel=\"canonical\" href=\"https:\/\/www.oxysphair.be\/de\/produits\/schlafapnoe\/cpap-masken\/nasal-de\/airfit-airtouch-n20-resmed\/\" \/>\n<meta property=\"og:locale\" content=\"de_DE\" \/>\n<meta property=\"og:type\" content=\"article\" \/>\n<meta property=\"og:title\" content=\"AirFit Airtouch N20 - Resmed | Oxysphair\" \/>\n<meta property=\"og:description\" content=\"Le masque nasal AirFit \/ AirTouch N20 de ResMed est con\u00e7u pour offrir un \u00e9quilibre id\u00e9al entre confort, performance et simplicit\u00e9 d\u2019utilisation. Adapt\u00e9 \u00e0 un large \u00e9ventail d\u2019utilisateurs, il garantit une th\u00e9rapie CPAP efficace nuit apr\u00e8s nuit. Le ResMed N20 se d\u00e9cline en deux versions de coussin : AirFit N20, dot\u00e9 d\u2019un coussin en silicone [&hellip;]\" \/>\n<meta property=\"og:url\" content=\"https:\/\/www.oxysphair.be\/de\/produits\/schlafapnoe\/cpap-masken\/nasal-de\/airfit-airtouch-n20-resmed\/\" \/>\n<meta property=\"og:site_name\" content=\"Oxysphair\" \/>\n<meta property=\"article:modified_time\" content=\"2026-05-13T14:04:30+00:00\" \/>\n<meta name=\"twitter:card\" content=\"summary_large_image\" \/>\n<meta name=\"twitter:label1\" content=\"Gesch\u00e4tzte Lesezeit\" \/>\n\t<meta name=\"twitter:data1\" content=\"1\u00a0Minute\" \/>\n<script type=\"application\/ld+json\" class=\"yoast-schema-graph\">{\"@context\":\"https:\\\/\\\/schema.org\",\"@graph\":[{\"@type\":\"WebPage\",\"@id\":\"https:\\\/\\\/www.oxysphair.be\\\/de\\\/produits\\\/schlafapnoe\\\/cpap-masken\\\/nasal-de\\\/airfit-airtouch-n20-resmed\\\/\",\"url\":\"https:\\\/\\\/www.oxysphair.be\\\/de\\\/produits\\\/schlafapnoe\\\/cpap-masken\\\/nasal-de\\\/airfit-airtouch-n20-resmed\\\/\",\"name\":\"AirFit Airtouch N20 - Resmed | Oxysphair\",\"isPartOf\":{\"@id\":\"https:\\\/\\\/www.oxysphair.be\\\/de\\\/#website\"},\"primaryImageOfPage\":{\"@id\":\"https:\\\/\\\/www.oxysphair.be\\\/de\\\/produits\\\/schlafapnoe\\\/cpap-masken\\\/nasal-de\\\/airfit-airtouch-n20-resmed\\\/#primaryimage\"},\"image\":{\"@id\":\"https:\\\/\\\/www.oxysphair.be\\\/de\\\/produits\\\/schlafapnoe\\\/cpap-masken\\\/nasal-de\\\/airfit-airtouch-n20-resmed\\\/#primaryimage\"},\"thumbnailUrl\":\"https:\\\/\\\/www.oxysphair.be\\\/wp-content\\\/uploads\\\/2025\\\/03\\\/AirTouch-N20-memory-foam-cushion-nasal-CPAP-mask.avif\",\"datePublished\":\"2025-03-24T15:10:44+00:00\",\"dateModified\":\"2026-05-13T14:04:30+00:00\",\"breadcrumb\":{\"@id\":\"https:\\\/\\\/www.oxysphair.be\\\/de\\\/produits\\\/schlafapnoe\\\/cpap-masken\\\/nasal-de\\\/airfit-airtouch-n20-resmed\\\/#breadcrumb\"},\"inLanguage\":\"de\",\"potentialAction\":[{\"@type\":\"ReadAction\",\"target\":[\"https:\\\/\\\/www.oxysphair.be\\\/de\\\/produits\\\/schlafapnoe\\\/cpap-masken\\\/nasal-de\\\/airfit-airtouch-n20-resmed\\\/\"]}]},{\"@type\":\"ImageObject\",\"inLanguage\":\"de\",\"@id\":\"https:\\\/\\\/www.oxysphair.be\\\/de\\\/produits\\\/schlafapnoe\\\/cpap-masken\\\/nasal-de\\\/airfit-airtouch-n20-resmed\\\/#primaryimage\",\"url\":\"https:\\\/\\\/www.oxysphair.be\\\/wp-content\\\/uploads\\\/2025\\\/03\\\/AirTouch-N20-memory-foam-cushion-nasal-CPAP-mask.avif\",\"contentUrl\":\"https:\\\/\\\/www.oxysphair.be\\\/wp-content\\\/uploads\\\/2025\\\/03\\\/AirTouch-N20-memory-foam-cushion-nasal-CPAP-mask.avif\",\"width\":315,\"height\":315},{\"@type\":\"BreadcrumbList\",\"@id\":\"https:\\\/\\\/www.oxysphair.be\\\/de\\\/produits\\\/schlafapnoe\\\/cpap-masken\\\/nasal-de\\\/airfit-airtouch-n20-resmed\\\/#breadcrumb\",\"itemListElement\":[{\"@type\":\"ListItem\",\"position\":1,\"name\":\"Accueil\",\"item\":\"https:\\\/\\\/www.oxysphair.be\\\/de\\\/\"},{\"@type\":\"ListItem\",\"position\":2,\"name\":\"Produkte\",\"item\":\"https:\\\/\\\/www.oxysphair.be\\\/de\\\/shop-produkte\\\/\"},{\"@type\":\"ListItem\",\"position\":3,\"name\":\"AirFit Airtouch N20 &#8211; Resmed\"}]},{\"@type\":\"WebSite\",\"@id\":\"https:\\\/\\\/www.oxysphair.be\\\/de\\\/#website\",\"url\":\"https:\\\/\\\/www.oxysphair.be\\\/de\\\/\",\"name\":\"Oxysphair\",\"description\":\"\",\"potentialAction\":[{\"@type\":\"SearchAction\",\"target\":{\"@type\":\"EntryPoint\",\"urlTemplate\":\"https:\\\/\\\/www.oxysphair.be\\\/de\\\/?s={search_term_string}\"},\"query-input\":{\"@type\":\"PropertyValueSpecification\",\"valueRequired\":true,\"valueName\":\"search_term_string\"}}],\"inLanguage\":\"de\"}]}<\/script>\n<!-- \/ Yoast SEO plugin. -->","yoast_head_json":{"title":"AirFit Airtouch N20 - Resmed | Oxysphair","robots":{"index":"index","follow":"follow","max-snippet":"max-snippet:-1","max-image-preview":"max-image-preview:large","max-video-preview":"max-video-preview:-1"},"canonical":"https:\/\/www.oxysphair.be\/de\/produits\/schlafapnoe\/cpap-masken\/nasal-de\/airfit-airtouch-n20-resmed\/","og_locale":"de_DE","og_type":"article","og_title":"AirFit Airtouch N20 - Resmed | Oxysphair","og_description":"Le masque nasal AirFit \/ AirTouch N20 de ResMed est con\u00e7u pour offrir un \u00e9quilibre id\u00e9al entre confort, performance et simplicit\u00e9 d\u2019utilisation. Adapt\u00e9 \u00e0 un large \u00e9ventail d\u2019utilisateurs, il garantit une th\u00e9rapie CPAP efficace nuit apr\u00e8s nuit. Le ResMed N20 se d\u00e9cline en deux versions de coussin : AirFit N20, dot\u00e9 d\u2019un coussin en silicone [&hellip;]","og_url":"https:\/\/www.oxysphair.be\/de\/produits\/schlafapnoe\/cpap-masken\/nasal-de\/airfit-airtouch-n20-resmed\/","og_site_name":"Oxysphair","article_modified_time":"2026-05-13T14:04:30+00:00","twitter_card":"summary_large_image","twitter_misc":{"Gesch\u00e4tzte Lesezeit":"1\u00a0Minute"},"schema":{"@context":"https:\/\/schema.org","@graph":[{"@type":"WebPage","@id":"https:\/\/www.oxysphair.be\/de\/produits\/schlafapnoe\/cpap-masken\/nasal-de\/airfit-airtouch-n20-resmed\/","url":"https:\/\/www.oxysphair.be\/de\/produits\/schlafapnoe\/cpap-masken\/nasal-de\/airfit-airtouch-n20-resmed\/","name":"AirFit Airtouch N20 - Resmed | Oxysphair","isPartOf":{"@id":"https:\/\/www.oxysphair.be\/de\/#website"},"primaryImageOfPage":{"@id":"https:\/\/www.oxysphair.be\/de\/produits\/schlafapnoe\/cpap-masken\/nasal-de\/airfit-airtouch-n20-resmed\/#primaryimage"},"image":{"@id":"https:\/\/www.oxysphair.be\/de\/produits\/schlafapnoe\/cpap-masken\/nasal-de\/airfit-airtouch-n20-resmed\/#primaryimage"},"thumbnailUrl":"https:\/\/www.oxysphair.be\/wp-content\/uploads\/2025\/03\/AirTouch-N20-memory-foam-cushion-nasal-CPAP-mask.avif","datePublished":"2025-03-24T15:10:44+00:00","dateModified":"2026-05-13T14:04:30+00:00","breadcrumb":{"@id":"https:\/\/www.oxysphair.be\/de\/produits\/schlafapnoe\/cpap-masken\/nasal-de\/airfit-airtouch-n20-resmed\/#breadcrumb"},"inLanguage":"de","potentialAction":[{"@type":"ReadAction","target":["https:\/\/www.oxysphair.be\/de\/produits\/schlafapnoe\/cpap-masken\/nasal-de\/airfit-airtouch-n20-resmed\/"]}]},{"@type":"ImageObject","inLanguage":"de","@id":"https:\/\/www.oxysphair.be\/de\/produits\/schlafapnoe\/cpap-masken\/nasal-de\/airfit-airtouch-n20-resmed\/#primaryimage","url":"https:\/\/www.oxysphair.be\/wp-content\/uploads\/2025\/03\/AirTouch-N20-memory-foam-cushion-nasal-CPAP-mask.avif","contentUrl":"https:\/\/www.oxysphair.be\/wp-content\/uploads\/2025\/03\/AirTouch-N20-memory-foam-cushion-nasal-CPAP-mask.avif","width":315,"height":315},{"@type":"BreadcrumbList","@id":"https:\/\/www.oxysphair.be\/de\/produits\/schlafapnoe\/cpap-masken\/nasal-de\/airfit-airtouch-n20-resmed\/#breadcrumb","itemListElement":[{"@type":"ListItem","position":1,"name":"Accueil","item":"https:\/\/www.oxysphair.be\/de\/"},{"@type":"ListItem","position":2,"name":"Produkte","item":"https:\/\/www.oxysphair.be\/de\/shop-produkte\/"},{"@type":"ListItem","position":3,"name":"AirFit Airtouch N20 &#8211; Resmed"}]},{"@type":"WebSite","@id":"https:\/\/www.oxysphair.be\/de\/#website","url":"https:\/\/www.oxysphair.be\/de\/","name":"Oxysphair","description":"","potentialAction":[{"@type":"SearchAction","target":{"@type":"EntryPoint","urlTemplate":"https:\/\/www.oxysphair.be\/de\/?s={search_term_string}"},"query-input":{"@type":"PropertyValueSpecification","valueRequired":true,"valueName":"search_term_string"}}],"inLanguage":"de"}]}},"_links":{"self":[{"href":"https:\/\/www.oxysphair.be\/de\/wp-json\/wp\/v2\/product\/260012","targetHints":{"allow":["GET"]}}],"collection":[{"href":"https:\/\/www.oxysphair.be\/de\/wp-json\/wp\/v2\/product"}],"about":[{"href":"https:\/\/www.oxysphair.be\/de\/wp-json\/wp\/v2\/types\/product"}],"replies":[{"embeddable":true,"href":"https:\/\/www.oxysphair.be\/de\/wp-json\/wp\/v2\/comments?post=260012"}],"wp:featuredmedia":[{"embeddable":true,"href":"https:\/\/www.oxysphair.be\/de\/wp-json\/wp\/v2\/media\/267037"}],"wp:attachment":[{"href":"https:\/\/www.oxysphair.be\/de\/wp-json\/wp\/v2\/media?parent=260012"}],"wp:term":[{"taxonomy":"product_brand","embeddable":true,"href":"https:\/\/www.oxysphair.be\/de\/wp-json\/wp\/v2\/product_brand?post=260012"},{"taxonomy":"product_cat","embeddable":true,"href":"https:\/\/www.oxysphair.be\/de\/wp-json\/wp\/v2\/product_cat?post=260012"},{"taxonomy":"product_tag","embeddable":true,"href":"https:\/\/www.oxysphair.be\/de\/wp-json\/wp\/v2\/product_tag?post=260012"}],"curies":[{"name":"wp","href":"https:\/\/api.w.org\/{rel}","templated":true}]}}