{"id":262876,"date":"2024-02-06T17:14:53","date_gmt":"2024-02-06T16:14:53","guid":{"rendered":"https:\/\/www.oxysphair.be\/?post_type=product&#038;p=262876"},"modified":"2025-05-15T10:54:29","modified_gmt":"2025-05-15T08:54:29","slug":"dreamwear-nasal-under-the-nose-fitpack","status":"publish","type":"product","link":"https:\/\/www.oxysphair.be\/de\/produits\/schlafapnoe\/cpap-masken\/dreamwear-nasal-under-the-nose-fitpack\/","title":{"rendered":"DreamWear Nasal Under The Nose &#8211; Fitpack"},"content":{"rendered":"<p>Die DreamWear CPAP-Nasenmaske mit Kopfband &#8211; Fit Pack (alle Kissen sind im mittleren Rahmen enthalten) ist eine Maske mit minimalem Kontakt, die den Benutzern dabei helfen soll, verschiedene Schlafpositionen einzunehmen. Es handelt sich um eine Nasenmaske, die eine Therapie bietet, indem sie beide Nasenl\u00f6cher abdeckt.<\/p>\n<ul>\n<li>Innovativer, r\u00f6hrenf\u00f6rmiger Rahmen<\/li>\n<li>Design mit minimalem Kontakt<\/li>\n<li>Mehrere Kissen im Lieferumfang enthalten<\/li>\n<li>Anschluss des Schlauchs an der Oberseite des Kopfes.<\/li>\n<li>Stoffumschl\u00e4ge inbegriffen<\/li>\n<li>Innovativer Rahmen in R\u00f6hrenform<\/li>\n<\/ul>\n<p>Der Rahmen der DreamWear CPAP-Maske ist so konstruiert, dass der Luftstrom durch ihn hindurch zum Nasenpolster flie\u00dfen kann. Der Rahmen ist ein einziges Teil mit Anschl\u00fcssen f\u00fcr den Schlauchknick, das Kopfband und das Nasenpolster. Wenn eine Seite des Rahmens beim Aufsetzen geschlossen wird, kann der Luftstrom vollst\u00e4ndig durch die andere Seite flie\u00dfen, ohne den therapeutischen Druck negativ zu beeinflussen. Der mittlere Rahmen ist in diesem Anpassungspaket enthalten, ist aber bei Bedarf auch in anderen Gr\u00f6\u00dfen f\u00fcr einen separaten Kauf erh\u00e4ltlich. DreamWear-Rahmen und -Kissen sind austauschbar, so dass jede Rahmengr\u00f6\u00dfe auf jede Kissengr\u00f6\u00dfe passt.<\/p>\n<h4>Design mit minimalem Kontakt<\/h4>\n<p>Die DreamWear-Maske verf\u00fcgt \u00fcber ein Kissen, das unter der Nase liegt und beide Nasenl\u00f6cher abdichtet, ohne dass die gesamte Nase bedeckt werden muss. Dadurch werden das Unbehagen und die Reizung des Nasenr\u00fcckens, die bei herk\u00f6mmlicheren Masken auftreten k\u00f6nnen, gemindert. Das Design l\u00e4sst die Sichtlinie zum Lesen oder Fernsehen vor dem Schlafengehen offen.<\/p>\n<h4>Mehrere Kissen sind im Lieferumfang enthalten.<\/h4>\n<p>Das DreamWear Fit-Paket enth\u00e4lt alle vier Gr\u00f6\u00dfen der DreamWear-Nasenkissen: klein, mittel, mittelbreit und gro\u00df. Jede Kissengr\u00f6\u00dfe passt zu jeder Fassungsgr\u00f6\u00dfe, so dass, sobald die gew\u00fcnschte Passform gefunden wurde, Ersatz in der gew\u00fcnschten Gr\u00f6\u00dfe gekauft werden kann. Dieser Anpassungssatz enth\u00e4lt das mittlere Gestell, das f\u00fcr die meisten Nutzer geeignet ist.<\/p>\n<h4>Anschluss des Schlauchs an die Oberseite des Kopfes<\/h4>\n<p>Der Dreamwear-Rahmen ist so konzipiert, dass der Winkelst\u00fcck am Scheitelpunkt des Kopfes liegt, sodass der Schlauch \u00fcber den Benutzer geleitet werden kann, um einen optimalen Tragekomfort zu gew\u00e4hrleisten. Dieses Design verringert die Spannung auf der Vorderseite der Maske und sorgt f\u00fcr eine stabilere Abdichtung w\u00e4hrend der Nacht. Der Ellbogen kann innerhalb des Anschlusses frei gedreht werden, um aktiven Schl\u00e4fern zu helfen, die Maske richtig zu positionieren, wenn sich die Schlafposition \u00e4ndert.<\/p>\n<h4>Stoffh\u00fcllen sind im Lieferumfang enthalten.<\/h4>\n<p>Die DreamWear enth\u00e4lt zwei Stoffh\u00fcllen mit Haken- und Schnallenverschl\u00fcssen, die sich schnell und einfach \u00fcber den Maskenrahmen ziehen lassen. Die H\u00fcllen werden \u00fcber den Wangenbereich des Maskenrahmens gezogen, um den Tragekomfort zu erh\u00f6hen und Irritationen zu mindern.<\/p>\n","protected":false},"excerpt":{"rendered":"<p>Die DreamWear nasale CPAP-Maske mit Kopfband ist ein revolution\u00e4rer Durchbruch, ein Nasenkissen unter der Nase mit einem weichen Rahmen, durch den der Luftstrom hindurchgeht. Ein Hybrid! Das FitPack umfasst einen mittleren Rahmen mit vier Kissengr\u00f6\u00dfen.<\/p>\n","protected":false},"featured_media":253880,"comment_status":"closed","ping_status":"closed","template":"","meta":{"_et_pb_use_builder":"","_et_pb_old_content":"","_et_gb_content_width":"","inline_featured_image":false},"product_brand":[226,227],"product_cat":[79],"product_tag":[],"class_list":{"0":"post-262876","1":"product","2":"type-product","3":"status-publish","4":"has-post-thumbnail","6":"product_brand-philips-respironics","8":"product_cat-cpap-masken","10":"first","11":"instock","12":"taxable","13":"shipping-taxable","14":"purchasable","15":"product-type-simple"},"acf":[],"yoast_head":"<!-- This site is optimized with the Yoast SEO plugin v27.3 - https:\/\/yoast.com\/product\/yoast-seo-wordpress\/ -->\n<title>DreamWear Nasal Under The Nose - Fitpack | Oxysphair<\/title>\n<meta name=\"robots\" content=\"index, follow, max-snippet:-1, max-image-preview:large, max-video-preview:-1\" \/>\n<link rel=\"canonical\" href=\"https:\/\/www.oxysphair.be\/de\/produits\/schlafapnoe\/cpap-masken\/dreamwear-nasal-under-the-nose-fitpack\/\" \/>\n<meta property=\"og:locale\" content=\"de_DE\" \/>\n<meta property=\"og:type\" content=\"article\" \/>\n<meta property=\"og:title\" content=\"DreamWear Nasal Under The Nose - Fitpack | Oxysphair\" \/>\n<meta property=\"og:description\" content=\"Die DreamWear nasale CPAP-Maske mit Kopfband ist ein revolution\u00e4rer Durchbruch, ein Nasenkissen unter der Nase mit einem weichen Rahmen, durch den der Luftstrom hindurchgeht. Ein Hybrid! Das FitPack umfasst einen mittleren Rahmen mit vier Kissengr\u00f6\u00dfen.\" \/>\n<meta property=\"og:url\" content=\"https:\/\/www.oxysphair.be\/de\/produits\/schlafapnoe\/cpap-masken\/dreamwear-nasal-under-the-nose-fitpack\/\" \/>\n<meta property=\"og:site_name\" content=\"Oxysphair\" \/>\n<meta property=\"article:modified_time\" content=\"2025-05-15T08:54:29+00:00\" \/>\n<meta property=\"og:image\" content=\"https:\/\/www.oxysphair.be\/wp-content\/uploads\/2024\/02\/philips-respironics-dreamwear-under-the-nose-cpap.jpg.png\" \/>\n\t<meta property=\"og:image:width\" content=\"750\" \/>\n\t<meta property=\"og:image:height\" content=\"562\" \/>\n\t<meta property=\"og:image:type\" content=\"image\/png\" \/>\n<meta name=\"twitter:card\" content=\"summary_large_image\" \/>\n<meta name=\"twitter:label1\" content=\"Gesch\u00e4tzte Lesezeit\" \/>\n\t<meta name=\"twitter:data1\" content=\"3\u00a0Minuten\" \/>\n<script type=\"application\/ld+json\" class=\"yoast-schema-graph\">{\"@context\":\"https:\\\/\\\/schema.org\",\"@graph\":[{\"@type\":\"WebPage\",\"@id\":\"https:\\\/\\\/www.oxysphair.be\\\/de\\\/produits\\\/schlafapnoe\\\/cpap-masken\\\/dreamwear-nasal-under-the-nose-fitpack\\\/\",\"url\":\"https:\\\/\\\/www.oxysphair.be\\\/de\\\/produits\\\/schlafapnoe\\\/cpap-masken\\\/dreamwear-nasal-under-the-nose-fitpack\\\/\",\"name\":\"DreamWear Nasal Under The Nose - Fitpack | Oxysphair\",\"isPartOf\":{\"@id\":\"https:\\\/\\\/www.oxysphair.be\\\/de\\\/#website\"},\"primaryImageOfPage\":{\"@id\":\"https:\\\/\\\/www.oxysphair.be\\\/de\\\/produits\\\/schlafapnoe\\\/cpap-masken\\\/dreamwear-nasal-under-the-nose-fitpack\\\/#primaryimage\"},\"image\":{\"@id\":\"https:\\\/\\\/www.oxysphair.be\\\/de\\\/produits\\\/schlafapnoe\\\/cpap-masken\\\/dreamwear-nasal-under-the-nose-fitpack\\\/#primaryimage\"},\"thumbnailUrl\":\"https:\\\/\\\/www.oxysphair.be\\\/wp-content\\\/uploads\\\/2024\\\/02\\\/philips-respironics-dreamwear-under-the-nose-cpap.jpg.png\",\"datePublished\":\"2024-02-06T16:14:53+00:00\",\"dateModified\":\"2025-05-15T08:54:29+00:00\",\"breadcrumb\":{\"@id\":\"https:\\\/\\\/www.oxysphair.be\\\/de\\\/produits\\\/schlafapnoe\\\/cpap-masken\\\/dreamwear-nasal-under-the-nose-fitpack\\\/#breadcrumb\"},\"inLanguage\":\"de\",\"potentialAction\":[{\"@type\":\"ReadAction\",\"target\":[\"https:\\\/\\\/www.oxysphair.be\\\/de\\\/produits\\\/schlafapnoe\\\/cpap-masken\\\/dreamwear-nasal-under-the-nose-fitpack\\\/\"]}]},{\"@type\":\"ImageObject\",\"inLanguage\":\"de\",\"@id\":\"https:\\\/\\\/www.oxysphair.be\\\/de\\\/produits\\\/schlafapnoe\\\/cpap-masken\\\/dreamwear-nasal-under-the-nose-fitpack\\\/#primaryimage\",\"url\":\"https:\\\/\\\/www.oxysphair.be\\\/wp-content\\\/uploads\\\/2024\\\/02\\\/philips-respironics-dreamwear-under-the-nose-cpap.jpg.png\",\"contentUrl\":\"https:\\\/\\\/www.oxysphair.be\\\/wp-content\\\/uploads\\\/2024\\\/02\\\/philips-respironics-dreamwear-under-the-nose-cpap.jpg.png\",\"width\":750,\"height\":562,\"caption\":\"masque nasal pour cpap dreamwear - fitpack\"},{\"@type\":\"BreadcrumbList\",\"@id\":\"https:\\\/\\\/www.oxysphair.be\\\/de\\\/produits\\\/schlafapnoe\\\/cpap-masken\\\/dreamwear-nasal-under-the-nose-fitpack\\\/#breadcrumb\",\"itemListElement\":[{\"@type\":\"ListItem\",\"position\":1,\"name\":\"Accueil\",\"item\":\"https:\\\/\\\/www.oxysphair.be\\\/de\\\/\"},{\"@type\":\"ListItem\",\"position\":2,\"name\":\"Produkte\",\"item\":\"https:\\\/\\\/www.oxysphair.be\\\/de\\\/shop-produkte\\\/\"},{\"@type\":\"ListItem\",\"position\":3,\"name\":\"DreamWear Nasal Under The Nose &#8211; Fitpack\"}]},{\"@type\":\"WebSite\",\"@id\":\"https:\\\/\\\/www.oxysphair.be\\\/de\\\/#website\",\"url\":\"https:\\\/\\\/www.oxysphair.be\\\/de\\\/\",\"name\":\"Oxysphair\",\"description\":\"\",\"potentialAction\":[{\"@type\":\"SearchAction\",\"target\":{\"@type\":\"EntryPoint\",\"urlTemplate\":\"https:\\\/\\\/www.oxysphair.be\\\/de\\\/?s={search_term_string}\"},\"query-input\":{\"@type\":\"PropertyValueSpecification\",\"valueRequired\":true,\"valueName\":\"search_term_string\"}}],\"inLanguage\":\"de\"}]}<\/script>\n<!-- \/ Yoast SEO plugin. -->","yoast_head_json":{"title":"DreamWear Nasal Under The Nose - Fitpack | Oxysphair","robots":{"index":"index","follow":"follow","max-snippet":"max-snippet:-1","max-image-preview":"max-image-preview:large","max-video-preview":"max-video-preview:-1"},"canonical":"https:\/\/www.oxysphair.be\/de\/produits\/schlafapnoe\/cpap-masken\/dreamwear-nasal-under-the-nose-fitpack\/","og_locale":"de_DE","og_type":"article","og_title":"DreamWear Nasal Under The Nose - Fitpack | Oxysphair","og_description":"Die DreamWear nasale CPAP-Maske mit Kopfband ist ein revolution\u00e4rer Durchbruch, ein Nasenkissen unter der Nase mit einem weichen Rahmen, durch den der Luftstrom hindurchgeht. Ein Hybrid! Das FitPack umfasst einen mittleren Rahmen mit vier Kissengr\u00f6\u00dfen.","og_url":"https:\/\/www.oxysphair.be\/de\/produits\/schlafapnoe\/cpap-masken\/dreamwear-nasal-under-the-nose-fitpack\/","og_site_name":"Oxysphair","article_modified_time":"2025-05-15T08:54:29+00:00","og_image":[{"width":750,"height":562,"url":"https:\/\/www.oxysphair.be\/wp-content\/uploads\/2024\/02\/philips-respironics-dreamwear-under-the-nose-cpap.jpg.png","type":"image\/png"}],"twitter_card":"summary_large_image","twitter_misc":{"Gesch\u00e4tzte Lesezeit":"3\u00a0Minuten"},"schema":{"@context":"https:\/\/schema.org","@graph":[{"@type":"WebPage","@id":"https:\/\/www.oxysphair.be\/de\/produits\/schlafapnoe\/cpap-masken\/dreamwear-nasal-under-the-nose-fitpack\/","url":"https:\/\/www.oxysphair.be\/de\/produits\/schlafapnoe\/cpap-masken\/dreamwear-nasal-under-the-nose-fitpack\/","name":"DreamWear Nasal Under The Nose - Fitpack | Oxysphair","isPartOf":{"@id":"https:\/\/www.oxysphair.be\/de\/#website"},"primaryImageOfPage":{"@id":"https:\/\/www.oxysphair.be\/de\/produits\/schlafapnoe\/cpap-masken\/dreamwear-nasal-under-the-nose-fitpack\/#primaryimage"},"image":{"@id":"https:\/\/www.oxysphair.be\/de\/produits\/schlafapnoe\/cpap-masken\/dreamwear-nasal-under-the-nose-fitpack\/#primaryimage"},"thumbnailUrl":"https:\/\/www.oxysphair.be\/wp-content\/uploads\/2024\/02\/philips-respironics-dreamwear-under-the-nose-cpap.jpg.png","datePublished":"2024-02-06T16:14:53+00:00","dateModified":"2025-05-15T08:54:29+00:00","breadcrumb":{"@id":"https:\/\/www.oxysphair.be\/de\/produits\/schlafapnoe\/cpap-masken\/dreamwear-nasal-under-the-nose-fitpack\/#breadcrumb"},"inLanguage":"de","potentialAction":[{"@type":"ReadAction","target":["https:\/\/www.oxysphair.be\/de\/produits\/schlafapnoe\/cpap-masken\/dreamwear-nasal-under-the-nose-fitpack\/"]}]},{"@type":"ImageObject","inLanguage":"de","@id":"https:\/\/www.oxysphair.be\/de\/produits\/schlafapnoe\/cpap-masken\/dreamwear-nasal-under-the-nose-fitpack\/#primaryimage","url":"https:\/\/www.oxysphair.be\/wp-content\/uploads\/2024\/02\/philips-respironics-dreamwear-under-the-nose-cpap.jpg.png","contentUrl":"https:\/\/www.oxysphair.be\/wp-content\/uploads\/2024\/02\/philips-respironics-dreamwear-under-the-nose-cpap.jpg.png","width":750,"height":562,"caption":"masque nasal pour cpap dreamwear - fitpack"},{"@type":"BreadcrumbList","@id":"https:\/\/www.oxysphair.be\/de\/produits\/schlafapnoe\/cpap-masken\/dreamwear-nasal-under-the-nose-fitpack\/#breadcrumb","itemListElement":[{"@type":"ListItem","position":1,"name":"Accueil","item":"https:\/\/www.oxysphair.be\/de\/"},{"@type":"ListItem","position":2,"name":"Produkte","item":"https:\/\/www.oxysphair.be\/de\/shop-produkte\/"},{"@type":"ListItem","position":3,"name":"DreamWear Nasal Under The Nose &#8211; Fitpack"}]},{"@type":"WebSite","@id":"https:\/\/www.oxysphair.be\/de\/#website","url":"https:\/\/www.oxysphair.be\/de\/","name":"Oxysphair","description":"","potentialAction":[{"@type":"SearchAction","target":{"@type":"EntryPoint","urlTemplate":"https:\/\/www.oxysphair.be\/de\/?s={search_term_string}"},"query-input":{"@type":"PropertyValueSpecification","valueRequired":true,"valueName":"search_term_string"}}],"inLanguage":"de"}]}},"_links":{"self":[{"href":"https:\/\/www.oxysphair.be\/de\/wp-json\/wp\/v2\/product\/262876","targetHints":{"allow":["GET"]}}],"collection":[{"href":"https:\/\/www.oxysphair.be\/de\/wp-json\/wp\/v2\/product"}],"about":[{"href":"https:\/\/www.oxysphair.be\/de\/wp-json\/wp\/v2\/types\/product"}],"replies":[{"embeddable":true,"href":"https:\/\/www.oxysphair.be\/de\/wp-json\/wp\/v2\/comments?post=262876"}],"wp:featuredmedia":[{"embeddable":true,"href":"https:\/\/www.oxysphair.be\/de\/wp-json\/wp\/v2\/media\/253880"}],"wp:attachment":[{"href":"https:\/\/www.oxysphair.be\/de\/wp-json\/wp\/v2\/media?parent=262876"}],"wp:term":[{"taxonomy":"product_brand","embeddable":true,"href":"https:\/\/www.oxysphair.be\/de\/wp-json\/wp\/v2\/product_brand?post=262876"},{"taxonomy":"product_cat","embeddable":true,"href":"https:\/\/www.oxysphair.be\/de\/wp-json\/wp\/v2\/product_cat?post=262876"},{"taxonomy":"product_tag","embeddable":true,"href":"https:\/\/www.oxysphair.be\/de\/wp-json\/wp\/v2\/product_tag?post=262876"}],"curies":[{"name":"wp","href":"https:\/\/api.w.org\/{rel}","templated":true}]}}