{"id":262931,"date":"2024-02-06T15:36:16","date_gmt":"2024-02-06T14:36:16","guid":{"rendered":"https:\/\/www.oxysphair.be\/?post_type=product&#038;p=262931"},"modified":"2025-11-02T17:27:13","modified_gmt":"2025-11-02T16:27:13","slug":"dreamwear-nasal-under-the-nose-medium-frame","status":"publish","type":"product","link":"https:\/\/www.oxysphair.be\/de\/produits\/schlafapnoe\/cpap-masken\/nasal-de\/dreamwear-nasal-under-the-nose-medium-frame\/","title":{"rendered":"DreamWear Nasal Under The Nose Medium Frame"},"content":{"rendered":"<h4>Verschiedene Gr\u00f6\u00dfen f\u00fcr jeden Typ<\/h4>\n<p>Die Nasenkissen sind in vier verschiedenen Gr\u00f6\u00dfen erh\u00e4ltlich, sodass Sie f\u00fcr die meisten Nasentypen das passende Kissen finden k\u00f6nnen.<\/p>\n<h4>Angenehmes Gef\u00fchl unter der Nase<\/h4>\n<p>Das innovative Design des Nasenkissens der DreamWear-Maske wurde entwickelt, um rote Flecken, Reizungen und unangenehme Empfindungen in den Nasenl\u00f6chern oder am Nasenr\u00fccken zu vermeiden.*<\/p>\n<h4>Einfaches Auswechseln des Kissens<\/h4>\n<p>Das Design der DreamWear-Maske erm\u00f6glicht einen schnellen und einfachen Austausch des Polstertyps, ohne dass die Maske gewechselt werden muss. Sie bietet dem Patienten mehrere Optionen mit hoher Zuverl\u00e4ssigkeit.<\/p>\n<p>&nbsp;<\/p>\n<p>&nbsp;<\/p>\n","protected":false},"excerpt":{"rendered":"<div class=\"et_pb_module et_pb_wc_description et_pb_wc_description_0_tb_body et_pb_bg_layout_light  et_pb_text_align_left\">\n<div class=\"et_pb_module_inner\">\n<h4>Entwickelt, um zu vergessen, dass Sie eine Maske tragen.<\/h4>\n<p>Die DreamWear-Maske vereint die Vorteile von Nasenmasken und Masken mit Nasenlochkissen, um Patienten die bestm\u00f6gliche L\u00f6sung zu bieten. Ihr bemerkenswertes Design lenkt den Luftstrom am Rahmen, sodass die Patienten bequem schlafen k\u00f6nnen.<\/p>\n<\/div>\n<\/div>\n","protected":false},"featured_media":262861,"comment_status":"closed","ping_status":"closed","template":"","meta":{"_et_pb_use_builder":"","_et_pb_old_content":"","_et_gb_content_width":"","inline_featured_image":false},"product_brand":[226],"product_cat":[79,135],"product_tag":[],"class_list":{"0":"post-262931","1":"product","2":"type-product","3":"status-publish","4":"has-post-thumbnail","6":"product_brand-philips-respironics","7":"product_cat-cpap-masken","8":"product_cat-nasal-de","9":"pa_brand-philips-respironics","10":"pa_taille-l","11":"pa_taille-s","12":"pa_taille-l-de","13":"pa_taille-m-de","14":"pa_taille-s-de","15":"pa_taille-w-de","16":"pa_taille-w","18":"first","19":"instock","20":"taxable","21":"shipping-taxable","22":"purchasable","23":"product-type-variable","24":"has-default-attributes"},"acf":[],"yoast_head":"<!-- This site is optimized with the Yoast SEO plugin v27.5 - https:\/\/yoast.com\/product\/yoast-seo-wordpress\/ -->\n<title>DreamWear Nasal Under The Nose Medium Frame | Oxysphair<\/title>\n<meta name=\"robots\" content=\"index, follow, max-snippet:-1, max-image-preview:large, max-video-preview:-1\" \/>\n<link rel=\"canonical\" href=\"https:\/\/www.oxysphair.be\/de\/produits\/schlafapnoe\/cpap-masken\/nasal-de\/dreamwear-nasal-under-the-nose-medium-frame\/\" \/>\n<meta property=\"og:locale\" content=\"de_DE\" \/>\n<meta property=\"og:type\" content=\"article\" \/>\n<meta property=\"og:title\" content=\"DreamWear Nasal Under The Nose Medium Frame | Oxysphair\" \/>\n<meta property=\"og:description\" content=\"Entwickelt, um zu vergessen, dass Sie eine Maske tragen. Die DreamWear-Maske vereint die Vorteile von Nasenmasken und Masken mit Nasenlochkissen, um Patienten die bestm\u00f6gliche L\u00f6sung zu bieten. Ihr bemerkenswertes Design lenkt den Luftstrom am Rahmen, sodass die Patienten bequem schlafen k\u00f6nnen.\" \/>\n<meta property=\"og:url\" content=\"https:\/\/www.oxysphair.be\/de\/produits\/schlafapnoe\/cpap-masken\/nasal-de\/dreamwear-nasal-under-the-nose-medium-frame\/\" \/>\n<meta property=\"og:site_name\" content=\"Oxysphair\" \/>\n<meta property=\"article:modified_time\" content=\"2025-11-02T16:27:13+00:00\" \/>\n<meta property=\"og:image\" content=\"https:\/\/www.oxysphair.be\/wp-content\/uploads\/2025\/05\/78c7b772a0e143d39da6a7f90147fb4f.jpeg\" \/>\n\t<meta property=\"og:image:width\" content=\"452\" \/>\n\t<meta property=\"og:image:height\" content=\"255\" \/>\n\t<meta property=\"og:image:type\" content=\"image\/jpeg\" \/>\n<meta name=\"twitter:card\" content=\"summary_large_image\" \/>\n<meta name=\"twitter:label1\" content=\"Gesch\u00e4tzte Lesezeit\" \/>\n\t<meta name=\"twitter:data1\" content=\"1\u00a0Minute\" \/>\n<script type=\"application\/ld+json\" class=\"yoast-schema-graph\">{\"@context\":\"https:\\\/\\\/schema.org\",\"@graph\":[{\"@type\":\"WebPage\",\"@id\":\"https:\\\/\\\/www.oxysphair.be\\\/de\\\/produits\\\/schlafapnoe\\\/cpap-masken\\\/nasal-de\\\/dreamwear-nasal-under-the-nose-medium-frame\\\/\",\"url\":\"https:\\\/\\\/www.oxysphair.be\\\/de\\\/produits\\\/schlafapnoe\\\/cpap-masken\\\/nasal-de\\\/dreamwear-nasal-under-the-nose-medium-frame\\\/\",\"name\":\"DreamWear Nasal Under The Nose Medium Frame | Oxysphair\",\"isPartOf\":{\"@id\":\"https:\\\/\\\/www.oxysphair.be\\\/de\\\/#website\"},\"primaryImageOfPage\":{\"@id\":\"https:\\\/\\\/www.oxysphair.be\\\/de\\\/produits\\\/schlafapnoe\\\/cpap-masken\\\/nasal-de\\\/dreamwear-nasal-under-the-nose-medium-frame\\\/#primaryimage\"},\"image\":{\"@id\":\"https:\\\/\\\/www.oxysphair.be\\\/de\\\/produits\\\/schlafapnoe\\\/cpap-masken\\\/nasal-de\\\/dreamwear-nasal-under-the-nose-medium-frame\\\/#primaryimage\"},\"thumbnailUrl\":\"https:\\\/\\\/www.oxysphair.be\\\/wp-content\\\/uploads\\\/2025\\\/05\\\/78c7b772a0e143d39da6a7f90147fb4f.jpeg\",\"datePublished\":\"2024-02-06T14:36:16+00:00\",\"dateModified\":\"2025-11-02T16:27:13+00:00\",\"breadcrumb\":{\"@id\":\"https:\\\/\\\/www.oxysphair.be\\\/de\\\/produits\\\/schlafapnoe\\\/cpap-masken\\\/nasal-de\\\/dreamwear-nasal-under-the-nose-medium-frame\\\/#breadcrumb\"},\"inLanguage\":\"de\",\"potentialAction\":[{\"@type\":\"ReadAction\",\"target\":[\"https:\\\/\\\/www.oxysphair.be\\\/de\\\/produits\\\/schlafapnoe\\\/cpap-masken\\\/nasal-de\\\/dreamwear-nasal-under-the-nose-medium-frame\\\/\"]}]},{\"@type\":\"ImageObject\",\"inLanguage\":\"de\",\"@id\":\"https:\\\/\\\/www.oxysphair.be\\\/de\\\/produits\\\/schlafapnoe\\\/cpap-masken\\\/nasal-de\\\/dreamwear-nasal-under-the-nose-medium-frame\\\/#primaryimage\",\"url\":\"https:\\\/\\\/www.oxysphair.be\\\/wp-content\\\/uploads\\\/2025\\\/05\\\/78c7b772a0e143d39da6a7f90147fb4f.jpeg\",\"contentUrl\":\"https:\\\/\\\/www.oxysphair.be\\\/wp-content\\\/uploads\\\/2025\\\/05\\\/78c7b772a0e143d39da6a7f90147fb4f.jpeg\",\"width\":452,\"height\":255},{\"@type\":\"BreadcrumbList\",\"@id\":\"https:\\\/\\\/www.oxysphair.be\\\/de\\\/produits\\\/schlafapnoe\\\/cpap-masken\\\/nasal-de\\\/dreamwear-nasal-under-the-nose-medium-frame\\\/#breadcrumb\",\"itemListElement\":[{\"@type\":\"ListItem\",\"position\":1,\"name\":\"Accueil\",\"item\":\"https:\\\/\\\/www.oxysphair.be\\\/de\\\/\"},{\"@type\":\"ListItem\",\"position\":2,\"name\":\"Produkte\",\"item\":\"https:\\\/\\\/www.oxysphair.be\\\/de\\\/shop-produkte\\\/\"},{\"@type\":\"ListItem\",\"position\":3,\"name\":\"DreamWear Nasal Under The Nose Medium Frame\"}]},{\"@type\":\"WebSite\",\"@id\":\"https:\\\/\\\/www.oxysphair.be\\\/de\\\/#website\",\"url\":\"https:\\\/\\\/www.oxysphair.be\\\/de\\\/\",\"name\":\"Oxysphair\",\"description\":\"\",\"potentialAction\":[{\"@type\":\"SearchAction\",\"target\":{\"@type\":\"EntryPoint\",\"urlTemplate\":\"https:\\\/\\\/www.oxysphair.be\\\/de\\\/?s={search_term_string}\"},\"query-input\":{\"@type\":\"PropertyValueSpecification\",\"valueRequired\":true,\"valueName\":\"search_term_string\"}}],\"inLanguage\":\"de\"}]}<\/script>\n<!-- \/ Yoast SEO plugin. -->","yoast_head_json":{"title":"DreamWear Nasal Under The Nose Medium Frame | Oxysphair","robots":{"index":"index","follow":"follow","max-snippet":"max-snippet:-1","max-image-preview":"max-image-preview:large","max-video-preview":"max-video-preview:-1"},"canonical":"https:\/\/www.oxysphair.be\/de\/produits\/schlafapnoe\/cpap-masken\/nasal-de\/dreamwear-nasal-under-the-nose-medium-frame\/","og_locale":"de_DE","og_type":"article","og_title":"DreamWear Nasal Under The Nose Medium Frame | Oxysphair","og_description":"Entwickelt, um zu vergessen, dass Sie eine Maske tragen. Die DreamWear-Maske vereint die Vorteile von Nasenmasken und Masken mit Nasenlochkissen, um Patienten die bestm\u00f6gliche L\u00f6sung zu bieten. Ihr bemerkenswertes Design lenkt den Luftstrom am Rahmen, sodass die Patienten bequem schlafen k\u00f6nnen.","og_url":"https:\/\/www.oxysphair.be\/de\/produits\/schlafapnoe\/cpap-masken\/nasal-de\/dreamwear-nasal-under-the-nose-medium-frame\/","og_site_name":"Oxysphair","article_modified_time":"2025-11-02T16:27:13+00:00","og_image":[{"width":452,"height":255,"url":"https:\/\/www.oxysphair.be\/wp-content\/uploads\/2025\/05\/78c7b772a0e143d39da6a7f90147fb4f.jpeg","type":"image\/jpeg"}],"twitter_card":"summary_large_image","twitter_misc":{"Gesch\u00e4tzte Lesezeit":"1\u00a0Minute"},"schema":{"@context":"https:\/\/schema.org","@graph":[{"@type":"WebPage","@id":"https:\/\/www.oxysphair.be\/de\/produits\/schlafapnoe\/cpap-masken\/nasal-de\/dreamwear-nasal-under-the-nose-medium-frame\/","url":"https:\/\/www.oxysphair.be\/de\/produits\/schlafapnoe\/cpap-masken\/nasal-de\/dreamwear-nasal-under-the-nose-medium-frame\/","name":"DreamWear Nasal Under The Nose Medium Frame | Oxysphair","isPartOf":{"@id":"https:\/\/www.oxysphair.be\/de\/#website"},"primaryImageOfPage":{"@id":"https:\/\/www.oxysphair.be\/de\/produits\/schlafapnoe\/cpap-masken\/nasal-de\/dreamwear-nasal-under-the-nose-medium-frame\/#primaryimage"},"image":{"@id":"https:\/\/www.oxysphair.be\/de\/produits\/schlafapnoe\/cpap-masken\/nasal-de\/dreamwear-nasal-under-the-nose-medium-frame\/#primaryimage"},"thumbnailUrl":"https:\/\/www.oxysphair.be\/wp-content\/uploads\/2025\/05\/78c7b772a0e143d39da6a7f90147fb4f.jpeg","datePublished":"2024-02-06T14:36:16+00:00","dateModified":"2025-11-02T16:27:13+00:00","breadcrumb":{"@id":"https:\/\/www.oxysphair.be\/de\/produits\/schlafapnoe\/cpap-masken\/nasal-de\/dreamwear-nasal-under-the-nose-medium-frame\/#breadcrumb"},"inLanguage":"de","potentialAction":[{"@type":"ReadAction","target":["https:\/\/www.oxysphair.be\/de\/produits\/schlafapnoe\/cpap-masken\/nasal-de\/dreamwear-nasal-under-the-nose-medium-frame\/"]}]},{"@type":"ImageObject","inLanguage":"de","@id":"https:\/\/www.oxysphair.be\/de\/produits\/schlafapnoe\/cpap-masken\/nasal-de\/dreamwear-nasal-under-the-nose-medium-frame\/#primaryimage","url":"https:\/\/www.oxysphair.be\/wp-content\/uploads\/2025\/05\/78c7b772a0e143d39da6a7f90147fb4f.jpeg","contentUrl":"https:\/\/www.oxysphair.be\/wp-content\/uploads\/2025\/05\/78c7b772a0e143d39da6a7f90147fb4f.jpeg","width":452,"height":255},{"@type":"BreadcrumbList","@id":"https:\/\/www.oxysphair.be\/de\/produits\/schlafapnoe\/cpap-masken\/nasal-de\/dreamwear-nasal-under-the-nose-medium-frame\/#breadcrumb","itemListElement":[{"@type":"ListItem","position":1,"name":"Accueil","item":"https:\/\/www.oxysphair.be\/de\/"},{"@type":"ListItem","position":2,"name":"Produkte","item":"https:\/\/www.oxysphair.be\/de\/shop-produkte\/"},{"@type":"ListItem","position":3,"name":"DreamWear Nasal Under The Nose Medium Frame"}]},{"@type":"WebSite","@id":"https:\/\/www.oxysphair.be\/de\/#website","url":"https:\/\/www.oxysphair.be\/de\/","name":"Oxysphair","description":"","potentialAction":[{"@type":"SearchAction","target":{"@type":"EntryPoint","urlTemplate":"https:\/\/www.oxysphair.be\/de\/?s={search_term_string}"},"query-input":{"@type":"PropertyValueSpecification","valueRequired":true,"valueName":"search_term_string"}}],"inLanguage":"de"}]}},"_links":{"self":[{"href":"https:\/\/www.oxysphair.be\/de\/wp-json\/wp\/v2\/product\/262931","targetHints":{"allow":["GET"]}}],"collection":[{"href":"https:\/\/www.oxysphair.be\/de\/wp-json\/wp\/v2\/product"}],"about":[{"href":"https:\/\/www.oxysphair.be\/de\/wp-json\/wp\/v2\/types\/product"}],"replies":[{"embeddable":true,"href":"https:\/\/www.oxysphair.be\/de\/wp-json\/wp\/v2\/comments?post=262931"}],"wp:featuredmedia":[{"embeddable":true,"href":"https:\/\/www.oxysphair.be\/de\/wp-json\/wp\/v2\/media\/262861"}],"wp:attachment":[{"href":"https:\/\/www.oxysphair.be\/de\/wp-json\/wp\/v2\/media?parent=262931"}],"wp:term":[{"taxonomy":"product_brand","embeddable":true,"href":"https:\/\/www.oxysphair.be\/de\/wp-json\/wp\/v2\/product_brand?post=262931"},{"taxonomy":"product_cat","embeddable":true,"href":"https:\/\/www.oxysphair.be\/de\/wp-json\/wp\/v2\/product_cat?post=262931"},{"taxonomy":"product_tag","embeddable":true,"href":"https:\/\/www.oxysphair.be\/de\/wp-json\/wp\/v2\/product_tag?post=262931"}],"curies":[{"name":"wp","href":"https:\/\/api.w.org\/{rel}","templated":true}]}}