{"id":262993,"date":"2025-05-15T11:45:07","date_gmt":"2025-05-15T09:45:07","guid":{"rendered":"https:\/\/www.oxysphair.be\/?post_type=product&#038;p=262993"},"modified":"2026-04-19T14:46:24","modified_gmt":"2026-04-19T12:46:24","slug":"airfit-f40-quietair","status":"publish","type":"product","link":"https:\/\/www.oxysphair.be\/de\/produits\/schlafapnoe\/cpap-masken\/airfit-f40-quietair\/","title":{"rendered":"Airfit F40 QuietAir"},"content":{"rendered":"<p>[et_pb_section fb_built=&#8220;1&#8243; theme_builder_area=&#8220;post_content&#8220; _builder_version=&#8220;4.27.6&#8243; _module_preset=&#8220;default&#8220;][\/et_pb_section]<\/p>\n","protected":false},"excerpt":{"rendered":"","protected":false},"featured_media":260369,"comment_status":"closed","ping_status":"closed","template":"","meta":{"_et_pb_use_builder":"on","_et_pb_old_content":"<div class=\"product-name \">\r\n<p class=\"title \">AirFit\u2122 F40<\/p>\r\n<p class=\"subtitle\">Eine Therapie muss nicht unangenehm sein.<\/p>\r\n\r\n<\/div>\r\n<div class=\"right-part\">\r\n<div class=\"text\">\r\n\r\nSie suchen eine einfache, diskrete und bequeme Full Face Maske f\u00fcr die Schlafapnoe- oder nicht-invasive Beatmungstherapie? Die AirFit F40 kombiniert nahtlos eine effektive Therapie mit Komfort, Leistung und einem schlanken Design. Mit dem innovativen AdaptiSeal\u2122-Maskenkissen ohne harte Komponenten und dem leichten, flexiblen Maskenrahmen f\u00fcgt sich die AirFit F40 mit ihrem modernen Aussehen perfekt in Ihren Alltag ein.\r\n\r\nDie Maske enth\u00e4lt Magnete, die mit bestimmten Implantaten oder medizinischen Ger\u00e4ten in Wechselwirkung treten k\u00f6nnen. Vollst\u00e4ndige Informationen, einschlie\u00dflich Kontraindikationen und Warnhinweise zu Magneten, finden Sie in der\u00a0<a href=\"https:\/\/support-portal.resmed.com\/de-de\/Masken\/airfit-f40\">Gebrauchsanweisung<\/a>.\r\n<p><strong>Gr\u00f6\u00dfentabelle:<\/strong><\/p>\r\n\r\n<ul>\r\n \t<li><strong>L<\/strong>: Standard-Geschirr, breites Kissen<\/li>\r\n \t<li><strong>M<\/strong>: kleines Geschirr, mittleres Kissen<\/li>\r\n \t<li><strong>S<\/strong>: Standard-Geschirr, kleines breites Kissen<\/li>\r\n \t<li><strong>STD<\/strong>: Standard-Geschirr, mittleres Kisse<\/li>\r\n<\/ul>\r\n<\/div>\r\n<\/div>","_et_gb_content_width":"","inline_featured_image":false},"product_brand":[250],"product_cat":[79],"product_tag":[],"class_list":{"0":"post-262993","1":"product","2":"type-product","3":"status-publish","4":"has-post-thumbnail","6":"product_brand-resmed","7":"product_cat-cpap-masken","8":"pa_brand-resmed","9":"pa_taille-l-de","10":"pa_taille-m-de","11":"pa_taille-s-de","12":"pa_taille-std-de-2","14":"first","15":"instock","16":"taxable","17":"shipping-taxable","18":"purchasable","19":"product-type-variable","20":"has-default-attributes"},"acf":[],"yoast_head":"<!-- This site is optimized with the Yoast SEO plugin v27.4 - https:\/\/yoast.com\/product\/yoast-seo-wordpress\/ -->\n<title>Airfit F40 QuietAir | Oxysphair<\/title>\n<meta name=\"robots\" content=\"index, follow, max-snippet:-1, max-image-preview:large, max-video-preview:-1\" \/>\n<link rel=\"canonical\" href=\"https:\/\/www.oxysphair.be\/de\/produits\/schlafapnoe\/cpap-masken\/airfit-f40-quietair\/\" \/>\n<meta property=\"og:locale\" content=\"de_DE\" \/>\n<meta property=\"og:type\" content=\"article\" \/>\n<meta property=\"og:title\" content=\"Airfit F40 QuietAir | Oxysphair\" \/>\n<meta property=\"og:url\" content=\"https:\/\/www.oxysphair.be\/de\/produits\/schlafapnoe\/cpap-masken\/airfit-f40-quietair\/\" \/>\n<meta property=\"og:site_name\" content=\"Oxysphair\" \/>\n<meta property=\"article:modified_time\" content=\"2026-04-19T12:46:24+00:00\" \/>\n<meta property=\"og:image\" content=\"https:\/\/www.oxysphair.be\/wp-content\/uploads\/2025\/03\/F40-2.jpg\" \/>\n\t<meta property=\"og:image:width\" content=\"487\" \/>\n\t<meta property=\"og:image:height\" content=\"560\" \/>\n\t<meta property=\"og:image:type\" content=\"image\/jpeg\" \/>\n<meta name=\"twitter:card\" content=\"summary_large_image\" \/>\n<meta name=\"twitter:label1\" content=\"Gesch\u00e4tzte Lesezeit\" \/>\n\t<meta name=\"twitter:data1\" content=\"1\u00a0Minute\" \/>\n<script type=\"application\/ld+json\" class=\"yoast-schema-graph\">{\"@context\":\"https:\\\/\\\/schema.org\",\"@graph\":[{\"@type\":\"WebPage\",\"@id\":\"https:\\\/\\\/www.oxysphair.be\\\/de\\\/produits\\\/schlafapnoe\\\/cpap-masken\\\/airfit-f40-quietair\\\/\",\"url\":\"https:\\\/\\\/www.oxysphair.be\\\/de\\\/produits\\\/schlafapnoe\\\/cpap-masken\\\/airfit-f40-quietair\\\/\",\"name\":\"Airfit F40 QuietAir | Oxysphair\",\"isPartOf\":{\"@id\":\"https:\\\/\\\/www.oxysphair.be\\\/de\\\/#website\"},\"primaryImageOfPage\":{\"@id\":\"https:\\\/\\\/www.oxysphair.be\\\/de\\\/produits\\\/schlafapnoe\\\/cpap-masken\\\/airfit-f40-quietair\\\/#primaryimage\"},\"image\":{\"@id\":\"https:\\\/\\\/www.oxysphair.be\\\/de\\\/produits\\\/schlafapnoe\\\/cpap-masken\\\/airfit-f40-quietair\\\/#primaryimage\"},\"thumbnailUrl\":\"https:\\\/\\\/www.oxysphair.be\\\/wp-content\\\/uploads\\\/2025\\\/03\\\/F40-2.jpg\",\"datePublished\":\"2025-05-15T09:45:07+00:00\",\"dateModified\":\"2026-04-19T12:46:24+00:00\",\"breadcrumb\":{\"@id\":\"https:\\\/\\\/www.oxysphair.be\\\/de\\\/produits\\\/schlafapnoe\\\/cpap-masken\\\/airfit-f40-quietair\\\/#breadcrumb\"},\"inLanguage\":\"de\",\"potentialAction\":[{\"@type\":\"ReadAction\",\"target\":[\"https:\\\/\\\/www.oxysphair.be\\\/de\\\/produits\\\/schlafapnoe\\\/cpap-masken\\\/airfit-f40-quietair\\\/\"]}]},{\"@type\":\"ImageObject\",\"inLanguage\":\"de\",\"@id\":\"https:\\\/\\\/www.oxysphair.be\\\/de\\\/produits\\\/schlafapnoe\\\/cpap-masken\\\/airfit-f40-quietair\\\/#primaryimage\",\"url\":\"https:\\\/\\\/www.oxysphair.be\\\/wp-content\\\/uploads\\\/2025\\\/03\\\/F40-2.jpg\",\"contentUrl\":\"https:\\\/\\\/www.oxysphair.be\\\/wp-content\\\/uploads\\\/2025\\\/03\\\/F40-2.jpg\",\"width\":487,\"height\":560},{\"@type\":\"BreadcrumbList\",\"@id\":\"https:\\\/\\\/www.oxysphair.be\\\/de\\\/produits\\\/schlafapnoe\\\/cpap-masken\\\/airfit-f40-quietair\\\/#breadcrumb\",\"itemListElement\":[{\"@type\":\"ListItem\",\"position\":1,\"name\":\"Accueil\",\"item\":\"https:\\\/\\\/www.oxysphair.be\\\/de\\\/\"},{\"@type\":\"ListItem\",\"position\":2,\"name\":\"Produkte\",\"item\":\"https:\\\/\\\/www.oxysphair.be\\\/de\\\/shop-produkte\\\/\"},{\"@type\":\"ListItem\",\"position\":3,\"name\":\"Airfit F40 QuietAir\"}]},{\"@type\":\"WebSite\",\"@id\":\"https:\\\/\\\/www.oxysphair.be\\\/de\\\/#website\",\"url\":\"https:\\\/\\\/www.oxysphair.be\\\/de\\\/\",\"name\":\"Oxysphair\",\"description\":\"\",\"potentialAction\":[{\"@type\":\"SearchAction\",\"target\":{\"@type\":\"EntryPoint\",\"urlTemplate\":\"https:\\\/\\\/www.oxysphair.be\\\/de\\\/?s={search_term_string}\"},\"query-input\":{\"@type\":\"PropertyValueSpecification\",\"valueRequired\":true,\"valueName\":\"search_term_string\"}}],\"inLanguage\":\"de\"}]}<\/script>\n<!-- \/ Yoast SEO plugin. -->","yoast_head_json":{"title":"Airfit F40 QuietAir | Oxysphair","robots":{"index":"index","follow":"follow","max-snippet":"max-snippet:-1","max-image-preview":"max-image-preview:large","max-video-preview":"max-video-preview:-1"},"canonical":"https:\/\/www.oxysphair.be\/de\/produits\/schlafapnoe\/cpap-masken\/airfit-f40-quietair\/","og_locale":"de_DE","og_type":"article","og_title":"Airfit F40 QuietAir | Oxysphair","og_url":"https:\/\/www.oxysphair.be\/de\/produits\/schlafapnoe\/cpap-masken\/airfit-f40-quietair\/","og_site_name":"Oxysphair","article_modified_time":"2026-04-19T12:46:24+00:00","og_image":[{"width":487,"height":560,"url":"https:\/\/www.oxysphair.be\/wp-content\/uploads\/2025\/03\/F40-2.jpg","type":"image\/jpeg"}],"twitter_card":"summary_large_image","twitter_misc":{"Gesch\u00e4tzte Lesezeit":"1\u00a0Minute"},"schema":{"@context":"https:\/\/schema.org","@graph":[{"@type":"WebPage","@id":"https:\/\/www.oxysphair.be\/de\/produits\/schlafapnoe\/cpap-masken\/airfit-f40-quietair\/","url":"https:\/\/www.oxysphair.be\/de\/produits\/schlafapnoe\/cpap-masken\/airfit-f40-quietair\/","name":"Airfit F40 QuietAir | Oxysphair","isPartOf":{"@id":"https:\/\/www.oxysphair.be\/de\/#website"},"primaryImageOfPage":{"@id":"https:\/\/www.oxysphair.be\/de\/produits\/schlafapnoe\/cpap-masken\/airfit-f40-quietair\/#primaryimage"},"image":{"@id":"https:\/\/www.oxysphair.be\/de\/produits\/schlafapnoe\/cpap-masken\/airfit-f40-quietair\/#primaryimage"},"thumbnailUrl":"https:\/\/www.oxysphair.be\/wp-content\/uploads\/2025\/03\/F40-2.jpg","datePublished":"2025-05-15T09:45:07+00:00","dateModified":"2026-04-19T12:46:24+00:00","breadcrumb":{"@id":"https:\/\/www.oxysphair.be\/de\/produits\/schlafapnoe\/cpap-masken\/airfit-f40-quietair\/#breadcrumb"},"inLanguage":"de","potentialAction":[{"@type":"ReadAction","target":["https:\/\/www.oxysphair.be\/de\/produits\/schlafapnoe\/cpap-masken\/airfit-f40-quietair\/"]}]},{"@type":"ImageObject","inLanguage":"de","@id":"https:\/\/www.oxysphair.be\/de\/produits\/schlafapnoe\/cpap-masken\/airfit-f40-quietair\/#primaryimage","url":"https:\/\/www.oxysphair.be\/wp-content\/uploads\/2025\/03\/F40-2.jpg","contentUrl":"https:\/\/www.oxysphair.be\/wp-content\/uploads\/2025\/03\/F40-2.jpg","width":487,"height":560},{"@type":"BreadcrumbList","@id":"https:\/\/www.oxysphair.be\/de\/produits\/schlafapnoe\/cpap-masken\/airfit-f40-quietair\/#breadcrumb","itemListElement":[{"@type":"ListItem","position":1,"name":"Accueil","item":"https:\/\/www.oxysphair.be\/de\/"},{"@type":"ListItem","position":2,"name":"Produkte","item":"https:\/\/www.oxysphair.be\/de\/shop-produkte\/"},{"@type":"ListItem","position":3,"name":"Airfit F40 QuietAir"}]},{"@type":"WebSite","@id":"https:\/\/www.oxysphair.be\/de\/#website","url":"https:\/\/www.oxysphair.be\/de\/","name":"Oxysphair","description":"","potentialAction":[{"@type":"SearchAction","target":{"@type":"EntryPoint","urlTemplate":"https:\/\/www.oxysphair.be\/de\/?s={search_term_string}"},"query-input":{"@type":"PropertyValueSpecification","valueRequired":true,"valueName":"search_term_string"}}],"inLanguage":"de"}]}},"_links":{"self":[{"href":"https:\/\/www.oxysphair.be\/de\/wp-json\/wp\/v2\/product\/262993","targetHints":{"allow":["GET"]}}],"collection":[{"href":"https:\/\/www.oxysphair.be\/de\/wp-json\/wp\/v2\/product"}],"about":[{"href":"https:\/\/www.oxysphair.be\/de\/wp-json\/wp\/v2\/types\/product"}],"replies":[{"embeddable":true,"href":"https:\/\/www.oxysphair.be\/de\/wp-json\/wp\/v2\/comments?post=262993"}],"wp:featuredmedia":[{"embeddable":true,"href":"https:\/\/www.oxysphair.be\/de\/wp-json\/wp\/v2\/media\/260369"}],"wp:attachment":[{"href":"https:\/\/www.oxysphair.be\/de\/wp-json\/wp\/v2\/media?parent=262993"}],"wp:term":[{"taxonomy":"product_brand","embeddable":true,"href":"https:\/\/www.oxysphair.be\/de\/wp-json\/wp\/v2\/product_brand?post=262993"},{"taxonomy":"product_cat","embeddable":true,"href":"https:\/\/www.oxysphair.be\/de\/wp-json\/wp\/v2\/product_cat?post=262993"},{"taxonomy":"product_tag","embeddable":true,"href":"https:\/\/www.oxysphair.be\/de\/wp-json\/wp\/v2\/product_tag?post=262993"}],"curies":[{"name":"wp","href":"https:\/\/api.w.org\/{rel}","templated":true}]}}