{"id":263088,"date":"2025-05-29T14:26:15","date_gmt":"2025-05-29T12:26:15","guid":{"rendered":"https:\/\/www.oxysphair.be\/?post_type=product&#038;p=263088"},"modified":"2026-05-14T20:22:56","modified_gmt":"2026-05-14T18:22:56","slug":"rove-4-tamis-inogen","status":"publish","type":"product","link":"https:\/\/www.oxysphair.be\/de\/produits\/sauerstofftherapie\/zubehor-fur-sauerstofftherapie\/rove-4-tamis-inogen\/","title":{"rendered":"Inogen Rove 4 Tamis"},"content":{"rendered":"<p data-start=\"127\" data-end=\"368\">Les tamis Rove 4 d\u2019Inogen sont des \u00e9l\u00e9ments essentiels au bon fonctionnement du concentrateur d\u2019oxyg\u00e8ne portable Inogen Rove 4. Ils assurent la filtration de l\u2019air ambiant afin de garantir une production d\u2019oxyg\u00e8ne fiable et de haute qualit\u00e9.<\/p>\n<p data-start=\"370\" data-end=\"662\">Les <strong data-start=\"374\" data-end=\"397\">Inogen Rove 4 Tamis<\/strong> sont con\u00e7us pour maintenir les performances optimales de votre concentrateur d\u2019oxyg\u00e8ne portable. En filtrant efficacement les particules et impuret\u00e9s de l\u2019air aspir\u00e9, ils contribuent \u00e0 une oxyg\u00e9noth\u00e9rapie s\u00fbre et constante, aussi bien \u00e0 domicile qu\u2019en d\u00e9placement.<\/p>\n<p data-start=\"664\" data-end=\"934\">Faciles \u00e0 remplacer, ces tamis permettent de prolonger la dur\u00e9e de vie de l\u2019appareil et d\u2019assurer un fonctionnement silencieux et efficace. Leur remplacement r\u00e9gulier est indispensable pour pr\u00e9server la qualit\u00e9 de l\u2019oxyg\u00e8ne d\u00e9livr\u00e9 et le confort d\u2019utilisation du Rove 4.<\/p>\n<h3 data-start=\"936\" data-end=\"1023\">Type de produit<\/h3>\n<p data-start=\"936\" data-end=\"1023\">Tamis de filtration pour concentrateur d\u2019oxyg\u00e8ne portable Inogen.<\/p>\n<h3 data-start=\"1025\" data-end=\"1129\">Compatibilit\u00e9<\/h3>\n<p data-start=\"1025\" data-end=\"1129\">Compatible exclusivement avec le concentrateur d\u2019oxyg\u00e8ne portable <strong data-start=\"1111\" data-end=\"1128\">Inogen Rove 4<\/strong>.<\/p>\n<h3 data-start=\"1131\" data-end=\"1311\">Performance &amp; fiabilit\u00e9<\/h3>\n<p data-start=\"1131\" data-end=\"1311\">Assurent une filtration efficace de l\u2019air ambiant, contribuant \u00e0 une production d\u2019oxyg\u00e8ne stable et conforme aux performances attendues de l\u2019appareil.<\/p>\n","protected":false},"excerpt":{"rendered":"<p>Les tamis Rove 4 d\u2019Inogen sont des \u00e9l\u00e9ments essentiels au bon fonctionnement du concentrateur d\u2019oxyg\u00e8ne portable Inogen Rove 4. Ils assurent la filtration de l\u2019air ambiant afin de garantir une production d\u2019oxyg\u00e8ne fiable et de haute qualit\u00e9. Les Inogen Rove 4 Tamis sont con\u00e7us pour maintenir les performances optimales de votre concentrateur d\u2019oxyg\u00e8ne portable. En [&hellip;]<\/p>\n","protected":false},"featured_media":268556,"comment_status":"closed","ping_status":"closed","template":"","meta":{"_et_pb_use_builder":"","_et_pb_old_content":"","_et_gb_content_width":"","inline_featured_image":false},"product_brand":[242],"product_cat":[30,25],"product_tag":[],"class_list":{"0":"post-263088","1":"product","2":"type-product","3":"status-publish","4":"has-post-thumbnail","6":"product_brand-inogen","7":"product_cat-accessoires-concentrateur-oxygene","8":"product_cat-oxygenotherapie","9":"pa_brand-inogen","11":"first","12":"instock","13":"taxable","14":"shipping-taxable","15":"purchasable","16":"product-type-simple"},"acf":[],"yoast_head":"<!-- This site is optimized with the Yoast SEO plugin v27.6 - https:\/\/yoast.com\/product\/yoast-seo-wordpress\/ -->\n<title>Inogen Rove 4 Tamis | Oxysphair<\/title>\n<meta name=\"robots\" content=\"index, follow, max-snippet:-1, max-image-preview:large, max-video-preview:-1\" \/>\n<link rel=\"canonical\" href=\"https:\/\/www.oxysphair.be\/de\/produits\/sauerstofftherapie\/zubehor-fur-sauerstofftherapie\/rove-4-tamis-inogen\/\" \/>\n<meta property=\"og:locale\" content=\"de_DE\" \/>\n<meta property=\"og:type\" content=\"article\" \/>\n<meta property=\"og:title\" content=\"Inogen Rove 4 Tamis | Oxysphair\" \/>\n<meta property=\"og:description\" content=\"Les tamis Rove 4 d\u2019Inogen sont des \u00e9l\u00e9ments essentiels au bon fonctionnement du concentrateur d\u2019oxyg\u00e8ne portable Inogen Rove 4. Ils assurent la filtration de l\u2019air ambiant afin de garantir une production d\u2019oxyg\u00e8ne fiable et de haute qualit\u00e9. Les Inogen Rove 4 Tamis sont con\u00e7us pour maintenir les performances optimales de votre concentrateur d\u2019oxyg\u00e8ne portable. En [&hellip;]\" \/>\n<meta property=\"og:url\" content=\"https:\/\/www.oxysphair.be\/de\/produits\/sauerstofftherapie\/zubehor-fur-sauerstofftherapie\/rove-4-tamis-inogen\/\" \/>\n<meta property=\"og:site_name\" content=\"Oxysphair\" \/>\n<meta property=\"article:modified_time\" content=\"2026-05-14T18:22:56+00:00\" \/>\n<meta property=\"og:image\" content=\"https:\/\/www.oxysphair.be\/wp-content\/uploads\/2025\/05\/inogen-inogen-rove-4-kolommen-36010161602779.webp\" \/>\n\t<meta property=\"og:image:width\" content=\"1280\" \/>\n\t<meta property=\"og:image:height\" content=\"1024\" \/>\n\t<meta property=\"og:image:type\" content=\"image\/webp\" \/>\n<meta name=\"twitter:card\" content=\"summary_large_image\" \/>\n<meta name=\"twitter:label1\" content=\"Gesch\u00e4tzte Lesezeit\" \/>\n\t<meta name=\"twitter:data1\" content=\"2\u00a0Minuten\" \/>\n<script type=\"application\/ld+json\" class=\"yoast-schema-graph\">{\"@context\":\"https:\\\/\\\/schema.org\",\"@graph\":[{\"@type\":\"WebPage\",\"@id\":\"https:\\\/\\\/www.oxysphair.be\\\/de\\\/produits\\\/sauerstofftherapie\\\/zubehor-fur-sauerstofftherapie\\\/rove-4-tamis-inogen\\\/\",\"url\":\"https:\\\/\\\/www.oxysphair.be\\\/de\\\/produits\\\/sauerstofftherapie\\\/zubehor-fur-sauerstofftherapie\\\/rove-4-tamis-inogen\\\/\",\"name\":\"Inogen Rove 4 Tamis | Oxysphair\",\"isPartOf\":{\"@id\":\"https:\\\/\\\/www.oxysphair.be\\\/de\\\/#website\"},\"primaryImageOfPage\":{\"@id\":\"https:\\\/\\\/www.oxysphair.be\\\/de\\\/produits\\\/sauerstofftherapie\\\/zubehor-fur-sauerstofftherapie\\\/rove-4-tamis-inogen\\\/#primaryimage\"},\"image\":{\"@id\":\"https:\\\/\\\/www.oxysphair.be\\\/de\\\/produits\\\/sauerstofftherapie\\\/zubehor-fur-sauerstofftherapie\\\/rove-4-tamis-inogen\\\/#primaryimage\"},\"thumbnailUrl\":\"https:\\\/\\\/www.oxysphair.be\\\/wp-content\\\/uploads\\\/2025\\\/05\\\/inogen-inogen-rove-4-kolommen-36010161602779.webp\",\"datePublished\":\"2025-05-29T12:26:15+00:00\",\"dateModified\":\"2026-05-14T18:22:56+00:00\",\"breadcrumb\":{\"@id\":\"https:\\\/\\\/www.oxysphair.be\\\/de\\\/produits\\\/sauerstofftherapie\\\/zubehor-fur-sauerstofftherapie\\\/rove-4-tamis-inogen\\\/#breadcrumb\"},\"inLanguage\":\"de\",\"potentialAction\":[{\"@type\":\"ReadAction\",\"target\":[\"https:\\\/\\\/www.oxysphair.be\\\/de\\\/produits\\\/sauerstofftherapie\\\/zubehor-fur-sauerstofftherapie\\\/rove-4-tamis-inogen\\\/\"]}]},{\"@type\":\"ImageObject\",\"inLanguage\":\"de\",\"@id\":\"https:\\\/\\\/www.oxysphair.be\\\/de\\\/produits\\\/sauerstofftherapie\\\/zubehor-fur-sauerstofftherapie\\\/rove-4-tamis-inogen\\\/#primaryimage\",\"url\":\"https:\\\/\\\/www.oxysphair.be\\\/wp-content\\\/uploads\\\/2025\\\/05\\\/inogen-inogen-rove-4-kolommen-36010161602779.webp\",\"contentUrl\":\"https:\\\/\\\/www.oxysphair.be\\\/wp-content\\\/uploads\\\/2025\\\/05\\\/inogen-inogen-rove-4-kolommen-36010161602779.webp\",\"width\":1280,\"height\":1024},{\"@type\":\"BreadcrumbList\",\"@id\":\"https:\\\/\\\/www.oxysphair.be\\\/de\\\/produits\\\/sauerstofftherapie\\\/zubehor-fur-sauerstofftherapie\\\/rove-4-tamis-inogen\\\/#breadcrumb\",\"itemListElement\":[{\"@type\":\"ListItem\",\"position\":1,\"name\":\"Accueil\",\"item\":\"https:\\\/\\\/www.oxysphair.be\\\/de\\\/\"},{\"@type\":\"ListItem\",\"position\":2,\"name\":\"Produkte\",\"item\":\"https:\\\/\\\/www.oxysphair.be\\\/de\\\/shop-produkte\\\/\"},{\"@type\":\"ListItem\",\"position\":3,\"name\":\"Inogen Rove 4 Tamis\"}]},{\"@type\":\"WebSite\",\"@id\":\"https:\\\/\\\/www.oxysphair.be\\\/de\\\/#website\",\"url\":\"https:\\\/\\\/www.oxysphair.be\\\/de\\\/\",\"name\":\"Oxysphair\",\"description\":\"\",\"potentialAction\":[{\"@type\":\"SearchAction\",\"target\":{\"@type\":\"EntryPoint\",\"urlTemplate\":\"https:\\\/\\\/www.oxysphair.be\\\/de\\\/?s={search_term_string}\"},\"query-input\":{\"@type\":\"PropertyValueSpecification\",\"valueRequired\":true,\"valueName\":\"search_term_string\"}}],\"inLanguage\":\"de\"}]}<\/script>\n<!-- \/ Yoast SEO plugin. -->","yoast_head_json":{"title":"Inogen Rove 4 Tamis | Oxysphair","robots":{"index":"index","follow":"follow","max-snippet":"max-snippet:-1","max-image-preview":"max-image-preview:large","max-video-preview":"max-video-preview:-1"},"canonical":"https:\/\/www.oxysphair.be\/de\/produits\/sauerstofftherapie\/zubehor-fur-sauerstofftherapie\/rove-4-tamis-inogen\/","og_locale":"de_DE","og_type":"article","og_title":"Inogen Rove 4 Tamis | Oxysphair","og_description":"Les tamis Rove 4 d\u2019Inogen sont des \u00e9l\u00e9ments essentiels au bon fonctionnement du concentrateur d\u2019oxyg\u00e8ne portable Inogen Rove 4. Ils assurent la filtration de l\u2019air ambiant afin de garantir une production d\u2019oxyg\u00e8ne fiable et de haute qualit\u00e9. Les Inogen Rove 4 Tamis sont con\u00e7us pour maintenir les performances optimales de votre concentrateur d\u2019oxyg\u00e8ne portable. En [&hellip;]","og_url":"https:\/\/www.oxysphair.be\/de\/produits\/sauerstofftherapie\/zubehor-fur-sauerstofftherapie\/rove-4-tamis-inogen\/","og_site_name":"Oxysphair","article_modified_time":"2026-05-14T18:22:56+00:00","og_image":[{"width":1280,"height":1024,"url":"https:\/\/www.oxysphair.be\/wp-content\/uploads\/2025\/05\/inogen-inogen-rove-4-kolommen-36010161602779.webp","type":"image\/webp"}],"twitter_card":"summary_large_image","twitter_misc":{"Gesch\u00e4tzte Lesezeit":"2\u00a0Minuten"},"schema":{"@context":"https:\/\/schema.org","@graph":[{"@type":"WebPage","@id":"https:\/\/www.oxysphair.be\/de\/produits\/sauerstofftherapie\/zubehor-fur-sauerstofftherapie\/rove-4-tamis-inogen\/","url":"https:\/\/www.oxysphair.be\/de\/produits\/sauerstofftherapie\/zubehor-fur-sauerstofftherapie\/rove-4-tamis-inogen\/","name":"Inogen Rove 4 Tamis | Oxysphair","isPartOf":{"@id":"https:\/\/www.oxysphair.be\/de\/#website"},"primaryImageOfPage":{"@id":"https:\/\/www.oxysphair.be\/de\/produits\/sauerstofftherapie\/zubehor-fur-sauerstofftherapie\/rove-4-tamis-inogen\/#primaryimage"},"image":{"@id":"https:\/\/www.oxysphair.be\/de\/produits\/sauerstofftherapie\/zubehor-fur-sauerstofftherapie\/rove-4-tamis-inogen\/#primaryimage"},"thumbnailUrl":"https:\/\/www.oxysphair.be\/wp-content\/uploads\/2025\/05\/inogen-inogen-rove-4-kolommen-36010161602779.webp","datePublished":"2025-05-29T12:26:15+00:00","dateModified":"2026-05-14T18:22:56+00:00","breadcrumb":{"@id":"https:\/\/www.oxysphair.be\/de\/produits\/sauerstofftherapie\/zubehor-fur-sauerstofftherapie\/rove-4-tamis-inogen\/#breadcrumb"},"inLanguage":"de","potentialAction":[{"@type":"ReadAction","target":["https:\/\/www.oxysphair.be\/de\/produits\/sauerstofftherapie\/zubehor-fur-sauerstofftherapie\/rove-4-tamis-inogen\/"]}]},{"@type":"ImageObject","inLanguage":"de","@id":"https:\/\/www.oxysphair.be\/de\/produits\/sauerstofftherapie\/zubehor-fur-sauerstofftherapie\/rove-4-tamis-inogen\/#primaryimage","url":"https:\/\/www.oxysphair.be\/wp-content\/uploads\/2025\/05\/inogen-inogen-rove-4-kolommen-36010161602779.webp","contentUrl":"https:\/\/www.oxysphair.be\/wp-content\/uploads\/2025\/05\/inogen-inogen-rove-4-kolommen-36010161602779.webp","width":1280,"height":1024},{"@type":"BreadcrumbList","@id":"https:\/\/www.oxysphair.be\/de\/produits\/sauerstofftherapie\/zubehor-fur-sauerstofftherapie\/rove-4-tamis-inogen\/#breadcrumb","itemListElement":[{"@type":"ListItem","position":1,"name":"Accueil","item":"https:\/\/www.oxysphair.be\/de\/"},{"@type":"ListItem","position":2,"name":"Produkte","item":"https:\/\/www.oxysphair.be\/de\/shop-produkte\/"},{"@type":"ListItem","position":3,"name":"Inogen Rove 4 Tamis"}]},{"@type":"WebSite","@id":"https:\/\/www.oxysphair.be\/de\/#website","url":"https:\/\/www.oxysphair.be\/de\/","name":"Oxysphair","description":"","potentialAction":[{"@type":"SearchAction","target":{"@type":"EntryPoint","urlTemplate":"https:\/\/www.oxysphair.be\/de\/?s={search_term_string}"},"query-input":{"@type":"PropertyValueSpecification","valueRequired":true,"valueName":"search_term_string"}}],"inLanguage":"de"}]}},"_links":{"self":[{"href":"https:\/\/www.oxysphair.be\/de\/wp-json\/wp\/v2\/product\/263088","targetHints":{"allow":["GET"]}}],"collection":[{"href":"https:\/\/www.oxysphair.be\/de\/wp-json\/wp\/v2\/product"}],"about":[{"href":"https:\/\/www.oxysphair.be\/de\/wp-json\/wp\/v2\/types\/product"}],"replies":[{"embeddable":true,"href":"https:\/\/www.oxysphair.be\/de\/wp-json\/wp\/v2\/comments?post=263088"}],"wp:featuredmedia":[{"embeddable":true,"href":"https:\/\/www.oxysphair.be\/de\/wp-json\/wp\/v2\/media\/268556"}],"wp:attachment":[{"href":"https:\/\/www.oxysphair.be\/de\/wp-json\/wp\/v2\/media?parent=263088"}],"wp:term":[{"taxonomy":"product_brand","embeddable":true,"href":"https:\/\/www.oxysphair.be\/de\/wp-json\/wp\/v2\/product_brand?post=263088"},{"taxonomy":"product_cat","embeddable":true,"href":"https:\/\/www.oxysphair.be\/de\/wp-json\/wp\/v2\/product_cat?post=263088"},{"taxonomy":"product_tag","embeddable":true,"href":"https:\/\/www.oxysphair.be\/de\/wp-json\/wp\/v2\/product_tag?post=263088"}],"curies":[{"name":"wp","href":"https:\/\/api.w.org\/{rel}","templated":true}]}}