{"id":264970,"date":"2025-11-14T18:04:03","date_gmt":"2025-11-14T17:04:03","guid":{"rendered":"https:\/\/www.oxysphair.be\/?post_type=product&#038;p=264970"},"modified":"2026-05-13T16:03:07","modified_gmt":"2026-05-13T14:03:07","slug":"eson-double-bulle-fisher-paykel","status":"publish","type":"product","link":"https:\/\/www.oxysphair.be\/de\/produits\/schlafapnoe\/cpap-masken\/nasal-de\/eson-double-bulle-fisher-paykel\/","title":{"rendered":"Eson Double bulle &#8211; Fisher &#038; Paykel"},"content":{"rendered":"<p data-start=\"92\" data-end=\"300\">La double bulle Eson de Fisher &amp; Paykel est le coussin nasal de remplacement con\u00e7u pour le masque Eson. Elle assure une \u00e9tanch\u00e9it\u00e9 efficace et un confort optimal pour une th\u00e9rapie CPAP stable nuit apr\u00e8s nuit.<\/p>\n<p data-start=\"302\" data-end=\"633\">Le coussin nasal Eson Double Bulle Fisher &amp; Paykel utilise une technologie \u00e0 double paroi qui permet une meilleure adaptation aux contours du visage tout en r\u00e9duisant les fuites d\u2019air. Cette conception am\u00e9liore la r\u00e9partition de la pression sur le nez et limite les points d\u2019inconfort, m\u00eame en cas de mouvements pendant le sommeil.<\/p>\n<p data-start=\"635\" data-end=\"900\">Facile \u00e0 installer et \u00e0 remplacer, la double bulle Eson permet de conserver les performances et le confort d\u2019origine du masque. Elle constitue une solution id\u00e9ale pour prolonger la dur\u00e9e de vie du masque tout en maintenant une th\u00e9rapie CPAP efficace et confortable.<\/p>\n<h3 data-start=\"902\" data-end=\"985\">Type de produit<\/h3>\n<p data-start=\"902\" data-end=\"985\">Coussin nasal \u00e0 double paroi (double bulle) pour masque CPAP.<\/p>\n<h3 data-start=\"987\" data-end=\"1063\">Compatibilit\u00e9<\/h3>\n<p data-start=\"987\" data-end=\"1063\">Compatible avec le masque nasal Eson de Fisher &amp; Paykel.<\/p>\n<h3 data-start=\"1065\" data-end=\"1251\">Confort &amp; \u00e9tanch\u00e9it\u00e9<\/h3>\n<p data-start=\"1065\" data-end=\"1251\">Technologie double bulle assurant une excellente \u00e9tanch\u00e9it\u00e9, une meilleure stabilit\u00e9 du masque et une r\u00e9duction des points de pression pour un confort durable.<\/p>\n<p data-start=\"1253\" data-end=\"1504\">\n","protected":false},"excerpt":{"rendered":"<p>La double bulle Eson de Fisher &amp; Paykel est le coussin nasal de remplacement con\u00e7u pour le masque Eson. Elle assure une \u00e9tanch\u00e9it\u00e9 efficace et un confort optimal pour une th\u00e9rapie CPAP stable nuit apr\u00e8s nuit. Le coussin nasal Eson Double Bulle Fisher &amp; Paykel utilise une technologie \u00e0 double paroi qui permet une meilleure [&hellip;]<\/p>\n","protected":false},"featured_media":267153,"comment_status":"closed","ping_status":"closed","template":"","meta":{"_et_pb_use_builder":"","_et_pb_old_content":"","_et_gb_content_width":"","inline_featured_image":false},"product_brand":[147],"product_cat":[24,85,27,271],"product_tag":[],"class_list":{"0":"post-264970","1":"product","2":"type-product","3":"status-publish","4":"has-post-thumbnail","6":"product_brand-fisher-paykel","7":"product_cat-apnee-sommeil","8":"product_cat-nasal","9":"product_cat-masque-cpap","10":"product_cat-masques-nasaux","11":"pa_brand-fisher-paykel","12":"pa_taille-l","13":"pa_taille-m","14":"pa_taille-s","16":"first","17":"instock","18":"taxable","19":"shipping-taxable","20":"purchasable","21":"product-type-variable","22":"has-default-attributes"},"acf":[],"yoast_head":"<!-- This site is optimized with the Yoast SEO plugin v27.6 - https:\/\/yoast.com\/product\/yoast-seo-wordpress\/ -->\n<title>Eson Double bulle - Fisher &amp; Paykel | Oxysphair<\/title>\n<meta name=\"robots\" content=\"index, follow, max-snippet:-1, max-image-preview:large, max-video-preview:-1\" \/>\n<link rel=\"canonical\" href=\"https:\/\/www.oxysphair.be\/de\/produits\/schlafapnoe\/cpap-masken\/nasal-de\/eson-double-bulle-fisher-paykel\/\" \/>\n<meta property=\"og:locale\" content=\"de_DE\" \/>\n<meta property=\"og:type\" content=\"article\" \/>\n<meta property=\"og:title\" content=\"Eson Double bulle - Fisher &amp; Paykel | Oxysphair\" \/>\n<meta property=\"og:description\" content=\"La double bulle Eson de Fisher &amp; Paykel est le coussin nasal de remplacement con\u00e7u pour le masque Eson. Elle assure une \u00e9tanch\u00e9it\u00e9 efficace et un confort optimal pour une th\u00e9rapie CPAP stable nuit apr\u00e8s nuit. Le coussin nasal Eson Double Bulle Fisher &amp; Paykel utilise une technologie \u00e0 double paroi qui permet une meilleure [&hellip;]\" \/>\n<meta property=\"og:url\" content=\"https:\/\/www.oxysphair.be\/de\/produits\/schlafapnoe\/cpap-masken\/nasal-de\/eson-double-bulle-fisher-paykel\/\" \/>\n<meta property=\"og:site_name\" content=\"Oxysphair\" \/>\n<meta property=\"article:modified_time\" content=\"2026-05-13T14:03:07+00:00\" \/>\n<meta property=\"og:image\" content=\"https:\/\/www.oxysphair.be\/wp-content\/uploads\/2025\/11\/corps-nasal-masque-ppc-eson-2-29883-fisher-paykel-1_700x700.jpg\" \/>\n\t<meta property=\"og:image:width\" content=\"700\" \/>\n\t<meta property=\"og:image:height\" content=\"700\" \/>\n\t<meta property=\"og:image:type\" content=\"image\/jpeg\" \/>\n<meta name=\"twitter:card\" content=\"summary_large_image\" \/>\n<meta name=\"twitter:label1\" content=\"Gesch\u00e4tzte Lesezeit\" \/>\n\t<meta name=\"twitter:data1\" content=\"2\u00a0Minuten\" \/>\n<script type=\"application\/ld+json\" class=\"yoast-schema-graph\">{\"@context\":\"https:\\\/\\\/schema.org\",\"@graph\":[{\"@type\":\"WebPage\",\"@id\":\"https:\\\/\\\/www.oxysphair.be\\\/de\\\/produits\\\/schlafapnoe\\\/cpap-masken\\\/nasal-de\\\/eson-double-bulle-fisher-paykel\\\/\",\"url\":\"https:\\\/\\\/www.oxysphair.be\\\/de\\\/produits\\\/schlafapnoe\\\/cpap-masken\\\/nasal-de\\\/eson-double-bulle-fisher-paykel\\\/\",\"name\":\"Eson Double bulle - Fisher & Paykel | Oxysphair\",\"isPartOf\":{\"@id\":\"https:\\\/\\\/www.oxysphair.be\\\/de\\\/#website\"},\"primaryImageOfPage\":{\"@id\":\"https:\\\/\\\/www.oxysphair.be\\\/de\\\/produits\\\/schlafapnoe\\\/cpap-masken\\\/nasal-de\\\/eson-double-bulle-fisher-paykel\\\/#primaryimage\"},\"image\":{\"@id\":\"https:\\\/\\\/www.oxysphair.be\\\/de\\\/produits\\\/schlafapnoe\\\/cpap-masken\\\/nasal-de\\\/eson-double-bulle-fisher-paykel\\\/#primaryimage\"},\"thumbnailUrl\":\"https:\\\/\\\/www.oxysphair.be\\\/wp-content\\\/uploads\\\/2025\\\/11\\\/corps-nasal-masque-ppc-eson-2-29883-fisher-paykel-1_700x700.jpg\",\"datePublished\":\"2025-11-14T17:04:03+00:00\",\"dateModified\":\"2026-05-13T14:03:07+00:00\",\"breadcrumb\":{\"@id\":\"https:\\\/\\\/www.oxysphair.be\\\/de\\\/produits\\\/schlafapnoe\\\/cpap-masken\\\/nasal-de\\\/eson-double-bulle-fisher-paykel\\\/#breadcrumb\"},\"inLanguage\":\"de\",\"potentialAction\":[{\"@type\":\"ReadAction\",\"target\":[\"https:\\\/\\\/www.oxysphair.be\\\/de\\\/produits\\\/schlafapnoe\\\/cpap-masken\\\/nasal-de\\\/eson-double-bulle-fisher-paykel\\\/\"]}]},{\"@type\":\"ImageObject\",\"inLanguage\":\"de\",\"@id\":\"https:\\\/\\\/www.oxysphair.be\\\/de\\\/produits\\\/schlafapnoe\\\/cpap-masken\\\/nasal-de\\\/eson-double-bulle-fisher-paykel\\\/#primaryimage\",\"url\":\"https:\\\/\\\/www.oxysphair.be\\\/wp-content\\\/uploads\\\/2025\\\/11\\\/corps-nasal-masque-ppc-eson-2-29883-fisher-paykel-1_700x700.jpg\",\"contentUrl\":\"https:\\\/\\\/www.oxysphair.be\\\/wp-content\\\/uploads\\\/2025\\\/11\\\/corps-nasal-masque-ppc-eson-2-29883-fisher-paykel-1_700x700.jpg\",\"width\":700,\"height\":700},{\"@type\":\"BreadcrumbList\",\"@id\":\"https:\\\/\\\/www.oxysphair.be\\\/de\\\/produits\\\/schlafapnoe\\\/cpap-masken\\\/nasal-de\\\/eson-double-bulle-fisher-paykel\\\/#breadcrumb\",\"itemListElement\":[{\"@type\":\"ListItem\",\"position\":1,\"name\":\"Accueil\",\"item\":\"https:\\\/\\\/www.oxysphair.be\\\/de\\\/\"},{\"@type\":\"ListItem\",\"position\":2,\"name\":\"Produkte\",\"item\":\"https:\\\/\\\/www.oxysphair.be\\\/de\\\/shop-produkte\\\/\"},{\"@type\":\"ListItem\",\"position\":3,\"name\":\"Eson Double bulle &#8211; Fisher &#038; Paykel\"}]},{\"@type\":\"WebSite\",\"@id\":\"https:\\\/\\\/www.oxysphair.be\\\/de\\\/#website\",\"url\":\"https:\\\/\\\/www.oxysphair.be\\\/de\\\/\",\"name\":\"Oxysphair\",\"description\":\"\",\"potentialAction\":[{\"@type\":\"SearchAction\",\"target\":{\"@type\":\"EntryPoint\",\"urlTemplate\":\"https:\\\/\\\/www.oxysphair.be\\\/de\\\/?s={search_term_string}\"},\"query-input\":{\"@type\":\"PropertyValueSpecification\",\"valueRequired\":true,\"valueName\":\"search_term_string\"}}],\"inLanguage\":\"de\"}]}<\/script>\n<!-- \/ Yoast SEO plugin. -->","yoast_head_json":{"title":"Eson Double bulle - Fisher & Paykel | Oxysphair","robots":{"index":"index","follow":"follow","max-snippet":"max-snippet:-1","max-image-preview":"max-image-preview:large","max-video-preview":"max-video-preview:-1"},"canonical":"https:\/\/www.oxysphair.be\/de\/produits\/schlafapnoe\/cpap-masken\/nasal-de\/eson-double-bulle-fisher-paykel\/","og_locale":"de_DE","og_type":"article","og_title":"Eson Double bulle - Fisher & Paykel | Oxysphair","og_description":"La double bulle Eson de Fisher &amp; Paykel est le coussin nasal de remplacement con\u00e7u pour le masque Eson. Elle assure une \u00e9tanch\u00e9it\u00e9 efficace et un confort optimal pour une th\u00e9rapie CPAP stable nuit apr\u00e8s nuit. Le coussin nasal Eson Double Bulle Fisher &amp; Paykel utilise une technologie \u00e0 double paroi qui permet une meilleure [&hellip;]","og_url":"https:\/\/www.oxysphair.be\/de\/produits\/schlafapnoe\/cpap-masken\/nasal-de\/eson-double-bulle-fisher-paykel\/","og_site_name":"Oxysphair","article_modified_time":"2026-05-13T14:03:07+00:00","og_image":[{"width":700,"height":700,"url":"https:\/\/www.oxysphair.be\/wp-content\/uploads\/2025\/11\/corps-nasal-masque-ppc-eson-2-29883-fisher-paykel-1_700x700.jpg","type":"image\/jpeg"}],"twitter_card":"summary_large_image","twitter_misc":{"Gesch\u00e4tzte Lesezeit":"2\u00a0Minuten"},"schema":{"@context":"https:\/\/schema.org","@graph":[{"@type":"WebPage","@id":"https:\/\/www.oxysphair.be\/de\/produits\/schlafapnoe\/cpap-masken\/nasal-de\/eson-double-bulle-fisher-paykel\/","url":"https:\/\/www.oxysphair.be\/de\/produits\/schlafapnoe\/cpap-masken\/nasal-de\/eson-double-bulle-fisher-paykel\/","name":"Eson Double bulle - Fisher & Paykel | Oxysphair","isPartOf":{"@id":"https:\/\/www.oxysphair.be\/de\/#website"},"primaryImageOfPage":{"@id":"https:\/\/www.oxysphair.be\/de\/produits\/schlafapnoe\/cpap-masken\/nasal-de\/eson-double-bulle-fisher-paykel\/#primaryimage"},"image":{"@id":"https:\/\/www.oxysphair.be\/de\/produits\/schlafapnoe\/cpap-masken\/nasal-de\/eson-double-bulle-fisher-paykel\/#primaryimage"},"thumbnailUrl":"https:\/\/www.oxysphair.be\/wp-content\/uploads\/2025\/11\/corps-nasal-masque-ppc-eson-2-29883-fisher-paykel-1_700x700.jpg","datePublished":"2025-11-14T17:04:03+00:00","dateModified":"2026-05-13T14:03:07+00:00","breadcrumb":{"@id":"https:\/\/www.oxysphair.be\/de\/produits\/schlafapnoe\/cpap-masken\/nasal-de\/eson-double-bulle-fisher-paykel\/#breadcrumb"},"inLanguage":"de","potentialAction":[{"@type":"ReadAction","target":["https:\/\/www.oxysphair.be\/de\/produits\/schlafapnoe\/cpap-masken\/nasal-de\/eson-double-bulle-fisher-paykel\/"]}]},{"@type":"ImageObject","inLanguage":"de","@id":"https:\/\/www.oxysphair.be\/de\/produits\/schlafapnoe\/cpap-masken\/nasal-de\/eson-double-bulle-fisher-paykel\/#primaryimage","url":"https:\/\/www.oxysphair.be\/wp-content\/uploads\/2025\/11\/corps-nasal-masque-ppc-eson-2-29883-fisher-paykel-1_700x700.jpg","contentUrl":"https:\/\/www.oxysphair.be\/wp-content\/uploads\/2025\/11\/corps-nasal-masque-ppc-eson-2-29883-fisher-paykel-1_700x700.jpg","width":700,"height":700},{"@type":"BreadcrumbList","@id":"https:\/\/www.oxysphair.be\/de\/produits\/schlafapnoe\/cpap-masken\/nasal-de\/eson-double-bulle-fisher-paykel\/#breadcrumb","itemListElement":[{"@type":"ListItem","position":1,"name":"Accueil","item":"https:\/\/www.oxysphair.be\/de\/"},{"@type":"ListItem","position":2,"name":"Produkte","item":"https:\/\/www.oxysphair.be\/de\/shop-produkte\/"},{"@type":"ListItem","position":3,"name":"Eson Double bulle &#8211; Fisher &#038; Paykel"}]},{"@type":"WebSite","@id":"https:\/\/www.oxysphair.be\/de\/#website","url":"https:\/\/www.oxysphair.be\/de\/","name":"Oxysphair","description":"","potentialAction":[{"@type":"SearchAction","target":{"@type":"EntryPoint","urlTemplate":"https:\/\/www.oxysphair.be\/de\/?s={search_term_string}"},"query-input":{"@type":"PropertyValueSpecification","valueRequired":true,"valueName":"search_term_string"}}],"inLanguage":"de"}]}},"_links":{"self":[{"href":"https:\/\/www.oxysphair.be\/de\/wp-json\/wp\/v2\/product\/264970","targetHints":{"allow":["GET"]}}],"collection":[{"href":"https:\/\/www.oxysphair.be\/de\/wp-json\/wp\/v2\/product"}],"about":[{"href":"https:\/\/www.oxysphair.be\/de\/wp-json\/wp\/v2\/types\/product"}],"replies":[{"embeddable":true,"href":"https:\/\/www.oxysphair.be\/de\/wp-json\/wp\/v2\/comments?post=264970"}],"wp:featuredmedia":[{"embeddable":true,"href":"https:\/\/www.oxysphair.be\/de\/wp-json\/wp\/v2\/media\/267153"}],"wp:attachment":[{"href":"https:\/\/www.oxysphair.be\/de\/wp-json\/wp\/v2\/media?parent=264970"}],"wp:term":[{"taxonomy":"product_brand","embeddable":true,"href":"https:\/\/www.oxysphair.be\/de\/wp-json\/wp\/v2\/product_brand?post=264970"},{"taxonomy":"product_cat","embeddable":true,"href":"https:\/\/www.oxysphair.be\/de\/wp-json\/wp\/v2\/product_cat?post=264970"},{"taxonomy":"product_tag","embeddable":true,"href":"https:\/\/www.oxysphair.be\/de\/wp-json\/wp\/v2\/product_tag?post=264970"}],"curies":[{"name":"wp","href":"https:\/\/api.w.org\/{rel}","templated":true}]}}